{"id":83265,"date":"2025-06-05T09:53:48","date_gmt":"2025-06-05T07:53:48","guid":{"rendered":"https:\/\/magnetarmagnets.com\/?post_type=product&#038;p=83265"},"modified":"2026-04-03T19:28:00","modified_gmt":"2026-04-03T17:28:00","slug":"magnety-ve-tvaru-pesce-10-kusu","status":"publish","type":"product","link":"https:\/\/magnetarmagnets.com\/cs\/shop\/magnety-ve-tvaru-pesce-10-kusu\/","title":{"rendered":"Magnety ve tvaru p\u011b\u0161ce &#8211; 10 kus\u016f"},"content":{"rendered":"<strong>Magnetar N50 magnety ve tvaru p\u011b\u0161ce \u2013 V\u00fdkonn\u00e9 a kompaktn\u00ed<\/strong>\n\nMagnetar N50 magnety ve tvaru p\u011b\u0161ce pat\u0159\u00ed mezi nejsiln\u011bj\u0161\u00ed ve sv\u00e9 t\u0159\u00edd\u011b. Tyto mal\u00e9, ale siln\u00e9 magnety jsou ide\u00e1ln\u00ed pro zav\u011b\u0161en\u00ed t\u011b\u017e\u0161\u00edch dokument\u016f, v\u00fdkres\u016f nebo pozn\u00e1mek. D\u00edky siln\u00e9 p\u0159\u00edtahov\u00e9 s\u00edle mohou udr\u017eet a\u017e 16 list\u016f form\u00e1tu A4 (80 g\/m\u00b2) na oceli o tlou\u0161\u0165ce 5 mm. Ide\u00e1ln\u00ed pro pou\u017eit\u00ed na tabul\u00edch, ledni\u010dk\u00e1ch nebo kovov\u00fdch pracovn\u00edch desk\u00e1ch.\n\nTvar p\u011b\u0161ce nab\u00edz\u00ed nejen stylov\u00fd vzhled, ale tak\u00e9 praktick\u00fd \u00fachop, kter\u00fd usnad\u0148uje um\u00edst\u011bn\u00ed a odstran\u011bn\u00ed magnetu. Niklov\u00e9 pokryt\u00ed poskytuje elegantn\u00ed, vysoce leskl\u00fd st\u0159\u00edbrn\u00fd povrch a chr\u00e1n\u00ed magnet p\u0159ed koroz\u00ed, co\u017e zaji\u0161\u0165uje dlouhodob\u00e9 pou\u017eit\u00ed.\n\n<strong>Kl\u00ed\u010dov\u00e9 vlastnosti:<\/strong>\n\n<ul>\n\n  \t<li><strong>Magnetizace N50<\/strong>: V\u00fdjime\u010dn\u00e1 s\u00edla v kompaktn\u00edm proveden\u00ed.<\/li>\n\n  \t<li><strong>Odoln\u00fd design<\/strong>: Niklov\u00e9 pokryt\u00ed pro pr\u00e9miov\u00fd vzhled a ochranu.<\/li>\n\n  \t<li><strong>Rozm\u011bry<\/strong>: pr\u016fm\u011br 12 mm, v\u00fd\u0161ka 16 mm \u2013 mal\u00e9, ale siln\u00e9.<\/li>\n\n  \t<li><strong>P\u0159esn\u00e9 zpracov\u00e1n\u00ed<\/strong>: tolerance +\/- 0,05 mm pro p\u0159esn\u00e9 pou\u017eit\u00ed.<\/li>\n\n  \t<li><strong>Sada 10 kus\u016f<\/strong>: dod\u00e1v\u00e1no v praktick\u00e9 plastov\u00e9 d\u00e1rkov\u00e9 krabi\u010dce.<\/li>\n\n<\/ul>\n\n<strong>Pozn\u00e1mka<\/strong>: Nen\u00ed vhodn\u00e9 pro d\u011bti do 14 let. Po\u017eit\u00ed magnet\u016f m\u016f\u017ee zp\u016fsobit v\u00e1\u017en\u00e1 zran\u011bn\u00ed. Uchov\u00e1vejte mimo dosah d\u011bt\u00ed.\n\nS t\u011bmito siln\u00fdmi magnety Magnetar ve tvaru p\u011b\u0161ce m\u016f\u017eete bezpe\u010dn\u011b upevnit v\u0161e bez kompromis\u016f ve stylu nebo pohodl\u00ed.","protected":false},"excerpt":{"rendered":"<p><span style=\"font-weight: 400;\">Tyto magnety Magnetar jsou vyrobeny z <strong>neodymu<\/strong>, jednoho z <strong>nejsiln\u011bj\u0161\u00edch materi\u00e1l\u016f<\/strong> pro v\u00fdrobu magnet\u016f, co\u017e je \u010din\u00ed velmi siln\u00fdmi vzhledem k jejich velikosti! Magnety jsou pokryty niklem, co\u017e jim dod\u00e1v\u00e1 <strong>lesk<\/strong>. Velmi praktick\u00e9 magnety pro zav\u011b\u0161en\u00ed mnoha pap\u00edr\u016f.<\/span><\/p>\n","protected":false},"featured_media":77656,"comment_status":"open","ping_status":"closed","template":"","meta":{"_acf_changed":false,"inline_featured_image":false},"product_brand":[],"product_cat":[592,588],"product_tag":[],"class_list":{"0":"post-83265","1":"product","2":"type-product","3":"status-publish","4":"has-post-thumbnail","6":"product_cat-akcesoria-magnetyczne","7":"product_cat-sprzet","9":"first","10":"instock","11":"taxable","12":"shipping-taxable","13":"purchasable","14":"product-type-simple"},"acf":[],"yoast_head":"<!-- This site is optimized with the Yoast SEO plugin v27.3 - https:\/\/yoast.com\/product\/yoast-seo-wordpress\/ -->\n<title>Magnety ve tvaru p\u011b\u0161ce - 10 kus\u016f - Magnet fishing with a Magnetar fishing magnet<\/title>\n<meta name=\"description\" content=\"Magnety ve tvaru p\u011b\u0161ce - 10 kus\u016f S t\u011bmito siln\u00fdmi magnety Magnetar ve tvaru p\u011b\u0161ce m\u016f\u017eete bezpe\u010dn\u011b upevnit v\u0161e bez kompromis\u016f ve stylu nebo pohodl\u00ed.\" \/>\n<meta name=\"robots\" content=\"index, follow, max-snippet:-1, max-image-preview:large, max-video-preview:-1\" \/>\n<link rel=\"canonical\" href=\"https:\/\/magnetarmagnets.com\/cs\/shop\/magnety-ve-tvaru-pesce-10-kusu\/\" \/>\n<meta property=\"og:locale\" content=\"cs_CZ\" \/>\n<meta property=\"og:type\" content=\"article\" \/>\n<meta property=\"og:title\" content=\"Magnety ve tvaru p\u011b\u0161ce - 10 kus\u016f - Magnet fishing with a Magnetar fishing magnet\" \/>\n<meta property=\"og:description\" content=\"Magnety ve tvaru p\u011b\u0161ce - 10 kus\u016f S t\u011bmito siln\u00fdmi magnety Magnetar ve tvaru p\u011b\u0161ce m\u016f\u017eete bezpe\u010dn\u011b upevnit v\u0161e bez kompromis\u016f ve stylu nebo pohodl\u00ed.\" \/>\n<meta property=\"og:url\" content=\"https:\/\/magnetarmagnets.com\/cs\/shop\/magnety-ve-tvaru-pesce-10-kusu\/\" \/>\n<meta property=\"og:site_name\" content=\"Magnet fishing with a Magnetar fishing magnet\" \/>\n<meta property=\"article:publisher\" content=\"https:\/\/www.facebook.com\/fishingmagnets\/\" \/>\n<meta property=\"article:modified_time\" content=\"2026-04-03T17:28:00+00:00\" \/>\n<meta property=\"og:image\" content=\"https:\/\/magnetarmagnets.com\/wp-content\/uploads\/2020\/10\/Pion-magneet.jpg\" \/>\n\t<meta property=\"og:image:width\" content=\"1000\" \/>\n\t<meta property=\"og:image:height\" content=\"1000\" \/>\n\t<meta property=\"og:image:type\" content=\"image\/jpeg\" \/>\n<meta name=\"twitter:card\" content=\"summary_large_image\" \/>\n<meta name=\"twitter:label1\" content=\"Odhadovan\u00e1 doba \u010dten\u00ed\" \/>\n\t<meta name=\"twitter:data1\" content=\"2 minuty\" \/>\n<script type=\"application\/ld+json\" class=\"yoast-schema-graph\">{\"@context\":\"https:\\\/\\\/schema.org\",\"@graph\":[{\"@type\":[\"WebPage\",\"ItemPage\"],\"@id\":\"https:\\\/\\\/magnetarmagnets.com\\\/cs\\\/shop\\\/magnety-ve-tvaru-pesce-10-kusu\\\/\",\"url\":\"https:\\\/\\\/magnetarmagnets.com\\\/cs\\\/shop\\\/magnety-ve-tvaru-pesce-10-kusu\\\/\",\"name\":\"Magnety ve tvaru p\u011b\u0161ce - 10 kus\u016f - Magnet fishing with a Magnetar fishing magnet\",\"isPartOf\":{\"@id\":\"https:\\\/\\\/magnetarmagnets.com\\\/cs\\\/#website\"},\"primaryImageOfPage\":{\"@id\":\"https:\\\/\\\/magnetarmagnets.com\\\/cs\\\/shop\\\/magnety-ve-tvaru-pesce-10-kusu\\\/#primaryimage\"},\"image\":{\"@id\":\"https:\\\/\\\/magnetarmagnets.com\\\/cs\\\/shop\\\/magnety-ve-tvaru-pesce-10-kusu\\\/#primaryimage\"},\"thumbnailUrl\":\"https:\\\/\\\/magnetarmagnets.com\\\/wp-content\\\/uploads\\\/2020\\\/10\\\/Pion-magneet.jpg\",\"datePublished\":\"2025-06-05T07:53:48+00:00\",\"dateModified\":\"2026-04-03T17:28:00+00:00\",\"description\":\"Magnety ve tvaru p\u011b\u0161ce - 10 kus\u016f S t\u011bmito siln\u00fdmi magnety Magnetar ve tvaru p\u011b\u0161ce m\u016f\u017eete bezpe\u010dn\u011b upevnit v\u0161e bez kompromis\u016f ve stylu nebo pohodl\u00ed.\",\"breadcrumb\":{\"@id\":\"https:\\\/\\\/magnetarmagnets.com\\\/cs\\\/shop\\\/magnety-ve-tvaru-pesce-10-kusu\\\/#breadcrumb\"},\"inLanguage\":\"cs\",\"potentialAction\":[{\"@type\":\"ReadAction\",\"target\":[\"https:\\\/\\\/magnetarmagnets.com\\\/cs\\\/shop\\\/magnety-ve-tvaru-pesce-10-kusu\\\/\"]}]},{\"@type\":\"ImageObject\",\"inLanguage\":\"cs\",\"@id\":\"https:\\\/\\\/magnetarmagnets.com\\\/cs\\\/shop\\\/magnety-ve-tvaru-pesce-10-kusu\\\/#primaryimage\",\"url\":\"https:\\\/\\\/magnetarmagnets.com\\\/wp-content\\\/uploads\\\/2020\\\/10\\\/Pion-magneet.jpg\",\"contentUrl\":\"https:\\\/\\\/magnetarmagnets.com\\\/wp-content\\\/uploads\\\/2020\\\/10\\\/Pion-magneet.jpg\",\"width\":1000,\"height\":1000,\"caption\":\"Pawn magnet\"},{\"@type\":\"BreadcrumbList\",\"@id\":\"https:\\\/\\\/magnetarmagnets.com\\\/cs\\\/shop\\\/magnety-ve-tvaru-pesce-10-kusu\\\/#breadcrumb\",\"itemListElement\":[{\"@type\":\"ListItem\",\"position\":1,\"name\":\"Home\",\"item\":\"https:\\\/\\\/magnetarmagnets.com\\\/cs\\\/\"},{\"@type\":\"ListItem\",\"position\":2,\"name\":\"Obchod\",\"item\":\"https:\\\/\\\/magnetarmagnets.com\\\/obchod\\\/\"},{\"@type\":\"ListItem\",\"position\":3,\"name\":\"Vybaven\u00ed\",\"item\":\"https:\\\/\\\/magnetarmagnets.com\\\/cs\\\/collections\\\/vybaveni\\\/\"},{\"@type\":\"ListItem\",\"position\":4,\"name\":\"Magnetick\u00e9 dopl\u0148ky\",\"item\":\"https:\\\/\\\/magnetarmagnets.com\\\/cs\\\/collections\\\/vybaveni\\\/magneticke-doplnky\\\/\"},{\"@type\":\"ListItem\",\"position\":5,\"name\":\"Magnety ve tvaru p\u011b\u0161ce &#8211; 10 kus\u016f\"}]},{\"@type\":\"WebSite\",\"@id\":\"https:\\\/\\\/magnetarmagnets.com\\\/cs\\\/#website\",\"url\":\"https:\\\/\\\/magnetarmagnets.com\\\/cs\\\/\",\"name\":\"Magnet fishing with a Magnetar fishing magnet\",\"description\":\"Siln\u00e9 magnety na magnet fishing\",\"publisher\":{\"@id\":\"https:\\\/\\\/magnetarmagnets.com\\\/cs\\\/#organization\"},\"potentialAction\":[{\"@type\":\"SearchAction\",\"target\":{\"@type\":\"EntryPoint\",\"urlTemplate\":\"https:\\\/\\\/magnetarmagnets.com\\\/cs\\\/?s={search_term_string}\"},\"query-input\":{\"@type\":\"PropertyValueSpecification\",\"valueRequired\":true,\"valueName\":\"search_term_string\"}}],\"inLanguage\":\"cs\"},{\"@type\":\"Organization\",\"@id\":\"https:\\\/\\\/magnetarmagnets.com\\\/cs\\\/#organization\",\"name\":\"Magnetar\",\"url\":\"https:\\\/\\\/magnetarmagnets.com\\\/cs\\\/\",\"logo\":{\"@type\":\"ImageObject\",\"inLanguage\":\"cs\",\"@id\":\"https:\\\/\\\/magnetarmagnets.com\\\/cs\\\/#\\\/schema\\\/logo\\\/image\\\/\",\"url\":\"https:\\\/\\\/magnetarmagnets.com\\\/wp-content\\\/uploads\\\/2025\\\/05\\\/Logo-03_PNG-Black-scaled.png\",\"contentUrl\":\"https:\\\/\\\/magnetarmagnets.com\\\/wp-content\\\/uploads\\\/2025\\\/05\\\/Logo-03_PNG-Black-scaled.png\",\"width\":2560,\"height\":1658,\"caption\":\"Magnetar\"},\"image\":{\"@id\":\"https:\\\/\\\/magnetarmagnets.com\\\/cs\\\/#\\\/schema\\\/logo\\\/image\\\/\"},\"sameAs\":[\"https:\\\/\\\/www.facebook.com\\\/fishingmagnets\\\/\",\"https:\\\/\\\/www.instagram.com\\\/magnetar_magnets\\\/\",\"https:\\\/\\\/www.linkedin.com\\\/company\\\/magnetarbv\\\/?originalSubdomain=nl\",\"https:\\\/\\\/www.youtube.com\\\/c\\\/MagnetarVismagneet\"]}]}<\/script>\n<!-- \/ Yoast SEO plugin. -->","yoast_head_json":{"title":"Magnety ve tvaru p\u011b\u0161ce - 10 kus\u016f - Magnet fishing with a Magnetar fishing magnet","description":"Magnety ve tvaru p\u011b\u0161ce - 10 kus\u016f S t\u011bmito siln\u00fdmi magnety Magnetar ve tvaru p\u011b\u0161ce m\u016f\u017eete bezpe\u010dn\u011b upevnit v\u0161e bez kompromis\u016f ve stylu nebo pohodl\u00ed.","robots":{"index":"index","follow":"follow","max-snippet":"max-snippet:-1","max-image-preview":"max-image-preview:large","max-video-preview":"max-video-preview:-1"},"canonical":"https:\/\/magnetarmagnets.com\/cs\/shop\/magnety-ve-tvaru-pesce-10-kusu\/","og_locale":"cs_CZ","og_type":"article","og_title":"Magnety ve tvaru p\u011b\u0161ce - 10 kus\u016f - Magnet fishing with a Magnetar fishing magnet","og_description":"Magnety ve tvaru p\u011b\u0161ce - 10 kus\u016f S t\u011bmito siln\u00fdmi magnety Magnetar ve tvaru p\u011b\u0161ce m\u016f\u017eete bezpe\u010dn\u011b upevnit v\u0161e bez kompromis\u016f ve stylu nebo pohodl\u00ed.","og_url":"https:\/\/magnetarmagnets.com\/cs\/shop\/magnety-ve-tvaru-pesce-10-kusu\/","og_site_name":"Magnet fishing with a Magnetar fishing magnet","article_publisher":"https:\/\/www.facebook.com\/fishingmagnets\/","article_modified_time":"2026-04-03T17:28:00+00:00","og_image":[{"width":1000,"height":1000,"url":"https:\/\/magnetarmagnets.com\/wp-content\/uploads\/2020\/10\/Pion-magneet.jpg","type":"image\/jpeg"}],"twitter_card":"summary_large_image","twitter_misc":{"Odhadovan\u00e1 doba \u010dten\u00ed":"2 minuty"},"schema":{"@context":"https:\/\/schema.org","@graph":[{"@type":["WebPage","ItemPage"],"@id":"https:\/\/magnetarmagnets.com\/cs\/shop\/magnety-ve-tvaru-pesce-10-kusu\/","url":"https:\/\/magnetarmagnets.com\/cs\/shop\/magnety-ve-tvaru-pesce-10-kusu\/","name":"Magnety ve tvaru p\u011b\u0161ce - 10 kus\u016f - Magnet fishing with a Magnetar fishing magnet","isPartOf":{"@id":"https:\/\/magnetarmagnets.com\/cs\/#website"},"primaryImageOfPage":{"@id":"https:\/\/magnetarmagnets.com\/cs\/shop\/magnety-ve-tvaru-pesce-10-kusu\/#primaryimage"},"image":{"@id":"https:\/\/magnetarmagnets.com\/cs\/shop\/magnety-ve-tvaru-pesce-10-kusu\/#primaryimage"},"thumbnailUrl":"https:\/\/magnetarmagnets.com\/wp-content\/uploads\/2020\/10\/Pion-magneet.jpg","datePublished":"2025-06-05T07:53:48+00:00","dateModified":"2026-04-03T17:28:00+00:00","description":"Magnety ve tvaru p\u011b\u0161ce - 10 kus\u016f S t\u011bmito siln\u00fdmi magnety Magnetar ve tvaru p\u011b\u0161ce m\u016f\u017eete bezpe\u010dn\u011b upevnit v\u0161e bez kompromis\u016f ve stylu nebo pohodl\u00ed.","breadcrumb":{"@id":"https:\/\/magnetarmagnets.com\/cs\/shop\/magnety-ve-tvaru-pesce-10-kusu\/#breadcrumb"},"inLanguage":"cs","potentialAction":[{"@type":"ReadAction","target":["https:\/\/magnetarmagnets.com\/cs\/shop\/magnety-ve-tvaru-pesce-10-kusu\/"]}]},{"@type":"ImageObject","inLanguage":"cs","@id":"https:\/\/magnetarmagnets.com\/cs\/shop\/magnety-ve-tvaru-pesce-10-kusu\/#primaryimage","url":"https:\/\/magnetarmagnets.com\/wp-content\/uploads\/2020\/10\/Pion-magneet.jpg","contentUrl":"https:\/\/magnetarmagnets.com\/wp-content\/uploads\/2020\/10\/Pion-magneet.jpg","width":1000,"height":1000,"caption":"Pawn magnet"},{"@type":"BreadcrumbList","@id":"https:\/\/magnetarmagnets.com\/cs\/shop\/magnety-ve-tvaru-pesce-10-kusu\/#breadcrumb","itemListElement":[{"@type":"ListItem","position":1,"name":"Home","item":"https:\/\/magnetarmagnets.com\/cs\/"},{"@type":"ListItem","position":2,"name":"Obchod","item":"https:\/\/magnetarmagnets.com\/obchod\/"},{"@type":"ListItem","position":3,"name":"Vybaven\u00ed","item":"https:\/\/magnetarmagnets.com\/cs\/collections\/vybaveni\/"},{"@type":"ListItem","position":4,"name":"Magnetick\u00e9 dopl\u0148ky","item":"https:\/\/magnetarmagnets.com\/cs\/collections\/vybaveni\/magneticke-doplnky\/"},{"@type":"ListItem","position":5,"name":"Magnety ve tvaru p\u011b\u0161ce &#8211; 10 kus\u016f"}]},{"@type":"WebSite","@id":"https:\/\/magnetarmagnets.com\/cs\/#website","url":"https:\/\/magnetarmagnets.com\/cs\/","name":"Magnet fishing with a Magnetar fishing magnet","description":"Siln\u00e9 magnety na magnet fishing","publisher":{"@id":"https:\/\/magnetarmagnets.com\/cs\/#organization"},"potentialAction":[{"@type":"SearchAction","target":{"@type":"EntryPoint","urlTemplate":"https:\/\/magnetarmagnets.com\/cs\/?s={search_term_string}"},"query-input":{"@type":"PropertyValueSpecification","valueRequired":true,"valueName":"search_term_string"}}],"inLanguage":"cs"},{"@type":"Organization","@id":"https:\/\/magnetarmagnets.com\/cs\/#organization","name":"Magnetar","url":"https:\/\/magnetarmagnets.com\/cs\/","logo":{"@type":"ImageObject","inLanguage":"cs","@id":"https:\/\/magnetarmagnets.com\/cs\/#\/schema\/logo\/image\/","url":"https:\/\/magnetarmagnets.com\/wp-content\/uploads\/2025\/05\/Logo-03_PNG-Black-scaled.png","contentUrl":"https:\/\/magnetarmagnets.com\/wp-content\/uploads\/2025\/05\/Logo-03_PNG-Black-scaled.png","width":2560,"height":1658,"caption":"Magnetar"},"image":{"@id":"https:\/\/magnetarmagnets.com\/cs\/#\/schema\/logo\/image\/"},"sameAs":["https:\/\/www.facebook.com\/fishingmagnets\/","https:\/\/www.instagram.com\/magnetar_magnets\/","https:\/\/www.linkedin.com\/company\/magnetarbv\/?originalSubdomain=nl","https:\/\/www.youtube.com\/c\/MagnetarVismagneet"]}]}},"_links":{"self":[{"href":"https:\/\/magnetarmagnets.com\/cs\/wp-json\/wp\/v2\/product\/83265","targetHints":{"allow":["GET"]}}],"collection":[{"href":"https:\/\/magnetarmagnets.com\/cs\/wp-json\/wp\/v2\/product"}],"about":[{"href":"https:\/\/magnetarmagnets.com\/cs\/wp-json\/wp\/v2\/types\/product"}],"replies":[{"embeddable":true,"href":"https:\/\/magnetarmagnets.com\/cs\/wp-json\/wp\/v2\/comments?post=83265"}],"version-history":[{"count":1,"href":"https:\/\/magnetarmagnets.com\/cs\/wp-json\/wp\/v2\/product\/83265\/revisions"}],"predecessor-version":[{"id":95247,"href":"https:\/\/magnetarmagnets.com\/cs\/wp-json\/wp\/v2\/product\/83265\/revisions\/95247"}],"wp:featuredmedia":[{"embeddable":true,"href":"https:\/\/magnetarmagnets.com\/cs\/wp-json\/wp\/v2\/media\/77656"}],"wp:attachment":[{"href":"https:\/\/magnetarmagnets.com\/cs\/wp-json\/wp\/v2\/media?parent=83265"}],"wp:term":[{"taxonomy":"product_brand","embeddable":true,"href":"https:\/\/magnetarmagnets.com\/cs\/wp-json\/wp\/v2\/product_brand?post=83265"},{"taxonomy":"product_cat","embeddable":true,"href":"https:\/\/magnetarmagnets.com\/cs\/wp-json\/wp\/v2\/product_cat?post=83265"},{"taxonomy":"product_tag","embeddable":true,"href":"https:\/\/magnetarmagnets.com\/cs\/wp-json\/wp\/v2\/product_tag?post=83265"}],"curies":[{"name":"wp","href":"https:\/\/api.w.org\/{rel}","templated":true}]}}