{"id":83264,"date":"2025-07-28T10:07:18","date_gmt":"2025-07-28T08:07:18","guid":{"rendered":"https:\/\/magnetarmagnets.com\/?post_type=product&#038;p=83264"},"modified":"2025-07-29T12:17:05","modified_gmt":"2025-07-29T10:17:05","slug":"sada-samolepek-magnetfishing","status":"publish","type":"product","link":"https:\/\/magnetarmagnets.com\/cs\/shop\/sada-samolepek-magnetfishing\/","title":{"rendered":"Sada samolepek Magnetfishing"},"content":{"rendered":"<h2>Sada samolepek od Magnetar<\/h2>\n\nTato sada obsahuje dva samostatn\u00e9 archy samolepek, na kter\u00fdch je vid\u011bt magnetick\u00fd ryb\u00e1\u0159 a logo Magnetar.\n\nTyto samolepky jsou opat\u0159eny ochrannou vrstvou, tak\u017ee je lze pou\u017e\u00edt jak uvnit\u0159, tak venku. Oba archy jsou vod\u011bodoln\u00e9 a lze je pou\u017e\u00edt na mnoha r\u016fzn\u00fdch hladk\u00fdch a \u010dist\u00fdch povr\u0161\u00edch.\n\n\n\n<strong>Specifikace:<\/strong>\n\n\n\n&#8211; 1 samolepka s logem Magnetar 25 cm x 16,5 cm (extra velk\u00e1!)\n\n&#8211; 1 samolepka s magnetick\u00fdm ryb\u00e1\u0159em Magnetar 25 cm x 12,5 cm\n\n&#8211; Snadn\u00e1 aplikace\n\n&#8211; P\u0159enosn\u00e1 samolepka\n\n&#8211; Vod\u011bodoln\u00e1\n\n&#8211; Barva: b\u00edl\u00e1\n\n<h2>Ozdobte sv\u00e9 vozidlo!<\/h2>\n\nUd\u011blejte ze sv\u00e9ho auta v\u00fdjime\u010dn\u00e9 vozidlo a napl\u0148te ho originalitou a osobnost\u00ed, aby ka\u017ed\u00fd v\u011bd\u011bl, kdo v n\u011bm je, d\u00edky va\u0161im samolepk\u00e1m Magnetar!\n\n\n\nTyto samolepky lze velmi dob\u0159e pou\u017e\u00edt jako samolepky na auto. Nap\u0159\u00edklad m\u016f\u017eete samolepky Magnetar pou\u017e\u00edt tak\u00e9 na motocykl, sk\u00fatr nebo p\u0159\u00edv\u011bs. Na\u0161e samolepky na auto odol\u00e1vaj\u00ed v\u0161em pov\u011btrnostn\u00edm podm\u00ednk\u00e1m a jsou vysoce kvalitn\u00ed.\n\n<h2>Zaujm\u011bte svou samolepkou na okno, kontejner &#8230;<\/h2>\n\nKrom\u011b auta je mnoho dal\u0161\u00edch kr\u00e1sn\u00fdch m\u00edst, kde tyto samolepky Magnetar dob\u0159e zapadnou. Zva\u017ete nap\u0159\u00edklad okno va\u0161eho domu, k\u016flnu nebo dve\u0159e. Dal\u0161\u00edm m\u00edstem, kde se na\u0161e samolepky \u010dasto pou\u017e\u00edvaj\u00ed, jsou kontejnery a popelnice. Rychle rozpoznejte svou vlastn\u00ed popelnici s hezkou samolepkou va\u0161eho kon\u00ed\u010dku: <a href=\"https:\/\/magnetarmagnets.com\/\" target=\"_blank\" rel=\"noopener\">magnet fishing<\/a>! Tyto odoln\u00e9 samolepky proti pov\u011btrnostn\u00edm vliv\u016fm se snadno aplikuj\u00ed na v\u0161echny hladk\u00e9 povrchy. Tak\u00e9 p\u011bkn\u00e9 uvnit\u0159 na dve\u0159\u00edch nebo sk\u0159\u00edn\u00edch, nap\u0159\u00edklad.\n\n<h2>Tipy pro podklad a aplikaci<\/h2>\n\n<ol>\n\n  \t<li>V\u017edy vyberte rovn\u00fd\/hladk\u00fd povrch;<\/li>\n\n  \t<li>Vy\u010dist\u011bte povrch, aby na n\u011bm nez\u016fstala prach ani mastnota;<\/li>\n\n  \t<li>Nechte povrch uschnout;<\/li>\n\n  \t<li>Aplikujte samolepku na \u010dist\u00fd povrch;<\/li>\n\n  \t<li>Pot\u00e9 samolepku uhlad\u0165e (pevnou kartou nebo kartou, jako je va\u0161e platebn\u00ed karta);<\/li>\n\n  \t<li>Tento postup n\u011bkolikr\u00e1t opakujte a zkontrolujte, zda se nevytvo\u0159ily vzduchov\u00e9 bubliny. Pokud ano, odstra\u0148te je;<\/li>\n\n  \t<li>T\u00e1hn\u011bte zadn\u00ed \u010d\u00e1st samolepky diagon\u00e1ln\u011b dol\u016f z lev\u00e9ho horn\u00edho rohu do prav\u00e9ho doln\u00edho rohu;<\/li>\n\n  \t<li>Pot\u00e9 si u\u017eijte v\u00fdsledn\u00fd efekt!<\/li>\n\n<\/ol>","protected":false},"excerpt":{"rendered":"<p>Tato sada obsahuje <strong>dv\u011b samostatn\u00e9 archy samolepek<\/strong>. Logo ryby Magnetar\u00ae a magnetick\u00fd ryb\u00e1\u0159 d\u00e1vaj\u00ed v\u0161em najevo, \u017ee jste opravdov\u00fd magnetick\u00fd ryb\u00e1\u0159! <strong>Skv\u011bl\u00fd dopln\u011bk<\/strong> pro va\u0161e vozidlo, chladni\u010dku, domov nebo pr\u00e1ci, tato samolepka Magnetar je vyti\u0161t\u011bna na vinylu s UV-odoln\u00fdmi inkousty pro <strong>dlouhotrvaj\u00edc\u00ed kr\u00e1sn\u00fd vzhled<\/strong>. Nav\u00edc <strong>trval\u00e9 lepidlo<\/strong> zaji\u0161\u0165uje, \u017ee tato n\u00e1lepka z\u016fstane na sv\u00e9m m\u00edst\u011b.<\/p>\n","protected":false},"featured_media":52989,"comment_status":"open","ping_status":"closed","template":"","meta":{"_acf_changed":false,"inline_featured_image":false},"product_brand":[],"product_cat":[565,563],"product_tag":[],"class_list":{"0":"post-83264","1":"product","2":"type-product","3":"status-publish","4":"has-post-thumbnail","6":"product_cat-merch","7":"product_cat-vybaveni","9":"first","10":"outofstock","11":"sale","12":"taxable","13":"shipping-taxable","14":"purchasable","15":"product-type-simple"},"acf":[],"yoast_head":"<!-- This site is optimized with the Yoast SEO plugin v27.3 - https:\/\/yoast.com\/product\/yoast-seo-wordpress\/ -->\n<title>Sada samolepek Magnetfishing - Magnet fishing with a Magnetar fishing magnet<\/title>\n<meta name=\"description\" content=\"Sada samolepek Magnetfishing - p\u0159izp\u016fsobte si s Magnetar\" \/>\n<meta name=\"robots\" content=\"index, follow, max-snippet:-1, max-image-preview:large, max-video-preview:-1\" \/>\n<link rel=\"canonical\" href=\"https:\/\/magnetarmagnets.com\/cs\/shop\/sada-samolepek-magnetfishing\/\" \/>\n<meta property=\"og:locale\" content=\"cs_CZ\" \/>\n<meta property=\"og:type\" content=\"article\" \/>\n<meta property=\"og:title\" content=\"Sada samolepek Magnetfishing - Magnet fishing with a Magnetar fishing magnet\" \/>\n<meta property=\"og:description\" content=\"Sada samolepek Magnetfishing - p\u0159izp\u016fsobte si s Magnetar\" \/>\n<meta property=\"og:url\" content=\"https:\/\/magnetarmagnets.com\/cs\/shop\/sada-samolepek-magnetfishing\/\" \/>\n<meta property=\"og:site_name\" content=\"Magnet fishing with a Magnetar fishing magnet\" \/>\n<meta property=\"article:publisher\" content=\"https:\/\/www.facebook.com\/fishingmagnets\/\" \/>\n<meta property=\"article:modified_time\" content=\"2025-07-29T10:17:05+00:00\" \/>\n<meta property=\"og:image\" content=\"https:\/\/magnetarmagnets.com\/wp-content\/uploads\/2021\/04\/magnetar-car-sticker.jpg\" \/>\n\t<meta property=\"og:image:width\" content=\"1000\" \/>\n\t<meta property=\"og:image:height\" content=\"1000\" \/>\n\t<meta property=\"og:image:type\" content=\"image\/jpeg\" \/>\n<meta name=\"twitter:card\" content=\"summary_large_image\" \/>\n<meta name=\"twitter:label1\" content=\"Odhadovan\u00e1 doba \u010dten\u00ed\" \/>\n\t<meta name=\"twitter:data1\" content=\"2 minuty\" \/>\n<script type=\"application\/ld+json\" class=\"yoast-schema-graph\">{\"@context\":\"https:\\\/\\\/schema.org\",\"@graph\":[{\"@type\":[\"WebPage\",\"ItemPage\"],\"@id\":\"https:\\\/\\\/magnetarmagnets.com\\\/cs\\\/shop\\\/sada-samolepek-magnetfishing\\\/\",\"url\":\"https:\\\/\\\/magnetarmagnets.com\\\/cs\\\/shop\\\/sada-samolepek-magnetfishing\\\/\",\"name\":\"Sada samolepek Magnetfishing - Magnet fishing with a Magnetar fishing magnet\",\"isPartOf\":{\"@id\":\"https:\\\/\\\/magnetarmagnets.com\\\/cs\\\/#website\"},\"primaryImageOfPage\":{\"@id\":\"https:\\\/\\\/magnetarmagnets.com\\\/cs\\\/shop\\\/sada-samolepek-magnetfishing\\\/#primaryimage\"},\"image\":{\"@id\":\"https:\\\/\\\/magnetarmagnets.com\\\/cs\\\/shop\\\/sada-samolepek-magnetfishing\\\/#primaryimage\"},\"thumbnailUrl\":\"https:\\\/\\\/magnetarmagnets.com\\\/wp-content\\\/uploads\\\/2021\\\/04\\\/magnetar-car-sticker.jpg\",\"datePublished\":\"2025-07-28T08:07:18+00:00\",\"dateModified\":\"2025-07-29T10:17:05+00:00\",\"description\":\"Sada samolepek Magnetfishing - p\u0159izp\u016fsobte si s Magnetar\",\"breadcrumb\":{\"@id\":\"https:\\\/\\\/magnetarmagnets.com\\\/cs\\\/shop\\\/sada-samolepek-magnetfishing\\\/#breadcrumb\"},\"inLanguage\":\"cs\",\"potentialAction\":[{\"@type\":\"ReadAction\",\"target\":[\"https:\\\/\\\/magnetarmagnets.com\\\/cs\\\/shop\\\/sada-samolepek-magnetfishing\\\/\"]}]},{\"@type\":\"ImageObject\",\"inLanguage\":\"cs\",\"@id\":\"https:\\\/\\\/magnetarmagnets.com\\\/cs\\\/shop\\\/sada-samolepek-magnetfishing\\\/#primaryimage\",\"url\":\"https:\\\/\\\/magnetarmagnets.com\\\/wp-content\\\/uploads\\\/2021\\\/04\\\/magnetar-car-sticker.jpg\",\"contentUrl\":\"https:\\\/\\\/magnetarmagnets.com\\\/wp-content\\\/uploads\\\/2021\\\/04\\\/magnetar-car-sticker.jpg\",\"width\":1000,\"height\":1000,\"caption\":\"magnetar car sticker\"},{\"@type\":\"BreadcrumbList\",\"@id\":\"https:\\\/\\\/magnetarmagnets.com\\\/cs\\\/shop\\\/sada-samolepek-magnetfishing\\\/#breadcrumb\",\"itemListElement\":[{\"@type\":\"ListItem\",\"position\":1,\"name\":\"Home\",\"item\":\"https:\\\/\\\/magnetarmagnets.com\\\/cs\\\/\"},{\"@type\":\"ListItem\",\"position\":2,\"name\":\"Obchod\",\"item\":\"https:\\\/\\\/magnetarmagnets.com\\\/obchod\\\/\"},{\"@type\":\"ListItem\",\"position\":3,\"name\":\"Vybaven\u00ed\",\"item\":\"https:\\\/\\\/magnetarmagnets.com\\\/cs\\\/collections\\\/vybaveni\\\/\"},{\"@type\":\"ListItem\",\"position\":4,\"name\":\"Merch\",\"item\":\"https:\\\/\\\/magnetarmagnets.com\\\/cs\\\/collections\\\/vybaveni\\\/merch\\\/\"},{\"@type\":\"ListItem\",\"position\":5,\"name\":\"Sada samolepek Magnetfishing\"}]},{\"@type\":\"WebSite\",\"@id\":\"https:\\\/\\\/magnetarmagnets.com\\\/cs\\\/#website\",\"url\":\"https:\\\/\\\/magnetarmagnets.com\\\/cs\\\/\",\"name\":\"Magnet fishing with a Magnetar fishing magnet\",\"description\":\"Siln\u00e9 magnety na magnet fishing\",\"publisher\":{\"@id\":\"https:\\\/\\\/magnetarmagnets.com\\\/cs\\\/#organization\"},\"potentialAction\":[{\"@type\":\"SearchAction\",\"target\":{\"@type\":\"EntryPoint\",\"urlTemplate\":\"https:\\\/\\\/magnetarmagnets.com\\\/cs\\\/?s={search_term_string}\"},\"query-input\":{\"@type\":\"PropertyValueSpecification\",\"valueRequired\":true,\"valueName\":\"search_term_string\"}}],\"inLanguage\":\"cs\"},{\"@type\":\"Organization\",\"@id\":\"https:\\\/\\\/magnetarmagnets.com\\\/cs\\\/#organization\",\"name\":\"Magnetar\",\"url\":\"https:\\\/\\\/magnetarmagnets.com\\\/cs\\\/\",\"logo\":{\"@type\":\"ImageObject\",\"inLanguage\":\"cs\",\"@id\":\"https:\\\/\\\/magnetarmagnets.com\\\/cs\\\/#\\\/schema\\\/logo\\\/image\\\/\",\"url\":\"https:\\\/\\\/magnetarmagnets.com\\\/wp-content\\\/uploads\\\/2025\\\/05\\\/Logo-03_PNG-Black-scaled.png\",\"contentUrl\":\"https:\\\/\\\/magnetarmagnets.com\\\/wp-content\\\/uploads\\\/2025\\\/05\\\/Logo-03_PNG-Black-scaled.png\",\"width\":2560,\"height\":1658,\"caption\":\"Magnetar\"},\"image\":{\"@id\":\"https:\\\/\\\/magnetarmagnets.com\\\/cs\\\/#\\\/schema\\\/logo\\\/image\\\/\"},\"sameAs\":[\"https:\\\/\\\/www.facebook.com\\\/fishingmagnets\\\/\",\"https:\\\/\\\/www.instagram.com\\\/magnetar_magnets\\\/\",\"https:\\\/\\\/www.linkedin.com\\\/company\\\/magnetarbv\\\/?originalSubdomain=nl\",\"https:\\\/\\\/www.youtube.com\\\/c\\\/MagnetarVismagneet\"]}]}<\/script>\n<!-- \/ Yoast SEO plugin. -->","yoast_head_json":{"title":"Sada samolepek Magnetfishing - Magnet fishing with a Magnetar fishing magnet","description":"Sada samolepek Magnetfishing - p\u0159izp\u016fsobte si s Magnetar","robots":{"index":"index","follow":"follow","max-snippet":"max-snippet:-1","max-image-preview":"max-image-preview:large","max-video-preview":"max-video-preview:-1"},"canonical":"https:\/\/magnetarmagnets.com\/cs\/shop\/sada-samolepek-magnetfishing\/","og_locale":"cs_CZ","og_type":"article","og_title":"Sada samolepek Magnetfishing - Magnet fishing with a Magnetar fishing magnet","og_description":"Sada samolepek Magnetfishing - p\u0159izp\u016fsobte si s Magnetar","og_url":"https:\/\/magnetarmagnets.com\/cs\/shop\/sada-samolepek-magnetfishing\/","og_site_name":"Magnet fishing with a Magnetar fishing magnet","article_publisher":"https:\/\/www.facebook.com\/fishingmagnets\/","article_modified_time":"2025-07-29T10:17:05+00:00","og_image":[{"width":1000,"height":1000,"url":"https:\/\/magnetarmagnets.com\/wp-content\/uploads\/2021\/04\/magnetar-car-sticker.jpg","type":"image\/jpeg"}],"twitter_card":"summary_large_image","twitter_misc":{"Odhadovan\u00e1 doba \u010dten\u00ed":"2 minuty"},"schema":{"@context":"https:\/\/schema.org","@graph":[{"@type":["WebPage","ItemPage"],"@id":"https:\/\/magnetarmagnets.com\/cs\/shop\/sada-samolepek-magnetfishing\/","url":"https:\/\/magnetarmagnets.com\/cs\/shop\/sada-samolepek-magnetfishing\/","name":"Sada samolepek Magnetfishing - Magnet fishing with a Magnetar fishing magnet","isPartOf":{"@id":"https:\/\/magnetarmagnets.com\/cs\/#website"},"primaryImageOfPage":{"@id":"https:\/\/magnetarmagnets.com\/cs\/shop\/sada-samolepek-magnetfishing\/#primaryimage"},"image":{"@id":"https:\/\/magnetarmagnets.com\/cs\/shop\/sada-samolepek-magnetfishing\/#primaryimage"},"thumbnailUrl":"https:\/\/magnetarmagnets.com\/wp-content\/uploads\/2021\/04\/magnetar-car-sticker.jpg","datePublished":"2025-07-28T08:07:18+00:00","dateModified":"2025-07-29T10:17:05+00:00","description":"Sada samolepek Magnetfishing - p\u0159izp\u016fsobte si s Magnetar","breadcrumb":{"@id":"https:\/\/magnetarmagnets.com\/cs\/shop\/sada-samolepek-magnetfishing\/#breadcrumb"},"inLanguage":"cs","potentialAction":[{"@type":"ReadAction","target":["https:\/\/magnetarmagnets.com\/cs\/shop\/sada-samolepek-magnetfishing\/"]}]},{"@type":"ImageObject","inLanguage":"cs","@id":"https:\/\/magnetarmagnets.com\/cs\/shop\/sada-samolepek-magnetfishing\/#primaryimage","url":"https:\/\/magnetarmagnets.com\/wp-content\/uploads\/2021\/04\/magnetar-car-sticker.jpg","contentUrl":"https:\/\/magnetarmagnets.com\/wp-content\/uploads\/2021\/04\/magnetar-car-sticker.jpg","width":1000,"height":1000,"caption":"magnetar car sticker"},{"@type":"BreadcrumbList","@id":"https:\/\/magnetarmagnets.com\/cs\/shop\/sada-samolepek-magnetfishing\/#breadcrumb","itemListElement":[{"@type":"ListItem","position":1,"name":"Home","item":"https:\/\/magnetarmagnets.com\/cs\/"},{"@type":"ListItem","position":2,"name":"Obchod","item":"https:\/\/magnetarmagnets.com\/obchod\/"},{"@type":"ListItem","position":3,"name":"Vybaven\u00ed","item":"https:\/\/magnetarmagnets.com\/cs\/collections\/vybaveni\/"},{"@type":"ListItem","position":4,"name":"Merch","item":"https:\/\/magnetarmagnets.com\/cs\/collections\/vybaveni\/merch\/"},{"@type":"ListItem","position":5,"name":"Sada samolepek Magnetfishing"}]},{"@type":"WebSite","@id":"https:\/\/magnetarmagnets.com\/cs\/#website","url":"https:\/\/magnetarmagnets.com\/cs\/","name":"Magnet fishing with a Magnetar fishing magnet","description":"Siln\u00e9 magnety na magnet fishing","publisher":{"@id":"https:\/\/magnetarmagnets.com\/cs\/#organization"},"potentialAction":[{"@type":"SearchAction","target":{"@type":"EntryPoint","urlTemplate":"https:\/\/magnetarmagnets.com\/cs\/?s={search_term_string}"},"query-input":{"@type":"PropertyValueSpecification","valueRequired":true,"valueName":"search_term_string"}}],"inLanguage":"cs"},{"@type":"Organization","@id":"https:\/\/magnetarmagnets.com\/cs\/#organization","name":"Magnetar","url":"https:\/\/magnetarmagnets.com\/cs\/","logo":{"@type":"ImageObject","inLanguage":"cs","@id":"https:\/\/magnetarmagnets.com\/cs\/#\/schema\/logo\/image\/","url":"https:\/\/magnetarmagnets.com\/wp-content\/uploads\/2025\/05\/Logo-03_PNG-Black-scaled.png","contentUrl":"https:\/\/magnetarmagnets.com\/wp-content\/uploads\/2025\/05\/Logo-03_PNG-Black-scaled.png","width":2560,"height":1658,"caption":"Magnetar"},"image":{"@id":"https:\/\/magnetarmagnets.com\/cs\/#\/schema\/logo\/image\/"},"sameAs":["https:\/\/www.facebook.com\/fishingmagnets\/","https:\/\/www.instagram.com\/magnetar_magnets\/","https:\/\/www.linkedin.com\/company\/magnetarbv\/?originalSubdomain=nl","https:\/\/www.youtube.com\/c\/MagnetarVismagneet"]}]}},"_links":{"self":[{"href":"https:\/\/magnetarmagnets.com\/cs\/wp-json\/wp\/v2\/product\/83264","targetHints":{"allow":["GET"]}}],"collection":[{"href":"https:\/\/magnetarmagnets.com\/cs\/wp-json\/wp\/v2\/product"}],"about":[{"href":"https:\/\/magnetarmagnets.com\/cs\/wp-json\/wp\/v2\/types\/product"}],"replies":[{"embeddable":true,"href":"https:\/\/magnetarmagnets.com\/cs\/wp-json\/wp\/v2\/comments?post=83264"}],"version-history":[{"count":0,"href":"https:\/\/magnetarmagnets.com\/cs\/wp-json\/wp\/v2\/product\/83264\/revisions"}],"wp:featuredmedia":[{"embeddable":true,"href":"https:\/\/magnetarmagnets.com\/cs\/wp-json\/wp\/v2\/media\/52989"}],"wp:attachment":[{"href":"https:\/\/magnetarmagnets.com\/cs\/wp-json\/wp\/v2\/media?parent=83264"}],"wp:term":[{"taxonomy":"product_brand","embeddable":true,"href":"https:\/\/magnetarmagnets.com\/cs\/wp-json\/wp\/v2\/product_brand?post=83264"},{"taxonomy":"product_cat","embeddable":true,"href":"https:\/\/magnetarmagnets.com\/cs\/wp-json\/wp\/v2\/product_cat?post=83264"},{"taxonomy":"product_tag","embeddable":true,"href":"https:\/\/magnetarmagnets.com\/cs\/wp-json\/wp\/v2\/product_tag?post=83264"}],"curies":[{"name":"wp","href":"https:\/\/api.w.org\/{rel}","templated":true}]}}