{"id":83263,"date":"2025-07-28T10:07:18","date_gmt":"2025-07-28T08:07:18","guid":{"rendered":"https:\/\/magnetarmagnets.com\/?post_type=product&#038;p=83263"},"modified":"2025-07-29T12:17:15","modified_gmt":"2025-07-29T10:17:15","slug":"magnetar-baseball-cepice-ruzova","status":"publish","type":"product","link":"https:\/\/magnetarmagnets.com\/cs\/shop\/magnetar-baseball-cepice-ruzova\/","title":{"rendered":"Magnetar Baseball \u010depice r\u016f\u017eov\u00e1"},"content":{"rendered":"<div class=\"woocommerce-product-extra__content-inner limiter\">\n\n\n\nKvalitn\u00ed konstrukce zahrnuje 5-panelovou korunu s v\u00edce\u0159ad\u00fdm pro\u0161it\u00edm k\u0161iltu a vy\u0161\u00edvan\u00fdmi v\u011btrac\u00edmi otvory. Nastavte zap\u00edn\u00e1n\u00ed na p\u0159ezku pro p\u0159izp\u016fsoben\u00e9 no\u0161en\u00ed. Tato lehk\u00e1, prody\u0161n\u00e1 d\u00e1msk\u00e1 \u010depice m\u00e1 na p\u0159edn\u00ed stran\u011b vy\u0161\u00edvan\u00e9 logo Magnetar.\n\n<ul>\n\n  \t<li>5-panelov\u00e1 koruna s v\u00edce\u0159ad\u00fdm pro\u0161it\u00edm k\u0161iltu<\/li>\n\n  \t<li>Vy\u0161\u00edvan\u00e9 v\u011btrac\u00ed otvory<\/li>\n\n  \t<li>Zap\u00edn\u00e1n\u00ed na p\u0159ezku pro p\u0159izp\u016fsoben\u00e9 no\u0161en\u00ed<\/li>\n\n  \t<li>Lehk\u00e1 a prody\u0161n\u00e1<\/li>\n\n  \t<li>Vy\u0161\u00edvan\u00e9 logo Magnetar na p\u0159edn\u00ed stran\u011b<\/li>\n\n<\/ul>\n\n<\/div>","protected":false},"excerpt":{"rendered":"<p>Den str\u00e1ven\u00fd v p\u0159\u00edrod\u011b je lep\u0161\u00ed s <strong>\u010depic\u00ed Magnetar\u00ae<\/strong> pro <strong>\u017eeny<\/strong>.<\/p>\n","protected":false},"featured_media":60193,"comment_status":"open","ping_status":"closed","template":"","meta":{"_acf_changed":false,"inline_featured_image":false},"product_brand":[],"product_cat":[565,563],"product_tag":[],"class_list":{"0":"post-83263","1":"product","2":"type-product","3":"status-publish","4":"has-post-thumbnail","6":"product_cat-merch","7":"product_cat-vybaveni","9":"first","10":"instock","11":"taxable","12":"shipping-taxable","13":"purchasable","14":"product-type-simple"},"acf":[],"yoast_head":"<!-- This site is optimized with the Yoast SEO plugin v27.3 - https:\/\/yoast.com\/product\/yoast-seo-wordpress\/ -->\n<title>Magnetar Baseball \u010depice r\u016f\u017eov\u00e1 - Magnet fishing with a Magnetar fishing magnet<\/title>\n<meta name=\"description\" content=\"Magnetar Baseball \u010depice r\u016f\u017eov\u00e1 - Stylov\u00e9 vybaven\u00ed pro magnet fishing\" \/>\n<meta name=\"robots\" content=\"index, follow, max-snippet:-1, max-image-preview:large, max-video-preview:-1\" \/>\n<link rel=\"canonical\" href=\"https:\/\/magnetarmagnets.com\/cs\/shop\/magnetar-baseball-cepice-ruzova\/\" \/>\n<meta property=\"og:locale\" content=\"cs_CZ\" \/>\n<meta property=\"og:type\" content=\"article\" \/>\n<meta property=\"og:title\" content=\"Magnetar Baseball \u010depice r\u016f\u017eov\u00e1 - Magnet fishing with a Magnetar fishing magnet\" \/>\n<meta property=\"og:description\" content=\"Magnetar Baseball \u010depice r\u016f\u017eov\u00e1 - Stylov\u00e9 vybaven\u00ed pro magnet fishing\" \/>\n<meta property=\"og:url\" content=\"https:\/\/magnetarmagnets.com\/cs\/shop\/magnetar-baseball-cepice-ruzova\/\" \/>\n<meta property=\"og:site_name\" content=\"Magnet fishing with a Magnetar fishing magnet\" \/>\n<meta property=\"article:publisher\" content=\"https:\/\/www.facebook.com\/fishingmagnets\/\" \/>\n<meta property=\"article:modified_time\" content=\"2025-07-29T10:17:15+00:00\" \/>\n<meta property=\"og:image\" content=\"https:\/\/magnetarmagnets.com\/wp-content\/uploads\/2021\/10\/JNF-Magnetar-B.V.-Productfotografie-26-10-2023-Foto-6377.png\" \/>\n\t<meta property=\"og:image:width\" content=\"1000\" \/>\n\t<meta property=\"og:image:height\" content=\"1000\" \/>\n\t<meta property=\"og:image:type\" content=\"image\/png\" \/>\n<meta name=\"twitter:card\" content=\"summary_large_image\" \/>\n<meta name=\"twitter:label1\" content=\"Odhadovan\u00e1 doba \u010dten\u00ed\" \/>\n\t<meta name=\"twitter:data1\" content=\"1 minuta\" \/>\n<script type=\"application\/ld+json\" class=\"yoast-schema-graph\">{\"@context\":\"https:\\\/\\\/schema.org\",\"@graph\":[{\"@type\":[\"WebPage\",\"ItemPage\"],\"@id\":\"https:\\\/\\\/magnetarmagnets.com\\\/cs\\\/shop\\\/magnetar-baseball-cepice-ruzova\\\/\",\"url\":\"https:\\\/\\\/magnetarmagnets.com\\\/cs\\\/shop\\\/magnetar-baseball-cepice-ruzova\\\/\",\"name\":\"Magnetar Baseball \u010depice r\u016f\u017eov\u00e1 - Magnet fishing with a Magnetar fishing magnet\",\"isPartOf\":{\"@id\":\"https:\\\/\\\/magnetarmagnets.com\\\/cs\\\/#website\"},\"primaryImageOfPage\":{\"@id\":\"https:\\\/\\\/magnetarmagnets.com\\\/cs\\\/shop\\\/magnetar-baseball-cepice-ruzova\\\/#primaryimage\"},\"image\":{\"@id\":\"https:\\\/\\\/magnetarmagnets.com\\\/cs\\\/shop\\\/magnetar-baseball-cepice-ruzova\\\/#primaryimage\"},\"thumbnailUrl\":\"https:\\\/\\\/magnetarmagnets.com\\\/wp-content\\\/uploads\\\/2021\\\/10\\\/JNF-Magnetar-B.V.-Productfotografie-26-10-2023-Foto-6377.png\",\"datePublished\":\"2025-07-28T08:07:18+00:00\",\"dateModified\":\"2025-07-29T10:17:15+00:00\",\"description\":\"Magnetar Baseball \u010depice r\u016f\u017eov\u00e1 - Stylov\u00e9 vybaven\u00ed pro magnet fishing\",\"breadcrumb\":{\"@id\":\"https:\\\/\\\/magnetarmagnets.com\\\/cs\\\/shop\\\/magnetar-baseball-cepice-ruzova\\\/#breadcrumb\"},\"inLanguage\":\"cs\",\"potentialAction\":[{\"@type\":\"ReadAction\",\"target\":[\"https:\\\/\\\/magnetarmagnets.com\\\/cs\\\/shop\\\/magnetar-baseball-cepice-ruzova\\\/\"]}]},{\"@type\":\"ImageObject\",\"inLanguage\":\"cs\",\"@id\":\"https:\\\/\\\/magnetarmagnets.com\\\/cs\\\/shop\\\/magnetar-baseball-cepice-ruzova\\\/#primaryimage\",\"url\":\"https:\\\/\\\/magnetarmagnets.com\\\/wp-content\\\/uploads\\\/2021\\\/10\\\/JNF-Magnetar-B.V.-Productfotografie-26-10-2023-Foto-6377.png\",\"contentUrl\":\"https:\\\/\\\/magnetarmagnets.com\\\/wp-content\\\/uploads\\\/2021\\\/10\\\/JNF-Magnetar-B.V.-Productfotografie-26-10-2023-Foto-6377.png\",\"width\":1000,\"height\":1000,\"caption\":\"Pink Magnetar cap\"},{\"@type\":\"BreadcrumbList\",\"@id\":\"https:\\\/\\\/magnetarmagnets.com\\\/cs\\\/shop\\\/magnetar-baseball-cepice-ruzova\\\/#breadcrumb\",\"itemListElement\":[{\"@type\":\"ListItem\",\"position\":1,\"name\":\"Home\",\"item\":\"https:\\\/\\\/magnetarmagnets.com\\\/cs\\\/\"},{\"@type\":\"ListItem\",\"position\":2,\"name\":\"Obchod\",\"item\":\"https:\\\/\\\/magnetarmagnets.com\\\/obchod\\\/\"},{\"@type\":\"ListItem\",\"position\":3,\"name\":\"Vybaven\u00ed\",\"item\":\"https:\\\/\\\/magnetarmagnets.com\\\/cs\\\/collections\\\/vybaveni\\\/\"},{\"@type\":\"ListItem\",\"position\":4,\"name\":\"Merch\",\"item\":\"https:\\\/\\\/magnetarmagnets.com\\\/cs\\\/collections\\\/vybaveni\\\/merch\\\/\"},{\"@type\":\"ListItem\",\"position\":5,\"name\":\"Magnetar Baseball \u010depice r\u016f\u017eov\u00e1\"}]},{\"@type\":\"WebSite\",\"@id\":\"https:\\\/\\\/magnetarmagnets.com\\\/cs\\\/#website\",\"url\":\"https:\\\/\\\/magnetarmagnets.com\\\/cs\\\/\",\"name\":\"Magnet fishing with a Magnetar fishing magnet\",\"description\":\"Siln\u00e9 magnety na magnet fishing\",\"publisher\":{\"@id\":\"https:\\\/\\\/magnetarmagnets.com\\\/cs\\\/#organization\"},\"potentialAction\":[{\"@type\":\"SearchAction\",\"target\":{\"@type\":\"EntryPoint\",\"urlTemplate\":\"https:\\\/\\\/magnetarmagnets.com\\\/cs\\\/?s={search_term_string}\"},\"query-input\":{\"@type\":\"PropertyValueSpecification\",\"valueRequired\":true,\"valueName\":\"search_term_string\"}}],\"inLanguage\":\"cs\"},{\"@type\":\"Organization\",\"@id\":\"https:\\\/\\\/magnetarmagnets.com\\\/cs\\\/#organization\",\"name\":\"Magnetar\",\"url\":\"https:\\\/\\\/magnetarmagnets.com\\\/cs\\\/\",\"logo\":{\"@type\":\"ImageObject\",\"inLanguage\":\"cs\",\"@id\":\"https:\\\/\\\/magnetarmagnets.com\\\/cs\\\/#\\\/schema\\\/logo\\\/image\\\/\",\"url\":\"https:\\\/\\\/magnetarmagnets.com\\\/wp-content\\\/uploads\\\/2025\\\/05\\\/Logo-03_PNG-Black-scaled.png\",\"contentUrl\":\"https:\\\/\\\/magnetarmagnets.com\\\/wp-content\\\/uploads\\\/2025\\\/05\\\/Logo-03_PNG-Black-scaled.png\",\"width\":2560,\"height\":1658,\"caption\":\"Magnetar\"},\"image\":{\"@id\":\"https:\\\/\\\/magnetarmagnets.com\\\/cs\\\/#\\\/schema\\\/logo\\\/image\\\/\"},\"sameAs\":[\"https:\\\/\\\/www.facebook.com\\\/fishingmagnets\\\/\",\"https:\\\/\\\/www.instagram.com\\\/magnetar_magnets\\\/\",\"https:\\\/\\\/www.linkedin.com\\\/company\\\/magnetarbv\\\/?originalSubdomain=nl\",\"https:\\\/\\\/www.youtube.com\\\/c\\\/MagnetarVismagneet\"]}]}<\/script>\n<!-- \/ Yoast SEO plugin. -->","yoast_head_json":{"title":"Magnetar Baseball \u010depice r\u016f\u017eov\u00e1 - Magnet fishing with a Magnetar fishing magnet","description":"Magnetar Baseball \u010depice r\u016f\u017eov\u00e1 - Stylov\u00e9 vybaven\u00ed pro magnet fishing","robots":{"index":"index","follow":"follow","max-snippet":"max-snippet:-1","max-image-preview":"max-image-preview:large","max-video-preview":"max-video-preview:-1"},"canonical":"https:\/\/magnetarmagnets.com\/cs\/shop\/magnetar-baseball-cepice-ruzova\/","og_locale":"cs_CZ","og_type":"article","og_title":"Magnetar Baseball \u010depice r\u016f\u017eov\u00e1 - Magnet fishing with a Magnetar fishing magnet","og_description":"Magnetar Baseball \u010depice r\u016f\u017eov\u00e1 - Stylov\u00e9 vybaven\u00ed pro magnet fishing","og_url":"https:\/\/magnetarmagnets.com\/cs\/shop\/magnetar-baseball-cepice-ruzova\/","og_site_name":"Magnet fishing with a Magnetar fishing magnet","article_publisher":"https:\/\/www.facebook.com\/fishingmagnets\/","article_modified_time":"2025-07-29T10:17:15+00:00","og_image":[{"width":1000,"height":1000,"url":"https:\/\/magnetarmagnets.com\/wp-content\/uploads\/2021\/10\/JNF-Magnetar-B.V.-Productfotografie-26-10-2023-Foto-6377.png","type":"image\/png"}],"twitter_card":"summary_large_image","twitter_misc":{"Odhadovan\u00e1 doba \u010dten\u00ed":"1 minuta"},"schema":{"@context":"https:\/\/schema.org","@graph":[{"@type":["WebPage","ItemPage"],"@id":"https:\/\/magnetarmagnets.com\/cs\/shop\/magnetar-baseball-cepice-ruzova\/","url":"https:\/\/magnetarmagnets.com\/cs\/shop\/magnetar-baseball-cepice-ruzova\/","name":"Magnetar Baseball \u010depice r\u016f\u017eov\u00e1 - Magnet fishing with a Magnetar fishing magnet","isPartOf":{"@id":"https:\/\/magnetarmagnets.com\/cs\/#website"},"primaryImageOfPage":{"@id":"https:\/\/magnetarmagnets.com\/cs\/shop\/magnetar-baseball-cepice-ruzova\/#primaryimage"},"image":{"@id":"https:\/\/magnetarmagnets.com\/cs\/shop\/magnetar-baseball-cepice-ruzova\/#primaryimage"},"thumbnailUrl":"https:\/\/magnetarmagnets.com\/wp-content\/uploads\/2021\/10\/JNF-Magnetar-B.V.-Productfotografie-26-10-2023-Foto-6377.png","datePublished":"2025-07-28T08:07:18+00:00","dateModified":"2025-07-29T10:17:15+00:00","description":"Magnetar Baseball \u010depice r\u016f\u017eov\u00e1 - Stylov\u00e9 vybaven\u00ed pro magnet fishing","breadcrumb":{"@id":"https:\/\/magnetarmagnets.com\/cs\/shop\/magnetar-baseball-cepice-ruzova\/#breadcrumb"},"inLanguage":"cs","potentialAction":[{"@type":"ReadAction","target":["https:\/\/magnetarmagnets.com\/cs\/shop\/magnetar-baseball-cepice-ruzova\/"]}]},{"@type":"ImageObject","inLanguage":"cs","@id":"https:\/\/magnetarmagnets.com\/cs\/shop\/magnetar-baseball-cepice-ruzova\/#primaryimage","url":"https:\/\/magnetarmagnets.com\/wp-content\/uploads\/2021\/10\/JNF-Magnetar-B.V.-Productfotografie-26-10-2023-Foto-6377.png","contentUrl":"https:\/\/magnetarmagnets.com\/wp-content\/uploads\/2021\/10\/JNF-Magnetar-B.V.-Productfotografie-26-10-2023-Foto-6377.png","width":1000,"height":1000,"caption":"Pink Magnetar cap"},{"@type":"BreadcrumbList","@id":"https:\/\/magnetarmagnets.com\/cs\/shop\/magnetar-baseball-cepice-ruzova\/#breadcrumb","itemListElement":[{"@type":"ListItem","position":1,"name":"Home","item":"https:\/\/magnetarmagnets.com\/cs\/"},{"@type":"ListItem","position":2,"name":"Obchod","item":"https:\/\/magnetarmagnets.com\/obchod\/"},{"@type":"ListItem","position":3,"name":"Vybaven\u00ed","item":"https:\/\/magnetarmagnets.com\/cs\/collections\/vybaveni\/"},{"@type":"ListItem","position":4,"name":"Merch","item":"https:\/\/magnetarmagnets.com\/cs\/collections\/vybaveni\/merch\/"},{"@type":"ListItem","position":5,"name":"Magnetar Baseball \u010depice r\u016f\u017eov\u00e1"}]},{"@type":"WebSite","@id":"https:\/\/magnetarmagnets.com\/cs\/#website","url":"https:\/\/magnetarmagnets.com\/cs\/","name":"Magnet fishing with a Magnetar fishing magnet","description":"Siln\u00e9 magnety na magnet fishing","publisher":{"@id":"https:\/\/magnetarmagnets.com\/cs\/#organization"},"potentialAction":[{"@type":"SearchAction","target":{"@type":"EntryPoint","urlTemplate":"https:\/\/magnetarmagnets.com\/cs\/?s={search_term_string}"},"query-input":{"@type":"PropertyValueSpecification","valueRequired":true,"valueName":"search_term_string"}}],"inLanguage":"cs"},{"@type":"Organization","@id":"https:\/\/magnetarmagnets.com\/cs\/#organization","name":"Magnetar","url":"https:\/\/magnetarmagnets.com\/cs\/","logo":{"@type":"ImageObject","inLanguage":"cs","@id":"https:\/\/magnetarmagnets.com\/cs\/#\/schema\/logo\/image\/","url":"https:\/\/magnetarmagnets.com\/wp-content\/uploads\/2025\/05\/Logo-03_PNG-Black-scaled.png","contentUrl":"https:\/\/magnetarmagnets.com\/wp-content\/uploads\/2025\/05\/Logo-03_PNG-Black-scaled.png","width":2560,"height":1658,"caption":"Magnetar"},"image":{"@id":"https:\/\/magnetarmagnets.com\/cs\/#\/schema\/logo\/image\/"},"sameAs":["https:\/\/www.facebook.com\/fishingmagnets\/","https:\/\/www.instagram.com\/magnetar_magnets\/","https:\/\/www.linkedin.com\/company\/magnetarbv\/?originalSubdomain=nl","https:\/\/www.youtube.com\/c\/MagnetarVismagneet"]}]}},"_links":{"self":[{"href":"https:\/\/magnetarmagnets.com\/cs\/wp-json\/wp\/v2\/product\/83263","targetHints":{"allow":["GET"]}}],"collection":[{"href":"https:\/\/magnetarmagnets.com\/cs\/wp-json\/wp\/v2\/product"}],"about":[{"href":"https:\/\/magnetarmagnets.com\/cs\/wp-json\/wp\/v2\/types\/product"}],"replies":[{"embeddable":true,"href":"https:\/\/magnetarmagnets.com\/cs\/wp-json\/wp\/v2\/comments?post=83263"}],"version-history":[{"count":0,"href":"https:\/\/magnetarmagnets.com\/cs\/wp-json\/wp\/v2\/product\/83263\/revisions"}],"wp:featuredmedia":[{"embeddable":true,"href":"https:\/\/magnetarmagnets.com\/cs\/wp-json\/wp\/v2\/media\/60193"}],"wp:attachment":[{"href":"https:\/\/magnetarmagnets.com\/cs\/wp-json\/wp\/v2\/media?parent=83263"}],"wp:term":[{"taxonomy":"product_brand","embeddable":true,"href":"https:\/\/magnetarmagnets.com\/cs\/wp-json\/wp\/v2\/product_brand?post=83263"},{"taxonomy":"product_cat","embeddable":true,"href":"https:\/\/magnetarmagnets.com\/cs\/wp-json\/wp\/v2\/product_cat?post=83263"},{"taxonomy":"product_tag","embeddable":true,"href":"https:\/\/magnetarmagnets.com\/cs\/wp-json\/wp\/v2\/product_tag?post=83263"}],"curies":[{"name":"wp","href":"https:\/\/api.w.org\/{rel}","templated":true}]}}