{"id":83256,"date":"2025-06-05T09:54:13","date_gmt":"2025-06-05T07:54:13","guid":{"rendered":"https:\/\/magnetarmagnets.com\/?post_type=product&#038;p=83256"},"modified":"2026-04-04T19:53:47","modified_gmt":"2026-04-04T17:53:47","slug":"sada-magnetu-s-dvojitou-stranou-880-kg-bulldog","status":"publish","type":"product","link":"https:\/\/magnetarmagnets.com\/cs\/shop\/sada-magnetu-s-dvojitou-stranou-880-kg-bulldog\/","title":{"rendered":"Sada magnet\u016f s dvojitou stranou \u2013 880 kg \u2013 Bulldog"},"content":{"rendered":"S magnetem Bulldog 800 ur\u010dit\u011b za\u010dnete nach\u00e1zet ty nejunik\u00e1tn\u011bj\u0161\u00ed podvodn\u00ed poklady. Tento kompletn\u00ed bal\u00ed\u010dek obsahuje v\u0161e, co pot\u0159ebujete, abyste se vyhnuli ne\u017e\u00e1douc\u00edm p\u0159ekvapen\u00edm u vody. N\u00e1\u0161 oboustrann\u00fd Bulldog 800 fishing magnet, <a href=\"https:\/\/magnetarmagnets.com\/shop\/magnet-fishing-glove\/?v=796834e7a283\">rukavice<\/a>, <a href=\"https:\/\/magnetarmagnets.com\/shop\/magnet-fishing-rope\/?v=796834e7a283\">lano pro magnet fishing<\/a> a kovov\u00e9 lepidlo jsou sou\u010d\u00e1st\u00ed t\u00e9to kompletn\u00ed sady. Hled\u00e1te 360\u00b0 v\u0161estrann\u00fd magnet? Pod\u00edvejte se na n\u00e1\u0161 <a href=\"https:\/\/magnetarmagnets.com\/shop\/fishmagnet-package-pro\/\"><strong>Pro Package<\/strong><\/a>.\n\n<h2>Oboustrann\u00fd fishing magnet Bulldog 800<\/h2>\n\nV\u0161echny na\u0161e Bulldog fishing magnety maj\u00ed dv\u011b magnetick\u00e9 strany. Bulldog 800 m\u00e1 celkovou magnetickou s\u00edlu 1940 lb \/ 880 kg, efektivn\u011b 970 lb \/ 440 kg na ka\u017ed\u00e9 stran\u011b. T\u011b\u017ek\u00e9 p\u0159edm\u011bty jako trezory, autod\u00edly a dopravn\u00ed zna\u010dky pro tento siln\u00fd magnet nejsou \u017e\u00e1dn\u00fd probl\u00e9m. Ve srovn\u00e1n\u00ed s jednostrann\u00fdmi magnety v\u00fdrazn\u011b zvy\u0161uj\u00ed dv\u011b magnetick\u00e9 strany tohoto neodymov\u00e9ho magnetu \u0161ance na nalezen\u00ed skv\u011bl\u00fdch poklad\u016f.\n\n\n\nOboustrann\u00e9 magnety lze pou\u017e\u00edvat r\u016fzn\u00fdmi zp\u016fsoby. Chcete magnet t\u00e1hnout vodou vodorovn\u011b? P\u0159ipevn\u011bte o\u010dkov\u00fd \u0161roub na stranu magnetu. Tato technika obvykle zvy\u0161uje \u0161anci p\u0159ichytit se na poklad. D\u00edky dv\u011bma magnetick\u00fdm stran\u00e1m je v\u017edy magnetick\u00e1 s\u00edla sm\u011b\u0159uj\u00edc\u00ed k potenci\u00e1ln\u00edm poklad\u016fm le\u017e\u00edc\u00edm na dn\u011b. Nev\u00fdhodou je, \u017ee horizont\u00e1ln\u00ed pohyb magnetu vyv\u00edj\u00ed men\u0161\u00ed tah na nalezen\u00e9 p\u0159edm\u011bty. Vertik\u00e1ln\u00ed magnet fishing naopak v\u017edy poskytuje optim\u00e1ln\u011bj\u0161\u00ed magnetickou s\u00edlu.\n\n\n\nKdy\u017e m\u00e1te n\u011bco na h\u00e1ku a chcete pou\u017e\u00edt v\u011bt\u0161\u00ed s\u00edlu, o\u010dkov\u00fd \u0161roub lze p\u0159ipevnit vertik\u00e1ln\u011b. To umo\u017e\u0148uje siln\u011bj\u0161\u00ed vertik\u00e1ln\u00ed tah pro vyta\u017een\u00ed t\u011b\u017e\u0161\u00edch p\u0159edm\u011bt\u016f. V\u0161estrann\u00e9 pou\u017eit\u00ed oboustrann\u00fdch magnet\u016f, p\u0159ipevn\u011bn\u00fdch k lanu, je \u010din\u00ed nejv\u00edce multifunk\u010dn\u00edmi magnety, kter\u00e9 m\u00e1me.\n\n\n\nJste za\u010d\u00e1te\u010dn\u00edk a l\u00edb\u00ed se v\u00e1m v\u0161estrannost tohoto magnetu, ale s m\u00edrn\u011b ni\u017e\u0161\u00ed extr\u00e9mn\u00ed silou? Pod\u00edvejte se na <a href=\"https:\/\/magnetarmagnets.com\/shop\/bulldog-500-kit\/\"><strong>Bulldog 500<\/strong><\/a>, oboustrann\u00fd fishing magnet s celkovou ta\u017enou silou 1100 lb \/ 500 kg. Sly\u0161eli jste o na\u0161ich 360\u00b0 neodymov\u00fdch magnetech? <a href=\"https:\/\/magnetarmagnets.com\/shop\/exclusive-terror-magnet\/\"><strong>Terror<\/strong><\/a> je skv\u011blou, srovnatelnou volbou.\n\n<h2>Vysok\u00e1 kvalita<\/h2>\n\nV\u0161echny Magnetar fishing magnety jsou vyrobeny z neodymu. Tento materi\u00e1l zaji\u0161\u0165uje dlouhotrvaj\u00edc\u00ed magnetickou s\u00edlu. P\u0159i spr\u00e1vn\u00e9m pou\u017e\u00edv\u00e1n\u00ed a skladov\u00e1n\u00ed tyto neodymov\u00e9 magnety ztrat\u00ed pouze jedno procento sv\u00e9 s\u00edly za 100 let. Proto jsme si jisti, \u017ee nab\u00edz\u00edme nejkvalitn\u011bj\u0161\u00ed magnet fishing magnety na trhu.\n\n\n\nV posledn\u00edch letech byl trh zaplaven nekvalitn\u00edmi produkty. Mnoho fishing magnet\u016f od jin\u00fdch prodejc\u016f \u010dasto ztr\u00e1c\u00ed svou s\u00edlu b\u011bhem n\u011bkolika t\u00fddn\u016f. Obvykle vid\u00edme v\u011bt\u0161\u00ed magnety, ale vyroben\u00e9 z m\u00e9n\u011b kvalitn\u00edho neodymu a propagovan\u00e9 zav\u00e1d\u011bj\u00edc\u00ed reklamou. Tyto produkty mohou vypadat levn\u011b, ale dlouhodob\u011b v\u00e1s zklamou.\n\n\n\nMagnetar je mal\u00e1 rodinn\u00e1 firma skute\u010dn\u00fdch fanou\u0161k\u016f magnet fishingu. Kvalita je u n\u00e1s na prvn\u00edm m\u00edst\u011b a to se odr\u00e1\u017e\u00ed v na\u0161ich produktech. V\u0161echny na\u0161e fishing magnety jsou navr\u017eeny intern\u011b, aby zajistily \u0161pi\u010dkov\u00e9 produkty. Hled\u00e1te spolehliv\u00fd, efektivn\u00ed a kvalitn\u00ed fishing magnet? S\u00e1hn\u011bte po Magnetaru! Zavazujeme se v\u00e1m prodat ty <a href=\"https:\/\/magnetarmagnets.com\/\" target=\"_blank\" rel=\"noopener\">nejlep\u0161\u00ed fishing magnety<\/a>.\n\n<h2>Varov\u00e1n\u00ed:<\/h2>\n\nNa\u0161e neodymov\u00e9 fishing magnety jsou velmi siln\u00e9. Mohou zp\u016fsobit, \u017ee jin\u00e9 p\u0159edm\u011bty budou k magnetu p\u0159itahov\u00e1ny vysokou rychlost\u00ed. To samoz\u0159ejm\u011b vede k potenci\u00e1ln\u011b nebezpe\u010dn\u00fdm situac\u00edm, kdy si m\u016f\u017eete prsty zachytit mezi magnet a p\u0159edm\u011bt. Doporu\u010dujeme v\u017edy s magnety zach\u00e1zet opatrn\u011b a zd\u016fraz\u0148ujeme, \u017ee tak \u010din\u00edte na vlastn\u00ed riziko. P\u0159ed pou\u017eit\u00edm si p\u0159e\u010dt\u011bte na\u0161e bezpe\u010dnostn\u00ed pokyny.","protected":false},"excerpt":{"rendered":"<p>S magnetem Bulldog 800 ur\u010dit\u011b za\u010dnete nach\u00e1zet ty nejunik\u00e1tn\u011bj\u0161\u00ed podvodn\u00ed poklady. Tento kompletn\u00ed bal\u00ed\u010dek obsahuje v\u0161e, co pot\u0159ebujete, abyste se vyhnuli ne\u017e\u00e1douc\u00edm p\u0159ekvapen\u00edm u vody. N\u00e1\u0161 oboustrann\u00fd Bulldog 800 fishing magnet, rukavice, lano pro magnet fishing a kovov\u00e9 lepidlo jsou sou\u010d\u00e1st\u00ed t\u00e9to kompletn\u00ed sady. Hled\u00e1te 360\u00b0 v\u0161estrann\u00fd magnet? Pod\u00edvejte se na n\u00e1\u0161 Pro Package. Oboustrann\u00fd [&hellip;]<\/p>\n","protected":false},"featured_media":78873,"comment_status":"open","ping_status":"closed","template":"","meta":{"_acf_changed":false,"inline_featured_image":false},"product_brand":[],"product_cat":[602,604,606,615,616,608],"product_tag":[],"class_list":{"0":"post-83256","1":"product","2":"type-product","3":"status-publish","4":"has-post-thumbnail","6":"product_cat-fiskemagneter","7":"product_cat-sterkeste-fiskemagneter","8":"product_cat-tosidige-fiskemagneter","9":"product_cat-erfarne-eventyrere","10":"product_cat-profesjonelle","11":"product_cat-magnetfiske-sett","13":"first","14":"instock","15":"sale","16":"taxable","17":"shipping-taxable","18":"purchasable","19":"product-type-simple"},"acf":[],"yoast_head":"<!-- This site is optimized with the Yoast SEO plugin v27.4 - https:\/\/yoast.com\/product\/yoast-seo-wordpress\/ -->\n<title>Sada magnet\u016f s dvojitou stranou \u2013 880 kg \u2013 Bulldog - Magnet fishing with a Magnetar fishing magnet<\/title>\n<meta name=\"description\" content=\"Sada magnet\u016f s dvojitou stranou \u2013 880 Kg - Bulldog - Magnetar\" \/>\n<meta name=\"robots\" content=\"index, follow, max-snippet:-1, max-image-preview:large, max-video-preview:-1\" \/>\n<link rel=\"canonical\" href=\"https:\/\/magnetarmagnets.com\/cs\/shop\/sada-magnetu-s-dvojitou-stranou-880-kg-bulldog\/\" \/>\n<meta property=\"og:locale\" content=\"cs_CZ\" \/>\n<meta property=\"og:type\" content=\"article\" \/>\n<meta property=\"og:title\" content=\"Sada magnet\u016f s dvojitou stranou \u2013 880 kg \u2013 Bulldog - Magnet fishing with a Magnetar fishing magnet\" \/>\n<meta property=\"og:description\" content=\"Sada magnet\u016f s dvojitou stranou \u2013 880 Kg - Bulldog - Magnetar\" \/>\n<meta property=\"og:url\" content=\"https:\/\/magnetarmagnets.com\/cs\/shop\/sada-magnetu-s-dvojitou-stranou-880-kg-bulldog\/\" \/>\n<meta property=\"og:site_name\" content=\"Magnet fishing with a Magnetar fishing magnet\" \/>\n<meta property=\"article:publisher\" content=\"https:\/\/www.facebook.com\/fishingmagnets\/\" \/>\n<meta property=\"article:modified_time\" content=\"2026-04-04T17:53:47+00:00\" \/>\n<meta property=\"og:image\" content=\"https:\/\/magnetarmagnets.com\/wp-content\/uploads\/2021\/10\/MAGNETAR-BULLDOG-800-KIT-GOOGLE.jpg\" \/>\n\t<meta property=\"og:image:width\" content=\"1500\" \/>\n\t<meta property=\"og:image:height\" content=\"1500\" \/>\n\t<meta property=\"og:image:type\" content=\"image\/jpeg\" \/>\n<meta name=\"twitter:card\" content=\"summary_large_image\" \/>\n<meta name=\"twitter:label1\" content=\"Odhadovan\u00e1 doba \u010dten\u00ed\" \/>\n\t<meta name=\"twitter:data1\" content=\"3 minuty\" \/>\n<script type=\"application\/ld+json\" class=\"yoast-schema-graph\">{\"@context\":\"https:\\\/\\\/schema.org\",\"@graph\":[{\"@type\":[\"WebPage\",\"ItemPage\"],\"@id\":\"https:\\\/\\\/magnetarmagnets.com\\\/cs\\\/shop\\\/sada-magnetu-s-dvojitou-stranou-880-kg-bulldog\\\/\",\"url\":\"https:\\\/\\\/magnetarmagnets.com\\\/cs\\\/shop\\\/sada-magnetu-s-dvojitou-stranou-880-kg-bulldog\\\/\",\"name\":\"Sada magnet\u016f s dvojitou stranou \u2013 880 kg \u2013 Bulldog - Magnet fishing with a Magnetar fishing magnet\",\"isPartOf\":{\"@id\":\"https:\\\/\\\/magnetarmagnets.com\\\/cs\\\/#website\"},\"primaryImageOfPage\":{\"@id\":\"https:\\\/\\\/magnetarmagnets.com\\\/cs\\\/shop\\\/sada-magnetu-s-dvojitou-stranou-880-kg-bulldog\\\/#primaryimage\"},\"image\":{\"@id\":\"https:\\\/\\\/magnetarmagnets.com\\\/cs\\\/shop\\\/sada-magnetu-s-dvojitou-stranou-880-kg-bulldog\\\/#primaryimage\"},\"thumbnailUrl\":\"https:\\\/\\\/magnetarmagnets.com\\\/wp-content\\\/uploads\\\/2021\\\/10\\\/MAGNETAR-BULLDOG-800-KIT-GOOGLE.jpg\",\"datePublished\":\"2025-06-05T07:54:13+00:00\",\"dateModified\":\"2026-04-04T17:53:47+00:00\",\"description\":\"Sada magnet\u016f s dvojitou stranou \u2013 880 Kg - Bulldog - Magnetar\",\"breadcrumb\":{\"@id\":\"https:\\\/\\\/magnetarmagnets.com\\\/cs\\\/shop\\\/sada-magnetu-s-dvojitou-stranou-880-kg-bulldog\\\/#breadcrumb\"},\"inLanguage\":\"cs\",\"potentialAction\":[{\"@type\":\"ReadAction\",\"target\":[\"https:\\\/\\\/magnetarmagnets.com\\\/cs\\\/shop\\\/sada-magnetu-s-dvojitou-stranou-880-kg-bulldog\\\/\"]}]},{\"@type\":\"ImageObject\",\"inLanguage\":\"cs\",\"@id\":\"https:\\\/\\\/magnetarmagnets.com\\\/cs\\\/shop\\\/sada-magnetu-s-dvojitou-stranou-880-kg-bulldog\\\/#primaryimage\",\"url\":\"https:\\\/\\\/magnetarmagnets.com\\\/wp-content\\\/uploads\\\/2021\\\/10\\\/MAGNETAR-BULLDOG-800-KIT-GOOGLE.jpg\",\"contentUrl\":\"https:\\\/\\\/magnetarmagnets.com\\\/wp-content\\\/uploads\\\/2021\\\/10\\\/MAGNETAR-BULLDOG-800-KIT-GOOGLE.jpg\",\"width\":1500,\"height\":1500,\"caption\":\"MAGNETAR-BULLDOG-800-KIT\"},{\"@type\":\"BreadcrumbList\",\"@id\":\"https:\\\/\\\/magnetarmagnets.com\\\/cs\\\/shop\\\/sada-magnetu-s-dvojitou-stranou-880-kg-bulldog\\\/#breadcrumb\",\"itemListElement\":[{\"@type\":\"ListItem\",\"position\":1,\"name\":\"Home\",\"item\":\"https:\\\/\\\/magnetarmagnets.com\\\/cs\\\/\"},{\"@type\":\"ListItem\",\"position\":2,\"name\":\"Obchod\",\"item\":\"https:\\\/\\\/magnetarmagnets.com\\\/cs\\\/obchod\\\/\"},{\"@type\":\"ListItem\",\"position\":3,\"name\":\"Fishing magnety\",\"item\":\"https:\\\/\\\/magnetarmagnets.com\\\/cs\\\/collections\\\/fishing-magnets-cs\\\/\"},{\"@type\":\"ListItem\",\"position\":4,\"name\":\"Oboustrann\u00e9 fishing magnety\",\"item\":\"https:\\\/\\\/magnetarmagnets.com\\\/cs\\\/collections\\\/fishing-magnets-cs\\\/oboustranne-fishing-magnety\\\/\"},{\"@type\":\"ListItem\",\"position\":5,\"name\":\"Sada magnet\u016f s dvojitou stranou \u2013 880 kg \u2013 Bulldog\"}]},{\"@type\":\"WebSite\",\"@id\":\"https:\\\/\\\/magnetarmagnets.com\\\/cs\\\/#website\",\"url\":\"https:\\\/\\\/magnetarmagnets.com\\\/cs\\\/\",\"name\":\"Magnet fishing with a Magnetar fishing magnet\",\"description\":\"Siln\u00e9 magnety na magnet fishing\",\"publisher\":{\"@id\":\"https:\\\/\\\/magnetarmagnets.com\\\/cs\\\/#organization\"},\"potentialAction\":[{\"@type\":\"SearchAction\",\"target\":{\"@type\":\"EntryPoint\",\"urlTemplate\":\"https:\\\/\\\/magnetarmagnets.com\\\/cs\\\/?s={search_term_string}\"},\"query-input\":{\"@type\":\"PropertyValueSpecification\",\"valueRequired\":true,\"valueName\":\"search_term_string\"}}],\"inLanguage\":\"cs\"},{\"@type\":\"Organization\",\"@id\":\"https:\\\/\\\/magnetarmagnets.com\\\/cs\\\/#organization\",\"name\":\"Magnetar\",\"url\":\"https:\\\/\\\/magnetarmagnets.com\\\/cs\\\/\",\"logo\":{\"@type\":\"ImageObject\",\"inLanguage\":\"cs\",\"@id\":\"https:\\\/\\\/magnetarmagnets.com\\\/cs\\\/#\\\/schema\\\/logo\\\/image\\\/\",\"url\":\"https:\\\/\\\/magnetarmagnets.com\\\/wp-content\\\/uploads\\\/2025\\\/05\\\/Logo-03_PNG-Black-scaled.png\",\"contentUrl\":\"https:\\\/\\\/magnetarmagnets.com\\\/wp-content\\\/uploads\\\/2025\\\/05\\\/Logo-03_PNG-Black-scaled.png\",\"width\":2560,\"height\":1658,\"caption\":\"Magnetar\"},\"image\":{\"@id\":\"https:\\\/\\\/magnetarmagnets.com\\\/cs\\\/#\\\/schema\\\/logo\\\/image\\\/\"},\"sameAs\":[\"https:\\\/\\\/www.facebook.com\\\/fishingmagnets\\\/\",\"https:\\\/\\\/www.instagram.com\\\/magnetar_magnets\\\/\",\"https:\\\/\\\/www.linkedin.com\\\/company\\\/magnetarbv\\\/?originalSubdomain=nl\",\"https:\\\/\\\/www.youtube.com\\\/c\\\/MagnetarVismagneet\"]}]}<\/script>\n<!-- \/ Yoast SEO plugin. -->","yoast_head_json":{"title":"Sada magnet\u016f s dvojitou stranou \u2013 880 kg \u2013 Bulldog - Magnet fishing with a Magnetar fishing magnet","description":"Sada magnet\u016f s dvojitou stranou \u2013 880 Kg - Bulldog - Magnetar","robots":{"index":"index","follow":"follow","max-snippet":"max-snippet:-1","max-image-preview":"max-image-preview:large","max-video-preview":"max-video-preview:-1"},"canonical":"https:\/\/magnetarmagnets.com\/cs\/shop\/sada-magnetu-s-dvojitou-stranou-880-kg-bulldog\/","og_locale":"cs_CZ","og_type":"article","og_title":"Sada magnet\u016f s dvojitou stranou \u2013 880 kg \u2013 Bulldog - Magnet fishing with a Magnetar fishing magnet","og_description":"Sada magnet\u016f s dvojitou stranou \u2013 880 Kg - Bulldog - Magnetar","og_url":"https:\/\/magnetarmagnets.com\/cs\/shop\/sada-magnetu-s-dvojitou-stranou-880-kg-bulldog\/","og_site_name":"Magnet fishing with a Magnetar fishing magnet","article_publisher":"https:\/\/www.facebook.com\/fishingmagnets\/","article_modified_time":"2026-04-04T17:53:47+00:00","og_image":[{"width":1500,"height":1500,"url":"https:\/\/magnetarmagnets.com\/wp-content\/uploads\/2021\/10\/MAGNETAR-BULLDOG-800-KIT-GOOGLE.jpg","type":"image\/jpeg"}],"twitter_card":"summary_large_image","twitter_misc":{"Odhadovan\u00e1 doba \u010dten\u00ed":"3 minuty"},"schema":{"@context":"https:\/\/schema.org","@graph":[{"@type":["WebPage","ItemPage"],"@id":"https:\/\/magnetarmagnets.com\/cs\/shop\/sada-magnetu-s-dvojitou-stranou-880-kg-bulldog\/","url":"https:\/\/magnetarmagnets.com\/cs\/shop\/sada-magnetu-s-dvojitou-stranou-880-kg-bulldog\/","name":"Sada magnet\u016f s dvojitou stranou \u2013 880 kg \u2013 Bulldog - Magnet fishing with a Magnetar fishing magnet","isPartOf":{"@id":"https:\/\/magnetarmagnets.com\/cs\/#website"},"primaryImageOfPage":{"@id":"https:\/\/magnetarmagnets.com\/cs\/shop\/sada-magnetu-s-dvojitou-stranou-880-kg-bulldog\/#primaryimage"},"image":{"@id":"https:\/\/magnetarmagnets.com\/cs\/shop\/sada-magnetu-s-dvojitou-stranou-880-kg-bulldog\/#primaryimage"},"thumbnailUrl":"https:\/\/magnetarmagnets.com\/wp-content\/uploads\/2021\/10\/MAGNETAR-BULLDOG-800-KIT-GOOGLE.jpg","datePublished":"2025-06-05T07:54:13+00:00","dateModified":"2026-04-04T17:53:47+00:00","description":"Sada magnet\u016f s dvojitou stranou \u2013 880 Kg - Bulldog - Magnetar","breadcrumb":{"@id":"https:\/\/magnetarmagnets.com\/cs\/shop\/sada-magnetu-s-dvojitou-stranou-880-kg-bulldog\/#breadcrumb"},"inLanguage":"cs","potentialAction":[{"@type":"ReadAction","target":["https:\/\/magnetarmagnets.com\/cs\/shop\/sada-magnetu-s-dvojitou-stranou-880-kg-bulldog\/"]}]},{"@type":"ImageObject","inLanguage":"cs","@id":"https:\/\/magnetarmagnets.com\/cs\/shop\/sada-magnetu-s-dvojitou-stranou-880-kg-bulldog\/#primaryimage","url":"https:\/\/magnetarmagnets.com\/wp-content\/uploads\/2021\/10\/MAGNETAR-BULLDOG-800-KIT-GOOGLE.jpg","contentUrl":"https:\/\/magnetarmagnets.com\/wp-content\/uploads\/2021\/10\/MAGNETAR-BULLDOG-800-KIT-GOOGLE.jpg","width":1500,"height":1500,"caption":"MAGNETAR-BULLDOG-800-KIT"},{"@type":"BreadcrumbList","@id":"https:\/\/magnetarmagnets.com\/cs\/shop\/sada-magnetu-s-dvojitou-stranou-880-kg-bulldog\/#breadcrumb","itemListElement":[{"@type":"ListItem","position":1,"name":"Home","item":"https:\/\/magnetarmagnets.com\/cs\/"},{"@type":"ListItem","position":2,"name":"Obchod","item":"https:\/\/magnetarmagnets.com\/cs\/obchod\/"},{"@type":"ListItem","position":3,"name":"Fishing magnety","item":"https:\/\/magnetarmagnets.com\/cs\/collections\/fishing-magnets-cs\/"},{"@type":"ListItem","position":4,"name":"Oboustrann\u00e9 fishing magnety","item":"https:\/\/magnetarmagnets.com\/cs\/collections\/fishing-magnets-cs\/oboustranne-fishing-magnety\/"},{"@type":"ListItem","position":5,"name":"Sada magnet\u016f s dvojitou stranou \u2013 880 kg \u2013 Bulldog"}]},{"@type":"WebSite","@id":"https:\/\/magnetarmagnets.com\/cs\/#website","url":"https:\/\/magnetarmagnets.com\/cs\/","name":"Magnet fishing with a Magnetar fishing magnet","description":"Siln\u00e9 magnety na magnet fishing","publisher":{"@id":"https:\/\/magnetarmagnets.com\/cs\/#organization"},"potentialAction":[{"@type":"SearchAction","target":{"@type":"EntryPoint","urlTemplate":"https:\/\/magnetarmagnets.com\/cs\/?s={search_term_string}"},"query-input":{"@type":"PropertyValueSpecification","valueRequired":true,"valueName":"search_term_string"}}],"inLanguage":"cs"},{"@type":"Organization","@id":"https:\/\/magnetarmagnets.com\/cs\/#organization","name":"Magnetar","url":"https:\/\/magnetarmagnets.com\/cs\/","logo":{"@type":"ImageObject","inLanguage":"cs","@id":"https:\/\/magnetarmagnets.com\/cs\/#\/schema\/logo\/image\/","url":"https:\/\/magnetarmagnets.com\/wp-content\/uploads\/2025\/05\/Logo-03_PNG-Black-scaled.png","contentUrl":"https:\/\/magnetarmagnets.com\/wp-content\/uploads\/2025\/05\/Logo-03_PNG-Black-scaled.png","width":2560,"height":1658,"caption":"Magnetar"},"image":{"@id":"https:\/\/magnetarmagnets.com\/cs\/#\/schema\/logo\/image\/"},"sameAs":["https:\/\/www.facebook.com\/fishingmagnets\/","https:\/\/www.instagram.com\/magnetar_magnets\/","https:\/\/www.linkedin.com\/company\/magnetarbv\/?originalSubdomain=nl","https:\/\/www.youtube.com\/c\/MagnetarVismagneet"]}]}},"_links":{"self":[{"href":"https:\/\/magnetarmagnets.com\/cs\/wp-json\/wp\/v2\/product\/83256","targetHints":{"allow":["GET"]}}],"collection":[{"href":"https:\/\/magnetarmagnets.com\/cs\/wp-json\/wp\/v2\/product"}],"about":[{"href":"https:\/\/magnetarmagnets.com\/cs\/wp-json\/wp\/v2\/types\/product"}],"replies":[{"embeddable":true,"href":"https:\/\/magnetarmagnets.com\/cs\/wp-json\/wp\/v2\/comments?post=83256"}],"version-history":[{"count":1,"href":"https:\/\/magnetarmagnets.com\/cs\/wp-json\/wp\/v2\/product\/83256\/revisions"}],"predecessor-version":[{"id":95375,"href":"https:\/\/magnetarmagnets.com\/cs\/wp-json\/wp\/v2\/product\/83256\/revisions\/95375"}],"wp:featuredmedia":[{"embeddable":true,"href":"https:\/\/magnetarmagnets.com\/cs\/wp-json\/wp\/v2\/media\/78873"}],"wp:attachment":[{"href":"https:\/\/magnetarmagnets.com\/cs\/wp-json\/wp\/v2\/media?parent=83256"}],"wp:term":[{"taxonomy":"product_brand","embeddable":true,"href":"https:\/\/magnetarmagnets.com\/cs\/wp-json\/wp\/v2\/product_brand?post=83256"},{"taxonomy":"product_cat","embeddable":true,"href":"https:\/\/magnetarmagnets.com\/cs\/wp-json\/wp\/v2\/product_cat?post=83256"},{"taxonomy":"product_tag","embeddable":true,"href":"https:\/\/magnetarmagnets.com\/cs\/wp-json\/wp\/v2\/product_tag?post=83256"}],"curies":[{"name":"wp","href":"https:\/\/api.w.org\/{rel}","templated":true}]}}