{"id":83251,"date":"2025-06-05T09:54:15","date_gmt":"2025-06-05T07:54:15","guid":{"rendered":"https:\/\/magnetarmagnets.com\/?post_type=product&#038;p=83251"},"modified":"2026-04-03T17:08:56","modified_gmt":"2026-04-03T15:08:56","slug":"magneticky-rybarsky-prut-3-metry","status":"publish","type":"product","link":"https:\/\/magnetarmagnets.com\/cs\/shop\/magneticky-rybarsky-prut-3-metry\/","title":{"rendered":"Magnetick\u00fd ryb\u00e1\u0159sk\u00fd prut &#8211; 3 metry"},"content":{"rendered":"S magnetick\u00fdm ryb\u00e1\u0159sk\u00fdm hrotem \u201eLange Jan\u201c m\u016f\u017eete zvedat p\u0159edm\u011bty, kter\u00e9 va\u0161e \u0161\u0148\u016fra nezvedne. Magnetick\u00fd ryb\u00e1\u0159sk\u00fd hrot lze rozlo\u017eit, tak\u017ee jej snadno p\u0159enesete (i ve vozidle).\n\n<strong>Magnetick\u00fd ryb\u00e1\u0159sk\u00fd hrot \u201eLange Jan\u201c<\/strong>\n\nMagnetick\u00fd ryb\u00e1\u0159sk\u00fd hrot \u201eLange Jan\u201c je perfektn\u00ed n\u00e1stroj pro dosa\u017een\u00ed hluboko ulo\u017een\u00fdch p\u0159edm\u011bt\u016f. Star\u00e9 p\u0159edm\u011bty, jako jsou kan\u00f3nov\u00e9 koule a vybaven\u00ed z druh\u00e9 sv\u011btov\u00e9 v\u00e1lky, mohly b\u00fdt \u010dasem pono\u0159eny nebo zakryty list\u00edm a v\u011btvemi. S magnetick\u00fdm ryb\u00e1\u0159sk\u00fdm hrotem zvednete p\u0159edm\u011bty tam, kde by je \u0161\u0148\u016fra nechala le\u017eet.\n\n<strong>Pro koho je magnetick\u00fd hrot Lange Jan vhodn\u00fd?<\/strong>\n\nMagnetick\u00fd hrot Lange Jan je ur\u010den pro lidi, kte\u0159\u00ed cht\u011bj\u00ed j\u00edt do vody nebo cht\u011bj\u00ed bodat z b\u0159ehu. Bod\u00e1n\u00edm m\u016f\u017eete dos\u00e1hnout na hluboko ulo\u017een\u00e9 p\u0159edm\u011bty. Tyto hluboko ulo\u017een\u00e9 p\u0159edm\u011bty jsou \u010dasto v perfektn\u00edm stavu, proto\u017ee m\u011bly m\u00e9n\u011b kontaktu s kysl\u00edkem. Pro tento magnetick\u00fd hrot nemus\u00edte b\u00fdt zku\u0161en\u00fd ryb\u00e1\u0159, je vhodn\u00fd pro ka\u017ed\u00e9ho.\n\nRyb\u00e1\u0159sk\u00fd hrot lze pou\u017e\u00edt v kombinaci s v\u011bt\u0161inou magnetick\u00fdch ryb\u00e1\u0159sk\u00fdch magnet\u016f Magnetar. P\u0159ipojen\u00ed magnet\u016f Classic Fishing Magnet 400, Classic Fishing Magnet 500, Bulldog 500, Bulldog 800, CUBE a MEGACUBE neodpov\u00edd\u00e1 p\u0159ipojen\u00ed hrotu. Proto tyto magnety nelze s hrotem kombinovat.\n\nNezapome\u0148te si prohl\u00e9dnout <a href=\"https:\/\/magnetarmagnets.com\/\" target=\"_blank\" rel=\"noopener\">nejlep\u0161\u00ed ryb\u00e1\u0159sk\u00e9 magnety<\/a> nebo <a href=\"https:\/\/magnetarmagnets.com\/collections\/fishing-magnets\/magnet-fishing-kit\/\" target=\"_blank\" rel=\"noopener\">nejlep\u0161\u00ed sady pro magnetick\u00e9 ryba\u0159en\u00ed<\/a>.","protected":false},"excerpt":{"rendered":"<p>S magnetick\u00fdm ryb\u00e1\u0159sk\u00fdm prutem Magnetar\u00ae zam\u00ed\u0159\u00edte sv\u016fj magnet s p\u0159esnost\u00ed na hluboko ulo\u017een\u00e9 poklady!<\/p>\n","protected":false},"featured_media":78680,"comment_status":"open","ping_status":"closed","template":"","meta":{"_acf_changed":false,"inline_featured_image":false},"product_brand":[],"product_cat":[588,589],"product_tag":[],"class_list":{"0":"post-83251","1":"product","2":"type-product","3":"status-publish","4":"has-post-thumbnail","6":"product_cat-sprzet","7":"product_cat-sprzet-do-lowienia-magnesem","9":"first","10":"instock","11":"sale","12":"taxable","13":"shipping-taxable","14":"purchasable","15":"product-type-simple"},"acf":[],"yoast_head":"<!-- This site is optimized with the Yoast SEO plugin v27.3 - https:\/\/yoast.com\/product\/yoast-seo-wordpress\/ -->\n<title>Magnetick\u00fd ryb\u00e1\u0159sk\u00fd prut - 3 metry - Magnet fishing with a Magnetar fishing magnet<\/title>\n<meta name=\"description\" content=\"Magnetick\u00fd ryb\u00e1\u0159sk\u00fd prut - Nezbytn\u00e9 vybaven\u00ed od Magnetar\" \/>\n<meta name=\"robots\" content=\"index, follow, max-snippet:-1, max-image-preview:large, max-video-preview:-1\" \/>\n<link rel=\"canonical\" href=\"https:\/\/magnetarmagnets.com\/cs\/shop\/magneticky-rybarsky-prut-3-metry\/\" \/>\n<meta property=\"og:locale\" content=\"cs_CZ\" \/>\n<meta property=\"og:type\" content=\"article\" \/>\n<meta property=\"og:title\" content=\"Magnetick\u00fd ryb\u00e1\u0159sk\u00fd prut - 3 metry - Magnet fishing with a Magnetar fishing magnet\" \/>\n<meta property=\"og:description\" content=\"Magnetick\u00fd ryb\u00e1\u0159sk\u00fd prut - Nezbytn\u00e9 vybaven\u00ed od Magnetar\" \/>\n<meta property=\"og:url\" content=\"https:\/\/magnetarmagnets.com\/cs\/shop\/magneticky-rybarsky-prut-3-metry\/\" \/>\n<meta property=\"og:site_name\" content=\"Magnet fishing with a Magnetar fishing magnet\" \/>\n<meta property=\"article:publisher\" content=\"https:\/\/www.facebook.com\/fishingmagnets\/\" \/>\n<meta property=\"article:modified_time\" content=\"2026-04-03T15:08:56+00:00\" \/>\n<meta property=\"og:image\" content=\"https:\/\/magnetarmagnets.com\/wp-content\/uploads\/2020\/12\/P1001679.jpg\" \/>\n\t<meta property=\"og:image:width\" content=\"1000\" \/>\n\t<meta property=\"og:image:height\" content=\"1000\" \/>\n\t<meta property=\"og:image:type\" content=\"image\/jpeg\" \/>\n<meta name=\"twitter:card\" content=\"summary_large_image\" \/>\n<meta name=\"twitter:label1\" content=\"Odhadovan\u00e1 doba \u010dten\u00ed\" \/>\n\t<meta name=\"twitter:data1\" content=\"2 minuty\" \/>\n<script type=\"application\/ld+json\" class=\"yoast-schema-graph\">{\"@context\":\"https:\\\/\\\/schema.org\",\"@graph\":[{\"@type\":[\"WebPage\",\"ItemPage\"],\"@id\":\"https:\\\/\\\/magnetarmagnets.com\\\/cs\\\/shop\\\/magneticky-rybarsky-prut-3-metry\\\/\",\"url\":\"https:\\\/\\\/magnetarmagnets.com\\\/cs\\\/shop\\\/magneticky-rybarsky-prut-3-metry\\\/\",\"name\":\"Magnetick\u00fd ryb\u00e1\u0159sk\u00fd prut - 3 metry - Magnet fishing with a Magnetar fishing magnet\",\"isPartOf\":{\"@id\":\"https:\\\/\\\/magnetarmagnets.com\\\/cs\\\/#website\"},\"primaryImageOfPage\":{\"@id\":\"https:\\\/\\\/magnetarmagnets.com\\\/cs\\\/shop\\\/magneticky-rybarsky-prut-3-metry\\\/#primaryimage\"},\"image\":{\"@id\":\"https:\\\/\\\/magnetarmagnets.com\\\/cs\\\/shop\\\/magneticky-rybarsky-prut-3-metry\\\/#primaryimage\"},\"thumbnailUrl\":\"https:\\\/\\\/magnetarmagnets.com\\\/wp-content\\\/uploads\\\/2020\\\/12\\\/P1001679.jpg\",\"datePublished\":\"2025-06-05T07:54:15+00:00\",\"dateModified\":\"2026-04-03T15:08:56+00:00\",\"description\":\"Magnetick\u00fd ryb\u00e1\u0159sk\u00fd prut - Nezbytn\u00e9 vybaven\u00ed od Magnetar\",\"breadcrumb\":{\"@id\":\"https:\\\/\\\/magnetarmagnets.com\\\/cs\\\/shop\\\/magneticky-rybarsky-prut-3-metry\\\/#breadcrumb\"},\"inLanguage\":\"cs\",\"potentialAction\":[{\"@type\":\"ReadAction\",\"target\":[\"https:\\\/\\\/magnetarmagnets.com\\\/cs\\\/shop\\\/magneticky-rybarsky-prut-3-metry\\\/\"]}]},{\"@type\":\"ImageObject\",\"inLanguage\":\"cs\",\"@id\":\"https:\\\/\\\/magnetarmagnets.com\\\/cs\\\/shop\\\/magneticky-rybarsky-prut-3-metry\\\/#primaryimage\",\"url\":\"https:\\\/\\\/magnetarmagnets.com\\\/wp-content\\\/uploads\\\/2020\\\/12\\\/P1001679.jpg\",\"contentUrl\":\"https:\\\/\\\/magnetarmagnets.com\\\/wp-content\\\/uploads\\\/2020\\\/12\\\/P1001679.jpg\",\"width\":1000,\"height\":1000,\"caption\":\"Magnetic Fishing Spike, The magnetic spike Lange Jan, magnetic prick stick,\"},{\"@type\":\"BreadcrumbList\",\"@id\":\"https:\\\/\\\/magnetarmagnets.com\\\/cs\\\/shop\\\/magneticky-rybarsky-prut-3-metry\\\/#breadcrumb\",\"itemListElement\":[{\"@type\":\"ListItem\",\"position\":1,\"name\":\"Home\",\"item\":\"https:\\\/\\\/magnetarmagnets.com\\\/cs\\\/\"},{\"@type\":\"ListItem\",\"position\":2,\"name\":\"Obchod\",\"item\":\"https:\\\/\\\/magnetarmagnets.com\\\/obchod\\\/\"},{\"@type\":\"ListItem\",\"position\":3,\"name\":\"All products\",\"item\":\"https:\\\/\\\/magnetarmagnets.com\\\/collections\\\/all-products\\\/\"},{\"@type\":\"ListItem\",\"position\":4,\"name\":\"Magnetick\u00fd ryb\u00e1\u0159sk\u00fd prut &#8211; 3 metry\"}]},{\"@type\":\"WebSite\",\"@id\":\"https:\\\/\\\/magnetarmagnets.com\\\/cs\\\/#website\",\"url\":\"https:\\\/\\\/magnetarmagnets.com\\\/cs\\\/\",\"name\":\"Magnet fishing with a Magnetar fishing magnet\",\"description\":\"Siln\u00e9 magnety na magnet fishing\",\"publisher\":{\"@id\":\"https:\\\/\\\/magnetarmagnets.com\\\/cs\\\/#organization\"},\"potentialAction\":[{\"@type\":\"SearchAction\",\"target\":{\"@type\":\"EntryPoint\",\"urlTemplate\":\"https:\\\/\\\/magnetarmagnets.com\\\/cs\\\/?s={search_term_string}\"},\"query-input\":{\"@type\":\"PropertyValueSpecification\",\"valueRequired\":true,\"valueName\":\"search_term_string\"}}],\"inLanguage\":\"cs\"},{\"@type\":\"Organization\",\"@id\":\"https:\\\/\\\/magnetarmagnets.com\\\/cs\\\/#organization\",\"name\":\"Magnetar\",\"url\":\"https:\\\/\\\/magnetarmagnets.com\\\/cs\\\/\",\"logo\":{\"@type\":\"ImageObject\",\"inLanguage\":\"cs\",\"@id\":\"https:\\\/\\\/magnetarmagnets.com\\\/cs\\\/#\\\/schema\\\/logo\\\/image\\\/\",\"url\":\"https:\\\/\\\/magnetarmagnets.com\\\/wp-content\\\/uploads\\\/2025\\\/05\\\/Logo-03_PNG-Black-scaled.png\",\"contentUrl\":\"https:\\\/\\\/magnetarmagnets.com\\\/wp-content\\\/uploads\\\/2025\\\/05\\\/Logo-03_PNG-Black-scaled.png\",\"width\":2560,\"height\":1658,\"caption\":\"Magnetar\"},\"image\":{\"@id\":\"https:\\\/\\\/magnetarmagnets.com\\\/cs\\\/#\\\/schema\\\/logo\\\/image\\\/\"},\"sameAs\":[\"https:\\\/\\\/www.facebook.com\\\/fishingmagnets\\\/\",\"https:\\\/\\\/www.instagram.com\\\/magnetar_magnets\\\/\",\"https:\\\/\\\/www.linkedin.com\\\/company\\\/magnetarbv\\\/?originalSubdomain=nl\",\"https:\\\/\\\/www.youtube.com\\\/c\\\/MagnetarVismagneet\"]}]}<\/script>\n<!-- \/ Yoast SEO plugin. -->","yoast_head_json":{"title":"Magnetick\u00fd ryb\u00e1\u0159sk\u00fd prut - 3 metry - Magnet fishing with a Magnetar fishing magnet","description":"Magnetick\u00fd ryb\u00e1\u0159sk\u00fd prut - Nezbytn\u00e9 vybaven\u00ed od Magnetar","robots":{"index":"index","follow":"follow","max-snippet":"max-snippet:-1","max-image-preview":"max-image-preview:large","max-video-preview":"max-video-preview:-1"},"canonical":"https:\/\/magnetarmagnets.com\/cs\/shop\/magneticky-rybarsky-prut-3-metry\/","og_locale":"cs_CZ","og_type":"article","og_title":"Magnetick\u00fd ryb\u00e1\u0159sk\u00fd prut - 3 metry - Magnet fishing with a Magnetar fishing magnet","og_description":"Magnetick\u00fd ryb\u00e1\u0159sk\u00fd prut - Nezbytn\u00e9 vybaven\u00ed od Magnetar","og_url":"https:\/\/magnetarmagnets.com\/cs\/shop\/magneticky-rybarsky-prut-3-metry\/","og_site_name":"Magnet fishing with a Magnetar fishing magnet","article_publisher":"https:\/\/www.facebook.com\/fishingmagnets\/","article_modified_time":"2026-04-03T15:08:56+00:00","og_image":[{"width":1000,"height":1000,"url":"https:\/\/magnetarmagnets.com\/wp-content\/uploads\/2020\/12\/P1001679.jpg","type":"image\/jpeg"}],"twitter_card":"summary_large_image","twitter_misc":{"Odhadovan\u00e1 doba \u010dten\u00ed":"2 minuty"},"schema":{"@context":"https:\/\/schema.org","@graph":[{"@type":["WebPage","ItemPage"],"@id":"https:\/\/magnetarmagnets.com\/cs\/shop\/magneticky-rybarsky-prut-3-metry\/","url":"https:\/\/magnetarmagnets.com\/cs\/shop\/magneticky-rybarsky-prut-3-metry\/","name":"Magnetick\u00fd ryb\u00e1\u0159sk\u00fd prut - 3 metry - Magnet fishing with a Magnetar fishing magnet","isPartOf":{"@id":"https:\/\/magnetarmagnets.com\/cs\/#website"},"primaryImageOfPage":{"@id":"https:\/\/magnetarmagnets.com\/cs\/shop\/magneticky-rybarsky-prut-3-metry\/#primaryimage"},"image":{"@id":"https:\/\/magnetarmagnets.com\/cs\/shop\/magneticky-rybarsky-prut-3-metry\/#primaryimage"},"thumbnailUrl":"https:\/\/magnetarmagnets.com\/wp-content\/uploads\/2020\/12\/P1001679.jpg","datePublished":"2025-06-05T07:54:15+00:00","dateModified":"2026-04-03T15:08:56+00:00","description":"Magnetick\u00fd ryb\u00e1\u0159sk\u00fd prut - Nezbytn\u00e9 vybaven\u00ed od Magnetar","breadcrumb":{"@id":"https:\/\/magnetarmagnets.com\/cs\/shop\/magneticky-rybarsky-prut-3-metry\/#breadcrumb"},"inLanguage":"cs","potentialAction":[{"@type":"ReadAction","target":["https:\/\/magnetarmagnets.com\/cs\/shop\/magneticky-rybarsky-prut-3-metry\/"]}]},{"@type":"ImageObject","inLanguage":"cs","@id":"https:\/\/magnetarmagnets.com\/cs\/shop\/magneticky-rybarsky-prut-3-metry\/#primaryimage","url":"https:\/\/magnetarmagnets.com\/wp-content\/uploads\/2020\/12\/P1001679.jpg","contentUrl":"https:\/\/magnetarmagnets.com\/wp-content\/uploads\/2020\/12\/P1001679.jpg","width":1000,"height":1000,"caption":"Magnetic Fishing Spike, The magnetic spike Lange Jan, magnetic prick stick,"},{"@type":"BreadcrumbList","@id":"https:\/\/magnetarmagnets.com\/cs\/shop\/magneticky-rybarsky-prut-3-metry\/#breadcrumb","itemListElement":[{"@type":"ListItem","position":1,"name":"Home","item":"https:\/\/magnetarmagnets.com\/cs\/"},{"@type":"ListItem","position":2,"name":"Obchod","item":"https:\/\/magnetarmagnets.com\/obchod\/"},{"@type":"ListItem","position":3,"name":"All products","item":"https:\/\/magnetarmagnets.com\/collections\/all-products\/"},{"@type":"ListItem","position":4,"name":"Magnetick\u00fd ryb\u00e1\u0159sk\u00fd prut &#8211; 3 metry"}]},{"@type":"WebSite","@id":"https:\/\/magnetarmagnets.com\/cs\/#website","url":"https:\/\/magnetarmagnets.com\/cs\/","name":"Magnet fishing with a Magnetar fishing magnet","description":"Siln\u00e9 magnety na magnet fishing","publisher":{"@id":"https:\/\/magnetarmagnets.com\/cs\/#organization"},"potentialAction":[{"@type":"SearchAction","target":{"@type":"EntryPoint","urlTemplate":"https:\/\/magnetarmagnets.com\/cs\/?s={search_term_string}"},"query-input":{"@type":"PropertyValueSpecification","valueRequired":true,"valueName":"search_term_string"}}],"inLanguage":"cs"},{"@type":"Organization","@id":"https:\/\/magnetarmagnets.com\/cs\/#organization","name":"Magnetar","url":"https:\/\/magnetarmagnets.com\/cs\/","logo":{"@type":"ImageObject","inLanguage":"cs","@id":"https:\/\/magnetarmagnets.com\/cs\/#\/schema\/logo\/image\/","url":"https:\/\/magnetarmagnets.com\/wp-content\/uploads\/2025\/05\/Logo-03_PNG-Black-scaled.png","contentUrl":"https:\/\/magnetarmagnets.com\/wp-content\/uploads\/2025\/05\/Logo-03_PNG-Black-scaled.png","width":2560,"height":1658,"caption":"Magnetar"},"image":{"@id":"https:\/\/magnetarmagnets.com\/cs\/#\/schema\/logo\/image\/"},"sameAs":["https:\/\/www.facebook.com\/fishingmagnets\/","https:\/\/www.instagram.com\/magnetar_magnets\/","https:\/\/www.linkedin.com\/company\/magnetarbv\/?originalSubdomain=nl","https:\/\/www.youtube.com\/c\/MagnetarVismagneet"]}]}},"_links":{"self":[{"href":"https:\/\/magnetarmagnets.com\/cs\/wp-json\/wp\/v2\/product\/83251","targetHints":{"allow":["GET"]}}],"collection":[{"href":"https:\/\/magnetarmagnets.com\/cs\/wp-json\/wp\/v2\/product"}],"about":[{"href":"https:\/\/magnetarmagnets.com\/cs\/wp-json\/wp\/v2\/types\/product"}],"replies":[{"embeddable":true,"href":"https:\/\/magnetarmagnets.com\/cs\/wp-json\/wp\/v2\/comments?post=83251"}],"version-history":[{"count":0,"href":"https:\/\/magnetarmagnets.com\/cs\/wp-json\/wp\/v2\/product\/83251\/revisions"}],"wp:featuredmedia":[{"embeddable":true,"href":"https:\/\/magnetarmagnets.com\/cs\/wp-json\/wp\/v2\/media\/78680"}],"wp:attachment":[{"href":"https:\/\/magnetarmagnets.com\/cs\/wp-json\/wp\/v2\/media?parent=83251"}],"wp:term":[{"taxonomy":"product_brand","embeddable":true,"href":"https:\/\/magnetarmagnets.com\/cs\/wp-json\/wp\/v2\/product_brand?post=83251"},{"taxonomy":"product_cat","embeddable":true,"href":"https:\/\/magnetarmagnets.com\/cs\/wp-json\/wp\/v2\/product_cat?post=83251"},{"taxonomy":"product_tag","embeddable":true,"href":"https:\/\/magnetarmagnets.com\/cs\/wp-json\/wp\/v2\/product_tag?post=83251"}],"curies":[{"name":"wp","href":"https:\/\/api.w.org\/{rel}","templated":true}]}}