{"id":83249,"date":"2025-06-05T09:54:14","date_gmt":"2025-06-05T07:54:14","guid":{"rendered":"https:\/\/magnetarmagnets.com\/?post_type=product&#038;p=83249"},"modified":"2026-04-03T20:39:41","modified_gmt":"2026-04-03T18:39:41","slug":"magnet-s-hackem","status":"publish","type":"product","link":"https:\/\/magnetarmagnets.com\/cs\/shop\/magnet-s-hackem\/","title":{"rendered":"Magnet s h\u00e1\u010dkem"},"content":{"rendered":"<h2>Magnet s h\u00e1\u010dkem \/ H\u00e1\u010dky s\u00a0siln\u00fdm magnetem<\/h2>\n\nMagnet s h\u00e1\u010dkem je nezbytn\u00fd v ka\u017ed\u00e9 dom\u00e1cnosti. <a href=\"https:\/\/magnetarmagnets.com\/\" target=\"_blank\" rel=\"noopener\">Fishing magnety<\/a> s h\u00e1\u010dkem maj\u00ed ta\u017enou s\u00edlu 25 kg! To znamen\u00e1, \u017ee m\u016f\u017eete bez vrt\u00e1n\u00ed zav\u011bsit spoustu v\u011bc\u00ed. Nap\u0159\u00edklad lampy, kab\u00e1ty, kuchy\u0148sk\u00e9 n\u00e1\u010din\u00ed, n\u00e1stroje, rostliny a tak d\u00e1le!\n\nTyto neodymov\u00e9 h\u00e1\u010dky maj\u00ed magnetiza\u010dn\u00ed stupe\u0148 N50, co\u017e z nich d\u011bl\u00e1 je\u0161t\u011b siln\u011bj\u0161\u00ed magnety s h\u00e1\u010dkem ne\u017e d\u0159\u00edve.\n\n<h2>Multifunk\u010dn\u00ed neodymov\u00e9 magnetick\u00e9 h\u00e1\u010dky: siln\u00e9 a praktick\u00e9<\/h2>\n\nTyto magnetick\u00e9 z\u00e1v\u011bsn\u00e9 h\u00e1\u010dky od Magnetar jsou praktick\u00e9 a v\u0161estrann\u00e9. M\u016f\u017eete je pou\u017e\u00edt t\u00e9m\u011b\u0159 na cokoli. Nap\u0159\u00edklad na zav\u011b\u0161en\u00ed ram\u00ednek s oble\u010den\u00edm, kab\u00e1t\u016f, kl\u00ed\u010d\u016f, n\u00e1stroj\u016f a kuchy\u0148sk\u00fdch pot\u0159eb. Tento magnetick\u00fd set obsahuje 6 z\u00e1v\u011bsn\u00fdch h\u00e1\u010dk\u016f Magnetar, ale nab\u00edz\u00edme tak\u00e9 sady s jin\u00fdm mno\u017estv\u00edm.\n\n<h2>Kvalita magnetick\u00e9ho h\u00e1\u010dku<\/h2>\n\nTyto z\u00e1v\u011bsn\u00e9 h\u00e1\u010dky jsou z nejkvalitn\u011bj\u0161\u00edho neodymu. Niklovan\u00fd neodym m\u00e1 s\u00edlu N50, ta\u017enou s\u00edlu 25 KG, st\u0159\u00edbrnou niklovou vrstvu a je proto velmi vhodn\u00fd i pro zav\u011b\u0161en\u00ed t\u011b\u017e\u0161\u00edch p\u0159edm\u011bt\u016f.\n\n\n\nPOZN\u00c1MKA: Nen\u00ed vhodn\u00e9 pro d\u011bti do 14 let. Polknut\u00ed magnet\u016f m\u016f\u017ee zp\u016fsobit velmi v\u00e1\u017en\u00e1 zran\u011bn\u00ed. Uchov\u00e1vejte magnety mimo dosah d\u011bt\u00ed. Pou\u017e\u00edvejte na vlastn\u00ed riziko.\n\n\n\nNezapome\u0148te se pod\u00edvat na na\u0161e <a href=\"https:\/\/magnetarmagnets.com\/collections\/fishing-magnets\/magnet-fishing-kit\/\" target=\"_blank\" rel=\"noopener\">magnetick\u00e9 ryb\u00e1\u0159sk\u00e9 sady<\/a> nebo na\u0161e <a href=\"https:\/\/magnetarmagnets.com\/accessories\/\" target=\"_blank\" rel=\"noopener\">p\u0159\u00edslu\u0161enstv\u00ed pro magnet fishing<\/a>.","protected":false},"excerpt":{"rendered":"<p><span style=\"font-weight: 400;\"><strong>Nezbytn\u00fd<\/strong> v ka\u017ed\u00e9 dom\u00e1cnosti! <strong>Snadno zav\u011bste<\/strong> ram\u00ednka s oble\u010den\u00edm, kab\u00e1ty, kl\u00ed\u010denky, lampy, bundy, kuchy\u0148sk\u00e9 n\u00e1\u010din\u00ed, n\u00e1stroje, rostliny, n\u00e1\u0159ad\u00ed a dal\u0161\u00ed!<\/span><\/p>\n","protected":false},"featured_media":77728,"comment_status":"open","ping_status":"closed","template":"","meta":{"_acf_changed":false,"inline_featured_image":false},"product_brand":[],"product_cat":[592,588],"product_tag":[],"class_list":{"0":"post-83249","1":"product","2":"type-product","3":"status-publish","4":"has-post-thumbnail","6":"product_cat-akcesoria-magnetyczne","7":"product_cat-sprzet","9":"first","10":"instock","11":"taxable","12":"shipping-taxable","13":"purchasable","14":"product-type-simple"},"acf":[],"yoast_head":"<!-- This site is optimized with the Yoast SEO plugin v27.3 - https:\/\/yoast.com\/product\/yoast-seo-wordpress\/ -->\n<title>Magnet s h\u00e1\u010dkem - Magnet fishing with a Magnetar fishing magnet<\/title>\n<meta name=\"description\" content=\"Magnet s h\u00e1\u010dkem - nezbytn\u00fd ryb\u00e1\u0159sk\u00fd n\u00e1stroj od Magnetar\" \/>\n<meta name=\"robots\" content=\"index, follow, max-snippet:-1, max-image-preview:large, max-video-preview:-1\" \/>\n<link rel=\"canonical\" href=\"https:\/\/magnetarmagnets.com\/cs\/shop\/magnet-s-hackem\/\" \/>\n<meta property=\"og:locale\" content=\"cs_CZ\" \/>\n<meta property=\"og:type\" content=\"article\" \/>\n<meta property=\"og:title\" content=\"Magnet s h\u00e1\u010dkem - Magnet fishing with a Magnetar fishing magnet\" \/>\n<meta property=\"og:description\" content=\"Magnet s h\u00e1\u010dkem - nezbytn\u00fd ryb\u00e1\u0159sk\u00fd n\u00e1stroj od Magnetar\" \/>\n<meta property=\"og:url\" content=\"https:\/\/magnetarmagnets.com\/cs\/shop\/magnet-s-hackem\/\" \/>\n<meta property=\"og:site_name\" content=\"Magnet fishing with a Magnetar fishing magnet\" \/>\n<meta property=\"article:publisher\" content=\"https:\/\/www.facebook.com\/fishingmagnets\/\" \/>\n<meta property=\"article:modified_time\" content=\"2026-04-03T18:39:41+00:00\" \/>\n<meta property=\"og:image\" content=\"https:\/\/magnetarmagnets.com\/wp-content\/uploads\/2019\/12\/6pc-magnet-with-hook.jpg\" \/>\n\t<meta property=\"og:image:width\" content=\"1000\" \/>\n\t<meta property=\"og:image:height\" content=\"1000\" \/>\n\t<meta property=\"og:image:type\" content=\"image\/jpeg\" \/>\n<meta name=\"twitter:card\" content=\"summary_large_image\" \/>\n<meta name=\"twitter:label1\" content=\"Odhadovan\u00e1 doba \u010dten\u00ed\" \/>\n\t<meta name=\"twitter:data1\" content=\"2 minuty\" \/>\n<script type=\"application\/ld+json\" class=\"yoast-schema-graph\">{\"@context\":\"https:\\\/\\\/schema.org\",\"@graph\":[{\"@type\":[\"WebPage\",\"ItemPage\"],\"@id\":\"https:\\\/\\\/magnetarmagnets.com\\\/cs\\\/shop\\\/magnet-s-hackem\\\/\",\"url\":\"https:\\\/\\\/magnetarmagnets.com\\\/cs\\\/shop\\\/magnet-s-hackem\\\/\",\"name\":\"Magnet s h\u00e1\u010dkem - Magnet fishing with a Magnetar fishing magnet\",\"isPartOf\":{\"@id\":\"https:\\\/\\\/magnetarmagnets.com\\\/cs\\\/#website\"},\"primaryImageOfPage\":{\"@id\":\"https:\\\/\\\/magnetarmagnets.com\\\/cs\\\/shop\\\/magnet-s-hackem\\\/#primaryimage\"},\"image\":{\"@id\":\"https:\\\/\\\/magnetarmagnets.com\\\/cs\\\/shop\\\/magnet-s-hackem\\\/#primaryimage\"},\"thumbnailUrl\":\"https:\\\/\\\/magnetarmagnets.com\\\/wp-content\\\/uploads\\\/2019\\\/12\\\/6pc-magnet-with-hook.jpg\",\"datePublished\":\"2025-06-05T07:54:14+00:00\",\"dateModified\":\"2026-04-03T18:39:41+00:00\",\"description\":\"Magnet s h\u00e1\u010dkem - nezbytn\u00fd ryb\u00e1\u0159sk\u00fd n\u00e1stroj od Magnetar\",\"breadcrumb\":{\"@id\":\"https:\\\/\\\/magnetarmagnets.com\\\/cs\\\/shop\\\/magnet-s-hackem\\\/#breadcrumb\"},\"inLanguage\":\"cs\",\"potentialAction\":[{\"@type\":\"ReadAction\",\"target\":[\"https:\\\/\\\/magnetarmagnets.com\\\/cs\\\/shop\\\/magnet-s-hackem\\\/\"]}]},{\"@type\":\"ImageObject\",\"inLanguage\":\"cs\",\"@id\":\"https:\\\/\\\/magnetarmagnets.com\\\/cs\\\/shop\\\/magnet-s-hackem\\\/#primaryimage\",\"url\":\"https:\\\/\\\/magnetarmagnets.com\\\/wp-content\\\/uploads\\\/2019\\\/12\\\/6pc-magnet-with-hook.jpg\",\"contentUrl\":\"https:\\\/\\\/magnetarmagnets.com\\\/wp-content\\\/uploads\\\/2019\\\/12\\\/6pc-magnet-with-hook.jpg\",\"width\":1000,\"height\":1000,\"caption\":\"6pc magnet with hook\"},{\"@type\":\"BreadcrumbList\",\"@id\":\"https:\\\/\\\/magnetarmagnets.com\\\/cs\\\/shop\\\/magnet-s-hackem\\\/#breadcrumb\",\"itemListElement\":[{\"@type\":\"ListItem\",\"position\":1,\"name\":\"Home\",\"item\":\"https:\\\/\\\/magnetarmagnets.com\\\/cs\\\/\"},{\"@type\":\"ListItem\",\"position\":2,\"name\":\"Obchod\",\"item\":\"https:\\\/\\\/magnetarmagnets.com\\\/obchod\\\/\"},{\"@type\":\"ListItem\",\"position\":3,\"name\":\"All products\",\"item\":\"https:\\\/\\\/magnetarmagnets.com\\\/collections\\\/all-products\\\/\"},{\"@type\":\"ListItem\",\"position\":4,\"name\":\"Magnet s h\u00e1\u010dkem\"}]},{\"@type\":\"WebSite\",\"@id\":\"https:\\\/\\\/magnetarmagnets.com\\\/cs\\\/#website\",\"url\":\"https:\\\/\\\/magnetarmagnets.com\\\/cs\\\/\",\"name\":\"Magnet fishing with a Magnetar fishing magnet\",\"description\":\"Siln\u00e9 magnety na magnet fishing\",\"publisher\":{\"@id\":\"https:\\\/\\\/magnetarmagnets.com\\\/cs\\\/#organization\"},\"potentialAction\":[{\"@type\":\"SearchAction\",\"target\":{\"@type\":\"EntryPoint\",\"urlTemplate\":\"https:\\\/\\\/magnetarmagnets.com\\\/cs\\\/?s={search_term_string}\"},\"query-input\":{\"@type\":\"PropertyValueSpecification\",\"valueRequired\":true,\"valueName\":\"search_term_string\"}}],\"inLanguage\":\"cs\"},{\"@type\":\"Organization\",\"@id\":\"https:\\\/\\\/magnetarmagnets.com\\\/cs\\\/#organization\",\"name\":\"Magnetar\",\"url\":\"https:\\\/\\\/magnetarmagnets.com\\\/cs\\\/\",\"logo\":{\"@type\":\"ImageObject\",\"inLanguage\":\"cs\",\"@id\":\"https:\\\/\\\/magnetarmagnets.com\\\/cs\\\/#\\\/schema\\\/logo\\\/image\\\/\",\"url\":\"https:\\\/\\\/magnetarmagnets.com\\\/wp-content\\\/uploads\\\/2025\\\/05\\\/Logo-03_PNG-Black-scaled.png\",\"contentUrl\":\"https:\\\/\\\/magnetarmagnets.com\\\/wp-content\\\/uploads\\\/2025\\\/05\\\/Logo-03_PNG-Black-scaled.png\",\"width\":2560,\"height\":1658,\"caption\":\"Magnetar\"},\"image\":{\"@id\":\"https:\\\/\\\/magnetarmagnets.com\\\/cs\\\/#\\\/schema\\\/logo\\\/image\\\/\"},\"sameAs\":[\"https:\\\/\\\/www.facebook.com\\\/fishingmagnets\\\/\",\"https:\\\/\\\/www.instagram.com\\\/magnetar_magnets\\\/\",\"https:\\\/\\\/www.linkedin.com\\\/company\\\/magnetarbv\\\/?originalSubdomain=nl\",\"https:\\\/\\\/www.youtube.com\\\/c\\\/MagnetarVismagneet\"]}]}<\/script>\n<!-- \/ Yoast SEO plugin. -->","yoast_head_json":{"title":"Magnet s h\u00e1\u010dkem - Magnet fishing with a Magnetar fishing magnet","description":"Magnet s h\u00e1\u010dkem - nezbytn\u00fd ryb\u00e1\u0159sk\u00fd n\u00e1stroj od Magnetar","robots":{"index":"index","follow":"follow","max-snippet":"max-snippet:-1","max-image-preview":"max-image-preview:large","max-video-preview":"max-video-preview:-1"},"canonical":"https:\/\/magnetarmagnets.com\/cs\/shop\/magnet-s-hackem\/","og_locale":"cs_CZ","og_type":"article","og_title":"Magnet s h\u00e1\u010dkem - Magnet fishing with a Magnetar fishing magnet","og_description":"Magnet s h\u00e1\u010dkem - nezbytn\u00fd ryb\u00e1\u0159sk\u00fd n\u00e1stroj od Magnetar","og_url":"https:\/\/magnetarmagnets.com\/cs\/shop\/magnet-s-hackem\/","og_site_name":"Magnet fishing with a Magnetar fishing magnet","article_publisher":"https:\/\/www.facebook.com\/fishingmagnets\/","article_modified_time":"2026-04-03T18:39:41+00:00","og_image":[{"width":1000,"height":1000,"url":"https:\/\/magnetarmagnets.com\/wp-content\/uploads\/2019\/12\/6pc-magnet-with-hook.jpg","type":"image\/jpeg"}],"twitter_card":"summary_large_image","twitter_misc":{"Odhadovan\u00e1 doba \u010dten\u00ed":"2 minuty"},"schema":{"@context":"https:\/\/schema.org","@graph":[{"@type":["WebPage","ItemPage"],"@id":"https:\/\/magnetarmagnets.com\/cs\/shop\/magnet-s-hackem\/","url":"https:\/\/magnetarmagnets.com\/cs\/shop\/magnet-s-hackem\/","name":"Magnet s h\u00e1\u010dkem - Magnet fishing with a Magnetar fishing magnet","isPartOf":{"@id":"https:\/\/magnetarmagnets.com\/cs\/#website"},"primaryImageOfPage":{"@id":"https:\/\/magnetarmagnets.com\/cs\/shop\/magnet-s-hackem\/#primaryimage"},"image":{"@id":"https:\/\/magnetarmagnets.com\/cs\/shop\/magnet-s-hackem\/#primaryimage"},"thumbnailUrl":"https:\/\/magnetarmagnets.com\/wp-content\/uploads\/2019\/12\/6pc-magnet-with-hook.jpg","datePublished":"2025-06-05T07:54:14+00:00","dateModified":"2026-04-03T18:39:41+00:00","description":"Magnet s h\u00e1\u010dkem - nezbytn\u00fd ryb\u00e1\u0159sk\u00fd n\u00e1stroj od Magnetar","breadcrumb":{"@id":"https:\/\/magnetarmagnets.com\/cs\/shop\/magnet-s-hackem\/#breadcrumb"},"inLanguage":"cs","potentialAction":[{"@type":"ReadAction","target":["https:\/\/magnetarmagnets.com\/cs\/shop\/magnet-s-hackem\/"]}]},{"@type":"ImageObject","inLanguage":"cs","@id":"https:\/\/magnetarmagnets.com\/cs\/shop\/magnet-s-hackem\/#primaryimage","url":"https:\/\/magnetarmagnets.com\/wp-content\/uploads\/2019\/12\/6pc-magnet-with-hook.jpg","contentUrl":"https:\/\/magnetarmagnets.com\/wp-content\/uploads\/2019\/12\/6pc-magnet-with-hook.jpg","width":1000,"height":1000,"caption":"6pc magnet with hook"},{"@type":"BreadcrumbList","@id":"https:\/\/magnetarmagnets.com\/cs\/shop\/magnet-s-hackem\/#breadcrumb","itemListElement":[{"@type":"ListItem","position":1,"name":"Home","item":"https:\/\/magnetarmagnets.com\/cs\/"},{"@type":"ListItem","position":2,"name":"Obchod","item":"https:\/\/magnetarmagnets.com\/obchod\/"},{"@type":"ListItem","position":3,"name":"All products","item":"https:\/\/magnetarmagnets.com\/collections\/all-products\/"},{"@type":"ListItem","position":4,"name":"Magnet s h\u00e1\u010dkem"}]},{"@type":"WebSite","@id":"https:\/\/magnetarmagnets.com\/cs\/#website","url":"https:\/\/magnetarmagnets.com\/cs\/","name":"Magnet fishing with a Magnetar fishing magnet","description":"Siln\u00e9 magnety na magnet fishing","publisher":{"@id":"https:\/\/magnetarmagnets.com\/cs\/#organization"},"potentialAction":[{"@type":"SearchAction","target":{"@type":"EntryPoint","urlTemplate":"https:\/\/magnetarmagnets.com\/cs\/?s={search_term_string}"},"query-input":{"@type":"PropertyValueSpecification","valueRequired":true,"valueName":"search_term_string"}}],"inLanguage":"cs"},{"@type":"Organization","@id":"https:\/\/magnetarmagnets.com\/cs\/#organization","name":"Magnetar","url":"https:\/\/magnetarmagnets.com\/cs\/","logo":{"@type":"ImageObject","inLanguage":"cs","@id":"https:\/\/magnetarmagnets.com\/cs\/#\/schema\/logo\/image\/","url":"https:\/\/magnetarmagnets.com\/wp-content\/uploads\/2025\/05\/Logo-03_PNG-Black-scaled.png","contentUrl":"https:\/\/magnetarmagnets.com\/wp-content\/uploads\/2025\/05\/Logo-03_PNG-Black-scaled.png","width":2560,"height":1658,"caption":"Magnetar"},"image":{"@id":"https:\/\/magnetarmagnets.com\/cs\/#\/schema\/logo\/image\/"},"sameAs":["https:\/\/www.facebook.com\/fishingmagnets\/","https:\/\/www.instagram.com\/magnetar_magnets\/","https:\/\/www.linkedin.com\/company\/magnetarbv\/?originalSubdomain=nl","https:\/\/www.youtube.com\/c\/MagnetarVismagneet"]}]}},"_links":{"self":[{"href":"https:\/\/magnetarmagnets.com\/cs\/wp-json\/wp\/v2\/product\/83249","targetHints":{"allow":["GET"]}}],"collection":[{"href":"https:\/\/magnetarmagnets.com\/cs\/wp-json\/wp\/v2\/product"}],"about":[{"href":"https:\/\/magnetarmagnets.com\/cs\/wp-json\/wp\/v2\/types\/product"}],"replies":[{"embeddable":true,"href":"https:\/\/magnetarmagnets.com\/cs\/wp-json\/wp\/v2\/comments?post=83249"}],"version-history":[{"count":0,"href":"https:\/\/magnetarmagnets.com\/cs\/wp-json\/wp\/v2\/product\/83249\/revisions"}],"wp:featuredmedia":[{"embeddable":true,"href":"https:\/\/magnetarmagnets.com\/cs\/wp-json\/wp\/v2\/media\/77728"}],"wp:attachment":[{"href":"https:\/\/magnetarmagnets.com\/cs\/wp-json\/wp\/v2\/media?parent=83249"}],"wp:term":[{"taxonomy":"product_brand","embeddable":true,"href":"https:\/\/magnetarmagnets.com\/cs\/wp-json\/wp\/v2\/product_brand?post=83249"},{"taxonomy":"product_cat","embeddable":true,"href":"https:\/\/magnetarmagnets.com\/cs\/wp-json\/wp\/v2\/product_cat?post=83249"},{"taxonomy":"product_tag","embeddable":true,"href":"https:\/\/magnetarmagnets.com\/cs\/wp-json\/wp\/v2\/product_tag?post=83249"}],"curies":[{"name":"wp","href":"https:\/\/api.w.org\/{rel}","templated":true}]}}