{"id":83246,"date":"2025-06-05T09:54:15","date_gmt":"2025-06-05T07:54:15","guid":{"rendered":"https:\/\/magnetarmagnets.com\/?post_type=product&#038;p=83246"},"modified":"2026-04-04T09:02:41","modified_gmt":"2026-04-04T07:02:41","slug":"balicek-rybarskeho-prutu-1-0-280-kg-snadny-allround-360","status":"publish","type":"product","link":"https:\/\/magnetarmagnets.com\/cs\/shop\/balicek-rybarskeho-prutu-1-0-280-kg-snadny-allround-360\/","title":{"rendered":"Bal\u00ed\u010dek ryb\u00e1\u0159sk\u00e9ho prutu 1.0 &#8211; 280 kg &#8211; Snadn\u00fd &#8211; Allround 360\u00b0"},"content":{"rendered":"<ul>\n \t<li style=\"font-weight: 400;\"><span style=\"font-weight: 400;\">Extra dlouh\u00fd ryb\u00e1\u0159sk\u00fd prut: 3 metry (3&#215;1 metr)<\/span><\/li>\n \t<li style=\"font-weight: 400;\"><span style=\"font-weight: 400;\">Rychl\u00e1 mont\u00e1\u017e a demont\u00e1\u017e<\/span><\/li>\n \t<li style=\"font-weight: 400;\"><span style=\"font-weight: 400;\">Pln\u011b p\u0159ipraven pro magnet fishing<\/span><\/li>\n \t<li style=\"font-weight: 400;\"><span style=\"font-weight: 400;\">Hlin\u00edkov\u00fd prut, kter\u00fd neru\u0161\u00ed a je extra lehk\u00fd<\/span><\/li>\n \t<li style=\"font-weight: 400;\"><span style=\"font-weight: 400;\">Perfektn\u00ed v\u00e1ha 1,3 kg \/ 2,9 lb<\/span><\/li>\n \t<li style=\"font-weight: 400;\"><span style=\"font-weight: 400;\">Snadno p\u0159enosn\u00fd<\/span><\/li>\n \t<li style=\"font-weight: 400;\"><span style=\"font-weight: 400;\">Sou\u010d\u00e1st\u00ed je \u00falo\u017en\u00e1 ta\u0161ka<\/span><\/li>\n \t<li style=\"font-weight: 400;\"><span style=\"font-weight: 400;\">Sou\u010d\u00e1st\u00ed jsou i upev\u0148ovac\u00ed prvky na lano<\/span><\/li>\n \t<li style=\"font-weight: 400;\"><span style=\"font-weight: 400;\">Extra sleva na bal\u00ed\u010dek!<\/span><\/li>\n<\/ul>\n<strong>Chcete-li pou\u017e\u00edt siln\u011bj\u0161\u00ed magnet na sv\u016fj ryb\u00e1\u0159sk\u00fd prut, pod\u00edvejte se na n\u00e1\u0161 bal\u00ed\u010dek ryb\u00e1\u0159sk\u00e9ho prutu 2!<\/strong>\n\n<span style=\"font-weight: 400;\">Chcete za\u010d\u00edt s magnet fishing a hled\u00e1te spr\u00e1vn\u00e9 vybaven\u00ed? Pak je bal\u00ed\u010dek ryb\u00e1\u0159sk\u00e9ho prutu ide\u00e1ln\u00ed volbou! Bal\u00ed\u010dek obsahuje prut \u201eLange Jan\u201c, <a href=\"https:\/\/magnetarmagnets.com\/shop\/easy-magnet\/\">snadn\u00fd ryb\u00e1\u0159sk\u00fd magnet<\/a>, <a href=\"https:\/\/magnetarmagnets.com\/shop\/gloves-waterproof\/\">vod\u011bodoln\u00e9 rukavice<\/a>, <a href=\"https:\/\/magnetarmagnets.com\/shop\/lock-glue-metal\/\">z\u00e1mkov\u00fd lepidlo<\/a> a \u00falo\u017enou ta\u0161ku na prut. Pou\u017e\u00edv\u00e1n\u00edm \u201eLange Jan\u201c dos\u00e1hnete hloub\u011bji do bahna ne\u017e s lanem, tak\u017ee m\u00e1te v\u011bt\u0161\u00ed \u0161anci naj\u00edt p\u0159edm\u011bty hluboko v bahn\u011b. Chcete vyt\u00e1hnout v\u0161e z vody nebo hled\u00e1te rozmanitost p\u0159i magnet fishing? Pak je to spr\u00e1vn\u00e1 volba.<\/span>\n\n<strong>Ryb\u00e1\u0159sk\u00fd prut pro magnet fishing?<\/strong>\n\n<span style=\"font-weight: 400;\">Pravd\u011bpodobn\u011b zn\u00e1te magnet fishing s lanem, ale sly\u0161eli jste u\u017e o magnet fishing s ryb\u00e1\u0159sk\u00fdm prutem? Je to jednodu\u0161\u0161\u00ed zp\u016fsob, jak dos\u00e1hnout na p\u0159edm\u011bty hluboko pod bahnem nebo mezi r\u00e1kos\u00edm. P\u0159i pou\u017eit\u00ed ryb\u00e1\u0159sk\u00e9ho magnetu s lanem nikdy nedos\u00e1hnete na p\u0159edm\u011bty 1 metr do bahna, ale s Magnetar ryb\u00e1\u0159sk\u00fdm prutem to mo\u017en\u00e9 je. Chcete, aby tyto poklady z\u016fstaly skryt\u00e9? Nebo chcete pou\u017e\u00edt n\u00e1\u0161 ryb\u00e1\u0159sk\u00fd prut a ryb\u00e1\u0159sk\u00fd magnet k vyta\u017een\u00ed v\u0161ech poklad\u016f?<\/span>\n\nKlikn\u011bte pro zhl\u00e9dnut\u00ed u\u017eite\u010dn\u00e9ho <a href=\"https:\/\/www.youtube.com\/watch?v=zK9xbaohgCw\">instrukt\u00e1\u017en\u00edho videa pro sestaven\u00ed ryb\u00e1\u0159sk\u00e9ho prutu<\/a>.\n\n<h2><b>Ochrann\u00fd kryt<\/b><\/h2>\nOchrann\u00fd kryt, kter\u00fd je sou\u010d\u00e1st\u00ed tohoto bal\u00ed\u010dku, je perfektn\u00edm dopl\u0148kem pro magnet fishing nad\u0161ence, kte\u0159\u00ed cht\u011bj\u00ed chr\u00e1nit sv\u00e9 neodymov\u00e9 magnety b\u011bhem pou\u017e\u00edv\u00e1n\u00ed. Tyto odoln\u00e9 kryty jsou speci\u00e1ln\u011b navr\u017eeny tak, aby perfektn\u011b sed\u011bly na magnet a poskytovaly dal\u0161\u00ed vrstvu ochrany proti po\u0161kr\u00e1b\u00e1n\u00ed, prasknut\u00ed a jin\u00e9mu po\u0161kozen\u00ed. Na\u0161e ochrann\u00e9 kryty jsou vyrobeny tak, aby vydr\u017eely i ty nejn\u00e1ro\u010dn\u011bj\u0161\u00ed podm\u00ednky. Ochrann\u00fd kryt je vyroben z nerezov\u00e9 oceli. To zaji\u0161\u0165uje, \u017ee v\u00e1\u0161 magnet z\u016fst\u00e1v\u00e1 magnetick\u00fd 360\u00b0. S na\u0161imi ochrann\u00fdmi kryty si m\u016f\u017eete u\u017e\u00edvat magnet fishing bez obav z po\u0161kozen\u00ed va\u0161eho cenn\u00e9ho ryb\u00e1\u0159sk\u00e9ho magnetu.\n\n(Pros\u00edm, m\u011bjte na pam\u011bti, \u017ee spodn\u00ed \u010d\u00e1st magnetu nen\u00ed krytem chr\u00e1n\u011bna)","protected":false},"excerpt":{"rendered":"<p>Chcete magnetick\u00e9 ryba\u0159en\u00ed s <strong>p\u0159esnost\u00ed<\/strong>? To m\u016f\u017eete s <strong>bal\u00ed\u010dkem ryb\u00e1\u0159sk\u00e9ho prutu 1.0<\/strong>! <strong>Spojte<\/strong> allround 360\u00b0 snadn\u00fd ryb\u00e1\u0159sk\u00fd magnet s na\u0161\u00edm Magnetick\u00fdm prutem.<\/p>\n","protected":false},"featured_media":80452,"comment_status":"open","ping_status":"closed","template":"","meta":{"_acf_changed":false,"inline_featured_image":false},"product_brand":[],"product_cat":[586,581,593,594,587],"product_tag":[],"class_list":{"0":"post-83246","1":"product","2":"type-product","3":"status-publish","4":"has-post-thumbnail","6":"product_cat-allround-magnesy-do-lowienia-360","7":"product_cat-magnesy-do-lowienia","8":"product_cat-poczatkujacy-i-dzieci","9":"product_cat-zaawansowani-poszukiwacze-przygod","10":"product_cat-zestaw-do-lowienia-magnesem","12":"first","13":"instock","14":"sale","15":"taxable","16":"shipping-taxable","17":"purchasable","18":"product-type-simple"},"acf":[],"yoast_head":"<!-- This site is optimized with the Yoast SEO plugin v27.3 - https:\/\/yoast.com\/product\/yoast-seo-wordpress\/ -->\n<title>Bal\u00ed\u010dek ryb\u00e1\u0159sk\u00e9ho prutu 1.0 - 280 kg - Snadn\u00fd - Allround 360\u00b0 - Magnet fishing with a Magnetar fishing magnet<\/title>\n<meta name=\"description\" content=\"Bal\u00ed\u010dek ryb\u00e1\u0159sk\u00e9ho prutu 1.0 - 280 Kg Snadn\u00fd - Magnetar\" \/>\n<meta name=\"robots\" content=\"index, follow, max-snippet:-1, max-image-preview:large, max-video-preview:-1\" \/>\n<link rel=\"canonical\" href=\"https:\/\/magnetarmagnets.com\/cs\/shop\/balicek-rybarskeho-prutu-1-0-280-kg-snadny-allround-360\/\" \/>\n<meta property=\"og:locale\" content=\"cs_CZ\" \/>\n<meta property=\"og:type\" content=\"article\" \/>\n<meta property=\"og:title\" content=\"Bal\u00ed\u010dek ryb\u00e1\u0159sk\u00e9ho prutu 1.0 - 280 kg - Snadn\u00fd - Allround 360\u00b0 - Magnet fishing with a Magnetar fishing magnet\" \/>\n<meta property=\"og:description\" content=\"Bal\u00ed\u010dek ryb\u00e1\u0159sk\u00e9ho prutu 1.0 - 280 Kg Snadn\u00fd - Magnetar\" \/>\n<meta property=\"og:url\" content=\"https:\/\/magnetarmagnets.com\/cs\/shop\/balicek-rybarskeho-prutu-1-0-280-kg-snadny-allround-360\/\" \/>\n<meta property=\"og:site_name\" content=\"Magnet fishing with a Magnetar fishing magnet\" \/>\n<meta property=\"article:publisher\" content=\"https:\/\/www.facebook.com\/fishingmagnets\/\" \/>\n<meta property=\"article:modified_time\" content=\"2026-04-04T07:02:41+00:00\" \/>\n<meta property=\"og:image\" content=\"https:\/\/magnetarmagnets.com\/wp-content\/uploads\/2019\/06\/deep-seeker-package-1.jpg\" \/>\n\t<meta property=\"og:image:width\" content=\"1500\" \/>\n\t<meta property=\"og:image:height\" content=\"1500\" \/>\n\t<meta property=\"og:image:type\" content=\"image\/jpeg\" \/>\n<meta name=\"twitter:card\" content=\"summary_large_image\" \/>\n<meta name=\"twitter:label1\" content=\"Odhadovan\u00e1 doba \u010dten\u00ed\" \/>\n\t<meta name=\"twitter:data1\" content=\"2 minuty\" \/>\n<script type=\"application\/ld+json\" class=\"yoast-schema-graph\">{\"@context\":\"https:\\\/\\\/schema.org\",\"@graph\":[{\"@type\":[\"WebPage\",\"ItemPage\"],\"@id\":\"https:\\\/\\\/magnetarmagnets.com\\\/cs\\\/shop\\\/balicek-rybarskeho-prutu-1-0-280-kg-snadny-allround-360\\\/\",\"url\":\"https:\\\/\\\/magnetarmagnets.com\\\/cs\\\/shop\\\/balicek-rybarskeho-prutu-1-0-280-kg-snadny-allround-360\\\/\",\"name\":\"Bal\u00ed\u010dek ryb\u00e1\u0159sk\u00e9ho prutu 1.0 - 280 kg - Snadn\u00fd - Allround 360\u00b0 - Magnet fishing with a Magnetar fishing magnet\",\"isPartOf\":{\"@id\":\"https:\\\/\\\/magnetarmagnets.com\\\/cs\\\/#website\"},\"primaryImageOfPage\":{\"@id\":\"https:\\\/\\\/magnetarmagnets.com\\\/cs\\\/shop\\\/balicek-rybarskeho-prutu-1-0-280-kg-snadny-allround-360\\\/#primaryimage\"},\"image\":{\"@id\":\"https:\\\/\\\/magnetarmagnets.com\\\/cs\\\/shop\\\/balicek-rybarskeho-prutu-1-0-280-kg-snadny-allround-360\\\/#primaryimage\"},\"thumbnailUrl\":\"https:\\\/\\\/magnetarmagnets.com\\\/wp-content\\\/uploads\\\/2019\\\/06\\\/deep-seeker-package-1.jpg\",\"datePublished\":\"2025-06-05T07:54:15+00:00\",\"dateModified\":\"2026-04-04T07:02:41+00:00\",\"description\":\"Bal\u00ed\u010dek ryb\u00e1\u0159sk\u00e9ho prutu 1.0 - 280 Kg Snadn\u00fd - Magnetar\",\"breadcrumb\":{\"@id\":\"https:\\\/\\\/magnetarmagnets.com\\\/cs\\\/shop\\\/balicek-rybarskeho-prutu-1-0-280-kg-snadny-allround-360\\\/#breadcrumb\"},\"inLanguage\":\"cs\",\"potentialAction\":[{\"@type\":\"ReadAction\",\"target\":[\"https:\\\/\\\/magnetarmagnets.com\\\/cs\\\/shop\\\/balicek-rybarskeho-prutu-1-0-280-kg-snadny-allround-360\\\/\"]}]},{\"@type\":\"ImageObject\",\"inLanguage\":\"cs\",\"@id\":\"https:\\\/\\\/magnetarmagnets.com\\\/cs\\\/shop\\\/balicek-rybarskeho-prutu-1-0-280-kg-snadny-allround-360\\\/#primaryimage\",\"url\":\"https:\\\/\\\/magnetarmagnets.com\\\/wp-content\\\/uploads\\\/2019\\\/06\\\/deep-seeker-package-1.jpg\",\"contentUrl\":\"https:\\\/\\\/magnetarmagnets.com\\\/wp-content\\\/uploads\\\/2019\\\/06\\\/deep-seeker-package-1.jpg\",\"width\":1500,\"height\":1500,\"caption\":\"The best fishing magnet set for precise magnet fishing.\"},{\"@type\":\"BreadcrumbList\",\"@id\":\"https:\\\/\\\/magnetarmagnets.com\\\/cs\\\/shop\\\/balicek-rybarskeho-prutu-1-0-280-kg-snadny-allround-360\\\/#breadcrumb\",\"itemListElement\":[{\"@type\":\"ListItem\",\"position\":1,\"name\":\"Home\",\"item\":\"https:\\\/\\\/magnetarmagnets.com\\\/cs\\\/\"},{\"@type\":\"ListItem\",\"position\":2,\"name\":\"Obchod\",\"item\":\"https:\\\/\\\/magnetarmagnets.com\\\/obchod\\\/\"},{\"@type\":\"ListItem\",\"position\":3,\"name\":\"Fishing magnety\",\"item\":\"https:\\\/\\\/magnetarmagnets.com\\\/cs\\\/collections\\\/fishing-magnets-cs\\\/\"},{\"@type\":\"ListItem\",\"position\":4,\"name\":\"Allround fishing magnety 360\u00b0\",\"item\":\"https:\\\/\\\/magnetarmagnets.com\\\/cs\\\/collections\\\/fishing-magnets-cs\\\/allround-fishing-magnety-360\\\/\"},{\"@type\":\"ListItem\",\"position\":5,\"name\":\"Bal\u00ed\u010dek ryb\u00e1\u0159sk\u00e9ho prutu 1.0 &#8211; 280 kg &#8211; Snadn\u00fd &#8211; Allround 360\u00b0\"}]},{\"@type\":\"WebSite\",\"@id\":\"https:\\\/\\\/magnetarmagnets.com\\\/cs\\\/#website\",\"url\":\"https:\\\/\\\/magnetarmagnets.com\\\/cs\\\/\",\"name\":\"Magnet fishing with a Magnetar fishing magnet\",\"description\":\"Siln\u00e9 magnety na magnet fishing\",\"publisher\":{\"@id\":\"https:\\\/\\\/magnetarmagnets.com\\\/cs\\\/#organization\"},\"potentialAction\":[{\"@type\":\"SearchAction\",\"target\":{\"@type\":\"EntryPoint\",\"urlTemplate\":\"https:\\\/\\\/magnetarmagnets.com\\\/cs\\\/?s={search_term_string}\"},\"query-input\":{\"@type\":\"PropertyValueSpecification\",\"valueRequired\":true,\"valueName\":\"search_term_string\"}}],\"inLanguage\":\"cs\"},{\"@type\":\"Organization\",\"@id\":\"https:\\\/\\\/magnetarmagnets.com\\\/cs\\\/#organization\",\"name\":\"Magnetar\",\"url\":\"https:\\\/\\\/magnetarmagnets.com\\\/cs\\\/\",\"logo\":{\"@type\":\"ImageObject\",\"inLanguage\":\"cs\",\"@id\":\"https:\\\/\\\/magnetarmagnets.com\\\/cs\\\/#\\\/schema\\\/logo\\\/image\\\/\",\"url\":\"https:\\\/\\\/magnetarmagnets.com\\\/wp-content\\\/uploads\\\/2025\\\/05\\\/Logo-03_PNG-Black-scaled.png\",\"contentUrl\":\"https:\\\/\\\/magnetarmagnets.com\\\/wp-content\\\/uploads\\\/2025\\\/05\\\/Logo-03_PNG-Black-scaled.png\",\"width\":2560,\"height\":1658,\"caption\":\"Magnetar\"},\"image\":{\"@id\":\"https:\\\/\\\/magnetarmagnets.com\\\/cs\\\/#\\\/schema\\\/logo\\\/image\\\/\"},\"sameAs\":[\"https:\\\/\\\/www.facebook.com\\\/fishingmagnets\\\/\",\"https:\\\/\\\/www.instagram.com\\\/magnetar_magnets\\\/\",\"https:\\\/\\\/www.linkedin.com\\\/company\\\/magnetarbv\\\/?originalSubdomain=nl\",\"https:\\\/\\\/www.youtube.com\\\/c\\\/MagnetarVismagneet\"]}]}<\/script>\n<!-- \/ Yoast SEO plugin. -->","yoast_head_json":{"title":"Bal\u00ed\u010dek ryb\u00e1\u0159sk\u00e9ho prutu 1.0 - 280 kg - Snadn\u00fd - Allround 360\u00b0 - Magnet fishing with a Magnetar fishing magnet","description":"Bal\u00ed\u010dek ryb\u00e1\u0159sk\u00e9ho prutu 1.0 - 280 Kg Snadn\u00fd - Magnetar","robots":{"index":"index","follow":"follow","max-snippet":"max-snippet:-1","max-image-preview":"max-image-preview:large","max-video-preview":"max-video-preview:-1"},"canonical":"https:\/\/magnetarmagnets.com\/cs\/shop\/balicek-rybarskeho-prutu-1-0-280-kg-snadny-allround-360\/","og_locale":"cs_CZ","og_type":"article","og_title":"Bal\u00ed\u010dek ryb\u00e1\u0159sk\u00e9ho prutu 1.0 - 280 kg - Snadn\u00fd - Allround 360\u00b0 - Magnet fishing with a Magnetar fishing magnet","og_description":"Bal\u00ed\u010dek ryb\u00e1\u0159sk\u00e9ho prutu 1.0 - 280 Kg Snadn\u00fd - Magnetar","og_url":"https:\/\/magnetarmagnets.com\/cs\/shop\/balicek-rybarskeho-prutu-1-0-280-kg-snadny-allround-360\/","og_site_name":"Magnet fishing with a Magnetar fishing magnet","article_publisher":"https:\/\/www.facebook.com\/fishingmagnets\/","article_modified_time":"2026-04-04T07:02:41+00:00","og_image":[{"width":1500,"height":1500,"url":"https:\/\/magnetarmagnets.com\/wp-content\/uploads\/2019\/06\/deep-seeker-package-1.jpg","type":"image\/jpeg"}],"twitter_card":"summary_large_image","twitter_misc":{"Odhadovan\u00e1 doba \u010dten\u00ed":"2 minuty"},"schema":{"@context":"https:\/\/schema.org","@graph":[{"@type":["WebPage","ItemPage"],"@id":"https:\/\/magnetarmagnets.com\/cs\/shop\/balicek-rybarskeho-prutu-1-0-280-kg-snadny-allround-360\/","url":"https:\/\/magnetarmagnets.com\/cs\/shop\/balicek-rybarskeho-prutu-1-0-280-kg-snadny-allround-360\/","name":"Bal\u00ed\u010dek ryb\u00e1\u0159sk\u00e9ho prutu 1.0 - 280 kg - Snadn\u00fd - Allround 360\u00b0 - Magnet fishing with a Magnetar fishing magnet","isPartOf":{"@id":"https:\/\/magnetarmagnets.com\/cs\/#website"},"primaryImageOfPage":{"@id":"https:\/\/magnetarmagnets.com\/cs\/shop\/balicek-rybarskeho-prutu-1-0-280-kg-snadny-allround-360\/#primaryimage"},"image":{"@id":"https:\/\/magnetarmagnets.com\/cs\/shop\/balicek-rybarskeho-prutu-1-0-280-kg-snadny-allround-360\/#primaryimage"},"thumbnailUrl":"https:\/\/magnetarmagnets.com\/wp-content\/uploads\/2019\/06\/deep-seeker-package-1.jpg","datePublished":"2025-06-05T07:54:15+00:00","dateModified":"2026-04-04T07:02:41+00:00","description":"Bal\u00ed\u010dek ryb\u00e1\u0159sk\u00e9ho prutu 1.0 - 280 Kg Snadn\u00fd - Magnetar","breadcrumb":{"@id":"https:\/\/magnetarmagnets.com\/cs\/shop\/balicek-rybarskeho-prutu-1-0-280-kg-snadny-allround-360\/#breadcrumb"},"inLanguage":"cs","potentialAction":[{"@type":"ReadAction","target":["https:\/\/magnetarmagnets.com\/cs\/shop\/balicek-rybarskeho-prutu-1-0-280-kg-snadny-allround-360\/"]}]},{"@type":"ImageObject","inLanguage":"cs","@id":"https:\/\/magnetarmagnets.com\/cs\/shop\/balicek-rybarskeho-prutu-1-0-280-kg-snadny-allround-360\/#primaryimage","url":"https:\/\/magnetarmagnets.com\/wp-content\/uploads\/2019\/06\/deep-seeker-package-1.jpg","contentUrl":"https:\/\/magnetarmagnets.com\/wp-content\/uploads\/2019\/06\/deep-seeker-package-1.jpg","width":1500,"height":1500,"caption":"The best fishing magnet set for precise magnet fishing."},{"@type":"BreadcrumbList","@id":"https:\/\/magnetarmagnets.com\/cs\/shop\/balicek-rybarskeho-prutu-1-0-280-kg-snadny-allround-360\/#breadcrumb","itemListElement":[{"@type":"ListItem","position":1,"name":"Home","item":"https:\/\/magnetarmagnets.com\/cs\/"},{"@type":"ListItem","position":2,"name":"Obchod","item":"https:\/\/magnetarmagnets.com\/obchod\/"},{"@type":"ListItem","position":3,"name":"Fishing magnety","item":"https:\/\/magnetarmagnets.com\/cs\/collections\/fishing-magnets-cs\/"},{"@type":"ListItem","position":4,"name":"Allround fishing magnety 360\u00b0","item":"https:\/\/magnetarmagnets.com\/cs\/collections\/fishing-magnets-cs\/allround-fishing-magnety-360\/"},{"@type":"ListItem","position":5,"name":"Bal\u00ed\u010dek ryb\u00e1\u0159sk\u00e9ho prutu 1.0 &#8211; 280 kg &#8211; Snadn\u00fd &#8211; Allround 360\u00b0"}]},{"@type":"WebSite","@id":"https:\/\/magnetarmagnets.com\/cs\/#website","url":"https:\/\/magnetarmagnets.com\/cs\/","name":"Magnet fishing with a Magnetar fishing magnet","description":"Siln\u00e9 magnety na magnet fishing","publisher":{"@id":"https:\/\/magnetarmagnets.com\/cs\/#organization"},"potentialAction":[{"@type":"SearchAction","target":{"@type":"EntryPoint","urlTemplate":"https:\/\/magnetarmagnets.com\/cs\/?s={search_term_string}"},"query-input":{"@type":"PropertyValueSpecification","valueRequired":true,"valueName":"search_term_string"}}],"inLanguage":"cs"},{"@type":"Organization","@id":"https:\/\/magnetarmagnets.com\/cs\/#organization","name":"Magnetar","url":"https:\/\/magnetarmagnets.com\/cs\/","logo":{"@type":"ImageObject","inLanguage":"cs","@id":"https:\/\/magnetarmagnets.com\/cs\/#\/schema\/logo\/image\/","url":"https:\/\/magnetarmagnets.com\/wp-content\/uploads\/2025\/05\/Logo-03_PNG-Black-scaled.png","contentUrl":"https:\/\/magnetarmagnets.com\/wp-content\/uploads\/2025\/05\/Logo-03_PNG-Black-scaled.png","width":2560,"height":1658,"caption":"Magnetar"},"image":{"@id":"https:\/\/magnetarmagnets.com\/cs\/#\/schema\/logo\/image\/"},"sameAs":["https:\/\/www.facebook.com\/fishingmagnets\/","https:\/\/www.instagram.com\/magnetar_magnets\/","https:\/\/www.linkedin.com\/company\/magnetarbv\/?originalSubdomain=nl","https:\/\/www.youtube.com\/c\/MagnetarVismagneet"]}]}},"_links":{"self":[{"href":"https:\/\/magnetarmagnets.com\/cs\/wp-json\/wp\/v2\/product\/83246","targetHints":{"allow":["GET"]}}],"collection":[{"href":"https:\/\/magnetarmagnets.com\/cs\/wp-json\/wp\/v2\/product"}],"about":[{"href":"https:\/\/magnetarmagnets.com\/cs\/wp-json\/wp\/v2\/types\/product"}],"replies":[{"embeddable":true,"href":"https:\/\/magnetarmagnets.com\/cs\/wp-json\/wp\/v2\/comments?post=83246"}],"version-history":[{"count":1,"href":"https:\/\/magnetarmagnets.com\/cs\/wp-json\/wp\/v2\/product\/83246\/revisions"}],"predecessor-version":[{"id":95352,"href":"https:\/\/magnetarmagnets.com\/cs\/wp-json\/wp\/v2\/product\/83246\/revisions\/95352"}],"wp:featuredmedia":[{"embeddable":true,"href":"https:\/\/magnetarmagnets.com\/cs\/wp-json\/wp\/v2\/media\/80452"}],"wp:attachment":[{"href":"https:\/\/magnetarmagnets.com\/cs\/wp-json\/wp\/v2\/media?parent=83246"}],"wp:term":[{"taxonomy":"product_brand","embeddable":true,"href":"https:\/\/magnetarmagnets.com\/cs\/wp-json\/wp\/v2\/product_brand?post=83246"},{"taxonomy":"product_cat","embeddable":true,"href":"https:\/\/magnetarmagnets.com\/cs\/wp-json\/wp\/v2\/product_cat?post=83246"},{"taxonomy":"product_tag","embeddable":true,"href":"https:\/\/magnetarmagnets.com\/cs\/wp-json\/wp\/v2\/product_tag?post=83246"}],"curies":[{"name":"wp","href":"https:\/\/api.w.org\/{rel}","templated":true}]}}