{"id":83245,"date":"2025-06-05T09:54:16","date_gmt":"2025-06-05T07:54:16","guid":{"rendered":"https:\/\/magnetarmagnets.com\/?post_type=product&#038;p=83245"},"modified":"2026-04-03T13:02:20","modified_gmt":"2026-04-03T11:02:20","slug":"hacek-na-magnet-fishing-tyc","status":"publish","type":"product","link":"https:\/\/magnetarmagnets.com\/cs\/shop\/hacek-na-magnet-fishing-tyc\/","title":{"rendered":"H\u00e1\u010dek na magnet fishing ty\u010d"},"content":{"rendered":"N\u011bkdy m\u016f\u017eete ve vod\u011b narazit na p\u0159edm\u011bt, kter\u00fd nelze vyt\u00e1hnout pouze pomoc\u00ed magnetu na ryba\u0159en\u00ed. Co v takov\u00e9 situaci d\u011blat? Pou\u017eijte h\u00e1\u010dek od Magnetar! Tento dopln\u011bk v\u00e1m umo\u017en\u00ed pevn\u011b uchopit i ty nejn\u00e1ro\u010dn\u011bj\u0161\u00ed objekty. Tento h\u00e1\u010dek je vybaven z\u00e1vitov\u00fdm koncem, kter\u00fd umo\u017e\u0148uje jeho p\u0159ipevn\u011bn\u00ed na na\u0161i &#8220;Lange Jan&#8221; &#8211; zkou\u0161ec\u00ed ty\u010d ur\u010denou pro magnet fishing.\n\n<h2>Vysoce kvalitn\u00ed h\u00e1\u010dek se z\u00e1vitov\u00fdm koncem<\/h2>\n\nTento h\u00e1\u010dek pro magnet fishing je vyroben z nerezov\u00e9 oceli. To zaji\u0161\u0165uje, \u017ee h\u00e1\u010dek s\u00e1m o sob\u011b nen\u00ed magnetick\u00fd a je odoln\u00fd proti korozi, p\u0159\u00edpadn\u011b koroduje minim\u00e1ln\u011b. Tento dopln\u011bk m\u016f\u017eete bez probl\u00e9m\u016f pou\u017e\u00edvat spole\u010dn\u011b s va\u0161\u00edm Magnetar magnetem na ryba\u0159en\u00ed. Velmi praktick\u00e9, \u017ee?\n\n\n\nTento n\u00e1stroj je speci\u00e1ln\u011b navr\u017een pro pou\u017eit\u00ed s Lange Jan. Lange Jan je zkou\u0161ec\u00ed ty\u010d, kter\u00e1 se obvykle pou\u017e\u00edv\u00e1 spole\u010dn\u011b s Magnetar <a href=\"https:\/\/magnetarmagnets.com\/strong-fishing-magnets\">magnetem na ryba\u0159en\u00ed<\/a>. Nyn\u00ed m\u016f\u017eete na Lange Jan tak\u00e9 p\u0159ipevnit h\u00e1\u010dek, co\u017e usnad\u0148uje c\u00edlen\u00ed na objekty pod vodou v\u00edce ne\u017e pouh\u00fdm lanem.\n\n<h2>Jak pou\u017e\u00edvat z\u00e1vitov\u00fd h\u00e1\u010dek?<\/h2>\n\nH\u00e1\u010dek pou\u017eijete nejprve k vyta\u017een\u00ed nemagnetick\u00fdch p\u0159edm\u011bt\u016f z vody. Pomoc\u00ed zkou\u0161ec\u00ed ty\u010de se pokuste jeden z hrot\u016f zah\u00e1knout za objekt. Pot\u00e9 objekt opatrn\u011b vyt\u00e1hn\u011bte nahoru.\n\n\n\nN\u011bkdy nemus\u00edte m\u00edt dostate\u010dn\u00fd \u00fachop na p\u0159edm\u011bt pouze pomoc\u00ed magnetu na ryba\u0159en\u00ed. H\u00e1\u010dek Magnetar p\u0159ich\u00e1z\u00ed na pomoc. Opatrn\u011b spus\u0165te h\u00e1\u010dek a pokuste se ho zah\u00e1knout za p\u0159edm\u011bt. Pot\u00e9 sou\u010dasn\u011b vyt\u00e1hn\u011bte magnet na ryba\u0159en\u00ed i h\u00e1\u010dek.\n\n<h2>Kvalita Magnetar<\/h2>\n\nMagnetar je mal\u00e1 rodinn\u00e1 firma veden\u00e1 opravdov\u00fdmi nad\u0161enci magnet fishingu. Kvalita je na\u0161\u00ed nejvy\u0161\u0161\u00ed prioritou a je to vid\u011bt na na\u0161ich produktech. V\u0161echny produkty jsou navr\u017eeny na\u0161\u00edm vlastn\u00edm t\u00fdmem, aby byla zaru\u010dena kvalita. Hled\u00e1te spolehliv\u00e9, efektivn\u00ed a kvalitn\u00ed vybaven\u00ed pro magnet fishing? Pak jste u Magnetar na spr\u00e1vn\u00e9m m\u00edst\u011b!\n\n<h2>Upozorn\u011bn\u00ed!<\/h2>\n\nZ\u00e1vitov\u00fd h\u00e1\u010dek by m\u011bl b\u00fdt pou\u017e\u00edv\u00e1n opatrn\u011b b\u011bhem i po magnet fishingu. Doporu\u010duje se produkt po pou\u017eit\u00ed vy\u010distit, aby se prodlou\u017eila jeho \u017eivotnost. Tak\u00e9 byste m\u011bli db\u00e1t na ostr\u00e9 hroty h\u00e1\u010dku. Ujist\u011bte se, \u017ee je produkt skladov\u00e1n tak, aby tyto hroty nep\u0159edstavovaly \u017e\u00e1dn\u00e9 nebezpe\u010d\u00ed.","protected":false},"excerpt":{"rendered":"<p>Na na\u0161i magnet fishing ty\u010d &#8216;Lange Jan&#8217; p\u0159ipevn\u00edte tento <strong>z\u00e1vitov\u00fd h\u00e1\u010dek<\/strong>. D\u00edky tomu m\u016f\u017eete h\u00e1\u010dek pou\u017e\u00edvat je\u0161t\u011b <strong>efektivn\u011bji<\/strong>.<\/p>\n","protected":false},"featured_media":79736,"comment_status":"open","ping_status":"closed","template":"","meta":{"_acf_changed":false,"inline_featured_image":false},"product_brand":[],"product_cat":[588,589],"product_tag":[],"class_list":{"0":"post-83245","1":"product","2":"type-product","3":"status-publish","4":"has-post-thumbnail","6":"product_cat-sprzet","7":"product_cat-sprzet-do-lowienia-magnesem","9":"first","10":"instock","11":"taxable","12":"shipping-taxable","13":"purchasable","14":"product-type-simple"},"acf":[],"yoast_head":"<!-- This site is optimized with the Yoast SEO plugin v27.3 - https:\/\/yoast.com\/product\/yoast-seo-wordpress\/ -->\n<title>H\u00e1\u010dek na magnet fishing ty\u010d<\/title>\n<meta name=\"description\" content=\"H\u00e1\u010dek pro magnet fishing - z\u00e1kladn\u00ed vybaven\u00ed Magnetar\" \/>\n<meta name=\"robots\" content=\"index, follow, max-snippet:-1, max-image-preview:large, max-video-preview:-1\" \/>\n<link rel=\"canonical\" href=\"https:\/\/magnetarmagnets.com\/cs\/shop\/hacek-na-magnet-fishing-tyc\/\" \/>\n<meta property=\"og:locale\" content=\"cs_CZ\" \/>\n<meta property=\"og:type\" content=\"article\" \/>\n<meta property=\"og:title\" content=\"H\u00e1\u010dek na magnet fishing ty\u010d\" \/>\n<meta property=\"og:description\" content=\"H\u00e1\u010dek pro magnet fishing - z\u00e1kladn\u00ed vybaven\u00ed Magnetar\" \/>\n<meta property=\"og:url\" content=\"https:\/\/magnetarmagnets.com\/cs\/shop\/hacek-na-magnet-fishing-tyc\/\" \/>\n<meta property=\"og:site_name\" content=\"Magnet fishing with a Magnetar fishing magnet\" \/>\n<meta property=\"article:publisher\" content=\"https:\/\/www.facebook.com\/fishingmagnets\/\" \/>\n<meta property=\"article:modified_time\" content=\"2026-04-03T11:02:20+00:00\" \/>\n<meta property=\"og:image\" content=\"https:\/\/magnetarmagnets.com\/wp-content\/uploads\/2023\/09\/JNF-Magnetar-Bedrijfsfotografie-01-09-2023-Foto-0172.jpg\" \/>\n\t<meta property=\"og:image:width\" content=\"1000\" \/>\n\t<meta property=\"og:image:height\" content=\"1000\" \/>\n\t<meta property=\"og:image:type\" content=\"image\/jpeg\" \/>\n<meta name=\"twitter:card\" content=\"summary_large_image\" \/>\n<meta name=\"twitter:label1\" content=\"Odhadovan\u00e1 doba \u010dten\u00ed\" \/>\n\t<meta name=\"twitter:data1\" content=\"2 minuty\" \/>\n<script type=\"application\/ld+json\" class=\"yoast-schema-graph\">{\"@context\":\"https:\\\/\\\/schema.org\",\"@graph\":[{\"@type\":[\"WebPage\",\"ItemPage\"],\"@id\":\"https:\\\/\\\/magnetarmagnets.com\\\/cs\\\/shop\\\/hacek-na-magnet-fishing-tyc\\\/\",\"url\":\"https:\\\/\\\/magnetarmagnets.com\\\/cs\\\/shop\\\/hacek-na-magnet-fishing-tyc\\\/\",\"name\":\"H\u00e1\u010dek na magnet fishing ty\u010d\",\"isPartOf\":{\"@id\":\"https:\\\/\\\/magnetarmagnets.com\\\/cs\\\/#website\"},\"primaryImageOfPage\":{\"@id\":\"https:\\\/\\\/magnetarmagnets.com\\\/cs\\\/shop\\\/hacek-na-magnet-fishing-tyc\\\/#primaryimage\"},\"image\":{\"@id\":\"https:\\\/\\\/magnetarmagnets.com\\\/cs\\\/shop\\\/hacek-na-magnet-fishing-tyc\\\/#primaryimage\"},\"thumbnailUrl\":\"https:\\\/\\\/magnetarmagnets.com\\\/wp-content\\\/uploads\\\/2023\\\/09\\\/JNF-Magnetar-Bedrijfsfotografie-01-09-2023-Foto-0172.jpg\",\"datePublished\":\"2025-06-05T07:54:16+00:00\",\"dateModified\":\"2026-04-03T11:02:20+00:00\",\"description\":\"H\u00e1\u010dek pro magnet fishing - z\u00e1kladn\u00ed vybaven\u00ed Magnetar\",\"breadcrumb\":{\"@id\":\"https:\\\/\\\/magnetarmagnets.com\\\/cs\\\/shop\\\/hacek-na-magnet-fishing-tyc\\\/#breadcrumb\"},\"inLanguage\":\"cs\",\"potentialAction\":[{\"@type\":\"ReadAction\",\"target\":[\"https:\\\/\\\/magnetarmagnets.com\\\/cs\\\/shop\\\/hacek-na-magnet-fishing-tyc\\\/\"]}]},{\"@type\":\"ImageObject\",\"inLanguage\":\"cs\",\"@id\":\"https:\\\/\\\/magnetarmagnets.com\\\/cs\\\/shop\\\/hacek-na-magnet-fishing-tyc\\\/#primaryimage\",\"url\":\"https:\\\/\\\/magnetarmagnets.com\\\/wp-content\\\/uploads\\\/2023\\\/09\\\/JNF-Magnetar-Bedrijfsfotografie-01-09-2023-Foto-0172.jpg\",\"contentUrl\":\"https:\\\/\\\/magnetarmagnets.com\\\/wp-content\\\/uploads\\\/2023\\\/09\\\/JNF-Magnetar-Bedrijfsfotografie-01-09-2023-Foto-0172.jpg\",\"width\":1000,\"height\":1000,\"caption\":\"The grappling hook with a thread for magnet fishing\"},{\"@type\":\"BreadcrumbList\",\"@id\":\"https:\\\/\\\/magnetarmagnets.com\\\/cs\\\/shop\\\/hacek-na-magnet-fishing-tyc\\\/#breadcrumb\",\"itemListElement\":[{\"@type\":\"ListItem\",\"position\":1,\"name\":\"Home\",\"item\":\"https:\\\/\\\/magnetarmagnets.com\\\/cs\\\/\"},{\"@type\":\"ListItem\",\"position\":2,\"name\":\"Obchod\",\"item\":\"https:\\\/\\\/magnetarmagnets.com\\\/obchod\\\/\"},{\"@type\":\"ListItem\",\"position\":3,\"name\":\"Vybaven\u00ed\",\"item\":\"https:\\\/\\\/magnetarmagnets.com\\\/cs\\\/collections\\\/vybaveni\\\/\"},{\"@type\":\"ListItem\",\"position\":4,\"name\":\"Vybaven\u00ed pro magnet fishing\",\"item\":\"https:\\\/\\\/magnetarmagnets.com\\\/cs\\\/collections\\\/vybaveni\\\/vybaveni-pro-magnet-fishing\\\/\"},{\"@type\":\"ListItem\",\"position\":5,\"name\":\"H\u00e1\u010dek na magnet fishing ty\u010d\"}]},{\"@type\":\"WebSite\",\"@id\":\"https:\\\/\\\/magnetarmagnets.com\\\/cs\\\/#website\",\"url\":\"https:\\\/\\\/magnetarmagnets.com\\\/cs\\\/\",\"name\":\"Magnet fishing with a Magnetar fishing magnet\",\"description\":\"Siln\u00e9 magnety na magnet fishing\",\"publisher\":{\"@id\":\"https:\\\/\\\/magnetarmagnets.com\\\/cs\\\/#organization\"},\"potentialAction\":[{\"@type\":\"SearchAction\",\"target\":{\"@type\":\"EntryPoint\",\"urlTemplate\":\"https:\\\/\\\/magnetarmagnets.com\\\/cs\\\/?s={search_term_string}\"},\"query-input\":{\"@type\":\"PropertyValueSpecification\",\"valueRequired\":true,\"valueName\":\"search_term_string\"}}],\"inLanguage\":\"cs\"},{\"@type\":\"Organization\",\"@id\":\"https:\\\/\\\/magnetarmagnets.com\\\/cs\\\/#organization\",\"name\":\"Magnetar\",\"url\":\"https:\\\/\\\/magnetarmagnets.com\\\/cs\\\/\",\"logo\":{\"@type\":\"ImageObject\",\"inLanguage\":\"cs\",\"@id\":\"https:\\\/\\\/magnetarmagnets.com\\\/cs\\\/#\\\/schema\\\/logo\\\/image\\\/\",\"url\":\"https:\\\/\\\/magnetarmagnets.com\\\/wp-content\\\/uploads\\\/2025\\\/05\\\/Logo-03_PNG-Black-scaled.png\",\"contentUrl\":\"https:\\\/\\\/magnetarmagnets.com\\\/wp-content\\\/uploads\\\/2025\\\/05\\\/Logo-03_PNG-Black-scaled.png\",\"width\":2560,\"height\":1658,\"caption\":\"Magnetar\"},\"image\":{\"@id\":\"https:\\\/\\\/magnetarmagnets.com\\\/cs\\\/#\\\/schema\\\/logo\\\/image\\\/\"},\"sameAs\":[\"https:\\\/\\\/www.facebook.com\\\/fishingmagnets\\\/\",\"https:\\\/\\\/www.instagram.com\\\/magnetar_magnets\\\/\",\"https:\\\/\\\/www.linkedin.com\\\/company\\\/magnetarbv\\\/?originalSubdomain=nl\",\"https:\\\/\\\/www.youtube.com\\\/c\\\/MagnetarVismagneet\"]}]}<\/script>\n<!-- \/ Yoast SEO plugin. -->","yoast_head_json":{"title":"H\u00e1\u010dek na magnet fishing ty\u010d","description":"H\u00e1\u010dek pro magnet fishing - z\u00e1kladn\u00ed vybaven\u00ed Magnetar","robots":{"index":"index","follow":"follow","max-snippet":"max-snippet:-1","max-image-preview":"max-image-preview:large","max-video-preview":"max-video-preview:-1"},"canonical":"https:\/\/magnetarmagnets.com\/cs\/shop\/hacek-na-magnet-fishing-tyc\/","og_locale":"cs_CZ","og_type":"article","og_title":"H\u00e1\u010dek na magnet fishing ty\u010d","og_description":"H\u00e1\u010dek pro magnet fishing - z\u00e1kladn\u00ed vybaven\u00ed Magnetar","og_url":"https:\/\/magnetarmagnets.com\/cs\/shop\/hacek-na-magnet-fishing-tyc\/","og_site_name":"Magnet fishing with a Magnetar fishing magnet","article_publisher":"https:\/\/www.facebook.com\/fishingmagnets\/","article_modified_time":"2026-04-03T11:02:20+00:00","og_image":[{"width":1000,"height":1000,"url":"https:\/\/magnetarmagnets.com\/wp-content\/uploads\/2023\/09\/JNF-Magnetar-Bedrijfsfotografie-01-09-2023-Foto-0172.jpg","type":"image\/jpeg"}],"twitter_card":"summary_large_image","twitter_misc":{"Odhadovan\u00e1 doba \u010dten\u00ed":"2 minuty"},"schema":{"@context":"https:\/\/schema.org","@graph":[{"@type":["WebPage","ItemPage"],"@id":"https:\/\/magnetarmagnets.com\/cs\/shop\/hacek-na-magnet-fishing-tyc\/","url":"https:\/\/magnetarmagnets.com\/cs\/shop\/hacek-na-magnet-fishing-tyc\/","name":"H\u00e1\u010dek na magnet fishing ty\u010d","isPartOf":{"@id":"https:\/\/magnetarmagnets.com\/cs\/#website"},"primaryImageOfPage":{"@id":"https:\/\/magnetarmagnets.com\/cs\/shop\/hacek-na-magnet-fishing-tyc\/#primaryimage"},"image":{"@id":"https:\/\/magnetarmagnets.com\/cs\/shop\/hacek-na-magnet-fishing-tyc\/#primaryimage"},"thumbnailUrl":"https:\/\/magnetarmagnets.com\/wp-content\/uploads\/2023\/09\/JNF-Magnetar-Bedrijfsfotografie-01-09-2023-Foto-0172.jpg","datePublished":"2025-06-05T07:54:16+00:00","dateModified":"2026-04-03T11:02:20+00:00","description":"H\u00e1\u010dek pro magnet fishing - z\u00e1kladn\u00ed vybaven\u00ed Magnetar","breadcrumb":{"@id":"https:\/\/magnetarmagnets.com\/cs\/shop\/hacek-na-magnet-fishing-tyc\/#breadcrumb"},"inLanguage":"cs","potentialAction":[{"@type":"ReadAction","target":["https:\/\/magnetarmagnets.com\/cs\/shop\/hacek-na-magnet-fishing-tyc\/"]}]},{"@type":"ImageObject","inLanguage":"cs","@id":"https:\/\/magnetarmagnets.com\/cs\/shop\/hacek-na-magnet-fishing-tyc\/#primaryimage","url":"https:\/\/magnetarmagnets.com\/wp-content\/uploads\/2023\/09\/JNF-Magnetar-Bedrijfsfotografie-01-09-2023-Foto-0172.jpg","contentUrl":"https:\/\/magnetarmagnets.com\/wp-content\/uploads\/2023\/09\/JNF-Magnetar-Bedrijfsfotografie-01-09-2023-Foto-0172.jpg","width":1000,"height":1000,"caption":"The grappling hook with a thread for magnet fishing"},{"@type":"BreadcrumbList","@id":"https:\/\/magnetarmagnets.com\/cs\/shop\/hacek-na-magnet-fishing-tyc\/#breadcrumb","itemListElement":[{"@type":"ListItem","position":1,"name":"Home","item":"https:\/\/magnetarmagnets.com\/cs\/"},{"@type":"ListItem","position":2,"name":"Obchod","item":"https:\/\/magnetarmagnets.com\/obchod\/"},{"@type":"ListItem","position":3,"name":"Vybaven\u00ed","item":"https:\/\/magnetarmagnets.com\/cs\/collections\/vybaveni\/"},{"@type":"ListItem","position":4,"name":"Vybaven\u00ed pro magnet fishing","item":"https:\/\/magnetarmagnets.com\/cs\/collections\/vybaveni\/vybaveni-pro-magnet-fishing\/"},{"@type":"ListItem","position":5,"name":"H\u00e1\u010dek na magnet fishing ty\u010d"}]},{"@type":"WebSite","@id":"https:\/\/magnetarmagnets.com\/cs\/#website","url":"https:\/\/magnetarmagnets.com\/cs\/","name":"Magnet fishing with a Magnetar fishing magnet","description":"Siln\u00e9 magnety na magnet fishing","publisher":{"@id":"https:\/\/magnetarmagnets.com\/cs\/#organization"},"potentialAction":[{"@type":"SearchAction","target":{"@type":"EntryPoint","urlTemplate":"https:\/\/magnetarmagnets.com\/cs\/?s={search_term_string}"},"query-input":{"@type":"PropertyValueSpecification","valueRequired":true,"valueName":"search_term_string"}}],"inLanguage":"cs"},{"@type":"Organization","@id":"https:\/\/magnetarmagnets.com\/cs\/#organization","name":"Magnetar","url":"https:\/\/magnetarmagnets.com\/cs\/","logo":{"@type":"ImageObject","inLanguage":"cs","@id":"https:\/\/magnetarmagnets.com\/cs\/#\/schema\/logo\/image\/","url":"https:\/\/magnetarmagnets.com\/wp-content\/uploads\/2025\/05\/Logo-03_PNG-Black-scaled.png","contentUrl":"https:\/\/magnetarmagnets.com\/wp-content\/uploads\/2025\/05\/Logo-03_PNG-Black-scaled.png","width":2560,"height":1658,"caption":"Magnetar"},"image":{"@id":"https:\/\/magnetarmagnets.com\/cs\/#\/schema\/logo\/image\/"},"sameAs":["https:\/\/www.facebook.com\/fishingmagnets\/","https:\/\/www.instagram.com\/magnetar_magnets\/","https:\/\/www.linkedin.com\/company\/magnetarbv\/?originalSubdomain=nl","https:\/\/www.youtube.com\/c\/MagnetarVismagneet"]}]}},"_links":{"self":[{"href":"https:\/\/magnetarmagnets.com\/cs\/wp-json\/wp\/v2\/product\/83245","targetHints":{"allow":["GET"]}}],"collection":[{"href":"https:\/\/magnetarmagnets.com\/cs\/wp-json\/wp\/v2\/product"}],"about":[{"href":"https:\/\/magnetarmagnets.com\/cs\/wp-json\/wp\/v2\/types\/product"}],"replies":[{"embeddable":true,"href":"https:\/\/magnetarmagnets.com\/cs\/wp-json\/wp\/v2\/comments?post=83245"}],"version-history":[{"count":1,"href":"https:\/\/magnetarmagnets.com\/cs\/wp-json\/wp\/v2\/product\/83245\/revisions"}],"predecessor-version":[{"id":94696,"href":"https:\/\/magnetarmagnets.com\/cs\/wp-json\/wp\/v2\/product\/83245\/revisions\/94696"}],"wp:featuredmedia":[{"embeddable":true,"href":"https:\/\/magnetarmagnets.com\/cs\/wp-json\/wp\/v2\/media\/79736"}],"wp:attachment":[{"href":"https:\/\/magnetarmagnets.com\/cs\/wp-json\/wp\/v2\/media?parent=83245"}],"wp:term":[{"taxonomy":"product_brand","embeddable":true,"href":"https:\/\/magnetarmagnets.com\/cs\/wp-json\/wp\/v2\/product_brand?post=83245"},{"taxonomy":"product_cat","embeddable":true,"href":"https:\/\/magnetarmagnets.com\/cs\/wp-json\/wp\/v2\/product_cat?post=83245"},{"taxonomy":"product_tag","embeddable":true,"href":"https:\/\/magnetarmagnets.com\/cs\/wp-json\/wp\/v2\/product_tag?post=83245"}],"curies":[{"name":"wp","href":"https:\/\/api.w.org\/{rel}","templated":true}]}}