{"id":83244,"date":"2025-06-05T09:54:16","date_gmt":"2025-06-05T07:54:16","guid":{"rendered":"https:\/\/magnetarmagnets.com\/?post_type=product&#038;p=83244"},"modified":"2026-04-03T20:48:34","modified_gmt":"2026-04-03T18:48:34","slug":"fishing-pole-balicek-2-0-1000-kg-terror-allround-360","status":"publish","type":"product","link":"https:\/\/magnetarmagnets.com\/cs\/shop\/fishing-pole-balicek-2-0-1000-kg-terror-allround-360\/","title":{"rendered":"Fishing Pole bal\u00ed\u010dek 2.0 &#8211; 1000 kg &#8211; Terror &#8211; Allround 360\u00b0"},"content":{"rendered":"<ul>\n \t<li style=\"font-weight: 400;\"><span style=\"font-weight: 400;\">Extra dlouh\u00e1 ty\u010d: 3 metry (3&#215;1 metr)<\/span><\/li>\n \t<li style=\"font-weight: 400;\"><span style=\"font-weight: 400;\">Rychl\u00e1 mont\u00e1\u017e a demont\u00e1\u017e<\/span><\/li>\n \t<li style=\"font-weight: 400;\"><span style=\"font-weight: 400;\">Nal\u00e9z\u00e1 hluboko ulo\u017een\u00e9 p\u0159edm\u011bty<\/span><\/li>\n \t<li style=\"font-weight: 400;\"><span style=\"font-weight: 400;\">Pln\u011b p\u0159ipraveno pro magnet fishing<\/span><\/li>\n \t<li style=\"font-weight: 400;\"><span style=\"font-weight: 400;\">Hlin\u00edkov\u00e1 ty\u010d, kter\u00e1 nerz\u00ed a je extra lehk\u00e1<\/span><\/li>\n \t<li style=\"font-weight: 400;\"><span style=\"font-weight: 400;\">Ide\u00e1ln\u00ed hmotnost 1,3 kg \/ 2,9 lb<\/span><\/li>\n \t<li style=\"font-weight: 400;\"><span style=\"font-weight: 400;\">Snadno p\u0159enosn\u00e9<\/span><\/li>\n \t<li style=\"font-weight: 400;\"><span style=\"font-weight: 400;\">Sou\u010d\u00e1st\u00ed je p\u0159epravn\u00ed ta\u0161ka<\/span><\/li>\n \t<li style=\"font-weight: 400;\"><span style=\"font-weight: 400;\">Sou\u010d\u00e1st\u00ed jsou i \u00fachyty na lano<\/span><\/li>\n \t<li style=\"font-weight: 400;\"><span style=\"font-weight: 400;\">Sleva za bal\u00ed\u010dek!<\/span><\/li>\n<\/ul>\n<span style=\"font-weight: 400;\"><strong>Chcete za\u010d\u00edt s magnet fishing a hled\u00e1te spr\u00e1vn\u00e9 vybaven\u00ed?<\/strong> Pak je tento bal\u00ed\u010dek ty\u010de ide\u00e1ln\u00ed volbou! Obsahuje ty\u010d \u201eLange Jan\u201c, Terror fishing magnet, vod\u011bodoln\u00e9 rukavice, zaji\u0161\u0165ovac\u00ed lepidlo a p\u0159epravn\u00ed ta\u0161ku na ty\u010d. D\u00edky ty\u010di \u201eLange Jan\u201c dos\u00e1hnete hloub\u011bji do bahna ne\u017e s lanem, tak\u017ee m\u00e1te v\u011bt\u0161\u00ed \u0161anci naj\u00edt p\u0159edm\u011bty ulo\u017een\u00e9 hluboko v bahn\u011b.<\/span>\n<h2><strong>Ty\u010d pro magnet fishing?<\/strong><\/h2>\n<span style=\"font-weight: 400;\">Ur\u010dit\u011b zn\u00e1te magnet fishing s lanem, ale sly\u0161eli jste u\u017e o magnet fishing s ty\u010d\u00ed? Je to jednodu\u0161\u0161\u00ed zp\u016fsob, jak dos\u00e1hnout na p\u0159edm\u011bty hluboko pod bahnem nebo mezi r\u00e1kos\u00edm. S fishing magnetem na lan\u011b nikdy nedos\u00e1hnete na p\u0159edm\u011bty 1 metr do bahna, ale s Magnetar ty\u010d\u00ed ano. Chcete, aby tyto poklady z\u016fstaly skryt\u00e9? Nebo chcete pou\u017e\u00edt na\u0161i ty\u010d a fishing magnet k jejich vyta\u017een\u00ed?<\/span>\n\n<a href=\"https:\/\/www.youtube.com\/watch?v=zK9xbaohgCw\">Klikn\u011bte zde pro instrukt\u00e1\u017en\u00ed video.<\/a>\n<h2><b>Ochrann\u00fd kryt<\/b><\/h2>\nOchrann\u00fd kryt, kter\u00fd je sou\u010d\u00e1st\u00ed tohoto bal\u00ed\u010dku, je perfektn\u00ed dopln\u011bk pro magnet fishing nad\u0161ence, kte\u0159\u00ed cht\u011bj\u00ed chr\u00e1nit sv\u00e9 neodymov\u00e9 magnety b\u011bhem pou\u017e\u00edv\u00e1n\u00ed. Tyto odoln\u00e9 kryty jsou speci\u00e1ln\u011b navr\u017eeny tak, aby perfektn\u011b sed\u011bly na magnet a poskytovaly dal\u0161\u00ed vrstvu ochrany proti po\u0161kr\u00e1b\u00e1n\u00ed, prasknut\u00ed a jin\u00fdm druh\u016fm po\u0161kozen\u00ed. Na\u0161e ochrann\u00e9 kryty jsou vyrobeny z nerezov\u00e9 oceli, co\u017e zaji\u0161\u0165uje, \u017ee v\u00e1\u0161 magnet z\u016fstane siln\u00fd s 360\u00b0 magnetickou p\u0159ita\u017elivost\u00ed. D\u00edky na\u0161im ochrann\u00fdm kryt\u016fm si m\u016f\u017eete u\u017e\u00edvat magnet fishing bez obav z po\u0161kozen\u00ed va\u0161eho cenn\u00e9ho fishing magnetu.\n\n(Pros\u00edm, m\u011bjte na pam\u011bti, \u017ee spodn\u00ed \u010d\u00e1st magnetu nen\u00ed krytem chr\u00e1n\u011bna)","protected":false},"excerpt":{"rendered":"<p>Chcete magnet fishing s\u00a0p\u0159esnost\u00ed? S\u00a0bal\u00ed\u010dkem Fishing Pole Package 2.0 to jde! Kombinujte v\u0161estrann\u00fd 360\u00b0 Terror siln\u00fd magnet s\u00a0na\u0161\u00ed Magnetickou ty\u010d\u00ed.<\/p>\n","protected":false},"featured_media":78881,"comment_status":"open","ping_status":"closed","template":"","meta":{"_acf_changed":false,"inline_featured_image":false},"product_brand":[],"product_cat":[561,553,569,570,562,1001],"product_tag":[],"class_list":{"0":"post-83244","1":"product","2":"type-product","3":"status-publish","4":"has-post-thumbnail","6":"product_cat-allround-fishing-magnety-360","7":"product_cat-fishing-magnets-cs","8":"product_cat-pokrocili-dobrodruzi","9":"product_cat-profesionalove","10":"product_cat-sada-na-magnet-fishing","11":"product_cat-vsechny-produkty","13":"first","14":"instock","15":"sale","16":"taxable","17":"shipping-taxable","18":"purchasable","19":"product-type-simple"},"acf":[],"yoast_head":"<!-- This site is optimized with the Yoast SEO plugin v27.4 - https:\/\/yoast.com\/product\/yoast-seo-wordpress\/ -->\n<title>Fishing Pole bal\u00ed\u010dek 2.0 - 1000 kg - Terror - Allround 360\u00b0 - Magnet fishing with a Magnetar fishing magnet<\/title>\n<meta name=\"description\" content=\"Fishing Pole sada - 1000 Kg Terror - Magnetar\" \/>\n<meta name=\"robots\" content=\"index, follow, max-snippet:-1, max-image-preview:large, max-video-preview:-1\" \/>\n<link rel=\"canonical\" href=\"https:\/\/magnetarmagnets.com\/cs\/shop\/fishing-pole-balicek-2-0-1000-kg-terror-allround-360\/\" \/>\n<meta property=\"og:locale\" content=\"cs_CZ\" \/>\n<meta property=\"og:type\" content=\"article\" \/>\n<meta property=\"og:title\" content=\"Fishing Pole bal\u00ed\u010dek 2.0 - 1000 kg - Terror - Allround 360\u00b0 - Magnet fishing with a Magnetar fishing magnet\" \/>\n<meta property=\"og:description\" content=\"Fishing Pole sada - 1000 Kg Terror - Magnetar\" \/>\n<meta property=\"og:url\" content=\"https:\/\/magnetarmagnets.com\/cs\/shop\/fishing-pole-balicek-2-0-1000-kg-terror-allround-360\/\" \/>\n<meta property=\"og:site_name\" content=\"Magnet fishing with a Magnetar fishing magnet\" \/>\n<meta property=\"article:publisher\" content=\"https:\/\/www.facebook.com\/fishingmagnets\/\" \/>\n<meta property=\"article:modified_time\" content=\"2026-04-03T18:48:34+00:00\" \/>\n<meta property=\"og:image\" content=\"https:\/\/magnetarmagnets.com\/wp-content\/uploads\/2021\/10\/MAGNETAR-DEEP-SEEKER-2.0-KIT-GOOGLE.jpg\" \/>\n\t<meta property=\"og:image:width\" content=\"1500\" \/>\n\t<meta property=\"og:image:height\" content=\"1500\" \/>\n\t<meta property=\"og:image:type\" content=\"image\/jpeg\" \/>\n<meta name=\"twitter:card\" content=\"summary_large_image\" \/>\n<meta name=\"twitter:label1\" content=\"Odhadovan\u00e1 doba \u010dten\u00ed\" \/>\n\t<meta name=\"twitter:data1\" content=\"2 minuty\" \/>\n<script type=\"application\/ld+json\" class=\"yoast-schema-graph\">{\"@context\":\"https:\\\/\\\/schema.org\",\"@graph\":[{\"@type\":[\"WebPage\",\"ItemPage\"],\"@id\":\"https:\\\/\\\/magnetarmagnets.com\\\/cs\\\/shop\\\/fishing-pole-balicek-2-0-1000-kg-terror-allround-360\\\/\",\"url\":\"https:\\\/\\\/magnetarmagnets.com\\\/cs\\\/shop\\\/fishing-pole-balicek-2-0-1000-kg-terror-allround-360\\\/\",\"name\":\"Fishing Pole bal\u00ed\u010dek 2.0 - 1000 kg - Terror - Allround 360\u00b0 - Magnet fishing with a Magnetar fishing magnet\",\"isPartOf\":{\"@id\":\"https:\\\/\\\/magnetarmagnets.com\\\/cs\\\/#website\"},\"primaryImageOfPage\":{\"@id\":\"https:\\\/\\\/magnetarmagnets.com\\\/cs\\\/shop\\\/fishing-pole-balicek-2-0-1000-kg-terror-allround-360\\\/#primaryimage\"},\"image\":{\"@id\":\"https:\\\/\\\/magnetarmagnets.com\\\/cs\\\/shop\\\/fishing-pole-balicek-2-0-1000-kg-terror-allround-360\\\/#primaryimage\"},\"thumbnailUrl\":\"https:\\\/\\\/magnetarmagnets.com\\\/wp-content\\\/uploads\\\/2021\\\/10\\\/MAGNETAR-DEEP-SEEKER-2.0-KIT-GOOGLE.jpg\",\"datePublished\":\"2025-06-05T07:54:16+00:00\",\"dateModified\":\"2026-04-03T18:48:34+00:00\",\"description\":\"Fishing Pole sada - 1000 Kg Terror - Magnetar\",\"breadcrumb\":{\"@id\":\"https:\\\/\\\/magnetarmagnets.com\\\/cs\\\/shop\\\/fishing-pole-balicek-2-0-1000-kg-terror-allround-360\\\/#breadcrumb\"},\"inLanguage\":\"cs\",\"potentialAction\":[{\"@type\":\"ReadAction\",\"target\":[\"https:\\\/\\\/magnetarmagnets.com\\\/cs\\\/shop\\\/fishing-pole-balicek-2-0-1000-kg-terror-allround-360\\\/\"]}]},{\"@type\":\"ImageObject\",\"inLanguage\":\"cs\",\"@id\":\"https:\\\/\\\/magnetarmagnets.com\\\/cs\\\/shop\\\/fishing-pole-balicek-2-0-1000-kg-terror-allround-360\\\/#primaryimage\",\"url\":\"https:\\\/\\\/magnetarmagnets.com\\\/wp-content\\\/uploads\\\/2021\\\/10\\\/MAGNETAR-DEEP-SEEKER-2.0-KIT-GOOGLE.jpg\",\"contentUrl\":\"https:\\\/\\\/magnetarmagnets.com\\\/wp-content\\\/uploads\\\/2021\\\/10\\\/MAGNETAR-DEEP-SEEKER-2.0-KIT-GOOGLE.jpg\",\"width\":1500,\"height\":1500,\"caption\":\"MAGNETAR-DEEP-SEEKER-2.0-KIT\"},{\"@type\":\"BreadcrumbList\",\"@id\":\"https:\\\/\\\/magnetarmagnets.com\\\/cs\\\/shop\\\/fishing-pole-balicek-2-0-1000-kg-terror-allround-360\\\/#breadcrumb\",\"itemListElement\":[{\"@type\":\"ListItem\",\"position\":1,\"name\":\"Home\",\"item\":\"https:\\\/\\\/magnetarmagnets.com\\\/cs\\\/\"},{\"@type\":\"ListItem\",\"position\":2,\"name\":\"Obchod\",\"item\":\"https:\\\/\\\/magnetarmagnets.com\\\/cs\\\/obchod\\\/\"},{\"@type\":\"ListItem\",\"position\":3,\"name\":\"Fishing magnety\",\"item\":\"https:\\\/\\\/magnetarmagnets.com\\\/cs\\\/collections\\\/fishing-magnets-cs\\\/\"},{\"@type\":\"ListItem\",\"position\":4,\"name\":\"Allround fishing magnety 360\u00b0\",\"item\":\"https:\\\/\\\/magnetarmagnets.com\\\/cs\\\/collections\\\/fishing-magnets-cs\\\/allround-fishing-magnety-360\\\/\"},{\"@type\":\"ListItem\",\"position\":5,\"name\":\"Fishing Pole bal\u00ed\u010dek 2.0 &#8211; 1000 kg &#8211; Terror &#8211; Allround 360\u00b0\"}]},{\"@type\":\"WebSite\",\"@id\":\"https:\\\/\\\/magnetarmagnets.com\\\/cs\\\/#website\",\"url\":\"https:\\\/\\\/magnetarmagnets.com\\\/cs\\\/\",\"name\":\"Magnet fishing with a Magnetar fishing magnet\",\"description\":\"Siln\u00e9 magnety na magnet fishing\",\"publisher\":{\"@id\":\"https:\\\/\\\/magnetarmagnets.com\\\/cs\\\/#organization\"},\"potentialAction\":[{\"@type\":\"SearchAction\",\"target\":{\"@type\":\"EntryPoint\",\"urlTemplate\":\"https:\\\/\\\/magnetarmagnets.com\\\/cs\\\/?s={search_term_string}\"},\"query-input\":{\"@type\":\"PropertyValueSpecification\",\"valueRequired\":true,\"valueName\":\"search_term_string\"}}],\"inLanguage\":\"cs\"},{\"@type\":\"Organization\",\"@id\":\"https:\\\/\\\/magnetarmagnets.com\\\/cs\\\/#organization\",\"name\":\"Magnetar\",\"url\":\"https:\\\/\\\/magnetarmagnets.com\\\/cs\\\/\",\"logo\":{\"@type\":\"ImageObject\",\"inLanguage\":\"cs\",\"@id\":\"https:\\\/\\\/magnetarmagnets.com\\\/cs\\\/#\\\/schema\\\/logo\\\/image\\\/\",\"url\":\"https:\\\/\\\/magnetarmagnets.com\\\/wp-content\\\/uploads\\\/2025\\\/05\\\/Logo-03_PNG-Black-scaled.png\",\"contentUrl\":\"https:\\\/\\\/magnetarmagnets.com\\\/wp-content\\\/uploads\\\/2025\\\/05\\\/Logo-03_PNG-Black-scaled.png\",\"width\":2560,\"height\":1658,\"caption\":\"Magnetar\"},\"image\":{\"@id\":\"https:\\\/\\\/magnetarmagnets.com\\\/cs\\\/#\\\/schema\\\/logo\\\/image\\\/\"},\"sameAs\":[\"https:\\\/\\\/www.facebook.com\\\/fishingmagnets\\\/\",\"https:\\\/\\\/www.instagram.com\\\/magnetar_magnets\\\/\",\"https:\\\/\\\/www.linkedin.com\\\/company\\\/magnetarbv\\\/?originalSubdomain=nl\",\"https:\\\/\\\/www.youtube.com\\\/c\\\/MagnetarVismagneet\"]}]}<\/script>\n<!-- \/ Yoast SEO plugin. -->","yoast_head_json":{"title":"Fishing Pole bal\u00ed\u010dek 2.0 - 1000 kg - Terror - Allround 360\u00b0 - Magnet fishing with a Magnetar fishing magnet","description":"Fishing Pole sada - 1000 Kg Terror - Magnetar","robots":{"index":"index","follow":"follow","max-snippet":"max-snippet:-1","max-image-preview":"max-image-preview:large","max-video-preview":"max-video-preview:-1"},"canonical":"https:\/\/magnetarmagnets.com\/cs\/shop\/fishing-pole-balicek-2-0-1000-kg-terror-allround-360\/","og_locale":"cs_CZ","og_type":"article","og_title":"Fishing Pole bal\u00ed\u010dek 2.0 - 1000 kg - Terror - Allround 360\u00b0 - Magnet fishing with a Magnetar fishing magnet","og_description":"Fishing Pole sada - 1000 Kg Terror - Magnetar","og_url":"https:\/\/magnetarmagnets.com\/cs\/shop\/fishing-pole-balicek-2-0-1000-kg-terror-allround-360\/","og_site_name":"Magnet fishing with a Magnetar fishing magnet","article_publisher":"https:\/\/www.facebook.com\/fishingmagnets\/","article_modified_time":"2026-04-03T18:48:34+00:00","og_image":[{"width":1500,"height":1500,"url":"https:\/\/magnetarmagnets.com\/wp-content\/uploads\/2021\/10\/MAGNETAR-DEEP-SEEKER-2.0-KIT-GOOGLE.jpg","type":"image\/jpeg"}],"twitter_card":"summary_large_image","twitter_misc":{"Odhadovan\u00e1 doba \u010dten\u00ed":"2 minuty"},"schema":{"@context":"https:\/\/schema.org","@graph":[{"@type":["WebPage","ItemPage"],"@id":"https:\/\/magnetarmagnets.com\/cs\/shop\/fishing-pole-balicek-2-0-1000-kg-terror-allround-360\/","url":"https:\/\/magnetarmagnets.com\/cs\/shop\/fishing-pole-balicek-2-0-1000-kg-terror-allround-360\/","name":"Fishing Pole bal\u00ed\u010dek 2.0 - 1000 kg - Terror - Allround 360\u00b0 - Magnet fishing with a Magnetar fishing magnet","isPartOf":{"@id":"https:\/\/magnetarmagnets.com\/cs\/#website"},"primaryImageOfPage":{"@id":"https:\/\/magnetarmagnets.com\/cs\/shop\/fishing-pole-balicek-2-0-1000-kg-terror-allround-360\/#primaryimage"},"image":{"@id":"https:\/\/magnetarmagnets.com\/cs\/shop\/fishing-pole-balicek-2-0-1000-kg-terror-allround-360\/#primaryimage"},"thumbnailUrl":"https:\/\/magnetarmagnets.com\/wp-content\/uploads\/2021\/10\/MAGNETAR-DEEP-SEEKER-2.0-KIT-GOOGLE.jpg","datePublished":"2025-06-05T07:54:16+00:00","dateModified":"2026-04-03T18:48:34+00:00","description":"Fishing Pole sada - 1000 Kg Terror - Magnetar","breadcrumb":{"@id":"https:\/\/magnetarmagnets.com\/cs\/shop\/fishing-pole-balicek-2-0-1000-kg-terror-allround-360\/#breadcrumb"},"inLanguage":"cs","potentialAction":[{"@type":"ReadAction","target":["https:\/\/magnetarmagnets.com\/cs\/shop\/fishing-pole-balicek-2-0-1000-kg-terror-allround-360\/"]}]},{"@type":"ImageObject","inLanguage":"cs","@id":"https:\/\/magnetarmagnets.com\/cs\/shop\/fishing-pole-balicek-2-0-1000-kg-terror-allround-360\/#primaryimage","url":"https:\/\/magnetarmagnets.com\/wp-content\/uploads\/2021\/10\/MAGNETAR-DEEP-SEEKER-2.0-KIT-GOOGLE.jpg","contentUrl":"https:\/\/magnetarmagnets.com\/wp-content\/uploads\/2021\/10\/MAGNETAR-DEEP-SEEKER-2.0-KIT-GOOGLE.jpg","width":1500,"height":1500,"caption":"MAGNETAR-DEEP-SEEKER-2.0-KIT"},{"@type":"BreadcrumbList","@id":"https:\/\/magnetarmagnets.com\/cs\/shop\/fishing-pole-balicek-2-0-1000-kg-terror-allround-360\/#breadcrumb","itemListElement":[{"@type":"ListItem","position":1,"name":"Home","item":"https:\/\/magnetarmagnets.com\/cs\/"},{"@type":"ListItem","position":2,"name":"Obchod","item":"https:\/\/magnetarmagnets.com\/cs\/obchod\/"},{"@type":"ListItem","position":3,"name":"Fishing magnety","item":"https:\/\/magnetarmagnets.com\/cs\/collections\/fishing-magnets-cs\/"},{"@type":"ListItem","position":4,"name":"Allround fishing magnety 360\u00b0","item":"https:\/\/magnetarmagnets.com\/cs\/collections\/fishing-magnets-cs\/allround-fishing-magnety-360\/"},{"@type":"ListItem","position":5,"name":"Fishing Pole bal\u00ed\u010dek 2.0 &#8211; 1000 kg &#8211; Terror &#8211; Allround 360\u00b0"}]},{"@type":"WebSite","@id":"https:\/\/magnetarmagnets.com\/cs\/#website","url":"https:\/\/magnetarmagnets.com\/cs\/","name":"Magnet fishing with a Magnetar fishing magnet","description":"Siln\u00e9 magnety na magnet fishing","publisher":{"@id":"https:\/\/magnetarmagnets.com\/cs\/#organization"},"potentialAction":[{"@type":"SearchAction","target":{"@type":"EntryPoint","urlTemplate":"https:\/\/magnetarmagnets.com\/cs\/?s={search_term_string}"},"query-input":{"@type":"PropertyValueSpecification","valueRequired":true,"valueName":"search_term_string"}}],"inLanguage":"cs"},{"@type":"Organization","@id":"https:\/\/magnetarmagnets.com\/cs\/#organization","name":"Magnetar","url":"https:\/\/magnetarmagnets.com\/cs\/","logo":{"@type":"ImageObject","inLanguage":"cs","@id":"https:\/\/magnetarmagnets.com\/cs\/#\/schema\/logo\/image\/","url":"https:\/\/magnetarmagnets.com\/wp-content\/uploads\/2025\/05\/Logo-03_PNG-Black-scaled.png","contentUrl":"https:\/\/magnetarmagnets.com\/wp-content\/uploads\/2025\/05\/Logo-03_PNG-Black-scaled.png","width":2560,"height":1658,"caption":"Magnetar"},"image":{"@id":"https:\/\/magnetarmagnets.com\/cs\/#\/schema\/logo\/image\/"},"sameAs":["https:\/\/www.facebook.com\/fishingmagnets\/","https:\/\/www.instagram.com\/magnetar_magnets\/","https:\/\/www.linkedin.com\/company\/magnetarbv\/?originalSubdomain=nl","https:\/\/www.youtube.com\/c\/MagnetarVismagneet"]}]}},"_links":{"self":[{"href":"https:\/\/magnetarmagnets.com\/cs\/wp-json\/wp\/v2\/product\/83244","targetHints":{"allow":["GET"]}}],"collection":[{"href":"https:\/\/magnetarmagnets.com\/cs\/wp-json\/wp\/v2\/product"}],"about":[{"href":"https:\/\/magnetarmagnets.com\/cs\/wp-json\/wp\/v2\/types\/product"}],"replies":[{"embeddable":true,"href":"https:\/\/magnetarmagnets.com\/cs\/wp-json\/wp\/v2\/comments?post=83244"}],"version-history":[{"count":0,"href":"https:\/\/magnetarmagnets.com\/cs\/wp-json\/wp\/v2\/product\/83244\/revisions"}],"wp:featuredmedia":[{"embeddable":true,"href":"https:\/\/magnetarmagnets.com\/cs\/wp-json\/wp\/v2\/media\/78881"}],"wp:attachment":[{"href":"https:\/\/magnetarmagnets.com\/cs\/wp-json\/wp\/v2\/media?parent=83244"}],"wp:term":[{"taxonomy":"product_brand","embeddable":true,"href":"https:\/\/magnetarmagnets.com\/cs\/wp-json\/wp\/v2\/product_brand?post=83244"},{"taxonomy":"product_cat","embeddable":true,"href":"https:\/\/magnetarmagnets.com\/cs\/wp-json\/wp\/v2\/product_cat?post=83244"},{"taxonomy":"product_tag","embeddable":true,"href":"https:\/\/magnetarmagnets.com\/cs\/wp-json\/wp\/v2\/product_tag?post=83244"}],"curies":[{"name":"wp","href":"https:\/\/api.w.org\/{rel}","templated":true}]}}