{"id":83243,"date":"2025-06-05T09:54:16","date_gmt":"2025-06-05T07:54:16","guid":{"rendered":"https:\/\/magnetarmagnets.com\/?post_type=product&#038;p=83243"},"modified":"2026-04-03T20:52:44","modified_gmt":"2026-04-03T18:52:44","slug":"divci-power-kit-600-kg-hardcore-allround-360","status":"publish","type":"product","link":"https:\/\/magnetarmagnets.com\/cs\/shop\/divci-power-kit-600-kg-hardcore-allround-360\/","title":{"rendered":"D\u00edv\u010d\u00ed power kit &#8211; 600 kg \u2013 Hardcore \u2013 Allround 360\u00b0"},"content":{"rendered":"Jste \u017eena, kter\u00e1 miluje <a href=\"https:\/\/magnetarmagnets.com\/\" target=\"_blank\" rel=\"noopener\">magnet fishing<\/a>? A chcete se st\u00e1t profesion\u00e1lkou? N\u00e1\u0161 D\u00edv\u010d\u00ed Power Kit je tou spr\u00e1vnou volbou a obsahuje v\u0161e, co pot\u0159ebujete k za\u010d\u00e1tku (a nav\u00edc u\u0161et\u0159\u00edte d\u00edky bal\u00ed\u010dku!). Tento bal\u00ed\u010dek obsahuje n\u00e1\u0161 bestseller <a href=\"https:\/\/magnetarmagnets.com\/shop\/hardcore-magnet-2\/\" target=\"_blank\" rel=\"noopener\">Hardcore<\/a> allround 360\u00b0 magnet. D\u00e1le obsahuje ochrann\u00fd pouzdro Hardcore, rukavice o pr\u016fm\u011bru 8 mm, 10 ml lepidla a r\u016f\u017eovou \u010depici Magnetar.\n\n<h2>Hardcore: neodymov\u00fd fishing magnet<\/h2>\n\nN\u00e1\u0161 v\u0161estrann\u00fd 360\u00b0 neodymov\u00fd magnet je zn\u00e1m\u00fd svou silnou p\u0159ita\u017elivost\u00ed. Je to jeden z nejlep\u0161\u00edch a cenov\u011b dostupn\u00fdch fishing magnet\u016f na trhu, i kdy\u017e to \u0159\u00edk\u00e1me sami o sob\u011b. Magnet m\u00e1 p\u0159ita\u017elivou s\u00edlu 14 cm, co\u017e zvy\u0161uje \u0161ance na nalezen\u00ed v\u011bt\u0161\u00edch a lep\u0161\u00edch poklad\u016f.\n\n\n\nMnoho magnetick\u00fdch ryb\u00e1\u0159\u016f je s t\u00edmto produktem spokojen\u00fdch. Zaj\u00edm\u00e1 v\u00e1s, co si o magnetu Hardcore mysl\u00ed ostatn\u00ed nad\u0161enci? Pod\u00edvejte se na toto video na <a href=\"https:\/\/www.youtube.com\/watch?v=1izvqgYbtd8\">YouTube<\/a>! Chcete p\u0159ej\u00edt z jednostrann\u00e9ho fishing magnetu? V tom p\u0159\u00edpad\u011b m\u016f\u017ee b\u00fdt Hardcore tou spr\u00e1vnou volbou.\n\n<h2>P\u0159ipraveni na upgrade na Hardcore?<\/h2>\n\nHardcore fishing magnet v\u00e1s prom\u011bn\u00ed v opravdov\u00e9ho profesion\u00e1la. Magnet toti\u017e sb\u00edr\u00e1 p\u0159edm\u011bty na ka\u017ed\u00e9 stran\u011b, co\u017e usnad\u0148uje hled\u00e1n\u00ed poklad\u016f. Je t\u0159eba poznamenat, \u017ee tento produkt m\u00e1 pohodlnou v\u00e1hu k h\u00e1zen\u00ed, co\u017e jej \u010din\u00ed vhodn\u00fdm zejm\u00e9na pro \u017eeny magnetick\u00e9 ryb\u00e1\u0159e.\n\n\n\nPokro\u010dil\u00ed magneti\u010dt\u00ed ryb\u00e1\u0159i maj\u00ed r\u00e1di magnet Hardcore, kter\u00fd se stal jedn\u00edm z na\u0161ich nejprod\u00e1van\u011bj\u0161\u00edch. Magnet je vyroben z neodymu, nejsiln\u011bj\u0161\u00edho typu trval\u00e9ho magnetu. M\u016f\u017ee zvednout v\u00edce ne\u017e jin\u00e9 magnetick\u00e9 materi\u00e1ly stejn\u00e9 velikosti. To roz\u0161i\u0159uje \u0161k\u00e1lu p\u0159edm\u011bt\u016f, kter\u00e9 m\u016f\u017eete naj\u00edt, a celkovou p\u0159ita\u017elivost ze v\u0161ech \u00fahl\u016f.\n\n<h2>Nejkompletn\u011bj\u0161\u00ed fishing magnet<\/h2>\n\nMnoho magnet\u016f pou\u017e\u00edvan\u00fdch k fishing m\u00e1 p\u0159ita\u017elivou s\u00edlu pouze na jedn\u00e9 stran\u011b. Tyto fishing magnety funguj\u00ed dob\u0159e pro mnoho lid\u00ed. Nicm\u00e9n\u011b pro opravdov\u00e9 nad\u0161ence magnet fishingu jsme p\u0159i\u0161li s n\u011b\u010d\u00edm nov\u00fdm. Byli jsme prvn\u00ed spole\u010dnost\u00ed, kter\u00e1 p\u0159epracovala tento star\u00fd magnet na oboustrann\u00fd fishing magnet. V roce 2016 Magnetar vytvo\u0159il allround fishing magnet s 360stup\u0148ov\u00fdm magnetick\u00fdm tahem. Mnoho magnetick\u00fdch ryb\u00e1\u0159\u016f po cel\u00e9 Evrop\u011b miluje na\u0161e 100% neodymov\u00e9 allround magnety, co\u017e z n\u00e1s \u010din\u00ed nejobl\u00edben\u011bj\u0161\u00edho dodavatele v Evrop\u011b.\n\n\n\nAbychom zajistili kompletn\u00ed produkty, na\u0161e v\u00fdrobky navrhuje mal\u00fd t\u00fdm nad\u0161enc\u016f magnet fishingu a jsou vyrobeny z nejkvalitn\u011bj\u0161\u00edch materi\u00e1l\u016f. Na\u0161t\u011bst\u00ed se z\u00e1kazn\u00edci k Magnetaru st\u00e1le vracej\u00ed.\n\n<h2>Siln\u00e1 a revolu\u010dn\u00ed tahov\u00e1 s\u00edla<\/h2>\n\nAllround fishing magnety, kter\u00e9 nab\u00edz\u00edme, maj\u00ed siln\u00fd 360\u00b0 tah. Samoz\u0159ejm\u011b, tah 100% neodymov\u00fdch magnet\u016f nelze srovn\u00e1vat s tradi\u010dn\u00edmi produkty. Tradi\u010dn\u00ed jednostrann\u00e9 magnety obsahuj\u00ed ocelov\u00fd kryt, kter\u00fd ovliv\u0148uje tah. Nav\u00edc je tah zam\u011b\u0159en\u00fd pouze jedn\u00edm sm\u011brem. V\u00fdsledkem je vysok\u00fd tah na ploch\u00e9 kovov\u00e9 desce. Naopak na\u0161e unik\u00e1tn\u00ed allround 360\u00b0 magnety dosahuj\u00ed vysok\u00e9ho tahu v cel\u00e9m okoln\u00edm prostoru. Chcete v\u011bd\u011bt, jak to m\u011b\u0159\u00edme? Vysv\u011btlujeme to v tomto <a href=\"https:\/\/www.youtube.com\/watch?v=2McW3RURDxs\">videu<\/a>.\n\n<h2>Standardy kvality<\/h2>\n\nV Magnetaru usilujeme o kvalitu. Proto jsou na\u0161e magnety vyrobeny z neodymu, co\u017e znamen\u00e1, \u017ee si magnety uchov\u00e1vaj\u00ed svou magnetickou s\u00edlu po desetilet\u00ed!\n\n\n\nZjistili jsme, \u017ee na trhu je mnoho fishing magnet\u016f, kter\u00e9 ztr\u00e1cej\u00ed s\u00edlu b\u011bhem n\u011bkolika t\u00fddn\u016f. \u010casto je to d\u016fsledek pou\u017eit\u00ed nekvalitn\u00edch materi\u00e1l\u016f a \u0161patn\u00e9ho v\u00fdrobn\u00edho procesu. Pokud si koup\u00edte jeden z t\u011bchto produkt\u016f od v\u011bt\u0161\u00ed spole\u010dnosti, m\u016f\u017eete b\u00fdt zklam\u00e1ni.\n\n\n\nMagnetar je mal\u00e1 rodinn\u00e1 firma pln\u00e1 nad\u0161enc\u016f magnet fishingu, kter\u00e1 klade d\u016fraz na vysok\u00e9 standardy kvality ve v\u0161em, co d\u011bl\u00e1me. Produkty navrhujeme sami, proto\u017ee chceme zajistit, \u017ee obdr\u017e\u00edte kvalitn\u00ed v\u00fdrobek, kter\u00fd v\u00e1m umo\u017en\u00ed pln\u011b si u\u017e\u00edt va\u0161e \u00fa\u017easn\u00e9 hobby.\n\n<h2>D\u016fle\u017eitost ochrany<\/h2>\n\nOchrana va\u0161eho 100% neodymov\u00e9ho magnetu Hardcore je d\u016fle\u017eit\u00e1. Pou\u017e\u00edv\u00e1n\u00ed magnetu m\u016f\u017ee toti\u017e v\u00e9st k po\u0161kr\u00e1b\u00e1n\u00ed, prasknut\u00ed nebo jin\u00e9mu po\u0161kozen\u00ed. Proto jsme do D\u00edv\u010d\u00edho Power Kitu p\u0159idali ochrann\u00fd kryt. Je vyroben z nerezov\u00e9 oceli, co\u017e zaji\u0161\u0165uje, \u017ee magnet z\u016fstane magnetick\u00fd. Uv\u011bdomte si, \u017ee spodn\u00ed \u010d\u00e1st magnetu je st\u00e1le zraniteln\u00e1.\n\n<h2>Pou\u017e\u00edvejte tento produkt opatrn\u011b<\/h2>\n\nPou\u017eit\u00ed neodymu v na\u0161ich produktech znamen\u00e1 velmi siln\u00e9 magnety. Kdy\u017e jsou na bl\u00edzkou vzd\u00e1lenost, \u017eelezn\u00e9 p\u0159edm\u011bty mohou b\u00fdt k magnetu p\u0159itahov\u00e1ny extr\u00e9mn\u011b rychle. Bu\u010fte si v\u011bdomi toho, \u017ee va\u0161e ruka nebo prsty by mohly b\u00fdt mezi dv\u011bma p\u0159edm\u011bty zachyceny. Pou\u017e\u00edv\u00e1n\u00ed t\u011bchto magnet\u016f je na vlastn\u00ed riziko a d\u011bti by m\u011bly b\u00fdt v\u017edy pod dohledem rodi\u010d\u016f p\u0159i pou\u017e\u00edv\u00e1n\u00ed t\u011bchto produkt\u016f. Je rozumn\u00e9 si p\u0159ed pou\u017eit\u00edm p\u0159e\u010d\u00edst na\u0161e <a href=\"https:\/\/magnetarmagnets.com\/how-do-you-use-fishing-magnets-in-a-safe-way\/?v=796834e7a283\">bezpe\u010dnostn\u00ed pokyny<\/a>.\n\n<h2>Hled\u00e1te v\u00edce?<\/h2>\n\nP\u0159ipraveni na je\u0161t\u011b v\u011bt\u0161\u00ed allround magnet v kompletn\u00edm balen\u00ed? Pod\u00edvejte se na n\u00e1\u0161 <a href=\"https:\/\/magnetarmagnets.com\/shop\/expert-package\/\" target=\"_blank\" rel=\"noopener\">Expert package<\/a> s jedn\u00edm z nejsiln\u011bj\u0161\u00edch magnet\u016f, kter\u00e9 nab\u00edz\u00edme: Terror fishing magnet. Hled\u00e1te vhodn\u00fd bal\u00ed\u010dek pro d\u011bti? Prohl\u00e9dn\u011bte si <a href=\"https:\/\/magnetarmagnets.com\/shop\/kids-package\/\" target=\"_blank\" rel=\"noopener\">d\u011btsk\u00fd bal\u00ed\u010dek<\/a> pro mal\u00e9 nebo startovn\u00ed bal\u00ed\u010dek pro star\u0161\u00ed d\u011bti.\n\n\n\nNezapome\u0148te se pod\u00edvat na <a href=\"https:\/\/magnetarmagnets.com\/magnet-fishing-kit\/\" target=\"_blank\" rel=\"noopener\">nejlep\u0161\u00ed magnet fishing sady<\/a> a na\u0161e <a href=\"https:\/\/magnetarmagnets.com\/accessories\/\" target=\"_blank\" rel=\"noopener\">p\u0159\u00edslu\u0161enstv\u00ed pro magnet fishing<\/a>.","protected":false},"excerpt":{"rendered":"<p>Za\u010dn\u011bte s D\u00edv\u010d\u00edm Power Kitem. Tento bal\u00ed\u010dek obsahuje <strong>600 kg Hardcore Allround 360\u00b0 magnet<\/strong>, ochrann\u00fd pouzdro Hardcore, r\u016f\u017eovou \u010depici Magnetar, lano o pr\u016fm\u011bru 8 mm, rukavice a lepidlo. <strong>V\u0161e, co pot\u0159ebujete<\/strong> k zah\u00e1jen\u00ed va\u0161eho dobrodru\u017estv\u00ed s magnet fishing!<\/p>\n","protected":false},"featured_media":80648,"comment_status":"open","ping_status":"closed","template":"","meta":{"_acf_changed":false,"inline_featured_image":false},"product_brand":[],"product_cat":[586,581,593,594,587],"product_tag":[],"class_list":{"0":"post-83243","1":"product","2":"type-product","3":"status-publish","4":"has-post-thumbnail","6":"product_cat-allround-magnesy-do-lowienia-360","7":"product_cat-magnesy-do-lowienia","8":"product_cat-poczatkujacy-i-dzieci","9":"product_cat-zaawansowani-poszukiwacze-przygod","10":"product_cat-zestaw-do-lowienia-magnesem","12":"first","13":"instock","14":"sale","15":"taxable","16":"shipping-taxable","17":"purchasable","18":"product-type-simple"},"acf":[],"yoast_head":"<!-- This site is optimized with the Yoast SEO plugin v27.3 - https:\/\/yoast.com\/product\/yoast-seo-wordpress\/ -->\n<title>D\u00edv\u010d\u00ed power kit - 1300 lb \/ 600 kg - Hardcore Allround 360\u00b0<\/title>\n<meta name=\"description\" content=\"Magnet fishing pro d\u00edvky? N\u00e1\u0161 D\u00edv\u010d\u00ed power kit je vhodn\u00fd pro \u017eeny, kter\u00e9 cht\u011bj\u00ed posunout sv\u00e9 hobby hled\u00e1n\u00ed poklad\u016f na dal\u0161\u00ed \u00farove\u0148!\" \/>\n<meta name=\"robots\" content=\"index, follow, max-snippet:-1, max-image-preview:large, max-video-preview:-1\" \/>\n<link rel=\"canonical\" href=\"https:\/\/magnetarmagnets.com\/cs\/shop\/divci-power-kit-600-kg-hardcore-allround-360\/\" \/>\n<meta property=\"og:locale\" content=\"cs_CZ\" \/>\n<meta property=\"og:type\" content=\"article\" \/>\n<meta property=\"og:title\" content=\"D\u00edv\u010d\u00ed power kit - 1300 lb \/ 600 kg - Hardcore Allround 360\u00b0\" \/>\n<meta property=\"og:description\" content=\"Magnet fishing pro d\u00edvky? N\u00e1\u0161 D\u00edv\u010d\u00ed power kit je vhodn\u00fd pro \u017eeny, kter\u00e9 cht\u011bj\u00ed posunout sv\u00e9 hobby hled\u00e1n\u00ed poklad\u016f na dal\u0161\u00ed \u00farove\u0148!\" \/>\n<meta property=\"og:url\" content=\"https:\/\/magnetarmagnets.com\/cs\/shop\/divci-power-kit-600-kg-hardcore-allround-360\/\" \/>\n<meta property=\"og:site_name\" content=\"Magnet fishing with a Magnetar fishing magnet\" \/>\n<meta property=\"article:publisher\" content=\"https:\/\/www.facebook.com\/fishingmagnets\/\" \/>\n<meta property=\"article:modified_time\" content=\"2026-04-03T18:52:44+00:00\" \/>\n<meta property=\"og:image\" content=\"https:\/\/magnetarmagnets.com\/wp-content\/uploads\/2021\/10\/Kopie-van-MAGNETAR-KIT-CANVA-1.png\" \/>\n\t<meta property=\"og:image:width\" content=\"1500\" \/>\n\t<meta property=\"og:image:height\" content=\"1500\" \/>\n\t<meta property=\"og:image:type\" content=\"image\/png\" \/>\n<meta name=\"twitter:card\" content=\"summary_large_image\" \/>\n<meta name=\"twitter:label1\" content=\"Odhadovan\u00e1 doba \u010dten\u00ed\" \/>\n\t<meta name=\"twitter:data1\" content=\"4 minuty\" \/>\n<script type=\"application\/ld+json\" class=\"yoast-schema-graph\">{\"@context\":\"https:\\\/\\\/schema.org\",\"@graph\":[{\"@type\":[\"WebPage\",\"ItemPage\"],\"@id\":\"https:\\\/\\\/magnetarmagnets.com\\\/cs\\\/shop\\\/divci-power-kit-600-kg-hardcore-allround-360\\\/\",\"url\":\"https:\\\/\\\/magnetarmagnets.com\\\/cs\\\/shop\\\/divci-power-kit-600-kg-hardcore-allround-360\\\/\",\"name\":\"D\u00edv\u010d\u00ed power kit - 1300 lb \\\/ 600 kg - Hardcore Allround 360\u00b0\",\"isPartOf\":{\"@id\":\"https:\\\/\\\/magnetarmagnets.com\\\/cs\\\/#website\"},\"primaryImageOfPage\":{\"@id\":\"https:\\\/\\\/magnetarmagnets.com\\\/cs\\\/shop\\\/divci-power-kit-600-kg-hardcore-allround-360\\\/#primaryimage\"},\"image\":{\"@id\":\"https:\\\/\\\/magnetarmagnets.com\\\/cs\\\/shop\\\/divci-power-kit-600-kg-hardcore-allround-360\\\/#primaryimage\"},\"thumbnailUrl\":\"https:\\\/\\\/magnetarmagnets.com\\\/wp-content\\\/uploads\\\/2021\\\/10\\\/Kopie-van-MAGNETAR-KIT-CANVA-1.png\",\"datePublished\":\"2025-06-05T07:54:16+00:00\",\"dateModified\":\"2026-04-03T18:52:44+00:00\",\"description\":\"Magnet fishing pro d\u00edvky? N\u00e1\u0161 D\u00edv\u010d\u00ed power kit je vhodn\u00fd pro \u017eeny, kter\u00e9 cht\u011bj\u00ed posunout sv\u00e9 hobby hled\u00e1n\u00ed poklad\u016f na dal\u0161\u00ed \u00farove\u0148!\",\"breadcrumb\":{\"@id\":\"https:\\\/\\\/magnetarmagnets.com\\\/cs\\\/shop\\\/divci-power-kit-600-kg-hardcore-allround-360\\\/#breadcrumb\"},\"inLanguage\":\"cs\",\"potentialAction\":[{\"@type\":\"ReadAction\",\"target\":[\"https:\\\/\\\/magnetarmagnets.com\\\/cs\\\/shop\\\/divci-power-kit-600-kg-hardcore-allround-360\\\/\"]}]},{\"@type\":\"ImageObject\",\"inLanguage\":\"cs\",\"@id\":\"https:\\\/\\\/magnetarmagnets.com\\\/cs\\\/shop\\\/divci-power-kit-600-kg-hardcore-allround-360\\\/#primaryimage\",\"url\":\"https:\\\/\\\/magnetarmagnets.com\\\/wp-content\\\/uploads\\\/2021\\\/10\\\/Kopie-van-MAGNETAR-KIT-CANVA-1.png\",\"contentUrl\":\"https:\\\/\\\/magnetarmagnets.com\\\/wp-content\\\/uploads\\\/2021\\\/10\\\/Kopie-van-MAGNETAR-KIT-CANVA-1.png\",\"width\":1500,\"height\":1500,\"caption\":\"Girl Power Package - Hardcore Fishing Magnet\"},{\"@type\":\"BreadcrumbList\",\"@id\":\"https:\\\/\\\/magnetarmagnets.com\\\/cs\\\/shop\\\/divci-power-kit-600-kg-hardcore-allround-360\\\/#breadcrumb\",\"itemListElement\":[{\"@type\":\"ListItem\",\"position\":1,\"name\":\"Home\",\"item\":\"https:\\\/\\\/magnetarmagnets.com\\\/cs\\\/\"},{\"@type\":\"ListItem\",\"position\":2,\"name\":\"Obchod\",\"item\":\"https:\\\/\\\/magnetarmagnets.com\\\/obchod\\\/\"},{\"@type\":\"ListItem\",\"position\":3,\"name\":\"Fishing magnety\",\"item\":\"https:\\\/\\\/magnetarmagnets.com\\\/cs\\\/collections\\\/fishing-magnets-cs\\\/\"},{\"@type\":\"ListItem\",\"position\":4,\"name\":\"Allround fishing magnety 360\u00b0\",\"item\":\"https:\\\/\\\/magnetarmagnets.com\\\/cs\\\/collections\\\/fishing-magnets-cs\\\/allround-fishing-magnety-360\\\/\"},{\"@type\":\"ListItem\",\"position\":5,\"name\":\"D\u00edv\u010d\u00ed power kit &#8211; 600 kg \u2013 Hardcore \u2013 Allround 360\u00b0\"}]},{\"@type\":\"WebSite\",\"@id\":\"https:\\\/\\\/magnetarmagnets.com\\\/cs\\\/#website\",\"url\":\"https:\\\/\\\/magnetarmagnets.com\\\/cs\\\/\",\"name\":\"Magnet fishing with a Magnetar fishing magnet\",\"description\":\"Siln\u00e9 magnety na magnet fishing\",\"publisher\":{\"@id\":\"https:\\\/\\\/magnetarmagnets.com\\\/cs\\\/#organization\"},\"potentialAction\":[{\"@type\":\"SearchAction\",\"target\":{\"@type\":\"EntryPoint\",\"urlTemplate\":\"https:\\\/\\\/magnetarmagnets.com\\\/cs\\\/?s={search_term_string}\"},\"query-input\":{\"@type\":\"PropertyValueSpecification\",\"valueRequired\":true,\"valueName\":\"search_term_string\"}}],\"inLanguage\":\"cs\"},{\"@type\":\"Organization\",\"@id\":\"https:\\\/\\\/magnetarmagnets.com\\\/cs\\\/#organization\",\"name\":\"Magnetar\",\"url\":\"https:\\\/\\\/magnetarmagnets.com\\\/cs\\\/\",\"logo\":{\"@type\":\"ImageObject\",\"inLanguage\":\"cs\",\"@id\":\"https:\\\/\\\/magnetarmagnets.com\\\/cs\\\/#\\\/schema\\\/logo\\\/image\\\/\",\"url\":\"https:\\\/\\\/magnetarmagnets.com\\\/wp-content\\\/uploads\\\/2025\\\/05\\\/Logo-03_PNG-Black-scaled.png\",\"contentUrl\":\"https:\\\/\\\/magnetarmagnets.com\\\/wp-content\\\/uploads\\\/2025\\\/05\\\/Logo-03_PNG-Black-scaled.png\",\"width\":2560,\"height\":1658,\"caption\":\"Magnetar\"},\"image\":{\"@id\":\"https:\\\/\\\/magnetarmagnets.com\\\/cs\\\/#\\\/schema\\\/logo\\\/image\\\/\"},\"sameAs\":[\"https:\\\/\\\/www.facebook.com\\\/fishingmagnets\\\/\",\"https:\\\/\\\/www.instagram.com\\\/magnetar_magnets\\\/\",\"https:\\\/\\\/www.linkedin.com\\\/company\\\/magnetarbv\\\/?originalSubdomain=nl\",\"https:\\\/\\\/www.youtube.com\\\/c\\\/MagnetarVismagneet\"]}]}<\/script>\n<!-- \/ Yoast SEO plugin. -->","yoast_head_json":{"title":"D\u00edv\u010d\u00ed power kit - 1300 lb \/ 600 kg - Hardcore Allround 360\u00b0","description":"Magnet fishing pro d\u00edvky? N\u00e1\u0161 D\u00edv\u010d\u00ed power kit je vhodn\u00fd pro \u017eeny, kter\u00e9 cht\u011bj\u00ed posunout sv\u00e9 hobby hled\u00e1n\u00ed poklad\u016f na dal\u0161\u00ed \u00farove\u0148!","robots":{"index":"index","follow":"follow","max-snippet":"max-snippet:-1","max-image-preview":"max-image-preview:large","max-video-preview":"max-video-preview:-1"},"canonical":"https:\/\/magnetarmagnets.com\/cs\/shop\/divci-power-kit-600-kg-hardcore-allround-360\/","og_locale":"cs_CZ","og_type":"article","og_title":"D\u00edv\u010d\u00ed power kit - 1300 lb \/ 600 kg - Hardcore Allround 360\u00b0","og_description":"Magnet fishing pro d\u00edvky? N\u00e1\u0161 D\u00edv\u010d\u00ed power kit je vhodn\u00fd pro \u017eeny, kter\u00e9 cht\u011bj\u00ed posunout sv\u00e9 hobby hled\u00e1n\u00ed poklad\u016f na dal\u0161\u00ed \u00farove\u0148!","og_url":"https:\/\/magnetarmagnets.com\/cs\/shop\/divci-power-kit-600-kg-hardcore-allround-360\/","og_site_name":"Magnet fishing with a Magnetar fishing magnet","article_publisher":"https:\/\/www.facebook.com\/fishingmagnets\/","article_modified_time":"2026-04-03T18:52:44+00:00","og_image":[{"width":1500,"height":1500,"url":"https:\/\/magnetarmagnets.com\/wp-content\/uploads\/2021\/10\/Kopie-van-MAGNETAR-KIT-CANVA-1.png","type":"image\/png"}],"twitter_card":"summary_large_image","twitter_misc":{"Odhadovan\u00e1 doba \u010dten\u00ed":"4 minuty"},"schema":{"@context":"https:\/\/schema.org","@graph":[{"@type":["WebPage","ItemPage"],"@id":"https:\/\/magnetarmagnets.com\/cs\/shop\/divci-power-kit-600-kg-hardcore-allround-360\/","url":"https:\/\/magnetarmagnets.com\/cs\/shop\/divci-power-kit-600-kg-hardcore-allround-360\/","name":"D\u00edv\u010d\u00ed power kit - 1300 lb \/ 600 kg - Hardcore Allround 360\u00b0","isPartOf":{"@id":"https:\/\/magnetarmagnets.com\/cs\/#website"},"primaryImageOfPage":{"@id":"https:\/\/magnetarmagnets.com\/cs\/shop\/divci-power-kit-600-kg-hardcore-allround-360\/#primaryimage"},"image":{"@id":"https:\/\/magnetarmagnets.com\/cs\/shop\/divci-power-kit-600-kg-hardcore-allround-360\/#primaryimage"},"thumbnailUrl":"https:\/\/magnetarmagnets.com\/wp-content\/uploads\/2021\/10\/Kopie-van-MAGNETAR-KIT-CANVA-1.png","datePublished":"2025-06-05T07:54:16+00:00","dateModified":"2026-04-03T18:52:44+00:00","description":"Magnet fishing pro d\u00edvky? N\u00e1\u0161 D\u00edv\u010d\u00ed power kit je vhodn\u00fd pro \u017eeny, kter\u00e9 cht\u011bj\u00ed posunout sv\u00e9 hobby hled\u00e1n\u00ed poklad\u016f na dal\u0161\u00ed \u00farove\u0148!","breadcrumb":{"@id":"https:\/\/magnetarmagnets.com\/cs\/shop\/divci-power-kit-600-kg-hardcore-allround-360\/#breadcrumb"},"inLanguage":"cs","potentialAction":[{"@type":"ReadAction","target":["https:\/\/magnetarmagnets.com\/cs\/shop\/divci-power-kit-600-kg-hardcore-allround-360\/"]}]},{"@type":"ImageObject","inLanguage":"cs","@id":"https:\/\/magnetarmagnets.com\/cs\/shop\/divci-power-kit-600-kg-hardcore-allround-360\/#primaryimage","url":"https:\/\/magnetarmagnets.com\/wp-content\/uploads\/2021\/10\/Kopie-van-MAGNETAR-KIT-CANVA-1.png","contentUrl":"https:\/\/magnetarmagnets.com\/wp-content\/uploads\/2021\/10\/Kopie-van-MAGNETAR-KIT-CANVA-1.png","width":1500,"height":1500,"caption":"Girl Power Package - Hardcore Fishing Magnet"},{"@type":"BreadcrumbList","@id":"https:\/\/magnetarmagnets.com\/cs\/shop\/divci-power-kit-600-kg-hardcore-allround-360\/#breadcrumb","itemListElement":[{"@type":"ListItem","position":1,"name":"Home","item":"https:\/\/magnetarmagnets.com\/cs\/"},{"@type":"ListItem","position":2,"name":"Obchod","item":"https:\/\/magnetarmagnets.com\/obchod\/"},{"@type":"ListItem","position":3,"name":"Fishing magnety","item":"https:\/\/magnetarmagnets.com\/cs\/collections\/fishing-magnets-cs\/"},{"@type":"ListItem","position":4,"name":"Allround fishing magnety 360\u00b0","item":"https:\/\/magnetarmagnets.com\/cs\/collections\/fishing-magnets-cs\/allround-fishing-magnety-360\/"},{"@type":"ListItem","position":5,"name":"D\u00edv\u010d\u00ed power kit &#8211; 600 kg \u2013 Hardcore \u2013 Allround 360\u00b0"}]},{"@type":"WebSite","@id":"https:\/\/magnetarmagnets.com\/cs\/#website","url":"https:\/\/magnetarmagnets.com\/cs\/","name":"Magnet fishing with a Magnetar fishing magnet","description":"Siln\u00e9 magnety na magnet fishing","publisher":{"@id":"https:\/\/magnetarmagnets.com\/cs\/#organization"},"potentialAction":[{"@type":"SearchAction","target":{"@type":"EntryPoint","urlTemplate":"https:\/\/magnetarmagnets.com\/cs\/?s={search_term_string}"},"query-input":{"@type":"PropertyValueSpecification","valueRequired":true,"valueName":"search_term_string"}}],"inLanguage":"cs"},{"@type":"Organization","@id":"https:\/\/magnetarmagnets.com\/cs\/#organization","name":"Magnetar","url":"https:\/\/magnetarmagnets.com\/cs\/","logo":{"@type":"ImageObject","inLanguage":"cs","@id":"https:\/\/magnetarmagnets.com\/cs\/#\/schema\/logo\/image\/","url":"https:\/\/magnetarmagnets.com\/wp-content\/uploads\/2025\/05\/Logo-03_PNG-Black-scaled.png","contentUrl":"https:\/\/magnetarmagnets.com\/wp-content\/uploads\/2025\/05\/Logo-03_PNG-Black-scaled.png","width":2560,"height":1658,"caption":"Magnetar"},"image":{"@id":"https:\/\/magnetarmagnets.com\/cs\/#\/schema\/logo\/image\/"},"sameAs":["https:\/\/www.facebook.com\/fishingmagnets\/","https:\/\/www.instagram.com\/magnetar_magnets\/","https:\/\/www.linkedin.com\/company\/magnetarbv\/?originalSubdomain=nl","https:\/\/www.youtube.com\/c\/MagnetarVismagneet"]}]}},"_links":{"self":[{"href":"https:\/\/magnetarmagnets.com\/cs\/wp-json\/wp\/v2\/product\/83243","targetHints":{"allow":["GET"]}}],"collection":[{"href":"https:\/\/magnetarmagnets.com\/cs\/wp-json\/wp\/v2\/product"}],"about":[{"href":"https:\/\/magnetarmagnets.com\/cs\/wp-json\/wp\/v2\/types\/product"}],"replies":[{"embeddable":true,"href":"https:\/\/magnetarmagnets.com\/cs\/wp-json\/wp\/v2\/comments?post=83243"}],"version-history":[{"count":0,"href":"https:\/\/magnetarmagnets.com\/cs\/wp-json\/wp\/v2\/product\/83243\/revisions"}],"wp:featuredmedia":[{"embeddable":true,"href":"https:\/\/magnetarmagnets.com\/cs\/wp-json\/wp\/v2\/media\/80648"}],"wp:attachment":[{"href":"https:\/\/magnetarmagnets.com\/cs\/wp-json\/wp\/v2\/media?parent=83243"}],"wp:term":[{"taxonomy":"product_brand","embeddable":true,"href":"https:\/\/magnetarmagnets.com\/cs\/wp-json\/wp\/v2\/product_brand?post=83243"},{"taxonomy":"product_cat","embeddable":true,"href":"https:\/\/magnetarmagnets.com\/cs\/wp-json\/wp\/v2\/product_cat?post=83243"},{"taxonomy":"product_tag","embeddable":true,"href":"https:\/\/magnetarmagnets.com\/cs\/wp-json\/wp\/v2\/product_tag?post=83243"}],"curies":[{"name":"wp","href":"https:\/\/api.w.org\/{rel}","templated":true}]}}