{"id":83242,"date":"2025-06-05T09:54:15","date_gmt":"2025-06-05T07:54:15","guid":{"rendered":"https:\/\/magnetarmagnets.com\/?post_type=product&#038;p=83242"},"modified":"2026-04-03T19:09:49","modified_gmt":"2026-04-03T17:09:49","slug":"ochranny-kryt-pro-360-allround-magnet","status":"publish","type":"product","link":"https:\/\/magnetarmagnets.com\/cs\/shop\/ochranny-kryt-pro-360-allround-magnet\/","title":{"rendered":"Ochrann\u00fd kryt pro 360\u00b0 allround magnet"},"content":{"rendered":"<h2><strong>Ochrann\u00e9 kryty pro 360\u00b0 allround magnety<\/strong><\/h2>\r\nPerfektn\u00ed dopln\u011bk pro magnetick\u00e9 ryb\u00e1\u0159e, kte\u0159\u00ed cht\u011bj\u00ed chr\u00e1nit sv\u00e9 neodymov\u00e9 magnety b\u011bhem pou\u017e\u00edv\u00e1n\u00ed. Tyto odoln\u00e9 kryty jsou speci\u00e1ln\u011b navr\u017eeny tak, aby perfektn\u011b sed\u011bly na magnet a poskytovaly dal\u0161\u00ed vrstvu ochrany proti po\u0161kr\u00e1b\u00e1n\u00ed, prasknut\u00ed a dal\u0161\u00edm typ\u016fm po\u0161kozen\u00ed. Na\u0161e ochrann\u00e9 kryty jsou vyrobeny tak, aby vydr\u017eely a zvl\u00e1dly i ty nejn\u00e1ro\u010dn\u011bj\u0161\u00ed podm\u00ednky. Ochrann\u00fd kryt je vyroben z nerezov\u00e9 oceli. To zaji\u0161\u0165uje, \u017ee v\u00e1\u0161 magnet z\u016fst\u00e1v\u00e1 360\u00b0 magnetick\u00fd (ztr\u00e1ta s\u00edly p\u0159ita\u017een\u00ed je max. 5 %). S na\u0161imi ochrann\u00fdmi kryty si m\u016f\u017eete u\u017e\u00edt magnet fishing bez obav o po\u0161kozen\u00ed va\u0161eho cenn\u00e9ho fishing magnetu. Objednejte si sv\u016fj ochrann\u00fd kryt je\u0161t\u011b dnes a za\u017eijte klid, kter\u00fd p\u0159in\u00e1\u0161\u00ed v\u011bdom\u00ed, \u017ee je v\u00e1\u0161 magnet chr\u00e1n\u011bn.\r\n\r\n(Upozor\u0148ujeme, \u017ee spodn\u00ed \u010d\u00e1st magnetu kryt nechr\u00e1n\u00ed)\r\n\r\nMagnetar\u00ae 360\u00b0 magnety jsou k\u0159ehk\u00e9, nen\u00ed to v\u00fdrobn\u00ed vada, ale vlastnost produktu. Magnety jsou vyrobeny z magnetick\u00e9ho pr\u00e1\u0161ku (neodym), kter\u00fd je slisov\u00e1n dohromady. Kdy\u017e je nechr\u00e1n\u011bn\u00fd magnet hozen proti kameni, mohou se \u010d\u00e1sti odlomit. Proto chra\u0148te magnet vhodn\u00fdm ochrann\u00fdm krytem a prodlu\u017ete \u017eivotnost va\u0161eho magnetu. S\u00edla p\u0159ita\u017een\u00ed se kv\u016fli ochrann\u00e9mu krytu sni\u017euje o 5 %.\r\n<h2><strong>D\u016frazn\u011b doporu\u010dujeme pou\u017e\u00edvat na\u0161e ochrann\u00e9 kryty:<\/strong><\/h2>\r\n<span lang=\"en\">\u2022 Prodlu\u017euj\u00ed \u017eivotnost magnetu<\/span>\r\n\r\n\u2022 <span lang=\"en\">M\u00e9n\u011b po\u0161kozen\u00ed p\u0159i p\u00e1du na zem<\/span>\r\n\r\n<span lang=\"en\">\u2022 Chr\u00e1n\u00ed proti droben\u00ed.<\/span>\r\n\r\n&nbsp;\r\n\r\nNezapome\u0148te si prohl\u00e9dnout v\u0161echny <a href=\"https:\/\/magnetarmagnets.com\/\" target=\"_blank\" rel=\"noopener\">magnet fishing produkty k prodeji<\/a> a na\u0161e <a href=\"https:\/\/magnetarmagnets.com\/collections\/fishing-magnets\/magnet-fishing-kit\/\" target=\"_blank\" rel=\"noopener\">magnet fishing sety<\/a>. Ochrann\u00fd kryt je sou\u010d\u00e1st\u00ed balen\u00ed 360\u00b0 magnet\u016f.","protected":false},"excerpt":{"rendered":"<p><span style=\"font-weight: 400;\">D\u016frazn\u011b doporu\u010dujeme <strong>chr\u00e1nit<\/strong> v\u00e1\u0161 360\u00b0 allround fishing magnet.<\/span><\/p>\n","protected":false},"featured_media":77024,"comment_status":"open","ping_status":"closed","template":"","meta":{"_acf_changed":false,"inline_featured_image":false},"product_brand":[],"product_cat":[588,589],"product_tag":[],"class_list":{"0":"post-83242","1":"product","2":"type-product","3":"status-publish","4":"has-post-thumbnail","6":"product_cat-sprzet","7":"product_cat-sprzet-do-lowienia-magnesem","9":"first","10":"instock","11":"taxable","12":"shipping-taxable","13":"purchasable","14":"product-type-variable"},"acf":[],"yoast_head":"<!-- This site is optimized with the Yoast SEO plugin v27.3 - https:\/\/yoast.com\/product\/yoast-seo-wordpress\/ -->\n<title>Ochrann\u00fd kryt pro 360\u00b0 allround magnet - Magnet fishing with a Magnetar fishing magnet<\/title>\n<meta name=\"description\" content=\"Ochrann\u00e9 kryty pro 360\u00b0 allround magnety - Magnetar\" \/>\n<meta name=\"robots\" content=\"index, follow, max-snippet:-1, max-image-preview:large, max-video-preview:-1\" \/>\n<link rel=\"canonical\" href=\"https:\/\/magnetarmagnets.com\/cs\/shop\/ochranny-kryt-pro-360-allround-magnet\/\" \/>\n<meta property=\"og:locale\" content=\"cs_CZ\" \/>\n<meta property=\"og:type\" content=\"article\" \/>\n<meta property=\"og:title\" content=\"Ochrann\u00fd kryt pro 360\u00b0 allround magnet - Magnet fishing with a Magnetar fishing magnet\" \/>\n<meta property=\"og:description\" content=\"Ochrann\u00e9 kryty pro 360\u00b0 allround magnety - Magnetar\" \/>\n<meta property=\"og:url\" content=\"https:\/\/magnetarmagnets.com\/cs\/shop\/ochranny-kryt-pro-360-allround-magnet\/\" \/>\n<meta property=\"og:site_name\" content=\"Magnet fishing with a Magnetar fishing magnet\" \/>\n<meta property=\"article:publisher\" content=\"https:\/\/www.facebook.com\/fishingmagnets\/\" \/>\n<meta property=\"article:modified_time\" content=\"2026-04-03T17:09:49+00:00\" \/>\n<meta property=\"og:image\" content=\"https:\/\/magnetarmagnets.com\/wp-content\/uploads\/2018\/09\/2887.jpg\" \/>\n\t<meta property=\"og:image:width\" content=\"1000\" \/>\n\t<meta property=\"og:image:height\" content=\"1000\" \/>\n\t<meta property=\"og:image:type\" content=\"image\/jpeg\" \/>\n<meta name=\"twitter:card\" content=\"summary_large_image\" \/>\n<meta name=\"twitter:label1\" content=\"Odhadovan\u00e1 doba \u010dten\u00ed\" \/>\n\t<meta name=\"twitter:data1\" content=\"2 minuty\" \/>\n<script type=\"application\/ld+json\" class=\"yoast-schema-graph\">{\"@context\":\"https:\\\/\\\/schema.org\",\"@graph\":[{\"@type\":[\"WebPage\",\"ItemPage\"],\"@id\":\"https:\\\/\\\/magnetarmagnets.com\\\/cs\\\/shop\\\/ochranny-kryt-pro-360-allround-magnet\\\/\",\"url\":\"https:\\\/\\\/magnetarmagnets.com\\\/cs\\\/shop\\\/ochranny-kryt-pro-360-allround-magnet\\\/\",\"name\":\"Ochrann\u00fd kryt pro 360\u00b0 allround magnet - Magnet fishing with a Magnetar fishing magnet\",\"isPartOf\":{\"@id\":\"https:\\\/\\\/magnetarmagnets.com\\\/cs\\\/#website\"},\"primaryImageOfPage\":{\"@id\":\"https:\\\/\\\/magnetarmagnets.com\\\/cs\\\/shop\\\/ochranny-kryt-pro-360-allround-magnet\\\/#primaryimage\"},\"image\":{\"@id\":\"https:\\\/\\\/magnetarmagnets.com\\\/cs\\\/shop\\\/ochranny-kryt-pro-360-allround-magnet\\\/#primaryimage\"},\"thumbnailUrl\":\"https:\\\/\\\/magnetarmagnets.com\\\/wp-content\\\/uploads\\\/2018\\\/09\\\/2887.jpg\",\"datePublished\":\"2025-06-05T07:54:15+00:00\",\"dateModified\":\"2026-04-03T17:09:49+00:00\",\"description\":\"Ochrann\u00e9 kryty pro 360\u00b0 allround magnety - Magnetar\",\"breadcrumb\":{\"@id\":\"https:\\\/\\\/magnetarmagnets.com\\\/cs\\\/shop\\\/ochranny-kryt-pro-360-allround-magnet\\\/#breadcrumb\"},\"inLanguage\":\"cs\",\"potentialAction\":[{\"@type\":\"ReadAction\",\"target\":[\"https:\\\/\\\/magnetarmagnets.com\\\/cs\\\/shop\\\/ochranny-kryt-pro-360-allround-magnet\\\/\"]}]},{\"@type\":\"ImageObject\",\"inLanguage\":\"cs\",\"@id\":\"https:\\\/\\\/magnetarmagnets.com\\\/cs\\\/shop\\\/ochranny-kryt-pro-360-allround-magnet\\\/#primaryimage\",\"url\":\"https:\\\/\\\/magnetarmagnets.com\\\/wp-content\\\/uploads\\\/2018\\\/09\\\/2887.jpg\",\"contentUrl\":\"https:\\\/\\\/magnetarmagnets.com\\\/wp-content\\\/uploads\\\/2018\\\/09\\\/2887.jpg\",\"width\":1000,\"height\":1000,\"caption\":\"Protection cover fishing magnets\"},{\"@type\":\"BreadcrumbList\",\"@id\":\"https:\\\/\\\/magnetarmagnets.com\\\/cs\\\/shop\\\/ochranny-kryt-pro-360-allround-magnet\\\/#breadcrumb\",\"itemListElement\":[{\"@type\":\"ListItem\",\"position\":1,\"name\":\"Home\",\"item\":\"https:\\\/\\\/magnetarmagnets.com\\\/cs\\\/\"},{\"@type\":\"ListItem\",\"position\":2,\"name\":\"Obchod\",\"item\":\"https:\\\/\\\/magnetarmagnets.com\\\/obchod\\\/\"},{\"@type\":\"ListItem\",\"position\":3,\"name\":\"Vybaven\u00ed\",\"item\":\"https:\\\/\\\/magnetarmagnets.com\\\/cs\\\/collections\\\/vybaveni\\\/\"},{\"@type\":\"ListItem\",\"position\":4,\"name\":\"Vybaven\u00ed pro magnet fishing\",\"item\":\"https:\\\/\\\/magnetarmagnets.com\\\/cs\\\/collections\\\/vybaveni\\\/vybaveni-pro-magnet-fishing\\\/\"},{\"@type\":\"ListItem\",\"position\":5,\"name\":\"Ochrann\u00fd kryt pro 360\u00b0 allround magnet\"}]},{\"@type\":\"WebSite\",\"@id\":\"https:\\\/\\\/magnetarmagnets.com\\\/cs\\\/#website\",\"url\":\"https:\\\/\\\/magnetarmagnets.com\\\/cs\\\/\",\"name\":\"Magnet fishing with a Magnetar fishing magnet\",\"description\":\"Siln\u00e9 magnety na magnet fishing\",\"publisher\":{\"@id\":\"https:\\\/\\\/magnetarmagnets.com\\\/cs\\\/#organization\"},\"potentialAction\":[{\"@type\":\"SearchAction\",\"target\":{\"@type\":\"EntryPoint\",\"urlTemplate\":\"https:\\\/\\\/magnetarmagnets.com\\\/cs\\\/?s={search_term_string}\"},\"query-input\":{\"@type\":\"PropertyValueSpecification\",\"valueRequired\":true,\"valueName\":\"search_term_string\"}}],\"inLanguage\":\"cs\"},{\"@type\":\"Organization\",\"@id\":\"https:\\\/\\\/magnetarmagnets.com\\\/cs\\\/#organization\",\"name\":\"Magnetar\",\"url\":\"https:\\\/\\\/magnetarmagnets.com\\\/cs\\\/\",\"logo\":{\"@type\":\"ImageObject\",\"inLanguage\":\"cs\",\"@id\":\"https:\\\/\\\/magnetarmagnets.com\\\/cs\\\/#\\\/schema\\\/logo\\\/image\\\/\",\"url\":\"https:\\\/\\\/magnetarmagnets.com\\\/wp-content\\\/uploads\\\/2025\\\/05\\\/Logo-03_PNG-Black-scaled.png\",\"contentUrl\":\"https:\\\/\\\/magnetarmagnets.com\\\/wp-content\\\/uploads\\\/2025\\\/05\\\/Logo-03_PNG-Black-scaled.png\",\"width\":2560,\"height\":1658,\"caption\":\"Magnetar\"},\"image\":{\"@id\":\"https:\\\/\\\/magnetarmagnets.com\\\/cs\\\/#\\\/schema\\\/logo\\\/image\\\/\"},\"sameAs\":[\"https:\\\/\\\/www.facebook.com\\\/fishingmagnets\\\/\",\"https:\\\/\\\/www.instagram.com\\\/magnetar_magnets\\\/\",\"https:\\\/\\\/www.linkedin.com\\\/company\\\/magnetarbv\\\/?originalSubdomain=nl\",\"https:\\\/\\\/www.youtube.com\\\/c\\\/MagnetarVismagneet\"]}]}<\/script>\n<!-- \/ Yoast SEO plugin. -->","yoast_head_json":{"title":"Ochrann\u00fd kryt pro 360\u00b0 allround magnet - Magnet fishing with a Magnetar fishing magnet","description":"Ochrann\u00e9 kryty pro 360\u00b0 allround magnety - Magnetar","robots":{"index":"index","follow":"follow","max-snippet":"max-snippet:-1","max-image-preview":"max-image-preview:large","max-video-preview":"max-video-preview:-1"},"canonical":"https:\/\/magnetarmagnets.com\/cs\/shop\/ochranny-kryt-pro-360-allround-magnet\/","og_locale":"cs_CZ","og_type":"article","og_title":"Ochrann\u00fd kryt pro 360\u00b0 allround magnet - Magnet fishing with a Magnetar fishing magnet","og_description":"Ochrann\u00e9 kryty pro 360\u00b0 allround magnety - Magnetar","og_url":"https:\/\/magnetarmagnets.com\/cs\/shop\/ochranny-kryt-pro-360-allround-magnet\/","og_site_name":"Magnet fishing with a Magnetar fishing magnet","article_publisher":"https:\/\/www.facebook.com\/fishingmagnets\/","article_modified_time":"2026-04-03T17:09:49+00:00","og_image":[{"width":1000,"height":1000,"url":"https:\/\/magnetarmagnets.com\/wp-content\/uploads\/2018\/09\/2887.jpg","type":"image\/jpeg"}],"twitter_card":"summary_large_image","twitter_misc":{"Odhadovan\u00e1 doba \u010dten\u00ed":"2 minuty"},"schema":{"@context":"https:\/\/schema.org","@graph":[{"@type":["WebPage","ItemPage"],"@id":"https:\/\/magnetarmagnets.com\/cs\/shop\/ochranny-kryt-pro-360-allround-magnet\/","url":"https:\/\/magnetarmagnets.com\/cs\/shop\/ochranny-kryt-pro-360-allround-magnet\/","name":"Ochrann\u00fd kryt pro 360\u00b0 allround magnet - Magnet fishing with a Magnetar fishing magnet","isPartOf":{"@id":"https:\/\/magnetarmagnets.com\/cs\/#website"},"primaryImageOfPage":{"@id":"https:\/\/magnetarmagnets.com\/cs\/shop\/ochranny-kryt-pro-360-allround-magnet\/#primaryimage"},"image":{"@id":"https:\/\/magnetarmagnets.com\/cs\/shop\/ochranny-kryt-pro-360-allround-magnet\/#primaryimage"},"thumbnailUrl":"https:\/\/magnetarmagnets.com\/wp-content\/uploads\/2018\/09\/2887.jpg","datePublished":"2025-06-05T07:54:15+00:00","dateModified":"2026-04-03T17:09:49+00:00","description":"Ochrann\u00e9 kryty pro 360\u00b0 allround magnety - Magnetar","breadcrumb":{"@id":"https:\/\/magnetarmagnets.com\/cs\/shop\/ochranny-kryt-pro-360-allround-magnet\/#breadcrumb"},"inLanguage":"cs","potentialAction":[{"@type":"ReadAction","target":["https:\/\/magnetarmagnets.com\/cs\/shop\/ochranny-kryt-pro-360-allround-magnet\/"]}]},{"@type":"ImageObject","inLanguage":"cs","@id":"https:\/\/magnetarmagnets.com\/cs\/shop\/ochranny-kryt-pro-360-allround-magnet\/#primaryimage","url":"https:\/\/magnetarmagnets.com\/wp-content\/uploads\/2018\/09\/2887.jpg","contentUrl":"https:\/\/magnetarmagnets.com\/wp-content\/uploads\/2018\/09\/2887.jpg","width":1000,"height":1000,"caption":"Protection cover fishing magnets"},{"@type":"BreadcrumbList","@id":"https:\/\/magnetarmagnets.com\/cs\/shop\/ochranny-kryt-pro-360-allround-magnet\/#breadcrumb","itemListElement":[{"@type":"ListItem","position":1,"name":"Home","item":"https:\/\/magnetarmagnets.com\/cs\/"},{"@type":"ListItem","position":2,"name":"Obchod","item":"https:\/\/magnetarmagnets.com\/obchod\/"},{"@type":"ListItem","position":3,"name":"Vybaven\u00ed","item":"https:\/\/magnetarmagnets.com\/cs\/collections\/vybaveni\/"},{"@type":"ListItem","position":4,"name":"Vybaven\u00ed pro magnet fishing","item":"https:\/\/magnetarmagnets.com\/cs\/collections\/vybaveni\/vybaveni-pro-magnet-fishing\/"},{"@type":"ListItem","position":5,"name":"Ochrann\u00fd kryt pro 360\u00b0 allround magnet"}]},{"@type":"WebSite","@id":"https:\/\/magnetarmagnets.com\/cs\/#website","url":"https:\/\/magnetarmagnets.com\/cs\/","name":"Magnet fishing with a Magnetar fishing magnet","description":"Siln\u00e9 magnety na magnet fishing","publisher":{"@id":"https:\/\/magnetarmagnets.com\/cs\/#organization"},"potentialAction":[{"@type":"SearchAction","target":{"@type":"EntryPoint","urlTemplate":"https:\/\/magnetarmagnets.com\/cs\/?s={search_term_string}"},"query-input":{"@type":"PropertyValueSpecification","valueRequired":true,"valueName":"search_term_string"}}],"inLanguage":"cs"},{"@type":"Organization","@id":"https:\/\/magnetarmagnets.com\/cs\/#organization","name":"Magnetar","url":"https:\/\/magnetarmagnets.com\/cs\/","logo":{"@type":"ImageObject","inLanguage":"cs","@id":"https:\/\/magnetarmagnets.com\/cs\/#\/schema\/logo\/image\/","url":"https:\/\/magnetarmagnets.com\/wp-content\/uploads\/2025\/05\/Logo-03_PNG-Black-scaled.png","contentUrl":"https:\/\/magnetarmagnets.com\/wp-content\/uploads\/2025\/05\/Logo-03_PNG-Black-scaled.png","width":2560,"height":1658,"caption":"Magnetar"},"image":{"@id":"https:\/\/magnetarmagnets.com\/cs\/#\/schema\/logo\/image\/"},"sameAs":["https:\/\/www.facebook.com\/fishingmagnets\/","https:\/\/www.instagram.com\/magnetar_magnets\/","https:\/\/www.linkedin.com\/company\/magnetarbv\/?originalSubdomain=nl","https:\/\/www.youtube.com\/c\/MagnetarVismagneet"]}]}},"_links":{"self":[{"href":"https:\/\/magnetarmagnets.com\/cs\/wp-json\/wp\/v2\/product\/83242","targetHints":{"allow":["GET"]}}],"collection":[{"href":"https:\/\/magnetarmagnets.com\/cs\/wp-json\/wp\/v2\/product"}],"about":[{"href":"https:\/\/magnetarmagnets.com\/cs\/wp-json\/wp\/v2\/types\/product"}],"replies":[{"embeddable":true,"href":"https:\/\/magnetarmagnets.com\/cs\/wp-json\/wp\/v2\/comments?post=83242"}],"version-history":[{"count":0,"href":"https:\/\/magnetarmagnets.com\/cs\/wp-json\/wp\/v2\/product\/83242\/revisions"}],"wp:featuredmedia":[{"embeddable":true,"href":"https:\/\/magnetarmagnets.com\/cs\/wp-json\/wp\/v2\/media\/77024"}],"wp:attachment":[{"href":"https:\/\/magnetarmagnets.com\/cs\/wp-json\/wp\/v2\/media?parent=83242"}],"wp:term":[{"taxonomy":"product_brand","embeddable":true,"href":"https:\/\/magnetarmagnets.com\/cs\/wp-json\/wp\/v2\/product_brand?post=83242"},{"taxonomy":"product_cat","embeddable":true,"href":"https:\/\/magnetarmagnets.com\/cs\/wp-json\/wp\/v2\/product_cat?post=83242"},{"taxonomy":"product_tag","embeddable":true,"href":"https:\/\/magnetarmagnets.com\/cs\/wp-json\/wp\/v2\/product_tag?post=83242"}],"curies":[{"name":"wp","href":"https:\/\/api.w.org\/{rel}","templated":true}]}}