{"id":83240,"date":"2025-06-05T09:54:16","date_gmt":"2025-06-05T07:54:16","guid":{"rendered":"https:\/\/magnetarmagnets.com\/?post_type=product&#038;p=83240"},"modified":"2026-04-14T21:34:40","modified_gmt":"2026-04-14T19:34:40","slug":"beast-magnet-1400-kg-allround-360","status":"publish","type":"product","link":"https:\/\/magnetarmagnets.com\/cs\/shop\/beast-magnet-1400-kg-allround-360\/","title":{"rendered":"Beast Magnet &#8211; 1400 kg &#8211; Allround 360\u00b0"},"content":{"rendered":"<span style=\"font-weight: 400;\">* Chra\u0148te magnet pomoc\u00ed <a href=\"https:\/\/magnetarmagnets.com\/shop\/protection-cover-beast\/\" target=\"_blank\" rel=\"noopener\"><b>ochrann\u00e9ho krytu<\/b><\/a> b\u011bhem magnet fishing. Bez ochrann\u00e9ho krytu m\u016f\u017ee doj\u00edt k po\u0161kozen\u00ed magnetu p\u0159i n\u00e1razu na tvrd\u00e9 p\u0159edm\u011bty. Ochrann\u00fd kryt nen\u00ed sou\u010d\u00e1st\u00ed magnetu.<\/span>\n\n<h2><b>Neodymov\u00fd fishing magnet Beast<\/b><\/h2>\n\n<span style=\"font-weight: 400;\">Pozitivn\u00ed reakce na na\u0161e <a href=\"https:\/\/magnetarmagnets.com\/shop\/hardcore-magnet-2\/\" target=\"_blank\" rel=\"noopener\">Hardcore<\/a> a <a href=\"https:\/\/magnetarmagnets.com\/shop\/exclusive-terror-magnet\/\" target=\"_blank\" rel=\"noopener\">Terror<\/a> magnety n\u00e1s motivovaly vyvinout novou superschopnost, Beast! Beast je je\u0161t\u011b siln\u011bj\u0161\u00ed ne\u017e na\u0161e Hardcore &amp; Terror magnety, nen\u00ed jen siln\u00fd, je BEASTLY siln\u00fd. Fishing magnet Beast je v\u011bt\u0161\u00edm n\u00e1stupcem zn\u00e1m\u00e9ho Terror magnetu. D\u00edky v\u011bt\u0161\u00ed hmotnosti kles\u00e1 magnet hloub\u011bji do bahna a kalu, co\u017e umo\u017e\u0148uje dos\u00e1hnout hloub\u011bji ukryt\u00fdch a t\u011b\u017eko dostupn\u00fdch p\u0159edm\u011bt\u016f.<\/span>\n\n\n\n<span style=\"font-weight: 400;\">Jako allround fishing magnet m\u00e1 Beast magnetickou s\u00edlu p\u0159ita\u017elivosti p\u0159ibli\u017en\u011b 350 kg na ka\u017ed\u00e9 stran\u011b. Vyroben z 100% neodymu, nejsiln\u011bj\u0161\u00edho trval\u00e9ho magnetick\u00e9ho materi\u00e1lu vz\u00e1cn\u00fdch zemin, Beast nab\u00edz\u00ed optim\u00e1ln\u00ed \u0161anci na uloven\u00ed kovov\u00fdch p\u0159edm\u011bt\u016f bl\u00edzk\u00fdch i vzd\u00e1len\u00fdch.<\/span>\n\n\n\n<b>Jste legend\u00e1rn\u00ed magnetick\u00fd ryb\u00e1\u0159?<\/b> <span style=\"font-weight: 400;\">Nebo se j\u00edm chcete st\u00e1t? N\u00e1\u0161 <\/span><a href=\"https:\/\/magnetarmagnets.com\/shop\/legend-package\/\" target=\"_blank\" rel=\"noopener\"><span style=\"font-weight: 400;\">Legend Package<\/span><\/a><span style=\"font-weight: 400;\"> je tou spr\u00e1vnou cestou a obsahuje v\u0161e pot\u0159ebn\u00e9 k za\u010d\u00e1tk\u016fm (a z\u00edsk\u00e1n\u00ed slevy!). Tento bal\u00ed\u010dek obsahuje n\u00e1\u0161 Beast allround 360\u00b0 magnet. Bal\u00ed\u010dek tak\u00e9 obsahuje siln\u00e9 lano o pr\u016fm\u011bru 10 mm s karabinou, p\u00e1r vodot\u011bsn\u00fdch rukavic, ochrann\u00fd kryt Legend, lepidlo a extra velk\u00fd h\u00e1k z nerezov\u00e9 oceli. Chcete se posunout d\u00e1l? Pod\u00edvejte se na n\u00e1\u0161 <\/span><a href=\"https:\/\/magnetarmagnets.com\/shop\/warrior-package\/\" target=\"_blank\" rel=\"noopener\"><span style=\"font-weight: 400;\">Warrior Package<\/span><\/a><span style=\"font-weight: 400;\">!<\/span>\n\n<h2><b>Jste p\u0159ipraveni vyzkou\u0161et Beast?<\/b><\/h2>\n\n<span style=\"font-weight: 400;\">N\u00e1zev magnetu mluv\u00ed za v\u0161e, tento magnet je Beast! Fishing magnet Beast m\u00e1 360\u00b0 magnetickou s\u00edlu p\u0159ita\u017elivosti 1400 kg. P\u0159edm\u011bty jsou p\u0159itahov\u00e1ny na v\u0161echny strany magnetu v jak\u00fdchkoli podm\u00ednk\u00e1ch pod vodou (bahno, kal, proud, kameny) a magnet se snadno nezachyt\u00ed o kameny. Navr\u017een pro pokro\u010dil\u00e9 magnetick\u00e9 ryb\u00e1\u0159e, tento magnet vy\u017eaduje zv\u00fd\u0161enou p\u00e9\u010di a pozornost.<\/span>\n\n\n\n<span style=\"font-weight: 400;\">Beast je ur\u010den pro siln\u00e9 magnetick\u00e9 ryb\u00e1\u0159e, kte\u0159\u00ed v\u011bd\u00ed, co d\u011blaj\u00ed. Tento magnet je tak siln\u00fd, \u017ee se pod vodou pohybuje a s\u00e1m hled\u00e1 p\u0159edm\u011bty. Magnet je tak t\u011b\u017ek\u00fd, \u017ee prohrab\u00e1v\u00e1 bahno a dok\u00e1\u017ee dos\u00e1hnout na n\u011bkter\u00e9 z nejhlub\u0161\u00edch, nejstar\u0161\u00edch a nejskryt\u011bj\u0161\u00edch p\u0159edm\u011bt\u016f. Vylep\u0161ete sv\u00e9 <a href=\"https:\/\/magnetarmagnets.com\/accessories\/\" target=\"_blank\" rel=\"noopener\">magnet fishing vybaven\u00ed<\/a> a najd\u011bte ty nejt\u011b\u017e\u0161\u00ed poklady jako velk\u00e9 trezory, zbran\u011b, autod\u00edly, sk\u00fatry, elektrokola a mnohem v\u00edce.<\/span>\n\n\n\nPokud hled\u00e1te kompletn\u00ed sadu, nezapome\u0148te se pod\u00edvat na na\u0161e <a href=\"https:\/\/magnetarmagnets.com\/collections\/fishing-magnets\/magnet-fishing-kit\/\" target=\"_blank\" rel=\"noopener\">magnet fishing sety<\/a>.\n\n<h2><b>Evoluce magnetu<\/b><\/h2>\n\n<span style=\"font-weight: 400;\">Mnoho magnet\u016f m\u00e1 p\u0159ita\u017elivou s\u00edlu pouze na jedn\u00e9 stran\u011b magnetu. Tento jednostrann\u00fd magnet je klasick\u00fd fishing magnet. Magnetar byl prvn\u00ed spole\u010dnost\u00ed, kter\u00e1 tento klasick\u00fd magnet p\u0159epracovala na oboustrann\u00fd magnet. V roce 2016 Magnetar vyvinul allround fishing magnet s 360\u00b0 magnetickou p\u0159ita\u017elivost\u00ed. Magneti\u010dt\u00ed ryb\u00e1\u0159i po cel\u00e9 EU jsou od t\u00e9 doby p\u0159itahov\u00e1ni k na\u0161im 100% neodymov\u00fdm magnet\u016fm, d\u00edky \u010demu\u017e jsme nejv\u011bt\u0161\u00edm dodavatelem v Evrop\u011b. Na\u0161e magnety jsou vyrobeny s nejvy\u0161\u0161\u00ed kvalitou, designem a p\u00e9\u010d\u00ed mal\u00fdm t\u00fdmem magnetick\u00fdch nad\u0161enc\u016f. Na\u0161i z\u00e1kazn\u00edci se vracej\u00ed, proto\u017ee v\u011bd\u00ed, \u017ee s Magnetarem dostanou v\u00edc ne\u017e jen magnet, chytnou poklady.<\/span>\n<h2><strong>Siln\u00e1 360\u00b0 p\u0159ita\u017eliv\u00e1 s\u00edla<\/strong><\/h2>\n<span style=\"font-weight: 400;\">Magnet Beast je jedn\u00edm z nejsiln\u011bj\u0161\u00edch magnet\u016f, kter\u00e9 nab\u00edz\u00edme, s p\u0159ita\u017elivou silou a\u017e 1400 kg. S\u00edla p\u0159ita\u017elivosti Beastu je siln\u00e1 a dok\u00e1\u017ee p\u0159itahovat p\u0159edm\u011bty ze v\u0161ech stran, na rozd\u00edl od jednostrann\u00e9ho magnetu v ocelov\u00e9m krytu, kter\u00fd zam\u011b\u0159uje s\u00edlu p\u0159ita\u017elivosti jedn\u00edm sm\u011brem. Zaj\u00edm\u00e1 v\u00e1s, jak m\u011b\u0159\u00edme s\u00edlu p\u0159ita\u017elivosti? <\/span><a href=\"https:\/\/www.youtube.com\/watch?v=2McW3RURDxs\" target=\"_blank\" rel=\"noopener\"><span style=\"font-weight: 400;\">Pod\u00edvejte se na na\u0161e video<\/span><\/a><span style=\"font-weight: 400\">.<\/span>","protected":false},"excerpt":{"rendered":"<p><strong>Beastly siln\u00fd<\/strong>, n\u00e1\u0161 360\u00b0 allround fishing magnet je perfektn\u00ed pro <strong>vysoce zku\u0161en\u00e9 magnetick\u00e9 ryb\u00e1\u0159e<\/strong>. Beast m\u00e1 <strong>neuv\u011b\u0159iteln\u011b silnou magnetickou p\u0159ita\u017elivost<\/strong> a p\u0159itahuje v\u0161echny magnetick\u00e9 p\u0159edm\u011bty z d\u00e1lky, i kdy\u017e jsou kulat\u00e9, zrezav\u011bl\u00e9 nebo pono\u0159en\u00e9. Tento fishing magnet je tak <strong>siln\u00fd<\/strong>, \u017ee je t\u0159eba p\u0159i skladov\u00e1n\u00ed, p\u0159eprav\u011b a pou\u017e\u00edv\u00e1n\u00ed db\u00e1t zv\u00fd\u0161en\u00e9 opatrnosti.<\/p>\n","protected":false},"featured_media":78493,"comment_status":"open","ping_status":"closed","template":"","meta":{"_acf_changed":false,"inline_featured_image":false},"product_brand":[],"product_cat":[561,553,558,1001],"product_tag":[],"class_list":{"0":"post-83240","1":"product","2":"type-product","3":"status-publish","4":"has-post-thumbnail","6":"product_cat-allround-fishing-magnety-360","7":"product_cat-fishing-magnets-cs","8":"product_cat-nejsilnejsi-fishing-magnety","9":"product_cat-vsechny-produkty","11":"first","12":"instock","13":"sale","14":"taxable","15":"shipping-taxable","16":"purchasable","17":"product-type-simple"},"acf":[],"yoast_head":"<!-- This site is optimized with the Yoast SEO plugin v27.4 - https:\/\/yoast.com\/product\/yoast-seo-wordpress\/ -->\n<title>Beast Magnet - 1400 kg - Allround 360\u00b0<\/title>\n<meta name=\"description\" content=\"Fishing magnet Beast nen\u00ed jen siln\u00fd, je BEASTLY SILN\u00dd a n\u011bco, \u010deho se b\u00e1t! Magnetar, v\u00e1\u0161 specialista na magnet fishing magnety!\" \/>\n<meta name=\"robots\" content=\"index, follow, max-snippet:-1, max-image-preview:large, max-video-preview:-1\" \/>\n<link rel=\"canonical\" href=\"https:\/\/magnetarmagnets.com\/cs\/shop\/beast-magnet-1400-kg-allround-360\/\" \/>\n<meta property=\"og:locale\" content=\"cs_CZ\" \/>\n<meta property=\"og:type\" content=\"article\" \/>\n<meta property=\"og:title\" content=\"Beast Magnet - 1400 kg - Allround 360\u00b0\" \/>\n<meta property=\"og:description\" content=\"Fishing magnet Beast nen\u00ed jen siln\u00fd, je BEASTLY SILN\u00dd a n\u011bco, \u010deho se b\u00e1t! Magnetar, v\u00e1\u0161 specialista na magnet fishing magnety!\" \/>\n<meta property=\"og:url\" content=\"https:\/\/magnetarmagnets.com\/cs\/shop\/beast-magnet-1400-kg-allround-360\/\" \/>\n<meta property=\"og:site_name\" content=\"Magnet fishing with a Magnetar fishing magnet\" \/>\n<meta property=\"article:publisher\" content=\"https:\/\/www.facebook.com\/fishingmagnets\/\" \/>\n<meta property=\"article:modified_time\" content=\"2026-04-14T19:34:40+00:00\" \/>\n<meta property=\"og:image\" content=\"https:\/\/magnetarmagnets.com\/wp-content\/uploads\/2019\/12\/Beast-magnet-360-Degrees-Neodymium.jpeg\" \/>\n\t<meta property=\"og:image:width\" content=\"1000\" \/>\n\t<meta property=\"og:image:height\" content=\"1000\" \/>\n\t<meta property=\"og:image:type\" content=\"image\/jpeg\" \/>\n<meta name=\"twitter:card\" content=\"summary_large_image\" \/>\n<meta name=\"twitter:label1\" content=\"Odhadovan\u00e1 doba \u010dten\u00ed\" \/>\n\t<meta name=\"twitter:data1\" content=\"5 minut\" \/>\n<script type=\"application\/ld+json\" class=\"yoast-schema-graph\">{\"@context\":\"https:\\\/\\\/schema.org\",\"@graph\":[{\"@type\":[\"WebPage\",\"ItemPage\"],\"@id\":\"https:\\\/\\\/magnetarmagnets.com\\\/cs\\\/shop\\\/beast-magnet-1400-kg-allround-360\\\/\",\"url\":\"https:\\\/\\\/magnetarmagnets.com\\\/cs\\\/shop\\\/beast-magnet-1400-kg-allround-360\\\/\",\"name\":\"Beast Magnet - 1400 kg - Allround 360\u00b0\",\"isPartOf\":{\"@id\":\"https:\\\/\\\/magnetarmagnets.com\\\/cs\\\/#website\"},\"primaryImageOfPage\":{\"@id\":\"https:\\\/\\\/magnetarmagnets.com\\\/cs\\\/shop\\\/beast-magnet-1400-kg-allround-360\\\/#primaryimage\"},\"image\":{\"@id\":\"https:\\\/\\\/magnetarmagnets.com\\\/cs\\\/shop\\\/beast-magnet-1400-kg-allround-360\\\/#primaryimage\"},\"thumbnailUrl\":\"https:\\\/\\\/magnetarmagnets.com\\\/wp-content\\\/uploads\\\/2019\\\/12\\\/Beast-magnet-360-Degrees-Neodymium.jpeg\",\"datePublished\":\"2025-06-05T07:54:16+00:00\",\"dateModified\":\"2026-04-14T19:34:40+00:00\",\"description\":\"Fishing magnet Beast nen\u00ed jen siln\u00fd, je BEASTLY SILN\u00dd a n\u011bco, \u010deho se b\u00e1t! Magnetar, v\u00e1\u0161 specialista na magnet fishing magnety!\",\"breadcrumb\":{\"@id\":\"https:\\\/\\\/magnetarmagnets.com\\\/cs\\\/shop\\\/beast-magnet-1400-kg-allround-360\\\/#breadcrumb\"},\"inLanguage\":\"cs\",\"potentialAction\":[{\"@type\":\"ReadAction\",\"target\":[\"https:\\\/\\\/magnetarmagnets.com\\\/cs\\\/shop\\\/beast-magnet-1400-kg-allround-360\\\/\"]}]},{\"@type\":\"ImageObject\",\"inLanguage\":\"cs\",\"@id\":\"https:\\\/\\\/magnetarmagnets.com\\\/cs\\\/shop\\\/beast-magnet-1400-kg-allround-360\\\/#primaryimage\",\"url\":\"https:\\\/\\\/magnetarmagnets.com\\\/wp-content\\\/uploads\\\/2019\\\/12\\\/Beast-magnet-360-Degrees-Neodymium.jpeg\",\"contentUrl\":\"https:\\\/\\\/magnetarmagnets.com\\\/wp-content\\\/uploads\\\/2019\\\/12\\\/Beast-magnet-360-Degrees-Neodymium.jpeg\",\"width\":1000,\"height\":1000,\"caption\":\"Beast fishing magnet 360 Degree 100 procent Neodymium\"},{\"@type\":\"BreadcrumbList\",\"@id\":\"https:\\\/\\\/magnetarmagnets.com\\\/cs\\\/shop\\\/beast-magnet-1400-kg-allround-360\\\/#breadcrumb\",\"itemListElement\":[{\"@type\":\"ListItem\",\"position\":1,\"name\":\"Home\",\"item\":\"https:\\\/\\\/magnetarmagnets.com\\\/cs\\\/\"},{\"@type\":\"ListItem\",\"position\":2,\"name\":\"Obchod\",\"item\":\"https:\\\/\\\/magnetarmagnets.com\\\/cs\\\/obchod\\\/\"},{\"@type\":\"ListItem\",\"position\":3,\"name\":\"V\u0161echny produkty\",\"item\":\"https:\\\/\\\/magnetarmagnets.com\\\/cs\\\/collections\\\/vsechny-produkty\\\/\"},{\"@type\":\"ListItem\",\"position\":4,\"name\":\"Beast Magnet &#8211; 1400 kg &#8211; Allround 360\u00b0\"}]},{\"@type\":\"WebSite\",\"@id\":\"https:\\\/\\\/magnetarmagnets.com\\\/cs\\\/#website\",\"url\":\"https:\\\/\\\/magnetarmagnets.com\\\/cs\\\/\",\"name\":\"Magnet fishing with a Magnetar fishing magnet\",\"description\":\"Siln\u00e9 magnety na magnet fishing\",\"publisher\":{\"@id\":\"https:\\\/\\\/magnetarmagnets.com\\\/cs\\\/#organization\"},\"potentialAction\":[{\"@type\":\"SearchAction\",\"target\":{\"@type\":\"EntryPoint\",\"urlTemplate\":\"https:\\\/\\\/magnetarmagnets.com\\\/cs\\\/?s={search_term_string}\"},\"query-input\":{\"@type\":\"PropertyValueSpecification\",\"valueRequired\":true,\"valueName\":\"search_term_string\"}}],\"inLanguage\":\"cs\"},{\"@type\":\"Organization\",\"@id\":\"https:\\\/\\\/magnetarmagnets.com\\\/cs\\\/#organization\",\"name\":\"Magnetar\",\"url\":\"https:\\\/\\\/magnetarmagnets.com\\\/cs\\\/\",\"logo\":{\"@type\":\"ImageObject\",\"inLanguage\":\"cs\",\"@id\":\"https:\\\/\\\/magnetarmagnets.com\\\/cs\\\/#\\\/schema\\\/logo\\\/image\\\/\",\"url\":\"https:\\\/\\\/magnetarmagnets.com\\\/wp-content\\\/uploads\\\/2025\\\/05\\\/Logo-03_PNG-Black-scaled.png\",\"contentUrl\":\"https:\\\/\\\/magnetarmagnets.com\\\/wp-content\\\/uploads\\\/2025\\\/05\\\/Logo-03_PNG-Black-scaled.png\",\"width\":2560,\"height\":1658,\"caption\":\"Magnetar\"},\"image\":{\"@id\":\"https:\\\/\\\/magnetarmagnets.com\\\/cs\\\/#\\\/schema\\\/logo\\\/image\\\/\"},\"sameAs\":[\"https:\\\/\\\/www.facebook.com\\\/fishingmagnets\\\/\",\"https:\\\/\\\/www.instagram.com\\\/magnetar_magnets\\\/\",\"https:\\\/\\\/www.linkedin.com\\\/company\\\/magnetarbv\\\/?originalSubdomain=nl\",\"https:\\\/\\\/www.youtube.com\\\/c\\\/MagnetarVismagneet\"]}]}<\/script>\n<!-- \/ Yoast SEO plugin. -->","yoast_head_json":{"title":"Beast Magnet - 1400 kg - Allround 360\u00b0","description":"Fishing magnet Beast nen\u00ed jen siln\u00fd, je BEASTLY SILN\u00dd a n\u011bco, \u010deho se b\u00e1t! Magnetar, v\u00e1\u0161 specialista na magnet fishing magnety!","robots":{"index":"index","follow":"follow","max-snippet":"max-snippet:-1","max-image-preview":"max-image-preview:large","max-video-preview":"max-video-preview:-1"},"canonical":"https:\/\/magnetarmagnets.com\/cs\/shop\/beast-magnet-1400-kg-allround-360\/","og_locale":"cs_CZ","og_type":"article","og_title":"Beast Magnet - 1400 kg - Allround 360\u00b0","og_description":"Fishing magnet Beast nen\u00ed jen siln\u00fd, je BEASTLY SILN\u00dd a n\u011bco, \u010deho se b\u00e1t! Magnetar, v\u00e1\u0161 specialista na magnet fishing magnety!","og_url":"https:\/\/magnetarmagnets.com\/cs\/shop\/beast-magnet-1400-kg-allround-360\/","og_site_name":"Magnet fishing with a Magnetar fishing magnet","article_publisher":"https:\/\/www.facebook.com\/fishingmagnets\/","article_modified_time":"2026-04-14T19:34:40+00:00","og_image":[{"width":1000,"height":1000,"url":"https:\/\/magnetarmagnets.com\/wp-content\/uploads\/2019\/12\/Beast-magnet-360-Degrees-Neodymium.jpeg","type":"image\/jpeg"}],"twitter_card":"summary_large_image","twitter_misc":{"Odhadovan\u00e1 doba \u010dten\u00ed":"5 minut"},"schema":{"@context":"https:\/\/schema.org","@graph":[{"@type":["WebPage","ItemPage"],"@id":"https:\/\/magnetarmagnets.com\/cs\/shop\/beast-magnet-1400-kg-allround-360\/","url":"https:\/\/magnetarmagnets.com\/cs\/shop\/beast-magnet-1400-kg-allround-360\/","name":"Beast Magnet - 1400 kg - Allround 360\u00b0","isPartOf":{"@id":"https:\/\/magnetarmagnets.com\/cs\/#website"},"primaryImageOfPage":{"@id":"https:\/\/magnetarmagnets.com\/cs\/shop\/beast-magnet-1400-kg-allround-360\/#primaryimage"},"image":{"@id":"https:\/\/magnetarmagnets.com\/cs\/shop\/beast-magnet-1400-kg-allround-360\/#primaryimage"},"thumbnailUrl":"https:\/\/magnetarmagnets.com\/wp-content\/uploads\/2019\/12\/Beast-magnet-360-Degrees-Neodymium.jpeg","datePublished":"2025-06-05T07:54:16+00:00","dateModified":"2026-04-14T19:34:40+00:00","description":"Fishing magnet Beast nen\u00ed jen siln\u00fd, je BEASTLY SILN\u00dd a n\u011bco, \u010deho se b\u00e1t! Magnetar, v\u00e1\u0161 specialista na magnet fishing magnety!","breadcrumb":{"@id":"https:\/\/magnetarmagnets.com\/cs\/shop\/beast-magnet-1400-kg-allround-360\/#breadcrumb"},"inLanguage":"cs","potentialAction":[{"@type":"ReadAction","target":["https:\/\/magnetarmagnets.com\/cs\/shop\/beast-magnet-1400-kg-allround-360\/"]}]},{"@type":"ImageObject","inLanguage":"cs","@id":"https:\/\/magnetarmagnets.com\/cs\/shop\/beast-magnet-1400-kg-allround-360\/#primaryimage","url":"https:\/\/magnetarmagnets.com\/wp-content\/uploads\/2019\/12\/Beast-magnet-360-Degrees-Neodymium.jpeg","contentUrl":"https:\/\/magnetarmagnets.com\/wp-content\/uploads\/2019\/12\/Beast-magnet-360-Degrees-Neodymium.jpeg","width":1000,"height":1000,"caption":"Beast fishing magnet 360 Degree 100 procent Neodymium"},{"@type":"BreadcrumbList","@id":"https:\/\/magnetarmagnets.com\/cs\/shop\/beast-magnet-1400-kg-allround-360\/#breadcrumb","itemListElement":[{"@type":"ListItem","position":1,"name":"Home","item":"https:\/\/magnetarmagnets.com\/cs\/"},{"@type":"ListItem","position":2,"name":"Obchod","item":"https:\/\/magnetarmagnets.com\/cs\/obchod\/"},{"@type":"ListItem","position":3,"name":"V\u0161echny produkty","item":"https:\/\/magnetarmagnets.com\/cs\/collections\/vsechny-produkty\/"},{"@type":"ListItem","position":4,"name":"Beast Magnet &#8211; 1400 kg &#8211; Allround 360\u00b0"}]},{"@type":"WebSite","@id":"https:\/\/magnetarmagnets.com\/cs\/#website","url":"https:\/\/magnetarmagnets.com\/cs\/","name":"Magnet fishing with a Magnetar fishing magnet","description":"Siln\u00e9 magnety na magnet fishing","publisher":{"@id":"https:\/\/magnetarmagnets.com\/cs\/#organization"},"potentialAction":[{"@type":"SearchAction","target":{"@type":"EntryPoint","urlTemplate":"https:\/\/magnetarmagnets.com\/cs\/?s={search_term_string}"},"query-input":{"@type":"PropertyValueSpecification","valueRequired":true,"valueName":"search_term_string"}}],"inLanguage":"cs"},{"@type":"Organization","@id":"https:\/\/magnetarmagnets.com\/cs\/#organization","name":"Magnetar","url":"https:\/\/magnetarmagnets.com\/cs\/","logo":{"@type":"ImageObject","inLanguage":"cs","@id":"https:\/\/magnetarmagnets.com\/cs\/#\/schema\/logo\/image\/","url":"https:\/\/magnetarmagnets.com\/wp-content\/uploads\/2025\/05\/Logo-03_PNG-Black-scaled.png","contentUrl":"https:\/\/magnetarmagnets.com\/wp-content\/uploads\/2025\/05\/Logo-03_PNG-Black-scaled.png","width":2560,"height":1658,"caption":"Magnetar"},"image":{"@id":"https:\/\/magnetarmagnets.com\/cs\/#\/schema\/logo\/image\/"},"sameAs":["https:\/\/www.facebook.com\/fishingmagnets\/","https:\/\/www.instagram.com\/magnetar_magnets\/","https:\/\/www.linkedin.com\/company\/magnetarbv\/?originalSubdomain=nl","https:\/\/www.youtube.com\/c\/MagnetarVismagneet"]}]}},"_links":{"self":[{"href":"https:\/\/magnetarmagnets.com\/cs\/wp-json\/wp\/v2\/product\/83240","targetHints":{"allow":["GET"]}}],"collection":[{"href":"https:\/\/magnetarmagnets.com\/cs\/wp-json\/wp\/v2\/product"}],"about":[{"href":"https:\/\/magnetarmagnets.com\/cs\/wp-json\/wp\/v2\/types\/product"}],"replies":[{"embeddable":true,"href":"https:\/\/magnetarmagnets.com\/cs\/wp-json\/wp\/v2\/comments?post=83240"}],"version-history":[{"count":1,"href":"https:\/\/magnetarmagnets.com\/cs\/wp-json\/wp\/v2\/product\/83240\/revisions"}],"predecessor-version":[{"id":94509,"href":"https:\/\/magnetarmagnets.com\/cs\/wp-json\/wp\/v2\/product\/83240\/revisions\/94509"}],"wp:featuredmedia":[{"embeddable":true,"href":"https:\/\/magnetarmagnets.com\/cs\/wp-json\/wp\/v2\/media\/78493"}],"wp:attachment":[{"href":"https:\/\/magnetarmagnets.com\/cs\/wp-json\/wp\/v2\/media?parent=83240"}],"wp:term":[{"taxonomy":"product_brand","embeddable":true,"href":"https:\/\/magnetarmagnets.com\/cs\/wp-json\/wp\/v2\/product_brand?post=83240"},{"taxonomy":"product_cat","embeddable":true,"href":"https:\/\/magnetarmagnets.com\/cs\/wp-json\/wp\/v2\/product_cat?post=83240"},{"taxonomy":"product_tag","embeddable":true,"href":"https:\/\/magnetarmagnets.com\/cs\/wp-json\/wp\/v2\/product_tag?post=83240"}],"curies":[{"name":"wp","href":"https:\/\/api.w.org\/{rel}","templated":true}]}}