{"id":83239,"date":"2025-06-05T09:54:17","date_gmt":"2025-06-05T07:54:17","guid":{"rendered":"https:\/\/magnetarmagnets.com\/?post_type=product&#038;p=83239"},"modified":"2026-04-22T06:31:38","modified_gmt":"2026-04-22T04:31:38","slug":"barbarian-magnet-1600-kg-univerzalni-360","status":"publish","type":"product","link":"https:\/\/magnetarmagnets.com\/cs\/shop\/barbarian-magnet-1600-kg-univerzalni-360\/","title":{"rendered":"Barbarian Magnet &#8211; 1600 kg &#8211; Univerz\u00e1ln\u00ed 360\u00b0"},"content":{"rendered":"* Chra\u0148te magnet pomoc\u00ed <a href=\"https:\/\/magnetarmagnets.com\/shop\/the-barbarian-protection\/\" target=\"_blank\" rel=\"noopener\"><b>ochrann\u00e9ho krytu<\/b><\/a> b\u011bhem rybolovu. Bez ochrann\u00e9ho krytu m\u016f\u017ee doj\u00edt k po\u0161kozen\u00ed magnetu p\u0159i n\u00e1razu na tvrd\u00e9 p\u0159edm\u011bty. Ochrann\u00fd kryt nen\u00ed sou\u010d\u00e1st\u00ed balen\u00ed.\n\n\n\n<span style=\"font-weight: 400;\">Pozitivn\u00ed reakce na na\u0161e <\/span><a href=\"https:\/\/magnetarmagnets.com\/shop\/hardcore-magnet-2\/\" target=\"_blank\" rel=\"noopener\"><b>Hardcore,<\/b><\/a> <a href=\"https:\/\/magnetarmagnets.com\/shop\/exclusive-terror-magnet\/\" target=\"_blank\" rel=\"noopener\"><b>Terror<\/b><\/a><span style=\"font-weight: 400;\"> a <\/span><a href=\"https:\/\/magnetarmagnets.com\/shop\/beast-magnet\/\" target=\"_blank\" rel=\"noopener\"><b>Beast<\/b><\/a><span style=\"font-weight: 400;\"> magnety n\u00e1s motivovaly k v\u00fdvoji nov\u00e9 super s\u00edly, THE BARBARIAN! Tento 100% neodymov\u00fd magnet je speci\u00e1ln\u011b navr\u017een pro nejpokro\u010dilej\u0161\u00ed profesion\u00e1ln\u00ed magnetick\u00e9 ryb\u00e1\u0159e. V\u011bt\u0161\u00ed n\u00e1stupce zn\u00e1m\u00e9ho Beast magnetu, Barbarian m\u00e1 extra velk\u00fd pr\u016fm\u011br a kombinovanou ta\u017enou s\u00edlu na v\u0161ech stran\u00e1ch magnetu a\u017e 3500 lbs\/1600 kg. D\u00edky sv\u00e9 v\u00e1ze se magnet pono\u0159\u00ed hluboko do bahna\/kal\u016f, aby dos\u00e1hl na nejskryt\u011bj\u0161\u00ed a t\u011b\u017eko dostupn\u00e9 poklady.<\/span>\n\n\n\n<span style=\"font-weight: 400;\">Pozor, nen\u00ed to hra\u010dka! Tento ryb\u00e1\u0159sk\u00fd magnet je tak siln\u00fd, \u017ee ho mus\u00edte pou\u017e\u00edvat s rozmyslem. Nen\u00ed vhodn\u00fd pro d\u011bti! Magnet m\u00e1 neuv\u011b\u0159iteln\u011b silnou magnetickou p\u0159ita\u017elivost a p\u0159itahuje v\u0161echny magnetick\u00e9 p\u0159edm\u011bty z d\u00e1lky. Tento Barbarian magnet proto nem\u00e1 probl\u00e9m chytat p\u0159edm\u011bty, i kdy\u017e jsou kulat\u00e9, zrezav\u011bl\u00e9 nebo le\u017e\u00ed pono\u0159en\u00e9 v kalech. P\u0159i koupi v\u00edce siln\u00fdch magnet\u016f doporu\u010dujeme pou\u017e\u00edvat je s rozumnou vzd\u00e1lenost\u00ed a skladovat je odd\u011blen\u011b.<\/span>\n\n<h2><b>Jste p\u0159ipraveni na Barbarian magnet?<\/b><\/h2>\n\n<span style=\"font-weight: 400;\">Barbarian ryb\u00e1\u0159sk\u00fd magnet m\u00e1 360\u00b0 magnetickou ta\u017enou s\u00edlu 3500 lbs \/ 1600 kg. P\u0159edm\u011bty jsou p\u0159itahov\u00e1ny na v\u0161echny strany magnetu skrz jak\u00e9koliv podvodn\u00ed podm\u00ednky (bahno, kal, proud, kameny) a magnet se snadno nezachyt\u00ed o kameny. Navr\u017een pro nejpokro\u010dilej\u0161\u00ed magnetick\u00e9 ryb\u00e1\u0159e, tento magnet vy\u017eaduje extr\u00e9mn\u00ed opatrnost a ohleduplnost.<\/span>\n\n\n\n<span style=\"font-weight: 400;\">Tento t\u011b\u017ek\u00fd magnet je vhodn\u00fd pouze pro profesion\u00e1ln\u00ed magnetick\u00e9 ryb\u00e1\u0159e. Kv\u016fli sv\u00e9 v\u00e1ze nelze magnet hodit p\u0159\u00edli\u0161 daleko, ale co mu chyb\u00ed na vzd\u00e1lenosti, to doh\u00e1n\u00ed ve v\u0161ech ter\u00e9nech, hloubk\u00e1ch, vodn\u00edch cest\u00e1ch a p\u0159i hled\u00e1n\u00ed poklad\u016f. Je to nejv\u011bt\u0161\u00ed a nejsiln\u011bj\u0161\u00ed ryb\u00e1\u0159sk\u00fd magnet na trhu. Dok\u00e1\u017ee vyt\u00e1hnout jak\u00fdkoliv poklad jedn\u00edm hodem: trezory, zbran\u011b, autod\u00edly, sk\u00fatry, elektrokola a mnoho dal\u0161\u00edho.<\/span>\n\n<h2><b>V\u00fdvoj magnetu<\/b><\/h2>\n\n<span style=\"font-weight: 400;\">Mnoho magnet\u016f m\u00e1 p\u0159ita\u017elivou s\u00edlu pouze na jedn\u00e9 stran\u011b. Tento jednostrann\u00fd magnet je klasick\u00fd ryb\u00e1\u0159sk\u00fd magnet. Magnetar byl prvn\u00ed spole\u010dnost\u00ed, kter\u00e1 tento klasick\u00fd magnet p\u0159epracovala na <a href=\"https:\/\/magnetarmagnets.com\/double-sided-fishing-magnet\/\" target=\"_blank\" rel=\"noopener\">dvojstrann\u00fd magnet<\/a>. V roce 2016 Magnetar vyvinul univerz\u00e1ln\u00ed ryb\u00e1\u0159sk\u00fd magnet s 360\u00b0 magnetickou ta\u017enou silou. Magneti\u010dt\u00ed ryb\u00e1\u0159i po cel\u00e9 EU jsou od t\u00e9 doby p\u0159itahov\u00e1ni na\u0161imi 100% neodymov\u00fdmi magnety, d\u00edky \u010demu\u017e jsme #1 dodavatelem v Evrop\u011b. Na\u0161e magnety jsou vyrobeny s nejvy\u0161\u0161\u00ed kvalitou, designem a p\u00e9\u010d\u00ed mal\u00fdm t\u00fdmem nad\u0161enc\u016f magnetick\u00e9ho rybolovu. Na\u0161i z\u00e1kazn\u00edci se k n\u00e1m st\u00e1le vracej\u00ed, proto\u017ee v\u011bd\u00ed, \u017ee s Magnetarem dostanou v\u00edc ne\u017e jen magnet, chyt\u00ed poklady.<\/span>\n\n<h2><b>Siln\u00e1 360\u00b0 ta\u017en\u00e1 s\u00edla<\/b><\/h2>\n\nBarbarian magnet je nejsiln\u011bj\u0161\u00ed magnet, kter\u00fd nab\u00edz\u00edme, s ta\u017enou silou a\u017e 1600 kg. Ta\u017en\u00e1 s\u00edla Barbariana je siln\u00e1 a dok\u00e1\u017ee p\u0159itahovat p\u0159edm\u011bty z cel\u00e9ho okol\u00ed, na rozd\u00edl od jednostrann\u00e9ho magnetu v ocelov\u00e9m krytu, kter\u00fd zam\u011b\u0159uje ta\u017enou s\u00edlu jedn\u00edm sm\u011brem. Zaj\u00edm\u00e1 v\u00e1s, jak m\u011b\u0159\u00edme ta\u017enou s\u00edlu? <a href=\"https:\/\/www.youtube.com\/watch?v=2McW3RURDxs\" target=\"_blank\" rel=\"noopener\">Pod\u00edvejte se na na\u0161e video<\/a>.","protected":false},"excerpt":{"rendered":"<p><span style=\"font-weight: 400;\">Magnet <strong>Barbarian<\/strong> je extr\u00e9mn\u011b velk\u00fd ryb\u00e1\u0159sk\u00fd magnet speci\u00e1ln\u011b navr\u017een\u00fd pro profesion\u00e1ln\u00ed a zku\u0161en\u00e9 magnetick\u00e9 ryb\u00e1\u0159e. <\/span><\/p>\n<p><span style=\"font-weight: 400;\">Je to nejsiln\u011bj\u0161\u00ed <strong>univerz\u00e1ln\u00ed 360\u00b0 magnet<\/strong> na sv\u011bt\u011b s ta\u017enou silou a\u017e <strong>1600 kg<\/strong>! Vyroben\u00fd ze 100% \u010dist\u00e9ho neodymu nejvy\u0161\u0161\u00ed kvality, tento magnet je je\u0161t\u011b extr\u00e9mn\u011bj\u0161\u00ed ne\u017e n\u00e1\u0161 zn\u00e1m\u00fd Beast magnet. <\/span><\/p>\n<p><span style=\"font-weight: 400;\">Tento magnet p\u0159in\u00e1\u0161\u00ed dodate\u010dn\u00e1 rizika. Zach\u00e1zejte s n\u00edm a skladujte ho s maxim\u00e1ln\u00ed opatrnost\u00ed. Uchov\u00e1vejte mimo dosah d\u011bt\u00ed.<\/span><\/p>\n","protected":false},"featured_media":78497,"comment_status":"open","ping_status":"closed","template":"","meta":{"_acf_changed":false,"inline_featured_image":false},"product_brand":[],"product_cat":[703,698,701,93,64],"product_tag":[],"class_list":{"0":"post-83239","1":"product","2":"type-product","3":"status-publish","4":"has-post-thumbnail","6":"product_cat-allround-magnets-360","7":"product_cat-fishing-magnets","8":"product_cat-strongest-fishing-magnets","9":"product_cat-advanced","10":"product_cat-all-products","12":"first","13":"instock","14":"taxable","15":"shipping-taxable","16":"purchasable","17":"product-type-simple"},"acf":[],"yoast_head":"<!-- This site is optimized with the Yoast SEO plugin v27.4 - https:\/\/yoast.com\/product\/yoast-seo-wordpress\/ -->\n<title>Barbarian Magnet - 1600 kg - Univerz\u00e1ln\u00ed 360\u00b0<\/title>\n<meta name=\"description\" content=\"Barbarian ryb\u00e1\u0159sk\u00fd magnet: nejextr\u00e9mn\u011bj\u0161\u00ed ryb\u00e1\u0159sk\u00fd magnet z Evropy! Objednejte nejlep\u0161\u00ed magnety u va\u0161eho specialisty na magnetick\u00fd rybolov: Magnetar!\" \/>\n<meta name=\"robots\" content=\"index, follow, max-snippet:-1, max-image-preview:large, max-video-preview:-1\" \/>\n<link rel=\"canonical\" href=\"https:\/\/magnetarmagnets.com\/cs\/shop\/barbarian-magnet-1600-kg-univerzalni-360\/\" \/>\n<meta property=\"og:locale\" content=\"cs_CZ\" \/>\n<meta property=\"og:type\" content=\"article\" \/>\n<meta property=\"og:title\" content=\"Barbarian Magnet - 1600 kg - Univerz\u00e1ln\u00ed 360\u00b0\" \/>\n<meta property=\"og:description\" content=\"Barbarian ryb\u00e1\u0159sk\u00fd magnet: nejextr\u00e9mn\u011bj\u0161\u00ed ryb\u00e1\u0159sk\u00fd magnet z Evropy! Objednejte nejlep\u0161\u00ed magnety u va\u0161eho specialisty na magnetick\u00fd rybolov: Magnetar!\" \/>\n<meta property=\"og:url\" content=\"https:\/\/magnetarmagnets.com\/cs\/shop\/barbarian-magnet-1600-kg-univerzalni-360\/\" \/>\n<meta property=\"og:site_name\" content=\"Magnet fishing with a Magnetar fishing magnet\" \/>\n<meta property=\"article:publisher\" content=\"https:\/\/www.facebook.com\/fishingmagnets\/\" \/>\n<meta property=\"article:modified_time\" content=\"2026-04-22T04:31:38+00:00\" \/>\n<meta property=\"og:image\" content=\"https:\/\/magnetarmagnets.com\/wp-content\/uploads\/2020\/06\/Barbarian-magnet-360-Degrees-Neodymium.jpeg\" \/>\n\t<meta property=\"og:image:width\" content=\"1000\" \/>\n\t<meta property=\"og:image:height\" content=\"1000\" \/>\n\t<meta property=\"og:image:type\" content=\"image\/jpeg\" \/>\n<meta name=\"twitter:card\" content=\"summary_large_image\" \/>\n<meta name=\"twitter:label1\" content=\"Odhadovan\u00e1 doba \u010dten\u00ed\" \/>\n\t<meta name=\"twitter:data1\" content=\"5 minut\" \/>\n<script type=\"application\/ld+json\" class=\"yoast-schema-graph\">{\"@context\":\"https:\\\/\\\/schema.org\",\"@graph\":[{\"@type\":[\"WebPage\",\"ItemPage\"],\"@id\":\"https:\\\/\\\/magnetarmagnets.com\\\/cs\\\/shop\\\/barbarian-magnet-1600-kg-univerzalni-360\\\/\",\"url\":\"https:\\\/\\\/magnetarmagnets.com\\\/cs\\\/shop\\\/barbarian-magnet-1600-kg-univerzalni-360\\\/\",\"name\":\"Barbarian Magnet - 1600 kg - Univerz\u00e1ln\u00ed 360\u00b0\",\"isPartOf\":{\"@id\":\"https:\\\/\\\/magnetarmagnets.com\\\/cs\\\/#website\"},\"primaryImageOfPage\":{\"@id\":\"https:\\\/\\\/magnetarmagnets.com\\\/cs\\\/shop\\\/barbarian-magnet-1600-kg-univerzalni-360\\\/#primaryimage\"},\"image\":{\"@id\":\"https:\\\/\\\/magnetarmagnets.com\\\/cs\\\/shop\\\/barbarian-magnet-1600-kg-univerzalni-360\\\/#primaryimage\"},\"thumbnailUrl\":\"https:\\\/\\\/magnetarmagnets.com\\\/wp-content\\\/uploads\\\/2020\\\/06\\\/Barbarian-magnet-360-Degrees-Neodymium.jpeg\",\"datePublished\":\"2025-06-05T07:54:17+00:00\",\"dateModified\":\"2026-04-22T04:31:38+00:00\",\"description\":\"Barbarian ryb\u00e1\u0159sk\u00fd magnet: nejextr\u00e9mn\u011bj\u0161\u00ed ryb\u00e1\u0159sk\u00fd magnet z Evropy! Objednejte nejlep\u0161\u00ed magnety u va\u0161eho specialisty na magnetick\u00fd rybolov: Magnetar!\",\"breadcrumb\":{\"@id\":\"https:\\\/\\\/magnetarmagnets.com\\\/cs\\\/shop\\\/barbarian-magnet-1600-kg-univerzalni-360\\\/#breadcrumb\"},\"inLanguage\":\"cs\",\"potentialAction\":[{\"@type\":\"ReadAction\",\"target\":[\"https:\\\/\\\/magnetarmagnets.com\\\/cs\\\/shop\\\/barbarian-magnet-1600-kg-univerzalni-360\\\/\"]}]},{\"@type\":\"ImageObject\",\"inLanguage\":\"cs\",\"@id\":\"https:\\\/\\\/magnetarmagnets.com\\\/cs\\\/shop\\\/barbarian-magnet-1600-kg-univerzalni-360\\\/#primaryimage\",\"url\":\"https:\\\/\\\/magnetarmagnets.com\\\/wp-content\\\/uploads\\\/2020\\\/06\\\/Barbarian-magnet-360-Degrees-Neodymium.jpeg\",\"contentUrl\":\"https:\\\/\\\/magnetarmagnets.com\\\/wp-content\\\/uploads\\\/2020\\\/06\\\/Barbarian-magnet-360-Degrees-Neodymium.jpeg\",\"width\":1000,\"height\":1000,\"caption\":\"Barbarian for magnet fishing with 360 Degrees Neodymium power\"},{\"@type\":\"BreadcrumbList\",\"@id\":\"https:\\\/\\\/magnetarmagnets.com\\\/cs\\\/shop\\\/barbarian-magnet-1600-kg-univerzalni-360\\\/#breadcrumb\",\"itemListElement\":[{\"@type\":\"ListItem\",\"position\":1,\"name\":\"Home\",\"item\":\"https:\\\/\\\/magnetarmagnets.com\\\/cs\\\/\"},{\"@type\":\"ListItem\",\"position\":2,\"name\":\"Obchod\",\"item\":\"https:\\\/\\\/magnetarmagnets.com\\\/cs\\\/obchod\\\/\"},{\"@type\":\"ListItem\",\"position\":3,\"name\":\"V\u0161echny produkty\",\"item\":\"https:\\\/\\\/magnetarmagnets.com\\\/cs\\\/collections\\\/vsechny-produkty\\\/\"},{\"@type\":\"ListItem\",\"position\":4,\"name\":\"Barbarian Magnet &#8211; 1600 kg &#8211; Univerz\u00e1ln\u00ed 360\u00b0\"}]},{\"@type\":\"WebSite\",\"@id\":\"https:\\\/\\\/magnetarmagnets.com\\\/cs\\\/#website\",\"url\":\"https:\\\/\\\/magnetarmagnets.com\\\/cs\\\/\",\"name\":\"Magnet fishing with a Magnetar fishing magnet\",\"description\":\"Siln\u00e9 magnety na magnet fishing\",\"publisher\":{\"@id\":\"https:\\\/\\\/magnetarmagnets.com\\\/cs\\\/#organization\"},\"potentialAction\":[{\"@type\":\"SearchAction\",\"target\":{\"@type\":\"EntryPoint\",\"urlTemplate\":\"https:\\\/\\\/magnetarmagnets.com\\\/cs\\\/?s={search_term_string}\"},\"query-input\":{\"@type\":\"PropertyValueSpecification\",\"valueRequired\":true,\"valueName\":\"search_term_string\"}}],\"inLanguage\":\"cs\"},{\"@type\":\"Organization\",\"@id\":\"https:\\\/\\\/magnetarmagnets.com\\\/cs\\\/#organization\",\"name\":\"Magnetar\",\"url\":\"https:\\\/\\\/magnetarmagnets.com\\\/cs\\\/\",\"logo\":{\"@type\":\"ImageObject\",\"inLanguage\":\"cs\",\"@id\":\"https:\\\/\\\/magnetarmagnets.com\\\/cs\\\/#\\\/schema\\\/logo\\\/image\\\/\",\"url\":\"https:\\\/\\\/magnetarmagnets.com\\\/wp-content\\\/uploads\\\/2025\\\/05\\\/Logo-03_PNG-Black-scaled.png\",\"contentUrl\":\"https:\\\/\\\/magnetarmagnets.com\\\/wp-content\\\/uploads\\\/2025\\\/05\\\/Logo-03_PNG-Black-scaled.png\",\"width\":2560,\"height\":1658,\"caption\":\"Magnetar\"},\"image\":{\"@id\":\"https:\\\/\\\/magnetarmagnets.com\\\/cs\\\/#\\\/schema\\\/logo\\\/image\\\/\"},\"sameAs\":[\"https:\\\/\\\/www.facebook.com\\\/fishingmagnets\\\/\",\"https:\\\/\\\/www.instagram.com\\\/magnetar_magnets\\\/\",\"https:\\\/\\\/www.linkedin.com\\\/company\\\/magnetarbv\\\/?originalSubdomain=nl\",\"https:\\\/\\\/www.youtube.com\\\/c\\\/MagnetarVismagneet\"]}]}<\/script>\n<!-- \/ Yoast SEO plugin. -->","yoast_head_json":{"title":"Barbarian Magnet - 1600 kg - Univerz\u00e1ln\u00ed 360\u00b0","description":"Barbarian ryb\u00e1\u0159sk\u00fd magnet: nejextr\u00e9mn\u011bj\u0161\u00ed ryb\u00e1\u0159sk\u00fd magnet z Evropy! Objednejte nejlep\u0161\u00ed magnety u va\u0161eho specialisty na magnetick\u00fd rybolov: Magnetar!","robots":{"index":"index","follow":"follow","max-snippet":"max-snippet:-1","max-image-preview":"max-image-preview:large","max-video-preview":"max-video-preview:-1"},"canonical":"https:\/\/magnetarmagnets.com\/cs\/shop\/barbarian-magnet-1600-kg-univerzalni-360\/","og_locale":"cs_CZ","og_type":"article","og_title":"Barbarian Magnet - 1600 kg - Univerz\u00e1ln\u00ed 360\u00b0","og_description":"Barbarian ryb\u00e1\u0159sk\u00fd magnet: nejextr\u00e9mn\u011bj\u0161\u00ed ryb\u00e1\u0159sk\u00fd magnet z Evropy! Objednejte nejlep\u0161\u00ed magnety u va\u0161eho specialisty na magnetick\u00fd rybolov: Magnetar!","og_url":"https:\/\/magnetarmagnets.com\/cs\/shop\/barbarian-magnet-1600-kg-univerzalni-360\/","og_site_name":"Magnet fishing with a Magnetar fishing magnet","article_publisher":"https:\/\/www.facebook.com\/fishingmagnets\/","article_modified_time":"2026-04-22T04:31:38+00:00","og_image":[{"width":1000,"height":1000,"url":"https:\/\/magnetarmagnets.com\/wp-content\/uploads\/2020\/06\/Barbarian-magnet-360-Degrees-Neodymium.jpeg","type":"image\/jpeg"}],"twitter_card":"summary_large_image","twitter_misc":{"Odhadovan\u00e1 doba \u010dten\u00ed":"5 minut"},"schema":{"@context":"https:\/\/schema.org","@graph":[{"@type":["WebPage","ItemPage"],"@id":"https:\/\/magnetarmagnets.com\/cs\/shop\/barbarian-magnet-1600-kg-univerzalni-360\/","url":"https:\/\/magnetarmagnets.com\/cs\/shop\/barbarian-magnet-1600-kg-univerzalni-360\/","name":"Barbarian Magnet - 1600 kg - Univerz\u00e1ln\u00ed 360\u00b0","isPartOf":{"@id":"https:\/\/magnetarmagnets.com\/cs\/#website"},"primaryImageOfPage":{"@id":"https:\/\/magnetarmagnets.com\/cs\/shop\/barbarian-magnet-1600-kg-univerzalni-360\/#primaryimage"},"image":{"@id":"https:\/\/magnetarmagnets.com\/cs\/shop\/barbarian-magnet-1600-kg-univerzalni-360\/#primaryimage"},"thumbnailUrl":"https:\/\/magnetarmagnets.com\/wp-content\/uploads\/2020\/06\/Barbarian-magnet-360-Degrees-Neodymium.jpeg","datePublished":"2025-06-05T07:54:17+00:00","dateModified":"2026-04-22T04:31:38+00:00","description":"Barbarian ryb\u00e1\u0159sk\u00fd magnet: nejextr\u00e9mn\u011bj\u0161\u00ed ryb\u00e1\u0159sk\u00fd magnet z Evropy! Objednejte nejlep\u0161\u00ed magnety u va\u0161eho specialisty na magnetick\u00fd rybolov: Magnetar!","breadcrumb":{"@id":"https:\/\/magnetarmagnets.com\/cs\/shop\/barbarian-magnet-1600-kg-univerzalni-360\/#breadcrumb"},"inLanguage":"cs","potentialAction":[{"@type":"ReadAction","target":["https:\/\/magnetarmagnets.com\/cs\/shop\/barbarian-magnet-1600-kg-univerzalni-360\/"]}]},{"@type":"ImageObject","inLanguage":"cs","@id":"https:\/\/magnetarmagnets.com\/cs\/shop\/barbarian-magnet-1600-kg-univerzalni-360\/#primaryimage","url":"https:\/\/magnetarmagnets.com\/wp-content\/uploads\/2020\/06\/Barbarian-magnet-360-Degrees-Neodymium.jpeg","contentUrl":"https:\/\/magnetarmagnets.com\/wp-content\/uploads\/2020\/06\/Barbarian-magnet-360-Degrees-Neodymium.jpeg","width":1000,"height":1000,"caption":"Barbarian for magnet fishing with 360 Degrees Neodymium power"},{"@type":"BreadcrumbList","@id":"https:\/\/magnetarmagnets.com\/cs\/shop\/barbarian-magnet-1600-kg-univerzalni-360\/#breadcrumb","itemListElement":[{"@type":"ListItem","position":1,"name":"Home","item":"https:\/\/magnetarmagnets.com\/cs\/"},{"@type":"ListItem","position":2,"name":"Obchod","item":"https:\/\/magnetarmagnets.com\/cs\/obchod\/"},{"@type":"ListItem","position":3,"name":"V\u0161echny produkty","item":"https:\/\/magnetarmagnets.com\/cs\/collections\/vsechny-produkty\/"},{"@type":"ListItem","position":4,"name":"Barbarian Magnet &#8211; 1600 kg &#8211; Univerz\u00e1ln\u00ed 360\u00b0"}]},{"@type":"WebSite","@id":"https:\/\/magnetarmagnets.com\/cs\/#website","url":"https:\/\/magnetarmagnets.com\/cs\/","name":"Magnet fishing with a Magnetar fishing magnet","description":"Siln\u00e9 magnety na magnet fishing","publisher":{"@id":"https:\/\/magnetarmagnets.com\/cs\/#organization"},"potentialAction":[{"@type":"SearchAction","target":{"@type":"EntryPoint","urlTemplate":"https:\/\/magnetarmagnets.com\/cs\/?s={search_term_string}"},"query-input":{"@type":"PropertyValueSpecification","valueRequired":true,"valueName":"search_term_string"}}],"inLanguage":"cs"},{"@type":"Organization","@id":"https:\/\/magnetarmagnets.com\/cs\/#organization","name":"Magnetar","url":"https:\/\/magnetarmagnets.com\/cs\/","logo":{"@type":"ImageObject","inLanguage":"cs","@id":"https:\/\/magnetarmagnets.com\/cs\/#\/schema\/logo\/image\/","url":"https:\/\/magnetarmagnets.com\/wp-content\/uploads\/2025\/05\/Logo-03_PNG-Black-scaled.png","contentUrl":"https:\/\/magnetarmagnets.com\/wp-content\/uploads\/2025\/05\/Logo-03_PNG-Black-scaled.png","width":2560,"height":1658,"caption":"Magnetar"},"image":{"@id":"https:\/\/magnetarmagnets.com\/cs\/#\/schema\/logo\/image\/"},"sameAs":["https:\/\/www.facebook.com\/fishingmagnets\/","https:\/\/www.instagram.com\/magnetar_magnets\/","https:\/\/www.linkedin.com\/company\/magnetarbv\/?originalSubdomain=nl","https:\/\/www.youtube.com\/c\/MagnetarVismagneet"]}]}},"_links":{"self":[{"href":"https:\/\/magnetarmagnets.com\/cs\/wp-json\/wp\/v2\/product\/83239","targetHints":{"allow":["GET"]}}],"collection":[{"href":"https:\/\/magnetarmagnets.com\/cs\/wp-json\/wp\/v2\/product"}],"about":[{"href":"https:\/\/magnetarmagnets.com\/cs\/wp-json\/wp\/v2\/types\/product"}],"replies":[{"embeddable":true,"href":"https:\/\/magnetarmagnets.com\/cs\/wp-json\/wp\/v2\/comments?post=83239"}],"version-history":[{"count":0,"href":"https:\/\/magnetarmagnets.com\/cs\/wp-json\/wp\/v2\/product\/83239\/revisions"}],"wp:featuredmedia":[{"embeddable":true,"href":"https:\/\/magnetarmagnets.com\/cs\/wp-json\/wp\/v2\/media\/78497"}],"wp:attachment":[{"href":"https:\/\/magnetarmagnets.com\/cs\/wp-json\/wp\/v2\/media?parent=83239"}],"wp:term":[{"taxonomy":"product_brand","embeddable":true,"href":"https:\/\/magnetarmagnets.com\/cs\/wp-json\/wp\/v2\/product_brand?post=83239"},{"taxonomy":"product_cat","embeddable":true,"href":"https:\/\/magnetarmagnets.com\/cs\/wp-json\/wp\/v2\/product_cat?post=83239"},{"taxonomy":"product_tag","embeddable":true,"href":"https:\/\/magnetarmagnets.com\/cs\/wp-json\/wp\/v2\/product_tag?post=83239"}],"curies":[{"name":"wp","href":"https:\/\/api.w.org\/{rel}","templated":true}]}}