{"id":83237,"date":"2025-06-05T09:54:38","date_gmt":"2025-06-05T07:54:38","guid":{"rendered":"https:\/\/magnetarmagnets.com\/?post_type=product&#038;p=83237"},"modified":"2026-04-03T18:32:27","modified_gmt":"2026-04-03T16:32:27","slug":"pouzdro-na-magnety","status":"publish","type":"product","link":"https:\/\/magnetarmagnets.com\/cs\/shop\/pouzdro-na-magnety\/","title":{"rendered":"Pouzdro na magnety"},"content":{"rendered":"<h2>Pouzdro na magnety &#8211; VELK\u00c9<\/h2>\n\nV tomto velk\u00e9m a luxusn\u00edm pouzd\u0159e na fishing magnety m\u016f\u017eete snadno p\u0159en\u00e1\u0161et sv\u00e9 magnety v aut\u011b, na sk\u00fatru nebo na kole. Va\u0161e magnety jsou tak dob\u0159e chr\u00e1n\u011bny a m\u016f\u017eete je pohodln\u011b dopravit na nov\u00e9 m\u00edsto pro magnet fishing. Toto pouzdro zvy\u0161uje z\u00e1bavu p\u0159i magnet fishing a je nezbytn\u00e9 pro ka\u017ed\u00e9ho magnetick\u00e9ho ryb\u00e1\u0159e! V\u0161e va\u0161e vybaven\u00ed na jednom m\u00edst\u011b. Jedn\u00e1 se o pevn\u00e9 pouzdro vynikaj\u00edc\u00ed kvality.\n\n\nL 16\u2019\u2019 x \u0160 14,5\u2019\u2019 x V 6,25\u2019\u2019\n\n\nToto ochrann\u00e9 pouzdro je robustn\u00ed a snadno se otev\u00edr\u00e1 a zav\u00edr\u00e1. V tomto plastov\u00e9m pouzd\u0159e m\u016f\u017eete ulo\u017eit sv\u00e9 magnety, ale tak\u00e9 n\u00e1\u0159ad\u00ed nebo jin\u00e9 p\u0159edm\u011bty. Toto praktick\u00e9 pouzdro od Magnetar je ide\u00e1ln\u00ed pro ulo\u017een\u00ed cel\u00e9ho va\u0161eho magnet fishing setu. Perfektn\u00ed pro bezpe\u010dn\u00e9 a snadn\u00e9 uskladn\u011bn\u00ed magnetu a ve\u0161ker\u00e9ho p\u0159\u00edslu\u0161enstv\u00ed. Vezm\u011bte si sv\u00e9 kompletn\u00ed pouzdro a vydejte se na dobrodru\u017estv\u00ed. Po magnet fishingu m\u016f\u017eete v\u0161e op\u011bt \u0159\u00e1dn\u011b ulo\u017eit. Tip: p\u0159ed ulo\u017een\u00edm v\u0161e nejprve vysu\u0161te.\n\n\nNezapome\u0148te se pod\u00edvat na <a href=\"https:\/\/magnetarmagnets.com\/collections\/fishing-magnets\/magnet-fishing-kit\/\" target=\"_blank\" rel=\"noopener\">nejlep\u0161\u00ed magnet fishing sety<\/a> nebo na\u0161e <a href=\"https:\/\/magnetarmagnets.com\/accessories\/\" target=\"_blank\" rel=\"noopener\">p\u0159\u00edslu\u0161enstv\u00ed pro magnet fishing<\/a>.","protected":false},"excerpt":{"rendered":"<p>Pouzdro Magnetar\u00ae je navr\u017eeno pro <strong>odolnou ochranu<\/strong> za <strong>dostupnou cenu<\/strong>. Toto pouzdro na magnet fishing snadno pojme <strong>magnet a v\u00edce p\u0159\u00edslu\u0161enstv\u00ed<\/strong>.<\/p>\n<p>Vhodn\u00e9 pro v\u0161echny <strong><a href=\"https:\/\/magnetarmagnets.com\/shop\/magnet-fishing-rope\/\">lano<\/a><\/strong>, <strong><a href=\"https:\/\/magnetarmagnets.com\/shop\/magnet-fishing-glove\/\">rukavice<\/a><\/strong> a <strong><a href=\"https:\/\/magnetarmagnets.com\/collections\/fishing-magnets\/\">magnety<\/a><\/strong> z \u0159ady Magnetar.<\/p>\n","protected":false},"featured_media":81137,"comment_status":"open","ping_status":"closed","template":"","meta":{"_acf_changed":false,"inline_featured_image":false},"product_brand":[],"product_cat":[565,1001,563,564],"product_tag":[],"class_list":{"0":"post-83237","1":"product","2":"type-product","3":"status-publish","4":"has-post-thumbnail","6":"product_cat-merch","7":"product_cat-vsechny-produkty","8":"product_cat-vybaveni","9":"product_cat-vybaveni-pro-magnet-fishing","11":"first","12":"instock","13":"taxable","14":"shipping-taxable","15":"purchasable","16":"product-type-simple"},"acf":[],"yoast_head":"<!-- This site is optimized with the Yoast SEO plugin v27.5 - https:\/\/yoast.com\/product\/yoast-seo-wordpress\/ -->\n<title>Pouzdro na magnety - Magnet fishing with a Magnetar fishing magnet<\/title>\n<meta name=\"description\" content=\"Pouzdro na magnety - Chra\u0148te sv\u00e9 vybaven\u00ed Magnetar\" \/>\n<meta name=\"robots\" content=\"index, follow, max-snippet:-1, max-image-preview:large, max-video-preview:-1\" \/>\n<link rel=\"canonical\" href=\"https:\/\/magnetarmagnets.com\/cs\/shop\/pouzdro-na-magnety\/\" \/>\n<meta property=\"og:locale\" content=\"cs_CZ\" \/>\n<meta property=\"og:type\" content=\"article\" \/>\n<meta property=\"og:title\" content=\"Pouzdro na magnety - Magnet fishing with a Magnetar fishing magnet\" \/>\n<meta property=\"og:description\" content=\"Pouzdro na magnety - Chra\u0148te sv\u00e9 vybaven\u00ed Magnetar\" \/>\n<meta property=\"og:url\" content=\"https:\/\/magnetarmagnets.com\/cs\/shop\/pouzdro-na-magnety\/\" \/>\n<meta property=\"og:site_name\" content=\"Magnet fishing with a Magnetar fishing magnet\" \/>\n<meta property=\"article:publisher\" content=\"https:\/\/www.facebook.com\/fishingmagnets\/\" \/>\n<meta property=\"article:modified_time\" content=\"2026-04-03T16:32:27+00:00\" \/>\n<meta property=\"og:image\" content=\"https:\/\/magnetarmagnets.com\/wp-content\/uploads\/2021\/11\/JNF-Magnetar-B.V.-Productfotografie-07-04-2024-Foto-0357-scaled.jpg\" \/>\n\t<meta property=\"og:image:width\" content=\"2560\" \/>\n\t<meta property=\"og:image:height\" content=\"2560\" \/>\n\t<meta property=\"og:image:type\" content=\"image\/jpeg\" \/>\n<meta name=\"twitter:card\" content=\"summary_large_image\" \/>\n<meta name=\"twitter:label1\" content=\"Odhadovan\u00e1 doba \u010dten\u00ed\" \/>\n\t<meta name=\"twitter:data1\" content=\"1 minuta\" \/>\n<script type=\"application\/ld+json\" class=\"yoast-schema-graph\">{\"@context\":\"https:\\\/\\\/schema.org\",\"@graph\":[{\"@type\":[\"WebPage\",\"ItemPage\"],\"@id\":\"https:\\\/\\\/magnetarmagnets.com\\\/cs\\\/shop\\\/pouzdro-na-magnety\\\/\",\"url\":\"https:\\\/\\\/magnetarmagnets.com\\\/cs\\\/shop\\\/pouzdro-na-magnety\\\/\",\"name\":\"Pouzdro na magnety - Magnet fishing with a Magnetar fishing magnet\",\"isPartOf\":{\"@id\":\"https:\\\/\\\/magnetarmagnets.com\\\/cs\\\/#website\"},\"primaryImageOfPage\":{\"@id\":\"https:\\\/\\\/magnetarmagnets.com\\\/cs\\\/shop\\\/pouzdro-na-magnety\\\/#primaryimage\"},\"image\":{\"@id\":\"https:\\\/\\\/magnetarmagnets.com\\\/cs\\\/shop\\\/pouzdro-na-magnety\\\/#primaryimage\"},\"thumbnailUrl\":\"https:\\\/\\\/magnetarmagnets.com\\\/wp-content\\\/uploads\\\/2021\\\/11\\\/JNF-Magnetar-B.V.-Productfotografie-07-04-2024-Foto-0357-scaled.jpg\",\"datePublished\":\"2025-06-05T07:54:38+00:00\",\"dateModified\":\"2026-04-03T16:32:27+00:00\",\"description\":\"Pouzdro na magnety - Chra\u0148te sv\u00e9 vybaven\u00ed Magnetar\",\"breadcrumb\":{\"@id\":\"https:\\\/\\\/magnetarmagnets.com\\\/cs\\\/shop\\\/pouzdro-na-magnety\\\/#breadcrumb\"},\"inLanguage\":\"cs\",\"potentialAction\":[{\"@type\":\"ReadAction\",\"target\":[\"https:\\\/\\\/magnetarmagnets.com\\\/cs\\\/shop\\\/pouzdro-na-magnety\\\/\"]}]},{\"@type\":\"ImageObject\",\"inLanguage\":\"cs\",\"@id\":\"https:\\\/\\\/magnetarmagnets.com\\\/cs\\\/shop\\\/pouzdro-na-magnety\\\/#primaryimage\",\"url\":\"https:\\\/\\\/magnetarmagnets.com\\\/wp-content\\\/uploads\\\/2021\\\/11\\\/JNF-Magnetar-B.V.-Productfotografie-07-04-2024-Foto-0357-scaled.jpg\",\"contentUrl\":\"https:\\\/\\\/magnetarmagnets.com\\\/wp-content\\\/uploads\\\/2021\\\/11\\\/JNF-Magnetar-B.V.-Productfotografie-07-04-2024-Foto-0357-scaled.jpg\",\"width\":2560,\"height\":2560,\"caption\":\"Magnetar Fishing Magnet Case\"},{\"@type\":\"BreadcrumbList\",\"@id\":\"https:\\\/\\\/magnetarmagnets.com\\\/cs\\\/shop\\\/pouzdro-na-magnety\\\/#breadcrumb\",\"itemListElement\":[{\"@type\":\"ListItem\",\"position\":1,\"name\":\"Home\",\"item\":\"https:\\\/\\\/magnetarmagnets.com\\\/cs\\\/\"},{\"@type\":\"ListItem\",\"position\":2,\"name\":\"Obchod\",\"item\":\"https:\\\/\\\/magnetarmagnets.com\\\/cs\\\/obchod\\\/\"},{\"@type\":\"ListItem\",\"position\":3,\"name\":\"Vybaven\u00ed\",\"item\":\"https:\\\/\\\/magnetarmagnets.com\\\/cs\\\/collections\\\/vybaveni\\\/\"},{\"@type\":\"ListItem\",\"position\":4,\"name\":\"Merch\",\"item\":\"https:\\\/\\\/magnetarmagnets.com\\\/cs\\\/collections\\\/vybaveni\\\/merch\\\/\"},{\"@type\":\"ListItem\",\"position\":5,\"name\":\"Pouzdro na magnety\"}]},{\"@type\":\"WebSite\",\"@id\":\"https:\\\/\\\/magnetarmagnets.com\\\/cs\\\/#website\",\"url\":\"https:\\\/\\\/magnetarmagnets.com\\\/cs\\\/\",\"name\":\"Magnet fishing with a Magnetar fishing magnet\",\"description\":\"Siln\u00e9 magnety na magnet fishing\",\"publisher\":{\"@id\":\"https:\\\/\\\/magnetarmagnets.com\\\/cs\\\/#organization\"},\"potentialAction\":[{\"@type\":\"SearchAction\",\"target\":{\"@type\":\"EntryPoint\",\"urlTemplate\":\"https:\\\/\\\/magnetarmagnets.com\\\/cs\\\/?s={search_term_string}\"},\"query-input\":{\"@type\":\"PropertyValueSpecification\",\"valueRequired\":true,\"valueName\":\"search_term_string\"}}],\"inLanguage\":\"cs\"},{\"@type\":\"Organization\",\"@id\":\"https:\\\/\\\/magnetarmagnets.com\\\/cs\\\/#organization\",\"name\":\"Magnetar\",\"url\":\"https:\\\/\\\/magnetarmagnets.com\\\/cs\\\/\",\"logo\":{\"@type\":\"ImageObject\",\"inLanguage\":\"cs\",\"@id\":\"https:\\\/\\\/magnetarmagnets.com\\\/cs\\\/#\\\/schema\\\/logo\\\/image\\\/\",\"url\":\"https:\\\/\\\/magnetarmagnets.com\\\/wp-content\\\/uploads\\\/2025\\\/05\\\/Logo-03_PNG-Black-scaled.png\",\"contentUrl\":\"https:\\\/\\\/magnetarmagnets.com\\\/wp-content\\\/uploads\\\/2025\\\/05\\\/Logo-03_PNG-Black-scaled.png\",\"width\":2560,\"height\":1658,\"caption\":\"Magnetar\"},\"image\":{\"@id\":\"https:\\\/\\\/magnetarmagnets.com\\\/cs\\\/#\\\/schema\\\/logo\\\/image\\\/\"},\"sameAs\":[\"https:\\\/\\\/www.facebook.com\\\/fishingmagnets\\\/\",\"https:\\\/\\\/www.instagram.com\\\/magnetar_magnets\\\/\",\"https:\\\/\\\/www.linkedin.com\\\/company\\\/magnetarbv\\\/?originalSubdomain=nl\",\"https:\\\/\\\/www.youtube.com\\\/c\\\/MagnetarVismagneet\"]}]}<\/script>\n<!-- \/ Yoast SEO plugin. -->","yoast_head_json":{"title":"Pouzdro na magnety - Magnet fishing with a Magnetar fishing magnet","description":"Pouzdro na magnety - Chra\u0148te sv\u00e9 vybaven\u00ed Magnetar","robots":{"index":"index","follow":"follow","max-snippet":"max-snippet:-1","max-image-preview":"max-image-preview:large","max-video-preview":"max-video-preview:-1"},"canonical":"https:\/\/magnetarmagnets.com\/cs\/shop\/pouzdro-na-magnety\/","og_locale":"cs_CZ","og_type":"article","og_title":"Pouzdro na magnety - Magnet fishing with a Magnetar fishing magnet","og_description":"Pouzdro na magnety - Chra\u0148te sv\u00e9 vybaven\u00ed Magnetar","og_url":"https:\/\/magnetarmagnets.com\/cs\/shop\/pouzdro-na-magnety\/","og_site_name":"Magnet fishing with a Magnetar fishing magnet","article_publisher":"https:\/\/www.facebook.com\/fishingmagnets\/","article_modified_time":"2026-04-03T16:32:27+00:00","og_image":[{"width":2560,"height":2560,"url":"https:\/\/magnetarmagnets.com\/wp-content\/uploads\/2021\/11\/JNF-Magnetar-B.V.-Productfotografie-07-04-2024-Foto-0357-scaled.jpg","type":"image\/jpeg"}],"twitter_card":"summary_large_image","twitter_misc":{"Odhadovan\u00e1 doba \u010dten\u00ed":"1 minuta"},"schema":{"@context":"https:\/\/schema.org","@graph":[{"@type":["WebPage","ItemPage"],"@id":"https:\/\/magnetarmagnets.com\/cs\/shop\/pouzdro-na-magnety\/","url":"https:\/\/magnetarmagnets.com\/cs\/shop\/pouzdro-na-magnety\/","name":"Pouzdro na magnety - Magnet fishing with a Magnetar fishing magnet","isPartOf":{"@id":"https:\/\/magnetarmagnets.com\/cs\/#website"},"primaryImageOfPage":{"@id":"https:\/\/magnetarmagnets.com\/cs\/shop\/pouzdro-na-magnety\/#primaryimage"},"image":{"@id":"https:\/\/magnetarmagnets.com\/cs\/shop\/pouzdro-na-magnety\/#primaryimage"},"thumbnailUrl":"https:\/\/magnetarmagnets.com\/wp-content\/uploads\/2021\/11\/JNF-Magnetar-B.V.-Productfotografie-07-04-2024-Foto-0357-scaled.jpg","datePublished":"2025-06-05T07:54:38+00:00","dateModified":"2026-04-03T16:32:27+00:00","description":"Pouzdro na magnety - Chra\u0148te sv\u00e9 vybaven\u00ed Magnetar","breadcrumb":{"@id":"https:\/\/magnetarmagnets.com\/cs\/shop\/pouzdro-na-magnety\/#breadcrumb"},"inLanguage":"cs","potentialAction":[{"@type":"ReadAction","target":["https:\/\/magnetarmagnets.com\/cs\/shop\/pouzdro-na-magnety\/"]}]},{"@type":"ImageObject","inLanguage":"cs","@id":"https:\/\/magnetarmagnets.com\/cs\/shop\/pouzdro-na-magnety\/#primaryimage","url":"https:\/\/magnetarmagnets.com\/wp-content\/uploads\/2021\/11\/JNF-Magnetar-B.V.-Productfotografie-07-04-2024-Foto-0357-scaled.jpg","contentUrl":"https:\/\/magnetarmagnets.com\/wp-content\/uploads\/2021\/11\/JNF-Magnetar-B.V.-Productfotografie-07-04-2024-Foto-0357-scaled.jpg","width":2560,"height":2560,"caption":"Magnetar Fishing Magnet Case"},{"@type":"BreadcrumbList","@id":"https:\/\/magnetarmagnets.com\/cs\/shop\/pouzdro-na-magnety\/#breadcrumb","itemListElement":[{"@type":"ListItem","position":1,"name":"Home","item":"https:\/\/magnetarmagnets.com\/cs\/"},{"@type":"ListItem","position":2,"name":"Obchod","item":"https:\/\/magnetarmagnets.com\/cs\/obchod\/"},{"@type":"ListItem","position":3,"name":"Vybaven\u00ed","item":"https:\/\/magnetarmagnets.com\/cs\/collections\/vybaveni\/"},{"@type":"ListItem","position":4,"name":"Merch","item":"https:\/\/magnetarmagnets.com\/cs\/collections\/vybaveni\/merch\/"},{"@type":"ListItem","position":5,"name":"Pouzdro na magnety"}]},{"@type":"WebSite","@id":"https:\/\/magnetarmagnets.com\/cs\/#website","url":"https:\/\/magnetarmagnets.com\/cs\/","name":"Magnet fishing with a Magnetar fishing magnet","description":"Siln\u00e9 magnety na magnet fishing","publisher":{"@id":"https:\/\/magnetarmagnets.com\/cs\/#organization"},"potentialAction":[{"@type":"SearchAction","target":{"@type":"EntryPoint","urlTemplate":"https:\/\/magnetarmagnets.com\/cs\/?s={search_term_string}"},"query-input":{"@type":"PropertyValueSpecification","valueRequired":true,"valueName":"search_term_string"}}],"inLanguage":"cs"},{"@type":"Organization","@id":"https:\/\/magnetarmagnets.com\/cs\/#organization","name":"Magnetar","url":"https:\/\/magnetarmagnets.com\/cs\/","logo":{"@type":"ImageObject","inLanguage":"cs","@id":"https:\/\/magnetarmagnets.com\/cs\/#\/schema\/logo\/image\/","url":"https:\/\/magnetarmagnets.com\/wp-content\/uploads\/2025\/05\/Logo-03_PNG-Black-scaled.png","contentUrl":"https:\/\/magnetarmagnets.com\/wp-content\/uploads\/2025\/05\/Logo-03_PNG-Black-scaled.png","width":2560,"height":1658,"caption":"Magnetar"},"image":{"@id":"https:\/\/magnetarmagnets.com\/cs\/#\/schema\/logo\/image\/"},"sameAs":["https:\/\/www.facebook.com\/fishingmagnets\/","https:\/\/www.instagram.com\/magnetar_magnets\/","https:\/\/www.linkedin.com\/company\/magnetarbv\/?originalSubdomain=nl","https:\/\/www.youtube.com\/c\/MagnetarVismagneet"]}]}},"_links":{"self":[{"href":"https:\/\/magnetarmagnets.com\/cs\/wp-json\/wp\/v2\/product\/83237","targetHints":{"allow":["GET"]}}],"collection":[{"href":"https:\/\/magnetarmagnets.com\/cs\/wp-json\/wp\/v2\/product"}],"about":[{"href":"https:\/\/magnetarmagnets.com\/cs\/wp-json\/wp\/v2\/types\/product"}],"replies":[{"embeddable":true,"href":"https:\/\/magnetarmagnets.com\/cs\/wp-json\/wp\/v2\/comments?post=83237"}],"version-history":[{"count":0,"href":"https:\/\/magnetarmagnets.com\/cs\/wp-json\/wp\/v2\/product\/83237\/revisions"}],"wp:featuredmedia":[{"embeddable":true,"href":"https:\/\/magnetarmagnets.com\/cs\/wp-json\/wp\/v2\/media\/81137"}],"wp:attachment":[{"href":"https:\/\/magnetarmagnets.com\/cs\/wp-json\/wp\/v2\/media?parent=83237"}],"wp:term":[{"taxonomy":"product_brand","embeddable":true,"href":"https:\/\/magnetarmagnets.com\/cs\/wp-json\/wp\/v2\/product_brand?post=83237"},{"taxonomy":"product_cat","embeddable":true,"href":"https:\/\/magnetarmagnets.com\/cs\/wp-json\/wp\/v2\/product_cat?post=83237"},{"taxonomy":"product_tag","embeddable":true,"href":"https:\/\/magnetarmagnets.com\/cs\/wp-json\/wp\/v2\/product_tag?post=83237"}],"curies":[{"name":"wp","href":"https:\/\/api.w.org\/{rel}","templated":true}]}}