{"id":83236,"date":"2025-06-05T09:54:17","date_gmt":"2025-06-05T07:54:17","guid":{"rendered":"https:\/\/magnetarmagnets.com\/?post_type=product&#038;p=83236"},"modified":"2026-04-18T00:41:14","modified_gmt":"2026-04-17T22:41:14","slug":"legend-balicek-1400-kg-beast-allround-360","status":"publish","type":"product","link":"https:\/\/magnetarmagnets.com\/cs\/shop\/legend-balicek-1400-kg-beast-allround-360\/","title":{"rendered":"Legend bal\u00ed\u010dek &#8211; 1400 kg &#8211; Beast &#8211; Allround 360\u00b0"},"content":{"rendered":"<b>Jste legend\u00e1rn\u00ed magnetick\u00fd ryb\u00e1\u0159?<\/b> Nebo se j\u00edm chcete st\u00e1t? N\u00e1\u0161 <a href=\"https:\/\/magnetarmagnets.com\/shop\/legend-package\/\" target=\"_blank\" rel=\"noopener\">Legend bal\u00ed\u010dek<\/a> je ta spr\u00e1vn\u00e1 volba a obsahuje v\u0161e, co pot\u0159ebujete k za\u010d\u00e1tku (a nav\u00edc z\u00edsk\u00e1te slevu za bal\u00ed\u010dek!). Tento bal\u00ed\u010dek obsahuje n\u00e1\u0161 Beast allround 360\u00b0 magnet. Sou\u010d\u00e1st\u00ed je tak\u00e9 siln\u00e9 lano o pr\u016fm\u011bru 10 mm s karabinou, p\u00e1r vod\u011bodoln\u00fdch rukavic, ochrann\u00fd kryt Legend, lepidlo a extra velk\u00fd h\u00e1k z nerezov\u00e9 oceli. Chcete posunout \u00farove\u0148 je\u0161t\u011b v\u00fd\u0161? Pod\u00edvejte se na n\u00e1\u0161 <a href=\"https:\/\/magnetarmagnets.com\/shop\/warrior-package\/\" target=\"_blank\" rel=\"noopener\">Warrior bal\u00ed\u010dek<\/a>!\n\n<h2><b>Beast neodymov\u00fd magnet na lov kov\u016f<\/b><\/h2>\n\nPozitivn\u00ed ohlasy na na\u0161e <a href=\"https:\/\/magnetarmagnets.com\/shop\/hardcore-magnet-2\/\" target=\"_blank\" rel=\"noopener\">Hardcore<\/a> a <a href=\"https:\/\/magnetarmagnets.com\/shop\/exclusive-terror-magnet\/\" target=\"_blank\" rel=\"noopener\">Terror<\/a> magnety n\u00e1s motivovaly vyvinout novou superschopnost, Beast! Beast je je\u0161t\u011b siln\u011bj\u0161\u00ed ne\u017e na\u0161e Hardcore &amp; Terror magnety, nen\u00ed jen siln\u00fd, je BEAST\u00cd siln\u00fd. Beast magnet je v\u011bt\u0161\u00edm n\u00e1stupcem zn\u00e1m\u00e9ho Terror magnetu. D\u00edky v\u011bt\u0161\u00ed hmotnosti kles\u00e1 hluboko do bahna a kalu, co\u017e umo\u017e\u0148uje dos\u00e1hnout na hlub\u0161\u00ed a obt\u00ed\u017en\u011bji dostupn\u00e9 p\u0159edm\u011bty.\n\n\n\nJako allround magnet na lov kov\u016f m\u00e1 Beast magnetickou s\u00edlu p\u0159ita\u017een\u00ed p\u0159ibli\u017en\u011b 350 kg na ka\u017ed\u00e9 stran\u011b. Vyroben z 100% neodymu, nejsiln\u011bj\u0161\u00edho trval\u00e9ho magnetick\u00e9ho materi\u00e1lu ze vz\u00e1cn\u00fdch zemin, Beast nab\u00edz\u00ed optim\u00e1ln\u00ed \u0161anci na zachycen\u00ed kovov\u00fdch p\u0159edm\u011bt\u016f bl\u00edzk\u00fdch i vzd\u00e1len\u00fdch.\n\n<h2><b>Jste p\u0159ipraveni vyzkou\u0161et Beast?<\/b><\/h2>\n\nN\u00e1zev magnetu mluv\u00ed za v\u0161e, tento magnet je skute\u010dn\u00fd Beast! Beast magnet m\u00e1 360\u00b0 magnetickou s\u00edlu p\u0159ita\u017een\u00ed 1400 kg a je jedn\u00edm z <a href=\"https:\/\/magnetarmagnets.com\/\" target=\"_blank\" rel=\"noopener\">nejlep\u0161\u00edch magnet\u016f na lov kov\u016f<\/a>, kter\u00e9 nab\u00edz\u00edme. P\u0159edm\u011bty jsou p\u0159itahov\u00e1ny na v\u0161echny strany magnetu za jak\u00fdchkoliv podm\u00ednek pod vodou (bahno, kal, proud, kameny) a magnet se snadno nezachyt\u00ed o kameny. Navr\u017een pro pokro\u010dil\u00e9 magnetick\u00e9 ryb\u00e1\u0159e, tento magnet vy\u017eaduje zv\u00fd\u0161enou opatrnost a p\u00e9\u010di.\n\n\n\nBeast je ur\u010den pro zku\u0161en\u00e9 magnetick\u00e9 ryb\u00e1\u0159e, kte\u0159\u00ed v\u011bd\u00ed, co d\u011blaj\u00ed. Magnet je tak siln\u00fd, \u017ee se pod vodou pohybuje a s\u00e1m vyhled\u00e1v\u00e1 p\u0159edm\u011bty. Je tak t\u011b\u017ek\u00fd, \u017ee prohrab\u00e1v\u00e1 bahno a dok\u00e1\u017ee dos\u00e1hnout na n\u011bkter\u00e9 z nejhlub\u0161\u00edch, nejstar\u0161\u00edch a nejskryt\u011bj\u0161\u00edch p\u0159edm\u011bt\u016f. Vylep\u0161ete sv\u00e9 vybaven\u00ed a najd\u011bte ty nejt\u011b\u017e\u0161\u00ed poklady jako velk\u00e9 trezory, zbran\u011b, autod\u00edly, sk\u00fatry, elektrokola a mnoho dal\u0161\u00edho.\n\n<h2><b>Evoluce magnet\u016f<\/b><\/h2>\n\nMnoho magnet\u016f m\u00e1 p\u0159ita\u017elivou s\u00edlu pouze na jedn\u00e9 stran\u011b. Tento jednostrann\u00fd magnet je klasick\u00fd magnet na lov kov\u016f. Magnetar byl prvn\u00ed spole\u010dnost\u00ed, kter\u00e1 tento klasick\u00fd magnet p\u0159epracovala na oboustrann\u00fd magnet. V roce 2016 pak Magnetar vyvinul allround magnet s 360\u00b0 magnetickou silou. Magneti\u010dt\u00ed ryb\u00e1\u0159i po cel\u00e9 EU jsou od t\u00e9 doby p\u0159itahov\u00e1ni na\u0161imi 100% neodymov\u00fdmi magnety, co\u017e n\u00e1s \u010din\u00ed dodavatelem \u010d\u00edslo 1 v Evrop\u011b. Na\u0161e magnety jsou vyrobeny s nejvy\u0161\u0161\u00ed kvalitou, designem a p\u00e9\u010d\u00ed mal\u00fdm t\u00fdmem nad\u0161enc\u016f magnetick\u00e9ho rybolovu. Na\u0161i z\u00e1kazn\u00edci se vracej\u00ed, proto\u017ee v\u011bd\u00ed, \u017ee s Magnetarem dostanou v\u00edc ne\u017e jen magnet, chyt\u00ed poklady.\n\n<h2><strong>Siln\u00e1 360\u00b0 p\u0159ita\u017eliv\u00e1 s\u00edla<\/strong><\/h2>\n\nBeast magnet je jedn\u00edm z nejsiln\u011bj\u0161\u00edch magnet\u016f, kter\u00e9 nab\u00edz\u00edme, s p\u0159ita\u017elivou silou a\u017e 1400 kg. S\u00edla p\u0159ita\u017een\u00ed Beast magnetu je siln\u00e1 a dok\u00e1\u017ee p\u0159itahovat p\u0159edm\u011bty ze v\u0161ech stran, na rozd\u00edl od jednostrann\u00e9ho magnetu v ocelov\u00e9m krytu, kter\u00fd zam\u011b\u0159uje s\u00edlu jen jedn\u00edm sm\u011brem. Zaj\u00edm\u00e1 v\u00e1s, jak m\u011b\u0159\u00edme s\u00edlu p\u0159ita\u017een\u00ed? <a href=\"https:\/\/www.youtube.com\/watch?v=2McW3RURDxs\" target=\"_blank\" rel=\"noopener\">Pod\u00edvejte se na na\u0161e video o m\u011b\u0159en\u00ed s\u00edly p\u0159ita\u017een\u00ed<\/a>.\n\n<h2><b>Vysok\u00e1 kvalita<\/b><\/h2>\n\nNa\u0161e magnety na lov kov\u016f jsou vyrobeny ze 100% neodymu. Magnetar magnety si uchov\u00e1vaj\u00ed magnetickou s\u00edlu po desetilet\u00ed s pouh\u00fdm 1% \u00fabytkem za 100 let (p\u0159i spr\u00e1vn\u00e9m skladov\u00e1n\u00ed, p\u00e9\u010di a ochran\u011b).\n\n\n\nV\u011bt\u0161ina ostatn\u00edch prodejc\u016f magnet\u016f zaznamen\u00e1v\u00e1 \u00fabytek s\u00edly ji\u017e po n\u011bkolika t\u00fddnech. V posledn\u00edch letech jsme si v\u0161imli, \u017ee na trhu je st\u00e1le v\u00edce nekvalitn\u00edch magnet\u016f: v\u011bt\u0161\u00ed magnety s ni\u017e\u0161\u00ed silou p\u0159ita\u017een\u00ed, nekvalitn\u00ed neodym, fale\u0161n\u00e1 reklama. Pokud si koup\u00edte jeden z t\u011bchto magnet\u016f levn\u011bji nebo od velk\u00e9 korporace, skon\u010d\u00edte zklaman\u00ed, i kdy\u017e jste u\u0161et\u0159ili p\u00e1r korun.\n\n\n\nMagnetar je mal\u00fd rodinn\u00fd podnik, kter\u00fd klade kvalitu na prvn\u00ed m\u00edsto ve v\u0161em, co d\u011bl\u00e1me. Jsme nad\u0161enci magnetick\u00e9ho rybolovu a v\u0161echny na\u0161e magnety jsou navr\u017eeny, vyrobeny a testov\u00e1ny na\u0161\u00edm t\u00fdmem, abyste dostali co nejlep\u0161\u00ed hodnotu za sv\u00e9 pen\u00edze (nebo poklady z magnetu!). Pokud chcete spolehliv\u00fd, \u00fa\u010dinn\u00fd a siln\u00fd magnet na lov kov\u016f, jste na spr\u00e1vn\u00e9m m\u00edst\u011b. N\u00e1\u0161 t\u00fdm se r\u00e1d ozve, <a href=\"mailto:info@magnetarmagnets.com\">kontaktujte n\u00e1s zde<\/a>.\n\n<h2><b>Ochrann\u00fd kryt<\/b><\/h2>\n\nOchrann\u00fd kryt, kter\u00fd je sou\u010d\u00e1st\u00ed tohoto bal\u00ed\u010dku, je perfektn\u00ed dopln\u011bk pro magnetick\u00e9 ryb\u00e1\u0159e, kte\u0159\u00ed cht\u011bj\u00ed chr\u00e1nit sv\u00e9 neodymov\u00e9 magnety b\u011bhem pou\u017e\u00edv\u00e1n\u00ed. Tyto odoln\u00e9 kryty jsou speci\u00e1ln\u011b navr\u017eeny tak, aby perfektn\u011b sed\u011bly na magnet a poskytovaly dal\u0161\u00ed vrstvu ochrany proti po\u0161kr\u00e1b\u00e1n\u00ed, prasknut\u00ed a jin\u00fdm po\u0161kozen\u00edm. Na\u0161e ochrann\u00e9 kryty jsou vyrobeny tak, aby vydr\u017eely i ty nejt\u011b\u017e\u0161\u00ed podm\u00ednky. Kryt je z nerezov\u00e9 oceli, co\u017e zaji\u0161\u0165uje, \u017ee v\u00e1\u0161 magnet z\u016fstane magnetick\u00fd 360\u00b0. S na\u0161imi ochrann\u00fdmi kryty si m\u016f\u017eete u\u017e\u00edt magnet fishing bez obav z po\u0161kozen\u00ed va\u0161eho cenn\u00e9ho magnetu.\n\n\n\n(Pozn\u00e1mka: spodn\u00ed \u010d\u00e1st magnetu nen\u00ed krytem chr\u00e1n\u011bna)\n\n<h2><b>Pou\u017e\u00edvejte opatrn\u011b<\/b><\/h2>\n\nNa\u0161e neodymov\u00e9 magnety jsou <a href=\"https:\/\/magnetarmagnets.com\/strong-fishing-magnets\/\" target=\"_blank\" rel=\"noopener\">nejsiln\u011bj\u0161\u00ed magnety na lov kov\u016f<\/a> a mohou b\u00fdt p\u0159i bl\u00edzk\u00e9m kontaktu rychle p\u0159itahov\u00e1ny k \u017eelezn\u00fdm p\u0159edm\u011bt\u016fm. U siln\u011bj\u0161\u00edch magnet\u016f, jako je 360\u00b0 allround, hroz\u00ed, \u017ee si m\u016f\u017eete prsty zachytit mezi magnet a jin\u00fd p\u0159edm\u011bt. Zach\u00e1zejte s magnety opatrn\u011b a pou\u017e\u00edvejte je na vlastn\u00ed riziko. V\u017edy si p\u0159e\u010dt\u011bte na\u0161e bezpe\u010dnostn\u00ed upozorn\u011bn\u00ed p\u0159ed pou\u017eit\u00edm.\n\n\n\n* D\u011bti mus\u00ed magnet pou\u017e\u00edvat pod dohledem dosp\u011bl\u00fdch.\n\n\n\nNezapome\u0148te tak\u00e9 prohl\u00e9dnout na\u0161e <a href=\"https:\/\/magnetarmagnets.com\/collections\/fishing-magnets\/magnet-fishing-kit\/\" target=\"_blank\" rel=\"noopener\">sady na magnet fishing<\/a> nebo <a href=\"https:\/\/magnetarmagnets.com\/accessories\/\" target=\"_blank\" rel=\"noopener\">p\u0159\u00edslu\u0161enstv\u00ed pro magnet fishing<\/a>.","protected":false},"excerpt":{"rendered":"<p><span style=\"font-weight: 400;\"><strong>Extr\u00e9mn\u00ed<\/strong> a <strong>kompletn\u00ed<\/strong> v\u00fdbava na b\u0159ehu s <strong>allround 360\u00b0 Beast magnetem na lov kov\u016f<\/strong> a p\u0159\u00edslu\u0161enstv\u00edm, pro <strong>skute\u010dnou legendu<\/strong>!<\/span><\/p>\n","protected":false},"featured_media":78897,"comment_status":"open","ping_status":"closed","template":"","meta":{"_acf_changed":false,"inline_featured_image":false},"product_brand":[],"product_cat":[561,553,570,562,1001],"product_tag":[],"class_list":{"0":"post-83236","1":"product","2":"type-product","3":"status-publish","4":"has-post-thumbnail","6":"product_cat-allround-fishing-magnety-360","7":"product_cat-fishing-magnets-cs","8":"product_cat-profesionalove","9":"product_cat-sada-na-magnet-fishing","10":"product_cat-vsechny-produkty","12":"first","13":"instock","14":"sale","15":"taxable","16":"shipping-taxable","17":"purchasable","18":"product-type-simple"},"acf":[],"yoast_head":"<!-- This site is optimized with the Yoast SEO plugin v27.4 - https:\/\/yoast.com\/product\/yoast-seo-wordpress\/ -->\n<title>Legend bal\u00ed\u010dek - 1400 kg - Beast - Allround 360\u00b0 - Magnet fishing with a Magnetar fishing magnet<\/title>\n<meta name=\"description\" content=\"Legend bal\u00ed\u010dek - 3100 lb \/1400 Kg Beast - Magnet fishing Magnetar\" \/>\n<meta name=\"robots\" content=\"index, follow, max-snippet:-1, max-image-preview:large, max-video-preview:-1\" \/>\n<link rel=\"canonical\" href=\"https:\/\/magnetarmagnets.com\/cs\/shop\/legend-balicek-1400-kg-beast-allround-360\/\" \/>\n<meta property=\"og:locale\" content=\"cs_CZ\" \/>\n<meta property=\"og:type\" content=\"article\" \/>\n<meta property=\"og:title\" content=\"Legend bal\u00ed\u010dek - 1400 kg - Beast - Allround 360\u00b0 - Magnet fishing with a Magnetar fishing magnet\" \/>\n<meta property=\"og:description\" content=\"Legend bal\u00ed\u010dek - 3100 lb \/1400 Kg Beast - Magnet fishing Magnetar\" \/>\n<meta property=\"og:url\" content=\"https:\/\/magnetarmagnets.com\/cs\/shop\/legend-balicek-1400-kg-beast-allround-360\/\" \/>\n<meta property=\"og:site_name\" content=\"Magnet fishing with a Magnetar fishing magnet\" \/>\n<meta property=\"article:publisher\" content=\"https:\/\/www.facebook.com\/fishingmagnets\/\" \/>\n<meta property=\"article:modified_time\" content=\"2026-04-17T22:41:14+00:00\" \/>\n<meta property=\"og:image\" content=\"https:\/\/magnetarmagnets.com\/wp-content\/uploads\/2021\/10\/MAGNETAR-LEGEND-KIT-GOOGLE.jpg\" \/>\n\t<meta property=\"og:image:width\" content=\"1500\" \/>\n\t<meta property=\"og:image:height\" content=\"1500\" \/>\n\t<meta property=\"og:image:type\" content=\"image\/jpeg\" \/>\n<meta name=\"twitter:card\" content=\"summary_large_image\" \/>\n<meta name=\"twitter:label1\" content=\"Odhadovan\u00e1 doba \u010dten\u00ed\" \/>\n\t<meta name=\"twitter:data1\" content=\"5 minut\" \/>\n<script type=\"application\/ld+json\" class=\"yoast-schema-graph\">{\"@context\":\"https:\\\/\\\/schema.org\",\"@graph\":[{\"@type\":[\"WebPage\",\"ItemPage\"],\"@id\":\"https:\\\/\\\/magnetarmagnets.com\\\/cs\\\/shop\\\/legend-balicek-1400-kg-beast-allround-360\\\/\",\"url\":\"https:\\\/\\\/magnetarmagnets.com\\\/cs\\\/shop\\\/legend-balicek-1400-kg-beast-allround-360\\\/\",\"name\":\"Legend bal\u00ed\u010dek - 1400 kg - Beast - Allround 360\u00b0 - Magnet fishing with a Magnetar fishing magnet\",\"isPartOf\":{\"@id\":\"https:\\\/\\\/magnetarmagnets.com\\\/cs\\\/#website\"},\"primaryImageOfPage\":{\"@id\":\"https:\\\/\\\/magnetarmagnets.com\\\/cs\\\/shop\\\/legend-balicek-1400-kg-beast-allround-360\\\/#primaryimage\"},\"image\":{\"@id\":\"https:\\\/\\\/magnetarmagnets.com\\\/cs\\\/shop\\\/legend-balicek-1400-kg-beast-allround-360\\\/#primaryimage\"},\"thumbnailUrl\":\"https:\\\/\\\/magnetarmagnets.com\\\/wp-content\\\/uploads\\\/2021\\\/10\\\/MAGNETAR-LEGEND-KIT-GOOGLE.jpg\",\"datePublished\":\"2025-06-05T07:54:17+00:00\",\"dateModified\":\"2026-04-17T22:41:14+00:00\",\"description\":\"Legend bal\u00ed\u010dek - 3100 lb \\\/1400 Kg Beast - Magnet fishing Magnetar\",\"breadcrumb\":{\"@id\":\"https:\\\/\\\/magnetarmagnets.com\\\/cs\\\/shop\\\/legend-balicek-1400-kg-beast-allround-360\\\/#breadcrumb\"},\"inLanguage\":\"cs\",\"potentialAction\":[{\"@type\":\"ReadAction\",\"target\":[\"https:\\\/\\\/magnetarmagnets.com\\\/cs\\\/shop\\\/legend-balicek-1400-kg-beast-allround-360\\\/\"]}]},{\"@type\":\"ImageObject\",\"inLanguage\":\"cs\",\"@id\":\"https:\\\/\\\/magnetarmagnets.com\\\/cs\\\/shop\\\/legend-balicek-1400-kg-beast-allround-360\\\/#primaryimage\",\"url\":\"https:\\\/\\\/magnetarmagnets.com\\\/wp-content\\\/uploads\\\/2021\\\/10\\\/MAGNETAR-LEGEND-KIT-GOOGLE.jpg\",\"contentUrl\":\"https:\\\/\\\/magnetarmagnets.com\\\/wp-content\\\/uploads\\\/2021\\\/10\\\/MAGNETAR-LEGEND-KIT-GOOGLE.jpg\",\"width\":1500,\"height\":1500,\"caption\":\"MAGNETAR-LEGEND-KIT\"},{\"@type\":\"BreadcrumbList\",\"@id\":\"https:\\\/\\\/magnetarmagnets.com\\\/cs\\\/shop\\\/legend-balicek-1400-kg-beast-allround-360\\\/#breadcrumb\",\"itemListElement\":[{\"@type\":\"ListItem\",\"position\":1,\"name\":\"Home\",\"item\":\"https:\\\/\\\/magnetarmagnets.com\\\/cs\\\/\"},{\"@type\":\"ListItem\",\"position\":2,\"name\":\"Obchod\",\"item\":\"https:\\\/\\\/magnetarmagnets.com\\\/cs\\\/obchod\\\/\"},{\"@type\":\"ListItem\",\"position\":3,\"name\":\"Fishing magnety\",\"item\":\"https:\\\/\\\/magnetarmagnets.com\\\/cs\\\/collections\\\/fishing-magnets-cs\\\/\"},{\"@type\":\"ListItem\",\"position\":4,\"name\":\"Allround fishing magnety 360\u00b0\",\"item\":\"https:\\\/\\\/magnetarmagnets.com\\\/cs\\\/collections\\\/fishing-magnets-cs\\\/allround-fishing-magnety-360\\\/\"},{\"@type\":\"ListItem\",\"position\":5,\"name\":\"Legend bal\u00ed\u010dek &#8211; 1400 kg &#8211; Beast &#8211; Allround 360\u00b0\"}]},{\"@type\":\"WebSite\",\"@id\":\"https:\\\/\\\/magnetarmagnets.com\\\/cs\\\/#website\",\"url\":\"https:\\\/\\\/magnetarmagnets.com\\\/cs\\\/\",\"name\":\"Magnet fishing with a Magnetar fishing magnet\",\"description\":\"Siln\u00e9 magnety na magnet fishing\",\"publisher\":{\"@id\":\"https:\\\/\\\/magnetarmagnets.com\\\/cs\\\/#organization\"},\"potentialAction\":[{\"@type\":\"SearchAction\",\"target\":{\"@type\":\"EntryPoint\",\"urlTemplate\":\"https:\\\/\\\/magnetarmagnets.com\\\/cs\\\/?s={search_term_string}\"},\"query-input\":{\"@type\":\"PropertyValueSpecification\",\"valueRequired\":true,\"valueName\":\"search_term_string\"}}],\"inLanguage\":\"cs\"},{\"@type\":\"Organization\",\"@id\":\"https:\\\/\\\/magnetarmagnets.com\\\/cs\\\/#organization\",\"name\":\"Magnetar\",\"url\":\"https:\\\/\\\/magnetarmagnets.com\\\/cs\\\/\",\"logo\":{\"@type\":\"ImageObject\",\"inLanguage\":\"cs\",\"@id\":\"https:\\\/\\\/magnetarmagnets.com\\\/cs\\\/#\\\/schema\\\/logo\\\/image\\\/\",\"url\":\"https:\\\/\\\/magnetarmagnets.com\\\/wp-content\\\/uploads\\\/2025\\\/05\\\/Logo-03_PNG-Black-scaled.png\",\"contentUrl\":\"https:\\\/\\\/magnetarmagnets.com\\\/wp-content\\\/uploads\\\/2025\\\/05\\\/Logo-03_PNG-Black-scaled.png\",\"width\":2560,\"height\":1658,\"caption\":\"Magnetar\"},\"image\":{\"@id\":\"https:\\\/\\\/magnetarmagnets.com\\\/cs\\\/#\\\/schema\\\/logo\\\/image\\\/\"},\"sameAs\":[\"https:\\\/\\\/www.facebook.com\\\/fishingmagnets\\\/\",\"https:\\\/\\\/www.instagram.com\\\/magnetar_magnets\\\/\",\"https:\\\/\\\/www.linkedin.com\\\/company\\\/magnetarbv\\\/?originalSubdomain=nl\",\"https:\\\/\\\/www.youtube.com\\\/c\\\/MagnetarVismagneet\"]}]}<\/script>\n<!-- \/ Yoast SEO plugin. -->","yoast_head_json":{"title":"Legend bal\u00ed\u010dek - 1400 kg - Beast - Allround 360\u00b0 - Magnet fishing with a Magnetar fishing magnet","description":"Legend bal\u00ed\u010dek - 3100 lb \/1400 Kg Beast - Magnet fishing Magnetar","robots":{"index":"index","follow":"follow","max-snippet":"max-snippet:-1","max-image-preview":"max-image-preview:large","max-video-preview":"max-video-preview:-1"},"canonical":"https:\/\/magnetarmagnets.com\/cs\/shop\/legend-balicek-1400-kg-beast-allround-360\/","og_locale":"cs_CZ","og_type":"article","og_title":"Legend bal\u00ed\u010dek - 1400 kg - Beast - Allround 360\u00b0 - Magnet fishing with a Magnetar fishing magnet","og_description":"Legend bal\u00ed\u010dek - 3100 lb \/1400 Kg Beast - Magnet fishing Magnetar","og_url":"https:\/\/magnetarmagnets.com\/cs\/shop\/legend-balicek-1400-kg-beast-allround-360\/","og_site_name":"Magnet fishing with a Magnetar fishing magnet","article_publisher":"https:\/\/www.facebook.com\/fishingmagnets\/","article_modified_time":"2026-04-17T22:41:14+00:00","og_image":[{"width":1500,"height":1500,"url":"https:\/\/magnetarmagnets.com\/wp-content\/uploads\/2021\/10\/MAGNETAR-LEGEND-KIT-GOOGLE.jpg","type":"image\/jpeg"}],"twitter_card":"summary_large_image","twitter_misc":{"Odhadovan\u00e1 doba \u010dten\u00ed":"5 minut"},"schema":{"@context":"https:\/\/schema.org","@graph":[{"@type":["WebPage","ItemPage"],"@id":"https:\/\/magnetarmagnets.com\/cs\/shop\/legend-balicek-1400-kg-beast-allround-360\/","url":"https:\/\/magnetarmagnets.com\/cs\/shop\/legend-balicek-1400-kg-beast-allround-360\/","name":"Legend bal\u00ed\u010dek - 1400 kg - Beast - Allround 360\u00b0 - Magnet fishing with a Magnetar fishing magnet","isPartOf":{"@id":"https:\/\/magnetarmagnets.com\/cs\/#website"},"primaryImageOfPage":{"@id":"https:\/\/magnetarmagnets.com\/cs\/shop\/legend-balicek-1400-kg-beast-allround-360\/#primaryimage"},"image":{"@id":"https:\/\/magnetarmagnets.com\/cs\/shop\/legend-balicek-1400-kg-beast-allround-360\/#primaryimage"},"thumbnailUrl":"https:\/\/magnetarmagnets.com\/wp-content\/uploads\/2021\/10\/MAGNETAR-LEGEND-KIT-GOOGLE.jpg","datePublished":"2025-06-05T07:54:17+00:00","dateModified":"2026-04-17T22:41:14+00:00","description":"Legend bal\u00ed\u010dek - 3100 lb \/1400 Kg Beast - Magnet fishing Magnetar","breadcrumb":{"@id":"https:\/\/magnetarmagnets.com\/cs\/shop\/legend-balicek-1400-kg-beast-allround-360\/#breadcrumb"},"inLanguage":"cs","potentialAction":[{"@type":"ReadAction","target":["https:\/\/magnetarmagnets.com\/cs\/shop\/legend-balicek-1400-kg-beast-allround-360\/"]}]},{"@type":"ImageObject","inLanguage":"cs","@id":"https:\/\/magnetarmagnets.com\/cs\/shop\/legend-balicek-1400-kg-beast-allround-360\/#primaryimage","url":"https:\/\/magnetarmagnets.com\/wp-content\/uploads\/2021\/10\/MAGNETAR-LEGEND-KIT-GOOGLE.jpg","contentUrl":"https:\/\/magnetarmagnets.com\/wp-content\/uploads\/2021\/10\/MAGNETAR-LEGEND-KIT-GOOGLE.jpg","width":1500,"height":1500,"caption":"MAGNETAR-LEGEND-KIT"},{"@type":"BreadcrumbList","@id":"https:\/\/magnetarmagnets.com\/cs\/shop\/legend-balicek-1400-kg-beast-allround-360\/#breadcrumb","itemListElement":[{"@type":"ListItem","position":1,"name":"Home","item":"https:\/\/magnetarmagnets.com\/cs\/"},{"@type":"ListItem","position":2,"name":"Obchod","item":"https:\/\/magnetarmagnets.com\/cs\/obchod\/"},{"@type":"ListItem","position":3,"name":"Fishing magnety","item":"https:\/\/magnetarmagnets.com\/cs\/collections\/fishing-magnets-cs\/"},{"@type":"ListItem","position":4,"name":"Allround fishing magnety 360\u00b0","item":"https:\/\/magnetarmagnets.com\/cs\/collections\/fishing-magnets-cs\/allround-fishing-magnety-360\/"},{"@type":"ListItem","position":5,"name":"Legend bal\u00ed\u010dek &#8211; 1400 kg &#8211; Beast &#8211; Allround 360\u00b0"}]},{"@type":"WebSite","@id":"https:\/\/magnetarmagnets.com\/cs\/#website","url":"https:\/\/magnetarmagnets.com\/cs\/","name":"Magnet fishing with a Magnetar fishing magnet","description":"Siln\u00e9 magnety na magnet fishing","publisher":{"@id":"https:\/\/magnetarmagnets.com\/cs\/#organization"},"potentialAction":[{"@type":"SearchAction","target":{"@type":"EntryPoint","urlTemplate":"https:\/\/magnetarmagnets.com\/cs\/?s={search_term_string}"},"query-input":{"@type":"PropertyValueSpecification","valueRequired":true,"valueName":"search_term_string"}}],"inLanguage":"cs"},{"@type":"Organization","@id":"https:\/\/magnetarmagnets.com\/cs\/#organization","name":"Magnetar","url":"https:\/\/magnetarmagnets.com\/cs\/","logo":{"@type":"ImageObject","inLanguage":"cs","@id":"https:\/\/magnetarmagnets.com\/cs\/#\/schema\/logo\/image\/","url":"https:\/\/magnetarmagnets.com\/wp-content\/uploads\/2025\/05\/Logo-03_PNG-Black-scaled.png","contentUrl":"https:\/\/magnetarmagnets.com\/wp-content\/uploads\/2025\/05\/Logo-03_PNG-Black-scaled.png","width":2560,"height":1658,"caption":"Magnetar"},"image":{"@id":"https:\/\/magnetarmagnets.com\/cs\/#\/schema\/logo\/image\/"},"sameAs":["https:\/\/www.facebook.com\/fishingmagnets\/","https:\/\/www.instagram.com\/magnetar_magnets\/","https:\/\/www.linkedin.com\/company\/magnetarbv\/?originalSubdomain=nl","https:\/\/www.youtube.com\/c\/MagnetarVismagneet"]}]}},"_links":{"self":[{"href":"https:\/\/magnetarmagnets.com\/cs\/wp-json\/wp\/v2\/product\/83236","targetHints":{"allow":["GET"]}}],"collection":[{"href":"https:\/\/magnetarmagnets.com\/cs\/wp-json\/wp\/v2\/product"}],"about":[{"href":"https:\/\/magnetarmagnets.com\/cs\/wp-json\/wp\/v2\/types\/product"}],"replies":[{"embeddable":true,"href":"https:\/\/magnetarmagnets.com\/cs\/wp-json\/wp\/v2\/comments?post=83236"}],"version-history":[{"count":0,"href":"https:\/\/magnetarmagnets.com\/cs\/wp-json\/wp\/v2\/product\/83236\/revisions"}],"wp:featuredmedia":[{"embeddable":true,"href":"https:\/\/magnetarmagnets.com\/cs\/wp-json\/wp\/v2\/media\/78897"}],"wp:attachment":[{"href":"https:\/\/magnetarmagnets.com\/cs\/wp-json\/wp\/v2\/media?parent=83236"}],"wp:term":[{"taxonomy":"product_brand","embeddable":true,"href":"https:\/\/magnetarmagnets.com\/cs\/wp-json\/wp\/v2\/product_brand?post=83236"},{"taxonomy":"product_cat","embeddable":true,"href":"https:\/\/magnetarmagnets.com\/cs\/wp-json\/wp\/v2\/product_cat?post=83236"},{"taxonomy":"product_tag","embeddable":true,"href":"https:\/\/magnetarmagnets.com\/cs\/wp-json\/wp\/v2\/product_tag?post=83236"}],"curies":[{"name":"wp","href":"https:\/\/api.w.org\/{rel}","templated":true}]}}