{"id":83235,"date":"2025-06-05T09:54:37","date_gmt":"2025-06-05T07:54:37","guid":{"rendered":"https:\/\/magnetarmagnets.com\/?post_type=product&#038;p=83235"},"modified":"2026-04-03T06:06:08","modified_gmt":"2026-04-03T04:06:08","slug":"balicek-warrior-dva-360-magnety-terror-beast","status":"publish","type":"product","link":"https:\/\/magnetarmagnets.com\/cs\/shop\/balicek-warrior-dva-360-magnety-terror-beast\/","title":{"rendered":"Bal\u00ed\u010dek Warrior \u2013 dva 360\u00b0 magnety Terror + Beast"},"content":{"rendered":"<b>POZOR!<\/b> Tento bal\u00ed\u010dek obsahuje extr\u00e9mn\u011b siln\u00e9 magnety. Je <b>velmi d\u016fle\u017eit\u00e9<\/b>, abyste mezi t\u011bmito magnety v\u017edy udr\u017eovali vzd\u00e1lenost 1 metr. Jinak to m\u016f\u017ee v\u00e9st k velmi nebezpe\u010dn\u00fdm situac\u00edm.\n\n\n\n<span style=\"font-weight: 400;\">Bal\u00ed\u010dek <b>Warrior<\/b> je vybaven nejsiln\u011bj\u0161\u00edmi magnety, kter\u00e9 najdete, <a href=\"https:\/\/magnetarmagnets.com\/shop\/exclusive-terror-magnet\/\" target=\"_blank\" rel=\"noopener\">magnetem Terror<\/a> a <a href=\"https:\/\/magnetarmagnets.com\/shop\/beast-magnet\/\" target=\"_blank\" rel=\"noopener\">magnetem Beast<\/a>! Tyto dv\u011b s\u00edly v\u00e1s p\u0159esv\u011bd\u010d\u00ed o sv\u00e9m v\u0161esm\u011brov\u00e9m magnetick\u00e9m tahu. Tento bal\u00ed\u010dek je ur\u010den pro pokro\u010dil\u00e9 magnet fishery, kte\u0159\u00ed cht\u011bj\u00ed maximalizovat sv\u00e9 \u0161ance na nalezen\u00ed poklad\u016f. Bal\u00ed\u010dek tak\u00e9 obsahuje zaji\u0161\u0165ovac\u00ed lepidlo, 2\u00d7 10mm lano, 2\u00d7 nepromokav\u00e9 rukavice a ochrann\u00e9 pouzdra pro oba magnety. Chcete b\u00fdt opravdov\u00fdm v\u00e1le\u010dn\u00edkem mezi magnet fishery? Po\u0159i\u010fte si tento bal\u00ed\u010dek hned a vyu\u017eijte extra slevu.<\/span>\n\n<h2><b>Jste p\u0159ipraveni vyzkou\u0161et magnety Beast a Terror?<\/b><\/h2>\n\nN\u00e1zev magnet\u016f mluv\u00ed za v\u0161e, jsou to extr\u00e9my! Magnet Terror nab\u00edz\u00ed extr\u00e9mn\u011b dosahuj\u00edc\u00ed magnetick\u00fd tah a\u017e 1000 kg. Magnet Beast m\u00e1 360\u00b0 magnetick\u00fd tah o s\u00edle 1400 kg. Objekty jsou p\u0159itahov\u00e1ny ze v\u0161ech stran i za jak\u00fdchkoli podm\u00ednek pod vodou (bl\u00e1to, kal, proud, kameny) a magnet se snadno nezachyt\u00ed o kameny. Navr\u017eeno pro pokro\u010dil\u00e9 magnet fishery, tyto magnety vy\u017eaduj\u00ed zv\u00fd\u0161enou p\u00e9\u010di a pozornost.\n\n<h2><b>Evoluce magnet\u016f<\/b><\/h2>\n\nMnoho magnet\u016f m\u00e1 p\u0159ita\u017elivou s\u00edlu jen na jedn\u00e9 stran\u011b. Tento jednostrann\u00fd magnet je klasick\u00fd ryb\u00e1\u0159sk\u00fd magnet. Magnetar jako prvn\u00ed spole\u010dnost p\u0159etvo\u0159il tento klasick\u00fd magnet na oboustrann\u00fd magnet. V roce 2016 pak Magnetar vyvinul v\u0161esm\u011brov\u00fd magnet s 360\u00b0 magnetick\u00fdm tahem. Magnet fishery po cel\u00e9 EU p\u0159itahuj\u00ed na\u0161e 100% neodymov\u00e9 magnety, d\u00edky \u010demu\u017e jsme #1 dodavatelem v Evrop\u011b. Na\u0161e magnety jsou vyrobeny s nejvy\u0161\u0161\u00ed kvalitou, designem a p\u00e9\u010d\u00ed mal\u00fdm t\u00fdmem nad\u0161enc\u016f magnet fishingu. Na\u0161i z\u00e1kazn\u00edci se vracej\u00ed, proto\u017ee v\u011bd\u00ed, \u017ee s Magnetar z\u00edskaj\u00ed v\u00edc ne\u017e jen magnet, najdou poklady.\n\n<h2><strong>Siln\u00fd 360\u00b0 magnetick\u00fd tah<\/strong><\/h2>\n\nMagnet Beast je jedn\u00edm z nejsiln\u011bj\u0161\u00edch magnet\u016f v na\u0161\u00ed nab\u00eddce s tahem a\u017e 1400 kg. Tah magnetu Beast je siln\u00fd a dok\u00e1\u017ee p\u0159itahovat objekty z cel\u00e9ho okol\u00ed, na rozd\u00edl od jednostrann\u00e9ho magnetu zabalen\u00e9ho v ocelov\u00e9m krytu, kter\u00fd soust\u0159ed\u00ed tah jen jedn\u00edm sm\u011brem. Zaj\u00edm\u00e1 v\u00e1s m\u011b\u0159en\u00ed tahov\u00e9 s\u00edly? <a href=\"https:\/\/www.youtube.com\/watch?v=2McW3RURDxs\" target=\"_blank\" rel=\"noopener\">Pod\u00edvejte se na na\u0161e video o m\u011b\u0159en\u00ed tahov\u00e9 s\u00edly<\/a>.\n\n<h2><b>Vysok\u00e1 kvalita<\/b><\/h2>\n\nNa\u0161e <a href=\"https:\/\/magnetarmagnets.com\/\" target=\"_blank\" rel=\"noopener\">fishing magnety<\/a> jsou vyrobeny ze 100% neodymu. Magnetar magnety si svou magnetickou s\u00edlu udr\u017e\u00ed desetilet\u00ed s pouhou 1% ztr\u00e1tou za 100 let (p\u0159i spr\u00e1vn\u00e9m skladov\u00e1n\u00ed, p\u00e9\u010di a ochran\u011b).\n\n\n\nV\u011bt\u0161ina ostatn\u00edch dodavatel\u016f magnet\u016f vykazuje \u00fabytek tahov\u00e9 s\u00edly ji\u017e po n\u011bkolika t\u00fddnech. V posledn\u00edch letech jsme zaznamenali st\u00e1le v\u00edce nekvalitn\u00edch magnet\u016f na trhu: v\u011bt\u0161\u00ed magnety s ni\u017e\u0161\u00ed ta\u017enou silou, nekvalitn\u00ed neodym, fale\u0161n\u00e1 reklama. Pokud si koup\u00edte jeden z t\u011bchto levn\u011bj\u0161\u00edch magnet\u016f nebo od velk\u00e9 korporace, skon\u010d\u00edte zklaman\u00ed, i kdy\u017e u\u0161et\u0159\u00edte p\u00e1r korun.\n\n\n\nMagnetar je mal\u00e1 rodinn\u00e1 firma, kter\u00e1 klade kvalitu na prvn\u00ed m\u00edsto. Jsme nad\u0161enci magnet fishingu a v\u0161echny na\u0161e magnety jsou navr\u017eeny, vyvinuty a vyrobeny na\u0161\u00edm t\u00fdmem, aby v\u00e1m poskytly maxim\u00e1ln\u00ed v\u00fdkon (nebo poklady z va\u0161ich magnet\u016f!). Pokud hled\u00e1te spolehliv\u00fd, efektivn\u00ed a <a href=\"https:\/\/magnetarmagnets.com\/strong-fishing-magnets\/\" target=\"_blank\" rel=\"noopener\">siln\u00fd magnet<\/a>, jste na spr\u00e1vn\u00e9m m\u00edst\u011b. N\u00e1\u0161 t\u00fdm se na v\u00e1s t\u011b\u0161\u00ed, <a href=\"mailto:info@magnetarmagnets.com\">kontaktujte n\u00e1s zde<\/a>.\n\n<h2><b>Ochrann\u00fd kryt<\/b><\/h2>\n\nOchrann\u00fd kryt, kter\u00fd je sou\u010d\u00e1st\u00ed tohoto bal\u00ed\u010dku, je ide\u00e1ln\u00ed p\u0159\u00edslu\u0161enstv\u00ed pro magnet fishery, kte\u0159\u00ed cht\u011bj\u00ed chr\u00e1nit sv\u00e9 neodymov\u00e9 magnety b\u011bhem pou\u017e\u00edv\u00e1n\u00ed. Tyto odoln\u00e9 kryty jsou navr\u017eeny tak, aby perfektn\u011b padly na magnet a poskytly dodate\u010dnou vrstvu ochrany proti po\u0161kr\u00e1b\u00e1n\u00ed, prasknut\u00ed a dal\u0161\u00edmu po\u0161kozen\u00ed. Na\u0161e ochrann\u00e9 kryty jsou vyrobeny tak, aby vydr\u017eely i ty nejn\u00e1ro\u010dn\u011bj\u0161\u00ed podm\u00ednky. Kryt je z nerezov\u00e9 oceli, co\u017e zaji\u0161\u0165uje, \u017ee v\u00e1\u0161 magnet z\u016fstane magnetick\u00fd 360\u00b0 magnet. S na\u0161imi ochrann\u00fdmi kryty si m\u016f\u017eete u\u017e\u00edt magnet fishing set, ani\u017e byste se ob\u00e1vali po\u0161kozen\u00ed va\u0161eho cenn\u00e9ho magnetu.\n\n\n\n(Pros\u00edm m\u011bjte na pam\u011bti, \u017ee spodn\u00ed \u010d\u00e1st magnetu nen\u00ed krytem chr\u00e1n\u011bna)\n\n<h2><b>Pou\u017e\u00edvejte opatrn\u011b<\/b><\/h2>\n\nNa\u0161e neodymov\u00e9 magnety jsou velmi siln\u00e9 a mohou b\u00fdt p\u0159itahov\u00e1ny k \u017eelezn\u00fdm p\u0159edm\u011bt\u016fm vysokou rychlost\u00ed, pokud se nach\u00e1zej\u00ed v bl\u00edzkosti. U siln\u011bj\u0161\u00edch magnet\u016f, jako je 360\u00b0 allround, hroz\u00ed, \u017ee si m\u016f\u017eete prsty zajet mezi magnet a jin\u00fd p\u0159edm\u011bt. Zach\u00e1zejte s magnety opatrn\u011b a pou\u017e\u00edvejte je na vlastn\u00ed riziko. V\u017edy si p\u0159ed pou\u017eit\u00edm p\u0159e\u010dt\u011bte na\u0161e bezpe\u010dnostn\u00ed pokyny.\n\n\n\n* D\u011bti mus\u00ed magnet pou\u017e\u00edvat pod dozorem dosp\u011bl\u00e9 osoby.\n\n\n\nNezapome\u0148te se pod\u00edvat na na\u0161e <a href=\"https:\/\/magnetarmagnets.com\/magnet-fishing-kit\/\" target=\"_blank\" rel=\"noopener\">magnet fishing sety<\/a> a <a href=\"https:\/\/magnetarmagnets.com\/accessories\/\" target=\"_blank\" rel=\"noopener\">p\u0159\u00edslu\u0161enstv\u00ed pro magnet fishing<\/a>.","protected":false},"excerpt":{"rendered":"<p><span style=\"font-weight: 400;\">Jd\u011bte na to <strong>velk\u00fdmi<\/strong> a <strong>v\u00fdkonn\u00fdmi<\/strong> 360\u00b0 magnety pro magnet fishing set, <strong>Terror<\/strong> a <strong>Beast<\/strong>, v\u0161e v jedn\u00e9 sad\u011b.<\/span><\/p>\n","protected":false},"featured_media":78913,"comment_status":"open","ping_status":"closed","template":"","meta":{"_acf_changed":false,"inline_featured_image":false},"product_brand":[],"product_cat":[561,553,570,562],"product_tag":[],"class_list":{"0":"post-83235","1":"product","2":"type-product","3":"status-publish","4":"has-post-thumbnail","6":"product_cat-allround-fishing-magnety-360","7":"product_cat-fishing-magnets-cs","8":"product_cat-profesionalove","9":"product_cat-sada-na-magnet-fishing","11":"first","12":"instock","13":"sale","14":"taxable","15":"shipping-taxable","16":"purchasable","17":"product-type-simple"},"acf":[],"yoast_head":"<!-- This site is optimized with the Yoast SEO plugin v27.3 - https:\/\/yoast.com\/product\/yoast-seo-wordpress\/ -->\n<title>Bal\u00ed\u010dek Warrior \u2013 dva 360\u00b0 magnety Terror + Beast - Magnet fishing with a Magnetar fishing magnet<\/title>\n<meta name=\"description\" content=\"Bal\u00ed\u010dek Warrior \u2013 dva magnety: Terror + Beast \u2013 Magnetar\" \/>\n<meta name=\"robots\" content=\"index, follow, max-snippet:-1, max-image-preview:large, max-video-preview:-1\" \/>\n<link rel=\"canonical\" href=\"https:\/\/magnetarmagnets.com\/cs\/shop\/balicek-warrior-dva-360-magnety-terror-beast\/\" \/>\n<meta property=\"og:locale\" content=\"cs_CZ\" \/>\n<meta property=\"og:type\" content=\"article\" \/>\n<meta property=\"og:title\" content=\"Bal\u00ed\u010dek Warrior \u2013 dva 360\u00b0 magnety Terror + Beast - Magnet fishing with a Magnetar fishing magnet\" \/>\n<meta property=\"og:description\" content=\"Bal\u00ed\u010dek Warrior \u2013 dva magnety: Terror + Beast \u2013 Magnetar\" \/>\n<meta property=\"og:url\" content=\"https:\/\/magnetarmagnets.com\/cs\/shop\/balicek-warrior-dva-360-magnety-terror-beast\/\" \/>\n<meta property=\"og:site_name\" content=\"Magnet fishing with a Magnetar fishing magnet\" \/>\n<meta property=\"article:publisher\" content=\"https:\/\/www.facebook.com\/fishingmagnets\/\" \/>\n<meta property=\"article:modified_time\" content=\"2026-04-03T04:06:08+00:00\" \/>\n<meta property=\"og:image\" content=\"https:\/\/magnetarmagnets.com\/wp-content\/uploads\/2021\/10\/MAGNETAR-WARRIOR-KIT-GOOGLE.jpg\" \/>\n\t<meta property=\"og:image:width\" content=\"1500\" \/>\n\t<meta property=\"og:image:height\" content=\"1500\" \/>\n\t<meta property=\"og:image:type\" content=\"image\/jpeg\" \/>\n<meta name=\"twitter:card\" content=\"summary_large_image\" \/>\n<meta name=\"twitter:label1\" content=\"Odhadovan\u00e1 doba \u010dten\u00ed\" \/>\n\t<meta name=\"twitter:data1\" content=\"4 minuty\" \/>\n<script type=\"application\/ld+json\" class=\"yoast-schema-graph\">{\"@context\":\"https:\\\/\\\/schema.org\",\"@graph\":[{\"@type\":[\"WebPage\",\"ItemPage\"],\"@id\":\"https:\\\/\\\/magnetarmagnets.com\\\/cs\\\/shop\\\/balicek-warrior-dva-360-magnety-terror-beast\\\/\",\"url\":\"https:\\\/\\\/magnetarmagnets.com\\\/cs\\\/shop\\\/balicek-warrior-dva-360-magnety-terror-beast\\\/\",\"name\":\"Bal\u00ed\u010dek Warrior \u2013 dva 360\u00b0 magnety Terror + Beast - Magnet fishing with a Magnetar fishing magnet\",\"isPartOf\":{\"@id\":\"https:\\\/\\\/magnetarmagnets.com\\\/cs\\\/#website\"},\"primaryImageOfPage\":{\"@id\":\"https:\\\/\\\/magnetarmagnets.com\\\/cs\\\/shop\\\/balicek-warrior-dva-360-magnety-terror-beast\\\/#primaryimage\"},\"image\":{\"@id\":\"https:\\\/\\\/magnetarmagnets.com\\\/cs\\\/shop\\\/balicek-warrior-dva-360-magnety-terror-beast\\\/#primaryimage\"},\"thumbnailUrl\":\"https:\\\/\\\/magnetarmagnets.com\\\/wp-content\\\/uploads\\\/2021\\\/10\\\/MAGNETAR-WARRIOR-KIT-GOOGLE.jpg\",\"datePublished\":\"2025-06-05T07:54:37+00:00\",\"dateModified\":\"2026-04-03T04:06:08+00:00\",\"description\":\"Bal\u00ed\u010dek Warrior \u2013 dva magnety: Terror + Beast \u2013 Magnetar\",\"breadcrumb\":{\"@id\":\"https:\\\/\\\/magnetarmagnets.com\\\/cs\\\/shop\\\/balicek-warrior-dva-360-magnety-terror-beast\\\/#breadcrumb\"},\"inLanguage\":\"cs\",\"potentialAction\":[{\"@type\":\"ReadAction\",\"target\":[\"https:\\\/\\\/magnetarmagnets.com\\\/cs\\\/shop\\\/balicek-warrior-dva-360-magnety-terror-beast\\\/\"]}]},{\"@type\":\"ImageObject\",\"inLanguage\":\"cs\",\"@id\":\"https:\\\/\\\/magnetarmagnets.com\\\/cs\\\/shop\\\/balicek-warrior-dva-360-magnety-terror-beast\\\/#primaryimage\",\"url\":\"https:\\\/\\\/magnetarmagnets.com\\\/wp-content\\\/uploads\\\/2021\\\/10\\\/MAGNETAR-WARRIOR-KIT-GOOGLE.jpg\",\"contentUrl\":\"https:\\\/\\\/magnetarmagnets.com\\\/wp-content\\\/uploads\\\/2021\\\/10\\\/MAGNETAR-WARRIOR-KIT-GOOGLE.jpg\",\"width\":1500,\"height\":1500,\"caption\":\"MAGNETAR-WARRIOR-KIT\"},{\"@type\":\"BreadcrumbList\",\"@id\":\"https:\\\/\\\/magnetarmagnets.com\\\/cs\\\/shop\\\/balicek-warrior-dva-360-magnety-terror-beast\\\/#breadcrumb\",\"itemListElement\":[{\"@type\":\"ListItem\",\"position\":1,\"name\":\"Home\",\"item\":\"https:\\\/\\\/magnetarmagnets.com\\\/cs\\\/\"},{\"@type\":\"ListItem\",\"position\":2,\"name\":\"Obchod\",\"item\":\"https:\\\/\\\/magnetarmagnets.com\\\/obchod\\\/\"},{\"@type\":\"ListItem\",\"position\":3,\"name\":\"Fishing magnety\",\"item\":\"https:\\\/\\\/magnetarmagnets.com\\\/cs\\\/collections\\\/fishing-magnets-cs\\\/\"},{\"@type\":\"ListItem\",\"position\":4,\"name\":\"Allround fishing magnety 360\u00b0\",\"item\":\"https:\\\/\\\/magnetarmagnets.com\\\/cs\\\/collections\\\/fishing-magnets-cs\\\/allround-fishing-magnety-360\\\/\"},{\"@type\":\"ListItem\",\"position\":5,\"name\":\"Bal\u00ed\u010dek Warrior \u2013 dva 360\u00b0 magnety Terror + Beast\"}]},{\"@type\":\"WebSite\",\"@id\":\"https:\\\/\\\/magnetarmagnets.com\\\/cs\\\/#website\",\"url\":\"https:\\\/\\\/magnetarmagnets.com\\\/cs\\\/\",\"name\":\"Magnet fishing with a Magnetar fishing magnet\",\"description\":\"Siln\u00e9 magnety na magnet fishing\",\"publisher\":{\"@id\":\"https:\\\/\\\/magnetarmagnets.com\\\/cs\\\/#organization\"},\"potentialAction\":[{\"@type\":\"SearchAction\",\"target\":{\"@type\":\"EntryPoint\",\"urlTemplate\":\"https:\\\/\\\/magnetarmagnets.com\\\/cs\\\/?s={search_term_string}\"},\"query-input\":{\"@type\":\"PropertyValueSpecification\",\"valueRequired\":true,\"valueName\":\"search_term_string\"}}],\"inLanguage\":\"cs\"},{\"@type\":\"Organization\",\"@id\":\"https:\\\/\\\/magnetarmagnets.com\\\/cs\\\/#organization\",\"name\":\"Magnetar\",\"url\":\"https:\\\/\\\/magnetarmagnets.com\\\/cs\\\/\",\"logo\":{\"@type\":\"ImageObject\",\"inLanguage\":\"cs\",\"@id\":\"https:\\\/\\\/magnetarmagnets.com\\\/cs\\\/#\\\/schema\\\/logo\\\/image\\\/\",\"url\":\"https:\\\/\\\/magnetarmagnets.com\\\/wp-content\\\/uploads\\\/2025\\\/05\\\/Logo-03_PNG-Black-scaled.png\",\"contentUrl\":\"https:\\\/\\\/magnetarmagnets.com\\\/wp-content\\\/uploads\\\/2025\\\/05\\\/Logo-03_PNG-Black-scaled.png\",\"width\":2560,\"height\":1658,\"caption\":\"Magnetar\"},\"image\":{\"@id\":\"https:\\\/\\\/magnetarmagnets.com\\\/cs\\\/#\\\/schema\\\/logo\\\/image\\\/\"},\"sameAs\":[\"https:\\\/\\\/www.facebook.com\\\/fishingmagnets\\\/\",\"https:\\\/\\\/www.instagram.com\\\/magnetar_magnets\\\/\",\"https:\\\/\\\/www.linkedin.com\\\/company\\\/magnetarbv\\\/?originalSubdomain=nl\",\"https:\\\/\\\/www.youtube.com\\\/c\\\/MagnetarVismagneet\"]}]}<\/script>\n<!-- \/ Yoast SEO plugin. -->","yoast_head_json":{"title":"Bal\u00ed\u010dek Warrior \u2013 dva 360\u00b0 magnety Terror + Beast - Magnet fishing with a Magnetar fishing magnet","description":"Bal\u00ed\u010dek Warrior \u2013 dva magnety: Terror + Beast \u2013 Magnetar","robots":{"index":"index","follow":"follow","max-snippet":"max-snippet:-1","max-image-preview":"max-image-preview:large","max-video-preview":"max-video-preview:-1"},"canonical":"https:\/\/magnetarmagnets.com\/cs\/shop\/balicek-warrior-dva-360-magnety-terror-beast\/","og_locale":"cs_CZ","og_type":"article","og_title":"Bal\u00ed\u010dek Warrior \u2013 dva 360\u00b0 magnety Terror + Beast - Magnet fishing with a Magnetar fishing magnet","og_description":"Bal\u00ed\u010dek Warrior \u2013 dva magnety: Terror + Beast \u2013 Magnetar","og_url":"https:\/\/magnetarmagnets.com\/cs\/shop\/balicek-warrior-dva-360-magnety-terror-beast\/","og_site_name":"Magnet fishing with a Magnetar fishing magnet","article_publisher":"https:\/\/www.facebook.com\/fishingmagnets\/","article_modified_time":"2026-04-03T04:06:08+00:00","og_image":[{"width":1500,"height":1500,"url":"https:\/\/magnetarmagnets.com\/wp-content\/uploads\/2021\/10\/MAGNETAR-WARRIOR-KIT-GOOGLE.jpg","type":"image\/jpeg"}],"twitter_card":"summary_large_image","twitter_misc":{"Odhadovan\u00e1 doba \u010dten\u00ed":"4 minuty"},"schema":{"@context":"https:\/\/schema.org","@graph":[{"@type":["WebPage","ItemPage"],"@id":"https:\/\/magnetarmagnets.com\/cs\/shop\/balicek-warrior-dva-360-magnety-terror-beast\/","url":"https:\/\/magnetarmagnets.com\/cs\/shop\/balicek-warrior-dva-360-magnety-terror-beast\/","name":"Bal\u00ed\u010dek Warrior \u2013 dva 360\u00b0 magnety Terror + Beast - Magnet fishing with a Magnetar fishing magnet","isPartOf":{"@id":"https:\/\/magnetarmagnets.com\/cs\/#website"},"primaryImageOfPage":{"@id":"https:\/\/magnetarmagnets.com\/cs\/shop\/balicek-warrior-dva-360-magnety-terror-beast\/#primaryimage"},"image":{"@id":"https:\/\/magnetarmagnets.com\/cs\/shop\/balicek-warrior-dva-360-magnety-terror-beast\/#primaryimage"},"thumbnailUrl":"https:\/\/magnetarmagnets.com\/wp-content\/uploads\/2021\/10\/MAGNETAR-WARRIOR-KIT-GOOGLE.jpg","datePublished":"2025-06-05T07:54:37+00:00","dateModified":"2026-04-03T04:06:08+00:00","description":"Bal\u00ed\u010dek Warrior \u2013 dva magnety: Terror + Beast \u2013 Magnetar","breadcrumb":{"@id":"https:\/\/magnetarmagnets.com\/cs\/shop\/balicek-warrior-dva-360-magnety-terror-beast\/#breadcrumb"},"inLanguage":"cs","potentialAction":[{"@type":"ReadAction","target":["https:\/\/magnetarmagnets.com\/cs\/shop\/balicek-warrior-dva-360-magnety-terror-beast\/"]}]},{"@type":"ImageObject","inLanguage":"cs","@id":"https:\/\/magnetarmagnets.com\/cs\/shop\/balicek-warrior-dva-360-magnety-terror-beast\/#primaryimage","url":"https:\/\/magnetarmagnets.com\/wp-content\/uploads\/2021\/10\/MAGNETAR-WARRIOR-KIT-GOOGLE.jpg","contentUrl":"https:\/\/magnetarmagnets.com\/wp-content\/uploads\/2021\/10\/MAGNETAR-WARRIOR-KIT-GOOGLE.jpg","width":1500,"height":1500,"caption":"MAGNETAR-WARRIOR-KIT"},{"@type":"BreadcrumbList","@id":"https:\/\/magnetarmagnets.com\/cs\/shop\/balicek-warrior-dva-360-magnety-terror-beast\/#breadcrumb","itemListElement":[{"@type":"ListItem","position":1,"name":"Home","item":"https:\/\/magnetarmagnets.com\/cs\/"},{"@type":"ListItem","position":2,"name":"Obchod","item":"https:\/\/magnetarmagnets.com\/obchod\/"},{"@type":"ListItem","position":3,"name":"Fishing magnety","item":"https:\/\/magnetarmagnets.com\/cs\/collections\/fishing-magnets-cs\/"},{"@type":"ListItem","position":4,"name":"Allround fishing magnety 360\u00b0","item":"https:\/\/magnetarmagnets.com\/cs\/collections\/fishing-magnets-cs\/allround-fishing-magnety-360\/"},{"@type":"ListItem","position":5,"name":"Bal\u00ed\u010dek Warrior \u2013 dva 360\u00b0 magnety Terror + Beast"}]},{"@type":"WebSite","@id":"https:\/\/magnetarmagnets.com\/cs\/#website","url":"https:\/\/magnetarmagnets.com\/cs\/","name":"Magnet fishing with a Magnetar fishing magnet","description":"Siln\u00e9 magnety na magnet fishing","publisher":{"@id":"https:\/\/magnetarmagnets.com\/cs\/#organization"},"potentialAction":[{"@type":"SearchAction","target":{"@type":"EntryPoint","urlTemplate":"https:\/\/magnetarmagnets.com\/cs\/?s={search_term_string}"},"query-input":{"@type":"PropertyValueSpecification","valueRequired":true,"valueName":"search_term_string"}}],"inLanguage":"cs"},{"@type":"Organization","@id":"https:\/\/magnetarmagnets.com\/cs\/#organization","name":"Magnetar","url":"https:\/\/magnetarmagnets.com\/cs\/","logo":{"@type":"ImageObject","inLanguage":"cs","@id":"https:\/\/magnetarmagnets.com\/cs\/#\/schema\/logo\/image\/","url":"https:\/\/magnetarmagnets.com\/wp-content\/uploads\/2025\/05\/Logo-03_PNG-Black-scaled.png","contentUrl":"https:\/\/magnetarmagnets.com\/wp-content\/uploads\/2025\/05\/Logo-03_PNG-Black-scaled.png","width":2560,"height":1658,"caption":"Magnetar"},"image":{"@id":"https:\/\/magnetarmagnets.com\/cs\/#\/schema\/logo\/image\/"},"sameAs":["https:\/\/www.facebook.com\/fishingmagnets\/","https:\/\/www.instagram.com\/magnetar_magnets\/","https:\/\/www.linkedin.com\/company\/magnetarbv\/?originalSubdomain=nl","https:\/\/www.youtube.com\/c\/MagnetarVismagneet"]}]}},"_links":{"self":[{"href":"https:\/\/magnetarmagnets.com\/cs\/wp-json\/wp\/v2\/product\/83235","targetHints":{"allow":["GET"]}}],"collection":[{"href":"https:\/\/magnetarmagnets.com\/cs\/wp-json\/wp\/v2\/product"}],"about":[{"href":"https:\/\/magnetarmagnets.com\/cs\/wp-json\/wp\/v2\/types\/product"}],"replies":[{"embeddable":true,"href":"https:\/\/magnetarmagnets.com\/cs\/wp-json\/wp\/v2\/comments?post=83235"}],"version-history":[{"count":0,"href":"https:\/\/magnetarmagnets.com\/cs\/wp-json\/wp\/v2\/product\/83235\/revisions"}],"wp:featuredmedia":[{"embeddable":true,"href":"https:\/\/magnetarmagnets.com\/cs\/wp-json\/wp\/v2\/media\/78913"}],"wp:attachment":[{"href":"https:\/\/magnetarmagnets.com\/cs\/wp-json\/wp\/v2\/media?parent=83235"}],"wp:term":[{"taxonomy":"product_brand","embeddable":true,"href":"https:\/\/magnetarmagnets.com\/cs\/wp-json\/wp\/v2\/product_brand?post=83235"},{"taxonomy":"product_cat","embeddable":true,"href":"https:\/\/magnetarmagnets.com\/cs\/wp-json\/wp\/v2\/product_cat?post=83235"},{"taxonomy":"product_tag","embeddable":true,"href":"https:\/\/magnetarmagnets.com\/cs\/wp-json\/wp\/v2\/product_tag?post=83235"}],"curies":[{"name":"wp","href":"https:\/\/api.w.org\/{rel}","templated":true}]}}