{"id":83234,"date":"2025-06-05T09:54:38","date_gmt":"2025-06-05T07:54:38","guid":{"rendered":"https:\/\/magnetarmagnets.com\/?post_type=product&#038;p=83234"},"modified":"2026-04-18T00:43:02","modified_gmt":"2026-04-17T22:43:02","slug":"pro-balicek-600-kg-hardcore-allround-360","status":"publish","type":"product","link":"https:\/\/magnetarmagnets.com\/cs\/shop\/pro-balicek-600-kg-hardcore-allround-360\/","title":{"rendered":"Pro bal\u00ed\u010dek &#8211; 600 kg &#8211; Hardcore &#8211; Allround 360\u00b0"},"content":{"rendered":"<b>Jste profesion\u00e1ln\u00ed magnetick\u00fd ryb\u00e1\u0159?<\/b> Nebo se j\u00edm chcete st\u00e1t? N\u00e1\u0161 Pro bal\u00ed\u010dek je tou spr\u00e1vnou volbou a obsahuje v\u0161e, co pot\u0159ebujete k za\u010d\u00e1tku (a nav\u00edc z\u00edsk\u00e1te slevu za bal\u00ed\u010dek!). Tento bal\u00ed\u010dek obsahuje n\u00e1\u0161 bestseller, Hardcore allround 360\u00b0 magnet. Sou\u010d\u00e1st\u00ed bal\u00ed\u010dku je tak\u00e9 siln\u00e9 lano o pr\u016fm\u011bru 8 mm s karabinou, p\u00e1r vod\u011bodoln\u00fdch rukavic, ochrann\u00fd kryt Hardcore, lepidlo a extra velk\u00fd nerezov\u00fd <a href=\"https:\/\/magnetarmagnets.com\/shop\/stainless-steel-hook-for-magnet-fishing\/\" target=\"_blank\" rel=\"noopener\">h\u00e1\u010dek na magnet fishing<\/a>. Chcete posunout \u00farove\u0148 v\u00fd\u0161? Pod\u00edvejte se na n\u00e1\u0161 <a href=\"https:\/\/magnetarmagnets.com\/shop\/expert-package\/\" target=\"_blank\" rel=\"noopener\">Expert bal\u00ed\u010dek!<\/a>\n\n<h2><b>Hardcore Neodymov\u00fd ryb\u00e1\u0159sk\u00fd magnet<\/b><\/h2>\n\n<span style=\"font-weight: 400;\">N\u00e1\u0161 allround 360\u00b0 neodymov\u00fd magnet m\u00e1 obrovskou magnetickou s\u00edlu! Jedn\u00e1 se o jeden z nejsiln\u011bj\u0161\u00edch a cenov\u011b nejv\u00fdhodn\u011bj\u0161\u00edch magnet fishing magnet\u016f na trhu. <\/span><b>S p\u0159ita\u017elivost\u00ed 14 cm kolem magnetu<\/b><span style=\"font-weight: 400;\"> v\u00e1m dlouh\u00fd dosah d\u00e1v\u00e1 velkou \u0161anci na uloven\u00ed v\u011bt\u0161\u00edch a lep\u0161\u00edch poklad\u016f. Mnoho magnetick\u00fdch ryb\u00e1\u0159\u016f chv\u00e1l\u00ed allround hardcore magnet za jeho efektivn\u00ed v\u00fdsledky &#8211; pod\u00edvejte se, co \u0159\u00edkaj\u00ed profesion\u00e1lov\u00e9 na <\/span><a href=\"https:\/\/www.youtube.com\/watch?v=1izvqgYbtd8\" target=\"_blank\" rel=\"noopener\"><span style=\"font-weight: 400;\">YouTube<\/span><\/a><span style=\"font-weight: 400;\">! Allround Hardcore magnet fishing magnet je ide\u00e1ln\u00ed pro magnetick\u00e9 ryb\u00e1\u0159e, kte\u0159\u00ed cht\u011bj\u00ed upgradovat sv\u016fj <a href=\"https:\/\/magnetarmagnets.com\/collections\/fishing-magnets\/single-sided-classic\/\" target=\"_blank\" rel=\"noopener\">jednostrann\u00fd ryb\u00e1\u0159sk\u00fd magnet<\/a> nebo dvoustrann\u00fd ryb\u00e1\u0159sk\u00fd magnet s je\u0161t\u011b vy\u0161\u0161\u00ed celkovou ta\u017enou silou. <\/span>\n\n<h2><b>Jste p\u0159ipraveni na Hardcore?<\/b><\/h2>\n\n<span style=\"font-weight: 400;\">Sta\u0148te se Hardcore magnetick\u00fdm ryb\u00e1\u0159em! N\u00e1zev magnetu mluv\u00ed za v\u0161e, tento magnet je velmi siln\u00fd! Hardcore fishing magnet dr\u017e\u00ed na v\u0161ech objektech ze v\u0161ech stran, p\u0159es bl\u00e1to a snadno se nezachyt\u00ed o kameny. Nen\u00ed p\u0159\u00edli\u0161 t\u011b\u017ek\u00fd ani lehk\u00fd, m\u016f\u017eete tento magnet h\u00e1zet cel\u00e9 hodiny bez probl\u00e9m\u016f.\u00a0<\/span>\n\n\n\n<span style=\"font-weight: 400;\">Hardcore magnet se stal jedn\u00edm z na\u0161ich nejprod\u00e1van\u011bj\u0161\u00edch a nejobl\u00edben\u011bj\u0161\u00edch mezi pokro\u010dil\u00fdmi magnetick\u00fdmi ryb\u00e1\u0159i. Magnet je vyroben ze 100% \u010dist\u00e9ho neodymu &#8211; nejsiln\u011bj\u0161\u00edho trval\u00e9ho magnetu, kter\u00fd dok\u00e1\u017ee zvednout v\u00edce ne\u017e jin\u00e9 magnetick\u00e9 materi\u00e1ly stejn\u00e9 velikosti. To zvy\u0161uje celkovou p\u0159ita\u017elivost ze v\u0161ech sm\u011br\u016f a rozsah objekt\u016f, kter\u00e9 budete schopni naj\u00edt.<\/span>\n\n<h2><b>V\u00fdvoj magnetu<\/b><\/h2>\n\nMnoho <a href=\"https:\/\/magnetarmagnets.com\/\" target=\"_blank\" rel=\"noopener\">magnet fishing magnet\u016f<\/a> m\u00e1 p\u0159ita\u017elivou s\u00edlu pouze na jedn\u00e9 stran\u011b magnetu. Tento jednostrann\u00fd magnet je klasick\u00fd ryb\u00e1\u0159sk\u00fd magnet. Magnetar byl prvn\u00ed spole\u010dnost\u00ed, kter\u00e1 tento klasick\u00fd magnet p\u0159epracovala na <a href=\"https:\/\/magnetarmagnets.com\/double-sided-fishing-magnet\/\" target=\"_blank\" rel=\"noopener\">dvojstrann\u00fd ryb\u00e1\u0159sk\u00fd magnet<\/a>. V roce 2016 vyvinul Magnetar allround ryb\u00e1\u0159sk\u00fd magnet s 360\u00b0 magnetickou ta\u017enou silou. Magneti\u010dt\u00ed ryb\u00e1\u0159i po cel\u00e9 EU jsou od t\u00e9 doby p\u0159itahov\u00e1ni na\u0161imi 100% neodymov\u00fdmi magnety, co\u017e z n\u00e1s \u010din\u00ed dodavatele \u010d\u00edslo 1 v Evrop\u011b. Na\u0161e magnety jsou vyrobeny s nejvy\u0161\u0161\u00ed kvalitou, designem a p\u00e9\u010d\u00ed mal\u00fdm t\u00fdmem nad\u0161enc\u016f magnet fishing. Na\u0161i z\u00e1kazn\u00edci se vracej\u00ed, proto\u017ee v\u011bd\u00ed, \u017ee s Magnetar z\u00edskaj\u00ed v\u00edc ne\u017e jen magnet, z\u00edskaj\u00ed poklad.\n\n<h2><strong>Siln\u00e1 360\u00b0 ta\u017en\u00e1 s\u00edla<\/strong><\/h2>\n\n<span style=\"font-weight: 400;\">Hardcore magnet je jeden z nejsiln\u011bj\u0161\u00edch magnet\u016f, kter\u00e9 nab\u00edz\u00edme. Ta\u017en\u00e1 s\u00edla jednostrann\u00e9ho magnetu se ned\u00e1 srovn\u00e1vat s \u010dist\u00fdm neodymov\u00fdm 360\u00b0 magnetem jako je Hardcore magnet. Je to proto, \u017ee ocelov\u00e9 pouzdro jednostrann\u00e9ho magnetu ovliv\u0148uje ta\u017enou s\u00edlu a ta\u017en\u00e1 s\u00edla je zam\u011b\u0159ena jedn\u00edm sm\u011brem. To umo\u017e\u0148uje jednostrann\u00fdm magnet\u016fm dosahovat vysok\u00fdch ta\u017en\u00fdch sil na ploch\u00fdch kovov\u00fdch desk\u00e1ch na jedn\u00e9 stran\u011b, ale n\u00e1\u0161 exkluzivn\u00ed Allround 360\u00b0 magnet p\u0159itahuje objekty ze v\u0161ech stran, proto\u017ee magnety maj\u00ed magnetickou ta\u017enou s\u00edlu do cel\u00e9ho okol\u00ed. Zaj\u00edm\u00e1 v\u00e1s m\u011b\u0159en\u00ed na\u0161\u00ed ta\u017en\u00e9 s\u00edly? <\/span><a href=\"https:\/\/www.youtube.com\/watch?v=2McW3RURDxs\" target=\"_blank\" rel=\"noopener\"><span style=\"font-weight: 400;\">Pod\u00edvejte se na na\u0161e video o m\u011b\u0159en\u00ed ta\u017en\u00e9 s\u00edly<\/span><\/a><span style=\"font-weight: 400\">.<\/span>","protected":false},"excerpt":{"rendered":"<p><span style=\"font-weight: 400;\">Za\u010dn\u011bte kompletn\u011b s <strong>bal\u00ed\u010dkovou slevou<\/strong> a <strong>origin\u00e1ln\u00edm 360\u00b0 Hardcore ryb\u00e1\u0159sk\u00fdm magnetem<\/strong>.<\/span><\/p>\n","protected":false},"featured_media":80417,"comment_status":"open","ping_status":"closed","template":"","meta":{"_acf_changed":false,"inline_featured_image":false},"product_brand":[],"product_cat":[561,553,569,562,1001,568],"product_tag":[],"class_list":{"0":"post-83234","1":"product","2":"type-product","3":"status-publish","4":"has-post-thumbnail","6":"product_cat-allround-fishing-magnety-360","7":"product_cat-fishing-magnets-cs","8":"product_cat-pokrocili-dobrodruzi","9":"product_cat-sada-na-magnet-fishing","10":"product_cat-vsechny-produkty","11":"product_cat-zacatecnici-a-deti","13":"first","14":"instock","15":"sale","16":"taxable","17":"shipping-taxable","18":"purchasable","19":"product-type-simple"},"acf":[],"yoast_head":"<!-- This site is optimized with the Yoast SEO plugin v27.4 - https:\/\/yoast.com\/product\/yoast-seo-wordpress\/ -->\n<title>Pro bal\u00ed\u010dek - 600 kg - Hardcore - Allround 360\u00b0 - Magnet fishing with a Magnetar fishing magnet<\/title>\n<meta name=\"description\" content=\"Pro bal\u00ed\u010dek - 600 Kg Hardcore - Magnetar\" \/>\n<meta name=\"robots\" content=\"index, follow, max-snippet:-1, max-image-preview:large, max-video-preview:-1\" \/>\n<link rel=\"canonical\" href=\"https:\/\/magnetarmagnets.com\/cs\/shop\/pro-balicek-600-kg-hardcore-allround-360\/\" \/>\n<meta property=\"og:locale\" content=\"cs_CZ\" \/>\n<meta property=\"og:type\" content=\"article\" \/>\n<meta property=\"og:title\" content=\"Pro bal\u00ed\u010dek - 600 kg - Hardcore - Allround 360\u00b0 - Magnet fishing with a Magnetar fishing magnet\" \/>\n<meta property=\"og:description\" content=\"Pro bal\u00ed\u010dek - 600 Kg Hardcore - Magnetar\" \/>\n<meta property=\"og:url\" content=\"https:\/\/magnetarmagnets.com\/cs\/shop\/pro-balicek-600-kg-hardcore-allround-360\/\" \/>\n<meta property=\"og:site_name\" content=\"Magnet fishing with a Magnetar fishing magnet\" \/>\n<meta property=\"article:publisher\" content=\"https:\/\/www.facebook.com\/fishingmagnets\/\" \/>\n<meta property=\"article:modified_time\" content=\"2026-04-17T22:43:02+00:00\" \/>\n<meta property=\"og:image\" content=\"https:\/\/magnetarmagnets.com\/wp-content\/uploads\/2019\/11\/pro-pakket.jpg\" \/>\n\t<meta property=\"og:image:width\" content=\"1500\" \/>\n\t<meta property=\"og:image:height\" content=\"1500\" \/>\n\t<meta property=\"og:image:type\" content=\"image\/jpeg\" \/>\n<meta name=\"twitter:card\" content=\"summary_large_image\" \/>\n<meta name=\"twitter:label1\" content=\"Odhadovan\u00e1 doba \u010dten\u00ed\" \/>\n\t<meta name=\"twitter:data1\" content=\"5 minut\" \/>\n<script type=\"application\/ld+json\" class=\"yoast-schema-graph\">{\"@context\":\"https:\\\/\\\/schema.org\",\"@graph\":[{\"@type\":[\"WebPage\",\"ItemPage\"],\"@id\":\"https:\\\/\\\/magnetarmagnets.com\\\/cs\\\/shop\\\/pro-balicek-600-kg-hardcore-allround-360\\\/\",\"url\":\"https:\\\/\\\/magnetarmagnets.com\\\/cs\\\/shop\\\/pro-balicek-600-kg-hardcore-allround-360\\\/\",\"name\":\"Pro bal\u00ed\u010dek - 600 kg - Hardcore - Allround 360\u00b0 - Magnet fishing with a Magnetar fishing magnet\",\"isPartOf\":{\"@id\":\"https:\\\/\\\/magnetarmagnets.com\\\/cs\\\/#website\"},\"primaryImageOfPage\":{\"@id\":\"https:\\\/\\\/magnetarmagnets.com\\\/cs\\\/shop\\\/pro-balicek-600-kg-hardcore-allround-360\\\/#primaryimage\"},\"image\":{\"@id\":\"https:\\\/\\\/magnetarmagnets.com\\\/cs\\\/shop\\\/pro-balicek-600-kg-hardcore-allround-360\\\/#primaryimage\"},\"thumbnailUrl\":\"https:\\\/\\\/magnetarmagnets.com\\\/wp-content\\\/uploads\\\/2019\\\/11\\\/pro-pakket.jpg\",\"datePublished\":\"2025-06-05T07:54:38+00:00\",\"dateModified\":\"2026-04-17T22:43:02+00:00\",\"description\":\"Pro bal\u00ed\u010dek - 600 Kg Hardcore - Magnetar\",\"breadcrumb\":{\"@id\":\"https:\\\/\\\/magnetarmagnets.com\\\/cs\\\/shop\\\/pro-balicek-600-kg-hardcore-allround-360\\\/#breadcrumb\"},\"inLanguage\":\"cs\",\"potentialAction\":[{\"@type\":\"ReadAction\",\"target\":[\"https:\\\/\\\/magnetarmagnets.com\\\/cs\\\/shop\\\/pro-balicek-600-kg-hardcore-allround-360\\\/\"]}]},{\"@type\":\"ImageObject\",\"inLanguage\":\"cs\",\"@id\":\"https:\\\/\\\/magnetarmagnets.com\\\/cs\\\/shop\\\/pro-balicek-600-kg-hardcore-allround-360\\\/#primaryimage\",\"url\":\"https:\\\/\\\/magnetarmagnets.com\\\/wp-content\\\/uploads\\\/2019\\\/11\\\/pro-pakket.jpg\",\"contentUrl\":\"https:\\\/\\\/magnetarmagnets.com\\\/wp-content\\\/uploads\\\/2019\\\/11\\\/pro-pakket.jpg\",\"width\":1500,\"height\":1500,\"caption\":\"Pro Package for magnet fishing\"},{\"@type\":\"BreadcrumbList\",\"@id\":\"https:\\\/\\\/magnetarmagnets.com\\\/cs\\\/shop\\\/pro-balicek-600-kg-hardcore-allround-360\\\/#breadcrumb\",\"itemListElement\":[{\"@type\":\"ListItem\",\"position\":1,\"name\":\"Home\",\"item\":\"https:\\\/\\\/magnetarmagnets.com\\\/cs\\\/\"},{\"@type\":\"ListItem\",\"position\":2,\"name\":\"Obchod\",\"item\":\"https:\\\/\\\/magnetarmagnets.com\\\/cs\\\/obchod\\\/\"},{\"@type\":\"ListItem\",\"position\":3,\"name\":\"V\u0161echny produkty\",\"item\":\"https:\\\/\\\/magnetarmagnets.com\\\/cs\\\/collections\\\/vsechny-produkty\\\/\"},{\"@type\":\"ListItem\",\"position\":4,\"name\":\"Pro bal\u00ed\u010dek &#8211; 600 kg &#8211; Hardcore &#8211; Allround 360\u00b0\"}]},{\"@type\":\"WebSite\",\"@id\":\"https:\\\/\\\/magnetarmagnets.com\\\/cs\\\/#website\",\"url\":\"https:\\\/\\\/magnetarmagnets.com\\\/cs\\\/\",\"name\":\"Magnet fishing with a Magnetar fishing magnet\",\"description\":\"Siln\u00e9 magnety na magnet fishing\",\"publisher\":{\"@id\":\"https:\\\/\\\/magnetarmagnets.com\\\/cs\\\/#organization\"},\"potentialAction\":[{\"@type\":\"SearchAction\",\"target\":{\"@type\":\"EntryPoint\",\"urlTemplate\":\"https:\\\/\\\/magnetarmagnets.com\\\/cs\\\/?s={search_term_string}\"},\"query-input\":{\"@type\":\"PropertyValueSpecification\",\"valueRequired\":true,\"valueName\":\"search_term_string\"}}],\"inLanguage\":\"cs\"},{\"@type\":\"Organization\",\"@id\":\"https:\\\/\\\/magnetarmagnets.com\\\/cs\\\/#organization\",\"name\":\"Magnetar\",\"url\":\"https:\\\/\\\/magnetarmagnets.com\\\/cs\\\/\",\"logo\":{\"@type\":\"ImageObject\",\"inLanguage\":\"cs\",\"@id\":\"https:\\\/\\\/magnetarmagnets.com\\\/cs\\\/#\\\/schema\\\/logo\\\/image\\\/\",\"url\":\"https:\\\/\\\/magnetarmagnets.com\\\/wp-content\\\/uploads\\\/2025\\\/05\\\/Logo-03_PNG-Black-scaled.png\",\"contentUrl\":\"https:\\\/\\\/magnetarmagnets.com\\\/wp-content\\\/uploads\\\/2025\\\/05\\\/Logo-03_PNG-Black-scaled.png\",\"width\":2560,\"height\":1658,\"caption\":\"Magnetar\"},\"image\":{\"@id\":\"https:\\\/\\\/magnetarmagnets.com\\\/cs\\\/#\\\/schema\\\/logo\\\/image\\\/\"},\"sameAs\":[\"https:\\\/\\\/www.facebook.com\\\/fishingmagnets\\\/\",\"https:\\\/\\\/www.instagram.com\\\/magnetar_magnets\\\/\",\"https:\\\/\\\/www.linkedin.com\\\/company\\\/magnetarbv\\\/?originalSubdomain=nl\",\"https:\\\/\\\/www.youtube.com\\\/c\\\/MagnetarVismagneet\"]}]}<\/script>\n<!-- \/ Yoast SEO plugin. -->","yoast_head_json":{"title":"Pro bal\u00ed\u010dek - 600 kg - Hardcore - Allround 360\u00b0 - Magnet fishing with a Magnetar fishing magnet","description":"Pro bal\u00ed\u010dek - 600 Kg Hardcore - Magnetar","robots":{"index":"index","follow":"follow","max-snippet":"max-snippet:-1","max-image-preview":"max-image-preview:large","max-video-preview":"max-video-preview:-1"},"canonical":"https:\/\/magnetarmagnets.com\/cs\/shop\/pro-balicek-600-kg-hardcore-allround-360\/","og_locale":"cs_CZ","og_type":"article","og_title":"Pro bal\u00ed\u010dek - 600 kg - Hardcore - Allround 360\u00b0 - Magnet fishing with a Magnetar fishing magnet","og_description":"Pro bal\u00ed\u010dek - 600 Kg Hardcore - Magnetar","og_url":"https:\/\/magnetarmagnets.com\/cs\/shop\/pro-balicek-600-kg-hardcore-allround-360\/","og_site_name":"Magnet fishing with a Magnetar fishing magnet","article_publisher":"https:\/\/www.facebook.com\/fishingmagnets\/","article_modified_time":"2026-04-17T22:43:02+00:00","og_image":[{"width":1500,"height":1500,"url":"https:\/\/magnetarmagnets.com\/wp-content\/uploads\/2019\/11\/pro-pakket.jpg","type":"image\/jpeg"}],"twitter_card":"summary_large_image","twitter_misc":{"Odhadovan\u00e1 doba \u010dten\u00ed":"5 minut"},"schema":{"@context":"https:\/\/schema.org","@graph":[{"@type":["WebPage","ItemPage"],"@id":"https:\/\/magnetarmagnets.com\/cs\/shop\/pro-balicek-600-kg-hardcore-allround-360\/","url":"https:\/\/magnetarmagnets.com\/cs\/shop\/pro-balicek-600-kg-hardcore-allround-360\/","name":"Pro bal\u00ed\u010dek - 600 kg - Hardcore - Allround 360\u00b0 - Magnet fishing with a Magnetar fishing magnet","isPartOf":{"@id":"https:\/\/magnetarmagnets.com\/cs\/#website"},"primaryImageOfPage":{"@id":"https:\/\/magnetarmagnets.com\/cs\/shop\/pro-balicek-600-kg-hardcore-allround-360\/#primaryimage"},"image":{"@id":"https:\/\/magnetarmagnets.com\/cs\/shop\/pro-balicek-600-kg-hardcore-allround-360\/#primaryimage"},"thumbnailUrl":"https:\/\/magnetarmagnets.com\/wp-content\/uploads\/2019\/11\/pro-pakket.jpg","datePublished":"2025-06-05T07:54:38+00:00","dateModified":"2026-04-17T22:43:02+00:00","description":"Pro bal\u00ed\u010dek - 600 Kg Hardcore - Magnetar","breadcrumb":{"@id":"https:\/\/magnetarmagnets.com\/cs\/shop\/pro-balicek-600-kg-hardcore-allround-360\/#breadcrumb"},"inLanguage":"cs","potentialAction":[{"@type":"ReadAction","target":["https:\/\/magnetarmagnets.com\/cs\/shop\/pro-balicek-600-kg-hardcore-allround-360\/"]}]},{"@type":"ImageObject","inLanguage":"cs","@id":"https:\/\/magnetarmagnets.com\/cs\/shop\/pro-balicek-600-kg-hardcore-allround-360\/#primaryimage","url":"https:\/\/magnetarmagnets.com\/wp-content\/uploads\/2019\/11\/pro-pakket.jpg","contentUrl":"https:\/\/magnetarmagnets.com\/wp-content\/uploads\/2019\/11\/pro-pakket.jpg","width":1500,"height":1500,"caption":"Pro Package for magnet fishing"},{"@type":"BreadcrumbList","@id":"https:\/\/magnetarmagnets.com\/cs\/shop\/pro-balicek-600-kg-hardcore-allround-360\/#breadcrumb","itemListElement":[{"@type":"ListItem","position":1,"name":"Home","item":"https:\/\/magnetarmagnets.com\/cs\/"},{"@type":"ListItem","position":2,"name":"Obchod","item":"https:\/\/magnetarmagnets.com\/cs\/obchod\/"},{"@type":"ListItem","position":3,"name":"V\u0161echny produkty","item":"https:\/\/magnetarmagnets.com\/cs\/collections\/vsechny-produkty\/"},{"@type":"ListItem","position":4,"name":"Pro bal\u00ed\u010dek &#8211; 600 kg &#8211; Hardcore &#8211; Allround 360\u00b0"}]},{"@type":"WebSite","@id":"https:\/\/magnetarmagnets.com\/cs\/#website","url":"https:\/\/magnetarmagnets.com\/cs\/","name":"Magnet fishing with a Magnetar fishing magnet","description":"Siln\u00e9 magnety na magnet fishing","publisher":{"@id":"https:\/\/magnetarmagnets.com\/cs\/#organization"},"potentialAction":[{"@type":"SearchAction","target":{"@type":"EntryPoint","urlTemplate":"https:\/\/magnetarmagnets.com\/cs\/?s={search_term_string}"},"query-input":{"@type":"PropertyValueSpecification","valueRequired":true,"valueName":"search_term_string"}}],"inLanguage":"cs"},{"@type":"Organization","@id":"https:\/\/magnetarmagnets.com\/cs\/#organization","name":"Magnetar","url":"https:\/\/magnetarmagnets.com\/cs\/","logo":{"@type":"ImageObject","inLanguage":"cs","@id":"https:\/\/magnetarmagnets.com\/cs\/#\/schema\/logo\/image\/","url":"https:\/\/magnetarmagnets.com\/wp-content\/uploads\/2025\/05\/Logo-03_PNG-Black-scaled.png","contentUrl":"https:\/\/magnetarmagnets.com\/wp-content\/uploads\/2025\/05\/Logo-03_PNG-Black-scaled.png","width":2560,"height":1658,"caption":"Magnetar"},"image":{"@id":"https:\/\/magnetarmagnets.com\/cs\/#\/schema\/logo\/image\/"},"sameAs":["https:\/\/www.facebook.com\/fishingmagnets\/","https:\/\/www.instagram.com\/magnetar_magnets\/","https:\/\/www.linkedin.com\/company\/magnetarbv\/?originalSubdomain=nl","https:\/\/www.youtube.com\/c\/MagnetarVismagneet"]}]}},"_links":{"self":[{"href":"https:\/\/magnetarmagnets.com\/cs\/wp-json\/wp\/v2\/product\/83234","targetHints":{"allow":["GET"]}}],"collection":[{"href":"https:\/\/magnetarmagnets.com\/cs\/wp-json\/wp\/v2\/product"}],"about":[{"href":"https:\/\/magnetarmagnets.com\/cs\/wp-json\/wp\/v2\/types\/product"}],"replies":[{"embeddable":true,"href":"https:\/\/magnetarmagnets.com\/cs\/wp-json\/wp\/v2\/comments?post=83234"}],"version-history":[{"count":0,"href":"https:\/\/magnetarmagnets.com\/cs\/wp-json\/wp\/v2\/product\/83234\/revisions"}],"wp:featuredmedia":[{"embeddable":true,"href":"https:\/\/magnetarmagnets.com\/cs\/wp-json\/wp\/v2\/media\/80417"}],"wp:attachment":[{"href":"https:\/\/magnetarmagnets.com\/cs\/wp-json\/wp\/v2\/media?parent=83234"}],"wp:term":[{"taxonomy":"product_brand","embeddable":true,"href":"https:\/\/magnetarmagnets.com\/cs\/wp-json\/wp\/v2\/product_brand?post=83234"},{"taxonomy":"product_cat","embeddable":true,"href":"https:\/\/magnetarmagnets.com\/cs\/wp-json\/wp\/v2\/product_cat?post=83234"},{"taxonomy":"product_tag","embeddable":true,"href":"https:\/\/magnetarmagnets.com\/cs\/wp-json\/wp\/v2\/product_tag?post=83234"}],"curies":[{"name":"wp","href":"https:\/\/api.w.org\/{rel}","templated":true}]}}