{"id":83233,"date":"2025-06-05T09:54:38","date_gmt":"2025-06-05T07:54:38","guid":{"rendered":"https:\/\/magnetarmagnets.com\/?post_type=product&#038;p=83233"},"modified":"2026-04-22T06:18:40","modified_gmt":"2026-04-22T04:18:40","slug":"expert-balicek-1000-kg-terror-allround-360","status":"publish","type":"product","link":"https:\/\/magnetarmagnets.com\/cs\/shop\/expert-balicek-1000-kg-terror-allround-360\/","title":{"rendered":"Expert bal\u00ed\u010dek &#8211; 1000 kg &#8211; Terror &#8211; Allround 360\u00b0"},"content":{"rendered":"Jste pokro\u010dil\u00fd magnetick\u00fd ryb\u00e1\u0159? Nebo hled\u00e1te perfektn\u00ed vybaven\u00ed jako za\u010d\u00e1te\u010dn\u00edk? Expert bal\u00ed\u010dek je ta spr\u00e1vn\u00e1 volba. Tento bal\u00ed\u010dek obsahuje n\u00e1\u0161 Terror allround 360\u00b0 magnet. Sou\u010d\u00e1st\u00ed bal\u00ed\u010dku je tak\u00e9 siln\u00e9 lano o pr\u016fm\u011bru 8 mm s karabinou, p\u00e1r vod\u011bodoln\u00fdch rukavic, ochrann\u00fd kryt Terror, lepidlo a extra velk\u00fd h\u00e1k z nerezov\u00e9 oceli. Chcete skute\u010dnou s\u00edlu? S t\u00edmto bal\u00ed\u010dkem jste pln\u011b vybaveni pro magnet fishing! Chcete se posunout d\u00e1l? Pod\u00edvejte se na n\u00e1\u0161 <a href=\"https:\/\/magnetarmagnets.com\/shop\/legend-package\/\" target=\"_blank\" rel=\"noopener\">Legend Package!<\/a>\r\n<h2><b>Neodymov\u00fd ryb\u00e1\u0159sk\u00fd magnet Terror<\/b><\/h2>\r\nVyvinuli jsme magnet Terror po \u00fasp\u011bchu na\u0161eho magnetu Hardcore. Terror magnet nab\u00edz\u00ed je\u0161t\u011b v\u00edce mo\u017enost\u00ed chyt\u00e1n\u00ed ne\u017e n\u00e1\u0161 Hardcore magnet s extr\u00e9mn\u011b dalekonosnou magnetickou silou a\u017e do 1000 kg. To v\u00fdrazn\u011b zvy\u0161uje \u0161anci na uloven\u00ed v\u011bt\u0161\u00edch a hodnotn\u011bj\u0161\u00edch poklad\u016f. Magnet je tak\u00e9 t\u011b\u017e\u0161\u00ed, co\u017e umo\u017e\u0148uje, aby se potopil hloub\u011bji do bahna a dos\u00e1hl na skryt\u00e9, potopen\u00e9 p\u0159edm\u011bty. Stejn\u011b jako v\u0161echny na\u0161e magnety je Terror 100% neodymov\u00fd magnet fishing magnet s silnou p\u0159ita\u017elivou silou na v\u0161ech stran\u00e1ch magnetu.\r\n<h2><b>Jste p\u0159ipraveni na Terror?<\/b><\/h2>\r\nN\u00e1zev magnetu mluv\u00ed za v\u0161e, tento magnet je velmi siln\u00fd! Terror magnet fishing magnet p\u0159ichyt\u00ed v\u0161echny p\u0159edm\u011bty ze v\u0161ech stran, p\u0159es bahno a snadno se nezachyt\u00ed o kameny. Je dost t\u011b\u017ek\u00fd, aby se potopil do bahna nebo kalu, ale z\u00e1rove\u0148 dost lehk\u00fd, abyste ho mohli h\u00e1zet do vody, a m\u016f\u017eete s n\u00edm h\u00e1zet hodiny bez probl\u00e9m\u016f. Ve st\u0159edn\u00ed v\u00e1hov\u00e9 kategorii je h\u00e1zec\u00ed a dok\u00e1\u017ee dos\u00e1hnout na dno bahnit\u00fdch kan\u00e1l\u016f a \u0159ek i p\u0159es proud vody.\r\n\r\nTerror je ur\u010den pro ryb\u00e1\u0159e, kte\u0159\u00ed maj\u00ed zku\u0161enosti a cht\u011bj\u00ed z magnetu z\u00edskat zisk. Je perfektn\u00ed pro vyta\u017een\u00ed lehk\u00fdch i t\u011b\u017ek\u00fdch poklad\u016f, jako jsou trezory, v\u011bt\u0161\u00ed zbran\u011b, autod\u00edly, sk\u00fatry, elektrokola.\r\n<h2><b>Evoluce magnetu<\/b><\/h2>\r\nMnoho <a href=\"https:\/\/magnetarmagnets.com\/\" target=\"_blank\" rel=\"noopener\">fishing magnet\u016f<\/a> m\u00e1 p\u0159ita\u017elivou s\u00edlu pouze na jedn\u00e9 stran\u011b magnetu. Tento jednostrann\u00fd magnet je klasick\u00fd fishing magnet. Magnetar byl prvn\u00ed spole\u010dnost\u00ed, kter\u00e1 tento klasick\u00fd magnet p\u0159epracovala na oboustrann\u00fd magnet. V roce 2016 pak Magnetar vyvinul allround fishing magnet s 360\u00b0 magnetickou p\u0159ita\u017elivost\u00ed. Magnet fishing nad\u0161enci po cel\u00e9 EU jsou od t\u00e9 doby p\u0159itahov\u00e1ni na\u0161imi 100% neodymov\u00fdmi magnety, d\u00edky \u010demu\u017e jsme nejv\u011bt\u0161\u00edm dodavatelem v Evrop\u011b. Na\u0161e magnety jsou vyrobeny z nejvy\u0161\u0161\u00ed kvality, designu a p\u00e9\u010de mal\u00fdm t\u00fdmem nad\u0161enc\u016f magnet fishingu. Na\u0161i z\u00e1kazn\u00edci se k n\u00e1m st\u00e1le vracej\u00ed, proto\u017ee v\u011bd\u00ed, \u017ee s Magnetarem dostanou v\u00edc ne\u017e jen magnet, chyt\u00ed poklady.\r\n<h2><b>Siln\u00e1 360\u00b0 p\u0159ita\u017eliv\u00e1 s\u00edla<\/b><\/h2>\r\nMagnet Terror je jeden z nejsiln\u011bj\u0161\u00edch magnet\u016f, kter\u00e9 nab\u00edz\u00edme, s p\u0159ita\u017elivou silou a\u017e 1000 kg. S\u00edla p\u0159ita\u017elivosti Terroru je siln\u00e1 a dok\u00e1\u017ee p\u0159itahovat p\u0159edm\u011bty ze v\u0161ech stran, na rozd\u00edl od jednostrann\u00e9ho magnetu v ocelov\u00e9m krytu, kter\u00fd zam\u011b\u0159uje s\u00edlu v jednom sm\u011bru. Zaj\u00edm\u00e1 v\u00e1s, jak m\u011b\u0159\u00edme s\u00edlu p\u0159ita\u017elivosti? <a href=\"https:\/\/www.youtube.com\/watch?v=2McW3RURDxs\" target=\"_blank\" rel=\"noopener\">Pod\u00edvejte se na na\u0161e video o m\u011b\u0159en\u00ed s\u00edly p\u0159ita\u017elivosti<\/a>.\r\n<h2><b>Vysok\u00e1 kvalita<\/b><\/h2>\r\nNa\u0161e fishing magnety jsou vyrobeny ze 100% neodymu. Magnetar magnety si uchov\u00e1vaj\u00ed svou magnetickou s\u00edlu po desetilet\u00ed, p\u0159i\u010dem\u017e ztr\u00e1cej\u00ed pouze 1 % za 100 let (p\u0159i spr\u00e1vn\u00e9m skladov\u00e1n\u00ed, p\u00e9\u010di a ochran\u011b).\r\n\r\nV\u011bt\u0161ina ostatn\u00edch dodavatel\u016f magnet\u016f ji\u017e po n\u011bkolika t\u00fddnech vykazuje pokles s\u00edly. V posledn\u00edch letech jsme zaznamenali st\u00e1le v\u00edce nekvalitn\u00edch magnet\u016f na trhu: v\u011bt\u0161\u00ed magnety s ni\u017e\u0161\u00ed p\u0159ita\u017elivou silou, nekvalitn\u00ed neodym, fale\u0161n\u00e1 reklama. Kdy\u017e si koup\u00edte jeden z t\u011bchto magnet\u016f za ni\u017e\u0161\u00ed cenu nebo od velk\u00e9 korporace, nakonec budete zklam\u00e1ni, i kdy\u017e jste u\u0161et\u0159ili trochu pen\u011bz.\r\n\r\nMagnetar je mal\u00e1 rodinn\u00e1 firma, kter\u00e1 d\u00e1v\u00e1 kvalitu na prvn\u00ed m\u00edsto ve v\u0161em, co d\u011bl\u00e1me. Jsme nad\u0161enci magnet fishingu a v\u0161echny na\u0161e magnety jsou navr\u017eeny, designov\u00e1ny a vyrobeny na\u0161\u00edm t\u00fdmem, abyste dostali co nejv\u00edce za sv\u00e9 pen\u00edze (nebo poklady z va\u0161eho magnetu!). Pokud chcete spolehliv\u00fd, efektivn\u00ed a siln\u00fd fishing magnet, jste na spr\u00e1vn\u00e9m m\u00edst\u011b. N\u00e1\u0161 t\u00fdm se r\u00e1d ozve, <a href=\"mailto:info@magnetarmagnets.com\">kontaktujte n\u00e1s zde<\/a>.\r\n<h2><b>Ochrann\u00fd kryt<\/b><\/h2>\r\nOchrann\u00fd kryt, kter\u00fd je sou\u010d\u00e1st\u00ed tohoto bal\u00ed\u010dku, je perfektn\u00ed dopln\u011bk pro magnet fishing ryb\u00e1\u0159e, kte\u0159\u00ed cht\u011bj\u00ed chr\u00e1nit sv\u00e9 neodymov\u00e9 magnety b\u011bhem pou\u017e\u00edv\u00e1n\u00ed. Tyto odoln\u00e9 kryty jsou speci\u00e1ln\u011b navr\u017eeny tak, aby perfektn\u011b sed\u011bly na magnet a poskytovaly dal\u0161\u00ed vrstvu ochrany proti po\u0161kr\u00e1b\u00e1n\u00ed, prasknut\u00ed a jin\u00fdm druh\u016fm po\u0161kozen\u00ed. Na\u0161e ochrann\u00e9 kryty jsou vyrobeny tak, aby vydr\u017eely a zvl\u00e1dly i ty nejt\u011b\u017e\u0161\u00ed podm\u00ednky. Ochrann\u00fd kryt je z nerezov\u00e9 oceli. To zaji\u0161\u0165uje, \u017ee v\u00e1\u0161 magnet z\u016fstane magnetick\u00fd 360\u00b0. S na\u0161imi ochrann\u00fdmi kryty si m\u016f\u017eete u\u017e\u00edt magnet fishing bez obav o po\u0161kozen\u00ed va\u0161eho cenn\u00e9ho fishing magnetu.\r\n\r\n(Pozn\u00e1mka: spodn\u00ed \u010d\u00e1st magnetu nen\u00ed krytem chr\u00e1n\u011bna)\r\n<h2><b>Pou\u017e\u00edvejte opatrn\u011b<\/b><\/h2>\r\nNa\u0161e neodymov\u00e9 magnety jsou velmi siln\u00e9 a mohou se rychle p\u0159itahovat k \u017eelezn\u00fdm p\u0159edm\u011bt\u016fm, pokud jsou v bl\u00edzkosti. U siln\u011bj\u0161\u00edch magnet\u016f, jako je 360\u00b0 allround, je mo\u017en\u00e9, \u017ee si prsty m\u016f\u017eete mezi magnetem a jin\u00fdmi p\u0159edm\u011bty zachytit. Manipulujte s magnety opatrn\u011b a pou\u017e\u00edvejte na vlastn\u00ed riziko. V\u017edy si p\u0159ed pou\u017eit\u00edm p\u0159e\u010dt\u011bte na\u0161e bezpe\u010dnostn\u00ed upozorn\u011bn\u00ed.\r\n\r\n* D\u011bti mus\u00ed magnet pou\u017e\u00edvat pod dohledem rodi\u010d\u016f.\r\n\r\nNezapome\u0148te se pod\u00edvat na na\u0161e <a href=\"https:\/\/magnetarmagnets.com\/magnet-fishing-kit\/\" target=\"_blank\" rel=\"noopener\">magnet fishing sady<\/a> a <a href=\"https:\/\/magnetarmagnets.com\/accessories\/\" target=\"_blank\" rel=\"noopener\">magnet fishing vybaven\u00ed<\/a>.","protected":false},"excerpt":{"rendered":"<p><span style=\"font-weight: 400;\">Bu\u010fte kompletn\u011b vybaveni s 360\u00b0 magnetem Terror a p\u0159\u00edslu\u0161enstv\u00edm. <strong>Ov\u011b\u0159en\u00e9 v\u00fdsledky<\/strong>!<\/span><\/p>\n","protected":false},"featured_media":78885,"comment_status":"open","ping_status":"closed","template":"","meta":{"_acf_changed":false,"inline_featured_image":false},"product_brand":[],"product_cat":[561,553,569,570,562,1001],"product_tag":[],"class_list":{"0":"post-83233","1":"product","2":"type-product","3":"status-publish","4":"has-post-thumbnail","6":"product_cat-allround-fishing-magnety-360","7":"product_cat-fishing-magnets-cs","8":"product_cat-pokrocili-dobrodruzi","9":"product_cat-profesionalove","10":"product_cat-sada-na-magnet-fishing","11":"product_cat-vsechny-produkty","13":"first","14":"instock","15":"sale","16":"taxable","17":"shipping-taxable","18":"purchasable","19":"product-type-simple"},"acf":[],"yoast_head":"<!-- This site is optimized with the Yoast SEO plugin v27.4 - https:\/\/yoast.com\/product\/yoast-seo-wordpress\/ -->\n<title>Expert bal\u00ed\u010dek - 1000 kg - Terror - Allround 360\u00b0 - Magnet fishing with a Magnetar fishing magnet<\/title>\n<meta name=\"description\" content=\"Expert bal\u00ed\u010dek - 1000 Kg Terror - Magnetar\" \/>\n<meta name=\"robots\" content=\"index, follow, max-snippet:-1, max-image-preview:large, max-video-preview:-1\" \/>\n<link rel=\"canonical\" href=\"https:\/\/magnetarmagnets.com\/cs\/shop\/expert-balicek-1000-kg-terror-allround-360\/\" \/>\n<meta property=\"og:locale\" content=\"cs_CZ\" \/>\n<meta property=\"og:type\" content=\"article\" \/>\n<meta property=\"og:title\" content=\"Expert bal\u00ed\u010dek - 1000 kg - Terror - Allround 360\u00b0 - Magnet fishing with a Magnetar fishing magnet\" \/>\n<meta property=\"og:description\" content=\"Expert bal\u00ed\u010dek - 1000 Kg Terror - Magnetar\" \/>\n<meta property=\"og:url\" content=\"https:\/\/magnetarmagnets.com\/cs\/shop\/expert-balicek-1000-kg-terror-allround-360\/\" \/>\n<meta property=\"og:site_name\" content=\"Magnet fishing with a Magnetar fishing magnet\" \/>\n<meta property=\"article:publisher\" content=\"https:\/\/www.facebook.com\/fishingmagnets\/\" \/>\n<meta property=\"article:modified_time\" content=\"2026-04-22T04:18:40+00:00\" \/>\n<meta property=\"og:image\" content=\"https:\/\/magnetarmagnets.com\/wp-content\/uploads\/2021\/10\/MAGNETAR-EXPERT-KIT-GOOGLE.jpg\" \/>\n\t<meta property=\"og:image:width\" content=\"1500\" \/>\n\t<meta property=\"og:image:height\" content=\"1500\" \/>\n\t<meta property=\"og:image:type\" content=\"image\/jpeg\" \/>\n<meta name=\"twitter:card\" content=\"summary_large_image\" \/>\n<meta name=\"twitter:label1\" content=\"Odhadovan\u00e1 doba \u010dten\u00ed\" \/>\n\t<meta name=\"twitter:data1\" content=\"5 minut\" \/>\n<script type=\"application\/ld+json\" class=\"yoast-schema-graph\">{\"@context\":\"https:\\\/\\\/schema.org\",\"@graph\":[{\"@type\":[\"WebPage\",\"ItemPage\"],\"@id\":\"https:\\\/\\\/magnetarmagnets.com\\\/cs\\\/shop\\\/expert-balicek-1000-kg-terror-allround-360\\\/\",\"url\":\"https:\\\/\\\/magnetarmagnets.com\\\/cs\\\/shop\\\/expert-balicek-1000-kg-terror-allround-360\\\/\",\"name\":\"Expert bal\u00ed\u010dek - 1000 kg - Terror - Allround 360\u00b0 - Magnet fishing with a Magnetar fishing magnet\",\"isPartOf\":{\"@id\":\"https:\\\/\\\/magnetarmagnets.com\\\/cs\\\/#website\"},\"primaryImageOfPage\":{\"@id\":\"https:\\\/\\\/magnetarmagnets.com\\\/cs\\\/shop\\\/expert-balicek-1000-kg-terror-allround-360\\\/#primaryimage\"},\"image\":{\"@id\":\"https:\\\/\\\/magnetarmagnets.com\\\/cs\\\/shop\\\/expert-balicek-1000-kg-terror-allround-360\\\/#primaryimage\"},\"thumbnailUrl\":\"https:\\\/\\\/magnetarmagnets.com\\\/wp-content\\\/uploads\\\/2021\\\/10\\\/MAGNETAR-EXPERT-KIT-GOOGLE.jpg\",\"datePublished\":\"2025-06-05T07:54:38+00:00\",\"dateModified\":\"2026-04-22T04:18:40+00:00\",\"description\":\"Expert bal\u00ed\u010dek - 1000 Kg Terror - Magnetar\",\"breadcrumb\":{\"@id\":\"https:\\\/\\\/magnetarmagnets.com\\\/cs\\\/shop\\\/expert-balicek-1000-kg-terror-allround-360\\\/#breadcrumb\"},\"inLanguage\":\"cs\",\"potentialAction\":[{\"@type\":\"ReadAction\",\"target\":[\"https:\\\/\\\/magnetarmagnets.com\\\/cs\\\/shop\\\/expert-balicek-1000-kg-terror-allround-360\\\/\"]}]},{\"@type\":\"ImageObject\",\"inLanguage\":\"cs\",\"@id\":\"https:\\\/\\\/magnetarmagnets.com\\\/cs\\\/shop\\\/expert-balicek-1000-kg-terror-allround-360\\\/#primaryimage\",\"url\":\"https:\\\/\\\/magnetarmagnets.com\\\/wp-content\\\/uploads\\\/2021\\\/10\\\/MAGNETAR-EXPERT-KIT-GOOGLE.jpg\",\"contentUrl\":\"https:\\\/\\\/magnetarmagnets.com\\\/wp-content\\\/uploads\\\/2021\\\/10\\\/MAGNETAR-EXPERT-KIT-GOOGLE.jpg\",\"width\":1500,\"height\":1500,\"caption\":\"MAGNETAR-EXPERT-KIT\"},{\"@type\":\"BreadcrumbList\",\"@id\":\"https:\\\/\\\/magnetarmagnets.com\\\/cs\\\/shop\\\/expert-balicek-1000-kg-terror-allround-360\\\/#breadcrumb\",\"itemListElement\":[{\"@type\":\"ListItem\",\"position\":1,\"name\":\"Home\",\"item\":\"https:\\\/\\\/magnetarmagnets.com\\\/cs\\\/\"},{\"@type\":\"ListItem\",\"position\":2,\"name\":\"Obchod\",\"item\":\"https:\\\/\\\/magnetarmagnets.com\\\/cs\\\/obchod\\\/\"},{\"@type\":\"ListItem\",\"position\":3,\"name\":\"Fishing magnety\",\"item\":\"https:\\\/\\\/magnetarmagnets.com\\\/cs\\\/collections\\\/fishing-magnets-cs\\\/\"},{\"@type\":\"ListItem\",\"position\":4,\"name\":\"Allround fishing magnety 360\u00b0\",\"item\":\"https:\\\/\\\/magnetarmagnets.com\\\/cs\\\/collections\\\/fishing-magnets-cs\\\/allround-fishing-magnety-360\\\/\"},{\"@type\":\"ListItem\",\"position\":5,\"name\":\"Expert bal\u00ed\u010dek &#8211; 1000 kg &#8211; Terror &#8211; Allround 360\u00b0\"}]},{\"@type\":\"WebSite\",\"@id\":\"https:\\\/\\\/magnetarmagnets.com\\\/cs\\\/#website\",\"url\":\"https:\\\/\\\/magnetarmagnets.com\\\/cs\\\/\",\"name\":\"Magnet fishing with a Magnetar fishing magnet\",\"description\":\"Siln\u00e9 magnety na magnet fishing\",\"publisher\":{\"@id\":\"https:\\\/\\\/magnetarmagnets.com\\\/cs\\\/#organization\"},\"potentialAction\":[{\"@type\":\"SearchAction\",\"target\":{\"@type\":\"EntryPoint\",\"urlTemplate\":\"https:\\\/\\\/magnetarmagnets.com\\\/cs\\\/?s={search_term_string}\"},\"query-input\":{\"@type\":\"PropertyValueSpecification\",\"valueRequired\":true,\"valueName\":\"search_term_string\"}}],\"inLanguage\":\"cs\"},{\"@type\":\"Organization\",\"@id\":\"https:\\\/\\\/magnetarmagnets.com\\\/cs\\\/#organization\",\"name\":\"Magnetar\",\"url\":\"https:\\\/\\\/magnetarmagnets.com\\\/cs\\\/\",\"logo\":{\"@type\":\"ImageObject\",\"inLanguage\":\"cs\",\"@id\":\"https:\\\/\\\/magnetarmagnets.com\\\/cs\\\/#\\\/schema\\\/logo\\\/image\\\/\",\"url\":\"https:\\\/\\\/magnetarmagnets.com\\\/wp-content\\\/uploads\\\/2025\\\/05\\\/Logo-03_PNG-Black-scaled.png\",\"contentUrl\":\"https:\\\/\\\/magnetarmagnets.com\\\/wp-content\\\/uploads\\\/2025\\\/05\\\/Logo-03_PNG-Black-scaled.png\",\"width\":2560,\"height\":1658,\"caption\":\"Magnetar\"},\"image\":{\"@id\":\"https:\\\/\\\/magnetarmagnets.com\\\/cs\\\/#\\\/schema\\\/logo\\\/image\\\/\"},\"sameAs\":[\"https:\\\/\\\/www.facebook.com\\\/fishingmagnets\\\/\",\"https:\\\/\\\/www.instagram.com\\\/magnetar_magnets\\\/\",\"https:\\\/\\\/www.linkedin.com\\\/company\\\/magnetarbv\\\/?originalSubdomain=nl\",\"https:\\\/\\\/www.youtube.com\\\/c\\\/MagnetarVismagneet\"]}]}<\/script>\n<!-- \/ Yoast SEO plugin. -->","yoast_head_json":{"title":"Expert bal\u00ed\u010dek - 1000 kg - Terror - Allround 360\u00b0 - Magnet fishing with a Magnetar fishing magnet","description":"Expert bal\u00ed\u010dek - 1000 Kg Terror - Magnetar","robots":{"index":"index","follow":"follow","max-snippet":"max-snippet:-1","max-image-preview":"max-image-preview:large","max-video-preview":"max-video-preview:-1"},"canonical":"https:\/\/magnetarmagnets.com\/cs\/shop\/expert-balicek-1000-kg-terror-allround-360\/","og_locale":"cs_CZ","og_type":"article","og_title":"Expert bal\u00ed\u010dek - 1000 kg - Terror - Allround 360\u00b0 - Magnet fishing with a Magnetar fishing magnet","og_description":"Expert bal\u00ed\u010dek - 1000 Kg Terror - Magnetar","og_url":"https:\/\/magnetarmagnets.com\/cs\/shop\/expert-balicek-1000-kg-terror-allround-360\/","og_site_name":"Magnet fishing with a Magnetar fishing magnet","article_publisher":"https:\/\/www.facebook.com\/fishingmagnets\/","article_modified_time":"2026-04-22T04:18:40+00:00","og_image":[{"width":1500,"height":1500,"url":"https:\/\/magnetarmagnets.com\/wp-content\/uploads\/2021\/10\/MAGNETAR-EXPERT-KIT-GOOGLE.jpg","type":"image\/jpeg"}],"twitter_card":"summary_large_image","twitter_misc":{"Odhadovan\u00e1 doba \u010dten\u00ed":"5 minut"},"schema":{"@context":"https:\/\/schema.org","@graph":[{"@type":["WebPage","ItemPage"],"@id":"https:\/\/magnetarmagnets.com\/cs\/shop\/expert-balicek-1000-kg-terror-allround-360\/","url":"https:\/\/magnetarmagnets.com\/cs\/shop\/expert-balicek-1000-kg-terror-allround-360\/","name":"Expert bal\u00ed\u010dek - 1000 kg - Terror - Allround 360\u00b0 - Magnet fishing with a Magnetar fishing magnet","isPartOf":{"@id":"https:\/\/magnetarmagnets.com\/cs\/#website"},"primaryImageOfPage":{"@id":"https:\/\/magnetarmagnets.com\/cs\/shop\/expert-balicek-1000-kg-terror-allround-360\/#primaryimage"},"image":{"@id":"https:\/\/magnetarmagnets.com\/cs\/shop\/expert-balicek-1000-kg-terror-allround-360\/#primaryimage"},"thumbnailUrl":"https:\/\/magnetarmagnets.com\/wp-content\/uploads\/2021\/10\/MAGNETAR-EXPERT-KIT-GOOGLE.jpg","datePublished":"2025-06-05T07:54:38+00:00","dateModified":"2026-04-22T04:18:40+00:00","description":"Expert bal\u00ed\u010dek - 1000 Kg Terror - Magnetar","breadcrumb":{"@id":"https:\/\/magnetarmagnets.com\/cs\/shop\/expert-balicek-1000-kg-terror-allround-360\/#breadcrumb"},"inLanguage":"cs","potentialAction":[{"@type":"ReadAction","target":["https:\/\/magnetarmagnets.com\/cs\/shop\/expert-balicek-1000-kg-terror-allround-360\/"]}]},{"@type":"ImageObject","inLanguage":"cs","@id":"https:\/\/magnetarmagnets.com\/cs\/shop\/expert-balicek-1000-kg-terror-allround-360\/#primaryimage","url":"https:\/\/magnetarmagnets.com\/wp-content\/uploads\/2021\/10\/MAGNETAR-EXPERT-KIT-GOOGLE.jpg","contentUrl":"https:\/\/magnetarmagnets.com\/wp-content\/uploads\/2021\/10\/MAGNETAR-EXPERT-KIT-GOOGLE.jpg","width":1500,"height":1500,"caption":"MAGNETAR-EXPERT-KIT"},{"@type":"BreadcrumbList","@id":"https:\/\/magnetarmagnets.com\/cs\/shop\/expert-balicek-1000-kg-terror-allround-360\/#breadcrumb","itemListElement":[{"@type":"ListItem","position":1,"name":"Home","item":"https:\/\/magnetarmagnets.com\/cs\/"},{"@type":"ListItem","position":2,"name":"Obchod","item":"https:\/\/magnetarmagnets.com\/cs\/obchod\/"},{"@type":"ListItem","position":3,"name":"Fishing magnety","item":"https:\/\/magnetarmagnets.com\/cs\/collections\/fishing-magnets-cs\/"},{"@type":"ListItem","position":4,"name":"Allround fishing magnety 360\u00b0","item":"https:\/\/magnetarmagnets.com\/cs\/collections\/fishing-magnets-cs\/allround-fishing-magnety-360\/"},{"@type":"ListItem","position":5,"name":"Expert bal\u00ed\u010dek &#8211; 1000 kg &#8211; Terror &#8211; Allround 360\u00b0"}]},{"@type":"WebSite","@id":"https:\/\/magnetarmagnets.com\/cs\/#website","url":"https:\/\/magnetarmagnets.com\/cs\/","name":"Magnet fishing with a Magnetar fishing magnet","description":"Siln\u00e9 magnety na magnet fishing","publisher":{"@id":"https:\/\/magnetarmagnets.com\/cs\/#organization"},"potentialAction":[{"@type":"SearchAction","target":{"@type":"EntryPoint","urlTemplate":"https:\/\/magnetarmagnets.com\/cs\/?s={search_term_string}"},"query-input":{"@type":"PropertyValueSpecification","valueRequired":true,"valueName":"search_term_string"}}],"inLanguage":"cs"},{"@type":"Organization","@id":"https:\/\/magnetarmagnets.com\/cs\/#organization","name":"Magnetar","url":"https:\/\/magnetarmagnets.com\/cs\/","logo":{"@type":"ImageObject","inLanguage":"cs","@id":"https:\/\/magnetarmagnets.com\/cs\/#\/schema\/logo\/image\/","url":"https:\/\/magnetarmagnets.com\/wp-content\/uploads\/2025\/05\/Logo-03_PNG-Black-scaled.png","contentUrl":"https:\/\/magnetarmagnets.com\/wp-content\/uploads\/2025\/05\/Logo-03_PNG-Black-scaled.png","width":2560,"height":1658,"caption":"Magnetar"},"image":{"@id":"https:\/\/magnetarmagnets.com\/cs\/#\/schema\/logo\/image\/"},"sameAs":["https:\/\/www.facebook.com\/fishingmagnets\/","https:\/\/www.instagram.com\/magnetar_magnets\/","https:\/\/www.linkedin.com\/company\/magnetarbv\/?originalSubdomain=nl","https:\/\/www.youtube.com\/c\/MagnetarVismagneet"]}]}},"_links":{"self":[{"href":"https:\/\/magnetarmagnets.com\/cs\/wp-json\/wp\/v2\/product\/83233","targetHints":{"allow":["GET"]}}],"collection":[{"href":"https:\/\/magnetarmagnets.com\/cs\/wp-json\/wp\/v2\/product"}],"about":[{"href":"https:\/\/magnetarmagnets.com\/cs\/wp-json\/wp\/v2\/types\/product"}],"replies":[{"embeddable":true,"href":"https:\/\/magnetarmagnets.com\/cs\/wp-json\/wp\/v2\/comments?post=83233"}],"version-history":[{"count":1,"href":"https:\/\/magnetarmagnets.com\/cs\/wp-json\/wp\/v2\/product\/83233\/revisions"}],"predecessor-version":[{"id":95301,"href":"https:\/\/magnetarmagnets.com\/cs\/wp-json\/wp\/v2\/product\/83233\/revisions\/95301"}],"wp:featuredmedia":[{"embeddable":true,"href":"https:\/\/magnetarmagnets.com\/cs\/wp-json\/wp\/v2\/media\/78885"}],"wp:attachment":[{"href":"https:\/\/magnetarmagnets.com\/cs\/wp-json\/wp\/v2\/media?parent=83233"}],"wp:term":[{"taxonomy":"product_brand","embeddable":true,"href":"https:\/\/magnetarmagnets.com\/cs\/wp-json\/wp\/v2\/product_brand?post=83233"},{"taxonomy":"product_cat","embeddable":true,"href":"https:\/\/magnetarmagnets.com\/cs\/wp-json\/wp\/v2\/product_cat?post=83233"},{"taxonomy":"product_tag","embeddable":true,"href":"https:\/\/magnetarmagnets.com\/cs\/wp-json\/wp\/v2\/product_tag?post=83233"}],"curies":[{"name":"wp","href":"https:\/\/api.w.org\/{rel}","templated":true}]}}