{"id":83231,"date":"2025-06-05T09:54:39","date_gmt":"2025-06-05T07:54:39","guid":{"rendered":"https:\/\/magnetarmagnets.com\/?post_type=product&#038;p=83231"},"modified":"2026-04-03T10:14:13","modified_gmt":"2026-04-03T08:14:13","slug":"terror-magnet-1000-kg-allround-360-neodymovy-magnet","status":"publish","type":"product","link":"https:\/\/magnetarmagnets.com\/cs\/shop\/terror-magnet-1000-kg-allround-360-neodymovy-magnet\/","title":{"rendered":"Terror Magnet\u00ae &#8211; 1000 kg Allround 360\u00b0 neodymov\u00fd magnet"},"content":{"rendered":"<span style=\"font-weight: 400;\">* Chra\u0148te magnet pomoc\u00ed <a href=\"https:\/\/magnetarmagnets.com\/shop\/protection-cover-terror\/\" target=\"_blank\" rel=\"noopener\"><b>ochrann\u00e9ho krytu<\/b><\/a> b\u011bhem ryba\u0159en\u00ed. Bez ochrann\u00e9ho krytu m\u016f\u017ee doj\u00edt k po\u0161kozen\u00ed magnetu p\u0159i n\u00e1razu na tvrd\u00e9 p\u0159edm\u011bty. Ochrann\u00fd kryt nen\u00ed sou\u010d\u00e1st\u00ed balen\u00ed magnetu.<\/span>\r\n<h2><b>Terror neodymov\u00fd magnet pro magnetov\u00e9 ryba\u0159en\u00ed<\/b><\/h2>\r\n<span style=\"font-weight: 400;\">Terror magnet jsme vyvinuli po \u00fasp\u011bchu na\u0161eho Hardcore magnetu pro magnetov\u00e9 ryba\u0159en\u00ed. Terror magnet nab\u00edz\u00ed je\u0161t\u011b v\u00edce mo\u017enost\u00ed lovu ne\u017e n\u00e1\u0161 Hardcore magnet d\u00edky extr\u00e9mn\u011b dalekodosahov\u00e9 magnetick\u00e9 s\u00edle a\u017e 1000 kg (2200 lbs). To v\u00fdrazn\u011b zvy\u0161uje \u0161anci na zachycen\u00ed v\u011bt\u0161\u00edch a hodnotn\u011bj\u0161\u00edch poklad\u016f. Magnet je nav\u00edc t\u011b\u017e\u0161\u00ed, co\u017e umo\u017e\u0148uje, aby klesl hloub\u011bji do bahna a dos\u00e1hl skryt\u00fdch, potopen\u00fdch p\u0159edm\u011bt\u016f. Stejn\u011b jako v\u0161echny na\u0161e magnety je i Terror 100% neodymov\u00fd magnet s ta\u017enou silou na v\u0161ech stran\u00e1ch.<\/span>\r\n\r\n<span style=\"font-weight: 400;\">\u200b\u200b<\/span><b>Jste odborn\u00fd magnetick\u00fd ryb\u00e1\u0159? <\/b><span style=\"font-weight: 400;\">Nebo se chcete st\u00e1t expertem? N\u00e1\u0161 <\/span><a href=\"https:\/\/magnetarmagnets.com\/shop\/expert-package\/\" target=\"_blank\" rel=\"noopener\"><span style=\"font-weight: 400;\">Expert Package<\/span><\/a><span style=\"font-weight: 400;\"> je tou spr\u00e1vnou volbou a obsahuje v\u0161e, co pot\u0159ebujete pro start (a z\u00edsk\u00e1te slevu p\u0159i bal\u00ed\u010dkov\u00e9m n\u00e1kupu!). Tento bal\u00ed\u010dek zahrnuje n\u00e1\u0161 Terror allround 360\u00b0 magnet. K bal\u00ed\u010dku pat\u0159\u00ed tak\u00e9 pevn\u00e9 lano o pr\u016fm\u011bru 8 mm s karabinou, p\u00e1r vodot\u011bsn\u00fdch rukavic, Expert ochrann\u00fd kryt, lepidlo a extra velk\u00fd nerezov\u00fd h\u00e1k. Chcete je\u0161t\u011b v\u00edce? Pod\u00edvejte se na n\u00e1\u0161 <\/span><a href=\"https:\/\/magnetarmagnets.com\/shop\/legend-package\/\" target=\"_blank\" rel=\"noopener\"><span style=\"font-weight: 400;\">Legend Package<\/span><\/a><span style=\"font-weight: 400;\">!<\/span>\r\n<h2><b>Jste p\u0159ipraveni na Terror?<\/b><\/h2>\r\n<span style=\"font-weight: 400;\">N\u00e1zev magnetu \u0159\u00edk\u00e1 v\u0161e, tento magnet je opravdu siln\u00fd! Terror magnet se zachyt\u00ed na v\u0161echny p\u0159edm\u011bty ze v\u0161ech stran, skrz bahno a nezasek\u00e1v\u00e1 se snadno o kameny. Dostate\u010dn\u011b t\u011b\u017ek\u00fd, aby klesl do bahna nebo naplavenin, dostate\u010dn\u011b lehk\u00fd, abyste jej mohli h\u00e1zet hodiny bez probl\u00e9m\u016f. V st\u0159edn\u00ed v\u00e1hov\u00e9 kategorii je hozen\u00edm dosa\u017eiteln\u00fd a dok\u00e1\u017ee dos\u00e1hnout dna bahnit\u00fdch kan\u00e1l\u016f a \u0159ek i p\u0159es proud vody.<\/span>\r\n\r\n<span style=\"font-weight: 400;\">Terror je ur\u010den\u00fd pro ryb\u00e1\u0159e, kte\u0159\u00ed maj\u00ed zku\u0161enosti a cht\u011bj\u00ed z magnetu vyt\u011b\u017eit zisk. Je perfektn\u00ed pro vyta\u017een\u00ed lehk\u00fdch i t\u011b\u017ek\u00fdch poklad\u016f, jako jsou trezory, v\u011bt\u0161\u00ed zbran\u011b, autod\u00edly, sk\u00fatry \u010di elektrokola.<\/span>\r\n<h2><b>V\u00fdvoj magnetu<\/b><\/h2>\r\n<span style=\"font-weight: 400;\">Mnoho magnet\u016f m\u00e1 p\u0159ita\u017elivou s\u00edlu pouze na jedn\u00e9 stran\u011b. Tento jednostrann\u00fd magnet je klasick\u00fd ryb\u00e1\u0159sk\u00fd magnet. Magnetar byla prvn\u00ed spole\u010dnost\u00ed, kter\u00e1 tento klasick\u00fd magnet p\u0159epracovala na dvojstrann\u00fd. V roce 2016 pak Magnetar vyvinul allround magnet pro magnetov\u00e9 ryba\u0159en\u00ed s magnetickou silou 360\u00b0. Magneti\u010dt\u00ed ryb\u00e1\u0159i nap\u0159\u00ed\u010d EU od t\u00e9 doby p\u0159echyluj\u00ed k na\u0161im 100% neodymov\u00fdm magnet\u016fm, co\u017e z n\u00e1s u\u010dinilo dodavatele \u010d.1 v Evrop\u011b. Na\u0161e magnety vznikaj\u00ed s nejvy\u0161\u0161\u00ed kvalitou a p\u00e9\u010d\u00ed mal\u00fdm t\u00fdmem nad\u0161enc\u016f magnetov\u00e9ho ryba\u0159en\u00ed. Z\u00e1kazn\u00edci se k n\u00e1m vracej\u00ed, proto\u017ee v\u011bd\u00ed, \u017ee s Magnetar z\u00edskaj\u00ed v\u00edc ne\u017e jen magnet \u2013 chyt\u00ed poklady.<\/span>\r\n<h2><b>Siln\u00e1 ta\u017en\u00e1 s\u00edla 360\u00b0<\/b><\/h2>\r\n<span style=\"font-weight: 400;\">Terror magnet je jeden z nejsiln\u011bj\u0161\u00edch magnet\u016f v na\u0161\u00ed nab\u00eddce s ta\u017enou silou a\u017e 1000 kg (2200 lbs). Ta\u017en\u00e1 s\u00edla p\u016fsob\u00ed ze v\u0161ech stran a dok\u00e1\u017ee p\u0159it\u00e1hnout p\u0159edm\u011bty z cel\u00e9ho okol\u00ed, na rozd\u00edl od jednostrann\u00e9ho magnetu v ocelov\u00e9m krytu, kter\u00fd sm\u011b\u0159uje s\u00edlu jedn\u00edm sm\u011brem. Zaj\u00edm\u00e1 v\u00e1s, jak m\u011b\u0159\u00edme ta\u017enou s\u00edlu? <\/span><a href=\"https:\/\/www.youtube.com\/watch?v=2McW3RURDxs\" target=\"_blank\" rel=\"noopener\"><span style=\"font-weight: 400;\">Pod\u00edvejte se na na\u0161e video<\/span><\/a><span style=\"font-weight: 400;\">.<\/span>\r\n<h2><b>High Quality<\/b><\/h2>\r\n<span style=\"font-weight: 400;\">Na\u0161e <a href=\"https:\/\/magnetarmagnets.com\/\">fishing magnets<\/a> jsou vyrobeny ze 100% neodymia. Magnetar magnety si uchov\u00e1vaj\u00ed svou tahovou s\u00edlu des\u00edtky let, p\u0159i\u010dem\u017e ztr\u00e1ta \u010din\u00ed pouze 1 % za 100 let (p\u0159i spr\u00e1vn\u00e9m skladov\u00e1n\u00ed a p\u00e9\u010di).<\/span>\r\n\r\n<span style=\"font-weight: 400;\">V\u011bt\u0161ina jin\u00fdch dodavatel\u016f ji\u017e po n\u011bkolika t\u00fddnech ztr\u00e1c\u00ed tahovou s\u00edlu. V posledn\u00edch letech se na trhu objevuje st\u00e1le v\u00edce nekvalitn\u00edch magnet\u016f: v\u011bt\u0161\u00ed rozm\u011br s ni\u017e\u0161\u00ed silou, nekvalitn\u00ed neodym, nepravdiv\u00e1 reklama. Kdy\u017e takov\u00fd magnet koup\u00edte levn\u011b nebo od velk\u00e9ho \u0159et\u011bzce, nakonec budete zklaman\u00ed, i kdy\u017e jste n\u011bco u\u0161et\u0159ili.<\/span>\r\n\r\n<span style=\"font-weight: 400;\">Magnetar je mal\u00fd rodinn\u00fd podnik, kter\u00fd stav\u00ed kvalitu na prvn\u00ed m\u00edsto. Jsme nad\u0161enci magnetov\u00e9ho ryba\u0159en\u00ed a v\u0161echny magnety navrhujeme, vyr\u00e1b\u00edme a testujeme sami, abyste z n\u00e1kupu dostali co nejv\u00edce (nebo nejv\u00edce poklad\u016f!). Pokud hled\u00e1te spolehliv\u00fd, \u00fa\u010dinn\u00fd a siln\u00fd magnet, jste tu spr\u00e1vn\u011b. N\u00e1\u0161 t\u00fdm je v\u00e1m k dispozici, <a href=\"mailto:info@magnetarmagnets.com\">kontaktujte n\u00e1s zde<\/a>.<\/span>\r\n<h2><b>Ochrann\u00fd kryt<\/b><\/h2>\r\n<span style=\"font-weight: 400;\">Ochrann\u00e9 kryty jsou ide\u00e1ln\u00edm dopl\u0148kem pro magnetick\u00e9 ryb\u00e1\u0159e, kte\u0159\u00ed cht\u011bj\u00ed chr\u00e1nit sv\u00e9 neodymov\u00e9 magnety p\u0159i pou\u017eit\u00ed. Tyto odoln\u00e9 kryty jsou speci\u00e1ln\u011b navr\u017eeny tak, aby dokonale sed\u011bly na magnet a poskytovaly dal\u0161\u00ed vrstvu ochrany proti po\u0161kr\u00e1b\u00e1n\u00ed, prasknut\u00ed a jin\u00e9mu po\u0161kozen\u00ed. Na\u0161e ochrann\u00e9 kryty jsou vyrobeny z nerezov\u00e9 oceli, co\u017e zaji\u0161\u0165uje, \u017ee magnet z\u016fst\u00e1v\u00e1 pln\u011b funk\u010dn\u00ed se 360\u00b0 magnetickou silou. S ochrann\u00fdm krytem si m\u016f\u017eete u\u017e\u00edt magnetov\u00e9 ryba\u0159en\u00ed bez obav z po\u0161kozen\u00ed va\u0161eho cenn\u00e9ho magnetu. Kryt lze objednat jako p\u0159\u00edslu\u0161enstv\u00ed k tomuto magnetu.<\/span>\r\n\r\n<span style=\"font-weight: 400;\">(Upozorn\u011bn\u00ed: spodn\u00ed strana magnetu nen\u00ed krytem chr\u00e1n\u011bna)<\/span>\r\n<h2><b>Pou\u017e\u00edvejte opatrn\u011b<\/b><\/h2>\r\n<span style=\"font-weight: 400;\">Na\u0161e neodymov\u00e9 magnety jsou velmi siln\u00e9 a mohou se prudce p\u0159it\u00e1hnout k \u017eelezn\u00fdm p\u0159edm\u011bt\u016fm, jakmile se p\u0159ibl\u00ed\u017e\u00ed. U siln\u011bj\u0161\u00edch magnet\u016f, jako je tento allround 360\u00b0 magnet, hroz\u00ed, \u017ee si prsty zachyt\u00edte mezi magnet a jin\u00fd p\u0159edm\u011bt. Manipulujte opatrn\u011b a na vlastn\u00ed riziko. P\u0159ed pou\u017eit\u00edm si v\u017edy p\u0159e\u010dt\u011bte na\u0161e bezpe\u010dnostn\u00ed pokyny.<\/span>\r\n\r\nBy the way, s na\u0161imi <a href=\"https:\/\/magnetarmagnets.com\/magnet-fishing-kit\/\" target=\"_blank\" rel=\"noopener\">magnet fishing sety<\/a> z\u00edsk\u00e1te v\u0161e, co pot\u0159ebujete!\r\n\r\n<span style=\"font-weight: 400;\">* D\u011bti mus\u00ed magnet pou\u017e\u00edvat pod dohledem dosp\u011bl\u00e9ho.<\/span>","protected":false},"excerpt":{"rendered":"<p><span style=\"font-weight: 400;\">N\u00e1\u0161 Terror magnet je ur\u010den\u00fd pro pokro\u010dil\u00e9 a odv\u00e1\u017en\u00e9 magnetick\u00e9 ryb\u00e1\u0159e, kte\u0159\u00ed cht\u011bj\u00ed chytit to, co dosud \u017e\u00e1dn\u00fd jin\u00fd magnetick\u00fd ryb\u00e1\u0159 nechytl. S magnetick\u00fdm polem 360\u00b0 je tento \u010dist\u00fd neodymov\u00fd magnet extr\u00e9mn\u011b siln\u00fd s ta\u017enou silou a\u017e 1000 kg. Upozorn\u011bn\u00ed: tento magnet nen\u00ed pro slab\u00e9 povahy!<\/span><\/p>\n","protected":false},"featured_media":78489,"comment_status":"open","ping_status":"closed","template":"","meta":{"_acf_changed":false,"inline_featured_image":false},"product_brand":[],"product_cat":[561,553],"product_tag":[],"class_list":{"0":"post-83231","1":"product","2":"type-product","3":"status-publish","4":"has-post-thumbnail","6":"product_cat-allround-fishing-magnety-360","7":"product_cat-fishing-magnets-cs","9":"first","10":"instock","11":"taxable","12":"shipping-taxable","13":"purchasable","14":"product-type-simple"},"acf":[],"yoast_head":"<!-- This site is optimized with the Yoast SEO plugin v27.4 - https:\/\/yoast.com\/product\/yoast-seo-wordpress\/ -->\n<title>Terror Magnet\u00ae - 1000 kg Allround 360\u00b0 neodymov\u00fd magnet<\/title>\n<meta name=\"description\" content=\"Terror magnet pro magnetov\u00e9 ryba\u0159en\u00ed od Magnetar. 360\u00b0 magnet s ta\u017enou silou 1000 kg, jak vid\u00edte na YouTube! Objednejte do 23:00: doru\u010d\u00edme z\u00edtra!\" \/>\n<meta name=\"robots\" content=\"index, follow, max-snippet:-1, max-image-preview:large, max-video-preview:-1\" \/>\n<link rel=\"canonical\" href=\"https:\/\/magnetarmagnets.com\/cs\/shop\/terror-magnet-1000-kg-allround-360-neodymovy-magnet\/\" \/>\n<meta property=\"og:locale\" content=\"cs_CZ\" \/>\n<meta property=\"og:type\" content=\"article\" \/>\n<meta property=\"og:title\" content=\"Terror Magnet\u00ae - 1000 kg Allround 360\u00b0 neodymov\u00fd magnet\" \/>\n<meta property=\"og:description\" content=\"Terror magnet pro magnetov\u00e9 ryba\u0159en\u00ed od Magnetar. 360\u00b0 magnet s ta\u017enou silou 1000 kg, jak vid\u00edte na YouTube! Objednejte do 23:00: doru\u010d\u00edme z\u00edtra!\" \/>\n<meta property=\"og:url\" content=\"https:\/\/magnetarmagnets.com\/cs\/shop\/terror-magnet-1000-kg-allround-360-neodymovy-magnet\/\" \/>\n<meta property=\"og:site_name\" content=\"Magnet fishing with a Magnetar fishing magnet\" \/>\n<meta property=\"article:publisher\" content=\"https:\/\/www.facebook.com\/fishingmagnets\/\" \/>\n<meta property=\"article:modified_time\" content=\"2026-04-03T08:14:13+00:00\" \/>\n<meta property=\"og:image\" content=\"https:\/\/magnetarmagnets.com\/wp-content\/uploads\/2018\/08\/Terror-magnet-360-Degrees-Neodymium.jpeg\" \/>\n\t<meta property=\"og:image:width\" content=\"1000\" \/>\n\t<meta property=\"og:image:height\" content=\"1000\" \/>\n\t<meta property=\"og:image:type\" content=\"image\/jpeg\" \/>\n<meta name=\"twitter:card\" content=\"summary_large_image\" \/>\n<meta name=\"twitter:label1\" content=\"Odhadovan\u00e1 doba \u010dten\u00ed\" \/>\n\t<meta name=\"twitter:data1\" content=\"5 minut\" \/>\n<script type=\"application\/ld+json\" class=\"yoast-schema-graph\">{\"@context\":\"https:\\\/\\\/schema.org\",\"@graph\":[{\"@type\":[\"WebPage\",\"ItemPage\"],\"@id\":\"https:\\\/\\\/magnetarmagnets.com\\\/cs\\\/shop\\\/terror-magnet-1000-kg-allround-360-neodymovy-magnet\\\/\",\"url\":\"https:\\\/\\\/magnetarmagnets.com\\\/cs\\\/shop\\\/terror-magnet-1000-kg-allround-360-neodymovy-magnet\\\/\",\"name\":\"Terror Magnet\u00ae - 1000 kg Allround 360\u00b0 neodymov\u00fd magnet\",\"isPartOf\":{\"@id\":\"https:\\\/\\\/magnetarmagnets.com\\\/cs\\\/#website\"},\"primaryImageOfPage\":{\"@id\":\"https:\\\/\\\/magnetarmagnets.com\\\/cs\\\/shop\\\/terror-magnet-1000-kg-allround-360-neodymovy-magnet\\\/#primaryimage\"},\"image\":{\"@id\":\"https:\\\/\\\/magnetarmagnets.com\\\/cs\\\/shop\\\/terror-magnet-1000-kg-allround-360-neodymovy-magnet\\\/#primaryimage\"},\"thumbnailUrl\":\"https:\\\/\\\/magnetarmagnets.com\\\/wp-content\\\/uploads\\\/2018\\\/08\\\/Terror-magnet-360-Degrees-Neodymium.jpeg\",\"datePublished\":\"2025-06-05T07:54:39+00:00\",\"dateModified\":\"2026-04-03T08:14:13+00:00\",\"description\":\"Terror magnet pro magnetov\u00e9 ryba\u0159en\u00ed od Magnetar. 360\u00b0 magnet s ta\u017enou silou 1000 kg, jak vid\u00edte na YouTube! Objednejte do 23:00: doru\u010d\u00edme z\u00edtra!\",\"breadcrumb\":{\"@id\":\"https:\\\/\\\/magnetarmagnets.com\\\/cs\\\/shop\\\/terror-magnet-1000-kg-allround-360-neodymovy-magnet\\\/#breadcrumb\"},\"inLanguage\":\"cs\",\"potentialAction\":[{\"@type\":\"ReadAction\",\"target\":[\"https:\\\/\\\/magnetarmagnets.com\\\/cs\\\/shop\\\/terror-magnet-1000-kg-allround-360-neodymovy-magnet\\\/\"]}]},{\"@type\":\"ImageObject\",\"inLanguage\":\"cs\",\"@id\":\"https:\\\/\\\/magnetarmagnets.com\\\/cs\\\/shop\\\/terror-magnet-1000-kg-allround-360-neodymovy-magnet\\\/#primaryimage\",\"url\":\"https:\\\/\\\/magnetarmagnets.com\\\/wp-content\\\/uploads\\\/2018\\\/08\\\/Terror-magnet-360-Degrees-Neodymium.jpeg\",\"contentUrl\":\"https:\\\/\\\/magnetarmagnets.com\\\/wp-content\\\/uploads\\\/2018\\\/08\\\/Terror-magnet-360-Degrees-Neodymium.jpeg\",\"width\":1000,\"height\":1000,\"caption\":\"Terror magnet for magnet fishing with 360 Degree Neodymium pull power\"},{\"@type\":\"BreadcrumbList\",\"@id\":\"https:\\\/\\\/magnetarmagnets.com\\\/cs\\\/shop\\\/terror-magnet-1000-kg-allround-360-neodymovy-magnet\\\/#breadcrumb\",\"itemListElement\":[{\"@type\":\"ListItem\",\"position\":1,\"name\":\"Home\",\"item\":\"https:\\\/\\\/magnetarmagnets.com\\\/cs\\\/\"},{\"@type\":\"ListItem\",\"position\":2,\"name\":\"Obchod\",\"item\":\"https:\\\/\\\/magnetarmagnets.com\\\/cs\\\/obchod\\\/\"},{\"@type\":\"ListItem\",\"position\":3,\"name\":\"Fishing magnety\",\"item\":\"https:\\\/\\\/magnetarmagnets.com\\\/cs\\\/collections\\\/fishing-magnets-cs\\\/\"},{\"@type\":\"ListItem\",\"position\":4,\"name\":\"Allround fishing magnety 360\u00b0\",\"item\":\"https:\\\/\\\/magnetarmagnets.com\\\/cs\\\/collections\\\/fishing-magnets-cs\\\/allround-fishing-magnety-360\\\/\"},{\"@type\":\"ListItem\",\"position\":5,\"name\":\"Terror Magnet\u00ae &#8211; 1000 kg Allround 360\u00b0 neodymov\u00fd magnet\"}]},{\"@type\":\"WebSite\",\"@id\":\"https:\\\/\\\/magnetarmagnets.com\\\/cs\\\/#website\",\"url\":\"https:\\\/\\\/magnetarmagnets.com\\\/cs\\\/\",\"name\":\"Magnet fishing with a Magnetar fishing magnet\",\"description\":\"Siln\u00e9 magnety na magnet fishing\",\"publisher\":{\"@id\":\"https:\\\/\\\/magnetarmagnets.com\\\/cs\\\/#organization\"},\"potentialAction\":[{\"@type\":\"SearchAction\",\"target\":{\"@type\":\"EntryPoint\",\"urlTemplate\":\"https:\\\/\\\/magnetarmagnets.com\\\/cs\\\/?s={search_term_string}\"},\"query-input\":{\"@type\":\"PropertyValueSpecification\",\"valueRequired\":true,\"valueName\":\"search_term_string\"}}],\"inLanguage\":\"cs\"},{\"@type\":\"Organization\",\"@id\":\"https:\\\/\\\/magnetarmagnets.com\\\/cs\\\/#organization\",\"name\":\"Magnetar\",\"url\":\"https:\\\/\\\/magnetarmagnets.com\\\/cs\\\/\",\"logo\":{\"@type\":\"ImageObject\",\"inLanguage\":\"cs\",\"@id\":\"https:\\\/\\\/magnetarmagnets.com\\\/cs\\\/#\\\/schema\\\/logo\\\/image\\\/\",\"url\":\"https:\\\/\\\/magnetarmagnets.com\\\/wp-content\\\/uploads\\\/2025\\\/05\\\/Logo-03_PNG-Black-scaled.png\",\"contentUrl\":\"https:\\\/\\\/magnetarmagnets.com\\\/wp-content\\\/uploads\\\/2025\\\/05\\\/Logo-03_PNG-Black-scaled.png\",\"width\":2560,\"height\":1658,\"caption\":\"Magnetar\"},\"image\":{\"@id\":\"https:\\\/\\\/magnetarmagnets.com\\\/cs\\\/#\\\/schema\\\/logo\\\/image\\\/\"},\"sameAs\":[\"https:\\\/\\\/www.facebook.com\\\/fishingmagnets\\\/\",\"https:\\\/\\\/www.instagram.com\\\/magnetar_magnets\\\/\",\"https:\\\/\\\/www.linkedin.com\\\/company\\\/magnetarbv\\\/?originalSubdomain=nl\",\"https:\\\/\\\/www.youtube.com\\\/c\\\/MagnetarVismagneet\"]}]}<\/script>\n<!-- \/ Yoast SEO plugin. -->","yoast_head_json":{"title":"Terror Magnet\u00ae - 1000 kg Allround 360\u00b0 neodymov\u00fd magnet","description":"Terror magnet pro magnetov\u00e9 ryba\u0159en\u00ed od Magnetar. 360\u00b0 magnet s ta\u017enou silou 1000 kg, jak vid\u00edte na YouTube! Objednejte do 23:00: doru\u010d\u00edme z\u00edtra!","robots":{"index":"index","follow":"follow","max-snippet":"max-snippet:-1","max-image-preview":"max-image-preview:large","max-video-preview":"max-video-preview:-1"},"canonical":"https:\/\/magnetarmagnets.com\/cs\/shop\/terror-magnet-1000-kg-allround-360-neodymovy-magnet\/","og_locale":"cs_CZ","og_type":"article","og_title":"Terror Magnet\u00ae - 1000 kg Allround 360\u00b0 neodymov\u00fd magnet","og_description":"Terror magnet pro magnetov\u00e9 ryba\u0159en\u00ed od Magnetar. 360\u00b0 magnet s ta\u017enou silou 1000 kg, jak vid\u00edte na YouTube! Objednejte do 23:00: doru\u010d\u00edme z\u00edtra!","og_url":"https:\/\/magnetarmagnets.com\/cs\/shop\/terror-magnet-1000-kg-allround-360-neodymovy-magnet\/","og_site_name":"Magnet fishing with a Magnetar fishing magnet","article_publisher":"https:\/\/www.facebook.com\/fishingmagnets\/","article_modified_time":"2026-04-03T08:14:13+00:00","og_image":[{"width":1000,"height":1000,"url":"https:\/\/magnetarmagnets.com\/wp-content\/uploads\/2018\/08\/Terror-magnet-360-Degrees-Neodymium.jpeg","type":"image\/jpeg"}],"twitter_card":"summary_large_image","twitter_misc":{"Odhadovan\u00e1 doba \u010dten\u00ed":"5 minut"},"schema":{"@context":"https:\/\/schema.org","@graph":[{"@type":["WebPage","ItemPage"],"@id":"https:\/\/magnetarmagnets.com\/cs\/shop\/terror-magnet-1000-kg-allround-360-neodymovy-magnet\/","url":"https:\/\/magnetarmagnets.com\/cs\/shop\/terror-magnet-1000-kg-allround-360-neodymovy-magnet\/","name":"Terror Magnet\u00ae - 1000 kg Allround 360\u00b0 neodymov\u00fd magnet","isPartOf":{"@id":"https:\/\/magnetarmagnets.com\/cs\/#website"},"primaryImageOfPage":{"@id":"https:\/\/magnetarmagnets.com\/cs\/shop\/terror-magnet-1000-kg-allround-360-neodymovy-magnet\/#primaryimage"},"image":{"@id":"https:\/\/magnetarmagnets.com\/cs\/shop\/terror-magnet-1000-kg-allround-360-neodymovy-magnet\/#primaryimage"},"thumbnailUrl":"https:\/\/magnetarmagnets.com\/wp-content\/uploads\/2018\/08\/Terror-magnet-360-Degrees-Neodymium.jpeg","datePublished":"2025-06-05T07:54:39+00:00","dateModified":"2026-04-03T08:14:13+00:00","description":"Terror magnet pro magnetov\u00e9 ryba\u0159en\u00ed od Magnetar. 360\u00b0 magnet s ta\u017enou silou 1000 kg, jak vid\u00edte na YouTube! Objednejte do 23:00: doru\u010d\u00edme z\u00edtra!","breadcrumb":{"@id":"https:\/\/magnetarmagnets.com\/cs\/shop\/terror-magnet-1000-kg-allround-360-neodymovy-magnet\/#breadcrumb"},"inLanguage":"cs","potentialAction":[{"@type":"ReadAction","target":["https:\/\/magnetarmagnets.com\/cs\/shop\/terror-magnet-1000-kg-allround-360-neodymovy-magnet\/"]}]},{"@type":"ImageObject","inLanguage":"cs","@id":"https:\/\/magnetarmagnets.com\/cs\/shop\/terror-magnet-1000-kg-allround-360-neodymovy-magnet\/#primaryimage","url":"https:\/\/magnetarmagnets.com\/wp-content\/uploads\/2018\/08\/Terror-magnet-360-Degrees-Neodymium.jpeg","contentUrl":"https:\/\/magnetarmagnets.com\/wp-content\/uploads\/2018\/08\/Terror-magnet-360-Degrees-Neodymium.jpeg","width":1000,"height":1000,"caption":"Terror magnet for magnet fishing with 360 Degree Neodymium pull power"},{"@type":"BreadcrumbList","@id":"https:\/\/magnetarmagnets.com\/cs\/shop\/terror-magnet-1000-kg-allround-360-neodymovy-magnet\/#breadcrumb","itemListElement":[{"@type":"ListItem","position":1,"name":"Home","item":"https:\/\/magnetarmagnets.com\/cs\/"},{"@type":"ListItem","position":2,"name":"Obchod","item":"https:\/\/magnetarmagnets.com\/cs\/obchod\/"},{"@type":"ListItem","position":3,"name":"Fishing magnety","item":"https:\/\/magnetarmagnets.com\/cs\/collections\/fishing-magnets-cs\/"},{"@type":"ListItem","position":4,"name":"Allround fishing magnety 360\u00b0","item":"https:\/\/magnetarmagnets.com\/cs\/collections\/fishing-magnets-cs\/allround-fishing-magnety-360\/"},{"@type":"ListItem","position":5,"name":"Terror Magnet\u00ae &#8211; 1000 kg Allround 360\u00b0 neodymov\u00fd magnet"}]},{"@type":"WebSite","@id":"https:\/\/magnetarmagnets.com\/cs\/#website","url":"https:\/\/magnetarmagnets.com\/cs\/","name":"Magnet fishing with a Magnetar fishing magnet","description":"Siln\u00e9 magnety na magnet fishing","publisher":{"@id":"https:\/\/magnetarmagnets.com\/cs\/#organization"},"potentialAction":[{"@type":"SearchAction","target":{"@type":"EntryPoint","urlTemplate":"https:\/\/magnetarmagnets.com\/cs\/?s={search_term_string}"},"query-input":{"@type":"PropertyValueSpecification","valueRequired":true,"valueName":"search_term_string"}}],"inLanguage":"cs"},{"@type":"Organization","@id":"https:\/\/magnetarmagnets.com\/cs\/#organization","name":"Magnetar","url":"https:\/\/magnetarmagnets.com\/cs\/","logo":{"@type":"ImageObject","inLanguage":"cs","@id":"https:\/\/magnetarmagnets.com\/cs\/#\/schema\/logo\/image\/","url":"https:\/\/magnetarmagnets.com\/wp-content\/uploads\/2025\/05\/Logo-03_PNG-Black-scaled.png","contentUrl":"https:\/\/magnetarmagnets.com\/wp-content\/uploads\/2025\/05\/Logo-03_PNG-Black-scaled.png","width":2560,"height":1658,"caption":"Magnetar"},"image":{"@id":"https:\/\/magnetarmagnets.com\/cs\/#\/schema\/logo\/image\/"},"sameAs":["https:\/\/www.facebook.com\/fishingmagnets\/","https:\/\/www.instagram.com\/magnetar_magnets\/","https:\/\/www.linkedin.com\/company\/magnetarbv\/?originalSubdomain=nl","https:\/\/www.youtube.com\/c\/MagnetarVismagneet"]}]}},"_links":{"self":[{"href":"https:\/\/magnetarmagnets.com\/cs\/wp-json\/wp\/v2\/product\/83231","targetHints":{"allow":["GET"]}}],"collection":[{"href":"https:\/\/magnetarmagnets.com\/cs\/wp-json\/wp\/v2\/product"}],"about":[{"href":"https:\/\/magnetarmagnets.com\/cs\/wp-json\/wp\/v2\/types\/product"}],"replies":[{"embeddable":true,"href":"https:\/\/magnetarmagnets.com\/cs\/wp-json\/wp\/v2\/comments?post=83231"}],"version-history":[{"count":1,"href":"https:\/\/magnetarmagnets.com\/cs\/wp-json\/wp\/v2\/product\/83231\/revisions"}],"predecessor-version":[{"id":94588,"href":"https:\/\/magnetarmagnets.com\/cs\/wp-json\/wp\/v2\/product\/83231\/revisions\/94588"}],"wp:featuredmedia":[{"embeddable":true,"href":"https:\/\/magnetarmagnets.com\/cs\/wp-json\/wp\/v2\/media\/78489"}],"wp:attachment":[{"href":"https:\/\/magnetarmagnets.com\/cs\/wp-json\/wp\/v2\/media?parent=83231"}],"wp:term":[{"taxonomy":"product_brand","embeddable":true,"href":"https:\/\/magnetarmagnets.com\/cs\/wp-json\/wp\/v2\/product_brand?post=83231"},{"taxonomy":"product_cat","embeddable":true,"href":"https:\/\/magnetarmagnets.com\/cs\/wp-json\/wp\/v2\/product_cat?post=83231"},{"taxonomy":"product_tag","embeddable":true,"href":"https:\/\/magnetarmagnets.com\/cs\/wp-json\/wp\/v2\/product_tag?post=83231"}],"curies":[{"name":"wp","href":"https:\/\/api.w.org\/{rel}","templated":true}]}}