{"id":83230,"date":"2025-06-05T09:54:39","date_gmt":"2025-06-05T07:54:39","guid":{"rendered":"https:\/\/magnetarmagnets.com\/?post_type=product&#038;p=83230"},"modified":"2026-04-04T07:32:34","modified_gmt":"2026-04-04T05:32:34","slug":"magneticky-drzak-na-noze-nerezova-ocel","status":"publish","type":"product","link":"https:\/\/magnetarmagnets.com\/cs\/shop\/magneticky-drzak-na-noze-nerezova-ocel\/","title":{"rendered":"Magnetick\u00fd dr\u017e\u00e1k na no\u017ee \u2013 nerezov\u00e1 ocel"},"content":{"rendered":"<h2><strong>Velmi stylov\u00fd dr\u017e\u00e1k na no\u017ee<\/strong><\/h2>\n\n<span style=\"font-weight: 400;\">Neschov\u00e1vejte sv\u00e9 no\u017ee: zav\u011bste je hygienicky, jednodu\u0161e a rychle na magnetick\u00fd dr\u017e\u00e1k na no\u017ee!<\/span><span style=\"font-weight: 400;\">Snadno zav\u011bs\u00edte no\u017ee na magnetick\u00fd prou\u017eek od Magnetar. No\u017ee se bezpe\u010dn\u011b a stylov\u011b \u201ep\u0159ichyt\u00ed\u201c k magnetick\u00e9mu prou\u017eku. <strong>K dispozici v proveden\u00ed ze d\u0159eva i z nerezov\u00e9 oceli<\/strong>!<\/span>\n\n<h2><strong>V\u00fdhody dr\u017e\u00e1ku na no\u017ee<\/strong><\/h2>\n\n<span style=\"font-weight: 400;\">No\u017ee m\u016f\u017eete ulo\u017eit vysoko, kde je d\u011bti nedos\u00e1hnou. \u017d\u00e1dn\u00e9 po\u0161kozen\u00ed ve va\u0161\u00ed kuchy\u0148sk\u00e9 z\u00e1suvce nebo sk\u0159\u00edni u\u017e nehroz\u00ed a va\u0161e no\u017ee budou m\u00edt del\u0161\u00ed \u017eivotnost. Va\u0161e no\u017ee budou ve va\u0161\u00ed kuchyni viset modern\u011b a stylov\u011b. M\u016f\u017eete b\u00fdt na sv\u00e9 no\u017ee hrd\u00ed a u\u017e je nemus\u00edte schov\u00e1vat v bloku na no\u017ee nebo v z\u00e1suvce!<\/span>\n\n<h2><span style=\"font-weight: 400;\">Informace a mont\u00e1\u017e<\/span><\/h2>\n\n<span style=\"font-weight: 400;\">Magnetick\u00fd dr\u017e\u00e1k na no\u017ee je vyroben z nerezov\u00e9 oceli, kter\u00e1 ve va\u0161\u00ed kuchyni vypad\u00e1 skv\u011ble. Nab\u00edz\u00edme jak d\u0159ev\u011bnou verzi dr\u017e\u00e1ku, tak i proveden\u00ed z nerezov\u00e9 oceli. Mont\u00e1\u017e magnetick\u00e9ho dr\u017e\u00e1ku na no\u017ee nezabere mnoho \u010dasu a je velmi jednoduch\u00e1. Ka\u017ed\u00fd, kdo n\u011bkdy dr\u017eel vrt\u00e1k, zvl\u00e1dne mont\u00e1\u017e tohoto dr\u017e\u00e1ku. Sou\u010d\u00e1st\u00ed balen\u00ed jsou dva \u0161rouby a dva hmo\u017edinky, tak\u017ee je nemus\u00edte dokupovat.<\/span>\n\n<h2><strong>Specifikace<\/strong><\/h2>\n\n<span style=\"font-weight: 400;\">Prou\u017eek na no\u017ee je \u0161irok\u00fd 4,7 cm, co\u017e znamen\u00e1, \u017ee na n\u011bj bezpe\u010dn\u011b p\u0159ilnou jak mal\u00e9, tak i velk\u00e9 no\u017ee. Na d\u00e9lku 36 cm na n\u011bj m\u016f\u017eete zav\u011bsit spoustu no\u017e\u016f.<\/span>\n\n\n\n<img fetchpriority=\"high\" decoding=\"async\" class=\"alignleft size-medium wp-image-38098\" src=\"https:\/\/magnetarmagnets.com\/wp-content\/uploads\/2018\/03\/IMG_2101-300x200.jpg\" alt=\"magnetische messenhouder rvs\" width=\"300\" height=\"200\" \/><img decoding=\"async\" class=\"alignright size-medium wp-image-38100\" src=\"https:\/\/magnetarmagnets.com\/wp-content\/uploads\/2018\/03\/IMG_2108-300x200.jpg\" alt=\"magnetische messenhouder rvs achterkant\" width=\"300\" height=\"200\" srcset=\"https:\/\/magnetarmagnets.com\/wp-content\/uploads\/2018\/03\/IMG_2108-300x200.jpg 300w, https:\/\/magnetarmagnets.com\/wp-content\/uploads\/2018\/03\/IMG_2108-scaled-800x533.jpg 800w, https:\/\/magnetarmagnets.com\/wp-content\/uploads\/2018\/03\/IMG_2108-768x512.jpg 768w, https:\/\/magnetarmagnets.com\/wp-content\/uploads\/2018\/03\/IMG_2108-1024x683.jpg 1024w, https:\/\/magnetarmagnets.com\/wp-content\/uploads\/2018\/03\/IMG_2108-scaled-600x400.jpg 600w\" sizes=\"(max-width: 300px) 100vw, 300px\" \/>","protected":false},"excerpt":{"rendered":"<p><span style=\"font-weight: 400;\">Magnetick\u00fd n\u00e1strojov\u00fd prou\u017eek je vyroben z <strong>nerezov\u00e9 oceli<\/strong>, kter\u00e1 vypad\u00e1 ve va\u0161\u00ed kuchyni velmi <strong>stylov\u011b<\/strong> a je <strong>velmi snadn\u00e1 na upevn\u011bn\u00ed<\/strong>.<\/span><\/p>\n","protected":false},"featured_media":80052,"comment_status":"open","ping_status":"closed","template":"","meta":{"_acf_changed":false,"inline_featured_image":false},"product_brand":[],"product_cat":[592,588],"product_tag":[],"class_list":{"0":"post-83230","1":"product","2":"type-product","3":"status-publish","4":"has-post-thumbnail","6":"product_cat-akcesoria-magnetyczne","7":"product_cat-sprzet","9":"first","10":"instock","11":"taxable","12":"shipping-taxable","13":"purchasable","14":"product-type-simple"},"acf":[],"yoast_head":"<!-- This site is optimized with the Yoast SEO plugin v27.3 - https:\/\/yoast.com\/product\/yoast-seo-wordpress\/ -->\n<title>Magnetick\u00fd dr\u017e\u00e1k na no\u017ee \u2013 nerezov\u00e1 ocel - Magnet fishing with a Magnetar fishing magnet<\/title>\n<meta name=\"description\" content=\"Magnetick\u00fd dr\u017e\u00e1k na no\u017ee \u2013 nerezov\u00e1 ocel od Magnetar\" \/>\n<meta name=\"robots\" content=\"index, follow, max-snippet:-1, max-image-preview:large, max-video-preview:-1\" \/>\n<link rel=\"canonical\" href=\"https:\/\/magnetarmagnets.com\/cs\/shop\/magneticky-drzak-na-noze-nerezova-ocel\/\" \/>\n<meta property=\"og:locale\" content=\"cs_CZ\" \/>\n<meta property=\"og:type\" content=\"article\" \/>\n<meta property=\"og:title\" content=\"Magnetick\u00fd dr\u017e\u00e1k na no\u017ee \u2013 nerezov\u00e1 ocel - Magnet fishing with a Magnetar fishing magnet\" \/>\n<meta property=\"og:description\" content=\"Magnetick\u00fd dr\u017e\u00e1k na no\u017ee \u2013 nerezov\u00e1 ocel od Magnetar\" \/>\n<meta property=\"og:url\" content=\"https:\/\/magnetarmagnets.com\/cs\/shop\/magneticky-drzak-na-noze-nerezova-ocel\/\" \/>\n<meta property=\"og:site_name\" content=\"Magnet fishing with a Magnetar fishing magnet\" \/>\n<meta property=\"article:publisher\" content=\"https:\/\/www.facebook.com\/fishingmagnets\/\" \/>\n<meta property=\"article:modified_time\" content=\"2026-04-04T05:32:34+00:00\" \/>\n<meta property=\"og:image\" content=\"https:\/\/magnetarmagnets.com\/wp-content\/uploads\/2018\/03\/550x506.jpg\" \/>\n\t<meta property=\"og:image:width\" content=\"550\" \/>\n\t<meta property=\"og:image:height\" content=\"506\" \/>\n\t<meta property=\"og:image:type\" content=\"image\/jpeg\" \/>\n<meta name=\"twitter:card\" content=\"summary_large_image\" \/>\n<meta name=\"twitter:label1\" content=\"Odhadovan\u00e1 doba \u010dten\u00ed\" \/>\n\t<meta name=\"twitter:data1\" content=\"2 minuty\" \/>\n<script type=\"application\/ld+json\" class=\"yoast-schema-graph\">{\"@context\":\"https:\\\/\\\/schema.org\",\"@graph\":[{\"@type\":[\"WebPage\",\"ItemPage\"],\"@id\":\"https:\\\/\\\/magnetarmagnets.com\\\/cs\\\/shop\\\/magneticky-drzak-na-noze-nerezova-ocel\\\/\",\"url\":\"https:\\\/\\\/magnetarmagnets.com\\\/cs\\\/shop\\\/magneticky-drzak-na-noze-nerezova-ocel\\\/\",\"name\":\"Magnetick\u00fd dr\u017e\u00e1k na no\u017ee \u2013 nerezov\u00e1 ocel - Magnet fishing with a Magnetar fishing magnet\",\"isPartOf\":{\"@id\":\"https:\\\/\\\/magnetarmagnets.com\\\/cs\\\/#website\"},\"primaryImageOfPage\":{\"@id\":\"https:\\\/\\\/magnetarmagnets.com\\\/cs\\\/shop\\\/magneticky-drzak-na-noze-nerezova-ocel\\\/#primaryimage\"},\"image\":{\"@id\":\"https:\\\/\\\/magnetarmagnets.com\\\/cs\\\/shop\\\/magneticky-drzak-na-noze-nerezova-ocel\\\/#primaryimage\"},\"thumbnailUrl\":\"https:\\\/\\\/magnetarmagnets.com\\\/wp-content\\\/uploads\\\/2018\\\/03\\\/550x506.jpg\",\"datePublished\":\"2025-06-05T07:54:39+00:00\",\"dateModified\":\"2026-04-04T05:32:34+00:00\",\"description\":\"Magnetick\u00fd dr\u017e\u00e1k na no\u017ee \u2013 nerezov\u00e1 ocel od Magnetar\",\"breadcrumb\":{\"@id\":\"https:\\\/\\\/magnetarmagnets.com\\\/cs\\\/shop\\\/magneticky-drzak-na-noze-nerezova-ocel\\\/#breadcrumb\"},\"inLanguage\":\"cs\",\"potentialAction\":[{\"@type\":\"ReadAction\",\"target\":[\"https:\\\/\\\/magnetarmagnets.com\\\/cs\\\/shop\\\/magneticky-drzak-na-noze-nerezova-ocel\\\/\"]}]},{\"@type\":\"ImageObject\",\"inLanguage\":\"cs\",\"@id\":\"https:\\\/\\\/magnetarmagnets.com\\\/cs\\\/shop\\\/magneticky-drzak-na-noze-nerezova-ocel\\\/#primaryimage\",\"url\":\"https:\\\/\\\/magnetarmagnets.com\\\/wp-content\\\/uploads\\\/2018\\\/03\\\/550x506.jpg\",\"contentUrl\":\"https:\\\/\\\/magnetarmagnets.com\\\/wp-content\\\/uploads\\\/2018\\\/03\\\/550x506.jpg\",\"width\":550,\"height\":506,\"caption\":\"Stainless Steel knife holder\"},{\"@type\":\"BreadcrumbList\",\"@id\":\"https:\\\/\\\/magnetarmagnets.com\\\/cs\\\/shop\\\/magneticky-drzak-na-noze-nerezova-ocel\\\/#breadcrumb\",\"itemListElement\":[{\"@type\":\"ListItem\",\"position\":1,\"name\":\"Home\",\"item\":\"https:\\\/\\\/magnetarmagnets.com\\\/cs\\\/\"},{\"@type\":\"ListItem\",\"position\":2,\"name\":\"Obchod\",\"item\":\"https:\\\/\\\/magnetarmagnets.com\\\/obchod\\\/\"},{\"@type\":\"ListItem\",\"position\":3,\"name\":\"Vybaven\u00ed\",\"item\":\"https:\\\/\\\/magnetarmagnets.com\\\/cs\\\/collections\\\/vybaveni\\\/\"},{\"@type\":\"ListItem\",\"position\":4,\"name\":\"Magnetick\u00e9 dopl\u0148ky\",\"item\":\"https:\\\/\\\/magnetarmagnets.com\\\/cs\\\/collections\\\/vybaveni\\\/magneticke-doplnky\\\/\"},{\"@type\":\"ListItem\",\"position\":5,\"name\":\"Magnetick\u00fd dr\u017e\u00e1k na no\u017ee \u2013 nerezov\u00e1 ocel\"}]},{\"@type\":\"WebSite\",\"@id\":\"https:\\\/\\\/magnetarmagnets.com\\\/cs\\\/#website\",\"url\":\"https:\\\/\\\/magnetarmagnets.com\\\/cs\\\/\",\"name\":\"Magnet fishing with a Magnetar fishing magnet\",\"description\":\"Siln\u00e9 magnety na magnet fishing\",\"publisher\":{\"@id\":\"https:\\\/\\\/magnetarmagnets.com\\\/cs\\\/#organization\"},\"potentialAction\":[{\"@type\":\"SearchAction\",\"target\":{\"@type\":\"EntryPoint\",\"urlTemplate\":\"https:\\\/\\\/magnetarmagnets.com\\\/cs\\\/?s={search_term_string}\"},\"query-input\":{\"@type\":\"PropertyValueSpecification\",\"valueRequired\":true,\"valueName\":\"search_term_string\"}}],\"inLanguage\":\"cs\"},{\"@type\":\"Organization\",\"@id\":\"https:\\\/\\\/magnetarmagnets.com\\\/cs\\\/#organization\",\"name\":\"Magnetar\",\"url\":\"https:\\\/\\\/magnetarmagnets.com\\\/cs\\\/\",\"logo\":{\"@type\":\"ImageObject\",\"inLanguage\":\"cs\",\"@id\":\"https:\\\/\\\/magnetarmagnets.com\\\/cs\\\/#\\\/schema\\\/logo\\\/image\\\/\",\"url\":\"https:\\\/\\\/magnetarmagnets.com\\\/wp-content\\\/uploads\\\/2025\\\/05\\\/Logo-03_PNG-Black-scaled.png\",\"contentUrl\":\"https:\\\/\\\/magnetarmagnets.com\\\/wp-content\\\/uploads\\\/2025\\\/05\\\/Logo-03_PNG-Black-scaled.png\",\"width\":2560,\"height\":1658,\"caption\":\"Magnetar\"},\"image\":{\"@id\":\"https:\\\/\\\/magnetarmagnets.com\\\/cs\\\/#\\\/schema\\\/logo\\\/image\\\/\"},\"sameAs\":[\"https:\\\/\\\/www.facebook.com\\\/fishingmagnets\\\/\",\"https:\\\/\\\/www.instagram.com\\\/magnetar_magnets\\\/\",\"https:\\\/\\\/www.linkedin.com\\\/company\\\/magnetarbv\\\/?originalSubdomain=nl\",\"https:\\\/\\\/www.youtube.com\\\/c\\\/MagnetarVismagneet\"]}]}<\/script>\n<!-- \/ Yoast SEO plugin. -->","yoast_head_json":{"title":"Magnetick\u00fd dr\u017e\u00e1k na no\u017ee \u2013 nerezov\u00e1 ocel - Magnet fishing with a Magnetar fishing magnet","description":"Magnetick\u00fd dr\u017e\u00e1k na no\u017ee \u2013 nerezov\u00e1 ocel od Magnetar","robots":{"index":"index","follow":"follow","max-snippet":"max-snippet:-1","max-image-preview":"max-image-preview:large","max-video-preview":"max-video-preview:-1"},"canonical":"https:\/\/magnetarmagnets.com\/cs\/shop\/magneticky-drzak-na-noze-nerezova-ocel\/","og_locale":"cs_CZ","og_type":"article","og_title":"Magnetick\u00fd dr\u017e\u00e1k na no\u017ee \u2013 nerezov\u00e1 ocel - Magnet fishing with a Magnetar fishing magnet","og_description":"Magnetick\u00fd dr\u017e\u00e1k na no\u017ee \u2013 nerezov\u00e1 ocel od Magnetar","og_url":"https:\/\/magnetarmagnets.com\/cs\/shop\/magneticky-drzak-na-noze-nerezova-ocel\/","og_site_name":"Magnet fishing with a Magnetar fishing magnet","article_publisher":"https:\/\/www.facebook.com\/fishingmagnets\/","article_modified_time":"2026-04-04T05:32:34+00:00","og_image":[{"width":550,"height":506,"url":"https:\/\/magnetarmagnets.com\/wp-content\/uploads\/2018\/03\/550x506.jpg","type":"image\/jpeg"}],"twitter_card":"summary_large_image","twitter_misc":{"Odhadovan\u00e1 doba \u010dten\u00ed":"2 minuty"},"schema":{"@context":"https:\/\/schema.org","@graph":[{"@type":["WebPage","ItemPage"],"@id":"https:\/\/magnetarmagnets.com\/cs\/shop\/magneticky-drzak-na-noze-nerezova-ocel\/","url":"https:\/\/magnetarmagnets.com\/cs\/shop\/magneticky-drzak-na-noze-nerezova-ocel\/","name":"Magnetick\u00fd dr\u017e\u00e1k na no\u017ee \u2013 nerezov\u00e1 ocel - Magnet fishing with a Magnetar fishing magnet","isPartOf":{"@id":"https:\/\/magnetarmagnets.com\/cs\/#website"},"primaryImageOfPage":{"@id":"https:\/\/magnetarmagnets.com\/cs\/shop\/magneticky-drzak-na-noze-nerezova-ocel\/#primaryimage"},"image":{"@id":"https:\/\/magnetarmagnets.com\/cs\/shop\/magneticky-drzak-na-noze-nerezova-ocel\/#primaryimage"},"thumbnailUrl":"https:\/\/magnetarmagnets.com\/wp-content\/uploads\/2018\/03\/550x506.jpg","datePublished":"2025-06-05T07:54:39+00:00","dateModified":"2026-04-04T05:32:34+00:00","description":"Magnetick\u00fd dr\u017e\u00e1k na no\u017ee \u2013 nerezov\u00e1 ocel od Magnetar","breadcrumb":{"@id":"https:\/\/magnetarmagnets.com\/cs\/shop\/magneticky-drzak-na-noze-nerezova-ocel\/#breadcrumb"},"inLanguage":"cs","potentialAction":[{"@type":"ReadAction","target":["https:\/\/magnetarmagnets.com\/cs\/shop\/magneticky-drzak-na-noze-nerezova-ocel\/"]}]},{"@type":"ImageObject","inLanguage":"cs","@id":"https:\/\/magnetarmagnets.com\/cs\/shop\/magneticky-drzak-na-noze-nerezova-ocel\/#primaryimage","url":"https:\/\/magnetarmagnets.com\/wp-content\/uploads\/2018\/03\/550x506.jpg","contentUrl":"https:\/\/magnetarmagnets.com\/wp-content\/uploads\/2018\/03\/550x506.jpg","width":550,"height":506,"caption":"Stainless Steel knife holder"},{"@type":"BreadcrumbList","@id":"https:\/\/magnetarmagnets.com\/cs\/shop\/magneticky-drzak-na-noze-nerezova-ocel\/#breadcrumb","itemListElement":[{"@type":"ListItem","position":1,"name":"Home","item":"https:\/\/magnetarmagnets.com\/cs\/"},{"@type":"ListItem","position":2,"name":"Obchod","item":"https:\/\/magnetarmagnets.com\/obchod\/"},{"@type":"ListItem","position":3,"name":"Vybaven\u00ed","item":"https:\/\/magnetarmagnets.com\/cs\/collections\/vybaveni\/"},{"@type":"ListItem","position":4,"name":"Magnetick\u00e9 dopl\u0148ky","item":"https:\/\/magnetarmagnets.com\/cs\/collections\/vybaveni\/magneticke-doplnky\/"},{"@type":"ListItem","position":5,"name":"Magnetick\u00fd dr\u017e\u00e1k na no\u017ee \u2013 nerezov\u00e1 ocel"}]},{"@type":"WebSite","@id":"https:\/\/magnetarmagnets.com\/cs\/#website","url":"https:\/\/magnetarmagnets.com\/cs\/","name":"Magnet fishing with a Magnetar fishing magnet","description":"Siln\u00e9 magnety na magnet fishing","publisher":{"@id":"https:\/\/magnetarmagnets.com\/cs\/#organization"},"potentialAction":[{"@type":"SearchAction","target":{"@type":"EntryPoint","urlTemplate":"https:\/\/magnetarmagnets.com\/cs\/?s={search_term_string}"},"query-input":{"@type":"PropertyValueSpecification","valueRequired":true,"valueName":"search_term_string"}}],"inLanguage":"cs"},{"@type":"Organization","@id":"https:\/\/magnetarmagnets.com\/cs\/#organization","name":"Magnetar","url":"https:\/\/magnetarmagnets.com\/cs\/","logo":{"@type":"ImageObject","inLanguage":"cs","@id":"https:\/\/magnetarmagnets.com\/cs\/#\/schema\/logo\/image\/","url":"https:\/\/magnetarmagnets.com\/wp-content\/uploads\/2025\/05\/Logo-03_PNG-Black-scaled.png","contentUrl":"https:\/\/magnetarmagnets.com\/wp-content\/uploads\/2025\/05\/Logo-03_PNG-Black-scaled.png","width":2560,"height":1658,"caption":"Magnetar"},"image":{"@id":"https:\/\/magnetarmagnets.com\/cs\/#\/schema\/logo\/image\/"},"sameAs":["https:\/\/www.facebook.com\/fishingmagnets\/","https:\/\/www.instagram.com\/magnetar_magnets\/","https:\/\/www.linkedin.com\/company\/magnetarbv\/?originalSubdomain=nl","https:\/\/www.youtube.com\/c\/MagnetarVismagneet"]}]}},"_links":{"self":[{"href":"https:\/\/magnetarmagnets.com\/cs\/wp-json\/wp\/v2\/product\/83230","targetHints":{"allow":["GET"]}}],"collection":[{"href":"https:\/\/magnetarmagnets.com\/cs\/wp-json\/wp\/v2\/product"}],"about":[{"href":"https:\/\/magnetarmagnets.com\/cs\/wp-json\/wp\/v2\/types\/product"}],"replies":[{"embeddable":true,"href":"https:\/\/magnetarmagnets.com\/cs\/wp-json\/wp\/v2\/comments?post=83230"}],"version-history":[{"count":0,"href":"https:\/\/magnetarmagnets.com\/cs\/wp-json\/wp\/v2\/product\/83230\/revisions"}],"wp:featuredmedia":[{"embeddable":true,"href":"https:\/\/magnetarmagnets.com\/cs\/wp-json\/wp\/v2\/media\/80052"}],"wp:attachment":[{"href":"https:\/\/magnetarmagnets.com\/cs\/wp-json\/wp\/v2\/media?parent=83230"}],"wp:term":[{"taxonomy":"product_brand","embeddable":true,"href":"https:\/\/magnetarmagnets.com\/cs\/wp-json\/wp\/v2\/product_brand?post=83230"},{"taxonomy":"product_cat","embeddable":true,"href":"https:\/\/magnetarmagnets.com\/cs\/wp-json\/wp\/v2\/product_cat?post=83230"},{"taxonomy":"product_tag","embeddable":true,"href":"https:\/\/magnetarmagnets.com\/cs\/wp-json\/wp\/v2\/product_tag?post=83230"}],"curies":[{"name":"wp","href":"https:\/\/api.w.org\/{rel}","templated":true}]}}