{"id":83229,"date":"2025-06-05T09:54:39","date_gmt":"2025-06-05T07:54:39","guid":{"rendered":"https:\/\/magnetarmagnets.com\/?post_type=product&#038;p=83229"},"modified":"2026-04-04T07:28:32","modified_gmt":"2026-04-04T05:28:32","slug":"magneticky-drzak-nozu","status":"publish","type":"product","link":"https:\/\/magnetarmagnets.com\/cs\/shop\/magneticky-drzak-nozu\/","title":{"rendered":"Magnetick\u00fd dr\u017e\u00e1k no\u017e\u016f"},"content":{"rendered":"<h2><strong>Magnet na no\u017ee<\/strong><\/h2>\n\n<ul>\n\n \t<li style=\"font-weight: 400;\"><span style=\"font-weight: 400;\">1 x d\u0159ev\u011bn\u00fd dr\u017e\u00e1k na no\u017ee<\/span><\/li>\n\n \t<li style=\"font-weight: 400;\"><span style=\"font-weight: 400;\">2 x \u0161rouby<\/span><\/li>\n\n \t<li style=\"font-weight: 400;\"><span style=\"font-weight: 400;\">2 x hmo\u017edinky<\/span><\/li>\n\n \t<li style=\"font-weight: 400;\"><span style=\"font-weight: 400;\">jednoduch\u00fd n\u00e1vod k mont\u00e1\u017ei<\/span><\/li>\n\n<\/ul>\n\n<span style=\"font-weight: 400;\">Neschov\u00e1vejte sv\u00e9 no\u017ee: zav\u011bste je hygienicky, jednodu\u0161e a rychle na magnetick\u00fd dr\u017e\u00e1k no\u017e\u016f!<\/span>\n\n<span style=\"font-weight: 400;\">Snadno zav\u011bste sv\u00e9 no\u017ee na magnetickou li\u0161tu od Magnetar. No\u017ee se na magnetickou li\u0161tu \u201ep\u0159ichyt\u00ed\u201c bezpe\u010dn\u00fdm a velmi stylov\u00fdm zp\u016fsobem.<\/span>\n\n<h2><strong>V\u00fdhody magnetick\u00e9ho dr\u017e\u00e1ku no\u017e\u016f<\/strong><\/h2>\n\n<span style=\"font-weight: 400;\">M\u016f\u017eete ulo\u017eit no\u017ee vysoko, aby k nim d\u011bti nem\u011bly p\u0159\u00edstup. U\u017e \u017e\u00e1dn\u00e9 po\u0161kozen\u00ed v kuchy\u0148sk\u00e9 z\u00e1suvce nebo sk\u0159\u00ed\u0148ce a va\u0161e no\u017ee vydr\u017e\u00ed d\u00e9le. No\u017ee budou ve va\u0161\u00ed kuchyni viset modern\u00edm a stylov\u00fdm zp\u016fsobem. M\u016f\u017eete b\u00fdt na sv\u00e9 no\u017ee hrd\u00ed a p\u0159estat je schov\u00e1vat v bloku nebo v z\u00e1suvce!<\/span>\n\n<h2><strong>Informace a mont\u00e1\u017e<\/strong><\/h2>\n\n<span style=\"font-weight: 400;\">Magnetick\u00fd dr\u017e\u00e1k no\u017e\u016f je vyroben z p\u0159\u00edrodn\u00edho d\u0159eva, kter\u00e9 ve va\u0161\u00ed kuchyni skv\u011ble vypad\u00e1. Nab\u00edz\u00edme tak\u00e9 nerezovou verzi t\u00e9to li\u0161ty. Mont\u00e1\u017e nezabere mnoho \u010dasu a je velmi snadn\u00e1 \u2013 sta\u010d\u00ed m\u00edt vrta\u010dku. Dva \u0161rouby a dv\u011b hmo\u017edinky jsou sou\u010d\u00e1st\u00ed balen\u00ed, tak\u017ee je nemus\u00edte dokupovat.<\/span>\n\n<h2><strong>Technick\u00e9 parametry magnetu na no\u017ee<\/strong><\/h2>\n\n<span style=\"font-weight: 400;\">Li\u0161ta je \u0161irok\u00e1 6,3 cm, co\u017e znamen\u00e1, \u017ee na ni p\u0159ilnou jak mal\u00e9, tak velk\u00e9 no\u017ee. M\u016f\u017eete na ni zav\u011bsit no\u017ee o d\u00e9lce a\u017e 40 cm.<\/span>\n\n<img fetchpriority=\"high\" decoding=\"async\" class=\"size-medium wp-image-38093 alignleft\" src=\"https:\/\/magnetarmagnets.com\/wp-content\/uploads\/2018\/03\/IMG_2134-300x200.jpg\" alt=\"magnetische messenhouder van hout\" width=\"300\" height=\"200\" \/><img decoding=\"async\" class=\"size-medium wp-image-38094 alignright\" src=\"https:\/\/magnetarmagnets.com\/wp-content\/uploads\/2018\/03\/IMG_2133-300x200.jpg\" alt=\"magnetische messenhouder van hout\" width=\"300\" height=\"200\" \/>","protected":false},"excerpt":{"rendered":"<p><span style=\"font-weight: 400;\">Magnetick\u00e1 li\u0161ta na n\u00e1\u0159ad\u00ed je vyrobena z<strong> p\u0159\u00edrodn\u00edho d\u0159eva<\/strong>, kter\u00e9 ve va\u0161\u00ed kuchyni vypad\u00e1 velmi <strong>stylov\u011b<\/strong> a je <strong>velmi snadn\u00e9 ji p\u0159ipevnit<\/strong>.<\/span><\/p>\n","protected":false},"featured_media":80053,"comment_status":"open","ping_status":"closed","template":"","meta":{"_acf_changed":false,"inline_featured_image":false},"product_brand":[],"product_cat":[567,563],"product_tag":[],"class_list":{"0":"post-83229","1":"product","2":"type-product","3":"status-publish","4":"has-post-thumbnail","6":"product_cat-magneticke-doplnky","7":"product_cat-vybaveni","9":"first","10":"instock","11":"taxable","12":"shipping-taxable","13":"purchasable","14":"product-type-simple"},"acf":[],"yoast_head":"<!-- This site is optimized with the Yoast SEO plugin v27.3 - https:\/\/yoast.com\/product\/yoast-seo-wordpress\/ -->\n<title>Neschov\u00e1vejte sv\u00e9 no\u017ee: zav\u011bste je hygienicky, jednodu\u0161e a rychle na magnetick\u00fd dr\u017e\u00e1k no\u017e\u016f!<\/title>\n<meta name=\"description\" content=\"Magnetick\u00fd dr\u017e\u00e1k no\u017e\u016f \u2013 jednoduch\u00e9 a hygienick\u00e9 \u0159e\u0161en\u00ed pro uskladn\u011bn\u00ed\" \/>\n<meta name=\"robots\" content=\"index, follow, max-snippet:-1, max-image-preview:large, max-video-preview:-1\" \/>\n<link rel=\"canonical\" href=\"https:\/\/magnetarmagnets.com\/cs\/shop\/magneticky-drzak-nozu\/\" \/>\n<meta property=\"og:locale\" content=\"cs_CZ\" \/>\n<meta property=\"og:type\" content=\"article\" \/>\n<meta property=\"og:title\" content=\"Neschov\u00e1vejte sv\u00e9 no\u017ee: zav\u011bste je hygienicky, jednodu\u0161e a rychle na magnetick\u00fd dr\u017e\u00e1k no\u017e\u016f!\" \/>\n<meta property=\"og:description\" content=\"Magnetick\u00fd dr\u017e\u00e1k no\u017e\u016f \u2013 jednoduch\u00e9 a hygienick\u00e9 \u0159e\u0161en\u00ed pro uskladn\u011bn\u00ed\" \/>\n<meta property=\"og:url\" content=\"https:\/\/magnetarmagnets.com\/cs\/shop\/magneticky-drzak-nozu\/\" \/>\n<meta property=\"og:site_name\" content=\"Magnet fishing with a Magnetar fishing magnet\" \/>\n<meta property=\"article:publisher\" content=\"https:\/\/www.facebook.com\/fishingmagnets\/\" \/>\n<meta property=\"article:modified_time\" content=\"2026-04-04T05:28:32+00:00\" \/>\n<meta property=\"og:image\" content=\"https:\/\/magnetarmagnets.com\/wp-content\/uploads\/2018\/03\/1200x1155.jpg\" \/>\n\t<meta property=\"og:image:width\" content=\"1200\" \/>\n\t<meta property=\"og:image:height\" content=\"1155\" \/>\n\t<meta property=\"og:image:type\" content=\"image\/jpeg\" \/>\n<meta name=\"twitter:card\" content=\"summary_large_image\" \/>\n<meta name=\"twitter:label1\" content=\"Odhadovan\u00e1 doba \u010dten\u00ed\" \/>\n\t<meta name=\"twitter:data1\" content=\"2 minuty\" \/>\n<script type=\"application\/ld+json\" class=\"yoast-schema-graph\">{\"@context\":\"https:\\\/\\\/schema.org\",\"@graph\":[{\"@type\":[\"WebPage\",\"ItemPage\"],\"@id\":\"https:\\\/\\\/magnetarmagnets.com\\\/cs\\\/shop\\\/magneticky-drzak-nozu\\\/\",\"url\":\"https:\\\/\\\/magnetarmagnets.com\\\/cs\\\/shop\\\/magneticky-drzak-nozu\\\/\",\"name\":\"Neschov\u00e1vejte sv\u00e9 no\u017ee: zav\u011bste je hygienicky, jednodu\u0161e a rychle na magnetick\u00fd dr\u017e\u00e1k no\u017e\u016f!\",\"isPartOf\":{\"@id\":\"https:\\\/\\\/magnetarmagnets.com\\\/cs\\\/#website\"},\"primaryImageOfPage\":{\"@id\":\"https:\\\/\\\/magnetarmagnets.com\\\/cs\\\/shop\\\/magneticky-drzak-nozu\\\/#primaryimage\"},\"image\":{\"@id\":\"https:\\\/\\\/magnetarmagnets.com\\\/cs\\\/shop\\\/magneticky-drzak-nozu\\\/#primaryimage\"},\"thumbnailUrl\":\"https:\\\/\\\/magnetarmagnets.com\\\/wp-content\\\/uploads\\\/2018\\\/03\\\/1200x1155.jpg\",\"datePublished\":\"2025-06-05T07:54:39+00:00\",\"dateModified\":\"2026-04-04T05:28:32+00:00\",\"description\":\"Magnetick\u00fd dr\u017e\u00e1k no\u017e\u016f \u2013 jednoduch\u00e9 a hygienick\u00e9 \u0159e\u0161en\u00ed pro uskladn\u011bn\u00ed\",\"breadcrumb\":{\"@id\":\"https:\\\/\\\/magnetarmagnets.com\\\/cs\\\/shop\\\/magneticky-drzak-nozu\\\/#breadcrumb\"},\"inLanguage\":\"cs\",\"potentialAction\":[{\"@type\":\"ReadAction\",\"target\":[\"https:\\\/\\\/magnetarmagnets.com\\\/cs\\\/shop\\\/magneticky-drzak-nozu\\\/\"]}]},{\"@type\":\"ImageObject\",\"inLanguage\":\"cs\",\"@id\":\"https:\\\/\\\/magnetarmagnets.com\\\/cs\\\/shop\\\/magneticky-drzak-nozu\\\/#primaryimage\",\"url\":\"https:\\\/\\\/magnetarmagnets.com\\\/wp-content\\\/uploads\\\/2018\\\/03\\\/1200x1155.jpg\",\"contentUrl\":\"https:\\\/\\\/magnetarmagnets.com\\\/wp-content\\\/uploads\\\/2018\\\/03\\\/1200x1155.jpg\",\"width\":1200,\"height\":1155,\"caption\":\"Wood Knife Holder\"},{\"@type\":\"BreadcrumbList\",\"@id\":\"https:\\\/\\\/magnetarmagnets.com\\\/cs\\\/shop\\\/magneticky-drzak-nozu\\\/#breadcrumb\",\"itemListElement\":[{\"@type\":\"ListItem\",\"position\":1,\"name\":\"Home\",\"item\":\"https:\\\/\\\/magnetarmagnets.com\\\/cs\\\/\"},{\"@type\":\"ListItem\",\"position\":2,\"name\":\"Obchod\",\"item\":\"https:\\\/\\\/magnetarmagnets.com\\\/obchod\\\/\"},{\"@type\":\"ListItem\",\"position\":3,\"name\":\"Vybaven\u00ed\",\"item\":\"https:\\\/\\\/magnetarmagnets.com\\\/cs\\\/collections\\\/vybaveni\\\/\"},{\"@type\":\"ListItem\",\"position\":4,\"name\":\"Magnetick\u00e9 dopl\u0148ky\",\"item\":\"https:\\\/\\\/magnetarmagnets.com\\\/cs\\\/collections\\\/vybaveni\\\/magneticke-doplnky\\\/\"},{\"@type\":\"ListItem\",\"position\":5,\"name\":\"Magnetick\u00fd dr\u017e\u00e1k no\u017e\u016f\"}]},{\"@type\":\"WebSite\",\"@id\":\"https:\\\/\\\/magnetarmagnets.com\\\/cs\\\/#website\",\"url\":\"https:\\\/\\\/magnetarmagnets.com\\\/cs\\\/\",\"name\":\"Magnet fishing with a Magnetar fishing magnet\",\"description\":\"Siln\u00e9 magnety na magnet fishing\",\"publisher\":{\"@id\":\"https:\\\/\\\/magnetarmagnets.com\\\/cs\\\/#organization\"},\"potentialAction\":[{\"@type\":\"SearchAction\",\"target\":{\"@type\":\"EntryPoint\",\"urlTemplate\":\"https:\\\/\\\/magnetarmagnets.com\\\/cs\\\/?s={search_term_string}\"},\"query-input\":{\"@type\":\"PropertyValueSpecification\",\"valueRequired\":true,\"valueName\":\"search_term_string\"}}],\"inLanguage\":\"cs\"},{\"@type\":\"Organization\",\"@id\":\"https:\\\/\\\/magnetarmagnets.com\\\/cs\\\/#organization\",\"name\":\"Magnetar\",\"url\":\"https:\\\/\\\/magnetarmagnets.com\\\/cs\\\/\",\"logo\":{\"@type\":\"ImageObject\",\"inLanguage\":\"cs\",\"@id\":\"https:\\\/\\\/magnetarmagnets.com\\\/cs\\\/#\\\/schema\\\/logo\\\/image\\\/\",\"url\":\"https:\\\/\\\/magnetarmagnets.com\\\/wp-content\\\/uploads\\\/2025\\\/05\\\/Logo-03_PNG-Black-scaled.png\",\"contentUrl\":\"https:\\\/\\\/magnetarmagnets.com\\\/wp-content\\\/uploads\\\/2025\\\/05\\\/Logo-03_PNG-Black-scaled.png\",\"width\":2560,\"height\":1658,\"caption\":\"Magnetar\"},\"image\":{\"@id\":\"https:\\\/\\\/magnetarmagnets.com\\\/cs\\\/#\\\/schema\\\/logo\\\/image\\\/\"},\"sameAs\":[\"https:\\\/\\\/www.facebook.com\\\/fishingmagnets\\\/\",\"https:\\\/\\\/www.instagram.com\\\/magnetar_magnets\\\/\",\"https:\\\/\\\/www.linkedin.com\\\/company\\\/magnetarbv\\\/?originalSubdomain=nl\",\"https:\\\/\\\/www.youtube.com\\\/c\\\/MagnetarVismagneet\"]}]}<\/script>\n<!-- \/ Yoast SEO plugin. -->","yoast_head_json":{"title":"Neschov\u00e1vejte sv\u00e9 no\u017ee: zav\u011bste je hygienicky, jednodu\u0161e a rychle na magnetick\u00fd dr\u017e\u00e1k no\u017e\u016f!","description":"Magnetick\u00fd dr\u017e\u00e1k no\u017e\u016f \u2013 jednoduch\u00e9 a hygienick\u00e9 \u0159e\u0161en\u00ed pro uskladn\u011bn\u00ed","robots":{"index":"index","follow":"follow","max-snippet":"max-snippet:-1","max-image-preview":"max-image-preview:large","max-video-preview":"max-video-preview:-1"},"canonical":"https:\/\/magnetarmagnets.com\/cs\/shop\/magneticky-drzak-nozu\/","og_locale":"cs_CZ","og_type":"article","og_title":"Neschov\u00e1vejte sv\u00e9 no\u017ee: zav\u011bste je hygienicky, jednodu\u0161e a rychle na magnetick\u00fd dr\u017e\u00e1k no\u017e\u016f!","og_description":"Magnetick\u00fd dr\u017e\u00e1k no\u017e\u016f \u2013 jednoduch\u00e9 a hygienick\u00e9 \u0159e\u0161en\u00ed pro uskladn\u011bn\u00ed","og_url":"https:\/\/magnetarmagnets.com\/cs\/shop\/magneticky-drzak-nozu\/","og_site_name":"Magnet fishing with a Magnetar fishing magnet","article_publisher":"https:\/\/www.facebook.com\/fishingmagnets\/","article_modified_time":"2026-04-04T05:28:32+00:00","og_image":[{"width":1200,"height":1155,"url":"https:\/\/magnetarmagnets.com\/wp-content\/uploads\/2018\/03\/1200x1155.jpg","type":"image\/jpeg"}],"twitter_card":"summary_large_image","twitter_misc":{"Odhadovan\u00e1 doba \u010dten\u00ed":"2 minuty"},"schema":{"@context":"https:\/\/schema.org","@graph":[{"@type":["WebPage","ItemPage"],"@id":"https:\/\/magnetarmagnets.com\/cs\/shop\/magneticky-drzak-nozu\/","url":"https:\/\/magnetarmagnets.com\/cs\/shop\/magneticky-drzak-nozu\/","name":"Neschov\u00e1vejte sv\u00e9 no\u017ee: zav\u011bste je hygienicky, jednodu\u0161e a rychle na magnetick\u00fd dr\u017e\u00e1k no\u017e\u016f!","isPartOf":{"@id":"https:\/\/magnetarmagnets.com\/cs\/#website"},"primaryImageOfPage":{"@id":"https:\/\/magnetarmagnets.com\/cs\/shop\/magneticky-drzak-nozu\/#primaryimage"},"image":{"@id":"https:\/\/magnetarmagnets.com\/cs\/shop\/magneticky-drzak-nozu\/#primaryimage"},"thumbnailUrl":"https:\/\/magnetarmagnets.com\/wp-content\/uploads\/2018\/03\/1200x1155.jpg","datePublished":"2025-06-05T07:54:39+00:00","dateModified":"2026-04-04T05:28:32+00:00","description":"Magnetick\u00fd dr\u017e\u00e1k no\u017e\u016f \u2013 jednoduch\u00e9 a hygienick\u00e9 \u0159e\u0161en\u00ed pro uskladn\u011bn\u00ed","breadcrumb":{"@id":"https:\/\/magnetarmagnets.com\/cs\/shop\/magneticky-drzak-nozu\/#breadcrumb"},"inLanguage":"cs","potentialAction":[{"@type":"ReadAction","target":["https:\/\/magnetarmagnets.com\/cs\/shop\/magneticky-drzak-nozu\/"]}]},{"@type":"ImageObject","inLanguage":"cs","@id":"https:\/\/magnetarmagnets.com\/cs\/shop\/magneticky-drzak-nozu\/#primaryimage","url":"https:\/\/magnetarmagnets.com\/wp-content\/uploads\/2018\/03\/1200x1155.jpg","contentUrl":"https:\/\/magnetarmagnets.com\/wp-content\/uploads\/2018\/03\/1200x1155.jpg","width":1200,"height":1155,"caption":"Wood Knife Holder"},{"@type":"BreadcrumbList","@id":"https:\/\/magnetarmagnets.com\/cs\/shop\/magneticky-drzak-nozu\/#breadcrumb","itemListElement":[{"@type":"ListItem","position":1,"name":"Home","item":"https:\/\/magnetarmagnets.com\/cs\/"},{"@type":"ListItem","position":2,"name":"Obchod","item":"https:\/\/magnetarmagnets.com\/obchod\/"},{"@type":"ListItem","position":3,"name":"Vybaven\u00ed","item":"https:\/\/magnetarmagnets.com\/cs\/collections\/vybaveni\/"},{"@type":"ListItem","position":4,"name":"Magnetick\u00e9 dopl\u0148ky","item":"https:\/\/magnetarmagnets.com\/cs\/collections\/vybaveni\/magneticke-doplnky\/"},{"@type":"ListItem","position":5,"name":"Magnetick\u00fd dr\u017e\u00e1k no\u017e\u016f"}]},{"@type":"WebSite","@id":"https:\/\/magnetarmagnets.com\/cs\/#website","url":"https:\/\/magnetarmagnets.com\/cs\/","name":"Magnet fishing with a Magnetar fishing magnet","description":"Siln\u00e9 magnety na magnet fishing","publisher":{"@id":"https:\/\/magnetarmagnets.com\/cs\/#organization"},"potentialAction":[{"@type":"SearchAction","target":{"@type":"EntryPoint","urlTemplate":"https:\/\/magnetarmagnets.com\/cs\/?s={search_term_string}"},"query-input":{"@type":"PropertyValueSpecification","valueRequired":true,"valueName":"search_term_string"}}],"inLanguage":"cs"},{"@type":"Organization","@id":"https:\/\/magnetarmagnets.com\/cs\/#organization","name":"Magnetar","url":"https:\/\/magnetarmagnets.com\/cs\/","logo":{"@type":"ImageObject","inLanguage":"cs","@id":"https:\/\/magnetarmagnets.com\/cs\/#\/schema\/logo\/image\/","url":"https:\/\/magnetarmagnets.com\/wp-content\/uploads\/2025\/05\/Logo-03_PNG-Black-scaled.png","contentUrl":"https:\/\/magnetarmagnets.com\/wp-content\/uploads\/2025\/05\/Logo-03_PNG-Black-scaled.png","width":2560,"height":1658,"caption":"Magnetar"},"image":{"@id":"https:\/\/magnetarmagnets.com\/cs\/#\/schema\/logo\/image\/"},"sameAs":["https:\/\/www.facebook.com\/fishingmagnets\/","https:\/\/www.instagram.com\/magnetar_magnets\/","https:\/\/www.linkedin.com\/company\/magnetarbv\/?originalSubdomain=nl","https:\/\/www.youtube.com\/c\/MagnetarVismagneet"]}]}},"_links":{"self":[{"href":"https:\/\/magnetarmagnets.com\/cs\/wp-json\/wp\/v2\/product\/83229","targetHints":{"allow":["GET"]}}],"collection":[{"href":"https:\/\/magnetarmagnets.com\/cs\/wp-json\/wp\/v2\/product"}],"about":[{"href":"https:\/\/magnetarmagnets.com\/cs\/wp-json\/wp\/v2\/types\/product"}],"replies":[{"embeddable":true,"href":"https:\/\/magnetarmagnets.com\/cs\/wp-json\/wp\/v2\/comments?post=83229"}],"version-history":[{"count":0,"href":"https:\/\/magnetarmagnets.com\/cs\/wp-json\/wp\/v2\/product\/83229\/revisions"}],"wp:featuredmedia":[{"embeddable":true,"href":"https:\/\/magnetarmagnets.com\/cs\/wp-json\/wp\/v2\/media\/80053"}],"wp:attachment":[{"href":"https:\/\/magnetarmagnets.com\/cs\/wp-json\/wp\/v2\/media?parent=83229"}],"wp:term":[{"taxonomy":"product_brand","embeddable":true,"href":"https:\/\/magnetarmagnets.com\/cs\/wp-json\/wp\/v2\/product_brand?post=83229"},{"taxonomy":"product_cat","embeddable":true,"href":"https:\/\/magnetarmagnets.com\/cs\/wp-json\/wp\/v2\/product_cat?post=83229"},{"taxonomy":"product_tag","embeddable":true,"href":"https:\/\/magnetarmagnets.com\/cs\/wp-json\/wp\/v2\/product_tag?post=83229"}],"curies":[{"name":"wp","href":"https:\/\/api.w.org\/{rel}","templated":true}]}}