{"id":83228,"date":"2025-07-28T10:06:43","date_gmt":"2025-07-28T08:06:43","guid":{"rendered":"https:\/\/magnetarmagnets.com\/?post_type=product&#038;p=83228"},"modified":"2025-07-29T12:28:41","modified_gmt":"2025-07-29T10:28:41","slug":"klasicky-fishing-magnet-110-kg-jednostranny","status":"publish","type":"product","link":"https:\/\/magnetarmagnets.com\/cs\/shop\/klasicky-fishing-magnet-110-kg-jednostranny\/","title":{"rendered":"Klasick\u00fd fishing magnet 110 kg \u2013 jednostrann\u00fd"},"content":{"rendered":"Klasick\u00fd 110 fishing magnet <span style=\"font-weight: 400;\">je jednostrann\u00fd neodymov\u00fd magnet a m\u00e1 maxim\u00e1ln\u00ed p\u0159\u00edtahovou s\u00edlu 110 kg. Doporu\u010dujeme n\u00e1\u0161 klasick\u00fd 110 fishing magnet d\u011btem nebo lidem, kte\u0159\u00ed pot\u0159ebuj\u00ed magnet jednor\u00e1zov\u011b nebo jen p\u00e1rkr\u00e1t, nap\u0159\u00edklad k vyta\u017een\u00ed kl\u00ed\u010d\u016f z vody. Pro ty, kte\u0159\u00ed se cht\u011bj\u00ed opravdu v\u011bnovat magnet fishing, doporu\u010dujeme siln\u011bj\u0161\u00ed magnet.<\/span>\n\n<h2>Klasick\u00fd 110 fishing magnet 110 kg<\/h2>\n\n<span style=\"font-weight: 400;\">Hled\u00e1te mal\u00fd fishing magnet pro va\u0161e d\u00edt\u011b? Nebo jste n\u011bco upustili do vody a pot\u0159ebujete to zp\u011bt? Klasick\u00fd 110 fishing magnet je tou spr\u00e1vnou volbou! Tento magnet m\u00e1 malou velikost vhodnou pro d\u011bti, ale je tak\u00e9 v\u00fdkonn\u00fd. 240 lb \/ 110 kg se m\u016f\u017ee zd\u00e1t jako velk\u00e1 s\u00edla, ale pln\u00e9ho v\u00fdkonu dos\u00e1hnete jen za ide\u00e1ln\u00edch podm\u00ednek. Tyto podm\u00ednky jsou: rovn\u00fd kov o tlou\u0161\u0165ce 2 cm, bez koroze a bez ne\u010distot mezi magnetem a kovem. Za t\u011bchto podm\u00ednek dok\u00e1\u017ee magnet vyvinout p\u0159\u00edtahovou s\u00edlu a\u017e 110 kg p\u0159\u00edmo nahoru.<\/span>\n\n<span style=\"font-weight: 400;\">Ze v\u0161eho nejl\u00e9pe s t\u00edmto magnetem vyt\u00e1hnete mince, kl\u00ed\u010de a mal\u00e9 poklady. P\u0159edm\u011bty t\u011b\u017e\u0161\u00ed ne\u017e tyto nelze z vody vyt\u00e1hnout. Domn\u00edv\u00e1me se, \u017ee 110 kg je p\u0159\u00edli\u0161 m\u00e1lo na to, aby se dalo skute\u010dn\u011b v\u011bnovat magnet fishing. V\u00fdhodou klasick\u00e9ho 110 fishing magnet je jeho relativn\u011b n\u00edzk\u00e1 cena. Dal\u0161\u00ed v\u00fdhodou je, \u017ee d\u011bti mohou zjistit, zda je magnet fishing pro n\u011b z\u00e1bavn\u00fd kon\u00ed\u010dek. Pokud chcete vykon\u00e1vat magnet fishing a nenechat si uniknout poklady z okol\u00ed dna, doporu\u010dujeme n\u011bkter\u00fd z na\u0161ich v\u00fdkonn\u011bj\u0161\u00edch magnet\u016f.<\/span>\n\nChcete se do magnet fishing opravdu pono\u0159it? Pak doporu\u010dujeme na\u0161e siln\u011bj\u0161\u00ed magnety. <a href=\"https:\/\/magnetarmagnets.com\/shop\/classic-fishing-magnet-660lb-300kg\">Classic 300<\/a> a v\u0161estrann\u00e9 360\u00b0 magnety <a href=\"https:\/\/magnetarmagnets.com\/shop\/easy-magnet\">Easy<\/a> a <a href=\"https:\/\/magnetarmagnets.com\/shop\/hardcore-magnet-2\">Hardcore<\/a> jsou vynikaj\u00edc\u00ed volby pro za\u010d\u00ednaj\u00edc\u00edho magnet fishing nad\u0161ence, kter\u00fd chce z\u00edskat \u0161irokou \u0161k\u00e1lu p\u0159edm\u011bt\u016f.\n\n<h2><span style=\"font-weight: 400\">Vysok\u00e1 kvalita<\/span><\/h2>\n\n<span style=\"font-weight: 400\">Na\u0161e magnety jsou vyrobeny z nejkvalitn\u011bj\u0161\u00edho neodymia. To znamen\u00e1, \u017ee na\u0161e magnety Magnetar si uchov\u00e1vaj\u00ed svou magnetickou s\u00edlu a po 100 letech ztrat\u00ed pouze 1 % t\u00e9to s\u00edly! V\u011bt\u0161ina ostatn\u00edch dodavatel\u016f nab\u00edz\u00ed magnety, kter\u00e9 takovou ztr\u00e1tu vykazuj\u00ed u\u017e za n\u011bkolik t\u00fddn\u016f. \u010c\u00edm d\u00e1l v\u00edce t\u011bchto nekvalitn\u00edch magnet\u016f se dnes objevuje na trhu. Obsahuj\u00ed nekvalitn\u00ed neodymium, aby sn\u00ed\u017eili cenu a magnet p\u016fsobil opticky v\u011bt\u0161\u00ed. P\u0159i po\u0159\u00edzen\u00ed takov\u00e9ho magnetu vyhod\u00edte pen\u00edze z okna.<\/span>\n\n<span style=\"font-weight: 400\">V\u0161echny na\u0161e magnety jsou osobn\u011b navr\u017eeny a konstruov\u00e1ny tak, abyste si co nejv\u00edce u\u017eili z\u00e1\u017eitek z magnet fishing. Testujeme je profesion\u00e1ln\u00edm vybaven\u00edm, aby byla p\u0159\u00edtahov\u00e1 s\u00edla, kterou uv\u00e1d\u00edme, p\u0159esn\u00e1. D\u00edky na\u0161im zku\u0161enostem s magnet fishingem p\u0159esn\u011b v\u00edme, jak spr\u00e1vn\u011b navrhnout magnet. M\u016f\u017eete to sami vyzkou\u0161et s na\u0161imi vysoce kvalitn\u00edmi, v\u00fdkonn\u00fdmi a spolehliv\u00fdmi magnety. Zaj\u00edm\u00e1 v\u00e1s, jak testujeme magnetickou s\u00edlu? <a href=\"https:\/\/www.youtube.com\/watch?v=2McW3RURDxs\">Pod\u00edvejte se na na\u0161e video<\/a><\/span><span style=\"font-weight: 400\"> zde.<\/span>\n<h2><span style=\"font-weight: 400\">Pozor!<\/span><\/h2>\n\n<span style=\"font-weight: 400\">Na\u0161e neodymov\u00e9 magnety jsou extr\u00e9mn\u011b siln\u00e9 a p\u0159i bl\u00edzk\u00e9m kontaktu se mohou s velkou rychlost\u00ed p\u0159ichytit na kovov\u00e9 p\u0159edm\u011bty. Rozhodn\u011b nechcete m\u00edt prsty mezi magnetem a kovem. U n\u011bkter\u00fdch na\u0161ich nejsiln\u011bj\u0161\u00edch magnet\u016f m\u016f\u017eete snadno zlomit, rozdrtit nebo si p\u00e1lit mozoly na prstech, kdy\u017e se ocitnou mezi magnetem a kovem. Bu\u010fte v\u017edy opatrn\u00ed p\u0159i pou\u017e\u00edv\u00e1n\u00ed na\u0161ich magnet\u016f. Pozor: U\u017e\u00edv\u00e1n\u00ed na\u0161ich magnet\u016f je na vlastn\u00ed riziko. P\u0159ed pou\u017eit\u00edm si v\u017edy p\u0159e\u010dt\u011bte na\u0161e <a href=\"https:\/\/magnetarmagnets.com\/how-do-you-use-fishing-magnets-in-a-safe-way\"><span style=\"font-weight: 400\">bezpe\u010dnostn\u00ed pokyny<\/span><\/a><span style=\"font-weight: 400\">.<\/span><\/span>","protected":false},"excerpt":{"rendered":"<p><span style=\"font-weight: 400;\"><strong>Bezpe\u010dn\u00e9 pro d\u011bti<\/strong>, nezbytn\u00e9 pro nad\u0161ence vodn\u00edch sport\u016f, kte\u0159\u00ed cht\u011bj\u00ed <strong>vyt\u00e1hnout ztracen\u00e9 p\u0159edm\u011bty na povrch<\/strong>.<\/span><\/p>\n","protected":false},"featured_media":70484,"comment_status":"open","ping_status":"closed","template":"","meta":{"_acf_changed":false,"inline_featured_image":false},"product_brand":[],"product_cat":[553,559,568],"product_tag":[549],"class_list":{"0":"post-83228","1":"product","2":"type-product","3":"status-publish","4":"has-post-thumbnail","6":"product_cat-fishing-magnets-cs","7":"product_cat-jednostranne-fishing-magnety","8":"product_cat-zacatecnici-a-deti","9":"product_tag-doprava-zdarma","11":"first","12":"instock","13":"sale","14":"taxable","15":"shipping-taxable","16":"purchasable","17":"product-type-simple"},"acf":[],"yoast_head":"<!-- This site is optimized with the Yoast SEO plugin v27.3 - https:\/\/yoast.com\/product\/yoast-seo-wordpress\/ -->\n<title>ryb\u00e1\u0159sk\u00fd magnet pro d\u011bti \u2013 speci\u00e1ln\u00ed 110 kg magnet pro d\u011bti<\/title>\n<meta name=\"description\" content=\"ryb\u00e1\u0159sk\u00fd magnet pro d\u011bti \u2013 110 kg \u2013 Magnetar\" \/>\n<meta name=\"robots\" content=\"index, follow, max-snippet:-1, max-image-preview:large, max-video-preview:-1\" \/>\n<link rel=\"canonical\" href=\"https:\/\/magnetarmagnets.com\/cs\/shop\/klasicky-fishing-magnet-110-kg-jednostranny\/\" \/>\n<meta property=\"og:locale\" content=\"cs_CZ\" \/>\n<meta property=\"og:type\" content=\"article\" \/>\n<meta property=\"og:title\" content=\"ryb\u00e1\u0159sk\u00fd magnet pro d\u011bti \u2013 speci\u00e1ln\u00ed 110 kg magnet pro d\u011bti\" \/>\n<meta property=\"og:description\" content=\"ryb\u00e1\u0159sk\u00fd magnet pro d\u011bti \u2013 110 kg \u2013 Magnetar\" \/>\n<meta property=\"og:url\" content=\"https:\/\/magnetarmagnets.com\/cs\/shop\/klasicky-fishing-magnet-110-kg-jednostranny\/\" \/>\n<meta property=\"og:site_name\" content=\"Magnet fishing with a Magnetar fishing magnet\" \/>\n<meta property=\"article:publisher\" content=\"https:\/\/www.facebook.com\/fishingmagnets\/\" \/>\n<meta property=\"article:modified_time\" content=\"2025-07-29T10:28:41+00:00\" \/>\n<meta property=\"og:image\" content=\"https:\/\/magnetarmagnets.com\/wp-content\/uploads\/2018\/02\/FOTO1499-1.jpg\" \/>\n\t<meta property=\"og:image:width\" content=\"1000\" \/>\n\t<meta property=\"og:image:height\" content=\"1000\" \/>\n\t<meta property=\"og:image:type\" content=\"image\/jpeg\" \/>\n<meta name=\"twitter:card\" content=\"summary_large_image\" \/>\n<meta name=\"twitter:label1\" content=\"Odhadovan\u00e1 doba \u010dten\u00ed\" \/>\n\t<meta name=\"twitter:data1\" content=\"3 minuty\" \/>\n<script type=\"application\/ld+json\" class=\"yoast-schema-graph\">{\"@context\":\"https:\\\/\\\/schema.org\",\"@graph\":[{\"@type\":[\"WebPage\",\"ItemPage\"],\"@id\":\"https:\\\/\\\/magnetarmagnets.com\\\/cs\\\/shop\\\/klasicky-fishing-magnet-110-kg-jednostranny\\\/\",\"url\":\"https:\\\/\\\/magnetarmagnets.com\\\/cs\\\/shop\\\/klasicky-fishing-magnet-110-kg-jednostranny\\\/\",\"name\":\"ryb\u00e1\u0159sk\u00fd magnet pro d\u011bti \u2013 speci\u00e1ln\u00ed 110 kg magnet pro d\u011bti\",\"isPartOf\":{\"@id\":\"https:\\\/\\\/magnetarmagnets.com\\\/cs\\\/#website\"},\"primaryImageOfPage\":{\"@id\":\"https:\\\/\\\/magnetarmagnets.com\\\/cs\\\/shop\\\/klasicky-fishing-magnet-110-kg-jednostranny\\\/#primaryimage\"},\"image\":{\"@id\":\"https:\\\/\\\/magnetarmagnets.com\\\/cs\\\/shop\\\/klasicky-fishing-magnet-110-kg-jednostranny\\\/#primaryimage\"},\"thumbnailUrl\":\"https:\\\/\\\/magnetarmagnets.com\\\/wp-content\\\/uploads\\\/2018\\\/02\\\/FOTO1499-1.jpg\",\"datePublished\":\"2025-07-28T08:06:43+00:00\",\"dateModified\":\"2025-07-29T10:28:41+00:00\",\"description\":\"ryb\u00e1\u0159sk\u00fd magnet pro d\u011bti \u2013 110 kg \u2013 Magnetar\",\"breadcrumb\":{\"@id\":\"https:\\\/\\\/magnetarmagnets.com\\\/cs\\\/shop\\\/klasicky-fishing-magnet-110-kg-jednostranny\\\/#breadcrumb\"},\"inLanguage\":\"cs\",\"potentialAction\":[{\"@type\":\"ReadAction\",\"target\":[\"https:\\\/\\\/magnetarmagnets.com\\\/cs\\\/shop\\\/klasicky-fishing-magnet-110-kg-jednostranny\\\/\"]}]},{\"@type\":\"ImageObject\",\"inLanguage\":\"cs\",\"@id\":\"https:\\\/\\\/magnetarmagnets.com\\\/cs\\\/shop\\\/klasicky-fishing-magnet-110-kg-jednostranny\\\/#primaryimage\",\"url\":\"https:\\\/\\\/magnetarmagnets.com\\\/wp-content\\\/uploads\\\/2018\\\/02\\\/FOTO1499-1.jpg\",\"contentUrl\":\"https:\\\/\\\/magnetarmagnets.com\\\/wp-content\\\/uploads\\\/2018\\\/02\\\/FOTO1499-1.jpg\",\"width\":1000,\"height\":1000,\"caption\":\"Classic 80\"},{\"@type\":\"BreadcrumbList\",\"@id\":\"https:\\\/\\\/magnetarmagnets.com\\\/cs\\\/shop\\\/klasicky-fishing-magnet-110-kg-jednostranny\\\/#breadcrumb\",\"itemListElement\":[{\"@type\":\"ListItem\",\"position\":1,\"name\":\"Home\",\"item\":\"https:\\\/\\\/magnetarmagnets.com\\\/cs\\\/\"},{\"@type\":\"ListItem\",\"position\":2,\"name\":\"Obchod\",\"item\":\"https:\\\/\\\/magnetarmagnets.com\\\/obchod\\\/\"},{\"@type\":\"ListItem\",\"position\":3,\"name\":\"Fishing magnety\",\"item\":\"https:\\\/\\\/magnetarmagnets.com\\\/cs\\\/collections\\\/fishing-magnets-cs\\\/\"},{\"@type\":\"ListItem\",\"position\":4,\"name\":\"Jednostrann\u00e9 fishing magnety\",\"item\":\"https:\\\/\\\/magnetarmagnets.com\\\/cs\\\/collections\\\/fishing-magnets-cs\\\/jednostranne-fishing-magnety\\\/\"},{\"@type\":\"ListItem\",\"position\":5,\"name\":\"Klasick\u00fd fishing magnet 110 kg \u2013 jednostrann\u00fd\"}]},{\"@type\":\"WebSite\",\"@id\":\"https:\\\/\\\/magnetarmagnets.com\\\/cs\\\/#website\",\"url\":\"https:\\\/\\\/magnetarmagnets.com\\\/cs\\\/\",\"name\":\"Magnet fishing with a Magnetar fishing magnet\",\"description\":\"Siln\u00e9 magnety na magnet fishing\",\"publisher\":{\"@id\":\"https:\\\/\\\/magnetarmagnets.com\\\/cs\\\/#organization\"},\"potentialAction\":[{\"@type\":\"SearchAction\",\"target\":{\"@type\":\"EntryPoint\",\"urlTemplate\":\"https:\\\/\\\/magnetarmagnets.com\\\/cs\\\/?s={search_term_string}\"},\"query-input\":{\"@type\":\"PropertyValueSpecification\",\"valueRequired\":true,\"valueName\":\"search_term_string\"}}],\"inLanguage\":\"cs\"},{\"@type\":\"Organization\",\"@id\":\"https:\\\/\\\/magnetarmagnets.com\\\/cs\\\/#organization\",\"name\":\"Magnetar\",\"url\":\"https:\\\/\\\/magnetarmagnets.com\\\/cs\\\/\",\"logo\":{\"@type\":\"ImageObject\",\"inLanguage\":\"cs\",\"@id\":\"https:\\\/\\\/magnetarmagnets.com\\\/cs\\\/#\\\/schema\\\/logo\\\/image\\\/\",\"url\":\"https:\\\/\\\/magnetarmagnets.com\\\/wp-content\\\/uploads\\\/2025\\\/05\\\/Logo-03_PNG-Black-scaled.png\",\"contentUrl\":\"https:\\\/\\\/magnetarmagnets.com\\\/wp-content\\\/uploads\\\/2025\\\/05\\\/Logo-03_PNG-Black-scaled.png\",\"width\":2560,\"height\":1658,\"caption\":\"Magnetar\"},\"image\":{\"@id\":\"https:\\\/\\\/magnetarmagnets.com\\\/cs\\\/#\\\/schema\\\/logo\\\/image\\\/\"},\"sameAs\":[\"https:\\\/\\\/www.facebook.com\\\/fishingmagnets\\\/\",\"https:\\\/\\\/www.instagram.com\\\/magnetar_magnets\\\/\",\"https:\\\/\\\/www.linkedin.com\\\/company\\\/magnetarbv\\\/?originalSubdomain=nl\",\"https:\\\/\\\/www.youtube.com\\\/c\\\/MagnetarVismagneet\"]}]}<\/script>\n<!-- \/ Yoast SEO plugin. -->","yoast_head_json":{"title":"ryb\u00e1\u0159sk\u00fd magnet pro d\u011bti \u2013 speci\u00e1ln\u00ed 110 kg magnet pro d\u011bti","description":"ryb\u00e1\u0159sk\u00fd magnet pro d\u011bti \u2013 110 kg \u2013 Magnetar","robots":{"index":"index","follow":"follow","max-snippet":"max-snippet:-1","max-image-preview":"max-image-preview:large","max-video-preview":"max-video-preview:-1"},"canonical":"https:\/\/magnetarmagnets.com\/cs\/shop\/klasicky-fishing-magnet-110-kg-jednostranny\/","og_locale":"cs_CZ","og_type":"article","og_title":"ryb\u00e1\u0159sk\u00fd magnet pro d\u011bti \u2013 speci\u00e1ln\u00ed 110 kg magnet pro d\u011bti","og_description":"ryb\u00e1\u0159sk\u00fd magnet pro d\u011bti \u2013 110 kg \u2013 Magnetar","og_url":"https:\/\/magnetarmagnets.com\/cs\/shop\/klasicky-fishing-magnet-110-kg-jednostranny\/","og_site_name":"Magnet fishing with a Magnetar fishing magnet","article_publisher":"https:\/\/www.facebook.com\/fishingmagnets\/","article_modified_time":"2025-07-29T10:28:41+00:00","og_image":[{"width":1000,"height":1000,"url":"https:\/\/magnetarmagnets.com\/wp-content\/uploads\/2018\/02\/FOTO1499-1.jpg","type":"image\/jpeg"}],"twitter_card":"summary_large_image","twitter_misc":{"Odhadovan\u00e1 doba \u010dten\u00ed":"3 minuty"},"schema":{"@context":"https:\/\/schema.org","@graph":[{"@type":["WebPage","ItemPage"],"@id":"https:\/\/magnetarmagnets.com\/cs\/shop\/klasicky-fishing-magnet-110-kg-jednostranny\/","url":"https:\/\/magnetarmagnets.com\/cs\/shop\/klasicky-fishing-magnet-110-kg-jednostranny\/","name":"ryb\u00e1\u0159sk\u00fd magnet pro d\u011bti \u2013 speci\u00e1ln\u00ed 110 kg magnet pro d\u011bti","isPartOf":{"@id":"https:\/\/magnetarmagnets.com\/cs\/#website"},"primaryImageOfPage":{"@id":"https:\/\/magnetarmagnets.com\/cs\/shop\/klasicky-fishing-magnet-110-kg-jednostranny\/#primaryimage"},"image":{"@id":"https:\/\/magnetarmagnets.com\/cs\/shop\/klasicky-fishing-magnet-110-kg-jednostranny\/#primaryimage"},"thumbnailUrl":"https:\/\/magnetarmagnets.com\/wp-content\/uploads\/2018\/02\/FOTO1499-1.jpg","datePublished":"2025-07-28T08:06:43+00:00","dateModified":"2025-07-29T10:28:41+00:00","description":"ryb\u00e1\u0159sk\u00fd magnet pro d\u011bti \u2013 110 kg \u2013 Magnetar","breadcrumb":{"@id":"https:\/\/magnetarmagnets.com\/cs\/shop\/klasicky-fishing-magnet-110-kg-jednostranny\/#breadcrumb"},"inLanguage":"cs","potentialAction":[{"@type":"ReadAction","target":["https:\/\/magnetarmagnets.com\/cs\/shop\/klasicky-fishing-magnet-110-kg-jednostranny\/"]}]},{"@type":"ImageObject","inLanguage":"cs","@id":"https:\/\/magnetarmagnets.com\/cs\/shop\/klasicky-fishing-magnet-110-kg-jednostranny\/#primaryimage","url":"https:\/\/magnetarmagnets.com\/wp-content\/uploads\/2018\/02\/FOTO1499-1.jpg","contentUrl":"https:\/\/magnetarmagnets.com\/wp-content\/uploads\/2018\/02\/FOTO1499-1.jpg","width":1000,"height":1000,"caption":"Classic 80"},{"@type":"BreadcrumbList","@id":"https:\/\/magnetarmagnets.com\/cs\/shop\/klasicky-fishing-magnet-110-kg-jednostranny\/#breadcrumb","itemListElement":[{"@type":"ListItem","position":1,"name":"Home","item":"https:\/\/magnetarmagnets.com\/cs\/"},{"@type":"ListItem","position":2,"name":"Obchod","item":"https:\/\/magnetarmagnets.com\/obchod\/"},{"@type":"ListItem","position":3,"name":"Fishing magnety","item":"https:\/\/magnetarmagnets.com\/cs\/collections\/fishing-magnets-cs\/"},{"@type":"ListItem","position":4,"name":"Jednostrann\u00e9 fishing magnety","item":"https:\/\/magnetarmagnets.com\/cs\/collections\/fishing-magnets-cs\/jednostranne-fishing-magnety\/"},{"@type":"ListItem","position":5,"name":"Klasick\u00fd fishing magnet 110 kg \u2013 jednostrann\u00fd"}]},{"@type":"WebSite","@id":"https:\/\/magnetarmagnets.com\/cs\/#website","url":"https:\/\/magnetarmagnets.com\/cs\/","name":"Magnet fishing with a Magnetar fishing magnet","description":"Siln\u00e9 magnety na magnet fishing","publisher":{"@id":"https:\/\/magnetarmagnets.com\/cs\/#organization"},"potentialAction":[{"@type":"SearchAction","target":{"@type":"EntryPoint","urlTemplate":"https:\/\/magnetarmagnets.com\/cs\/?s={search_term_string}"},"query-input":{"@type":"PropertyValueSpecification","valueRequired":true,"valueName":"search_term_string"}}],"inLanguage":"cs"},{"@type":"Organization","@id":"https:\/\/magnetarmagnets.com\/cs\/#organization","name":"Magnetar","url":"https:\/\/magnetarmagnets.com\/cs\/","logo":{"@type":"ImageObject","inLanguage":"cs","@id":"https:\/\/magnetarmagnets.com\/cs\/#\/schema\/logo\/image\/","url":"https:\/\/magnetarmagnets.com\/wp-content\/uploads\/2025\/05\/Logo-03_PNG-Black-scaled.png","contentUrl":"https:\/\/magnetarmagnets.com\/wp-content\/uploads\/2025\/05\/Logo-03_PNG-Black-scaled.png","width":2560,"height":1658,"caption":"Magnetar"},"image":{"@id":"https:\/\/magnetarmagnets.com\/cs\/#\/schema\/logo\/image\/"},"sameAs":["https:\/\/www.facebook.com\/fishingmagnets\/","https:\/\/www.instagram.com\/magnetar_magnets\/","https:\/\/www.linkedin.com\/company\/magnetarbv\/?originalSubdomain=nl","https:\/\/www.youtube.com\/c\/MagnetarVismagneet"]}]}},"_links":{"self":[{"href":"https:\/\/magnetarmagnets.com\/cs\/wp-json\/wp\/v2\/product\/83228","targetHints":{"allow":["GET"]}}],"collection":[{"href":"https:\/\/magnetarmagnets.com\/cs\/wp-json\/wp\/v2\/product"}],"about":[{"href":"https:\/\/magnetarmagnets.com\/cs\/wp-json\/wp\/v2\/types\/product"}],"replies":[{"embeddable":true,"href":"https:\/\/magnetarmagnets.com\/cs\/wp-json\/wp\/v2\/comments?post=83228"}],"version-history":[{"count":0,"href":"https:\/\/magnetarmagnets.com\/cs\/wp-json\/wp\/v2\/product\/83228\/revisions"}],"wp:featuredmedia":[{"embeddable":true,"href":"https:\/\/magnetarmagnets.com\/cs\/wp-json\/wp\/v2\/media\/70484"}],"wp:attachment":[{"href":"https:\/\/magnetarmagnets.com\/cs\/wp-json\/wp\/v2\/media?parent=83228"}],"wp:term":[{"taxonomy":"product_brand","embeddable":true,"href":"https:\/\/magnetarmagnets.com\/cs\/wp-json\/wp\/v2\/product_brand?post=83228"},{"taxonomy":"product_cat","embeddable":true,"href":"https:\/\/magnetarmagnets.com\/cs\/wp-json\/wp\/v2\/product_cat?post=83228"},{"taxonomy":"product_tag","embeddable":true,"href":"https:\/\/magnetarmagnets.com\/cs\/wp-json\/wp\/v2\/product_tag?post=83228"}],"curies":[{"name":"wp","href":"https:\/\/api.w.org\/{rel}","templated":true}]}}