{"id":83226,"date":"2025-06-05T09:54:40","date_gmt":"2025-06-05T07:54:40","guid":{"rendered":"https:\/\/magnetarmagnets.com\/?post_type=product&#038;p=83226"},"modified":"2026-04-09T09:40:07","modified_gmt":"2026-04-09T07:40:07","slug":"easy-magnet-280-kg-vsestranny-360","status":"publish","type":"product","link":"https:\/\/magnetarmagnets.com\/cs\/shop\/easy-magnet-280-kg-vsestranny-360\/","title":{"rendered":"Easy Magnet &#8211; 280 kg &#8211; V\u0161estrann\u00fd 360\u00b0"},"content":{"rendered":"* Chra\u0148te magnet pomoc\u00ed <a href=\"https:\/\/magnetarmagnets.com\/shop\/protection-cover-easy\/\" target=\"_blank\" rel=\"noopener\"><b>ochrann\u00e9ho krytu<\/b><\/a> b\u011bhem ryba\u0159en\u00ed. Bez ochrann\u00e9ho krytu m\u016f\u017ee doj\u00edt k po\u0161kozen\u00ed magnetu p\u0159i n\u00e1razu na tvrd\u00e9 p\u0159edm\u011bty. Ochrann\u00fd kryt nen\u00ed sou\u010d\u00e1st\u00ed magnetu.\n\n<h2><b>Easy neodymov\u00fd magnet pro magnetick\u00e9 ryba\u0159en\u00ed<\/b><\/h2>\n\n<span style=\"font-weight: 400;\">Hled\u00e1te sv\u016fj prvn\u00ed <a href=\"https:\/\/magnetarmagnets.com\/\" target=\"_blank\" rel=\"noopener\">magnet na magnetick\u00e9 ryba\u0159en\u00ed<\/a>, kter\u00fd v\u00e1s chyt\u00ed za srdce? Easy magnet je pro v\u00e1s ide\u00e1ln\u00ed! D\u00edky sv\u00e9 n\u00edzk\u00e9 v\u00e1ze nab\u00edz\u00ed skv\u011bl\u00e9 mo\u017enosti lovu za dostupnou \u00favodn\u00ed cenu. Perfektn\u00ed pro za\u010d\u00ednaj\u00edc\u00ed magnetick\u00e9 ryb\u00e1\u0159e, kte\u0159\u00ed cht\u011bj\u00ed zjistit, zda je magnet fishing pro n\u011b, ne\u017e investuj\u00ed do siln\u011bj\u0161\u00edho magnetu. Easy je vhodn\u00fd pro hled\u00e1n\u00ed minc\u00ed, podkov, n\u00e1boj\u016f, pistol\u00ed, no\u017e\u016f a dal\u0161\u00edch men\u0161\u00edch p\u0159edm\u011bt\u016f.<\/span>\n\n<span style=\"font-weight: 400;\">Easy fishing magnet je v\u0161estrann\u00fd magnet s magnetickou p\u0159ita\u017elivost\u00ed ze v\u0161ech stran a tahovou silou 600 lbs (150 lbs na ka\u017ed\u00e9 ze 4 stran). Easy magnet je nejmen\u0161\u00ed varianta v na\u0161\u00ed exkluzivn\u00ed \u0159ad\u011b a je ide\u00e1ln\u00ed pro magnetick\u00e9 ryb\u00e1\u0159e, kte\u0159\u00ed cht\u011bj\u00ed skv\u011bl\u00e9 mo\u017enosti lovu za n\u00edzkou cenu. Easy je men\u0161\u00ed sourozenec na\u0161eho <\/span><a href=\"https:\/\/magnetarmagnets.com\/shop\/hardcore-magnet-2\/\" target=\"_blank\" rel=\"noopener\"><span style=\"font-weight: 400;\">Hardcore<\/span><\/a><span style=\"font-weight: 400;\"> magnetu, ale je stejn\u011b agresivn\u00ed ve sv\u00fdch v\u00fdsledc\u00edch hled\u00e1n\u00ed.\u00a0<\/span>\n\n<h2><b>Hled\u00e1te sv\u016fj prvn\u00ed 360\u00b0 magnet na magnetick\u00e9 ryba\u0159en\u00ed?<\/b><\/h2>\n\n<span style=\"font-weight: 400;\">Easy magnet je nejmen\u0161\u00ed verz\u00ed v\u0161estrann\u00e9ho magnetu. Tento magnet jsme vytvo\u0159ili pro za\u010d\u00ednaj\u00edc\u00ed magnetick\u00e9 ryb\u00e1\u0159e, kte\u0159\u00ed cht\u011bj\u00ed vstoupit do nejsiln\u011bj\u0161\u00ed \u0159ady magnet\u016f za nejdostupn\u011bj\u0161\u00ed cenu. Chcete siln\u011bj\u0161\u00ed v\u0161estrann\u00fd magnet? Pak se pod\u00edvejte na na\u0161e magnety Hardcore, Terror nebo The Beast. Pokud jste nov\u00e1\u010dek v magnet fishingu, zva\u017ete koupi na\u0161ich <a href=\"https:\/\/magnetarmagnets.com\/collections\/fishing-magnets\/magnet-fishing-kit\/\" target=\"_blank\" rel=\"noopener\">sada magnetick\u00e9ho ryba\u0159en\u00ed<\/a>.\u00a0<\/span>\n\n<h2><b>Evoluce magnetu<\/b><\/h2>\n\n<span style=\"font-weight: 400;\">Mnoho magnet\u016f m\u00e1 p\u0159ita\u017elivou s\u00edlu pouze na jedn\u00e9 stran\u011b. Tento jednostrann\u00fd magnet je klasick\u00fd ryb\u00e1\u0159sk\u00fd magnet. Magnetar byl prvn\u00ed spole\u010dnost\u00ed, kter\u00e1 tento klasick\u00fd magnet p\u0159epracovala na oboustrann\u00fd magnet. V roce 2016 Magnetar vyvinul v\u0161estrann\u00fd magnet s 360\u00b0 magnetickou p\u0159ita\u017elivost\u00ed. Magneti\u010dt\u00ed ryb\u00e1\u0159i po cel\u00e9 EU jsou od t\u00e9 doby p\u0159itahov\u00e1ni na\u0161imi 100% neodymov\u00fdmi magnety, d\u00edky \u010demu\u017e jsme nejv\u011bt\u0161\u00edm dodavatelem v Evrop\u011b. Na\u0161e magnety jsou vyrobeny s nejvy\u0161\u0161\u00ed kvalitou, designem a p\u00e9\u010d\u00ed mal\u00fdm t\u00fdmem nad\u0161enc\u016f magnetick\u00e9ho ryba\u0159en\u00ed. Na\u0161i z\u00e1kazn\u00edci se k n\u00e1m st\u00e1le vracej\u00ed, proto\u017ee v\u011bd\u00ed, \u017ee s Magnetarem dostanou v\u00edc ne\u017e magnet, chyt\u00ed poklady.<\/span>\n\n<h2><b>Siln\u00e1 tahov\u00e1 s\u00edla 360\u00b0<\/b><\/h2>\n\n<span style=\"font-weight: 400;\">Easy magnet je jeden z nejsiln\u011bj\u0161\u00edch magnet\u016f, kter\u00e9 nab\u00edz\u00edme. Tahov\u00e1 s\u00edla jednostrann\u00e9ho magnetu se ned\u00e1 srovnat s \u010dist\u00fdm neodymov\u00fdm 360\u00b0 magnetem jako je tento. Ocelov\u00fd kryt jednostrann\u00e9ho magnetu ovliv\u0148uje tahovou s\u00edlu, kter\u00e1 je zam\u011b\u0159ena jedn\u00edm sm\u011brem. To umo\u017e\u0148uje jednostrann\u00fdm magnet\u016fm dosahovat vysok\u00fdch tahov\u00fdch sil na ploch\u00fdch kovov\u00fdch desk\u00e1ch na jedn\u00e9 stran\u011b, ale n\u00e1\u0161 exkluzivn\u00ed v\u0161estrann\u00fd 360\u00b0 magnet p\u0159itahuje objekty ze \u201ev\u0161ech stran\u201c, proto\u017ee magnety maj\u00ed magnetickou tahovou s\u00edlu v cel\u00e9m okol\u00ed. Klikn\u011bte na odkaz a zjist\u011bte v\u00edce o <a href=\"https:\/\/www.youtube.com\/watch?v=2McW3RURDxs\">m\u011b\u0159en\u00ed na\u0161\u00ed tahov\u00e9 s\u00edly<\/a>.<\/span>\n\n<h2><b>Vysok\u00e1 kvalita<\/b><\/h2>\n\n<span style=\"font-weight: 400;\">Na\u0161e magnety na magnetick\u00e9 ryba\u0159en\u00ed jsou vyrobeny z neodymu. Magnetar magnety si udr\u017euj\u00ed svou magnetickou tahovou s\u00edlu po desetilet\u00ed s pouze 1% ztr\u00e1tou za 100 let (p\u0159i spr\u00e1vn\u00e9m skladov\u00e1n\u00ed, p\u00e9\u010di a ochran\u011b).\u00a0<\/span>\n\n<span style=\"font-weight: 400;\">V\u011bt\u0161ina ostatn\u00edch dodavatel\u016f magnet\u016f ji\u017e po n\u011bkolika t\u00fddnech vykazuje pokles tahov\u00e9 s\u00edly. V posledn\u00edch letech jsme zaznamenali st\u00e1le v\u00edce nekvalitn\u00edch magnet\u016f na trhu: v\u011bt\u0161\u00ed magnety s ni\u017e\u0161\u00ed tahovou silou, nekvalitn\u00ed neodym, fale\u0161n\u00e1 reklama. Kdy\u017e si koup\u00edte jeden z t\u011bchto magnet\u016f za ni\u017e\u0161\u00ed cenu nebo od velk\u00e9 korporace, nakonec budete zklam\u00e1ni, i kdy\u017e jste u\u0161et\u0159ili n\u011bjak\u00e9 pen\u00edze.\u00a0<\/span>\n\n<span style=\"font-weight: 400;\">Magnetar je mal\u00e1 rodinn\u00e1 firma, kter\u00e1 klade kvalitu na prvn\u00ed m\u00edsto ve v\u0161em, co d\u011bl\u00e1. Jsme nad\u0161enci magnetick\u00e9ho ryba\u0159en\u00ed a v\u0161echny na\u0161e magnety jsou navr\u017eeny, vyrobeny a vytvo\u0159eny na\u0161\u00edm t\u00fdmem, abyste z\u00edskali co nejv\u00edce za sv\u00e9 pen\u00edze (nebo poklady z va\u0161eho magnetu!). Pokud chcete spolehliv\u00fd, efektivn\u00ed a siln\u00fd magnet na magnetick\u00e9 ryba\u0159en\u00ed, jste na spr\u00e1vn\u00e9m m\u00edst\u011b. N\u00e1\u0161 t\u00fdm se r\u00e1d dozv\u00ed o va\u0161ich zku\u0161enostech, <a href=\"mailto:info@magnetarmagnets.com\">kontaktujte n\u00e1s zde<\/a>.\u00a0<\/span>\n\n<h2><b>Ochrann\u00fd kryt<\/b><\/h2>\n\nOchrann\u00e9 kryty jsou ide\u00e1ln\u00edm dopl\u0148kem pro magnetick\u00e9 ryb\u00e1\u0159e, kte\u0159\u00ed cht\u011bj\u00ed chr\u00e1nit sv\u00e9 neodymov\u00e9 magnety b\u011bhem pou\u017e\u00edv\u00e1n\u00ed. Tyto odoln\u00e9 kryty jsou speci\u00e1ln\u011b navr\u017eeny tak, aby perfektn\u011b sed\u011bly na magnet a poskytovaly dal\u0161\u00ed vrstvu ochrany proti po\u0161kr\u00e1b\u00e1n\u00ed, prasknut\u00ed a jin\u00fdm druh\u016fm po\u0161kozen\u00ed. Na\u0161e ochrann\u00e9 kryty jsou vyrobeny tak, aby vydr\u017eely i ty nejn\u00e1ro\u010dn\u011bj\u0161\u00ed podm\u00ednky. Ochrann\u00fd kryt je vyroben z nerezov\u00e9 oceli. To zaji\u0161\u0165uje, \u017ee v\u00e1\u0161 magnet z\u016fstane magnetick\u00fd 360\u00b0. S na\u0161imi ochrann\u00fdmi kryty si m\u016f\u017eete u\u017e\u00edvat magnet fishing bez obav z po\u0161kozen\u00ed va\u0161eho cenn\u00e9ho magnetu. Kryt lze k tomuto magnetu dokoupit samostatn\u011b.\n\n(Pros\u00edm, uv\u011bdomte si, \u017ee spodn\u00ed \u010d\u00e1st magnetu nen\u00ed krytem chr\u00e1n\u011bna)\n\n<h2><b>Pou\u017e\u00edvejte opatrn\u011b<\/b><\/h2>\n\n<span style=\"font-weight: 400;\">Na\u0161e neodymov\u00e9 magnety jsou velmi siln\u00e9 a mohou b\u00fdt p\u0159itahov\u00e1ny k \u017eelezn\u00fdm p\u0159edm\u011bt\u016fm vysokou rychlost\u00ed, pokud jsou v bl\u00edzkosti. U siln\u011bj\u0161\u00edch magnet\u016f, jako je 360\u00b0 v\u0161estrann\u00fd magnet, je mo\u017en\u00e9, \u017ee si m\u016f\u017eete prsty zachytit mezi magnetem a jin\u00fdmi p\u0159edm\u011bty. Manipulujte s magnety opatrn\u011b a pou\u017e\u00edvejte je na vlastn\u00ed riziko. V\u017edy si p\u0159ed pou\u017eit\u00edm p\u0159e\u010dt\u011bte na\u0161e bezpe\u010dnostn\u00ed upozorn\u011bn\u00ed.<\/span>\n\n<span style=\"font-weight: 400;\">* D\u011bti mus\u00ed magnet pou\u017e\u00edvat pod dohledem rodi\u010d\u016f.<\/span>","protected":false},"excerpt":{"rendered":"<p><span style=\"font-weight: 400;\">Revolu\u010dn\u00ed 360\u00b0 d\u011btsk\u00fd magnet s <strong>v\u0161estrannou silnou p\u0159ita\u017elivost\u00ed<\/strong>. Navr\u017een\u00fd spole\u010dnost\u00ed Magnetar, tento <strong>\u010dist\u00fd neodymov\u00fd magnet<\/strong> m\u00e1 tahovou s\u00edlu a\u017e 280 KG a je ide\u00e1ln\u00ed pro <strong>mal\u00e9 d\u011bti s velk\u00fdmi sny o magnetick\u00e9m ryba\u0159en\u00ed<\/strong>. P\u0159i p\u0159\u00ed\u0161t\u00edm dobrodru\u017estv\u00ed s va\u0161\u00edm d\u00edt\u011btem jist\u011b objev\u00edte <strong>vzru\u0161uj\u00edc\u00ed poklady<\/strong> a vytvo\u0159\u00edte <strong>vzpom\u00ednky na cel\u00fd \u017eivot<\/strong>.<\/span><\/p>\n","protected":false},"featured_media":80385,"comment_status":"open","ping_status":"closed","template":"","meta":{"_acf_changed":false,"inline_featured_image":false},"product_brand":[],"product_cat":[561,553,1001,568],"product_tag":[],"class_list":{"0":"post-83226","1":"product","2":"type-product","3":"status-publish","4":"has-post-thumbnail","6":"product_cat-allround-fishing-magnety-360","7":"product_cat-fishing-magnets-cs","8":"product_cat-vsechny-produkty","9":"product_cat-zacatecnici-a-deti","11":"first","12":"instock","13":"sale","14":"taxable","15":"shipping-taxable","16":"purchasable","17":"product-type-simple"},"acf":[],"yoast_head":"<!-- This site is optimized with the Yoast SEO plugin v27.4 - https:\/\/yoast.com\/product\/yoast-seo-wordpress\/ -->\n<title>Easy Magnet - 280 kg - V\u0161estrann\u00fd 360\u00b0<\/title>\n<meta name=\"description\" content=\"Exkluzivn\u00ed Easy magnet na magnetick\u00e9 ryba\u0159en\u00ed: Nejmen\u0161\u00ed v\u0161estrann\u00fd magnet! Ale nepodce\u0148ujte tohoto mal\u00e9ho siln\u00e9ho magnetick\u00e9ho pomocn\u00edka. Velmi siln\u00fd a s vysokou \u00falovkovost\u00ed!\" \/>\n<meta name=\"robots\" content=\"index, follow, max-snippet:-1, max-image-preview:large, max-video-preview:-1\" \/>\n<link rel=\"canonical\" href=\"https:\/\/magnetarmagnets.com\/cs\/shop\/easy-magnet-280-kg-vsestranny-360\/\" \/>\n<meta property=\"og:locale\" content=\"cs_CZ\" \/>\n<meta property=\"og:type\" content=\"article\" \/>\n<meta property=\"og:title\" content=\"Easy Magnet - 280 kg - V\u0161estrann\u00fd 360\u00b0\" \/>\n<meta property=\"og:description\" content=\"Exkluzivn\u00ed Easy magnet na magnetick\u00e9 ryba\u0159en\u00ed: Nejmen\u0161\u00ed v\u0161estrann\u00fd magnet! Ale nepodce\u0148ujte tohoto mal\u00e9ho siln\u00e9ho magnetick\u00e9ho pomocn\u00edka. Velmi siln\u00fd a s vysokou \u00falovkovost\u00ed!\" \/>\n<meta property=\"og:url\" content=\"https:\/\/magnetarmagnets.com\/cs\/shop\/easy-magnet-280-kg-vsestranny-360\/\" \/>\n<meta property=\"og:site_name\" content=\"Magnet fishing with a Magnetar fishing magnet\" \/>\n<meta property=\"article:publisher\" content=\"https:\/\/www.facebook.com\/fishingmagnets\/\" \/>\n<meta property=\"article:modified_time\" content=\"2026-04-09T07:40:07+00:00\" \/>\n<meta property=\"og:image\" content=\"https:\/\/magnetarmagnets.com\/wp-content\/uploads\/2023\/12\/The_Easy_Bergemagnet_fur_magnetfischen.jpeg.jpg\" \/>\n\t<meta property=\"og:image:width\" content=\"1000\" \/>\n\t<meta property=\"og:image:height\" content=\"1000\" \/>\n\t<meta property=\"og:image:type\" content=\"image\/jpeg\" \/>\n<meta name=\"twitter:card\" content=\"summary_large_image\" \/>\n<meta name=\"twitter:label1\" content=\"Odhadovan\u00e1 doba \u010dten\u00ed\" \/>\n\t<meta name=\"twitter:data1\" content=\"4 minuty\" \/>\n<script type=\"application\/ld+json\" class=\"yoast-schema-graph\">{\"@context\":\"https:\\\/\\\/schema.org\",\"@graph\":[{\"@type\":[\"WebPage\",\"ItemPage\"],\"@id\":\"https:\\\/\\\/magnetarmagnets.com\\\/cs\\\/shop\\\/easy-magnet-280-kg-vsestranny-360\\\/\",\"url\":\"https:\\\/\\\/magnetarmagnets.com\\\/cs\\\/shop\\\/easy-magnet-280-kg-vsestranny-360\\\/\",\"name\":\"Easy Magnet - 280 kg - V\u0161estrann\u00fd 360\u00b0\",\"isPartOf\":{\"@id\":\"https:\\\/\\\/magnetarmagnets.com\\\/cs\\\/#website\"},\"primaryImageOfPage\":{\"@id\":\"https:\\\/\\\/magnetarmagnets.com\\\/cs\\\/shop\\\/easy-magnet-280-kg-vsestranny-360\\\/#primaryimage\"},\"image\":{\"@id\":\"https:\\\/\\\/magnetarmagnets.com\\\/cs\\\/shop\\\/easy-magnet-280-kg-vsestranny-360\\\/#primaryimage\"},\"thumbnailUrl\":\"https:\\\/\\\/magnetarmagnets.com\\\/wp-content\\\/uploads\\\/2023\\\/12\\\/The_Easy_Bergemagnet_fur_magnetfischen.jpeg.jpg\",\"datePublished\":\"2025-06-05T07:54:40+00:00\",\"dateModified\":\"2026-04-09T07:40:07+00:00\",\"description\":\"Exkluzivn\u00ed Easy magnet na magnetick\u00e9 ryba\u0159en\u00ed: Nejmen\u0161\u00ed v\u0161estrann\u00fd magnet! Ale nepodce\u0148ujte tohoto mal\u00e9ho siln\u00e9ho magnetick\u00e9ho pomocn\u00edka. Velmi siln\u00fd a s vysokou \u00falovkovost\u00ed!\",\"breadcrumb\":{\"@id\":\"https:\\\/\\\/magnetarmagnets.com\\\/cs\\\/shop\\\/easy-magnet-280-kg-vsestranny-360\\\/#breadcrumb\"},\"inLanguage\":\"cs\",\"potentialAction\":[{\"@type\":\"ReadAction\",\"target\":[\"https:\\\/\\\/magnetarmagnets.com\\\/cs\\\/shop\\\/easy-magnet-280-kg-vsestranny-360\\\/\"]}]},{\"@type\":\"ImageObject\",\"inLanguage\":\"cs\",\"@id\":\"https:\\\/\\\/magnetarmagnets.com\\\/cs\\\/shop\\\/easy-magnet-280-kg-vsestranny-360\\\/#primaryimage\",\"url\":\"https:\\\/\\\/magnetarmagnets.com\\\/wp-content\\\/uploads\\\/2023\\\/12\\\/The_Easy_Bergemagnet_fur_magnetfischen.jpeg.jpg\",\"contentUrl\":\"https:\\\/\\\/magnetarmagnets.com\\\/wp-content\\\/uploads\\\/2023\\\/12\\\/The_Easy_Bergemagnet_fur_magnetfischen.jpeg.jpg\",\"width\":1000,\"height\":1000,\"caption\":\"The Easy fishing magnet for magnet fishing\"},{\"@type\":\"BreadcrumbList\",\"@id\":\"https:\\\/\\\/magnetarmagnets.com\\\/cs\\\/shop\\\/easy-magnet-280-kg-vsestranny-360\\\/#breadcrumb\",\"itemListElement\":[{\"@type\":\"ListItem\",\"position\":1,\"name\":\"Home\",\"item\":\"https:\\\/\\\/magnetarmagnets.com\\\/cs\\\/\"},{\"@type\":\"ListItem\",\"position\":2,\"name\":\"Obchod\",\"item\":\"https:\\\/\\\/magnetarmagnets.com\\\/cs\\\/obchod\\\/\"},{\"@type\":\"ListItem\",\"position\":3,\"name\":\"Fishing magnety\",\"item\":\"https:\\\/\\\/magnetarmagnets.com\\\/cs\\\/collections\\\/fishing-magnets-cs\\\/\"},{\"@type\":\"ListItem\",\"position\":4,\"name\":\"Allround fishing magnety 360\u00b0\",\"item\":\"https:\\\/\\\/magnetarmagnets.com\\\/cs\\\/collections\\\/fishing-magnets-cs\\\/allround-fishing-magnety-360\\\/\"},{\"@type\":\"ListItem\",\"position\":5,\"name\":\"Easy Magnet &#8211; 280 kg &#8211; V\u0161estrann\u00fd 360\u00b0\"}]},{\"@type\":\"WebSite\",\"@id\":\"https:\\\/\\\/magnetarmagnets.com\\\/cs\\\/#website\",\"url\":\"https:\\\/\\\/magnetarmagnets.com\\\/cs\\\/\",\"name\":\"Magnet fishing with a Magnetar fishing magnet\",\"description\":\"Siln\u00e9 magnety na magnet fishing\",\"publisher\":{\"@id\":\"https:\\\/\\\/magnetarmagnets.com\\\/cs\\\/#organization\"},\"potentialAction\":[{\"@type\":\"SearchAction\",\"target\":{\"@type\":\"EntryPoint\",\"urlTemplate\":\"https:\\\/\\\/magnetarmagnets.com\\\/cs\\\/?s={search_term_string}\"},\"query-input\":{\"@type\":\"PropertyValueSpecification\",\"valueRequired\":true,\"valueName\":\"search_term_string\"}}],\"inLanguage\":\"cs\"},{\"@type\":\"Organization\",\"@id\":\"https:\\\/\\\/magnetarmagnets.com\\\/cs\\\/#organization\",\"name\":\"Magnetar\",\"url\":\"https:\\\/\\\/magnetarmagnets.com\\\/cs\\\/\",\"logo\":{\"@type\":\"ImageObject\",\"inLanguage\":\"cs\",\"@id\":\"https:\\\/\\\/magnetarmagnets.com\\\/cs\\\/#\\\/schema\\\/logo\\\/image\\\/\",\"url\":\"https:\\\/\\\/magnetarmagnets.com\\\/wp-content\\\/uploads\\\/2025\\\/05\\\/Logo-03_PNG-Black-scaled.png\",\"contentUrl\":\"https:\\\/\\\/magnetarmagnets.com\\\/wp-content\\\/uploads\\\/2025\\\/05\\\/Logo-03_PNG-Black-scaled.png\",\"width\":2560,\"height\":1658,\"caption\":\"Magnetar\"},\"image\":{\"@id\":\"https:\\\/\\\/magnetarmagnets.com\\\/cs\\\/#\\\/schema\\\/logo\\\/image\\\/\"},\"sameAs\":[\"https:\\\/\\\/www.facebook.com\\\/fishingmagnets\\\/\",\"https:\\\/\\\/www.instagram.com\\\/magnetar_magnets\\\/\",\"https:\\\/\\\/www.linkedin.com\\\/company\\\/magnetarbv\\\/?originalSubdomain=nl\",\"https:\\\/\\\/www.youtube.com\\\/c\\\/MagnetarVismagneet\"]}]}<\/script>\n<!-- \/ Yoast SEO plugin. -->","yoast_head_json":{"title":"Easy Magnet - 280 kg - V\u0161estrann\u00fd 360\u00b0","description":"Exkluzivn\u00ed Easy magnet na magnetick\u00e9 ryba\u0159en\u00ed: Nejmen\u0161\u00ed v\u0161estrann\u00fd magnet! Ale nepodce\u0148ujte tohoto mal\u00e9ho siln\u00e9ho magnetick\u00e9ho pomocn\u00edka. Velmi siln\u00fd a s vysokou \u00falovkovost\u00ed!","robots":{"index":"index","follow":"follow","max-snippet":"max-snippet:-1","max-image-preview":"max-image-preview:large","max-video-preview":"max-video-preview:-1"},"canonical":"https:\/\/magnetarmagnets.com\/cs\/shop\/easy-magnet-280-kg-vsestranny-360\/","og_locale":"cs_CZ","og_type":"article","og_title":"Easy Magnet - 280 kg - V\u0161estrann\u00fd 360\u00b0","og_description":"Exkluzivn\u00ed Easy magnet na magnetick\u00e9 ryba\u0159en\u00ed: Nejmen\u0161\u00ed v\u0161estrann\u00fd magnet! Ale nepodce\u0148ujte tohoto mal\u00e9ho siln\u00e9ho magnetick\u00e9ho pomocn\u00edka. Velmi siln\u00fd a s vysokou \u00falovkovost\u00ed!","og_url":"https:\/\/magnetarmagnets.com\/cs\/shop\/easy-magnet-280-kg-vsestranny-360\/","og_site_name":"Magnet fishing with a Magnetar fishing magnet","article_publisher":"https:\/\/www.facebook.com\/fishingmagnets\/","article_modified_time":"2026-04-09T07:40:07+00:00","og_image":[{"width":1000,"height":1000,"url":"https:\/\/magnetarmagnets.com\/wp-content\/uploads\/2023\/12\/The_Easy_Bergemagnet_fur_magnetfischen.jpeg.jpg","type":"image\/jpeg"}],"twitter_card":"summary_large_image","twitter_misc":{"Odhadovan\u00e1 doba \u010dten\u00ed":"4 minuty"},"schema":{"@context":"https:\/\/schema.org","@graph":[{"@type":["WebPage","ItemPage"],"@id":"https:\/\/magnetarmagnets.com\/cs\/shop\/easy-magnet-280-kg-vsestranny-360\/","url":"https:\/\/magnetarmagnets.com\/cs\/shop\/easy-magnet-280-kg-vsestranny-360\/","name":"Easy Magnet - 280 kg - V\u0161estrann\u00fd 360\u00b0","isPartOf":{"@id":"https:\/\/magnetarmagnets.com\/cs\/#website"},"primaryImageOfPage":{"@id":"https:\/\/magnetarmagnets.com\/cs\/shop\/easy-magnet-280-kg-vsestranny-360\/#primaryimage"},"image":{"@id":"https:\/\/magnetarmagnets.com\/cs\/shop\/easy-magnet-280-kg-vsestranny-360\/#primaryimage"},"thumbnailUrl":"https:\/\/magnetarmagnets.com\/wp-content\/uploads\/2023\/12\/The_Easy_Bergemagnet_fur_magnetfischen.jpeg.jpg","datePublished":"2025-06-05T07:54:40+00:00","dateModified":"2026-04-09T07:40:07+00:00","description":"Exkluzivn\u00ed Easy magnet na magnetick\u00e9 ryba\u0159en\u00ed: Nejmen\u0161\u00ed v\u0161estrann\u00fd magnet! Ale nepodce\u0148ujte tohoto mal\u00e9ho siln\u00e9ho magnetick\u00e9ho pomocn\u00edka. Velmi siln\u00fd a s vysokou \u00falovkovost\u00ed!","breadcrumb":{"@id":"https:\/\/magnetarmagnets.com\/cs\/shop\/easy-magnet-280-kg-vsestranny-360\/#breadcrumb"},"inLanguage":"cs","potentialAction":[{"@type":"ReadAction","target":["https:\/\/magnetarmagnets.com\/cs\/shop\/easy-magnet-280-kg-vsestranny-360\/"]}]},{"@type":"ImageObject","inLanguage":"cs","@id":"https:\/\/magnetarmagnets.com\/cs\/shop\/easy-magnet-280-kg-vsestranny-360\/#primaryimage","url":"https:\/\/magnetarmagnets.com\/wp-content\/uploads\/2023\/12\/The_Easy_Bergemagnet_fur_magnetfischen.jpeg.jpg","contentUrl":"https:\/\/magnetarmagnets.com\/wp-content\/uploads\/2023\/12\/The_Easy_Bergemagnet_fur_magnetfischen.jpeg.jpg","width":1000,"height":1000,"caption":"The Easy fishing magnet for magnet fishing"},{"@type":"BreadcrumbList","@id":"https:\/\/magnetarmagnets.com\/cs\/shop\/easy-magnet-280-kg-vsestranny-360\/#breadcrumb","itemListElement":[{"@type":"ListItem","position":1,"name":"Home","item":"https:\/\/magnetarmagnets.com\/cs\/"},{"@type":"ListItem","position":2,"name":"Obchod","item":"https:\/\/magnetarmagnets.com\/cs\/obchod\/"},{"@type":"ListItem","position":3,"name":"Fishing magnety","item":"https:\/\/magnetarmagnets.com\/cs\/collections\/fishing-magnets-cs\/"},{"@type":"ListItem","position":4,"name":"Allround fishing magnety 360\u00b0","item":"https:\/\/magnetarmagnets.com\/cs\/collections\/fishing-magnets-cs\/allround-fishing-magnety-360\/"},{"@type":"ListItem","position":5,"name":"Easy Magnet &#8211; 280 kg &#8211; V\u0161estrann\u00fd 360\u00b0"}]},{"@type":"WebSite","@id":"https:\/\/magnetarmagnets.com\/cs\/#website","url":"https:\/\/magnetarmagnets.com\/cs\/","name":"Magnet fishing with a Magnetar fishing magnet","description":"Siln\u00e9 magnety na magnet fishing","publisher":{"@id":"https:\/\/magnetarmagnets.com\/cs\/#organization"},"potentialAction":[{"@type":"SearchAction","target":{"@type":"EntryPoint","urlTemplate":"https:\/\/magnetarmagnets.com\/cs\/?s={search_term_string}"},"query-input":{"@type":"PropertyValueSpecification","valueRequired":true,"valueName":"search_term_string"}}],"inLanguage":"cs"},{"@type":"Organization","@id":"https:\/\/magnetarmagnets.com\/cs\/#organization","name":"Magnetar","url":"https:\/\/magnetarmagnets.com\/cs\/","logo":{"@type":"ImageObject","inLanguage":"cs","@id":"https:\/\/magnetarmagnets.com\/cs\/#\/schema\/logo\/image\/","url":"https:\/\/magnetarmagnets.com\/wp-content\/uploads\/2025\/05\/Logo-03_PNG-Black-scaled.png","contentUrl":"https:\/\/magnetarmagnets.com\/wp-content\/uploads\/2025\/05\/Logo-03_PNG-Black-scaled.png","width":2560,"height":1658,"caption":"Magnetar"},"image":{"@id":"https:\/\/magnetarmagnets.com\/cs\/#\/schema\/logo\/image\/"},"sameAs":["https:\/\/www.facebook.com\/fishingmagnets\/","https:\/\/www.instagram.com\/magnetar_magnets\/","https:\/\/www.linkedin.com\/company\/magnetarbv\/?originalSubdomain=nl","https:\/\/www.youtube.com\/c\/MagnetarVismagneet"]}]}},"_links":{"self":[{"href":"https:\/\/magnetarmagnets.com\/cs\/wp-json\/wp\/v2\/product\/83226","targetHints":{"allow":["GET"]}}],"collection":[{"href":"https:\/\/magnetarmagnets.com\/cs\/wp-json\/wp\/v2\/product"}],"about":[{"href":"https:\/\/magnetarmagnets.com\/cs\/wp-json\/wp\/v2\/types\/product"}],"replies":[{"embeddable":true,"href":"https:\/\/magnetarmagnets.com\/cs\/wp-json\/wp\/v2\/comments?post=83226"}],"version-history":[{"count":1,"href":"https:\/\/magnetarmagnets.com\/cs\/wp-json\/wp\/v2\/product\/83226\/revisions"}],"predecessor-version":[{"id":94597,"href":"https:\/\/magnetarmagnets.com\/cs\/wp-json\/wp\/v2\/product\/83226\/revisions\/94597"}],"wp:featuredmedia":[{"embeddable":true,"href":"https:\/\/magnetarmagnets.com\/cs\/wp-json\/wp\/v2\/media\/80385"}],"wp:attachment":[{"href":"https:\/\/magnetarmagnets.com\/cs\/wp-json\/wp\/v2\/media?parent=83226"}],"wp:term":[{"taxonomy":"product_brand","embeddable":true,"href":"https:\/\/magnetarmagnets.com\/cs\/wp-json\/wp\/v2\/product_brand?post=83226"},{"taxonomy":"product_cat","embeddable":true,"href":"https:\/\/magnetarmagnets.com\/cs\/wp-json\/wp\/v2\/product_cat?post=83226"},{"taxonomy":"product_tag","embeddable":true,"href":"https:\/\/magnetarmagnets.com\/cs\/wp-json\/wp\/v2\/product_tag?post=83226"}],"curies":[{"name":"wp","href":"https:\/\/api.w.org\/{rel}","templated":true}]}}