{"id":83225,"date":"2025-07-28T10:06:43","date_gmt":"2025-07-28T08:06:43","guid":{"rendered":"https:\/\/magnetarmagnets.com\/?post_type=product&#038;p=83225"},"modified":"2025-07-29T12:29:19","modified_gmt":"2025-07-29T10:29:19","slug":"klasicky-rybarsky-magnet-300kg-jednostranny","status":"publish","type":"product","link":"https:\/\/magnetarmagnets.com\/cs\/shop\/klasicky-rybarsky-magnet-300kg-jednostranny\/","title":{"rendered":"Klasick\u00fd ryb\u00e1\u0159sk\u00fd magnet &#8211; 300KG &#8211; jednostrann\u00fd"},"content":{"rendered":"Klasick\u00fd 300 ryb\u00e1\u0159sk\u00fd magnet je jednostrann\u00fd neodymov\u00fd magnet pro magnet fishing. M\u00e1 tahovou s\u00edlu a\u017e 660LB\/300KG. Klasick\u00fd 300 ryb\u00e1\u0159sk\u00fd magnet je doporu\u010dov\u00e1n pro za\u010d\u00e1te\u010dn\u00edky, kte\u0159\u00ed cht\u011bj\u00ed vyt\u00e1hnout v\u011bt\u0161\u00ed p\u0159edm\u011bty z vody. Tento magnet je odoln\u00fd proti n\u00e1raz\u016fm. Je chr\u00e1n\u011bn ocelov\u00fdm pouzdrem, tak\u017ee je chr\u00e1n\u011bn p\u0159ed n\u00e1razy. Pokud hled\u00e1te magnet, kter\u00fd m\u016f\u017ee pou\u017e\u00edvat cel\u00e1 rodina za dostupnou cenu, je tento siln\u00fd magnet tou spr\u00e1vnou volbou.\n\n<h2><strong>V\u00fdkonn\u00fd jednostrann\u00fd ryb\u00e1\u0159sk\u00fd magnet 660LB\/300KG<\/strong><\/h2>\n\nMagnet m\u00e1 kryt proti n\u00e1raz\u016fm a po\u0161kozen\u00ed p\u00e1dem. D\u00edky tomu je magnet magnetick\u00fd pouze na spodn\u00ed stran\u011b. Ve\u0161ker\u00e9 tahov\u00e9 s\u00edly jsou soust\u0159ed\u011bny sm\u011brem dol\u016f, co\u017e \u010din\u00ed magnet extr\u00e9mn\u011b siln\u00fdm. <span style=\"font-weight: 400;\">Pokud hled\u00e1te univerz\u00e1ln\u00ed magnet s vy\u0161\u0161\u00edm potenci\u00e1lem, pod\u00edvejte se na na\u0161e <a href=\"https:\/\/magnetarmagnets.com\/shop\/easy-magnet\">Easy<\/a> a <a href=\"https:\/\/magnetarmagnets.com\/shop\/hardcore-magnet-2\/\" target=\"_blank\" rel=\"noopener noreferrer\">Hardcore<\/a> magnety zde.<\/span>\n\n<h2>Nen\u00ed tahov\u00e1 s\u00edla p\u0159\u00edli\u0161 velk\u00e1?<\/h2>\n\nNebojte se! Sl\u00edben\u00e1 tahov\u00e1 s\u00edla 660LB\/300kg bude dosa\u017eena pouze za ide\u00e1ln\u00edch podm\u00ednek. Tyto podm\u00ednky zahrnuj\u00ed ploch\u00fd kov o tlou\u0161\u0165ce 0,78 palce \/ 2 cm, bez rzi a ne\u010distot mezi magnetem a kovem. \u0160ance, \u017ee naraz\u00edte na \u010distou kovovou desku ve vod\u011b, je mal\u00e1. V\u011bt\u0161inou je na \u017eelezn\u00fdch pokladech rez.\n\n<h2><b>Vysok\u00e1 kvalita<\/b><\/h2>\n\nNa\u0161e magnety pro magnet fishing jsou vyrobeny z neodymu. Magnetar magnety si uchov\u00e1vaj\u00ed svou magnetickou tahovou s\u00edlu po desetilet\u00ed s pouh\u00fdm 1% \u00fabytkem za 100 let (p\u0159i spr\u00e1vn\u00e9m skladov\u00e1n\u00ed, p\u00e9\u010di a ochran\u011b). Proto prod\u00e1v\u00e1me jeden z <a href=\"https:\/\/magnetarmagnets.com\/\" target=\"_blank\" rel=\"noopener\">nejlep\u0161\u00edch magnet\u016f pro magnet fishing<\/a> na trhu.\n\nV\u011bt\u0161ina ostatn\u00edch dodavatel\u016f magnet\u016f ji\u017e po n\u011bkolika t\u00fddnech vykazuje pokles tahov\u00e9 s\u00edly. V posledn\u00edch letech jsme zaznamenali st\u00e1le v\u00edce nekvalitn\u00edch magnet\u016f na trhu: v\u011bt\u0161\u00ed magnety s ni\u017e\u0161\u00ed tahovou silou, nekvalitn\u00ed neodym a fale\u0161nou reklamu. Kdy\u017e si koup\u00edte jeden z t\u011bchto magnet\u016f za ni\u017e\u0161\u00ed cenu nebo od velk\u00e9 korporace, nakonec budete zklam\u00e1ni, i kdy\u017e jste u\u0161et\u0159ili n\u011bjak\u00e9 pen\u00edze.\n\nMagnetar je mal\u00e1 rodinn\u00e1 firma, kter\u00e1 klade kvalitu na prvn\u00ed m\u00edsto ve v\u0161em, co d\u011bl\u00e1. Jsme nad\u0161enci magnet fishing a v\u0161echny na\u0161e magnety jsou navr\u017eeny, vyrobeny a testov\u00e1ny na\u0161\u00edm t\u00fdmem, aby v\u00e1m poskytly co nejlep\u0161\u00ed v\u00fdkon (nebo poklady z va\u0161eho magnetu!). Pokud chcete spolehliv\u00fd, efektivn\u00ed a siln\u00fd ryb\u00e1\u0159sk\u00fd magnet, jste na spr\u00e1vn\u00e9m m\u00edst\u011b. N\u00e1\u0161 t\u00fdm se r\u00e1d dozv\u00ed o va\u0161ich zku\u0161enostech, <a href=\"mailto:info@magnetarmagnets.nl\">kontaktujte n\u00e1s zde<\/a>.\n\n<h2><b>Pou\u017e\u00edvejte opatrn\u011b<\/b><\/h2>\n\nNa\u0161e neodymov\u00e9 magnety jsou velmi siln\u00e9 a mohou b\u00fdt p\u0159itahov\u00e1ny k \u017eelezn\u00fdm p\u0159edm\u011bt\u016fm vysokou rychlost\u00ed, pokud jsou v bl\u00edzk\u00e9 vzd\u00e1lenosti. U siln\u011bj\u0161\u00edch ryb\u00e1\u0159sk\u00fdch magnet\u016f, jako je 360\u00b0 allround, je mo\u017en\u00e9, \u017ee si m\u016f\u017eete prsty zachytit mezi magnet a jin\u00e9 p\u0159edm\u011bty. Zach\u00e1zejte s magnety opatrn\u011b a pou\u017e\u00edvejte je na vlastn\u00ed riziko. V\u017edy si p\u0159ed pou\u017eit\u00edm p\u0159e\u010dt\u011bte na\u0161e bezpe\u010dnostn\u00ed upozorn\u011bn\u00ed.\n\n* D\u011bti mus\u00ed magnet pou\u017e\u00edvat pod dohledem rodi\u010d\u016f.\n\nNezapome\u0148te se pod\u00edvat na na\u0161e <a href=\"https:\/\/magnetarmagnets.com\/magnet-fishing-kit\/\" target=\"_blank\" rel=\"noopener\">sady pro magnet fishing<\/a> a na\u0161e <a href=\"https:\/\/magnetarmagnets.com\/accessories\/\" target=\"_blank\" rel=\"noopener\">n\u00e1stroje pro magnet fishing<\/a>.","protected":false},"excerpt":{"rendered":"<p>Za\u010dn\u011bte sv\u00e9 dal\u0161\u00ed dobrodru\u017estv\u00ed s t\u00edmto <strong>jednostrann\u00fdm ryb\u00e1\u0159sk\u00fdm magnetem<\/strong>. Tento magnet je <strong>odoln\u00fd proti n\u00e1raz\u016fm<\/strong>, vhodn\u00fd pro celou rodinu a <strong>snadno pou\u017eiteln\u00fd<\/strong>. Klasick\u00fd 300 ryb\u00e1\u0159sk\u00fd magnet se osv\u011bd\u010dil jako <strong>spolehliv\u00fd magnet pro magnet fishing<\/strong>.<\/p>\n","protected":false},"featured_media":59893,"comment_status":"open","ping_status":"closed","template":"","meta":{"_acf_changed":false,"inline_featured_image":false},"product_brand":[],"product_cat":[553,559,569],"product_tag":[],"class_list":{"0":"post-83225","1":"product","2":"type-product","3":"status-publish","4":"has-post-thumbnail","6":"product_cat-fishing-magnets-cs","7":"product_cat-jednostranne-fishing-magnety","8":"product_cat-pokrocili-dobrodruzi","10":"first","11":"instock","12":"taxable","13":"shipping-taxable","14":"purchasable","15":"product-type-simple"},"acf":[],"yoast_head":"<!-- This site is optimized with the Yoast SEO plugin v27.3 - https:\/\/yoast.com\/product\/yoast-seo-wordpress\/ -->\n<title>Magnetar ryb\u00e1\u0159sk\u00fd magnet 300kg, velmi siln\u00fd! Nejlep\u0161\u00ed kvalita!<\/title>\n<meta name=\"description\" content=\"Magnetar ryb\u00e1\u0159sk\u00fd magnet 300kg pro magnet fishing, velmi siln\u00fd! Nejlep\u0161\u00ed kvalita! \u0160irok\u00fd sortiment produkt\u016f! P\u0159ij\u010fte se pod\u00edvat do na\u0161eho obchodu\" \/>\n<meta name=\"robots\" content=\"index, follow, max-snippet:-1, max-image-preview:large, max-video-preview:-1\" \/>\n<link rel=\"canonical\" href=\"https:\/\/magnetarmagnets.com\/cs\/shop\/klasicky-rybarsky-magnet-300kg-jednostranny\/\" \/>\n<meta property=\"og:locale\" content=\"cs_CZ\" \/>\n<meta property=\"og:type\" content=\"article\" \/>\n<meta property=\"og:title\" content=\"Magnetar ryb\u00e1\u0159sk\u00fd magnet 300kg, velmi siln\u00fd! Nejlep\u0161\u00ed kvalita!\" \/>\n<meta property=\"og:description\" content=\"Magnetar ryb\u00e1\u0159sk\u00fd magnet 300kg pro magnet fishing, velmi siln\u00fd! Nejlep\u0161\u00ed kvalita! \u0160irok\u00fd sortiment produkt\u016f! P\u0159ij\u010fte se pod\u00edvat do na\u0161eho obchodu\" \/>\n<meta property=\"og:url\" content=\"https:\/\/magnetarmagnets.com\/cs\/shop\/klasicky-rybarsky-magnet-300kg-jednostranny\/\" \/>\n<meta property=\"og:site_name\" content=\"Magnet fishing with a Magnetar fishing magnet\" \/>\n<meta property=\"article:publisher\" content=\"https:\/\/www.facebook.com\/fishingmagnets\/\" \/>\n<meta property=\"article:modified_time\" content=\"2025-07-29T10:29:19+00:00\" \/>\n<meta property=\"og:image\" content=\"https:\/\/magnetarmagnets.com\/wp-content\/uploads\/2020\/05\/Classic-250.jpg\" \/>\n\t<meta property=\"og:image:width\" content=\"1000\" \/>\n\t<meta property=\"og:image:height\" content=\"1000\" \/>\n\t<meta property=\"og:image:type\" content=\"image\/jpeg\" \/>\n<meta name=\"twitter:card\" content=\"summary_large_image\" \/>\n<meta name=\"twitter:label1\" content=\"Odhadovan\u00e1 doba \u010dten\u00ed\" \/>\n\t<meta name=\"twitter:data1\" content=\"3 minuty\" \/>\n<script type=\"application\/ld+json\" class=\"yoast-schema-graph\">{\"@context\":\"https:\\\/\\\/schema.org\",\"@graph\":[{\"@type\":[\"WebPage\",\"ItemPage\"],\"@id\":\"https:\\\/\\\/magnetarmagnets.com\\\/cs\\\/shop\\\/klasicky-rybarsky-magnet-300kg-jednostranny\\\/\",\"url\":\"https:\\\/\\\/magnetarmagnets.com\\\/cs\\\/shop\\\/klasicky-rybarsky-magnet-300kg-jednostranny\\\/\",\"name\":\"Magnetar ryb\u00e1\u0159sk\u00fd magnet 300kg, velmi siln\u00fd! Nejlep\u0161\u00ed kvalita!\",\"isPartOf\":{\"@id\":\"https:\\\/\\\/magnetarmagnets.com\\\/cs\\\/#website\"},\"primaryImageOfPage\":{\"@id\":\"https:\\\/\\\/magnetarmagnets.com\\\/cs\\\/shop\\\/klasicky-rybarsky-magnet-300kg-jednostranny\\\/#primaryimage\"},\"image\":{\"@id\":\"https:\\\/\\\/magnetarmagnets.com\\\/cs\\\/shop\\\/klasicky-rybarsky-magnet-300kg-jednostranny\\\/#primaryimage\"},\"thumbnailUrl\":\"https:\\\/\\\/magnetarmagnets.com\\\/wp-content\\\/uploads\\\/2020\\\/05\\\/Classic-250.jpg\",\"datePublished\":\"2025-07-28T08:06:43+00:00\",\"dateModified\":\"2025-07-29T10:29:19+00:00\",\"description\":\"Magnetar ryb\u00e1\u0159sk\u00fd magnet 300kg pro magnet fishing, velmi siln\u00fd! Nejlep\u0161\u00ed kvalita! \u0160irok\u00fd sortiment produkt\u016f! P\u0159ij\u010fte se pod\u00edvat do na\u0161eho obchodu\",\"breadcrumb\":{\"@id\":\"https:\\\/\\\/magnetarmagnets.com\\\/cs\\\/shop\\\/klasicky-rybarsky-magnet-300kg-jednostranny\\\/#breadcrumb\"},\"inLanguage\":\"cs\",\"potentialAction\":[{\"@type\":\"ReadAction\",\"target\":[\"https:\\\/\\\/magnetarmagnets.com\\\/cs\\\/shop\\\/klasicky-rybarsky-magnet-300kg-jednostranny\\\/\"]}]},{\"@type\":\"ImageObject\",\"inLanguage\":\"cs\",\"@id\":\"https:\\\/\\\/magnetarmagnets.com\\\/cs\\\/shop\\\/klasicky-rybarsky-magnet-300kg-jednostranny\\\/#primaryimage\",\"url\":\"https:\\\/\\\/magnetarmagnets.com\\\/wp-content\\\/uploads\\\/2020\\\/05\\\/Classic-250.jpg\",\"contentUrl\":\"https:\\\/\\\/magnetarmagnets.com\\\/wp-content\\\/uploads\\\/2020\\\/05\\\/Classic-250.jpg\",\"width\":1000,\"height\":1000,\"caption\":\"Classic 300 fishing magnet\"},{\"@type\":\"BreadcrumbList\",\"@id\":\"https:\\\/\\\/magnetarmagnets.com\\\/cs\\\/shop\\\/klasicky-rybarsky-magnet-300kg-jednostranny\\\/#breadcrumb\",\"itemListElement\":[{\"@type\":\"ListItem\",\"position\":1,\"name\":\"Home\",\"item\":\"https:\\\/\\\/magnetarmagnets.com\\\/cs\\\/\"},{\"@type\":\"ListItem\",\"position\":2,\"name\":\"Obchod\",\"item\":\"https:\\\/\\\/magnetarmagnets.com\\\/obchod\\\/\"},{\"@type\":\"ListItem\",\"position\":3,\"name\":\"Fishing magnety\",\"item\":\"https:\\\/\\\/magnetarmagnets.com\\\/cs\\\/collections\\\/fishing-magnets-cs\\\/\"},{\"@type\":\"ListItem\",\"position\":4,\"name\":\"Jednostrann\u00e9 fishing magnety\",\"item\":\"https:\\\/\\\/magnetarmagnets.com\\\/cs\\\/collections\\\/fishing-magnets-cs\\\/jednostranne-fishing-magnety\\\/\"},{\"@type\":\"ListItem\",\"position\":5,\"name\":\"Klasick\u00fd ryb\u00e1\u0159sk\u00fd magnet &#8211; 300KG &#8211; jednostrann\u00fd\"}]},{\"@type\":\"WebSite\",\"@id\":\"https:\\\/\\\/magnetarmagnets.com\\\/cs\\\/#website\",\"url\":\"https:\\\/\\\/magnetarmagnets.com\\\/cs\\\/\",\"name\":\"Magnet fishing with a Magnetar fishing magnet\",\"description\":\"Siln\u00e9 magnety na magnet fishing\",\"publisher\":{\"@id\":\"https:\\\/\\\/magnetarmagnets.com\\\/cs\\\/#organization\"},\"potentialAction\":[{\"@type\":\"SearchAction\",\"target\":{\"@type\":\"EntryPoint\",\"urlTemplate\":\"https:\\\/\\\/magnetarmagnets.com\\\/cs\\\/?s={search_term_string}\"},\"query-input\":{\"@type\":\"PropertyValueSpecification\",\"valueRequired\":true,\"valueName\":\"search_term_string\"}}],\"inLanguage\":\"cs\"},{\"@type\":\"Organization\",\"@id\":\"https:\\\/\\\/magnetarmagnets.com\\\/cs\\\/#organization\",\"name\":\"Magnetar\",\"url\":\"https:\\\/\\\/magnetarmagnets.com\\\/cs\\\/\",\"logo\":{\"@type\":\"ImageObject\",\"inLanguage\":\"cs\",\"@id\":\"https:\\\/\\\/magnetarmagnets.com\\\/cs\\\/#\\\/schema\\\/logo\\\/image\\\/\",\"url\":\"https:\\\/\\\/magnetarmagnets.com\\\/wp-content\\\/uploads\\\/2025\\\/05\\\/Logo-03_PNG-Black-scaled.png\",\"contentUrl\":\"https:\\\/\\\/magnetarmagnets.com\\\/wp-content\\\/uploads\\\/2025\\\/05\\\/Logo-03_PNG-Black-scaled.png\",\"width\":2560,\"height\":1658,\"caption\":\"Magnetar\"},\"image\":{\"@id\":\"https:\\\/\\\/magnetarmagnets.com\\\/cs\\\/#\\\/schema\\\/logo\\\/image\\\/\"},\"sameAs\":[\"https:\\\/\\\/www.facebook.com\\\/fishingmagnets\\\/\",\"https:\\\/\\\/www.instagram.com\\\/magnetar_magnets\\\/\",\"https:\\\/\\\/www.linkedin.com\\\/company\\\/magnetarbv\\\/?originalSubdomain=nl\",\"https:\\\/\\\/www.youtube.com\\\/c\\\/MagnetarVismagneet\"]}]}<\/script>\n<!-- \/ Yoast SEO plugin. -->","yoast_head_json":{"title":"Magnetar ryb\u00e1\u0159sk\u00fd magnet 300kg, velmi siln\u00fd! Nejlep\u0161\u00ed kvalita!","description":"Magnetar ryb\u00e1\u0159sk\u00fd magnet 300kg pro magnet fishing, velmi siln\u00fd! Nejlep\u0161\u00ed kvalita! \u0160irok\u00fd sortiment produkt\u016f! P\u0159ij\u010fte se pod\u00edvat do na\u0161eho obchodu","robots":{"index":"index","follow":"follow","max-snippet":"max-snippet:-1","max-image-preview":"max-image-preview:large","max-video-preview":"max-video-preview:-1"},"canonical":"https:\/\/magnetarmagnets.com\/cs\/shop\/klasicky-rybarsky-magnet-300kg-jednostranny\/","og_locale":"cs_CZ","og_type":"article","og_title":"Magnetar ryb\u00e1\u0159sk\u00fd magnet 300kg, velmi siln\u00fd! Nejlep\u0161\u00ed kvalita!","og_description":"Magnetar ryb\u00e1\u0159sk\u00fd magnet 300kg pro magnet fishing, velmi siln\u00fd! Nejlep\u0161\u00ed kvalita! \u0160irok\u00fd sortiment produkt\u016f! P\u0159ij\u010fte se pod\u00edvat do na\u0161eho obchodu","og_url":"https:\/\/magnetarmagnets.com\/cs\/shop\/klasicky-rybarsky-magnet-300kg-jednostranny\/","og_site_name":"Magnet fishing with a Magnetar fishing magnet","article_publisher":"https:\/\/www.facebook.com\/fishingmagnets\/","article_modified_time":"2025-07-29T10:29:19+00:00","og_image":[{"width":1000,"height":1000,"url":"https:\/\/magnetarmagnets.com\/wp-content\/uploads\/2020\/05\/Classic-250.jpg","type":"image\/jpeg"}],"twitter_card":"summary_large_image","twitter_misc":{"Odhadovan\u00e1 doba \u010dten\u00ed":"3 minuty"},"schema":{"@context":"https:\/\/schema.org","@graph":[{"@type":["WebPage","ItemPage"],"@id":"https:\/\/magnetarmagnets.com\/cs\/shop\/klasicky-rybarsky-magnet-300kg-jednostranny\/","url":"https:\/\/magnetarmagnets.com\/cs\/shop\/klasicky-rybarsky-magnet-300kg-jednostranny\/","name":"Magnetar ryb\u00e1\u0159sk\u00fd magnet 300kg, velmi siln\u00fd! Nejlep\u0161\u00ed kvalita!","isPartOf":{"@id":"https:\/\/magnetarmagnets.com\/cs\/#website"},"primaryImageOfPage":{"@id":"https:\/\/magnetarmagnets.com\/cs\/shop\/klasicky-rybarsky-magnet-300kg-jednostranny\/#primaryimage"},"image":{"@id":"https:\/\/magnetarmagnets.com\/cs\/shop\/klasicky-rybarsky-magnet-300kg-jednostranny\/#primaryimage"},"thumbnailUrl":"https:\/\/magnetarmagnets.com\/wp-content\/uploads\/2020\/05\/Classic-250.jpg","datePublished":"2025-07-28T08:06:43+00:00","dateModified":"2025-07-29T10:29:19+00:00","description":"Magnetar ryb\u00e1\u0159sk\u00fd magnet 300kg pro magnet fishing, velmi siln\u00fd! Nejlep\u0161\u00ed kvalita! \u0160irok\u00fd sortiment produkt\u016f! P\u0159ij\u010fte se pod\u00edvat do na\u0161eho obchodu","breadcrumb":{"@id":"https:\/\/magnetarmagnets.com\/cs\/shop\/klasicky-rybarsky-magnet-300kg-jednostranny\/#breadcrumb"},"inLanguage":"cs","potentialAction":[{"@type":"ReadAction","target":["https:\/\/magnetarmagnets.com\/cs\/shop\/klasicky-rybarsky-magnet-300kg-jednostranny\/"]}]},{"@type":"ImageObject","inLanguage":"cs","@id":"https:\/\/magnetarmagnets.com\/cs\/shop\/klasicky-rybarsky-magnet-300kg-jednostranny\/#primaryimage","url":"https:\/\/magnetarmagnets.com\/wp-content\/uploads\/2020\/05\/Classic-250.jpg","contentUrl":"https:\/\/magnetarmagnets.com\/wp-content\/uploads\/2020\/05\/Classic-250.jpg","width":1000,"height":1000,"caption":"Classic 300 fishing magnet"},{"@type":"BreadcrumbList","@id":"https:\/\/magnetarmagnets.com\/cs\/shop\/klasicky-rybarsky-magnet-300kg-jednostranny\/#breadcrumb","itemListElement":[{"@type":"ListItem","position":1,"name":"Home","item":"https:\/\/magnetarmagnets.com\/cs\/"},{"@type":"ListItem","position":2,"name":"Obchod","item":"https:\/\/magnetarmagnets.com\/obchod\/"},{"@type":"ListItem","position":3,"name":"Fishing magnety","item":"https:\/\/magnetarmagnets.com\/cs\/collections\/fishing-magnets-cs\/"},{"@type":"ListItem","position":4,"name":"Jednostrann\u00e9 fishing magnety","item":"https:\/\/magnetarmagnets.com\/cs\/collections\/fishing-magnets-cs\/jednostranne-fishing-magnety\/"},{"@type":"ListItem","position":5,"name":"Klasick\u00fd ryb\u00e1\u0159sk\u00fd magnet &#8211; 300KG &#8211; jednostrann\u00fd"}]},{"@type":"WebSite","@id":"https:\/\/magnetarmagnets.com\/cs\/#website","url":"https:\/\/magnetarmagnets.com\/cs\/","name":"Magnet fishing with a Magnetar fishing magnet","description":"Siln\u00e9 magnety na magnet fishing","publisher":{"@id":"https:\/\/magnetarmagnets.com\/cs\/#organization"},"potentialAction":[{"@type":"SearchAction","target":{"@type":"EntryPoint","urlTemplate":"https:\/\/magnetarmagnets.com\/cs\/?s={search_term_string}"},"query-input":{"@type":"PropertyValueSpecification","valueRequired":true,"valueName":"search_term_string"}}],"inLanguage":"cs"},{"@type":"Organization","@id":"https:\/\/magnetarmagnets.com\/cs\/#organization","name":"Magnetar","url":"https:\/\/magnetarmagnets.com\/cs\/","logo":{"@type":"ImageObject","inLanguage":"cs","@id":"https:\/\/magnetarmagnets.com\/cs\/#\/schema\/logo\/image\/","url":"https:\/\/magnetarmagnets.com\/wp-content\/uploads\/2025\/05\/Logo-03_PNG-Black-scaled.png","contentUrl":"https:\/\/magnetarmagnets.com\/wp-content\/uploads\/2025\/05\/Logo-03_PNG-Black-scaled.png","width":2560,"height":1658,"caption":"Magnetar"},"image":{"@id":"https:\/\/magnetarmagnets.com\/cs\/#\/schema\/logo\/image\/"},"sameAs":["https:\/\/www.facebook.com\/fishingmagnets\/","https:\/\/www.instagram.com\/magnetar_magnets\/","https:\/\/www.linkedin.com\/company\/magnetarbv\/?originalSubdomain=nl","https:\/\/www.youtube.com\/c\/MagnetarVismagneet"]}]}},"_links":{"self":[{"href":"https:\/\/magnetarmagnets.com\/cs\/wp-json\/wp\/v2\/product\/83225","targetHints":{"allow":["GET"]}}],"collection":[{"href":"https:\/\/magnetarmagnets.com\/cs\/wp-json\/wp\/v2\/product"}],"about":[{"href":"https:\/\/magnetarmagnets.com\/cs\/wp-json\/wp\/v2\/types\/product"}],"replies":[{"embeddable":true,"href":"https:\/\/magnetarmagnets.com\/cs\/wp-json\/wp\/v2\/comments?post=83225"}],"version-history":[{"count":0,"href":"https:\/\/magnetarmagnets.com\/cs\/wp-json\/wp\/v2\/product\/83225\/revisions"}],"wp:featuredmedia":[{"embeddable":true,"href":"https:\/\/magnetarmagnets.com\/cs\/wp-json\/wp\/v2\/media\/59893"}],"wp:attachment":[{"href":"https:\/\/magnetarmagnets.com\/cs\/wp-json\/wp\/v2\/media?parent=83225"}],"wp:term":[{"taxonomy":"product_brand","embeddable":true,"href":"https:\/\/magnetarmagnets.com\/cs\/wp-json\/wp\/v2\/product_brand?post=83225"},{"taxonomy":"product_cat","embeddable":true,"href":"https:\/\/magnetarmagnets.com\/cs\/wp-json\/wp\/v2\/product_cat?post=83225"},{"taxonomy":"product_tag","embeddable":true,"href":"https:\/\/magnetarmagnets.com\/cs\/wp-json\/wp\/v2\/product_tag?post=83225"}],"curies":[{"name":"wp","href":"https:\/\/api.w.org\/{rel}","templated":true}]}}