{"id":83224,"date":"2025-06-05T09:54:41","date_gmt":"2025-06-05T07:54:41","guid":{"rendered":"https:\/\/magnetarmagnets.com\/?post_type=product&#038;p=83224"},"modified":"2026-04-07T18:38:06","modified_gmt":"2026-04-07T16:38:06","slug":"klasicky-rybarsky-magnet-200kg-jednostranny","status":"publish","type":"product","link":"https:\/\/magnetarmagnets.com\/cs\/shop\/klasicky-rybarsky-magnet-200kg-jednostranny\/","title":{"rendered":"Klasick\u00fd ryb\u00e1\u0159sk\u00fd magnet 200KG &#8211; jednostrann\u00fd"},"content":{"rendered":"Klasick\u00fd ryb\u00e1\u0159sk\u00fd magnet 200 je jednostrann\u00fd neodymov\u00fd magnet s maxim\u00e1ln\u00ed p\u0159ita\u017elivost\u00ed 200 kg. Tento klasick\u00fd 200 magnet je doporu\u010dov\u00e1n pro za\u010d\u00e1te\u010dn\u00edky v magnet fishing, kte\u0159\u00ed cht\u011bj\u00ed zjistit, zda by to mohl b\u00fdt jejich nov\u00fd kon\u00ed\u010dek. Pokud chcete b\u00fdt expertem v magnet fishing, doporu\u010dujeme zakoupit siln\u011bj\u0161\u00ed magnet, nap\u0159\u00edklad z na\u0161\u00ed exkluzivn\u00ed nab\u00eddky. \n\n<h2><strong>Klasick\u00fd 200 ryb\u00e1\u0159sk\u00fd magnet 200kg \/ 440lb<\/strong><\/h2>\n\n<span style=\"font-weight: 400;\">Hled\u00e1te skv\u011bl\u00fd d\u00e1rek pro sv\u00e9 d\u00edt\u011b? Nebo chcete za\u010d\u00edt s magnet fishing sami? Pak byste m\u011bli vyzkou\u0161et klasick\u00fd 200! Magnetar klasick\u00fd 200 je neodymov\u00fd magnet s maxim\u00e1ln\u00ed p\u0159ita\u017elivost\u00ed 200 kilogram\u016f. Pat\u0159\u00ed mezi leh\u010d\u00ed ryb\u00e1\u0159sk\u00e9 magnety v na\u0161\u00ed nab\u00eddce. Tento magnet je velmi vhodn\u00fd pro za\u010d\u00e1te\u010dn\u00edky, kte\u0159\u00ed cht\u011bj\u00ed sb\u00edrat mal\u00e9 p\u0159edm\u011bty.<\/span>\n\n<span style=\"font-weight: 400;\">Spodn\u00ed \u010d\u00e1st tohoto magnetu je pln\u011b magnetick\u00e1 a m\u00e1 kovov\u00fd kryt, kter\u00fd chr\u00e1n\u00ed p\u0159ed n\u00e1razy a po\u0161kozen\u00edm p\u0159i p\u00e1du. Na\u0161e doporu\u010den\u00ed pro magnet fishing je pou\u017e\u00edvat magnet s p\u0159ita\u017elivost\u00ed alespo\u0148 200 kg. 200 kg zn\u00ed jako velk\u00e1 s\u00edla, ale pln\u00e1 p\u0159ita\u017elivost je dosa\u017eena pouze za ide\u00e1ln\u00edch podm\u00ednek: rovn\u00fd kov o tlou\u0161\u0165ce 2 cm, bez rzi a ne\u010distot mezi magnetem a kovem. V t\u011bchto podm\u00ednk\u00e1ch m\u016f\u017eete magnetem vyt\u00e1hnout 200 kg p\u0159\u00edmo vzh\u016fru.<\/span><span style=\"font-weight: 400;\">200 kg p\u0159ita\u017elivosti je minim\u00e1ln\u00ed s\u00edla, pokud chcete vytahovat v\u011bt\u0161\u00ed p\u0159edm\u011bty z vody. Hled\u00e1te cenov\u011b dostupn\u00fd univerz\u00e1ln\u00ed magnet? Pod\u00edvejte se na n\u00e1\u0161 exkluzivn\u00ed <a href=\"https:\/\/magnetarmagnets.com\/shop\/easy-magnet\">easy fishing magnet<\/a>.<\/span>","protected":false},"excerpt":{"rendered":"<p><span style=\"font-weight: 400;\">Prav\u00fd klasick\u00fd, <strong>n\u00e1razuvzdorn\u00fd<\/strong> a <strong>bezpe\u010dn\u00fd<\/strong> ryb\u00e1\u0159sk\u00fd magnet. Nyn\u00ed nav\u00edc <strong>dostupn\u011bj\u0161\u00ed<\/strong>!<\/span><\/p>\n","protected":false},"featured_media":80545,"comment_status":"open","ping_status":"closed","template":"","meta":{"_acf_changed":false,"inline_featured_image":false},"product_brand":[],"product_cat":[553,559,1001,568],"product_tag":[],"class_list":{"0":"post-83224","1":"product","2":"type-product","3":"status-publish","4":"has-post-thumbnail","6":"product_cat-fishing-magnets-cs","7":"product_cat-jednostranne-fishing-magnety","8":"product_cat-vsechny-produkty","9":"product_cat-zacatecnici-a-deti","11":"first","12":"instock","13":"taxable","14":"shipping-taxable","15":"purchasable","16":"product-type-simple"},"acf":[],"yoast_head":"<!-- This site is optimized with the Yoast SEO plugin v27.4 - https:\/\/yoast.com\/product\/yoast-seo-wordpress\/ -->\n<title>Klasick\u00fd ryb\u00e1\u0159sk\u00fd magnet 200KG - jednostrann\u00fd - Magnet fishing with a Magnetar fishing magnet<\/title>\n<meta name=\"description\" content=\"Klasick\u00fd ryb\u00e1\u0159sk\u00fd magnet 200 Kg - od Magnetar\" \/>\n<meta name=\"robots\" content=\"index, follow, max-snippet:-1, max-image-preview:large, max-video-preview:-1\" \/>\n<link rel=\"canonical\" href=\"https:\/\/magnetarmagnets.com\/cs\/shop\/klasicky-rybarsky-magnet-200kg-jednostranny\/\" \/>\n<meta property=\"og:locale\" content=\"cs_CZ\" \/>\n<meta property=\"og:type\" content=\"article\" \/>\n<meta property=\"og:title\" content=\"Klasick\u00fd ryb\u00e1\u0159sk\u00fd magnet 200KG - jednostrann\u00fd - Magnet fishing with a Magnetar fishing magnet\" \/>\n<meta property=\"og:description\" content=\"Klasick\u00fd ryb\u00e1\u0159sk\u00fd magnet 200 Kg - od Magnetar\" \/>\n<meta property=\"og:url\" content=\"https:\/\/magnetarmagnets.com\/cs\/shop\/klasicky-rybarsky-magnet-200kg-jednostranny\/\" \/>\n<meta property=\"og:site_name\" content=\"Magnet fishing with a Magnetar fishing magnet\" \/>\n<meta property=\"article:publisher\" content=\"https:\/\/www.facebook.com\/fishingmagnets\/\" \/>\n<meta property=\"article:modified_time\" content=\"2026-04-07T16:38:06+00:00\" \/>\n<meta property=\"og:image\" content=\"https:\/\/magnetarmagnets.com\/wp-content\/uploads\/2020\/05\/hoofdafbeelding-classic-200.jpg\" \/>\n\t<meta property=\"og:image:width\" content=\"1000\" \/>\n\t<meta property=\"og:image:height\" content=\"1000\" \/>\n\t<meta property=\"og:image:type\" content=\"image\/jpeg\" \/>\n<meta name=\"twitter:card\" content=\"summary_large_image\" \/>\n<meta name=\"twitter:label1\" content=\"Odhadovan\u00e1 doba \u010dten\u00ed\" \/>\n\t<meta name=\"twitter:data1\" content=\"3 minuty\" \/>\n<script type=\"application\/ld+json\" class=\"yoast-schema-graph\">{\"@context\":\"https:\\\/\\\/schema.org\",\"@graph\":[{\"@type\":[\"WebPage\",\"ItemPage\"],\"@id\":\"https:\\\/\\\/magnetarmagnets.com\\\/cs\\\/shop\\\/klasicky-rybarsky-magnet-200kg-jednostranny\\\/\",\"url\":\"https:\\\/\\\/magnetarmagnets.com\\\/cs\\\/shop\\\/klasicky-rybarsky-magnet-200kg-jednostranny\\\/\",\"name\":\"Klasick\u00fd ryb\u00e1\u0159sk\u00fd magnet 200KG - jednostrann\u00fd - Magnet fishing with a Magnetar fishing magnet\",\"isPartOf\":{\"@id\":\"https:\\\/\\\/magnetarmagnets.com\\\/cs\\\/#website\"},\"primaryImageOfPage\":{\"@id\":\"https:\\\/\\\/magnetarmagnets.com\\\/cs\\\/shop\\\/klasicky-rybarsky-magnet-200kg-jednostranny\\\/#primaryimage\"},\"image\":{\"@id\":\"https:\\\/\\\/magnetarmagnets.com\\\/cs\\\/shop\\\/klasicky-rybarsky-magnet-200kg-jednostranny\\\/#primaryimage\"},\"thumbnailUrl\":\"https:\\\/\\\/magnetarmagnets.com\\\/wp-content\\\/uploads\\\/2020\\\/05\\\/hoofdafbeelding-classic-200.jpg\",\"datePublished\":\"2025-06-05T07:54:41+00:00\",\"dateModified\":\"2026-04-07T16:38:06+00:00\",\"description\":\"Klasick\u00fd ryb\u00e1\u0159sk\u00fd magnet 200 Kg - od Magnetar\",\"breadcrumb\":{\"@id\":\"https:\\\/\\\/magnetarmagnets.com\\\/cs\\\/shop\\\/klasicky-rybarsky-magnet-200kg-jednostranny\\\/#breadcrumb\"},\"inLanguage\":\"cs\",\"potentialAction\":[{\"@type\":\"ReadAction\",\"target\":[\"https:\\\/\\\/magnetarmagnets.com\\\/cs\\\/shop\\\/klasicky-rybarsky-magnet-200kg-jednostranny\\\/\"]}]},{\"@type\":\"ImageObject\",\"inLanguage\":\"cs\",\"@id\":\"https:\\\/\\\/magnetarmagnets.com\\\/cs\\\/shop\\\/klasicky-rybarsky-magnet-200kg-jednostranny\\\/#primaryimage\",\"url\":\"https:\\\/\\\/magnetarmagnets.com\\\/wp-content\\\/uploads\\\/2020\\\/05\\\/hoofdafbeelding-classic-200.jpg\",\"contentUrl\":\"https:\\\/\\\/magnetarmagnets.com\\\/wp-content\\\/uploads\\\/2020\\\/05\\\/hoofdafbeelding-classic-200.jpg\",\"width\":1000,\"height\":1000,\"caption\":\"Classic 200 fishing magnet\"},{\"@type\":\"BreadcrumbList\",\"@id\":\"https:\\\/\\\/magnetarmagnets.com\\\/cs\\\/shop\\\/klasicky-rybarsky-magnet-200kg-jednostranny\\\/#breadcrumb\",\"itemListElement\":[{\"@type\":\"ListItem\",\"position\":1,\"name\":\"Home\",\"item\":\"https:\\\/\\\/magnetarmagnets.com\\\/cs\\\/\"},{\"@type\":\"ListItem\",\"position\":2,\"name\":\"Obchod\",\"item\":\"https:\\\/\\\/magnetarmagnets.com\\\/cs\\\/obchod\\\/\"},{\"@type\":\"ListItem\",\"position\":3,\"name\":\"Fishing magnety\",\"item\":\"https:\\\/\\\/magnetarmagnets.com\\\/cs\\\/collections\\\/fishing-magnets-cs\\\/\"},{\"@type\":\"ListItem\",\"position\":4,\"name\":\"Jednostrann\u00e9 fishing magnety\",\"item\":\"https:\\\/\\\/magnetarmagnets.com\\\/cs\\\/collections\\\/fishing-magnets-cs\\\/jednostranne-fishing-magnety\\\/\"},{\"@type\":\"ListItem\",\"position\":5,\"name\":\"Klasick\u00fd ryb\u00e1\u0159sk\u00fd magnet 200KG &#8211; jednostrann\u00fd\"}]},{\"@type\":\"WebSite\",\"@id\":\"https:\\\/\\\/magnetarmagnets.com\\\/cs\\\/#website\",\"url\":\"https:\\\/\\\/magnetarmagnets.com\\\/cs\\\/\",\"name\":\"Magnet fishing with a Magnetar fishing magnet\",\"description\":\"Siln\u00e9 magnety na magnet fishing\",\"publisher\":{\"@id\":\"https:\\\/\\\/magnetarmagnets.com\\\/cs\\\/#organization\"},\"potentialAction\":[{\"@type\":\"SearchAction\",\"target\":{\"@type\":\"EntryPoint\",\"urlTemplate\":\"https:\\\/\\\/magnetarmagnets.com\\\/cs\\\/?s={search_term_string}\"},\"query-input\":{\"@type\":\"PropertyValueSpecification\",\"valueRequired\":true,\"valueName\":\"search_term_string\"}}],\"inLanguage\":\"cs\"},{\"@type\":\"Organization\",\"@id\":\"https:\\\/\\\/magnetarmagnets.com\\\/cs\\\/#organization\",\"name\":\"Magnetar\",\"url\":\"https:\\\/\\\/magnetarmagnets.com\\\/cs\\\/\",\"logo\":{\"@type\":\"ImageObject\",\"inLanguage\":\"cs\",\"@id\":\"https:\\\/\\\/magnetarmagnets.com\\\/cs\\\/#\\\/schema\\\/logo\\\/image\\\/\",\"url\":\"https:\\\/\\\/magnetarmagnets.com\\\/wp-content\\\/uploads\\\/2025\\\/05\\\/Logo-03_PNG-Black-scaled.png\",\"contentUrl\":\"https:\\\/\\\/magnetarmagnets.com\\\/wp-content\\\/uploads\\\/2025\\\/05\\\/Logo-03_PNG-Black-scaled.png\",\"width\":2560,\"height\":1658,\"caption\":\"Magnetar\"},\"image\":{\"@id\":\"https:\\\/\\\/magnetarmagnets.com\\\/cs\\\/#\\\/schema\\\/logo\\\/image\\\/\"},\"sameAs\":[\"https:\\\/\\\/www.facebook.com\\\/fishingmagnets\\\/\",\"https:\\\/\\\/www.instagram.com\\\/magnetar_magnets\\\/\",\"https:\\\/\\\/www.linkedin.com\\\/company\\\/magnetarbv\\\/?originalSubdomain=nl\",\"https:\\\/\\\/www.youtube.com\\\/c\\\/MagnetarVismagneet\"]}]}<\/script>\n<!-- \/ Yoast SEO plugin. -->","yoast_head_json":{"title":"Klasick\u00fd ryb\u00e1\u0159sk\u00fd magnet 200KG - jednostrann\u00fd - Magnet fishing with a Magnetar fishing magnet","description":"Klasick\u00fd ryb\u00e1\u0159sk\u00fd magnet 200 Kg - od Magnetar","robots":{"index":"index","follow":"follow","max-snippet":"max-snippet:-1","max-image-preview":"max-image-preview:large","max-video-preview":"max-video-preview:-1"},"canonical":"https:\/\/magnetarmagnets.com\/cs\/shop\/klasicky-rybarsky-magnet-200kg-jednostranny\/","og_locale":"cs_CZ","og_type":"article","og_title":"Klasick\u00fd ryb\u00e1\u0159sk\u00fd magnet 200KG - jednostrann\u00fd - Magnet fishing with a Magnetar fishing magnet","og_description":"Klasick\u00fd ryb\u00e1\u0159sk\u00fd magnet 200 Kg - od Magnetar","og_url":"https:\/\/magnetarmagnets.com\/cs\/shop\/klasicky-rybarsky-magnet-200kg-jednostranny\/","og_site_name":"Magnet fishing with a Magnetar fishing magnet","article_publisher":"https:\/\/www.facebook.com\/fishingmagnets\/","article_modified_time":"2026-04-07T16:38:06+00:00","og_image":[{"width":1000,"height":1000,"url":"https:\/\/magnetarmagnets.com\/wp-content\/uploads\/2020\/05\/hoofdafbeelding-classic-200.jpg","type":"image\/jpeg"}],"twitter_card":"summary_large_image","twitter_misc":{"Odhadovan\u00e1 doba \u010dten\u00ed":"3 minuty"},"schema":{"@context":"https:\/\/schema.org","@graph":[{"@type":["WebPage","ItemPage"],"@id":"https:\/\/magnetarmagnets.com\/cs\/shop\/klasicky-rybarsky-magnet-200kg-jednostranny\/","url":"https:\/\/magnetarmagnets.com\/cs\/shop\/klasicky-rybarsky-magnet-200kg-jednostranny\/","name":"Klasick\u00fd ryb\u00e1\u0159sk\u00fd magnet 200KG - jednostrann\u00fd - Magnet fishing with a Magnetar fishing magnet","isPartOf":{"@id":"https:\/\/magnetarmagnets.com\/cs\/#website"},"primaryImageOfPage":{"@id":"https:\/\/magnetarmagnets.com\/cs\/shop\/klasicky-rybarsky-magnet-200kg-jednostranny\/#primaryimage"},"image":{"@id":"https:\/\/magnetarmagnets.com\/cs\/shop\/klasicky-rybarsky-magnet-200kg-jednostranny\/#primaryimage"},"thumbnailUrl":"https:\/\/magnetarmagnets.com\/wp-content\/uploads\/2020\/05\/hoofdafbeelding-classic-200.jpg","datePublished":"2025-06-05T07:54:41+00:00","dateModified":"2026-04-07T16:38:06+00:00","description":"Klasick\u00fd ryb\u00e1\u0159sk\u00fd magnet 200 Kg - od Magnetar","breadcrumb":{"@id":"https:\/\/magnetarmagnets.com\/cs\/shop\/klasicky-rybarsky-magnet-200kg-jednostranny\/#breadcrumb"},"inLanguage":"cs","potentialAction":[{"@type":"ReadAction","target":["https:\/\/magnetarmagnets.com\/cs\/shop\/klasicky-rybarsky-magnet-200kg-jednostranny\/"]}]},{"@type":"ImageObject","inLanguage":"cs","@id":"https:\/\/magnetarmagnets.com\/cs\/shop\/klasicky-rybarsky-magnet-200kg-jednostranny\/#primaryimage","url":"https:\/\/magnetarmagnets.com\/wp-content\/uploads\/2020\/05\/hoofdafbeelding-classic-200.jpg","contentUrl":"https:\/\/magnetarmagnets.com\/wp-content\/uploads\/2020\/05\/hoofdafbeelding-classic-200.jpg","width":1000,"height":1000,"caption":"Classic 200 fishing magnet"},{"@type":"BreadcrumbList","@id":"https:\/\/magnetarmagnets.com\/cs\/shop\/klasicky-rybarsky-magnet-200kg-jednostranny\/#breadcrumb","itemListElement":[{"@type":"ListItem","position":1,"name":"Home","item":"https:\/\/magnetarmagnets.com\/cs\/"},{"@type":"ListItem","position":2,"name":"Obchod","item":"https:\/\/magnetarmagnets.com\/cs\/obchod\/"},{"@type":"ListItem","position":3,"name":"Fishing magnety","item":"https:\/\/magnetarmagnets.com\/cs\/collections\/fishing-magnets-cs\/"},{"@type":"ListItem","position":4,"name":"Jednostrann\u00e9 fishing magnety","item":"https:\/\/magnetarmagnets.com\/cs\/collections\/fishing-magnets-cs\/jednostranne-fishing-magnety\/"},{"@type":"ListItem","position":5,"name":"Klasick\u00fd ryb\u00e1\u0159sk\u00fd magnet 200KG &#8211; jednostrann\u00fd"}]},{"@type":"WebSite","@id":"https:\/\/magnetarmagnets.com\/cs\/#website","url":"https:\/\/magnetarmagnets.com\/cs\/","name":"Magnet fishing with a Magnetar fishing magnet","description":"Siln\u00e9 magnety na magnet fishing","publisher":{"@id":"https:\/\/magnetarmagnets.com\/cs\/#organization"},"potentialAction":[{"@type":"SearchAction","target":{"@type":"EntryPoint","urlTemplate":"https:\/\/magnetarmagnets.com\/cs\/?s={search_term_string}"},"query-input":{"@type":"PropertyValueSpecification","valueRequired":true,"valueName":"search_term_string"}}],"inLanguage":"cs"},{"@type":"Organization","@id":"https:\/\/magnetarmagnets.com\/cs\/#organization","name":"Magnetar","url":"https:\/\/magnetarmagnets.com\/cs\/","logo":{"@type":"ImageObject","inLanguage":"cs","@id":"https:\/\/magnetarmagnets.com\/cs\/#\/schema\/logo\/image\/","url":"https:\/\/magnetarmagnets.com\/wp-content\/uploads\/2025\/05\/Logo-03_PNG-Black-scaled.png","contentUrl":"https:\/\/magnetarmagnets.com\/wp-content\/uploads\/2025\/05\/Logo-03_PNG-Black-scaled.png","width":2560,"height":1658,"caption":"Magnetar"},"image":{"@id":"https:\/\/magnetarmagnets.com\/cs\/#\/schema\/logo\/image\/"},"sameAs":["https:\/\/www.facebook.com\/fishingmagnets\/","https:\/\/www.instagram.com\/magnetar_magnets\/","https:\/\/www.linkedin.com\/company\/magnetarbv\/?originalSubdomain=nl","https:\/\/www.youtube.com\/c\/MagnetarVismagneet"]}]}},"_links":{"self":[{"href":"https:\/\/magnetarmagnets.com\/cs\/wp-json\/wp\/v2\/product\/83224","targetHints":{"allow":["GET"]}}],"collection":[{"href":"https:\/\/magnetarmagnets.com\/cs\/wp-json\/wp\/v2\/product"}],"about":[{"href":"https:\/\/magnetarmagnets.com\/cs\/wp-json\/wp\/v2\/types\/product"}],"replies":[{"embeddable":true,"href":"https:\/\/magnetarmagnets.com\/cs\/wp-json\/wp\/v2\/comments?post=83224"}],"version-history":[{"count":0,"href":"https:\/\/magnetarmagnets.com\/cs\/wp-json\/wp\/v2\/product\/83224\/revisions"}],"wp:featuredmedia":[{"embeddable":true,"href":"https:\/\/magnetarmagnets.com\/cs\/wp-json\/wp\/v2\/media\/80545"}],"wp:attachment":[{"href":"https:\/\/magnetarmagnets.com\/cs\/wp-json\/wp\/v2\/media?parent=83224"}],"wp:term":[{"taxonomy":"product_brand","embeddable":true,"href":"https:\/\/magnetarmagnets.com\/cs\/wp-json\/wp\/v2\/product_brand?post=83224"},{"taxonomy":"product_cat","embeddable":true,"href":"https:\/\/magnetarmagnets.com\/cs\/wp-json\/wp\/v2\/product_cat?post=83224"},{"taxonomy":"product_tag","embeddable":true,"href":"https:\/\/magnetarmagnets.com\/cs\/wp-json\/wp\/v2\/product_tag?post=83224"}],"curies":[{"name":"wp","href":"https:\/\/api.w.org\/{rel}","templated":true}]}}