{"id":83223,"date":"2025-07-28T10:06:42","date_gmt":"2025-07-28T08:06:42","guid":{"rendered":"https:\/\/magnetarmagnets.com\/?post_type=product&#038;p=83223"},"modified":"2025-07-29T12:30:18","modified_gmt":"2025-07-29T10:30:18","slug":"klasicky-fishing-magnet-400-kg-jednostranny","status":"publish","type":"product","link":"https:\/\/magnetarmagnets.com\/cs\/shop\/klasicky-fishing-magnet-400-kg-jednostranny\/","title":{"rendered":"Klasick\u00fd fishing magnet \u2013 400 KG \u2013 jednostrann\u00fd"},"content":{"rendered":"<span style=\"font-weight: 400;\">Klasick\u00fd fishing magnet Classic 400 je jednostrann\u00fd neodymov\u00fd fishing magnet s maxim\u00e1ln\u00ed ta\u017enou silou 400 KG. Classic 400 doporu\u010dujeme za\u010d\u00e1te\u010dn\u00edk\u016fm, kte\u0159\u00ed cht\u011bj\u00ed vyrazit kompletn\u011b vybaveni, i pokro\u010dil\u00fdm nad\u0161enc\u016fm magnet fishingu, kte\u0159\u00ed hledaj\u00ed v\u00fdkonn\u00fd a chr\u00e1n\u011bn\u00fd magnet. Extra siln\u00fd magnet je ulo\u017een v odoln\u00e9m kovov\u00e9m pouzd\u0159e. To zaji\u0161\u0165uje, \u017ee magnet dosahuje obrovsk\u00e9 ta\u017en\u00e9 s\u00edly na spodn\u00ed stran\u011b. Tento magnet pat\u0159\u00ed mezi na\u0161e nejsiln\u011bj\u0161\u00ed magenty v na\u0161\u00ed \u0159ad\u011b jednostrann\u00fdch fishing magnet\u016f.<\/span>\n\n\n\nNezapome\u0148te se pod\u00edvat na na\u0161e <a href=\"https:\/\/magnetarmagnets.com\/magnet-fishing-kit\/\">magnet fishing set<\/a> a <a href=\"https:\/\/magnetarmagnets.com\/accessories\/\">p\u0159\u00edslu\u0161enstv\u00ed<\/a>.\n\n<h2><span style=\"font-weight: 400;\"><strong style=\"font-size: 24px;\">V\u00fdkonn\u00fd jednostrann\u00fd fishing magnet 400 KG<\/strong><\/span><\/h2>\n\nClassic 400 pat\u0159\u00ed mezi nejsiln\u011bj\u0161\u00ed jednostrann\u00e9 fishing magnety od Magnetar. Tento v\u00fdjime\u010dn\u00fd produkt je chr\u00e1n\u011bn odoln\u00fdm obalem, kter\u00fd zaji\u0161\u0165uje ochranu proti n\u00e1raz\u016fm a necht\u011bn\u00e9mu po\u0161kozen\u00ed. D\u00edky tomu, \u017ee je magnet jednostrann\u00fd, se magnetick\u00e1 s\u00edla soust\u0159e\u010fuje v\u00fdhradn\u011b na spodn\u00ed stranu fishing magnetu, co\u017e z n\u011bj d\u011bl\u00e1 mimo\u0159\u00e1dn\u011b siln\u00fd n\u00e1stroj. Tato s\u00edla m\u016f\u017ee b\u00fdt p\u0159i odtrh\u00e1v\u00e1n\u00ed p\u0159edm\u011bt\u016f m\u00edrn\u011b n\u00e1ro\u010dn\u00e1, p\u0159esto s t\u00edmto magnetem snadno vyt\u00e1hnete t\u011b\u017ek\u00e9 p\u0159edm\u011bty s rovn\u00fdm povrchem, jako jsou trezory, autod\u00edly \u010di ocelov\u00e9 nosn\u00edky. Stejn\u011b tak si hrav\u011b porad\u00ed s men\u0161\u00edmi historick\u00fdmi p\u0159edm\u011bty.\n\nFishing magnet Classic 400 kg se obvykle pou\u017e\u00edv\u00e1 s lanem 8 mm nebo 10 mm. Pot\u0159ebujete prozkoumat hlub\u0161\u00ed vody a kaln\u00e9 dno na specifick\u00fdch m\u00edstech? V takov\u00e9m p\u0159\u00edpad\u011b m\u016f\u017eete k tomuto fishing magnetu pou\u017e\u00edt na\u0161i magnet fishing spike, kter\u00e1 se prodlu\u017euje a\u017e na t\u0159i metry a roz\u0161\u00ed\u0159\u00ed va\u0161e mo\u017enosti magnet fishingu.\n\nPokud hled\u00e1te fishing magnet, kter\u00fd disponuje magnetickou silou ze v\u0161ech stran a nab\u00edz\u00ed srovnatelnou ta\u017enou s\u00edlu, zveme v\u00e1s, abyste prozkoumali na\u0161e <a href=\"https:\/\/magnetarmagnets.com\/shop\/easy-magnet\">Easy<\/a>, <a href=\"https:\/\/magnetarmagnets.com\/shop\/hardcore-magnet-2\/?v=796834e7a283\">Hardcore<\/a> a <a href=\"https:\/\/magnetarmagnets.com\/shop\/exclusive-terror-magnet\/?v=796834e7a283\">Terror<\/a> all-round 360\u00b0 magnety.\n\n<h2>Nen\u00ed to p\u0159\u00edli\u0161 velk\u00e1 ta\u017en\u00e1 s\u00edla?<\/h2>\n\n<span style=\"font-weight: 400;\">Nebojte se! Uveden\u00e1 ta\u017en\u00e1 s\u00edla 400 KG bude dosa\u017eena pouze za ide\u00e1ln\u00edch podm\u00ednek. T\u011bmito podm\u00ednkami jsou: rovn\u00fd kovov\u00fd povrch o tlou\u0161\u0165ce 2 cm, \u017e\u00e1dn\u00e1 rez ani ne\u010distoty mezi magnetem a kovem. \u0160ance, \u017ee ve vod\u011b naraz\u00edte na dokonale \u010distou kovovou desku, je mal\u00e1. V\u011bt\u0161inou jsou kovov\u00e9 poklady pokryty rz\u00ed.<\/span>\n\n<h2><b>Vysok\u00e1 kvalita<\/b><\/h2>\n\nNa\u0161e fishing magnety jsou vyrobeny z neodymia. Magnety Magnetar si uchov\u00e1vaj\u00ed svou ta\u017enou s\u00edlu po desetilet\u00ed, p\u0159i\u010dem\u017e p\u0159i spr\u00e1vn\u00e9m skladov\u00e1n\u00ed, p\u00e9\u010di a ochran\u011b ztrat\u00ed pouze 1 % ka\u017ed\u00fdch 100 let. Proto prod\u00e1v\u00e1me jedny z nejlep\u0161\u00edch fishing magnet\u016f na trhu.\n\n\n\nV\u011bt\u0161ina ostatn\u00edch poskytovatel\u016f magnet\u016f toti\u017e vykazuje sn\u00ed\u017een\u00ed ta\u017en\u00e9 s\u00edly ji\u017e po n\u011bkolika t\u00fddnech. V posledn\u00edch letech jsme si v\u0161imli, \u017ee je na trhu \u010d\u00edm d\u00e1l v\u00edce nekvalitn\u00edch magnet\u016f: v\u011bt\u0161\u00ed magnety s ni\u017e\u0161\u00ed ta\u017enou silou, neodymium n\u00edzk\u00e9 kvality, klamav\u00e1 reklama. Kdy\u017e si takov\u00fd magnet koup\u00edte za ni\u017e\u0161\u00ed cenu nebo od velk\u00e9ho konglomer\u00e1tu, skon\u010d\u00edte zklaman\u00ed, i kdy\u017e jste u\u0161et\u0159ili p\u00e1r korun.\n\n\n\nMagnetar je mal\u00e1 rodinn\u00e1 firma, kter\u00e1 klade kvalitu na prvn\u00ed m\u00edsto ve v\u0161em, co d\u011bl\u00e1me. Jsme nad\u0161enci magnet fishingu a v\u0161echny na\u0161e magenty jsou navr\u017een\u00e9, vyv\u00edjen\u00e9 a vyr\u00e1b\u011bn\u00e9 na\u0161\u00edm t\u00fdmem, abyste p\u0159i\u0161li k co nejv\u011bt\u0161\u00edmu u\u017eitku (nebo poklad\u016fm z va\u0161eho magnetu!). Pokud hled\u00e1te spolehliv\u00fd, efektivn\u00ed a v\u00fdkonn\u00fd fishing magnet, jste na spr\u00e1vn\u00e9m m\u00edst\u011b. N\u00e1\u0161 t\u00fdm se t\u011b\u0161\u00ed na va\u0161e <a href=\"mailto:info@magnetarmagnets.nl\">dotazy<\/a>.\n\n\n\n<h2><b>Pou\u017e\u00edvejte s opatrnost\u00ed<\/b><\/h2>\n\nNa\u0161e neodymov\u00e9 magenty jsou velmi siln\u00e9 a mohou se k \u017eelezn\u00fdm p\u0159edm\u011bt\u016fm rychle p\u0159it\u00e1hnout, kdy\u017e jsou v bl\u00edzkosti. U siln\u011bj\u0161\u00edch fishing magnet\u016f, jako je all-round 360\u00b0 magnet, m\u016f\u017ee doj\u00edt k zakl\u00edn\u011bn\u00ed prst\u016f mezi magnetem a jin\u00fdmi p\u0159edm\u011bty. Zach\u00e1zejte s nimi opatrn\u011b a pou\u017e\u00edvejte na vlastn\u00ed nebezpe\u010d\u00ed. P\u0159ed pou\u017eit\u00edm si v\u017edy p\u0159e\u010dt\u011bte na\u0161e bezpe\u010dnostn\u00ed pokyny.\n\n\n\n* D\u011bti mus\u00ed pou\u017e\u00edvat magnet pod dohledem dosp\u011bl\u00fdch.","protected":false},"excerpt":{"rendered":"<p><span style=\"font-weight: 400;\">Tento <strong>v\u00fdkonn\u00fd chr\u00e1n\u011bn\u00fd fishing magnet<\/strong> d\u011bl\u00e1 p\u0159esn\u011b to, co m\u00e1. Nejt\u011b\u017e\u0161\u00ed p\u0159edm\u011bty jsou d\u00edky <strong>obrovsk\u00e9 s\u00edle ta\u017een\u00ed<\/strong> p\u0159itahov\u00e1ny na spodn\u00ed stran\u011b magnetu. Tento magnet je <strong>obl\u00edben\u00fd jak mezi za\u010d\u00e1te\u010dn\u00edky, tak pokro\u010dil\u00fdmi nad\u0161enci magnet fishingu<\/strong>.<\/span><\/p>\n","protected":false},"featured_media":70328,"comment_status":"open","ping_status":"closed","template":"","meta":{"_acf_changed":false,"inline_featured_image":false},"product_brand":[],"product_cat":[553,559,569],"product_tag":[549],"class_list":{"0":"post-83223","1":"product","2":"type-product","3":"status-publish","4":"has-post-thumbnail","6":"product_cat-fishing-magnets-cs","7":"product_cat-jednostranne-fishing-magnety","8":"product_cat-pokrocili-dobrodruzi","9":"product_tag-doprava-zdarma","11":"first","12":"instock","13":"sale","14":"taxable","15":"shipping-taxable","16":"purchasable","17":"product-type-simple"},"acf":[],"yoast_head":"<!-- This site is optimized with the Yoast SEO plugin v27.3 - https:\/\/yoast.com\/product\/yoast-seo-wordpress\/ -->\n<title>Klasick\u00fd fishing magnet \u2013 400 KG \u2013 jednostrann\u00fd - Magnet fishing with a Magnetar fishing magnet<\/title>\n<meta name=\"description\" content=\"Jednostrann\u00fd fishing magnet \u2013 400 KG \u2013 Magnetar\" \/>\n<meta name=\"robots\" content=\"index, follow, max-snippet:-1, max-image-preview:large, max-video-preview:-1\" \/>\n<link rel=\"canonical\" href=\"https:\/\/magnetarmagnets.com\/cs\/shop\/klasicky-fishing-magnet-400-kg-jednostranny\/\" \/>\n<meta property=\"og:locale\" content=\"cs_CZ\" \/>\n<meta property=\"og:type\" content=\"article\" \/>\n<meta property=\"og:title\" content=\"Klasick\u00fd fishing magnet \u2013 400 KG \u2013 jednostrann\u00fd - Magnet fishing with a Magnetar fishing magnet\" \/>\n<meta property=\"og:description\" content=\"Jednostrann\u00fd fishing magnet \u2013 400 KG \u2013 Magnetar\" \/>\n<meta property=\"og:url\" content=\"https:\/\/magnetarmagnets.com\/cs\/shop\/klasicky-fishing-magnet-400-kg-jednostranny\/\" \/>\n<meta property=\"og:site_name\" content=\"Magnet fishing with a Magnetar fishing magnet\" \/>\n<meta property=\"article:publisher\" content=\"https:\/\/www.facebook.com\/fishingmagnets\/\" \/>\n<meta property=\"article:modified_time\" content=\"2025-07-29T10:30:18+00:00\" \/>\n<meta property=\"og:image\" content=\"https:\/\/magnetarmagnets.com\/wp-content\/uploads\/2017\/07\/vismagneet-350-met-gereedschap.png\" \/>\n\t<meta property=\"og:image:width\" content=\"1000\" \/>\n\t<meta property=\"og:image:height\" content=\"1000\" \/>\n\t<meta property=\"og:image:type\" content=\"image\/png\" \/>\n<meta name=\"twitter:card\" content=\"summary_large_image\" \/>\n<meta name=\"twitter:label1\" content=\"Odhadovan\u00e1 doba \u010dten\u00ed\" \/>\n\t<meta name=\"twitter:data1\" content=\"3 minuty\" \/>\n<script type=\"application\/ld+json\" class=\"yoast-schema-graph\">{\"@context\":\"https:\\\/\\\/schema.org\",\"@graph\":[{\"@type\":[\"WebPage\",\"ItemPage\"],\"@id\":\"https:\\\/\\\/magnetarmagnets.com\\\/cs\\\/shop\\\/klasicky-fishing-magnet-400-kg-jednostranny\\\/\",\"url\":\"https:\\\/\\\/magnetarmagnets.com\\\/cs\\\/shop\\\/klasicky-fishing-magnet-400-kg-jednostranny\\\/\",\"name\":\"Klasick\u00fd fishing magnet \u2013 400 KG \u2013 jednostrann\u00fd - Magnet fishing with a Magnetar fishing magnet\",\"isPartOf\":{\"@id\":\"https:\\\/\\\/magnetarmagnets.com\\\/cs\\\/#website\"},\"primaryImageOfPage\":{\"@id\":\"https:\\\/\\\/magnetarmagnets.com\\\/cs\\\/shop\\\/klasicky-fishing-magnet-400-kg-jednostranny\\\/#primaryimage\"},\"image\":{\"@id\":\"https:\\\/\\\/magnetarmagnets.com\\\/cs\\\/shop\\\/klasicky-fishing-magnet-400-kg-jednostranny\\\/#primaryimage\"},\"thumbnailUrl\":\"https:\\\/\\\/magnetarmagnets.com\\\/wp-content\\\/uploads\\\/2017\\\/07\\\/vismagneet-350-met-gereedschap.png\",\"datePublished\":\"2025-07-28T08:06:42+00:00\",\"dateModified\":\"2025-07-29T10:30:18+00:00\",\"description\":\"Jednostrann\u00fd fishing magnet \u2013 400 KG \u2013 Magnetar\",\"breadcrumb\":{\"@id\":\"https:\\\/\\\/magnetarmagnets.com\\\/cs\\\/shop\\\/klasicky-fishing-magnet-400-kg-jednostranny\\\/#breadcrumb\"},\"inLanguage\":\"cs\",\"potentialAction\":[{\"@type\":\"ReadAction\",\"target\":[\"https:\\\/\\\/magnetarmagnets.com\\\/cs\\\/shop\\\/klasicky-fishing-magnet-400-kg-jednostranny\\\/\"]}]},{\"@type\":\"ImageObject\",\"inLanguage\":\"cs\",\"@id\":\"https:\\\/\\\/magnetarmagnets.com\\\/cs\\\/shop\\\/klasicky-fishing-magnet-400-kg-jednostranny\\\/#primaryimage\",\"url\":\"https:\\\/\\\/magnetarmagnets.com\\\/wp-content\\\/uploads\\\/2017\\\/07\\\/vismagneet-350-met-gereedschap.png\",\"contentUrl\":\"https:\\\/\\\/magnetarmagnets.com\\\/wp-content\\\/uploads\\\/2017\\\/07\\\/vismagneet-350-met-gereedschap.png\",\"width\":1000,\"height\":1000,\"caption\":\"vismagneet 350 met gereedschap\"},{\"@type\":\"BreadcrumbList\",\"@id\":\"https:\\\/\\\/magnetarmagnets.com\\\/cs\\\/shop\\\/klasicky-fishing-magnet-400-kg-jednostranny\\\/#breadcrumb\",\"itemListElement\":[{\"@type\":\"ListItem\",\"position\":1,\"name\":\"Home\",\"item\":\"https:\\\/\\\/magnetarmagnets.com\\\/cs\\\/\"},{\"@type\":\"ListItem\",\"position\":2,\"name\":\"Obchod\",\"item\":\"https:\\\/\\\/magnetarmagnets.com\\\/obchod\\\/\"},{\"@type\":\"ListItem\",\"position\":3,\"name\":\"Fishing magnety\",\"item\":\"https:\\\/\\\/magnetarmagnets.com\\\/cs\\\/collections\\\/fishing-magnets-cs\\\/\"},{\"@type\":\"ListItem\",\"position\":4,\"name\":\"Jednostrann\u00e9 fishing magnety\",\"item\":\"https:\\\/\\\/magnetarmagnets.com\\\/cs\\\/collections\\\/fishing-magnets-cs\\\/jednostranne-fishing-magnety\\\/\"},{\"@type\":\"ListItem\",\"position\":5,\"name\":\"Klasick\u00fd fishing magnet \u2013 400 KG \u2013 jednostrann\u00fd\"}]},{\"@type\":\"WebSite\",\"@id\":\"https:\\\/\\\/magnetarmagnets.com\\\/cs\\\/#website\",\"url\":\"https:\\\/\\\/magnetarmagnets.com\\\/cs\\\/\",\"name\":\"Magnet fishing with a Magnetar fishing magnet\",\"description\":\"Siln\u00e9 magnety na magnet fishing\",\"publisher\":{\"@id\":\"https:\\\/\\\/magnetarmagnets.com\\\/cs\\\/#organization\"},\"potentialAction\":[{\"@type\":\"SearchAction\",\"target\":{\"@type\":\"EntryPoint\",\"urlTemplate\":\"https:\\\/\\\/magnetarmagnets.com\\\/cs\\\/?s={search_term_string}\"},\"query-input\":{\"@type\":\"PropertyValueSpecification\",\"valueRequired\":true,\"valueName\":\"search_term_string\"}}],\"inLanguage\":\"cs\"},{\"@type\":\"Organization\",\"@id\":\"https:\\\/\\\/magnetarmagnets.com\\\/cs\\\/#organization\",\"name\":\"Magnetar\",\"url\":\"https:\\\/\\\/magnetarmagnets.com\\\/cs\\\/\",\"logo\":{\"@type\":\"ImageObject\",\"inLanguage\":\"cs\",\"@id\":\"https:\\\/\\\/magnetarmagnets.com\\\/cs\\\/#\\\/schema\\\/logo\\\/image\\\/\",\"url\":\"https:\\\/\\\/magnetarmagnets.com\\\/wp-content\\\/uploads\\\/2025\\\/05\\\/Logo-03_PNG-Black-scaled.png\",\"contentUrl\":\"https:\\\/\\\/magnetarmagnets.com\\\/wp-content\\\/uploads\\\/2025\\\/05\\\/Logo-03_PNG-Black-scaled.png\",\"width\":2560,\"height\":1658,\"caption\":\"Magnetar\"},\"image\":{\"@id\":\"https:\\\/\\\/magnetarmagnets.com\\\/cs\\\/#\\\/schema\\\/logo\\\/image\\\/\"},\"sameAs\":[\"https:\\\/\\\/www.facebook.com\\\/fishingmagnets\\\/\",\"https:\\\/\\\/www.instagram.com\\\/magnetar_magnets\\\/\",\"https:\\\/\\\/www.linkedin.com\\\/company\\\/magnetarbv\\\/?originalSubdomain=nl\",\"https:\\\/\\\/www.youtube.com\\\/c\\\/MagnetarVismagneet\"]}]}<\/script>\n<!-- \/ Yoast SEO plugin. -->","yoast_head_json":{"title":"Klasick\u00fd fishing magnet \u2013 400 KG \u2013 jednostrann\u00fd - Magnet fishing with a Magnetar fishing magnet","description":"Jednostrann\u00fd fishing magnet \u2013 400 KG \u2013 Magnetar","robots":{"index":"index","follow":"follow","max-snippet":"max-snippet:-1","max-image-preview":"max-image-preview:large","max-video-preview":"max-video-preview:-1"},"canonical":"https:\/\/magnetarmagnets.com\/cs\/shop\/klasicky-fishing-magnet-400-kg-jednostranny\/","og_locale":"cs_CZ","og_type":"article","og_title":"Klasick\u00fd fishing magnet \u2013 400 KG \u2013 jednostrann\u00fd - Magnet fishing with a Magnetar fishing magnet","og_description":"Jednostrann\u00fd fishing magnet \u2013 400 KG \u2013 Magnetar","og_url":"https:\/\/magnetarmagnets.com\/cs\/shop\/klasicky-fishing-magnet-400-kg-jednostranny\/","og_site_name":"Magnet fishing with a Magnetar fishing magnet","article_publisher":"https:\/\/www.facebook.com\/fishingmagnets\/","article_modified_time":"2025-07-29T10:30:18+00:00","og_image":[{"width":1000,"height":1000,"url":"https:\/\/magnetarmagnets.com\/wp-content\/uploads\/2017\/07\/vismagneet-350-met-gereedschap.png","type":"image\/png"}],"twitter_card":"summary_large_image","twitter_misc":{"Odhadovan\u00e1 doba \u010dten\u00ed":"3 minuty"},"schema":{"@context":"https:\/\/schema.org","@graph":[{"@type":["WebPage","ItemPage"],"@id":"https:\/\/magnetarmagnets.com\/cs\/shop\/klasicky-fishing-magnet-400-kg-jednostranny\/","url":"https:\/\/magnetarmagnets.com\/cs\/shop\/klasicky-fishing-magnet-400-kg-jednostranny\/","name":"Klasick\u00fd fishing magnet \u2013 400 KG \u2013 jednostrann\u00fd - Magnet fishing with a Magnetar fishing magnet","isPartOf":{"@id":"https:\/\/magnetarmagnets.com\/cs\/#website"},"primaryImageOfPage":{"@id":"https:\/\/magnetarmagnets.com\/cs\/shop\/klasicky-fishing-magnet-400-kg-jednostranny\/#primaryimage"},"image":{"@id":"https:\/\/magnetarmagnets.com\/cs\/shop\/klasicky-fishing-magnet-400-kg-jednostranny\/#primaryimage"},"thumbnailUrl":"https:\/\/magnetarmagnets.com\/wp-content\/uploads\/2017\/07\/vismagneet-350-met-gereedschap.png","datePublished":"2025-07-28T08:06:42+00:00","dateModified":"2025-07-29T10:30:18+00:00","description":"Jednostrann\u00fd fishing magnet \u2013 400 KG \u2013 Magnetar","breadcrumb":{"@id":"https:\/\/magnetarmagnets.com\/cs\/shop\/klasicky-fishing-magnet-400-kg-jednostranny\/#breadcrumb"},"inLanguage":"cs","potentialAction":[{"@type":"ReadAction","target":["https:\/\/magnetarmagnets.com\/cs\/shop\/klasicky-fishing-magnet-400-kg-jednostranny\/"]}]},{"@type":"ImageObject","inLanguage":"cs","@id":"https:\/\/magnetarmagnets.com\/cs\/shop\/klasicky-fishing-magnet-400-kg-jednostranny\/#primaryimage","url":"https:\/\/magnetarmagnets.com\/wp-content\/uploads\/2017\/07\/vismagneet-350-met-gereedschap.png","contentUrl":"https:\/\/magnetarmagnets.com\/wp-content\/uploads\/2017\/07\/vismagneet-350-met-gereedschap.png","width":1000,"height":1000,"caption":"vismagneet 350 met gereedschap"},{"@type":"BreadcrumbList","@id":"https:\/\/magnetarmagnets.com\/cs\/shop\/klasicky-fishing-magnet-400-kg-jednostranny\/#breadcrumb","itemListElement":[{"@type":"ListItem","position":1,"name":"Home","item":"https:\/\/magnetarmagnets.com\/cs\/"},{"@type":"ListItem","position":2,"name":"Obchod","item":"https:\/\/magnetarmagnets.com\/obchod\/"},{"@type":"ListItem","position":3,"name":"Fishing magnety","item":"https:\/\/magnetarmagnets.com\/cs\/collections\/fishing-magnets-cs\/"},{"@type":"ListItem","position":4,"name":"Jednostrann\u00e9 fishing magnety","item":"https:\/\/magnetarmagnets.com\/cs\/collections\/fishing-magnets-cs\/jednostranne-fishing-magnety\/"},{"@type":"ListItem","position":5,"name":"Klasick\u00fd fishing magnet \u2013 400 KG \u2013 jednostrann\u00fd"}]},{"@type":"WebSite","@id":"https:\/\/magnetarmagnets.com\/cs\/#website","url":"https:\/\/magnetarmagnets.com\/cs\/","name":"Magnet fishing with a Magnetar fishing magnet","description":"Siln\u00e9 magnety na magnet fishing","publisher":{"@id":"https:\/\/magnetarmagnets.com\/cs\/#organization"},"potentialAction":[{"@type":"SearchAction","target":{"@type":"EntryPoint","urlTemplate":"https:\/\/magnetarmagnets.com\/cs\/?s={search_term_string}"},"query-input":{"@type":"PropertyValueSpecification","valueRequired":true,"valueName":"search_term_string"}}],"inLanguage":"cs"},{"@type":"Organization","@id":"https:\/\/magnetarmagnets.com\/cs\/#organization","name":"Magnetar","url":"https:\/\/magnetarmagnets.com\/cs\/","logo":{"@type":"ImageObject","inLanguage":"cs","@id":"https:\/\/magnetarmagnets.com\/cs\/#\/schema\/logo\/image\/","url":"https:\/\/magnetarmagnets.com\/wp-content\/uploads\/2025\/05\/Logo-03_PNG-Black-scaled.png","contentUrl":"https:\/\/magnetarmagnets.com\/wp-content\/uploads\/2025\/05\/Logo-03_PNG-Black-scaled.png","width":2560,"height":1658,"caption":"Magnetar"},"image":{"@id":"https:\/\/magnetarmagnets.com\/cs\/#\/schema\/logo\/image\/"},"sameAs":["https:\/\/www.facebook.com\/fishingmagnets\/","https:\/\/www.instagram.com\/magnetar_magnets\/","https:\/\/www.linkedin.com\/company\/magnetarbv\/?originalSubdomain=nl","https:\/\/www.youtube.com\/c\/MagnetarVismagneet"]}]}},"_links":{"self":[{"href":"https:\/\/magnetarmagnets.com\/cs\/wp-json\/wp\/v2\/product\/83223","targetHints":{"allow":["GET"]}}],"collection":[{"href":"https:\/\/magnetarmagnets.com\/cs\/wp-json\/wp\/v2\/product"}],"about":[{"href":"https:\/\/magnetarmagnets.com\/cs\/wp-json\/wp\/v2\/types\/product"}],"replies":[{"embeddable":true,"href":"https:\/\/magnetarmagnets.com\/cs\/wp-json\/wp\/v2\/comments?post=83223"}],"version-history":[{"count":0,"href":"https:\/\/magnetarmagnets.com\/cs\/wp-json\/wp\/v2\/product\/83223\/revisions"}],"wp:featuredmedia":[{"embeddable":true,"href":"https:\/\/magnetarmagnets.com\/cs\/wp-json\/wp\/v2\/media\/70328"}],"wp:attachment":[{"href":"https:\/\/magnetarmagnets.com\/cs\/wp-json\/wp\/v2\/media?parent=83223"}],"wp:term":[{"taxonomy":"product_brand","embeddable":true,"href":"https:\/\/magnetarmagnets.com\/cs\/wp-json\/wp\/v2\/product_brand?post=83223"},{"taxonomy":"product_cat","embeddable":true,"href":"https:\/\/magnetarmagnets.com\/cs\/wp-json\/wp\/v2\/product_cat?post=83223"},{"taxonomy":"product_tag","embeddable":true,"href":"https:\/\/magnetarmagnets.com\/cs\/wp-json\/wp\/v2\/product_tag?post=83223"}],"curies":[{"name":"wp","href":"https:\/\/api.w.org\/{rel}","templated":true}]}}