{"id":83221,"date":"2025-06-05T09:54:40","date_gmt":"2025-06-05T07:54:40","guid":{"rendered":"https:\/\/magnetarmagnets.com\/?post_type=product&#038;p=83221"},"modified":"2026-04-03T11:46:37","modified_gmt":"2026-04-03T09:46:37","slug":"hardcore-magnet-600-kg-allround-360-magnet","status":"publish","type":"product","link":"https:\/\/magnetarmagnets.com\/cs\/shop\/hardcore-magnet-600-kg-allround-360-magnet\/","title":{"rendered":"Hardcore Magnet\u00ae &#8211; 600 kg &#8211; Allround 360\u00b0 magnet"},"content":{"rendered":"<span style=\"font-weight: 400;\">* Chra\u0148te magnet pomoc\u00ed <a href=\"https:\/\/magnetarmagnets.com\/shop\/protection-cover-hardcore\/\" target=\"_blank\" rel=\"noopener\"><b>ochrann\u00e9ho krytu<\/b><\/a> b\u011bhem lovu. Bez ochrann\u00e9ho krytu m\u016f\u017ee doj\u00edt k po\u0161kozen\u00ed magnetu p\u0159i n\u00e1razu do tvrd\u00fdch p\u0159edm\u011bt\u016f. Ochrann\u00fd kryt nen\u00ed sou\u010d\u00e1st\u00ed balen\u00ed.<\/span>\n\n<h2><b>Neodymov\u00fd fishing magnet Hardcore<\/b><\/h2>\n\n<span style=\"font-weight: 400;\">N\u00e1\u0161 v\u0161estrann\u00fd 360\u00b0 magnet m\u00e1 obrovskou ta\u017enou s\u00edlu! Jedn\u00e1 se o jeden z <a href=\"https:\/\/magnetarmagnets.com\/strong-fishing-magnets\/\" target=\"_blank\" rel=\"noopener\">nejsiln\u011bj\u0161\u00edch fishing magnet<\/a> a nejv\u00fdhodn\u011bj\u0161\u00edch cenov\u011b dostupn\u00fdch fishing magnet na trhu. <\/span><b>S atraktivn\u00ed silou 14 cm kolem magnetu<\/b><span style=\"font-weight: 400;\">, dlouhodob\u00fd dosah v\u00e1m d\u00e1v\u00e1 velkou \u0161anci vyt\u00e1hnout v\u011bt\u0161\u00ed a hodnotn\u011bj\u0161\u00ed poklady. Mnoho magnet fishermen chv\u00e1l\u00ed allround hardcore magnet pro jeho efektivn\u00ed v\u00fdsledky \u2013 pod\u00edvejte se, co \u0159\u00edkaj\u00ed prof\u00edci na <\/span><a href=\"https:\/\/www.youtube.com\/watch?v=1izvqgYbtd8\" target=\"_blank\" rel=\"noopener\"><span style=\"font-weight: 400;\">YouTube<\/span><\/a><span style=\"font-weight: 400;\">! V\u0161estrann\u00fd Hardcore fishing magnet je perfektn\u00ed pro magnetick\u00e9 ryb\u00e1\u0159e, kte\u0159\u00ed cht\u011bj\u00ed vylep\u0161it sv\u016fj jednostrann\u00fd \u010di oboustrann\u00fd fishing magnet o je\u0161t\u011b vy\u0161\u0161\u00ed celkovou ta\u017enou s\u00edlu.<\/span>\n\n<h2><b>Jste p\u0159ipraveni na Hardcore?<\/b><\/h2>\n\n<span style=\"font-weight: 400;\">Sta\u0148te se Hardcore magnet fisherman! N\u00e1zev magnetu mluv\u00ed za v\u0161e \u2013 tento magnet je opravdu siln\u00fd! Hardcore fishing magnet se zachyt\u00ed na v\u0161echny p\u0159edm\u011bty ze v\u0161ech stran, skrz bl\u00e1to a snadno se nezachyt\u00ed na kamenech. Nen\u00ed ani p\u0159\u00edli\u0161 t\u011b\u017ek\u00fd, ani p\u0159\u00edli\u0161 lehk\u00fd, m\u016f\u017eete s n\u00edm h\u00e1zet hodiny bez probl\u00e9m\u016f.<\/span>\n\n<span style=\"font-weight: 400;\">Tento magnet se stal jedn\u00edm z na\u0161ich nejprod\u00e1van\u011bj\u0161\u00edch a nejobl\u00edben\u011bj\u0161\u00edch mezi pokro\u010dil\u00fdmi magnet fishermen. Magnet je vyroben ze 100% \u010dist\u00e9ho neodymov\u00fd magnety \u2013 nejsiln\u011bj\u0161\u00edho trval\u00e9ho magnetu, kter\u00fd dok\u00e1\u017ee un\u00e9st v\u00edce ne\u017e jin\u00e9 materi\u00e1ly stejn\u00e9 velikosti. To zvy\u0161uje celkovou p\u0159ita\u017elivost ze v\u0161ech sm\u011br\u016f a rozsah p\u0159edm\u011bt\u016f, kter\u00e9 m\u016f\u017eete nal\u00e9zt.<\/span>\n\n<h2><b>V\u00fdvoj magnet\u016f<\/b><\/h2>\n\n<span style=\"font-weight: 400;\">Mnoho magnet\u016f m\u00e1 p\u0159ita\u017elivou s\u00edlu pouze na jedn\u00e9 stran\u011b. Tento jednostrann\u00fd magnet je klasick\u00fd fishing magnet. Magnetar byla prvn\u00ed spole\u010dnost\u00ed, kter\u00e1 tento klasick\u00fd magnet p\u0159epracovala na oboustrann\u00fd magnet. V roce 2016 Magnetar vyvinul v\u0161estrann\u00fd 360\u00b0 magnet. Magnet fishermen po cel\u00e9 EU od t\u00e9 doby vol\u00ed na\u0161e 100% neodymov\u00fd magnety, \u010d\u00edm\u017e jsme se stali dodavatelem \u010d\u00edslo jedna v Evrop\u011b. Na\u0161e magnety jsou vyr\u00e1b\u011bny s nejvy\u0161\u0161\u00ed kvalitou, designem a p\u00e9\u010d\u00ed mal\u00fdm t\u00fdmem nad\u0161enc\u016f magnet fishing. Na\u0161i z\u00e1kazn\u00edci se vracej\u00ed, proto\u017ee v\u011bd\u00ed, \u017ee s Magnetar dostanou v\u00edc ne\u017e jen magnet, vyt\u00e1hnou poklad.<\/span>\n\n<h2><strong>V\u00fdkonn\u00e1 s\u00edla ta\u017een\u00ed 360\u00b0<\/strong><\/h2>\n\n<span style=\"font-weight: 400;\">Hardcore magnet je jeden z nejsiln\u011bj\u0161\u00edch magnet\u016f v na\u0161\u00ed nab\u00eddce. Ta\u017en\u00e1 s\u00edla jednostrann\u00e9ho magnetu se ned\u00e1 srovnat s \u010dist\u00fdm neodymov\u00fdm 360\u00b0 magnet, jako je Hardcore magnet. Ocelov\u00e9 pouzdro jednostrann\u00e9ho magnetu toti\u017e ovliv\u0148uje ta\u017enou s\u00edlu a zam\u011b\u0159uje ji jen jedn\u00edm sm\u011brem. To umo\u017e\u0148uje jednostrann\u00fdm magnet\u016fm dosahovat vysok\u00fdch ta\u017en\u00fdch sil na ploch\u00fdch kovov\u00fdch desk\u00e1ch, ale n\u00e1\u0161 exkluzivn\u00ed Allround 360\u00b0 magnet p\u0159itahuje p\u0159edm\u011bty \u201eze v\u0161ech stran\u201c, proto\u017ee m\u00e1 magnetickou s\u00edlu do cel\u00e9ho okol\u00ed. Zaj\u00edm\u00e1 v\u00e1s m\u011b\u0159en\u00ed ta\u017en\u00e9 s\u00edly? <\/span><a href=\"https:\/\/www.youtube.com\/watch?v=2McW3RURDxs\" target=\"_blank\" rel=\"noopener\"><span style=\"font-weight: 400;\">Pod\u00edvejte se na na\u0161e video zde<\/span><\/a><span style=\"font-weight: 400;\">.<\/span>","protected":false},"excerpt":{"rendered":"<p>Vyzkou\u0161ejte n\u00e1\u0161 <strong>nejprod\u00e1van\u011bj\u0161\u00ed fishing magnet<\/strong> s 360\u00b0 magnetick\u00fdm polem. Navr\u017een\u00fd spole\u010dnost\u00ed Magnetar, tento <strong>\u010dist\u00fd neodymov\u00fd magnety<\/strong> je <strong>extr\u00e9mn\u011b siln\u00fd<\/strong> s ta\u017enou silou a\u017e 600 kg. Za\u017eijte Hardcore s t\u00edmto magnetem!<\/p>\n","protected":false},"featured_media":80397,"comment_status":"open","ping_status":"closed","template":"","meta":{"_acf_changed":false,"inline_featured_image":false},"product_brand":[],"product_cat":[561,553,569,568],"product_tag":[238],"class_list":{"0":"post-83221","1":"product","2":"type-product","3":"status-publish","4":"has-post-thumbnail","6":"product_cat-allround-fishing-magnety-360","7":"product_cat-fishing-magnets-cs","8":"product_cat-pokrocili-dobrodruzi","9":"product_cat-zacatecnici-a-deti","10":"product_tag-free-shipping-2","12":"first","13":"instock","14":"sale","15":"taxable","16":"shipping-taxable","17":"purchasable","18":"product-type-simple"},"acf":[],"yoast_head":"<!-- This site is optimized with the Yoast SEO plugin v27.3 - https:\/\/yoast.com\/product\/yoast-seo-wordpress\/ -->\n<title>Hardcore Magnet\u00ae - 600 kg - Allround 360\u00b0 magnet<\/title>\n<meta name=\"description\" content=\"Hardcore fishing magnet je nejslavn\u011bj\u0161\u00ed v\u0161estrann\u00fd magnet. Velmi siln\u00fd, skv\u011bl\u00e1 kvalita, ide\u00e1ln\u00ed v\u00e1ha pro h\u00e1zen\u00ed a s 360\u00b0 magnetick\u00fdm polem.\" \/>\n<meta name=\"robots\" content=\"index, follow, max-snippet:-1, max-image-preview:large, max-video-preview:-1\" \/>\n<link rel=\"canonical\" href=\"https:\/\/magnetarmagnets.com\/cs\/shop\/hardcore-magnet-600-kg-allround-360-magnet\/\" \/>\n<meta property=\"og:locale\" content=\"cs_CZ\" \/>\n<meta property=\"og:type\" content=\"article\" \/>\n<meta property=\"og:title\" content=\"Hardcore Magnet\u00ae - 600 kg - Allround 360\u00b0 magnet\" \/>\n<meta property=\"og:description\" content=\"Hardcore fishing magnet je nejslavn\u011bj\u0161\u00ed v\u0161estrann\u00fd magnet. Velmi siln\u00fd, skv\u011bl\u00e1 kvalita, ide\u00e1ln\u00ed v\u00e1ha pro h\u00e1zen\u00ed a s 360\u00b0 magnetick\u00fdm polem.\" \/>\n<meta property=\"og:url\" content=\"https:\/\/magnetarmagnets.com\/cs\/shop\/hardcore-magnet-600-kg-allround-360-magnet\/\" \/>\n<meta property=\"og:site_name\" content=\"Magnet fishing with a Magnetar fishing magnet\" \/>\n<meta property=\"article:publisher\" content=\"https:\/\/www.facebook.com\/fishingmagnets\/\" \/>\n<meta property=\"article:modified_time\" content=\"2026-04-03T09:46:37+00:00\" \/>\n<meta property=\"og:image\" content=\"https:\/\/magnetarmagnets.com\/wp-content\/uploads\/2023\/12\/The_Hardcore_fishing_magnet_Triangle.jpeg.jpg\" \/>\n\t<meta property=\"og:image:width\" content=\"1000\" \/>\n\t<meta property=\"og:image:height\" content=\"1000\" \/>\n\t<meta property=\"og:image:type\" content=\"image\/jpeg\" \/>\n<meta name=\"twitter:card\" content=\"summary_large_image\" \/>\n<meta name=\"twitter:label1\" content=\"Odhadovan\u00e1 doba \u010dten\u00ed\" \/>\n\t<meta name=\"twitter:data1\" content=\"5 minut\" \/>\n<script type=\"application\/ld+json\" class=\"yoast-schema-graph\">{\"@context\":\"https:\\\/\\\/schema.org\",\"@graph\":[{\"@type\":[\"WebPage\",\"ItemPage\"],\"@id\":\"https:\\\/\\\/magnetarmagnets.com\\\/cs\\\/shop\\\/hardcore-magnet-600-kg-allround-360-magnet\\\/\",\"url\":\"https:\\\/\\\/magnetarmagnets.com\\\/cs\\\/shop\\\/hardcore-magnet-600-kg-allround-360-magnet\\\/\",\"name\":\"Hardcore Magnet\u00ae - 600 kg - Allround 360\u00b0 magnet\",\"isPartOf\":{\"@id\":\"https:\\\/\\\/magnetarmagnets.com\\\/cs\\\/#website\"},\"primaryImageOfPage\":{\"@id\":\"https:\\\/\\\/magnetarmagnets.com\\\/cs\\\/shop\\\/hardcore-magnet-600-kg-allround-360-magnet\\\/#primaryimage\"},\"image\":{\"@id\":\"https:\\\/\\\/magnetarmagnets.com\\\/cs\\\/shop\\\/hardcore-magnet-600-kg-allround-360-magnet\\\/#primaryimage\"},\"thumbnailUrl\":\"https:\\\/\\\/magnetarmagnets.com\\\/wp-content\\\/uploads\\\/2023\\\/12\\\/The_Hardcore_fishing_magnet_Triangle.jpeg.jpg\",\"datePublished\":\"2025-06-05T07:54:40+00:00\",\"dateModified\":\"2026-04-03T09:46:37+00:00\",\"description\":\"Hardcore fishing magnet je nejslavn\u011bj\u0161\u00ed v\u0161estrann\u00fd magnet. Velmi siln\u00fd, skv\u011bl\u00e1 kvalita, ide\u00e1ln\u00ed v\u00e1ha pro h\u00e1zen\u00ed a s 360\u00b0 magnetick\u00fdm polem.\",\"breadcrumb\":{\"@id\":\"https:\\\/\\\/magnetarmagnets.com\\\/cs\\\/shop\\\/hardcore-magnet-600-kg-allround-360-magnet\\\/#breadcrumb\"},\"inLanguage\":\"cs\",\"potentialAction\":[{\"@type\":\"ReadAction\",\"target\":[\"https:\\\/\\\/magnetarmagnets.com\\\/cs\\\/shop\\\/hardcore-magnet-600-kg-allround-360-magnet\\\/\"]}]},{\"@type\":\"ImageObject\",\"inLanguage\":\"cs\",\"@id\":\"https:\\\/\\\/magnetarmagnets.com\\\/cs\\\/shop\\\/hardcore-magnet-600-kg-allround-360-magnet\\\/#primaryimage\",\"url\":\"https:\\\/\\\/magnetarmagnets.com\\\/wp-content\\\/uploads\\\/2023\\\/12\\\/The_Hardcore_fishing_magnet_Triangle.jpeg.jpg\",\"contentUrl\":\"https:\\\/\\\/magnetarmagnets.com\\\/wp-content\\\/uploads\\\/2023\\\/12\\\/The_Hardcore_fishing_magnet_Triangle.jpeg.jpg\",\"width\":1000,\"height\":1000,\"caption\":\"The Hardcore fishing magnet for magnet fishing\"},{\"@type\":\"BreadcrumbList\",\"@id\":\"https:\\\/\\\/magnetarmagnets.com\\\/cs\\\/shop\\\/hardcore-magnet-600-kg-allround-360-magnet\\\/#breadcrumb\",\"itemListElement\":[{\"@type\":\"ListItem\",\"position\":1,\"name\":\"Home\",\"item\":\"https:\\\/\\\/magnetarmagnets.com\\\/cs\\\/\"},{\"@type\":\"ListItem\",\"position\":2,\"name\":\"Obchod\",\"item\":\"https:\\\/\\\/magnetarmagnets.com\\\/obchod\\\/\"},{\"@type\":\"ListItem\",\"position\":3,\"name\":\"Fishing magnety\",\"item\":\"https:\\\/\\\/magnetarmagnets.com\\\/cs\\\/collections\\\/fishing-magnets-cs\\\/\"},{\"@type\":\"ListItem\",\"position\":4,\"name\":\"Allround fishing magnety 360\u00b0\",\"item\":\"https:\\\/\\\/magnetarmagnets.com\\\/cs\\\/collections\\\/fishing-magnets-cs\\\/allround-fishing-magnety-360\\\/\"},{\"@type\":\"ListItem\",\"position\":5,\"name\":\"Hardcore Magnet\u00ae &#8211; 600 kg &#8211; Allround 360\u00b0 magnet\"}]},{\"@type\":\"WebSite\",\"@id\":\"https:\\\/\\\/magnetarmagnets.com\\\/cs\\\/#website\",\"url\":\"https:\\\/\\\/magnetarmagnets.com\\\/cs\\\/\",\"name\":\"Magnet fishing with a Magnetar fishing magnet\",\"description\":\"Siln\u00e9 magnety na magnet fishing\",\"publisher\":{\"@id\":\"https:\\\/\\\/magnetarmagnets.com\\\/cs\\\/#organization\"},\"potentialAction\":[{\"@type\":\"SearchAction\",\"target\":{\"@type\":\"EntryPoint\",\"urlTemplate\":\"https:\\\/\\\/magnetarmagnets.com\\\/cs\\\/?s={search_term_string}\"},\"query-input\":{\"@type\":\"PropertyValueSpecification\",\"valueRequired\":true,\"valueName\":\"search_term_string\"}}],\"inLanguage\":\"cs\"},{\"@type\":\"Organization\",\"@id\":\"https:\\\/\\\/magnetarmagnets.com\\\/cs\\\/#organization\",\"name\":\"Magnetar\",\"url\":\"https:\\\/\\\/magnetarmagnets.com\\\/cs\\\/\",\"logo\":{\"@type\":\"ImageObject\",\"inLanguage\":\"cs\",\"@id\":\"https:\\\/\\\/magnetarmagnets.com\\\/cs\\\/#\\\/schema\\\/logo\\\/image\\\/\",\"url\":\"https:\\\/\\\/magnetarmagnets.com\\\/wp-content\\\/uploads\\\/2025\\\/05\\\/Logo-03_PNG-Black-scaled.png\",\"contentUrl\":\"https:\\\/\\\/magnetarmagnets.com\\\/wp-content\\\/uploads\\\/2025\\\/05\\\/Logo-03_PNG-Black-scaled.png\",\"width\":2560,\"height\":1658,\"caption\":\"Magnetar\"},\"image\":{\"@id\":\"https:\\\/\\\/magnetarmagnets.com\\\/cs\\\/#\\\/schema\\\/logo\\\/image\\\/\"},\"sameAs\":[\"https:\\\/\\\/www.facebook.com\\\/fishingmagnets\\\/\",\"https:\\\/\\\/www.instagram.com\\\/magnetar_magnets\\\/\",\"https:\\\/\\\/www.linkedin.com\\\/company\\\/magnetarbv\\\/?originalSubdomain=nl\",\"https:\\\/\\\/www.youtube.com\\\/c\\\/MagnetarVismagneet\"]}]}<\/script>\n<!-- \/ Yoast SEO plugin. -->","yoast_head_json":{"title":"Hardcore Magnet\u00ae - 600 kg - Allround 360\u00b0 magnet","description":"Hardcore fishing magnet je nejslavn\u011bj\u0161\u00ed v\u0161estrann\u00fd magnet. Velmi siln\u00fd, skv\u011bl\u00e1 kvalita, ide\u00e1ln\u00ed v\u00e1ha pro h\u00e1zen\u00ed a s 360\u00b0 magnetick\u00fdm polem.","robots":{"index":"index","follow":"follow","max-snippet":"max-snippet:-1","max-image-preview":"max-image-preview:large","max-video-preview":"max-video-preview:-1"},"canonical":"https:\/\/magnetarmagnets.com\/cs\/shop\/hardcore-magnet-600-kg-allround-360-magnet\/","og_locale":"cs_CZ","og_type":"article","og_title":"Hardcore Magnet\u00ae - 600 kg - Allround 360\u00b0 magnet","og_description":"Hardcore fishing magnet je nejslavn\u011bj\u0161\u00ed v\u0161estrann\u00fd magnet. Velmi siln\u00fd, skv\u011bl\u00e1 kvalita, ide\u00e1ln\u00ed v\u00e1ha pro h\u00e1zen\u00ed a s 360\u00b0 magnetick\u00fdm polem.","og_url":"https:\/\/magnetarmagnets.com\/cs\/shop\/hardcore-magnet-600-kg-allround-360-magnet\/","og_site_name":"Magnet fishing with a Magnetar fishing magnet","article_publisher":"https:\/\/www.facebook.com\/fishingmagnets\/","article_modified_time":"2026-04-03T09:46:37+00:00","og_image":[{"width":1000,"height":1000,"url":"https:\/\/magnetarmagnets.com\/wp-content\/uploads\/2023\/12\/The_Hardcore_fishing_magnet_Triangle.jpeg.jpg","type":"image\/jpeg"}],"twitter_card":"summary_large_image","twitter_misc":{"Odhadovan\u00e1 doba \u010dten\u00ed":"5 minut"},"schema":{"@context":"https:\/\/schema.org","@graph":[{"@type":["WebPage","ItemPage"],"@id":"https:\/\/magnetarmagnets.com\/cs\/shop\/hardcore-magnet-600-kg-allround-360-magnet\/","url":"https:\/\/magnetarmagnets.com\/cs\/shop\/hardcore-magnet-600-kg-allround-360-magnet\/","name":"Hardcore Magnet\u00ae - 600 kg - Allround 360\u00b0 magnet","isPartOf":{"@id":"https:\/\/magnetarmagnets.com\/cs\/#website"},"primaryImageOfPage":{"@id":"https:\/\/magnetarmagnets.com\/cs\/shop\/hardcore-magnet-600-kg-allround-360-magnet\/#primaryimage"},"image":{"@id":"https:\/\/magnetarmagnets.com\/cs\/shop\/hardcore-magnet-600-kg-allround-360-magnet\/#primaryimage"},"thumbnailUrl":"https:\/\/magnetarmagnets.com\/wp-content\/uploads\/2023\/12\/The_Hardcore_fishing_magnet_Triangle.jpeg.jpg","datePublished":"2025-06-05T07:54:40+00:00","dateModified":"2026-04-03T09:46:37+00:00","description":"Hardcore fishing magnet je nejslavn\u011bj\u0161\u00ed v\u0161estrann\u00fd magnet. Velmi siln\u00fd, skv\u011bl\u00e1 kvalita, ide\u00e1ln\u00ed v\u00e1ha pro h\u00e1zen\u00ed a s 360\u00b0 magnetick\u00fdm polem.","breadcrumb":{"@id":"https:\/\/magnetarmagnets.com\/cs\/shop\/hardcore-magnet-600-kg-allround-360-magnet\/#breadcrumb"},"inLanguage":"cs","potentialAction":[{"@type":"ReadAction","target":["https:\/\/magnetarmagnets.com\/cs\/shop\/hardcore-magnet-600-kg-allround-360-magnet\/"]}]},{"@type":"ImageObject","inLanguage":"cs","@id":"https:\/\/magnetarmagnets.com\/cs\/shop\/hardcore-magnet-600-kg-allround-360-magnet\/#primaryimage","url":"https:\/\/magnetarmagnets.com\/wp-content\/uploads\/2023\/12\/The_Hardcore_fishing_magnet_Triangle.jpeg.jpg","contentUrl":"https:\/\/magnetarmagnets.com\/wp-content\/uploads\/2023\/12\/The_Hardcore_fishing_magnet_Triangle.jpeg.jpg","width":1000,"height":1000,"caption":"The Hardcore fishing magnet for magnet fishing"},{"@type":"BreadcrumbList","@id":"https:\/\/magnetarmagnets.com\/cs\/shop\/hardcore-magnet-600-kg-allround-360-magnet\/#breadcrumb","itemListElement":[{"@type":"ListItem","position":1,"name":"Home","item":"https:\/\/magnetarmagnets.com\/cs\/"},{"@type":"ListItem","position":2,"name":"Obchod","item":"https:\/\/magnetarmagnets.com\/obchod\/"},{"@type":"ListItem","position":3,"name":"Fishing magnety","item":"https:\/\/magnetarmagnets.com\/cs\/collections\/fishing-magnets-cs\/"},{"@type":"ListItem","position":4,"name":"Allround fishing magnety 360\u00b0","item":"https:\/\/magnetarmagnets.com\/cs\/collections\/fishing-magnets-cs\/allround-fishing-magnety-360\/"},{"@type":"ListItem","position":5,"name":"Hardcore Magnet\u00ae &#8211; 600 kg &#8211; Allround 360\u00b0 magnet"}]},{"@type":"WebSite","@id":"https:\/\/magnetarmagnets.com\/cs\/#website","url":"https:\/\/magnetarmagnets.com\/cs\/","name":"Magnet fishing with a Magnetar fishing magnet","description":"Siln\u00e9 magnety na magnet fishing","publisher":{"@id":"https:\/\/magnetarmagnets.com\/cs\/#organization"},"potentialAction":[{"@type":"SearchAction","target":{"@type":"EntryPoint","urlTemplate":"https:\/\/magnetarmagnets.com\/cs\/?s={search_term_string}"},"query-input":{"@type":"PropertyValueSpecification","valueRequired":true,"valueName":"search_term_string"}}],"inLanguage":"cs"},{"@type":"Organization","@id":"https:\/\/magnetarmagnets.com\/cs\/#organization","name":"Magnetar","url":"https:\/\/magnetarmagnets.com\/cs\/","logo":{"@type":"ImageObject","inLanguage":"cs","@id":"https:\/\/magnetarmagnets.com\/cs\/#\/schema\/logo\/image\/","url":"https:\/\/magnetarmagnets.com\/wp-content\/uploads\/2025\/05\/Logo-03_PNG-Black-scaled.png","contentUrl":"https:\/\/magnetarmagnets.com\/wp-content\/uploads\/2025\/05\/Logo-03_PNG-Black-scaled.png","width":2560,"height":1658,"caption":"Magnetar"},"image":{"@id":"https:\/\/magnetarmagnets.com\/cs\/#\/schema\/logo\/image\/"},"sameAs":["https:\/\/www.facebook.com\/fishingmagnets\/","https:\/\/www.instagram.com\/magnetar_magnets\/","https:\/\/www.linkedin.com\/company\/magnetarbv\/?originalSubdomain=nl","https:\/\/www.youtube.com\/c\/MagnetarVismagneet"]}]}},"_links":{"self":[{"href":"https:\/\/magnetarmagnets.com\/cs\/wp-json\/wp\/v2\/product\/83221","targetHints":{"allow":["GET"]}}],"collection":[{"href":"https:\/\/magnetarmagnets.com\/cs\/wp-json\/wp\/v2\/product"}],"about":[{"href":"https:\/\/magnetarmagnets.com\/cs\/wp-json\/wp\/v2\/types\/product"}],"replies":[{"embeddable":true,"href":"https:\/\/magnetarmagnets.com\/cs\/wp-json\/wp\/v2\/comments?post=83221"}],"version-history":[{"count":1,"href":"https:\/\/magnetarmagnets.com\/cs\/wp-json\/wp\/v2\/product\/83221\/revisions"}],"predecessor-version":[{"id":94592,"href":"https:\/\/magnetarmagnets.com\/cs\/wp-json\/wp\/v2\/product\/83221\/revisions\/94592"}],"wp:featuredmedia":[{"embeddable":true,"href":"https:\/\/magnetarmagnets.com\/cs\/wp-json\/wp\/v2\/media\/80397"}],"wp:attachment":[{"href":"https:\/\/magnetarmagnets.com\/cs\/wp-json\/wp\/v2\/media?parent=83221"}],"wp:term":[{"taxonomy":"product_brand","embeddable":true,"href":"https:\/\/magnetarmagnets.com\/cs\/wp-json\/wp\/v2\/product_brand?post=83221"},{"taxonomy":"product_cat","embeddable":true,"href":"https:\/\/magnetarmagnets.com\/cs\/wp-json\/wp\/v2\/product_cat?post=83221"},{"taxonomy":"product_tag","embeddable":true,"href":"https:\/\/magnetarmagnets.com\/cs\/wp-json\/wp\/v2\/product_tag?post=83221"}],"curies":[{"name":"wp","href":"https:\/\/api.w.org\/{rel}","templated":true}]}}