{"id":83219,"date":"2025-06-05T09:54:42","date_gmt":"2025-06-05T07:54:42","guid":{"rendered":"https:\/\/magnetarmagnets.com\/?post_type=product&#038;p=83219"},"modified":"2026-04-18T07:29:05","modified_gmt":"2026-04-18T05:29:05","slug":"klasicky-rybarsky-magnet-500kg-jednostranny","status":"publish","type":"product","link":"https:\/\/magnetarmagnets.com\/cs\/shop\/klasicky-rybarsky-magnet-500kg-jednostranny\/","title":{"rendered":"Klasick\u00fd ryb\u00e1\u0159sk\u00fd magnet 500KG &#8211; jednostrann\u00fd"},"content":{"rendered":"Klasick\u00fd ryb\u00e1\u0159sk\u00fd magnet 500 je jednostrann\u00fd neodymov\u00fd magnet s maxim\u00e1ln\u00ed p\u0159ita\u017elivost\u00ed 1100 lb\/500 kg. Klasick\u00fd 500 je siln\u00fd magnet v \u0159ad\u011b klasick\u00fdch produkt\u016f, druh\u00fd nejsiln\u011bj\u0161\u00ed v t\u00e9to \u0159ad\u011b. Doporu\u010dujeme tento magnet fishing zku\u0161en\u00fdm magnetick\u00fdm ryb\u00e1\u0159\u016fm, kte\u0159\u00ed bez probl\u00e9m\u016f vytahuj\u00ed trezory a jin\u00e9 t\u011b\u017ek\u00e9 p\u0159edm\u011bty. Hled\u00e1te men\u0161\u00ed nebo v\u011bt\u0161\u00ed magnet? Pod\u00edvejte se na <a href=\"https:\/\/magnetarmagnets.com\/shop\/classic-fishing-magnet-660lb-300kg\">Classic 300<\/a> nebo <a href=\"https:\/\/magnetarmagnets.com\/shop\/exclusive-terror-magnet\">Terror<\/a>, univerz\u00e1ln\u00ed magnet fishing magnet.\n\n<h2><strong>Klasick\u00fd ryb\u00e1\u0159sk\u00fd magnet 500kg\/1100lb<\/strong><\/h2>\n\nHled\u00e1te skute\u010dnou s\u00edlu? Chcete vytahovat v\u011bt\u0161\u00ed a t\u011b\u017e\u0161\u00ed p\u0159edm\u011bty z vody? Pak je Classic 500 ide\u00e1ln\u00edm neodymov\u00fdm magnetem pro magnet fishing! Magnetar Classic 500 m\u00e1 maxim\u00e1ln\u00ed p\u0159ita\u017elivost 500 kg\/1100 lb, co\u017e z n\u011bj \u010din\u00ed skute\u010dn\u00fd siln\u00fd magnet.\n\nTento magnet byl navr\u017een tak, aby zv\u00fd\u0161il \u0161anci na \u00fasp\u011b\u0161n\u00e9 ryba\u0159en\u00ed t\u011b\u017ek\u00fdch p\u0159edm\u011bt\u016f. D\u00edky co nejmen\u0161\u00edmu pr\u016fm\u011bru magnetu hladce klou\u017ee po p\u0159edm\u011btech a pom\u00e1h\u00e1 je rychleji sb\u00edrat. Doporu\u010dujeme ho zku\u0161en\u00fdm magnetick\u00fdm ryb\u00e1\u0159\u016fm nebo odv\u00e1\u017en\u00fdm za\u010d\u00e1te\u010dn\u00edk\u016fm, kte\u0159\u00ed cht\u011bj\u00ed za\u010d\u00edt s velmi siln\u00fdm magnetem.\n\nMagnet m\u00e1 pevn\u00e9 kovov\u00e9 pouzdro, kter\u00e9 chr\u00e1n\u00ed magnet p\u0159ed n\u00e1razy a p\u00e1dy. Sl\u00edben\u00e1 p\u0159ita\u017elivost 500 kg je dosa\u017eiteln\u00e1 pouze za ide\u00e1ln\u00edch podm\u00ednek: rovn\u00fd kov o tlou\u0161\u0165ce 2 cm, bez rzi a ne\u010distot mezi magnetem a kovem. V t\u011bchto podm\u00ednk\u00e1ch m\u016f\u017eete magnetem vyt\u00e1hnout 500 kg p\u0159\u00edmo nahoru. Hled\u00e1te univerz\u00e1ln\u00ed siln\u00fd magnet, kter\u00fd snadno uchop\u00ed i kulat\u00e9 a zreziv\u011bl\u00e9 p\u0159edm\u011bty? Pod\u00edvejte se na n\u00e1\u0161 exkluzivn\u00ed <a href=\"https:\/\/magnetarmagnets.com\/shop\/beast-magnet\">Beast<\/a> magnet fishing magnet a <a href=\"https:\/\/magnetarmagnets.com\/shop\/protection-covers-all-round-magnets\/\">ochrann\u00e9 kryty<\/a>.","protected":false},"excerpt":{"rendered":"<p><span style=\"font-weight: 400;\">Skute\u010dn\u00e1 <strong>s\u00edla<\/strong>, tento <strong>n\u00e1razuvzdorn\u00fd<\/strong> ryb\u00e1\u0159sk\u00fd magnet pro t\u011b\u017ek\u00e9 p\u0159edm\u011bty.<\/span><\/p>\n","protected":false},"featured_media":76861,"comment_status":"open","ping_status":"closed","template":"","meta":{"_acf_changed":false,"inline_featured_image":false},"product_brand":[],"product_cat":[553,559,558,1001],"product_tag":[],"class_list":{"0":"post-83219","1":"product","2":"type-product","3":"status-publish","4":"has-post-thumbnail","6":"product_cat-fishing-magnets-cs","7":"product_cat-jednostranne-fishing-magnety","8":"product_cat-nejsilnejsi-fishing-magnety","9":"product_cat-vsechny-produkty","11":"first","12":"onbackorder","13":"taxable","14":"shipping-taxable","15":"purchasable","16":"product-type-simple"},"acf":[],"yoast_head":"<!-- This site is optimized with the Yoast SEO plugin v27.4 - https:\/\/yoast.com\/product\/yoast-seo-wordpress\/ -->\n<title>Klasick\u00fd ryb\u00e1\u0159sk\u00fd magnet 500KG - jednostrann\u00fd - Magnet fishing with a Magnetar fishing magnet<\/title>\n<meta name=\"description\" content=\"Klasick\u00fd ryb\u00e1\u0159sk\u00fd magnet 500 Kg - Magnetar\" \/>\n<meta name=\"robots\" content=\"index, follow, max-snippet:-1, max-image-preview:large, max-video-preview:-1\" \/>\n<link rel=\"canonical\" href=\"https:\/\/magnetarmagnets.com\/cs\/shop\/klasicky-rybarsky-magnet-500kg-jednostranny\/\" \/>\n<meta property=\"og:locale\" content=\"cs_CZ\" \/>\n<meta property=\"og:type\" content=\"article\" \/>\n<meta property=\"og:title\" content=\"Klasick\u00fd ryb\u00e1\u0159sk\u00fd magnet 500KG - jednostrann\u00fd - Magnet fishing with a Magnetar fishing magnet\" \/>\n<meta property=\"og:description\" content=\"Klasick\u00fd ryb\u00e1\u0159sk\u00fd magnet 500 Kg - Magnetar\" \/>\n<meta property=\"og:url\" content=\"https:\/\/magnetarmagnets.com\/cs\/shop\/klasicky-rybarsky-magnet-500kg-jednostranny\/\" \/>\n<meta property=\"og:site_name\" content=\"Magnet fishing with a Magnetar fishing magnet\" \/>\n<meta property=\"article:publisher\" content=\"https:\/\/www.facebook.com\/fishingmagnets\/\" \/>\n<meta property=\"article:modified_time\" content=\"2026-04-18T05:29:05+00:00\" \/>\n<meta property=\"og:image\" content=\"https:\/\/magnetarmagnets.com\/wp-content\/uploads\/2016\/12\/FOTO1483.jpg\" \/>\n\t<meta property=\"og:image:width\" content=\"1000\" \/>\n\t<meta property=\"og:image:height\" content=\"1000\" \/>\n\t<meta property=\"og:image:type\" content=\"image\/jpeg\" \/>\n<meta name=\"twitter:card\" content=\"summary_large_image\" \/>\n<meta name=\"twitter:label1\" content=\"Odhadovan\u00e1 doba \u010dten\u00ed\" \/>\n\t<meta name=\"twitter:data1\" content=\"3 minuty\" \/>\n<script type=\"application\/ld+json\" class=\"yoast-schema-graph\">{\"@context\":\"https:\\\/\\\/schema.org\",\"@graph\":[{\"@type\":[\"WebPage\",\"ItemPage\"],\"@id\":\"https:\\\/\\\/magnetarmagnets.com\\\/cs\\\/shop\\\/klasicky-rybarsky-magnet-500kg-jednostranny\\\/\",\"url\":\"https:\\\/\\\/magnetarmagnets.com\\\/cs\\\/shop\\\/klasicky-rybarsky-magnet-500kg-jednostranny\\\/\",\"name\":\"Klasick\u00fd ryb\u00e1\u0159sk\u00fd magnet 500KG - jednostrann\u00fd - Magnet fishing with a Magnetar fishing magnet\",\"isPartOf\":{\"@id\":\"https:\\\/\\\/magnetarmagnets.com\\\/cs\\\/#website\"},\"primaryImageOfPage\":{\"@id\":\"https:\\\/\\\/magnetarmagnets.com\\\/cs\\\/shop\\\/klasicky-rybarsky-magnet-500kg-jednostranny\\\/#primaryimage\"},\"image\":{\"@id\":\"https:\\\/\\\/magnetarmagnets.com\\\/cs\\\/shop\\\/klasicky-rybarsky-magnet-500kg-jednostranny\\\/#primaryimage\"},\"thumbnailUrl\":\"https:\\\/\\\/magnetarmagnets.com\\\/wp-content\\\/uploads\\\/2016\\\/12\\\/FOTO1483.jpg\",\"datePublished\":\"2025-06-05T07:54:42+00:00\",\"dateModified\":\"2026-04-18T05:29:05+00:00\",\"description\":\"Klasick\u00fd ryb\u00e1\u0159sk\u00fd magnet 500 Kg - Magnetar\",\"breadcrumb\":{\"@id\":\"https:\\\/\\\/magnetarmagnets.com\\\/cs\\\/shop\\\/klasicky-rybarsky-magnet-500kg-jednostranny\\\/#breadcrumb\"},\"inLanguage\":\"cs\",\"potentialAction\":[{\"@type\":\"ReadAction\",\"target\":[\"https:\\\/\\\/magnetarmagnets.com\\\/cs\\\/shop\\\/klasicky-rybarsky-magnet-500kg-jednostranny\\\/\"]}]},{\"@type\":\"ImageObject\",\"inLanguage\":\"cs\",\"@id\":\"https:\\\/\\\/magnetarmagnets.com\\\/cs\\\/shop\\\/klasicky-rybarsky-magnet-500kg-jednostranny\\\/#primaryimage\",\"url\":\"https:\\\/\\\/magnetarmagnets.com\\\/wp-content\\\/uploads\\\/2016\\\/12\\\/FOTO1483.jpg\",\"contentUrl\":\"https:\\\/\\\/magnetarmagnets.com\\\/wp-content\\\/uploads\\\/2016\\\/12\\\/FOTO1483.jpg\",\"width\":1000,\"height\":1000,\"caption\":\"Classic 550\"},{\"@type\":\"BreadcrumbList\",\"@id\":\"https:\\\/\\\/magnetarmagnets.com\\\/cs\\\/shop\\\/klasicky-rybarsky-magnet-500kg-jednostranny\\\/#breadcrumb\",\"itemListElement\":[{\"@type\":\"ListItem\",\"position\":1,\"name\":\"Home\",\"item\":\"https:\\\/\\\/magnetarmagnets.com\\\/cs\\\/\"},{\"@type\":\"ListItem\",\"position\":2,\"name\":\"Obchod\",\"item\":\"https:\\\/\\\/magnetarmagnets.com\\\/cs\\\/obchod\\\/\"},{\"@type\":\"ListItem\",\"position\":3,\"name\":\"Fishing magnety\",\"item\":\"https:\\\/\\\/magnetarmagnets.com\\\/cs\\\/collections\\\/fishing-magnets-cs\\\/\"},{\"@type\":\"ListItem\",\"position\":4,\"name\":\"Jednostrann\u00e9 fishing magnety\",\"item\":\"https:\\\/\\\/magnetarmagnets.com\\\/cs\\\/collections\\\/fishing-magnets-cs\\\/jednostranne-fishing-magnety\\\/\"},{\"@type\":\"ListItem\",\"position\":5,\"name\":\"Klasick\u00fd ryb\u00e1\u0159sk\u00fd magnet 500KG &#8211; jednostrann\u00fd\"}]},{\"@type\":\"WebSite\",\"@id\":\"https:\\\/\\\/magnetarmagnets.com\\\/cs\\\/#website\",\"url\":\"https:\\\/\\\/magnetarmagnets.com\\\/cs\\\/\",\"name\":\"Magnet fishing with a Magnetar fishing magnet\",\"description\":\"Siln\u00e9 magnety na magnet fishing\",\"publisher\":{\"@id\":\"https:\\\/\\\/magnetarmagnets.com\\\/cs\\\/#organization\"},\"potentialAction\":[{\"@type\":\"SearchAction\",\"target\":{\"@type\":\"EntryPoint\",\"urlTemplate\":\"https:\\\/\\\/magnetarmagnets.com\\\/cs\\\/?s={search_term_string}\"},\"query-input\":{\"@type\":\"PropertyValueSpecification\",\"valueRequired\":true,\"valueName\":\"search_term_string\"}}],\"inLanguage\":\"cs\"},{\"@type\":\"Organization\",\"@id\":\"https:\\\/\\\/magnetarmagnets.com\\\/cs\\\/#organization\",\"name\":\"Magnetar\",\"url\":\"https:\\\/\\\/magnetarmagnets.com\\\/cs\\\/\",\"logo\":{\"@type\":\"ImageObject\",\"inLanguage\":\"cs\",\"@id\":\"https:\\\/\\\/magnetarmagnets.com\\\/cs\\\/#\\\/schema\\\/logo\\\/image\\\/\",\"url\":\"https:\\\/\\\/magnetarmagnets.com\\\/wp-content\\\/uploads\\\/2025\\\/05\\\/Logo-03_PNG-Black-scaled.png\",\"contentUrl\":\"https:\\\/\\\/magnetarmagnets.com\\\/wp-content\\\/uploads\\\/2025\\\/05\\\/Logo-03_PNG-Black-scaled.png\",\"width\":2560,\"height\":1658,\"caption\":\"Magnetar\"},\"image\":{\"@id\":\"https:\\\/\\\/magnetarmagnets.com\\\/cs\\\/#\\\/schema\\\/logo\\\/image\\\/\"},\"sameAs\":[\"https:\\\/\\\/www.facebook.com\\\/fishingmagnets\\\/\",\"https:\\\/\\\/www.instagram.com\\\/magnetar_magnets\\\/\",\"https:\\\/\\\/www.linkedin.com\\\/company\\\/magnetarbv\\\/?originalSubdomain=nl\",\"https:\\\/\\\/www.youtube.com\\\/c\\\/MagnetarVismagneet\"]}]}<\/script>\n<!-- \/ Yoast SEO plugin. -->","yoast_head_json":{"title":"Klasick\u00fd ryb\u00e1\u0159sk\u00fd magnet 500KG - jednostrann\u00fd - Magnet fishing with a Magnetar fishing magnet","description":"Klasick\u00fd ryb\u00e1\u0159sk\u00fd magnet 500 Kg - Magnetar","robots":{"index":"index","follow":"follow","max-snippet":"max-snippet:-1","max-image-preview":"max-image-preview:large","max-video-preview":"max-video-preview:-1"},"canonical":"https:\/\/magnetarmagnets.com\/cs\/shop\/klasicky-rybarsky-magnet-500kg-jednostranny\/","og_locale":"cs_CZ","og_type":"article","og_title":"Klasick\u00fd ryb\u00e1\u0159sk\u00fd magnet 500KG - jednostrann\u00fd - Magnet fishing with a Magnetar fishing magnet","og_description":"Klasick\u00fd ryb\u00e1\u0159sk\u00fd magnet 500 Kg - Magnetar","og_url":"https:\/\/magnetarmagnets.com\/cs\/shop\/klasicky-rybarsky-magnet-500kg-jednostranny\/","og_site_name":"Magnet fishing with a Magnetar fishing magnet","article_publisher":"https:\/\/www.facebook.com\/fishingmagnets\/","article_modified_time":"2026-04-18T05:29:05+00:00","og_image":[{"width":1000,"height":1000,"url":"https:\/\/magnetarmagnets.com\/wp-content\/uploads\/2016\/12\/FOTO1483.jpg","type":"image\/jpeg"}],"twitter_card":"summary_large_image","twitter_misc":{"Odhadovan\u00e1 doba \u010dten\u00ed":"3 minuty"},"schema":{"@context":"https:\/\/schema.org","@graph":[{"@type":["WebPage","ItemPage"],"@id":"https:\/\/magnetarmagnets.com\/cs\/shop\/klasicky-rybarsky-magnet-500kg-jednostranny\/","url":"https:\/\/magnetarmagnets.com\/cs\/shop\/klasicky-rybarsky-magnet-500kg-jednostranny\/","name":"Klasick\u00fd ryb\u00e1\u0159sk\u00fd magnet 500KG - jednostrann\u00fd - Magnet fishing with a Magnetar fishing magnet","isPartOf":{"@id":"https:\/\/magnetarmagnets.com\/cs\/#website"},"primaryImageOfPage":{"@id":"https:\/\/magnetarmagnets.com\/cs\/shop\/klasicky-rybarsky-magnet-500kg-jednostranny\/#primaryimage"},"image":{"@id":"https:\/\/magnetarmagnets.com\/cs\/shop\/klasicky-rybarsky-magnet-500kg-jednostranny\/#primaryimage"},"thumbnailUrl":"https:\/\/magnetarmagnets.com\/wp-content\/uploads\/2016\/12\/FOTO1483.jpg","datePublished":"2025-06-05T07:54:42+00:00","dateModified":"2026-04-18T05:29:05+00:00","description":"Klasick\u00fd ryb\u00e1\u0159sk\u00fd magnet 500 Kg - Magnetar","breadcrumb":{"@id":"https:\/\/magnetarmagnets.com\/cs\/shop\/klasicky-rybarsky-magnet-500kg-jednostranny\/#breadcrumb"},"inLanguage":"cs","potentialAction":[{"@type":"ReadAction","target":["https:\/\/magnetarmagnets.com\/cs\/shop\/klasicky-rybarsky-magnet-500kg-jednostranny\/"]}]},{"@type":"ImageObject","inLanguage":"cs","@id":"https:\/\/magnetarmagnets.com\/cs\/shop\/klasicky-rybarsky-magnet-500kg-jednostranny\/#primaryimage","url":"https:\/\/magnetarmagnets.com\/wp-content\/uploads\/2016\/12\/FOTO1483.jpg","contentUrl":"https:\/\/magnetarmagnets.com\/wp-content\/uploads\/2016\/12\/FOTO1483.jpg","width":1000,"height":1000,"caption":"Classic 550"},{"@type":"BreadcrumbList","@id":"https:\/\/magnetarmagnets.com\/cs\/shop\/klasicky-rybarsky-magnet-500kg-jednostranny\/#breadcrumb","itemListElement":[{"@type":"ListItem","position":1,"name":"Home","item":"https:\/\/magnetarmagnets.com\/cs\/"},{"@type":"ListItem","position":2,"name":"Obchod","item":"https:\/\/magnetarmagnets.com\/cs\/obchod\/"},{"@type":"ListItem","position":3,"name":"Fishing magnety","item":"https:\/\/magnetarmagnets.com\/cs\/collections\/fishing-magnets-cs\/"},{"@type":"ListItem","position":4,"name":"Jednostrann\u00e9 fishing magnety","item":"https:\/\/magnetarmagnets.com\/cs\/collections\/fishing-magnets-cs\/jednostranne-fishing-magnety\/"},{"@type":"ListItem","position":5,"name":"Klasick\u00fd ryb\u00e1\u0159sk\u00fd magnet 500KG &#8211; jednostrann\u00fd"}]},{"@type":"WebSite","@id":"https:\/\/magnetarmagnets.com\/cs\/#website","url":"https:\/\/magnetarmagnets.com\/cs\/","name":"Magnet fishing with a Magnetar fishing magnet","description":"Siln\u00e9 magnety na magnet fishing","publisher":{"@id":"https:\/\/magnetarmagnets.com\/cs\/#organization"},"potentialAction":[{"@type":"SearchAction","target":{"@type":"EntryPoint","urlTemplate":"https:\/\/magnetarmagnets.com\/cs\/?s={search_term_string}"},"query-input":{"@type":"PropertyValueSpecification","valueRequired":true,"valueName":"search_term_string"}}],"inLanguage":"cs"},{"@type":"Organization","@id":"https:\/\/magnetarmagnets.com\/cs\/#organization","name":"Magnetar","url":"https:\/\/magnetarmagnets.com\/cs\/","logo":{"@type":"ImageObject","inLanguage":"cs","@id":"https:\/\/magnetarmagnets.com\/cs\/#\/schema\/logo\/image\/","url":"https:\/\/magnetarmagnets.com\/wp-content\/uploads\/2025\/05\/Logo-03_PNG-Black-scaled.png","contentUrl":"https:\/\/magnetarmagnets.com\/wp-content\/uploads\/2025\/05\/Logo-03_PNG-Black-scaled.png","width":2560,"height":1658,"caption":"Magnetar"},"image":{"@id":"https:\/\/magnetarmagnets.com\/cs\/#\/schema\/logo\/image\/"},"sameAs":["https:\/\/www.facebook.com\/fishingmagnets\/","https:\/\/www.instagram.com\/magnetar_magnets\/","https:\/\/www.linkedin.com\/company\/magnetarbv\/?originalSubdomain=nl","https:\/\/www.youtube.com\/c\/MagnetarVismagneet"]}]}},"_links":{"self":[{"href":"https:\/\/magnetarmagnets.com\/cs\/wp-json\/wp\/v2\/product\/83219","targetHints":{"allow":["GET"]}}],"collection":[{"href":"https:\/\/magnetarmagnets.com\/cs\/wp-json\/wp\/v2\/product"}],"about":[{"href":"https:\/\/magnetarmagnets.com\/cs\/wp-json\/wp\/v2\/types\/product"}],"replies":[{"embeddable":true,"href":"https:\/\/magnetarmagnets.com\/cs\/wp-json\/wp\/v2\/comments?post=83219"}],"version-history":[{"count":0,"href":"https:\/\/magnetarmagnets.com\/cs\/wp-json\/wp\/v2\/product\/83219\/revisions"}],"wp:featuredmedia":[{"embeddable":true,"href":"https:\/\/magnetarmagnets.com\/cs\/wp-json\/wp\/v2\/media\/76861"}],"wp:attachment":[{"href":"https:\/\/magnetarmagnets.com\/cs\/wp-json\/wp\/v2\/media?parent=83219"}],"wp:term":[{"taxonomy":"product_brand","embeddable":true,"href":"https:\/\/magnetarmagnets.com\/cs\/wp-json\/wp\/v2\/product_brand?post=83219"},{"taxonomy":"product_cat","embeddable":true,"href":"https:\/\/magnetarmagnets.com\/cs\/wp-json\/wp\/v2\/product_cat?post=83219"},{"taxonomy":"product_tag","embeddable":true,"href":"https:\/\/magnetarmagnets.com\/cs\/wp-json\/wp\/v2\/product_tag?post=83219"}],"curies":[{"name":"wp","href":"https:\/\/api.w.org\/{rel}","templated":true}]}}