{"id":83218,"date":"2025-06-05T09:54:41","date_gmt":"2025-06-05T07:54:41","guid":{"rendered":"https:\/\/magnetarmagnets.com\/?post_type=product&#038;p=83218"},"modified":"2026-05-11T21:22:17","modified_gmt":"2026-05-11T19:22:17","slug":"pokrocily-magnet-fishing-set-400-kg-jednostranny","status":"publish","type":"product","link":"https:\/\/magnetarmagnets.com\/cs\/shop\/pokrocily-magnet-fishing-set-400-kg-jednostranny\/","title":{"rendered":"Pokro\u010dil\u00fd magnet fishing set &#8211; 400 kg &#8211; jednostrann\u00fd"},"content":{"rendered":"Hled\u00e1te kompletn\u00ed magnet fishing set? Pokro\u010dil\u00fd bal\u00ed\u010dek 400 kg \u2013 jednostrann\u00fd obsahuje v\u0161e, co pot\u0159ebujete na b\u0159ehu. Tato sada se skl\u00e1d\u00e1 z <strong>Classic Fishing Magnet 400<\/strong>, p\u00e1ru magnetick\u00fdch rukavic, jedine\u010dn\u011b navr\u017een\u00e9ho lana, h\u00e1ku a magnetick\u00e9ho lepidla, abyste byli p\u0159ipraveni na cokoliv.\n\n<h2>Pokro\u010dil\u00fd bal\u00ed\u010dek 400 kg \u2013 obsah<\/h2>\n\nMagnet <a href=\"https:\/\/magnetarmagnets.com\/shop\/classic-fishing-magnet-880lb-400kg\/\"><strong>Classic <\/strong><\/a><a href=\"https:\/\/magnetarmagnets.com\/shop\/classic-fishing-magnet-880lb-400kg\/\"><strong>Fishing Magnet <\/strong><\/a><a href=\"https:\/\/magnetarmagnets.com\/shop\/classic-fishing-magnet-880lb-400kg\/\"><strong>400 kg<\/strong><\/a> je jedn\u00edm z nejsiln\u011bj\u0161\u00edch jednostrann\u00fdch neodymov\u00fdch magnet\u016f od Magnetar. Tento produkt je chr\u00e1n\u011bn krytem, kter\u00fd zabra\u0148uje po\u0161kozen\u00ed p\u00e1dy nebo n\u00e1razy. Kryt soust\u0159ed\u00ed ve\u0161kerou magnetickou s\u00edlu na spodn\u00ed stranu magnetu. Koncentrace magnetick\u00e9 p\u0159ita\u017elivosti na jednu stranu \u010din\u00ed tento magnet extr\u00e9mn\u011b siln\u00fdm. M\u016f\u017ee b\u00fdt dokonce obt\u00ed\u017en\u00e9 od magnetu odtrhnout zachycen\u00e9 p\u0159edm\u011bty. S t\u00edmto magnetem lze snadno tahat t\u011b\u017ek\u00e9 p\u0159edm\u011bty s ploch\u00fdm povrchem, jako jsou trezory, autod\u00edly a kovov\u00e9 nosn\u00edky, na povrch. Nav\u00edc proti tomuto magnetu nemaj\u00ed \u0161anci ani men\u0161\u00ed historick\u00e9 p\u0159edm\u011bty.\n\nTahov\u00e1 s\u00edla 400 kg je dosa\u017eiteln\u00e1 pouze za dokonal\u00fdch podm\u00ednek. To nast\u00e1v\u00e1, kdy\u017e se magnet dot\u00fdk\u00e1 2 cm siln\u00e9 neoxidovan\u00e9 kovov\u00e9 desky. \u0160ance, \u017ee se to p\u0159i magnet fishing stane, obvykle nen\u00ed vysok\u00e1. Chcete v\u011bd\u011bt, jak se ur\u010duje tahov\u00e1 s\u00edla magnetu? Pod\u00edvejte se na na\u0161e video o <a href=\"https:\/\/www.youtube.com\/watch?v=2McW3RURDxs&amp;t=14s\"><strong>testu magnetick\u00e9 s\u00edly<\/strong><\/a>.\n\nDodan\u00e9 lano je navr\u017eeno s ohledem na magnet fishing. Lano m\u00e1 p\u0159edv\u00e1zanou smy\u010dku i karabinu, tak\u017ee se vyhnete slo\u017eit\u00fdm uzl\u016fm. V balen\u00ed tak\u00e9 najdete h\u00e1k pro vyta\u017een\u00ed nemagnetick\u00fdch a t\u011b\u017ek\u00fdch p\u0159edm\u011bt\u016f z vody. Je zde lahvi\u010dka magnetick\u00e9ho lepidla, kter\u00e9 slou\u017e\u00ed k bezpe\u010dn\u00e9mu spojen\u00ed o\u010dnic a \u0161roub\u016f s magnetem. Nakonec v\u017edy pou\u017e\u00edvejte p\u0159ilo\u017een\u00e9 rukavice, aby byly va\u0161e ruce chr\u00e1n\u011bny p\u0159i magnet fishing.\n\nHled\u00e1te p\u0159\u00e1tel\u0161t\u011bj\u0161\u00ed bal\u00ed\u010dek magnet fishing pro d\u011bti? Pod\u00edvejte se na n\u00e1\u0161 <a href=\"https:\/\/magnetarmagnets.com\/shop\/starterpackage\/\"><strong>Starter Package<\/strong><\/a>. Pokud v\u00e1s zaj\u00edm\u00e1 360\u00b0 v\u0161estrann\u00fd magnet, n\u00e1\u0161 <a href=\"https:\/\/magnetarmagnets.com\/shop\/fishmagnet-package-pro\/\"><strong>Pro Package<\/strong><\/a> s magnetem <a href=\"https:\/\/magnetarmagnets.com\/shop\/hardcore-magnet-2\/\"><strong>Hardcore<\/strong><\/a> m\u016f\u017ee b\u00fdt pro v\u00e1s ide\u00e1ln\u00ed. Nezapome\u0148te se pod\u00edvat na <a href=\"https:\/\/magnetarmagnets.com\/magnet-fishing-kit\/\" target=\"_blank\" rel=\"noopener\">nejlep\u0161\u00ed magnet fishing sety<\/a> a na\u0161e <a href=\"https:\/\/magnetarmagnets.com\/accessories\/\" target=\"_blank\" rel=\"noopener\">p\u0159\u00edslu\u0161enstv\u00ed<\/a>.","protected":false},"excerpt":{"rendered":"<p>Sada vhodn\u00e1 pro <strong>ka\u017ed\u00e9ho nad\u0161ence magnet fishing<\/strong>. Za\u010dn\u011bte sv\u00e9 dobrodru\u017estv\u00ed s t\u00edmto <strong>kompletn\u00edm bal\u00ed\u010dkem<\/strong>, kter\u00fd <strong>obsahuje v\u0161e, co pot\u0159ebujete<\/strong>.<\/p>\n","protected":false},"featured_media":78865,"comment_status":"open","ping_status":"closed","template":"","meta":{"_acf_changed":false,"inline_featured_image":false},"product_brand":[],"product_cat":[698,704,94,706],"product_tag":[],"class_list":{"0":"post-83218","1":"product","2":"type-product","3":"status-publish","4":"has-post-thumbnail","6":"product_cat-fishing-magnets","7":"product_cat-single-sided-classic","8":"product_cat-beginners","9":"product_cat-magnet-fishing-kit","11":"first","12":"instock","13":"sale","14":"taxable","15":"shipping-taxable","16":"purchasable","17":"product-type-simple"},"acf":[],"yoast_head":"<!-- This site is optimized with the Yoast SEO plugin v27.5 - https:\/\/yoast.com\/product\/yoast-seo-wordpress\/ -->\n<title>Pokro\u010dil\u00fd magnet fishing set - 400 kg - jednostrann\u00fd - Magnet fishing with a Magnetar fishing magnet<\/title>\n<meta name=\"description\" content=\"Pokro\u010dil\u00fd bal\u00ed\u010dek \u2013 400 kg fishing magnet \u2013 Magnetar\" \/>\n<meta name=\"robots\" content=\"index, follow, max-snippet:-1, max-image-preview:large, max-video-preview:-1\" \/>\n<link rel=\"canonical\" href=\"https:\/\/magnetarmagnets.com\/cs\/shop\/pokrocily-magnet-fishing-set-400-kg-jednostranny\/\" \/>\n<meta property=\"og:locale\" content=\"cs_CZ\" \/>\n<meta property=\"og:type\" content=\"article\" \/>\n<meta property=\"og:title\" content=\"Pokro\u010dil\u00fd magnet fishing set - 400 kg - jednostrann\u00fd - Magnet fishing with a Magnetar fishing magnet\" \/>\n<meta property=\"og:description\" content=\"Pokro\u010dil\u00fd bal\u00ed\u010dek \u2013 400 kg fishing magnet \u2013 Magnetar\" \/>\n<meta property=\"og:url\" content=\"https:\/\/magnetarmagnets.com\/cs\/shop\/pokrocily-magnet-fishing-set-400-kg-jednostranny\/\" \/>\n<meta property=\"og:site_name\" content=\"Magnet fishing with a Magnetar fishing magnet\" \/>\n<meta property=\"article:publisher\" content=\"https:\/\/www.facebook.com\/fishingmagnets\/\" \/>\n<meta property=\"article:modified_time\" content=\"2026-05-11T19:22:17+00:00\" \/>\n<meta property=\"og:image\" content=\"https:\/\/magnetarmagnets.com\/wp-content\/uploads\/2021\/10\/MAGNETAR-ADVANCED-KIT-GOOGLE.jpg\" \/>\n\t<meta property=\"og:image:width\" content=\"1500\" \/>\n\t<meta property=\"og:image:height\" content=\"1500\" \/>\n\t<meta property=\"og:image:type\" content=\"image\/jpeg\" \/>\n<meta name=\"twitter:card\" content=\"summary_large_image\" \/>\n<meta name=\"twitter:label1\" content=\"Odhadovan\u00e1 doba \u010dten\u00ed\" \/>\n\t<meta name=\"twitter:data1\" content=\"3 minuty\" \/>\n<script type=\"application\/ld+json\" class=\"yoast-schema-graph\">{\"@context\":\"https:\\\/\\\/schema.org\",\"@graph\":[{\"@type\":[\"WebPage\",\"ItemPage\"],\"@id\":\"https:\\\/\\\/magnetarmagnets.com\\\/cs\\\/shop\\\/pokrocily-magnet-fishing-set-400-kg-jednostranny\\\/\",\"url\":\"https:\\\/\\\/magnetarmagnets.com\\\/cs\\\/shop\\\/pokrocily-magnet-fishing-set-400-kg-jednostranny\\\/\",\"name\":\"Pokro\u010dil\u00fd magnet fishing set - 400 kg - jednostrann\u00fd - Magnet fishing with a Magnetar fishing magnet\",\"isPartOf\":{\"@id\":\"https:\\\/\\\/magnetarmagnets.com\\\/cs\\\/#website\"},\"primaryImageOfPage\":{\"@id\":\"https:\\\/\\\/magnetarmagnets.com\\\/cs\\\/shop\\\/pokrocily-magnet-fishing-set-400-kg-jednostranny\\\/#primaryimage\"},\"image\":{\"@id\":\"https:\\\/\\\/magnetarmagnets.com\\\/cs\\\/shop\\\/pokrocily-magnet-fishing-set-400-kg-jednostranny\\\/#primaryimage\"},\"thumbnailUrl\":\"https:\\\/\\\/magnetarmagnets.com\\\/wp-content\\\/uploads\\\/2021\\\/10\\\/MAGNETAR-ADVANCED-KIT-GOOGLE.jpg\",\"datePublished\":\"2025-06-05T07:54:41+00:00\",\"dateModified\":\"2026-05-11T19:22:17+00:00\",\"description\":\"Pokro\u010dil\u00fd bal\u00ed\u010dek \u2013 400 kg fishing magnet \u2013 Magnetar\",\"breadcrumb\":{\"@id\":\"https:\\\/\\\/magnetarmagnets.com\\\/cs\\\/shop\\\/pokrocily-magnet-fishing-set-400-kg-jednostranny\\\/#breadcrumb\"},\"inLanguage\":\"cs\",\"potentialAction\":[{\"@type\":\"ReadAction\",\"target\":[\"https:\\\/\\\/magnetarmagnets.com\\\/cs\\\/shop\\\/pokrocily-magnet-fishing-set-400-kg-jednostranny\\\/\"]}]},{\"@type\":\"ImageObject\",\"inLanguage\":\"cs\",\"@id\":\"https:\\\/\\\/magnetarmagnets.com\\\/cs\\\/shop\\\/pokrocily-magnet-fishing-set-400-kg-jednostranny\\\/#primaryimage\",\"url\":\"https:\\\/\\\/magnetarmagnets.com\\\/wp-content\\\/uploads\\\/2021\\\/10\\\/MAGNETAR-ADVANCED-KIT-GOOGLE.jpg\",\"contentUrl\":\"https:\\\/\\\/magnetarmagnets.com\\\/wp-content\\\/uploads\\\/2021\\\/10\\\/MAGNETAR-ADVANCED-KIT-GOOGLE.jpg\",\"width\":1500,\"height\":1500,\"caption\":\"MAGNETAR-ADVANCED-KIT\"},{\"@type\":\"BreadcrumbList\",\"@id\":\"https:\\\/\\\/magnetarmagnets.com\\\/cs\\\/shop\\\/pokrocily-magnet-fishing-set-400-kg-jednostranny\\\/#breadcrumb\",\"itemListElement\":[{\"@type\":\"ListItem\",\"position\":1,\"name\":\"Home\",\"item\":\"https:\\\/\\\/magnetarmagnets.com\\\/cs\\\/\"},{\"@type\":\"ListItem\",\"position\":2,\"name\":\"Obchod\",\"item\":\"https:\\\/\\\/magnetarmagnets.com\\\/cs\\\/obchod\\\/\"},{\"@type\":\"ListItem\",\"position\":3,\"name\":\"Fishing magnety\",\"item\":\"https:\\\/\\\/magnetarmagnets.com\\\/cs\\\/collections\\\/fishing-magnets-cs\\\/\"},{\"@type\":\"ListItem\",\"position\":4,\"name\":\"Jednostrann\u00e9 fishing magnety\",\"item\":\"https:\\\/\\\/magnetarmagnets.com\\\/cs\\\/collections\\\/fishing-magnets-cs\\\/jednostranne-fishing-magnety\\\/\"},{\"@type\":\"ListItem\",\"position\":5,\"name\":\"Pokro\u010dil\u00fd magnet fishing set &#8211; 400 kg &#8211; jednostrann\u00fd\"}]},{\"@type\":\"WebSite\",\"@id\":\"https:\\\/\\\/magnetarmagnets.com\\\/cs\\\/#website\",\"url\":\"https:\\\/\\\/magnetarmagnets.com\\\/cs\\\/\",\"name\":\"Magnet fishing with a Magnetar fishing magnet\",\"description\":\"Siln\u00e9 magnety na magnet fishing\",\"publisher\":{\"@id\":\"https:\\\/\\\/magnetarmagnets.com\\\/cs\\\/#organization\"},\"potentialAction\":[{\"@type\":\"SearchAction\",\"target\":{\"@type\":\"EntryPoint\",\"urlTemplate\":\"https:\\\/\\\/magnetarmagnets.com\\\/cs\\\/?s={search_term_string}\"},\"query-input\":{\"@type\":\"PropertyValueSpecification\",\"valueRequired\":true,\"valueName\":\"search_term_string\"}}],\"inLanguage\":\"cs\"},{\"@type\":\"Organization\",\"@id\":\"https:\\\/\\\/magnetarmagnets.com\\\/cs\\\/#organization\",\"name\":\"Magnetar\",\"url\":\"https:\\\/\\\/magnetarmagnets.com\\\/cs\\\/\",\"logo\":{\"@type\":\"ImageObject\",\"inLanguage\":\"cs\",\"@id\":\"https:\\\/\\\/magnetarmagnets.com\\\/cs\\\/#\\\/schema\\\/logo\\\/image\\\/\",\"url\":\"https:\\\/\\\/magnetarmagnets.com\\\/wp-content\\\/uploads\\\/2025\\\/05\\\/Logo-03_PNG-Black-scaled.png\",\"contentUrl\":\"https:\\\/\\\/magnetarmagnets.com\\\/wp-content\\\/uploads\\\/2025\\\/05\\\/Logo-03_PNG-Black-scaled.png\",\"width\":2560,\"height\":1658,\"caption\":\"Magnetar\"},\"image\":{\"@id\":\"https:\\\/\\\/magnetarmagnets.com\\\/cs\\\/#\\\/schema\\\/logo\\\/image\\\/\"},\"sameAs\":[\"https:\\\/\\\/www.facebook.com\\\/fishingmagnets\\\/\",\"https:\\\/\\\/www.instagram.com\\\/magnetar_magnets\\\/\",\"https:\\\/\\\/www.linkedin.com\\\/company\\\/magnetarbv\\\/?originalSubdomain=nl\",\"https:\\\/\\\/www.youtube.com\\\/c\\\/MagnetarVismagneet\"]}]}<\/script>\n<!-- \/ Yoast SEO plugin. -->","yoast_head_json":{"title":"Pokro\u010dil\u00fd magnet fishing set - 400 kg - jednostrann\u00fd - Magnet fishing with a Magnetar fishing magnet","description":"Pokro\u010dil\u00fd bal\u00ed\u010dek \u2013 400 kg fishing magnet \u2013 Magnetar","robots":{"index":"index","follow":"follow","max-snippet":"max-snippet:-1","max-image-preview":"max-image-preview:large","max-video-preview":"max-video-preview:-1"},"canonical":"https:\/\/magnetarmagnets.com\/cs\/shop\/pokrocily-magnet-fishing-set-400-kg-jednostranny\/","og_locale":"cs_CZ","og_type":"article","og_title":"Pokro\u010dil\u00fd magnet fishing set - 400 kg - jednostrann\u00fd - Magnet fishing with a Magnetar fishing magnet","og_description":"Pokro\u010dil\u00fd bal\u00ed\u010dek \u2013 400 kg fishing magnet \u2013 Magnetar","og_url":"https:\/\/magnetarmagnets.com\/cs\/shop\/pokrocily-magnet-fishing-set-400-kg-jednostranny\/","og_site_name":"Magnet fishing with a Magnetar fishing magnet","article_publisher":"https:\/\/www.facebook.com\/fishingmagnets\/","article_modified_time":"2026-05-11T19:22:17+00:00","og_image":[{"width":1500,"height":1500,"url":"https:\/\/magnetarmagnets.com\/wp-content\/uploads\/2021\/10\/MAGNETAR-ADVANCED-KIT-GOOGLE.jpg","type":"image\/jpeg"}],"twitter_card":"summary_large_image","twitter_misc":{"Odhadovan\u00e1 doba \u010dten\u00ed":"3 minuty"},"schema":{"@context":"https:\/\/schema.org","@graph":[{"@type":["WebPage","ItemPage"],"@id":"https:\/\/magnetarmagnets.com\/cs\/shop\/pokrocily-magnet-fishing-set-400-kg-jednostranny\/","url":"https:\/\/magnetarmagnets.com\/cs\/shop\/pokrocily-magnet-fishing-set-400-kg-jednostranny\/","name":"Pokro\u010dil\u00fd magnet fishing set - 400 kg - jednostrann\u00fd - Magnet fishing with a Magnetar fishing magnet","isPartOf":{"@id":"https:\/\/magnetarmagnets.com\/cs\/#website"},"primaryImageOfPage":{"@id":"https:\/\/magnetarmagnets.com\/cs\/shop\/pokrocily-magnet-fishing-set-400-kg-jednostranny\/#primaryimage"},"image":{"@id":"https:\/\/magnetarmagnets.com\/cs\/shop\/pokrocily-magnet-fishing-set-400-kg-jednostranny\/#primaryimage"},"thumbnailUrl":"https:\/\/magnetarmagnets.com\/wp-content\/uploads\/2021\/10\/MAGNETAR-ADVANCED-KIT-GOOGLE.jpg","datePublished":"2025-06-05T07:54:41+00:00","dateModified":"2026-05-11T19:22:17+00:00","description":"Pokro\u010dil\u00fd bal\u00ed\u010dek \u2013 400 kg fishing magnet \u2013 Magnetar","breadcrumb":{"@id":"https:\/\/magnetarmagnets.com\/cs\/shop\/pokrocily-magnet-fishing-set-400-kg-jednostranny\/#breadcrumb"},"inLanguage":"cs","potentialAction":[{"@type":"ReadAction","target":["https:\/\/magnetarmagnets.com\/cs\/shop\/pokrocily-magnet-fishing-set-400-kg-jednostranny\/"]}]},{"@type":"ImageObject","inLanguage":"cs","@id":"https:\/\/magnetarmagnets.com\/cs\/shop\/pokrocily-magnet-fishing-set-400-kg-jednostranny\/#primaryimage","url":"https:\/\/magnetarmagnets.com\/wp-content\/uploads\/2021\/10\/MAGNETAR-ADVANCED-KIT-GOOGLE.jpg","contentUrl":"https:\/\/magnetarmagnets.com\/wp-content\/uploads\/2021\/10\/MAGNETAR-ADVANCED-KIT-GOOGLE.jpg","width":1500,"height":1500,"caption":"MAGNETAR-ADVANCED-KIT"},{"@type":"BreadcrumbList","@id":"https:\/\/magnetarmagnets.com\/cs\/shop\/pokrocily-magnet-fishing-set-400-kg-jednostranny\/#breadcrumb","itemListElement":[{"@type":"ListItem","position":1,"name":"Home","item":"https:\/\/magnetarmagnets.com\/cs\/"},{"@type":"ListItem","position":2,"name":"Obchod","item":"https:\/\/magnetarmagnets.com\/cs\/obchod\/"},{"@type":"ListItem","position":3,"name":"Fishing magnety","item":"https:\/\/magnetarmagnets.com\/cs\/collections\/fishing-magnets-cs\/"},{"@type":"ListItem","position":4,"name":"Jednostrann\u00e9 fishing magnety","item":"https:\/\/magnetarmagnets.com\/cs\/collections\/fishing-magnets-cs\/jednostranne-fishing-magnety\/"},{"@type":"ListItem","position":5,"name":"Pokro\u010dil\u00fd magnet fishing set &#8211; 400 kg &#8211; jednostrann\u00fd"}]},{"@type":"WebSite","@id":"https:\/\/magnetarmagnets.com\/cs\/#website","url":"https:\/\/magnetarmagnets.com\/cs\/","name":"Magnet fishing with a Magnetar fishing magnet","description":"Siln\u00e9 magnety na magnet fishing","publisher":{"@id":"https:\/\/magnetarmagnets.com\/cs\/#organization"},"potentialAction":[{"@type":"SearchAction","target":{"@type":"EntryPoint","urlTemplate":"https:\/\/magnetarmagnets.com\/cs\/?s={search_term_string}"},"query-input":{"@type":"PropertyValueSpecification","valueRequired":true,"valueName":"search_term_string"}}],"inLanguage":"cs"},{"@type":"Organization","@id":"https:\/\/magnetarmagnets.com\/cs\/#organization","name":"Magnetar","url":"https:\/\/magnetarmagnets.com\/cs\/","logo":{"@type":"ImageObject","inLanguage":"cs","@id":"https:\/\/magnetarmagnets.com\/cs\/#\/schema\/logo\/image\/","url":"https:\/\/magnetarmagnets.com\/wp-content\/uploads\/2025\/05\/Logo-03_PNG-Black-scaled.png","contentUrl":"https:\/\/magnetarmagnets.com\/wp-content\/uploads\/2025\/05\/Logo-03_PNG-Black-scaled.png","width":2560,"height":1658,"caption":"Magnetar"},"image":{"@id":"https:\/\/magnetarmagnets.com\/cs\/#\/schema\/logo\/image\/"},"sameAs":["https:\/\/www.facebook.com\/fishingmagnets\/","https:\/\/www.instagram.com\/magnetar_magnets\/","https:\/\/www.linkedin.com\/company\/magnetarbv\/?originalSubdomain=nl","https:\/\/www.youtube.com\/c\/MagnetarVismagneet"]}]}},"_links":{"self":[{"href":"https:\/\/magnetarmagnets.com\/cs\/wp-json\/wp\/v2\/product\/83218","targetHints":{"allow":["GET"]}}],"collection":[{"href":"https:\/\/magnetarmagnets.com\/cs\/wp-json\/wp\/v2\/product"}],"about":[{"href":"https:\/\/magnetarmagnets.com\/cs\/wp-json\/wp\/v2\/types\/product"}],"replies":[{"embeddable":true,"href":"https:\/\/magnetarmagnets.com\/cs\/wp-json\/wp\/v2\/comments?post=83218"}],"version-history":[{"count":0,"href":"https:\/\/magnetarmagnets.com\/cs\/wp-json\/wp\/v2\/product\/83218\/revisions"}],"wp:featuredmedia":[{"embeddable":true,"href":"https:\/\/magnetarmagnets.com\/cs\/wp-json\/wp\/v2\/media\/78865"}],"wp:attachment":[{"href":"https:\/\/magnetarmagnets.com\/cs\/wp-json\/wp\/v2\/media?parent=83218"}],"wp:term":[{"taxonomy":"product_brand","embeddable":true,"href":"https:\/\/magnetarmagnets.com\/cs\/wp-json\/wp\/v2\/product_brand?post=83218"},{"taxonomy":"product_cat","embeddable":true,"href":"https:\/\/magnetarmagnets.com\/cs\/wp-json\/wp\/v2\/product_cat?post=83218"},{"taxonomy":"product_tag","embeddable":true,"href":"https:\/\/magnetarmagnets.com\/cs\/wp-json\/wp\/v2\/product_tag?post=83218"}],"curies":[{"name":"wp","href":"https:\/\/api.w.org\/{rel}","templated":true}]}}