{"id":83216,"date":"2025-06-05T09:54:42","date_gmt":"2025-06-05T07:54:42","guid":{"rendered":"https:\/\/magnetarmagnets.com\/?post_type=product&#038;p=83216"},"modified":"2026-04-06T06:18:20","modified_gmt":"2026-04-06T04:18:20","slug":"nejlepsi-hak-pro-magnet-fishing","status":"publish","type":"product","link":"https:\/\/magnetarmagnets.com\/cs\/shop\/nejlepsi-hak-pro-magnet-fishing\/","title":{"rendered":"Nejlep\u0161\u00ed h\u00e1k pro magnet fishing"},"content":{"rendered":"<h2><strong>Co jsou grappling hooky?<\/strong><\/h2>\n\n<span style=\"font-weight: 400;\">Jedn\u00e1 se o za\u0159\u00edzen\u00ed p\u0159ipevn\u011bn\u00e9 na lano, kter\u00e9 se h\u00e1z\u00ed nebo spou\u0161t\u00ed do vody za \u00fa\u010delem chycen\u00ed, zachycen\u00ed, uchopen\u00ed a vyta\u017een\u00ed p\u0159edm\u011btu z vody. R\u016fzn\u00e9 grappling hooky se pou\u017e\u00edvaj\u00ed k lezen\u00ed po stromech, ale tento dobrodru\u017en\u00fd n\u00e1stroj doporu\u010dujeme pro n\u00e1ro\u010dn\u00e9 magnet fishing nad\u0161ence.<\/span>\n\n\n\n<span style=\"font-weight: 400;\">Lze je pou\u017e\u00edvat spolu s <\/span><span style=\"font-weight: 400;\">neodymov\u00fdm magnetem<\/span><span style=\"font-weight: 400;\"> nebo m\u00edsto n\u011bj p\u0159i p\u00e1tr\u00e1n\u00ed po pokladech pod vodou. Pokud m\u00e1te z\u00e1jem chytat nadm\u011brn\u00e9, nemagnetick\u00e9, t\u011b\u017ek\u00e9 nebo nepravideln\u011b tvarovan\u00e9 p\u0159edm\u011bty, h\u00e1k v\u00e1m pom\u016f\u017ee je vyt\u00e1hnout na hladinu.<\/span>\n\n<h2><strong>M\u00e1m u\u017e magnet, pot\u0159ebuji h\u00e1k?<\/strong><\/h2>\n\n<span style=\"font-weight: 400;\">Nen\u00ed to nutn\u00e9, ale velmi doporu\u010dujeme.<\/span>\n\n\n\n<span style=\"font-weight: 400;\">V\u011bt\u0161ina lid\u00ed, kte\u0159\u00ed se v\u011bnuj\u00ed magnet fishing, \u0159ekne, \u017ee grappling hook je nezbytn\u00fd. Na\u0161e <\/span><span style=\"font-weight: 400;\">neodymov\u00e9 magnety<\/span><span style=\"font-weight: 400;\"> jsou ide\u00e1ln\u00ed pro chyt\u00e1n\u00ed magnetick\u00fdch kovov\u00fdch p\u0159edm\u011bt\u016f r\u016fzn\u00fdch velikost\u00ed, tvar\u016f a hustot. N\u011bkdy v\u0161ak pot\u0159ebujete ostr\u00e9 hrany h\u00e1ku, abyste p\u0159edm\u011bt vyt\u00e1hli zpod kamene nebo dostali na hladinu.<\/span>\n\n\n\n<span style=\"font-weight: 400;\">Je to jako u \u010dehokoli jin\u00e9ho \u2013 pot\u0159ebujete spr\u00e1vn\u00e9 n\u00e1stroje, abyste pr\u00e1ci zvl\u00e1dli za r\u016fzn\u00fdch podm\u00ednek. Vlastnit dal\u0161\u00ed n\u00e1stroje, jako je n\u00e1\u0161 nerezov\u00fd grappling hook, v\u00e1m pom\u016f\u017ee zv\u00fd\u0161it rozsah a v\u0161estrannost druh\u016f poklad\u016f, kter\u00e9 m\u016f\u017eete naj\u00edt. H\u00e1k i fishing magnet funguj\u00ed samostatn\u011b, ale spole\u010dn\u011b jsou siln\u011bj\u0161\u00ed.<\/span>\n\n<h2><strong>Kter\u00e9 materi\u00e1ly jsou nemagnetick\u00e9?<\/strong><\/h2>\n\n<span style=\"font-weight: 400;\">Magnety v\u00e1m pomohou chytat magnetick\u00e9 materi\u00e1ly. I kdy\u017e jsou v\u0161echny magnetick\u00e9 materi\u00e1ly kovov\u00e9, ne ka\u017ed\u00fd kov je magnetick\u00fd. N\u00e1sleduj\u00edc\u00ed tabulka poskytuje p\u0159ehled materi\u00e1l\u016f a polo\u017eek, kter\u00e9 m\u016f\u017eete p\u0159it\u00e1hnout magnetem nebo chytit h\u00e1kem:<\/span>\n\n<table>\n<tbody>\n<tr>\n<td><b>Magnetick\u00e9<\/b><\/td>\n<td><b>Nemagnetick\u00e9<\/b><\/td>\n<\/tr>\n<tr>\n<td><span style=\"font-weight: 400;\">\u017delezo (hrnce, p\u00e1nve)<\/span><\/td>\n<td><span style=\"font-weight: 400;\">Hlin\u00edk (plechovky, n\u00e1\u010din\u00ed)<\/span><\/td>\n<\/tr>\n<tr>\n<td><span style=\"font-weight: 400;\">Nikl (mince)<\/span><\/td>\n<td><span style=\"font-weight: 400;\">M\u011b\u010f (mince)<\/span><\/td>\n<\/tr>\n<tr>\n<td><span style=\"font-weight: 400;\">Kobalt (\u0161rouby, matice, n\u00e1\u0159ad\u00ed)<\/span><\/td>\n<td><span style=\"font-weight: 400;\">Olovo (baterie, z\u00e1va\u017e\u00ed)<\/span><\/td>\n<\/tr>\n<tr>\n<td><span style=\"font-weight: 400;\">Ocel (trubky, \u017eeleznice, automobily)<\/span><\/td>\n<td><span style=\"font-weight: 400;\">Mosaz (hudebn\u00ed n\u00e1stroje)<\/span><\/td>\n<\/tr>\n<\/tbody>\n<\/table>\n\n&nbsp;\n\n<h2><strong>Co mohu naj\u00edt p\u0159i lovu h\u00e1kem?<\/strong><\/h2>\n\n<span style=\"font-weight: 400;\">Nadm\u011brn\u00e9 nebo t\u011b\u017ek\u00e9 n\u00e1lezy<\/span><span style=\"font-weight: 400;\"> \u2013 pokud s va\u0161\u00edm fishing magnetem najdete t\u011b\u017ek\u00fd p\u0159edm\u011bt, pou\u017eit\u00ed h\u00e1ku pom\u016f\u017ee zv\u00fd\u0161it ta\u017enou s\u00edlu magnetu a vyt\u00e1hnout objekt z vody. Tak\u00e9 z\u00edsk\u00e1te lep\u0161\u00ed kontrolu p\u0159i vyta\u017een\u00ed p\u0159edm\u011btu na hladinu.<\/span>\n\n<ul>\n<li><strong>Nemagnetick\u00e9 p\u0159edm\u011bty<\/strong><span style=\"font-weight: 400;\"> \u2013 zahrnuj\u00ed materi\u00e1ly jako m\u011b\u010f, hlin\u00edk a zlato. P\u0159edm\u011bty z t\u011bchto materi\u00e1l\u016f nemus\u00ed b\u00fdt bez h\u00e1ku vyta\u017eiteln\u00e9. Je to podobn\u00e9 jako s ryb\u00e1\u0159sk\u00fdmi h\u00e1\u010dky \u2013 n\u00e1vnada nen\u00ed v\u017edy nutn\u00e1, ale pom\u016f\u017ee v\u00e1m naj\u00edt mnohem v\u00edce kousk\u016f!<\/span><\/li>\n<li><strong>\u010c\u00e1ste\u010dn\u011b magnetick\u00e9 p\u0159edm\u011bty<\/strong> \u2013 pokud je objekt slo\u017een z magnetick\u00fdch i nemagnetick\u00fdch materi\u00e1l\u016f, magnet v\u00e1m pom\u016f\u017ee jej naj\u00edt, ale pravd\u011bpodobn\u011b nebudete m\u00edt tak pevn\u00e9 lano ani siln\u00fd \u00fachop.<\/li>\n<li><strong>Nepravideln\u011b tvarovan\u00e9 p\u0159edm\u011bty<\/strong> \u2013 a\u0165 u\u017e se jedn\u00e1 o pistole, nevybuchl\u00e9 bomby, vybaven\u00ed, n\u00e1\u0159ad\u00ed \u010di jin\u00e9 v\u011bt\u0161\u00ed n\u00e1lezy, budete p\u0159ekvapeni, co v\u0161echno m\u016f\u017eete naj\u00edt!<\/li>\n<\/ul>\n\n<span style=\"font-weight: 400;\">A mnoho dal\u0161\u00edho!<\/span>\n\n<h2><strong>Jak pou\u017e\u00edvat magnet fishing h\u00e1ky?<\/strong><\/h2>\n\n<span style=\"font-weight: 400;\">Pokud v\u00e1\u0161 magnet nedok\u00e1\u017ee vyt\u00e1hnout p\u0159edm\u011bt z vody, a\u0165 u\u017e je p\u0159\u00edli\u0161 t\u011b\u017ek\u00fd, objemn\u00fd nebo nemagnetick\u00fd, je \u010das pou\u017e\u00edt h\u00e1k.<\/span>\n\n<span style=\"font-weight: 400;\">Jak p\u0159ipevnit h\u00e1k k lanu:<\/span><span style=\"font-weight: 400;\"> P\u0159ipevn\u011bte lano k h\u00e1ku pomoc\u00ed karabiny (sou\u010d\u00e1st balen\u00ed na\u0161eho <a href=\"https:\/\/magnetarmagnets.com\/shop\/magnet-fishing-rope\/\" target=\"_blank\" rel=\"noopener\">Magnet fishing Rope<\/a>). Nebo ud\u011blejte smy\u010dku skrz h\u00e1k palomarsk\u00fdm uzlem (pod\u00edvejte se na <a href=\"https:\/\/magnetarmagnets.com\/how-to-make-the-perfect-knot\/\">Reinout\u016fv n\u00e1vod<\/a>). Ujist\u011bte se, \u017ee lano dr\u017e\u00ed h\u00e1k pevn\u011b.<\/span>\n\n<span style=\"font-weight: 400;\">Jak pou\u017e\u00edvat h\u00e1k spole\u010dn\u011b s magnetem:<\/span><span style=\"font-weight: 400;\"> V\u00e1\u0161 fishing magnet m\u016f\u017ee naj\u00edt n\u011bco pod vodou, co nedok\u00e1\u017ee s\u00e1m vyta\u017eit. V takov\u00e9m p\u0159\u00edpad\u011b nechte magnet a lano ve vod\u011b. P\u0159ipevn\u011bte h\u00e1k k lanu (viz v\u00fd\u0161e) a ho\u010fte ho do vody ve stejn\u00e9m sm\u011bru jako magnet. Jakmile h\u00e1k zachyt\u00ed objekt k magnetu p\u0159ipojen\u00fd, t\u00e1hn\u011bte ob\u011b lana sou\u010dasn\u011b sm\u011brem k b\u0159ehu.<\/span>\n\n<span style=\"font-weight: 400;\">Jak pou\u017e\u00edvat h\u00e1k samostatn\u011b:<\/span><span style=\"font-weight: 400;\"> Pokud pou\u017e\u00edv\u00e1te h\u00e1k samostatn\u011b, p\u0159ipevn\u011bte ho k lanu (viz v\u00fd\u0161e), h\u00e1kn\u011bte ho do vody a nechte klesnout. T\u00e1hn\u011bte h\u00e1k po dn\u011b, zat\u00edmco p\u0159ibli\u017eujete lano k sob\u011b. Pokud jeho dr\u00e1py zachyt\u00ed p\u0159edm\u011bt, m\u016f\u017eete to vyt\u00e1hnout na b\u0159eh. Pro dal\u0161\u00ed hod ho\u010fte lano o metr d\u00e1l od p\u0159edchoz\u00edho m\u00edsta, abyste pokryli rozs\u00e1hlej\u0161\u00ed oblast.<\/span>\n\n<span style=\"font-weight: 400;\"><strong>Pamatujte:<\/strong> bu\u010fte trp\u011bliv\u00ed a pomalu vytahujte h\u00e1k z vody, aby p\u0159edm\u011bty nesklouzly.<\/span>\n\n<h2><strong>Na co se zam\u011b\u0159it p\u0159i v\u00fdb\u011bru h\u00e1ku?<\/strong><\/h2>\n\n<span style=\"font-weight: 400;\">P\u0159i v\u00fdb\u011bru h\u00e1ku si v\u0161\u00edmejte dvou v\u011bc\u00ed:<\/span>\n\n<ol>\n<li style=\"font-weight: 400;\" aria-level=\"1\"><b>Materi\u00e1l<\/b><span style=\"font-weight: 400;\"> \u2013 hledejte h\u00e1ky z vysoce kvalitn\u00ed nerezov\u00e9 oceli, proto\u017ee jsou pevn\u00e9, lehk\u00e9, odoln\u00e9 a odol\u00e1vaj\u00ed korozi i jin\u00e9mu po\u0161kozen\u00ed.<\/span><\/li>\n<li style=\"font-weight: 400;\" aria-level=\"1\"><b>Rozm\u011bry<\/b><span style=\"font-weight: 400;\"> \u2013 h\u00e1k Magnetar m\u00e1 d\u00e9lku 19 cm a \u0161\u00ed\u0159ku 15,5 cm. Po letech testov\u00e1n\u00ed r\u016fzn\u00fdch h\u00e1k\u016f se n\u00e1\u0161 t\u00fdm shoduje, \u017ee toto jsou ide\u00e1ln\u00ed rozm\u011bry pro cestov\u00e1n\u00ed, h\u00e1zen\u00ed, p\u0159en\u00e1\u0161en\u00ed a vyhrab\u00e1v\u00e1n\u00ed velk\u00fdch \u010di nepravideln\u011b tvarovan\u00fdch p\u0159edm\u011bt\u016f z vody. Pokud je h\u00e1k v\u00fdrazn\u011b v\u011bt\u0161\u00ed, m\u016f\u017ee b\u00fdt ne\u0161ikovn\u00fd nebo p\u0159\u00edli\u0161 t\u011b\u017ek\u00fd k hodu. Pokud je men\u0161\u00ed, m\u016f\u017ee b\u00fdt p\u0159\u00edli\u0161 \u00fazk\u00fd pro p\u0159edm\u011bty pod vodou.<\/span><\/li>\n<\/ol>","protected":false},"excerpt":{"rendered":"<p><span style=\"font-weight: 400;\">N\u00e1\u0161 <strong>nejmodern\u011bj\u0161\u00ed h\u00e1k<\/strong> je ide\u00e1ln\u00ed pro vyzved\u00e1v\u00e1n\u00ed podvodn\u00edch p\u0159edm\u011bt\u016f, kter\u00e9 jsou <strong>nemagnetick\u00e9, nadm\u011brn\u00e9, t\u011b\u017ek\u00e9, \u010d\u00e1ste\u010dn\u011b magnetick\u00e9 nebo nepravideln\u011b tvarovan\u00e9<\/strong>. A\u0165 u\u017e na b\u0159ehu nebo z lod\u011b, pom\u016f\u017ee v\u00e1m z\u00edskat mnoho zaj\u00edmav\u00fdch v\u011bc\u00ed. <\/span><\/p>\n<p><span style=\"font-weight: 400;\">Zjistili jsme, \u017ee je nejv\u00edce u\u017eite\u010dn\u00fd jako <strong>dopl\u0148ek k va\u0161emu<\/strong><\/span><strong><a href=\"https:\/\/magnetarmagnets.com\/\" target=\"_blank\" rel=\"noopener\">fishing magnet<\/a><\/strong><span style=\"font-weight: 400;\">. Nen\u00ed nic frustruj\u00edc\u00edho ne\u017e m\u00edt magnet p\u0159ipevn\u011bn\u00fd k va\u0161\u00ed v\u00fdbav\u011b a nemoci vyt\u00e1hnout sv\u016fj n\u00e1lez z vody. Pou\u017eit\u00ed h\u00e1ku <strong>zv\u00fd\u0161\u00ed vyu\u017eit\u00ed a ta\u017enou s\u00edlu<\/strong> magnetu, abyste <strong>na\u0161li je\u0161t\u011b v\u011bt\u0161\u00ed, lep\u0161\u00ed a nezapomenuteln\u00e9 poklady<\/strong>. <\/span><\/p>\n","protected":false},"featured_media":75945,"comment_status":"open","ping_status":"closed","template":"","meta":{"_acf_changed":false,"inline_featured_image":false},"product_brand":[],"product_cat":[563,564],"product_tag":[549],"class_list":{"0":"post-83216","1":"product","2":"type-product","3":"status-publish","4":"has-post-thumbnail","6":"product_cat-vybaveni","7":"product_cat-vybaveni-pro-magnet-fishing","8":"product_tag-doprava-zdarma","10":"first","11":"instock","12":"sale","13":"taxable","14":"shipping-taxable","15":"purchasable","16":"product-type-simple"},"acf":[],"yoast_head":"<!-- This site is optimized with the Yoast SEO plugin v27.3 - https:\/\/yoast.com\/product\/yoast-seo-wordpress\/ -->\n<title>Magnet Fishing h\u00e1k - Magnetar \u00ae [Koupit nyn\u00ed]<\/title>\n<meta name=\"description\" content=\"Nakupte nejlep\u0161\u00ed Magnet Fishing h\u00e1k \u27a4 Magnetar \u00ae. Obchod se v\u0161emi pot\u0159ebn\u00fdmi dopl\u0148ky pro magnet fishing. Odes\u00edl\u00e1me je\u0161t\u011b ten sam\u00fd den!\" \/>\n<meta name=\"robots\" content=\"index, follow, max-snippet:-1, max-image-preview:large, max-video-preview:-1\" \/>\n<link rel=\"canonical\" href=\"https:\/\/magnetarmagnets.com\/cs\/shop\/nejlepsi-hak-pro-magnet-fishing\/\" \/>\n<meta property=\"og:locale\" content=\"cs_CZ\" \/>\n<meta property=\"og:type\" content=\"article\" \/>\n<meta property=\"og:title\" content=\"Magnet Fishing h\u00e1k - Magnetar \u00ae [Koupit nyn\u00ed]\" \/>\n<meta property=\"og:description\" content=\"Nakupte nejlep\u0161\u00ed Magnet Fishing h\u00e1k \u27a4 Magnetar \u00ae. Obchod se v\u0161emi pot\u0159ebn\u00fdmi dopl\u0148ky pro magnet fishing. Odes\u00edl\u00e1me je\u0161t\u011b ten sam\u00fd den!\" \/>\n<meta property=\"og:url\" content=\"https:\/\/magnetarmagnets.com\/cs\/shop\/nejlepsi-hak-pro-magnet-fishing\/\" \/>\n<meta property=\"og:site_name\" content=\"Magnet fishing with a Magnetar fishing magnet\" \/>\n<meta property=\"article:publisher\" content=\"https:\/\/www.facebook.com\/fishingmagnets\/\" \/>\n<meta property=\"article:modified_time\" content=\"2026-04-06T04:18:20+00:00\" \/>\n<meta property=\"og:image\" content=\"https:\/\/magnetarmagnets.com\/wp-content\/uploads\/2015\/09\/wurfanker.jpg\" \/>\n\t<meta property=\"og:image:width\" content=\"1570\" \/>\n\t<meta property=\"og:image:height\" content=\"1570\" \/>\n\t<meta property=\"og:image:type\" content=\"image\/jpeg\" \/>\n<meta name=\"twitter:card\" content=\"summary_large_image\" \/>\n<meta name=\"twitter:label1\" content=\"Odhadovan\u00e1 doba \u010dten\u00ed\" \/>\n\t<meta name=\"twitter:data1\" content=\"6 minut\" \/>\n<script type=\"application\/ld+json\" class=\"yoast-schema-graph\">{\"@context\":\"https:\\\/\\\/schema.org\",\"@graph\":[{\"@type\":[\"WebPage\",\"ItemPage\"],\"@id\":\"https:\\\/\\\/magnetarmagnets.com\\\/cs\\\/shop\\\/nejlepsi-hak-pro-magnet-fishing\\\/\",\"url\":\"https:\\\/\\\/magnetarmagnets.com\\\/cs\\\/shop\\\/nejlepsi-hak-pro-magnet-fishing\\\/\",\"name\":\"Magnet Fishing h\u00e1k - Magnetar \u00ae [Koupit nyn\u00ed]\",\"isPartOf\":{\"@id\":\"https:\\\/\\\/magnetarmagnets.com\\\/cs\\\/#website\"},\"primaryImageOfPage\":{\"@id\":\"https:\\\/\\\/magnetarmagnets.com\\\/cs\\\/shop\\\/nejlepsi-hak-pro-magnet-fishing\\\/#primaryimage\"},\"image\":{\"@id\":\"https:\\\/\\\/magnetarmagnets.com\\\/cs\\\/shop\\\/nejlepsi-hak-pro-magnet-fishing\\\/#primaryimage\"},\"thumbnailUrl\":\"https:\\\/\\\/magnetarmagnets.com\\\/wp-content\\\/uploads\\\/2015\\\/09\\\/wurfanker.jpg\",\"datePublished\":\"2025-06-05T07:54:42+00:00\",\"dateModified\":\"2026-04-06T04:18:20+00:00\",\"description\":\"Nakupte nejlep\u0161\u00ed Magnet Fishing h\u00e1k \u27a4 Magnetar \u00ae. Obchod se v\u0161emi pot\u0159ebn\u00fdmi dopl\u0148ky pro magnet fishing. Odes\u00edl\u00e1me je\u0161t\u011b ten sam\u00fd den!\",\"breadcrumb\":{\"@id\":\"https:\\\/\\\/magnetarmagnets.com\\\/cs\\\/shop\\\/nejlepsi-hak-pro-magnet-fishing\\\/#breadcrumb\"},\"inLanguage\":\"cs\",\"potentialAction\":[{\"@type\":\"ReadAction\",\"target\":[\"https:\\\/\\\/magnetarmagnets.com\\\/cs\\\/shop\\\/nejlepsi-hak-pro-magnet-fishing\\\/\"]}]},{\"@type\":\"ImageObject\",\"inLanguage\":\"cs\",\"@id\":\"https:\\\/\\\/magnetarmagnets.com\\\/cs\\\/shop\\\/nejlepsi-hak-pro-magnet-fishing\\\/#primaryimage\",\"url\":\"https:\\\/\\\/magnetarmagnets.com\\\/wp-content\\\/uploads\\\/2015\\\/09\\\/wurfanker.jpg\",\"contentUrl\":\"https:\\\/\\\/magnetarmagnets.com\\\/wp-content\\\/uploads\\\/2015\\\/09\\\/wurfanker.jpg\",\"width\":1570,\"height\":1570,\"caption\":\"magnet-fishing-grappling-hook\"},{\"@type\":\"BreadcrumbList\",\"@id\":\"https:\\\/\\\/magnetarmagnets.com\\\/cs\\\/shop\\\/nejlepsi-hak-pro-magnet-fishing\\\/#breadcrumb\",\"itemListElement\":[{\"@type\":\"ListItem\",\"position\":1,\"name\":\"Home\",\"item\":\"https:\\\/\\\/magnetarmagnets.com\\\/cs\\\/\"},{\"@type\":\"ListItem\",\"position\":2,\"name\":\"Obchod\",\"item\":\"https:\\\/\\\/magnetarmagnets.com\\\/obchod\\\/\"},{\"@type\":\"ListItem\",\"position\":3,\"name\":\"Vybaven\u00ed\",\"item\":\"https:\\\/\\\/magnetarmagnets.com\\\/cs\\\/collections\\\/vybaveni\\\/\"},{\"@type\":\"ListItem\",\"position\":4,\"name\":\"Vybaven\u00ed pro magnet fishing\",\"item\":\"https:\\\/\\\/magnetarmagnets.com\\\/cs\\\/collections\\\/vybaveni\\\/vybaveni-pro-magnet-fishing\\\/\"},{\"@type\":\"ListItem\",\"position\":5,\"name\":\"Nejlep\u0161\u00ed h\u00e1k pro magnet fishing\"}]},{\"@type\":\"WebSite\",\"@id\":\"https:\\\/\\\/magnetarmagnets.com\\\/cs\\\/#website\",\"url\":\"https:\\\/\\\/magnetarmagnets.com\\\/cs\\\/\",\"name\":\"Magnet fishing with a Magnetar fishing magnet\",\"description\":\"Siln\u00e9 magnety na magnet fishing\",\"publisher\":{\"@id\":\"https:\\\/\\\/magnetarmagnets.com\\\/cs\\\/#organization\"},\"potentialAction\":[{\"@type\":\"SearchAction\",\"target\":{\"@type\":\"EntryPoint\",\"urlTemplate\":\"https:\\\/\\\/magnetarmagnets.com\\\/cs\\\/?s={search_term_string}\"},\"query-input\":{\"@type\":\"PropertyValueSpecification\",\"valueRequired\":true,\"valueName\":\"search_term_string\"}}],\"inLanguage\":\"cs\"},{\"@type\":\"Organization\",\"@id\":\"https:\\\/\\\/magnetarmagnets.com\\\/cs\\\/#organization\",\"name\":\"Magnetar\",\"url\":\"https:\\\/\\\/magnetarmagnets.com\\\/cs\\\/\",\"logo\":{\"@type\":\"ImageObject\",\"inLanguage\":\"cs\",\"@id\":\"https:\\\/\\\/magnetarmagnets.com\\\/cs\\\/#\\\/schema\\\/logo\\\/image\\\/\",\"url\":\"https:\\\/\\\/magnetarmagnets.com\\\/wp-content\\\/uploads\\\/2025\\\/05\\\/Logo-03_PNG-Black-scaled.png\",\"contentUrl\":\"https:\\\/\\\/magnetarmagnets.com\\\/wp-content\\\/uploads\\\/2025\\\/05\\\/Logo-03_PNG-Black-scaled.png\",\"width\":2560,\"height\":1658,\"caption\":\"Magnetar\"},\"image\":{\"@id\":\"https:\\\/\\\/magnetarmagnets.com\\\/cs\\\/#\\\/schema\\\/logo\\\/image\\\/\"},\"sameAs\":[\"https:\\\/\\\/www.facebook.com\\\/fishingmagnets\\\/\",\"https:\\\/\\\/www.instagram.com\\\/magnetar_magnets\\\/\",\"https:\\\/\\\/www.linkedin.com\\\/company\\\/magnetarbv\\\/?originalSubdomain=nl\",\"https:\\\/\\\/www.youtube.com\\\/c\\\/MagnetarVismagneet\"]}]}<\/script>\n<!-- \/ Yoast SEO plugin. -->","yoast_head_json":{"title":"Magnet Fishing h\u00e1k - Magnetar \u00ae [Koupit nyn\u00ed]","description":"Nakupte nejlep\u0161\u00ed Magnet Fishing h\u00e1k \u27a4 Magnetar \u00ae. Obchod se v\u0161emi pot\u0159ebn\u00fdmi dopl\u0148ky pro magnet fishing. Odes\u00edl\u00e1me je\u0161t\u011b ten sam\u00fd den!","robots":{"index":"index","follow":"follow","max-snippet":"max-snippet:-1","max-image-preview":"max-image-preview:large","max-video-preview":"max-video-preview:-1"},"canonical":"https:\/\/magnetarmagnets.com\/cs\/shop\/nejlepsi-hak-pro-magnet-fishing\/","og_locale":"cs_CZ","og_type":"article","og_title":"Magnet Fishing h\u00e1k - Magnetar \u00ae [Koupit nyn\u00ed]","og_description":"Nakupte nejlep\u0161\u00ed Magnet Fishing h\u00e1k \u27a4 Magnetar \u00ae. Obchod se v\u0161emi pot\u0159ebn\u00fdmi dopl\u0148ky pro magnet fishing. Odes\u00edl\u00e1me je\u0161t\u011b ten sam\u00fd den!","og_url":"https:\/\/magnetarmagnets.com\/cs\/shop\/nejlepsi-hak-pro-magnet-fishing\/","og_site_name":"Magnet fishing with a Magnetar fishing magnet","article_publisher":"https:\/\/www.facebook.com\/fishingmagnets\/","article_modified_time":"2026-04-06T04:18:20+00:00","og_image":[{"width":1570,"height":1570,"url":"https:\/\/magnetarmagnets.com\/wp-content\/uploads\/2015\/09\/wurfanker.jpg","type":"image\/jpeg"}],"twitter_card":"summary_large_image","twitter_misc":{"Odhadovan\u00e1 doba \u010dten\u00ed":"6 minut"},"schema":{"@context":"https:\/\/schema.org","@graph":[{"@type":["WebPage","ItemPage"],"@id":"https:\/\/magnetarmagnets.com\/cs\/shop\/nejlepsi-hak-pro-magnet-fishing\/","url":"https:\/\/magnetarmagnets.com\/cs\/shop\/nejlepsi-hak-pro-magnet-fishing\/","name":"Magnet Fishing h\u00e1k - Magnetar \u00ae [Koupit nyn\u00ed]","isPartOf":{"@id":"https:\/\/magnetarmagnets.com\/cs\/#website"},"primaryImageOfPage":{"@id":"https:\/\/magnetarmagnets.com\/cs\/shop\/nejlepsi-hak-pro-magnet-fishing\/#primaryimage"},"image":{"@id":"https:\/\/magnetarmagnets.com\/cs\/shop\/nejlepsi-hak-pro-magnet-fishing\/#primaryimage"},"thumbnailUrl":"https:\/\/magnetarmagnets.com\/wp-content\/uploads\/2015\/09\/wurfanker.jpg","datePublished":"2025-06-05T07:54:42+00:00","dateModified":"2026-04-06T04:18:20+00:00","description":"Nakupte nejlep\u0161\u00ed Magnet Fishing h\u00e1k \u27a4 Magnetar \u00ae. Obchod se v\u0161emi pot\u0159ebn\u00fdmi dopl\u0148ky pro magnet fishing. Odes\u00edl\u00e1me je\u0161t\u011b ten sam\u00fd den!","breadcrumb":{"@id":"https:\/\/magnetarmagnets.com\/cs\/shop\/nejlepsi-hak-pro-magnet-fishing\/#breadcrumb"},"inLanguage":"cs","potentialAction":[{"@type":"ReadAction","target":["https:\/\/magnetarmagnets.com\/cs\/shop\/nejlepsi-hak-pro-magnet-fishing\/"]}]},{"@type":"ImageObject","inLanguage":"cs","@id":"https:\/\/magnetarmagnets.com\/cs\/shop\/nejlepsi-hak-pro-magnet-fishing\/#primaryimage","url":"https:\/\/magnetarmagnets.com\/wp-content\/uploads\/2015\/09\/wurfanker.jpg","contentUrl":"https:\/\/magnetarmagnets.com\/wp-content\/uploads\/2015\/09\/wurfanker.jpg","width":1570,"height":1570,"caption":"magnet-fishing-grappling-hook"},{"@type":"BreadcrumbList","@id":"https:\/\/magnetarmagnets.com\/cs\/shop\/nejlepsi-hak-pro-magnet-fishing\/#breadcrumb","itemListElement":[{"@type":"ListItem","position":1,"name":"Home","item":"https:\/\/magnetarmagnets.com\/cs\/"},{"@type":"ListItem","position":2,"name":"Obchod","item":"https:\/\/magnetarmagnets.com\/obchod\/"},{"@type":"ListItem","position":3,"name":"Vybaven\u00ed","item":"https:\/\/magnetarmagnets.com\/cs\/collections\/vybaveni\/"},{"@type":"ListItem","position":4,"name":"Vybaven\u00ed pro magnet fishing","item":"https:\/\/magnetarmagnets.com\/cs\/collections\/vybaveni\/vybaveni-pro-magnet-fishing\/"},{"@type":"ListItem","position":5,"name":"Nejlep\u0161\u00ed h\u00e1k pro magnet fishing"}]},{"@type":"WebSite","@id":"https:\/\/magnetarmagnets.com\/cs\/#website","url":"https:\/\/magnetarmagnets.com\/cs\/","name":"Magnet fishing with a Magnetar fishing magnet","description":"Siln\u00e9 magnety na magnet fishing","publisher":{"@id":"https:\/\/magnetarmagnets.com\/cs\/#organization"},"potentialAction":[{"@type":"SearchAction","target":{"@type":"EntryPoint","urlTemplate":"https:\/\/magnetarmagnets.com\/cs\/?s={search_term_string}"},"query-input":{"@type":"PropertyValueSpecification","valueRequired":true,"valueName":"search_term_string"}}],"inLanguage":"cs"},{"@type":"Organization","@id":"https:\/\/magnetarmagnets.com\/cs\/#organization","name":"Magnetar","url":"https:\/\/magnetarmagnets.com\/cs\/","logo":{"@type":"ImageObject","inLanguage":"cs","@id":"https:\/\/magnetarmagnets.com\/cs\/#\/schema\/logo\/image\/","url":"https:\/\/magnetarmagnets.com\/wp-content\/uploads\/2025\/05\/Logo-03_PNG-Black-scaled.png","contentUrl":"https:\/\/magnetarmagnets.com\/wp-content\/uploads\/2025\/05\/Logo-03_PNG-Black-scaled.png","width":2560,"height":1658,"caption":"Magnetar"},"image":{"@id":"https:\/\/magnetarmagnets.com\/cs\/#\/schema\/logo\/image\/"},"sameAs":["https:\/\/www.facebook.com\/fishingmagnets\/","https:\/\/www.instagram.com\/magnetar_magnets\/","https:\/\/www.linkedin.com\/company\/magnetarbv\/?originalSubdomain=nl","https:\/\/www.youtube.com\/c\/MagnetarVismagneet"]}]}},"_links":{"self":[{"href":"https:\/\/magnetarmagnets.com\/cs\/wp-json\/wp\/v2\/product\/83216","targetHints":{"allow":["GET"]}}],"collection":[{"href":"https:\/\/magnetarmagnets.com\/cs\/wp-json\/wp\/v2\/product"}],"about":[{"href":"https:\/\/magnetarmagnets.com\/cs\/wp-json\/wp\/v2\/types\/product"}],"replies":[{"embeddable":true,"href":"https:\/\/magnetarmagnets.com\/cs\/wp-json\/wp\/v2\/comments?post=83216"}],"version-history":[{"count":1,"href":"https:\/\/magnetarmagnets.com\/cs\/wp-json\/wp\/v2\/product\/83216\/revisions"}],"predecessor-version":[{"id":94692,"href":"https:\/\/magnetarmagnets.com\/cs\/wp-json\/wp\/v2\/product\/83216\/revisions\/94692"}],"wp:featuredmedia":[{"embeddable":true,"href":"https:\/\/magnetarmagnets.com\/cs\/wp-json\/wp\/v2\/media\/75945"}],"wp:attachment":[{"href":"https:\/\/magnetarmagnets.com\/cs\/wp-json\/wp\/v2\/media?parent=83216"}],"wp:term":[{"taxonomy":"product_brand","embeddable":true,"href":"https:\/\/magnetarmagnets.com\/cs\/wp-json\/wp\/v2\/product_brand?post=83216"},{"taxonomy":"product_cat","embeddable":true,"href":"https:\/\/magnetarmagnets.com\/cs\/wp-json\/wp\/v2\/product_cat?post=83216"},{"taxonomy":"product_tag","embeddable":true,"href":"https:\/\/magnetarmagnets.com\/cs\/wp-json\/wp\/v2\/product_tag?post=83216"}],"curies":[{"name":"wp","href":"https:\/\/api.w.org\/{rel}","templated":true}]}}