{"id":83213,"date":"2025-07-28T10:06:39","date_gmt":"2025-07-28T08:06:39","guid":{"rendered":"https:\/\/magnetarmagnets.com\/?post_type=product&#038;p=83213"},"modified":"2025-11-03T15:07:34","modified_gmt":"2025-11-03T14:07:34","slug":"lovecky-magnet-odstranovac-ocelovych-broku","status":"publish","type":"product","link":"https:\/\/magnetarmagnets.com\/cs\/shop\/lovecky-magnet-odstranovac-ocelovych-broku\/","title":{"rendered":"Loveck\u00fd magnet \u2013 odstra\u0148ova\u010d ocelov\u00fdch brok\u016f"},"content":{"rendered":"Objevte dokonalou p\u0159\u00edpravu zv\u011b\u0159iny s na\u0161\u00edm loveck\u00fdm magnetem a odstra\u0148ova\u010dem ocelov\u00fdch brok\u016f. Odstra\u0148ov\u00e1n\u00ed ocelov\u00fdch brok\u016f z pokrm\u016f ze zv\u011b\u0159iny nebylo nikdy snaz\u0161\u00ed! U\u017e \u017e\u00e1dn\u00e1 nep\u0159\u00edjemn\u00e1 p\u0159ekvapen\u00ed mezi zuby p\u0159i vychutn\u00e1v\u00e1n\u00ed lahodn\u00e9ho zv\u011b\u0159inov\u00e9ho pokrmu. *Po\u010det milimetr\u016f ud\u00e1v\u00e1 detek\u010dn\u00ed dosah magnetu.\r\n\r\nOdstra\u0148ov\u00e1n\u00ed ocelov\u00fdch brok\u016f z pokrm\u016f ze zv\u011b\u0159iny nebylo nikdy snaz\u0161\u00ed! Zapome\u0148te na nep\u0159\u00edjemn\u00e1 p\u0159ekvapen\u00ed mezi zuby p\u0159i vychutn\u00e1v\u00e1n\u00ed lahodn\u00e9 zv\u011b\u0159iny. S na\u0161\u00ed \u0159adou inovativn\u00edch neodymov\u00fdch magnet\u016f a odstra\u0148ova\u010dem ocelov\u00fdch brok\u016f je tento probl\u00e9m minulost\u00ed. \u010cast\u00e9 setk\u00e1n\u00ed s ocelov\u00fdmi broky p\u0159i konzumaci zv\u011b\u0159iny m\u016f\u017ee b\u00fdt nejen nep\u0159\u00edjemn\u00e9, ale i nebezpe\u010dn\u00e9 pro va\u0161e zuby. Na\u0161e neodymov\u00e9 magnety snadno a rychle odstran\u00ed ocelov\u00e9 broky z va\u0161eho zv\u011b\u0159inov\u00e9ho pe\u010d\u00ednku. P\u0159edstavte si kr\u00e1l\u00edka, husu, holuba, ba\u017eanta a dal\u0161\u00ed.\r\n\r\nPro\u010d si vybrat na\u0161e neodymov\u00e9 magnety a odstra\u0148ova\u010d ocelov\u00fdch brok\u016f?\r\n\r\nR\u016fzn\u00e9 magnetick\u00e9 s\u00edly: N\u00e1\u0161 sortiment obsahuje t\u0159i typy loveck\u00fdch magnet\u016f s r\u016fznou magnetickou s\u00edlou. \u010c\u00edm vy\u0161\u0161\u00ed magnetick\u00e1 s\u00edla, t\u00edm d\u00e1le lze broky vyt\u00e1hnout ze zv\u011b\u0159iny. Vyberte si typ, kter\u00fd nejl\u00e9pe vyhovuje va\u0161im pot\u0159eb\u00e1m.\r\n\r\nSnadn\u00e9 pou\u017eit\u00ed: Sta\u010d\u00ed magnet p\u0159ikr\u00fdt f\u00f3li\u00ed a pomalu ho p\u0159ej\u00ed\u017ed\u011bt po zv\u011b\u0159in\u011b. Na\u0161e siln\u00e9 neodymov\u00e9 magnety bez n\u00e1mahy vyt\u00e1hnou zabudovan\u00e9 ocelov\u00e9 broky z masa.\r\n\r\nBezpe\u010d\u00ed pro va\u0161e zuby: U\u017e se nemus\u00edte ob\u00e1vat tvrd\u00fdch ocelov\u00fdch brok\u016f, kter\u00e9 mohou po\u0161kodit va\u0161e zuby. Vychutnejte si sv\u00e1 zv\u011b\u0159inov\u00e1 j\u00eddla bez nep\u0159\u00edjemn\u00fdch p\u0159ekvapen\u00ed.\r\n\r\n\u0160irok\u00e1 pou\u017eitelnost: A\u0165 u\u017e p\u0159ipravujete kachnu, husu, holuba, ba\u017eanta nebo jinou zv\u011b\u0159inu, na\u0161e neodymov\u00e9 magnety a odstra\u0148ova\u010d ocelov\u00fdch brok\u016f jsou v\u00e1m v\u017edy k dispozici.","protected":false},"excerpt":{"rendered":"<p><strong>Objevte dokonalou p\u0159\u00edpravu zv\u011b\u0159iny<\/strong> s na\u0161\u00edm siln\u00fdm loveck\u00fdm magnetem a odstra\u0148ova\u010dem ocelov\u00fdch brok\u016f. Odstra\u0148ov\u00e1n\u00ed ocelov\u00fdch brok\u016f z va\u0161ich pokrm\u016f ze zv\u011b\u0159iny nebylo nikdy tak <strong>jednoduch\u00e9<\/strong>! Vyberte si odstra\u0148ova\u010d ocelov\u00fdch brok\u016f, kter\u00fd v\u00e1m nejl\u00e9pe vyhovuje. \u010c\u00edm v\u011bt\u0161\u00ed magnet, t\u00edm d\u00e1le lze broky detekovat. *Po\u010det milimetr\u016f ud\u00e1v\u00e1 detek\u010dn\u00ed dosah magnetu.<\/p>\n","protected":false},"featured_media":79715,"comment_status":"open","ping_status":"closed","template":"","meta":{"_acf_changed":false,"inline_featured_image":false},"product_brand":[],"product_cat":[567,563],"product_tag":[549],"class_list":{"0":"post-83213","1":"product","2":"type-product","3":"status-publish","4":"has-post-thumbnail","6":"product_cat-magneticke-doplnky","7":"product_cat-vybaveni","8":"product_tag-doprava-zdarma","10":"first","11":"instock","12":"taxable","13":"shipping-taxable","14":"purchasable","15":"product-type-variable"},"acf":[],"yoast_head":"<!-- This site is optimized with the Yoast SEO plugin v27.3 - https:\/\/yoast.com\/product\/yoast-seo-wordpress\/ -->\n<title>Odstran\u011bn\u00ed ocelov\u00fdch brok\u016f je s loveck\u00fdm magnetem jednoduch\u00e9 a rychl\u00e9 (video)<\/title>\n<meta name=\"description\" content=\"Snadn\u00e9 odstra\u0148ov\u00e1n\u00ed ocelov\u00fdch brok\u016f s loveck\u00fdm magnetem\" \/>\n<meta name=\"robots\" content=\"index, follow, max-snippet:-1, max-image-preview:large, max-video-preview:-1\" \/>\n<link rel=\"canonical\" href=\"https:\/\/magnetarmagnets.com\/cs\/shop\/lovecky-magnet-odstranovac-ocelovych-broku\/\" \/>\n<meta property=\"og:locale\" content=\"cs_CZ\" \/>\n<meta property=\"og:type\" content=\"article\" \/>\n<meta property=\"og:title\" content=\"Odstran\u011bn\u00ed ocelov\u00fdch brok\u016f je s loveck\u00fdm magnetem jednoduch\u00e9 a rychl\u00e9 (video)\" \/>\n<meta property=\"og:description\" content=\"Snadn\u00e9 odstra\u0148ov\u00e1n\u00ed ocelov\u00fdch brok\u016f s loveck\u00fdm magnetem\" \/>\n<meta property=\"og:url\" content=\"https:\/\/magnetarmagnets.com\/cs\/shop\/lovecky-magnet-odstranovac-ocelovych-broku\/\" \/>\n<meta property=\"og:site_name\" content=\"Magnet fishing with a Magnetar fishing magnet\" \/>\n<meta property=\"article:publisher\" content=\"https:\/\/www.facebook.com\/fishingmagnets\/\" \/>\n<meta property=\"article:modified_time\" content=\"2025-11-03T14:07:34+00:00\" \/>\n<meta property=\"og:image\" content=\"https:\/\/magnetarmagnets.com\/wp-content\/uploads\/2023\/09\/JNF-Magnetar-Bedrijfsfotografie-01-09-2023-Foto-0142.jpg\" \/>\n\t<meta property=\"og:image:width\" content=\"1000\" \/>\n\t<meta property=\"og:image:height\" content=\"1000\" \/>\n\t<meta property=\"og:image:type\" content=\"image\/jpeg\" \/>\n<meta name=\"twitter:card\" content=\"summary_large_image\" \/>\n<meta name=\"twitter:label1\" content=\"Odhadovan\u00e1 doba \u010dten\u00ed\" \/>\n\t<meta name=\"twitter:data1\" content=\"2 minuty\" \/>\n<script type=\"application\/ld+json\" class=\"yoast-schema-graph\">{\"@context\":\"https:\\\/\\\/schema.org\",\"@graph\":[{\"@type\":[\"WebPage\",\"ItemPage\"],\"@id\":\"https:\\\/\\\/magnetarmagnets.com\\\/cs\\\/shop\\\/lovecky-magnet-odstranovac-ocelovych-broku\\\/\",\"url\":\"https:\\\/\\\/magnetarmagnets.com\\\/cs\\\/shop\\\/lovecky-magnet-odstranovac-ocelovych-broku\\\/\",\"name\":\"Odstran\u011bn\u00ed ocelov\u00fdch brok\u016f je s loveck\u00fdm magnetem jednoduch\u00e9 a rychl\u00e9 (video)\",\"isPartOf\":{\"@id\":\"https:\\\/\\\/magnetarmagnets.com\\\/cs\\\/#website\"},\"primaryImageOfPage\":{\"@id\":\"https:\\\/\\\/magnetarmagnets.com\\\/cs\\\/shop\\\/lovecky-magnet-odstranovac-ocelovych-broku\\\/#primaryimage\"},\"image\":{\"@id\":\"https:\\\/\\\/magnetarmagnets.com\\\/cs\\\/shop\\\/lovecky-magnet-odstranovac-ocelovych-broku\\\/#primaryimage\"},\"thumbnailUrl\":\"https:\\\/\\\/magnetarmagnets.com\\\/wp-content\\\/uploads\\\/2023\\\/09\\\/JNF-Magnetar-Bedrijfsfotografie-01-09-2023-Foto-0142.jpg\",\"datePublished\":\"2025-07-28T08:06:39+00:00\",\"dateModified\":\"2025-11-03T14:07:34+00:00\",\"description\":\"Snadn\u00e9 odstra\u0148ov\u00e1n\u00ed ocelov\u00fdch brok\u016f s loveck\u00fdm magnetem\",\"breadcrumb\":{\"@id\":\"https:\\\/\\\/magnetarmagnets.com\\\/cs\\\/shop\\\/lovecky-magnet-odstranovac-ocelovych-broku\\\/#breadcrumb\"},\"inLanguage\":\"cs\",\"potentialAction\":[{\"@type\":\"ReadAction\",\"target\":[\"https:\\\/\\\/magnetarmagnets.com\\\/cs\\\/shop\\\/lovecky-magnet-odstranovac-ocelovych-broku\\\/\"]}]},{\"@type\":\"ImageObject\",\"inLanguage\":\"cs\",\"@id\":\"https:\\\/\\\/magnetarmagnets.com\\\/cs\\\/shop\\\/lovecky-magnet-odstranovac-ocelovych-broku\\\/#primaryimage\",\"url\":\"https:\\\/\\\/magnetarmagnets.com\\\/wp-content\\\/uploads\\\/2023\\\/09\\\/JNF-Magnetar-Bedrijfsfotografie-01-09-2023-Foto-0142.jpg\",\"contentUrl\":\"https:\\\/\\\/magnetarmagnets.com\\\/wp-content\\\/uploads\\\/2023\\\/09\\\/JNF-Magnetar-Bedrijfsfotografie-01-09-2023-Foto-0142.jpg\",\"width\":1000,\"height\":1000},{\"@type\":\"BreadcrumbList\",\"@id\":\"https:\\\/\\\/magnetarmagnets.com\\\/cs\\\/shop\\\/lovecky-magnet-odstranovac-ocelovych-broku\\\/#breadcrumb\",\"itemListElement\":[{\"@type\":\"ListItem\",\"position\":1,\"name\":\"Home\",\"item\":\"https:\\\/\\\/magnetarmagnets.com\\\/cs\\\/\"},{\"@type\":\"ListItem\",\"position\":2,\"name\":\"Obchod\",\"item\":\"https:\\\/\\\/magnetarmagnets.com\\\/obchod\\\/\"},{\"@type\":\"ListItem\",\"position\":3,\"name\":\"Vybaven\u00ed\",\"item\":\"https:\\\/\\\/magnetarmagnets.com\\\/cs\\\/collections\\\/vybaveni\\\/\"},{\"@type\":\"ListItem\",\"position\":4,\"name\":\"Magnetick\u00e9 dopl\u0148ky\",\"item\":\"https:\\\/\\\/magnetarmagnets.com\\\/cs\\\/collections\\\/vybaveni\\\/magneticke-doplnky\\\/\"},{\"@type\":\"ListItem\",\"position\":5,\"name\":\"Loveck\u00fd magnet \u2013 odstra\u0148ova\u010d ocelov\u00fdch brok\u016f\"}]},{\"@type\":\"WebSite\",\"@id\":\"https:\\\/\\\/magnetarmagnets.com\\\/cs\\\/#website\",\"url\":\"https:\\\/\\\/magnetarmagnets.com\\\/cs\\\/\",\"name\":\"Magnet fishing with a Magnetar fishing magnet\",\"description\":\"Siln\u00e9 magnety na magnet fishing\",\"publisher\":{\"@id\":\"https:\\\/\\\/magnetarmagnets.com\\\/cs\\\/#organization\"},\"potentialAction\":[{\"@type\":\"SearchAction\",\"target\":{\"@type\":\"EntryPoint\",\"urlTemplate\":\"https:\\\/\\\/magnetarmagnets.com\\\/cs\\\/?s={search_term_string}\"},\"query-input\":{\"@type\":\"PropertyValueSpecification\",\"valueRequired\":true,\"valueName\":\"search_term_string\"}}],\"inLanguage\":\"cs\"},{\"@type\":\"Organization\",\"@id\":\"https:\\\/\\\/magnetarmagnets.com\\\/cs\\\/#organization\",\"name\":\"Magnetar\",\"url\":\"https:\\\/\\\/magnetarmagnets.com\\\/cs\\\/\",\"logo\":{\"@type\":\"ImageObject\",\"inLanguage\":\"cs\",\"@id\":\"https:\\\/\\\/magnetarmagnets.com\\\/cs\\\/#\\\/schema\\\/logo\\\/image\\\/\",\"url\":\"https:\\\/\\\/magnetarmagnets.com\\\/wp-content\\\/uploads\\\/2025\\\/05\\\/Logo-03_PNG-Black-scaled.png\",\"contentUrl\":\"https:\\\/\\\/magnetarmagnets.com\\\/wp-content\\\/uploads\\\/2025\\\/05\\\/Logo-03_PNG-Black-scaled.png\",\"width\":2560,\"height\":1658,\"caption\":\"Magnetar\"},\"image\":{\"@id\":\"https:\\\/\\\/magnetarmagnets.com\\\/cs\\\/#\\\/schema\\\/logo\\\/image\\\/\"},\"sameAs\":[\"https:\\\/\\\/www.facebook.com\\\/fishingmagnets\\\/\",\"https:\\\/\\\/www.instagram.com\\\/magnetar_magnets\\\/\",\"https:\\\/\\\/www.linkedin.com\\\/company\\\/magnetarbv\\\/?originalSubdomain=nl\",\"https:\\\/\\\/www.youtube.com\\\/c\\\/MagnetarVismagneet\"]}]}<\/script>\n<!-- \/ Yoast SEO plugin. -->","yoast_head_json":{"title":"Odstran\u011bn\u00ed ocelov\u00fdch brok\u016f je s loveck\u00fdm magnetem jednoduch\u00e9 a rychl\u00e9 (video)","description":"Snadn\u00e9 odstra\u0148ov\u00e1n\u00ed ocelov\u00fdch brok\u016f s loveck\u00fdm magnetem","robots":{"index":"index","follow":"follow","max-snippet":"max-snippet:-1","max-image-preview":"max-image-preview:large","max-video-preview":"max-video-preview:-1"},"canonical":"https:\/\/magnetarmagnets.com\/cs\/shop\/lovecky-magnet-odstranovac-ocelovych-broku\/","og_locale":"cs_CZ","og_type":"article","og_title":"Odstran\u011bn\u00ed ocelov\u00fdch brok\u016f je s loveck\u00fdm magnetem jednoduch\u00e9 a rychl\u00e9 (video)","og_description":"Snadn\u00e9 odstra\u0148ov\u00e1n\u00ed ocelov\u00fdch brok\u016f s loveck\u00fdm magnetem","og_url":"https:\/\/magnetarmagnets.com\/cs\/shop\/lovecky-magnet-odstranovac-ocelovych-broku\/","og_site_name":"Magnet fishing with a Magnetar fishing magnet","article_publisher":"https:\/\/www.facebook.com\/fishingmagnets\/","article_modified_time":"2025-11-03T14:07:34+00:00","og_image":[{"width":1000,"height":1000,"url":"https:\/\/magnetarmagnets.com\/wp-content\/uploads\/2023\/09\/JNF-Magnetar-Bedrijfsfotografie-01-09-2023-Foto-0142.jpg","type":"image\/jpeg"}],"twitter_card":"summary_large_image","twitter_misc":{"Odhadovan\u00e1 doba \u010dten\u00ed":"2 minuty"},"schema":{"@context":"https:\/\/schema.org","@graph":[{"@type":["WebPage","ItemPage"],"@id":"https:\/\/magnetarmagnets.com\/cs\/shop\/lovecky-magnet-odstranovac-ocelovych-broku\/","url":"https:\/\/magnetarmagnets.com\/cs\/shop\/lovecky-magnet-odstranovac-ocelovych-broku\/","name":"Odstran\u011bn\u00ed ocelov\u00fdch brok\u016f je s loveck\u00fdm magnetem jednoduch\u00e9 a rychl\u00e9 (video)","isPartOf":{"@id":"https:\/\/magnetarmagnets.com\/cs\/#website"},"primaryImageOfPage":{"@id":"https:\/\/magnetarmagnets.com\/cs\/shop\/lovecky-magnet-odstranovac-ocelovych-broku\/#primaryimage"},"image":{"@id":"https:\/\/magnetarmagnets.com\/cs\/shop\/lovecky-magnet-odstranovac-ocelovych-broku\/#primaryimage"},"thumbnailUrl":"https:\/\/magnetarmagnets.com\/wp-content\/uploads\/2023\/09\/JNF-Magnetar-Bedrijfsfotografie-01-09-2023-Foto-0142.jpg","datePublished":"2025-07-28T08:06:39+00:00","dateModified":"2025-11-03T14:07:34+00:00","description":"Snadn\u00e9 odstra\u0148ov\u00e1n\u00ed ocelov\u00fdch brok\u016f s loveck\u00fdm magnetem","breadcrumb":{"@id":"https:\/\/magnetarmagnets.com\/cs\/shop\/lovecky-magnet-odstranovac-ocelovych-broku\/#breadcrumb"},"inLanguage":"cs","potentialAction":[{"@type":"ReadAction","target":["https:\/\/magnetarmagnets.com\/cs\/shop\/lovecky-magnet-odstranovac-ocelovych-broku\/"]}]},{"@type":"ImageObject","inLanguage":"cs","@id":"https:\/\/magnetarmagnets.com\/cs\/shop\/lovecky-magnet-odstranovac-ocelovych-broku\/#primaryimage","url":"https:\/\/magnetarmagnets.com\/wp-content\/uploads\/2023\/09\/JNF-Magnetar-Bedrijfsfotografie-01-09-2023-Foto-0142.jpg","contentUrl":"https:\/\/magnetarmagnets.com\/wp-content\/uploads\/2023\/09\/JNF-Magnetar-Bedrijfsfotografie-01-09-2023-Foto-0142.jpg","width":1000,"height":1000},{"@type":"BreadcrumbList","@id":"https:\/\/magnetarmagnets.com\/cs\/shop\/lovecky-magnet-odstranovac-ocelovych-broku\/#breadcrumb","itemListElement":[{"@type":"ListItem","position":1,"name":"Home","item":"https:\/\/magnetarmagnets.com\/cs\/"},{"@type":"ListItem","position":2,"name":"Obchod","item":"https:\/\/magnetarmagnets.com\/obchod\/"},{"@type":"ListItem","position":3,"name":"Vybaven\u00ed","item":"https:\/\/magnetarmagnets.com\/cs\/collections\/vybaveni\/"},{"@type":"ListItem","position":4,"name":"Magnetick\u00e9 dopl\u0148ky","item":"https:\/\/magnetarmagnets.com\/cs\/collections\/vybaveni\/magneticke-doplnky\/"},{"@type":"ListItem","position":5,"name":"Loveck\u00fd magnet \u2013 odstra\u0148ova\u010d ocelov\u00fdch brok\u016f"}]},{"@type":"WebSite","@id":"https:\/\/magnetarmagnets.com\/cs\/#website","url":"https:\/\/magnetarmagnets.com\/cs\/","name":"Magnet fishing with a Magnetar fishing magnet","description":"Siln\u00e9 magnety na magnet fishing","publisher":{"@id":"https:\/\/magnetarmagnets.com\/cs\/#organization"},"potentialAction":[{"@type":"SearchAction","target":{"@type":"EntryPoint","urlTemplate":"https:\/\/magnetarmagnets.com\/cs\/?s={search_term_string}"},"query-input":{"@type":"PropertyValueSpecification","valueRequired":true,"valueName":"search_term_string"}}],"inLanguage":"cs"},{"@type":"Organization","@id":"https:\/\/magnetarmagnets.com\/cs\/#organization","name":"Magnetar","url":"https:\/\/magnetarmagnets.com\/cs\/","logo":{"@type":"ImageObject","inLanguage":"cs","@id":"https:\/\/magnetarmagnets.com\/cs\/#\/schema\/logo\/image\/","url":"https:\/\/magnetarmagnets.com\/wp-content\/uploads\/2025\/05\/Logo-03_PNG-Black-scaled.png","contentUrl":"https:\/\/magnetarmagnets.com\/wp-content\/uploads\/2025\/05\/Logo-03_PNG-Black-scaled.png","width":2560,"height":1658,"caption":"Magnetar"},"image":{"@id":"https:\/\/magnetarmagnets.com\/cs\/#\/schema\/logo\/image\/"},"sameAs":["https:\/\/www.facebook.com\/fishingmagnets\/","https:\/\/www.instagram.com\/magnetar_magnets\/","https:\/\/www.linkedin.com\/company\/magnetarbv\/?originalSubdomain=nl","https:\/\/www.youtube.com\/c\/MagnetarVismagneet"]}]}},"_links":{"self":[{"href":"https:\/\/magnetarmagnets.com\/cs\/wp-json\/wp\/v2\/product\/83213","targetHints":{"allow":["GET"]}}],"collection":[{"href":"https:\/\/magnetarmagnets.com\/cs\/wp-json\/wp\/v2\/product"}],"about":[{"href":"https:\/\/magnetarmagnets.com\/cs\/wp-json\/wp\/v2\/types\/product"}],"replies":[{"embeddable":true,"href":"https:\/\/magnetarmagnets.com\/cs\/wp-json\/wp\/v2\/comments?post=83213"}],"version-history":[{"count":0,"href":"https:\/\/magnetarmagnets.com\/cs\/wp-json\/wp\/v2\/product\/83213\/revisions"}],"wp:featuredmedia":[{"embeddable":true,"href":"https:\/\/magnetarmagnets.com\/cs\/wp-json\/wp\/v2\/media\/79715"}],"wp:attachment":[{"href":"https:\/\/magnetarmagnets.com\/cs\/wp-json\/wp\/v2\/media?parent=83213"}],"wp:term":[{"taxonomy":"product_brand","embeddable":true,"href":"https:\/\/magnetarmagnets.com\/cs\/wp-json\/wp\/v2\/product_brand?post=83213"},{"taxonomy":"product_cat","embeddable":true,"href":"https:\/\/magnetarmagnets.com\/cs\/wp-json\/wp\/v2\/product_cat?post=83213"},{"taxonomy":"product_tag","embeddable":true,"href":"https:\/\/magnetarmagnets.com\/cs\/wp-json\/wp\/v2\/product_tag?post=83213"}],"curies":[{"name":"wp","href":"https:\/\/api.w.org\/{rel}","templated":true}]}}