{"id":82824,"date":"2014-04-08T08:47:46","date_gmt":"2014-04-08T06:47:46","guid":{"rendered":"https:\/\/magnetarmagnets.com\/?page_id=82824"},"modified":"2025-07-14T16:56:38","modified_gmt":"2025-07-14T14:56:38","slug":"zasady-ochrany-osobnich-udaju","status":"publish","type":"page","link":"https:\/\/magnetarmagnets.com\/cs\/zasady-ochrany-osobnich-udaju\/","title":{"rendered":"Z\u00e1sady ochrany osobn\u00edch \u00fadaj\u016f"},"content":{"rendered":"\n<p><strong>Posledn\u00ed aktualizace: 19. listopadu 2021<\/strong><\/p>\n\n\n\n<p>Toto je prohl\u00e1\u0161en\u00ed o ochran\u011b osobn\u00edch \u00fadaj\u016f spole\u010dnosti Magnetar US, Inc., d\u00e1le jen \u201eMagnetar\u201c. Tento dokument vysv\u011btluje, jak bude Magnetar nakl\u00e1dat se zpracov\u00e1n\u00edm va\u0161ich osobn\u00edch \u00fadaj\u016f. P\u0159i zpracov\u00e1n\u00ed va\u0161ich osobn\u00edch \u00fadaj\u016f bude Magnetar postupovat s maxim\u00e1ln\u00ed mo\u017enou p\u00e9\u010d\u00ed.<\/p>\n\n\n\n<h2 class=\"wp-block-heading\"><strong>Z\u00edsk\u00e1v\u00e1n\u00ed osobn\u00edch \u00fadaj\u016f<\/strong><\/h2>\n\n\n\n<p>Pokud vyu\u017e\u00edv\u00e1te slu\u017eby spole\u010dnosti Magnetar, poskytujete j\u00ed n\u011bkter\u00e9 sv\u00e9 osobn\u00ed \u00fadaje sami, nebo jsou va\u0161e \u00fadaje z\u00edsk\u00e1v\u00e1ny v r\u00e1mci smlouvy. Osobn\u00edmi \u00fadaji se rozum\u00ed ve\u0161ker\u00e9 \u00fadaje t\u00fdkaj\u00edc\u00ed se identifikovan\u00e9 nebo identifikovateln\u00e9 fyzick\u00e9 osoby.<\/p>\n\n\n\n<h2 class=\"wp-block-heading\"><strong>Kategorie osobn\u00edch \u00fadaj\u016f<\/strong><\/h2>\n\n\n\n<p>Magnetar zpracov\u00e1v\u00e1 n\u00e1sleduj\u00edc\u00ed kategorie osobn\u00edch \u00fadaj\u016f:<\/p>\n\n\n\n<ul class=\"wp-block-list\">\n<li>Kontaktn\u00ed \u00fadaje v\u010detn\u011b adresy, telefonn\u00edho \u010d\u00edsla, e-mailov\u00e9 adresy a \u00fadaj\u016f o poloze.<\/li>\n\n\n\n<li>\u00dadaje o spole\u010dnosti, v\u010detn\u011b DI\u010c a \u010d\u00edsla obchodn\u00ed komory.<\/li>\n\n\n\n<li>Odli\u0161n\u00e1 dodac\u00ed adresa.<\/li>\n\n\n\n<li>\u00dadaje o \u00fa\u010dtu, v\u010detn\u011b u\u017eivatelsk\u00e9ho jm\u00e9na a hesla.<\/li>\n\n\n\n<li>Ostatn\u00ed \u00fadaje poskytnut\u00e9 v\u00e1mi.<\/li>\n<\/ul>\n\n\n\n<h2 class=\"wp-block-heading\"><strong>\u00da\u010del zpracov\u00e1n\u00ed<\/strong><\/h2>\n\n\n\n<p>Osobn\u00ed \u00fadaje zpracov\u00e1van\u00e9 spole\u010dnost\u00ed Magnetar slou\u017e\u00ed k t\u011bmto \u00fa\u010del\u016fm:<\/p>\n\n\n\n<ul class=\"wp-block-list\">\n<li>Kontaktov\u00e1n\u00ed kv\u016fli informov\u00e1n\u00ed o zakoupen\u00fdch slu\u017eb\u00e1ch a jejich prov\u00e1d\u011bn\u00ed.<\/li>\n\n\n\n<li>Umo\u017en\u011bn\u00ed poskytov\u00e1n\u00ed slu\u017eeb Magnetarem.<\/li>\n\n\n\n<li>Zlep\u0161ov\u00e1n\u00ed poskytovan\u00fdch slu\u017eeb.<\/li>\n\n\n\n<li>Realizace plateb.<\/li>\n\n\n\n<li>Spln\u011bn\u00ed z\u00e1konn\u00fdch povinnost\u00ed.<\/li>\n\n\n\n<li>Marketing a komunikace, v\u010detn\u011b zlep\u0161ov\u00e1n\u00ed webu anal\u00fdzou chov\u00e1n\u00ed n\u00e1v\u0161t\u011bvn\u00edk\u016f.<\/li>\n\n\n\n<li>Odes\u00edl\u00e1n\u00ed newsletter\u016f.<\/li>\n\n\n\n<li>Sd\u00edlen\u00ed \u00fadaj\u016f s t\u0159et\u00edmi stranami za \u00fa\u010delem poskytov\u00e1n\u00ed slu\u017eeb, pokud je to nezbytn\u00e9.<\/li>\n<\/ul>\n\n\n\n<h2 class=\"wp-block-heading\"><strong>Pr\u00e1vn\u00ed z\u00e1klad zpracov\u00e1n\u00ed<\/strong><\/h2>\n\n\n\n<p>Osobn\u00ed \u00fadaje mohou b\u00fdt zpracov\u00e1v\u00e1ny pouze na z\u00e1klad\u011b: (i) z\u00e1konn\u00e9 povinnosti, (ii) pln\u011bn\u00ed smlouvy, (iii) ud\u011blen\u00ed v\u00fdslovn\u00e9ho souhlasu a (iv) opr\u00e1vn\u011bn\u00e9ho z\u00e1jmu. Magnetar zpracov\u00e1v\u00e1 osobn\u00ed \u00fadaje pouze v rozsahu nezbytn\u00e9m pro poskytov\u00e1n\u00ed a zlep\u0161ov\u00e1n\u00ed sv\u00fdch slu\u017eeb. Pr\u00e1vn\u00edm z\u00e1kladem pro zpracov\u00e1n\u00ed je smlouva uzav\u0159en\u00e1 mezi v\u00e1mi a Magnetarem, p\u0159\u00edpadn\u011b v\u00e1\u0161 souhlas p\u0159i n\u00e1v\u0161t\u011bv\u011b webu <a class=\"\" href=\"https:\/\/magnetarmagnets.com\/cs\/\">https:\/\/magnetarmagnets.com\/<\/a>.<\/p>\n\n\n\n<h2 class=\"wp-block-heading\"><strong>Nezbytnost zpracov\u00e1n\u00ed<\/strong><\/h2>\n\n\n\n<p>Zpracov\u00e1n\u00ed osobn\u00edch \u00fadaj\u016f je nezbytn\u00e9 pro poskytov\u00e1n\u00ed slu\u017eeb. Bez zpracov\u00e1n\u00ed osobn\u00edch \u00fadaj\u016f nen\u00ed mo\u017en\u00e9 slu\u017eby pln\u011b poskytovat. Pokud je pro ur\u010dit\u00fd \u00fa\u010del vy\u017eadov\u00e1n v\u00fdslovn\u00fd souhlas, bude od v\u00e1s vy\u017e\u00e1d\u00e1n zvl\u00e1\u0161\u0165.<\/p>\n\n\n\n<h2 class=\"wp-block-heading\"><strong>Automatizovan\u00e9 rozhodov\u00e1n\u00ed<\/strong><\/h2>\n\n\n\n<p>K automatizovan\u00e9mu rozhodov\u00e1n\u00ed nedoch\u00e1z\u00ed.<\/p>\n\n\n\n<h2 class=\"wp-block-heading\"><strong>Doba uchov\u00e1v\u00e1n\u00ed \u00fadaj\u016f<\/strong><\/h2>\n\n\n\n<p>Osobn\u00ed \u00fadaje jsou uchov\u00e1v\u00e1ny v souladu s platn\u00fdmi z\u00e1kony. Pokud je vy\u017eadov\u00e1na del\u0161\u00ed doba uchov\u00e1n\u00ed, budou osobn\u00ed \u00fadaje uchov\u00e1v\u00e1ny podle t\u011bchto pr\u00e1vn\u00edch p\u0159edpis\u016f. V opa\u010dn\u00e9m p\u0159\u00edpad\u011b ne d\u00e9le, ne\u017e je nezbytn\u011b nutn\u00e9.<\/p>\n\n\n\n<h2 class=\"wp-block-heading\"><strong>Zpracov\u00e1n\u00ed t\u0159et\u00edmi stranami<\/strong><\/h2>\n\n\n\n<p>Magnetar sd\u00edl\u00ed osobn\u00ed \u00fadaje s t\u0159et\u00edmi stranami pouze, pokud je to nezbytn\u00e9 k pln\u011bn\u00ed smlouvy nebo z\u00e1konn\u00fdch povinnost\u00ed. Osobn\u00ed \u00fadaje nejsou prod\u00e1v\u00e1ny. S t\u011bmito t\u0159et\u00edmi stranami budou uzav\u0159eny zpracovatelsk\u00e9 smlouvy. Pat\u0159\u00ed sem nap\u0159\u00edklad:<\/p>\n\n\n\n<ul class=\"wp-block-list\">\n<li>Dopravci (kontaktn\u00ed \u00fadaje).<\/li>\n\n\n\n<li>Poskytovatel\u00e9 plateb (finan\u010dn\u00ed \u00fadaje).<\/li>\n\n\n\n<li>\u00da\u010detn\u00ed (kontaktn\u00ed a finan\u010dn\u00ed \u00fadaje).<\/li>\n\n\n\n<li>Dodavatel\u00e9 softwaru.<\/li>\n\n\n\n<li>Spr\u00e1vci webov\u00fdch str\u00e1nek.<\/li>\n\n\n\n<li>Dal\u0161\u00ed zapojen\u00e9 t\u0159et\u00ed strany.<\/li>\n<\/ul>\n\n\n\n<h2 class=\"wp-block-heading\"><strong>Zabezpe\u010den\u00ed osobn\u00edch \u00fadaj\u016f<\/strong><\/h2>\n\n\n\n<p>Magnetar chr\u00e1n\u00ed va\u0161e osobn\u00ed \u00fadaje pomoc\u00ed p\u0159im\u011b\u0159en\u00fdch technick\u00fdch a organiza\u010dn\u00edch opat\u0159en\u00ed vzhledem k rizik\u016fm, kter\u00e1 mohou ohrozit va\u0161e pr\u00e1va a svobody.<\/p>\n\n\n\n<h2 class=\"wp-block-heading\"><strong>Vylou\u010den\u00ed odpov\u011bdnosti<\/strong><\/h2>\n\n\n\n<p>Pou\u017e\u00edv\u00e1n\u00edm webu souhlas\u00edte s t\u00edmto vylou\u010den\u00edm odpov\u011bdnosti. Magnetar si vyhrazuje pr\u00e1vo kdykoliv m\u011bnit obsah sv\u00e9ho webu \u010di tohoto prohl\u00e1\u0161en\u00ed. P\u0159esto\u017ee je web sestavov\u00e1n s maxim\u00e1ln\u00ed p\u00e9\u010d\u00ed, mohou se vyskytnout chyby. Magnetar nenese odpov\u011bdnost za \u0161kody vznikl\u00e9 pou\u017e\u00edv\u00e1n\u00edm webu.<\/p>\n\n\n\n<h2 class=\"wp-block-heading\"><strong>Prohl\u00e1\u0161en\u00ed o cookies<\/strong><\/h2>\n\n\n\n<p>Magnetar pou\u017e\u00edv\u00e1 technick\u00e9 a funk\u010dn\u00ed cookies pro optimalizaci sv\u00e9ho webu. N\u011bkter\u00e9 cookies vy\u017eaduj\u00ed v\u00e1\u0161 souhlas. Doporu\u010dujeme jejich p\u0159ijet\u00ed pro lep\u0161\u00ed pou\u017eitelnost webu. D\u00e1le jsou pou\u017e\u00edv\u00e1ny analytick\u00e9 a marketingov\u00e9 cookies, nap\u0159. Google Analytics.<\/p>\n\n\n\n<h2 class=\"wp-block-heading\"><strong>Pou\u017e\u00edv\u00e1n\u00ed soci\u00e1ln\u00edch m\u00e9di\u00ed<\/strong><\/h2>\n\n\n\n<p>Na webu jsou vyu\u017e\u00edv\u00e1ny cookies t\u0159et\u00edch stran jako je Facebook, Instagram nebo YouTube. O sb\u011bru a zpracov\u00e1n\u00ed \u00fadaj\u016f t\u011bmito subjekty se dozv\u00edte v\u00edce v jejich z\u00e1sad\u00e1ch ochrany osobn\u00edch \u00fadaj\u016f.<\/p>\n\n\n\n<h2 class=\"wp-block-heading\"><strong>Newsletter a marketingov\u00e9 e-maily<\/strong><\/h2>\n\n\n\n<p>P\u0159ihl\u00e1\u0161en\u00edm k odb\u011bru newsletteru souhlas\u00edte se zpracov\u00e1n\u00edm va\u0161\u00ed e-mailov\u00e9 adresy pro zas\u00edl\u00e1n\u00ed marketingov\u00fdch zpr\u00e1v. Souhlas m\u016f\u017eete kdykoliv odvolat kliknut\u00edm na \u201eOdhl\u00e1sit odb\u011br\u201c.<\/p>\n\n\n\n<h2 class=\"wp-block-heading\"><strong>Nastaven\u00ed prohl\u00ed\u017ee\u010de<\/strong><\/h2>\n\n\n\n<p>V nastaven\u00ed prohl\u00ed\u017ee\u010de m\u016f\u017eete spravovat cookies dle va\u0161ich preferenc\u00ed.<\/p>\n\n\n\n<h2 class=\"wp-block-heading\"><strong>Pr\u00e1va subjektu \u00fadaj\u016f<\/strong><\/h2>\n\n\n\n<p>M\u00e1te n\u00e1sleduj\u00edc\u00ed pr\u00e1va:<\/p>\n\n\n\n<ul class=\"wp-block-list\">\n<li>Pr\u00e1vo na p\u0159\u00edstup.<\/li>\n\n\n\n<li>Pr\u00e1vo na opravu.<\/li>\n\n\n\n<li>Pr\u00e1vo na v\u00fdmaz (pr\u00e1vo b\u00fdt zapomenut).<\/li>\n\n\n\n<li>Pr\u00e1vo na omezen\u00ed zpracov\u00e1n\u00ed.<\/li>\n\n\n\n<li>Pr\u00e1vo na p\u0159enositelnost \u00fadaj\u016f.<\/li>\n\n\n\n<li>Pr\u00e1vo vzn\u00e9st n\u00e1mitku.<\/li>\n<\/ul>\n\n\n\n<p>Pro uplatn\u011bn\u00ed pr\u00e1v kontaktujte <a>info@magnetarmagnets.com<\/a>.<\/p>\n\n\n\n<h2 class=\"wp-block-heading\"><strong>St\u00ed\u017enosti<\/strong><\/h2>\n\n\n\n<p>M\u00e1te-li st\u00ed\u017enost, kontaktujte n\u00e1s. Tak\u00e9 se m\u016f\u017eete obr\u00e1tit na p\u0159\u00edslu\u0161n\u00fd dozorov\u00fd org\u00e1n na adrese <a class=\"\" href=\"https:\/\/autoriteitpersoonsgegevens.nl\/nl\/contact-met-de-autoriteit-persoonsgegevens\/tip-ons\">https:\/\/autoriteitpersoonsgegevens.nl\/nl\/contact-met-de-autoriteit-persoonsgegevens\/tip-ons<\/a>.<\/p>\n\n\n\n<h2 class=\"wp-block-heading\"><strong>Zm\u011bny z\u00e1sad ochrany osobn\u00edch \u00fadaj\u016f<\/strong><\/h2>\n\n\n\n<p>Magnetar si vyhrazuje pr\u00e1vo kdykoliv zm\u011bnit toto prohl\u00e1\u0161en\u00ed. Sledujte proto n\u00e1\u0161 web.<\/p>\n\n\n\n<p><\/p>\n","protected":false},"excerpt":{"rendered":"<p>Posledn\u00ed aktualizace: 19. listopadu 2021 Toto je prohl\u00e1\u0161en\u00ed o ochran\u011b osobn\u00edch \u00fadaj\u016f spole\u010dnosti Magnetar US, Inc., d\u00e1le jen \u201eMagnetar\u201c. Tento dokument vysv\u011btluje, jak bude Magnetar nakl\u00e1dat se zpracov\u00e1n\u00edm va\u0161ich osobn\u00edch \u00fadaj\u016f. P\u0159i zpracov\u00e1n\u00ed va\u0161ich osobn\u00edch \u00fadaj\u016f bude Magnetar postupovat s maxim\u00e1ln\u00ed mo\u017enou p\u00e9\u010d\u00ed. Z\u00edsk\u00e1v\u00e1n\u00ed osobn\u00edch \u00fadaj\u016f Pokud vyu\u017e\u00edv\u00e1te slu\u017eby spole\u010dnosti Magnetar, poskytujete j\u00ed n\u011bkter\u00e9 sv\u00e9 [&hellip;]<\/p>\n","protected":false},"author":1,"featured_media":0,"parent":0,"menu_order":0,"comment_status":"open","ping_status":"open","template":"","meta":{"_acf_changed":false,"inline_featured_image":false,"footnotes":""},"class_list":["post-82824","page","type-page","status-publish","hentry"],"acf":[],"yoast_head":"<!-- This site is optimized with the Yoast SEO plugin v27.4 - https:\/\/yoast.com\/product\/yoast-seo-wordpress\/ -->\n<title>Z\u00e1sady ochrany osobn\u00edch \u00fadaj\u016f - Magnet fishing with a Magnetar fishing magnet<\/title>\n<meta name=\"robots\" content=\"noindex, nofollow\" \/>\n<meta property=\"og:locale\" content=\"cs_CZ\" \/>\n<meta property=\"og:type\" content=\"article\" \/>\n<meta property=\"og:title\" content=\"Z\u00e1sady ochrany osobn\u00edch \u00fadaj\u016f - Magnet fishing with a Magnetar fishing magnet\" \/>\n<meta property=\"og:description\" content=\"Posledn\u00ed aktualizace: 19. listopadu 2021 Toto je prohl\u00e1\u0161en\u00ed o ochran\u011b osobn\u00edch \u00fadaj\u016f spole\u010dnosti Magnetar US, Inc., d\u00e1le jen \u201eMagnetar\u201c. Tento dokument vysv\u011btluje, jak bude Magnetar nakl\u00e1dat se zpracov\u00e1n\u00edm va\u0161ich osobn\u00edch \u00fadaj\u016f. P\u0159i zpracov\u00e1n\u00ed va\u0161ich osobn\u00edch \u00fadaj\u016f bude Magnetar postupovat s maxim\u00e1ln\u00ed mo\u017enou p\u00e9\u010d\u00ed. Z\u00edsk\u00e1v\u00e1n\u00ed osobn\u00edch \u00fadaj\u016f Pokud vyu\u017e\u00edv\u00e1te slu\u017eby spole\u010dnosti Magnetar, poskytujete j\u00ed n\u011bkter\u00e9 sv\u00e9 [&hellip;]\" \/>\n<meta property=\"og:url\" content=\"https:\/\/magnetarmagnets.com\/cs\/zasady-ochrany-osobnich-udaju\/\" \/>\n<meta property=\"og:site_name\" content=\"Magnet fishing with a Magnetar fishing magnet\" \/>\n<meta property=\"article:publisher\" content=\"https:\/\/www.facebook.com\/fishingmagnets\/\" \/>\n<meta property=\"article:modified_time\" content=\"2025-07-14T14:56:38+00:00\" \/>\n<meta property=\"og:image\" content=\"https:\/\/magnetarmagnets.com\/wp-content\/uploads\/2025\/05\/Logo-03_PNG-Black-scaled.png\" \/>\n\t<meta property=\"og:image:width\" content=\"2560\" \/>\n\t<meta property=\"og:image:height\" content=\"1658\" \/>\n\t<meta property=\"og:image:type\" content=\"image\/png\" \/>\n<meta name=\"twitter:card\" content=\"summary_large_image\" \/>\n<meta name=\"twitter:label1\" content=\"Odhadovan\u00e1 doba \u010dten\u00ed\" \/>\n\t<meta name=\"twitter:data1\" content=\"3 minuty\" \/>\n<script type=\"application\/ld+json\" class=\"yoast-schema-graph\">{\"@context\":\"https:\\\/\\\/schema.org\",\"@graph\":[{\"@type\":\"WebPage\",\"@id\":\"https:\\\/\\\/magnetarmagnets.com\\\/cs\\\/zasady-ochrany-osobnich-udaju\\\/\",\"url\":\"https:\\\/\\\/magnetarmagnets.com\\\/cs\\\/zasady-ochrany-osobnich-udaju\\\/\",\"name\":\"Z\u00e1sady ochrany osobn\u00edch \u00fadaj\u016f - Magnet fishing with a Magnetar fishing magnet\",\"isPartOf\":{\"@id\":\"https:\\\/\\\/magnetarmagnets.com\\\/cs\\\/#website\"},\"datePublished\":\"2014-04-08T06:47:46+00:00\",\"dateModified\":\"2025-07-14T14:56:38+00:00\",\"breadcrumb\":{\"@id\":\"https:\\\/\\\/magnetarmagnets.com\\\/cs\\\/zasady-ochrany-osobnich-udaju\\\/#breadcrumb\"},\"inLanguage\":\"cs\",\"potentialAction\":[{\"@type\":\"ReadAction\",\"target\":[\"https:\\\/\\\/magnetarmagnets.com\\\/cs\\\/zasady-ochrany-osobnich-udaju\\\/\"]}]},{\"@type\":\"BreadcrumbList\",\"@id\":\"https:\\\/\\\/magnetarmagnets.com\\\/cs\\\/zasady-ochrany-osobnich-udaju\\\/#breadcrumb\",\"itemListElement\":[{\"@type\":\"ListItem\",\"position\":1,\"name\":\"Home\",\"item\":\"https:\\\/\\\/magnetarmagnets.com\\\/cs\\\/\"},{\"@type\":\"ListItem\",\"position\":2,\"name\":\"Z\u00e1sady ochrany osobn\u00edch \u00fadaj\u016f\"}]},{\"@type\":\"WebSite\",\"@id\":\"https:\\\/\\\/magnetarmagnets.com\\\/cs\\\/#website\",\"url\":\"https:\\\/\\\/magnetarmagnets.com\\\/cs\\\/\",\"name\":\"Magnet fishing with a Magnetar fishing magnet\",\"description\":\"Siln\u00e9 magnety na magnet fishing\",\"publisher\":{\"@id\":\"https:\\\/\\\/magnetarmagnets.com\\\/cs\\\/#organization\"},\"potentialAction\":[{\"@type\":\"SearchAction\",\"target\":{\"@type\":\"EntryPoint\",\"urlTemplate\":\"https:\\\/\\\/magnetarmagnets.com\\\/cs\\\/?s={search_term_string}\"},\"query-input\":{\"@type\":\"PropertyValueSpecification\",\"valueRequired\":true,\"valueName\":\"search_term_string\"}}],\"inLanguage\":\"cs\"},{\"@type\":\"Organization\",\"@id\":\"https:\\\/\\\/magnetarmagnets.com\\\/cs\\\/#organization\",\"name\":\"Magnetar\",\"url\":\"https:\\\/\\\/magnetarmagnets.com\\\/cs\\\/\",\"logo\":{\"@type\":\"ImageObject\",\"inLanguage\":\"cs\",\"@id\":\"https:\\\/\\\/magnetarmagnets.com\\\/cs\\\/#\\\/schema\\\/logo\\\/image\\\/\",\"url\":\"https:\\\/\\\/magnetarmagnets.com\\\/wp-content\\\/uploads\\\/2025\\\/05\\\/Logo-03_PNG-Black-scaled.png\",\"contentUrl\":\"https:\\\/\\\/magnetarmagnets.com\\\/wp-content\\\/uploads\\\/2025\\\/05\\\/Logo-03_PNG-Black-scaled.png\",\"width\":2560,\"height\":1658,\"caption\":\"Magnetar\"},\"image\":{\"@id\":\"https:\\\/\\\/magnetarmagnets.com\\\/cs\\\/#\\\/schema\\\/logo\\\/image\\\/\"},\"sameAs\":[\"https:\\\/\\\/www.facebook.com\\\/fishingmagnets\\\/\",\"https:\\\/\\\/www.instagram.com\\\/magnetar_magnets\\\/\",\"https:\\\/\\\/www.linkedin.com\\\/company\\\/magnetarbv\\\/?originalSubdomain=nl\",\"https:\\\/\\\/www.youtube.com\\\/c\\\/MagnetarVismagneet\"]}]}<\/script>\n<!-- \/ Yoast SEO plugin. -->","yoast_head_json":{"title":"Z\u00e1sady ochrany osobn\u00edch \u00fadaj\u016f - Magnet fishing with a Magnetar fishing magnet","robots":{"index":"noindex","follow":"nofollow"},"og_locale":"cs_CZ","og_type":"article","og_title":"Z\u00e1sady ochrany osobn\u00edch \u00fadaj\u016f - Magnet fishing with a Magnetar fishing magnet","og_description":"Posledn\u00ed aktualizace: 19. listopadu 2021 Toto je prohl\u00e1\u0161en\u00ed o ochran\u011b osobn\u00edch \u00fadaj\u016f spole\u010dnosti Magnetar US, Inc., d\u00e1le jen \u201eMagnetar\u201c. Tento dokument vysv\u011btluje, jak bude Magnetar nakl\u00e1dat se zpracov\u00e1n\u00edm va\u0161ich osobn\u00edch \u00fadaj\u016f. P\u0159i zpracov\u00e1n\u00ed va\u0161ich osobn\u00edch \u00fadaj\u016f bude Magnetar postupovat s maxim\u00e1ln\u00ed mo\u017enou p\u00e9\u010d\u00ed. Z\u00edsk\u00e1v\u00e1n\u00ed osobn\u00edch \u00fadaj\u016f Pokud vyu\u017e\u00edv\u00e1te slu\u017eby spole\u010dnosti Magnetar, poskytujete j\u00ed n\u011bkter\u00e9 sv\u00e9 [&hellip;]","og_url":"https:\/\/magnetarmagnets.com\/cs\/zasady-ochrany-osobnich-udaju\/","og_site_name":"Magnet fishing with a Magnetar fishing magnet","article_publisher":"https:\/\/www.facebook.com\/fishingmagnets\/","article_modified_time":"2025-07-14T14:56:38+00:00","og_image":[{"width":2560,"height":1658,"url":"https:\/\/magnetarmagnets.com\/wp-content\/uploads\/2025\/05\/Logo-03_PNG-Black-scaled.png","type":"image\/png"}],"twitter_card":"summary_large_image","twitter_misc":{"Odhadovan\u00e1 doba \u010dten\u00ed":"3 minuty"},"schema":{"@context":"https:\/\/schema.org","@graph":[{"@type":"WebPage","@id":"https:\/\/magnetarmagnets.com\/cs\/zasady-ochrany-osobnich-udaju\/","url":"https:\/\/magnetarmagnets.com\/cs\/zasady-ochrany-osobnich-udaju\/","name":"Z\u00e1sady ochrany osobn\u00edch \u00fadaj\u016f - Magnet fishing with a Magnetar fishing magnet","isPartOf":{"@id":"https:\/\/magnetarmagnets.com\/cs\/#website"},"datePublished":"2014-04-08T06:47:46+00:00","dateModified":"2025-07-14T14:56:38+00:00","breadcrumb":{"@id":"https:\/\/magnetarmagnets.com\/cs\/zasady-ochrany-osobnich-udaju\/#breadcrumb"},"inLanguage":"cs","potentialAction":[{"@type":"ReadAction","target":["https:\/\/magnetarmagnets.com\/cs\/zasady-ochrany-osobnich-udaju\/"]}]},{"@type":"BreadcrumbList","@id":"https:\/\/magnetarmagnets.com\/cs\/zasady-ochrany-osobnich-udaju\/#breadcrumb","itemListElement":[{"@type":"ListItem","position":1,"name":"Home","item":"https:\/\/magnetarmagnets.com\/cs\/"},{"@type":"ListItem","position":2,"name":"Z\u00e1sady ochrany osobn\u00edch \u00fadaj\u016f"}]},{"@type":"WebSite","@id":"https:\/\/magnetarmagnets.com\/cs\/#website","url":"https:\/\/magnetarmagnets.com\/cs\/","name":"Magnet fishing with a Magnetar fishing magnet","description":"Siln\u00e9 magnety na magnet fishing","publisher":{"@id":"https:\/\/magnetarmagnets.com\/cs\/#organization"},"potentialAction":[{"@type":"SearchAction","target":{"@type":"EntryPoint","urlTemplate":"https:\/\/magnetarmagnets.com\/cs\/?s={search_term_string}"},"query-input":{"@type":"PropertyValueSpecification","valueRequired":true,"valueName":"search_term_string"}}],"inLanguage":"cs"},{"@type":"Organization","@id":"https:\/\/magnetarmagnets.com\/cs\/#organization","name":"Magnetar","url":"https:\/\/magnetarmagnets.com\/cs\/","logo":{"@type":"ImageObject","inLanguage":"cs","@id":"https:\/\/magnetarmagnets.com\/cs\/#\/schema\/logo\/image\/","url":"https:\/\/magnetarmagnets.com\/wp-content\/uploads\/2025\/05\/Logo-03_PNG-Black-scaled.png","contentUrl":"https:\/\/magnetarmagnets.com\/wp-content\/uploads\/2025\/05\/Logo-03_PNG-Black-scaled.png","width":2560,"height":1658,"caption":"Magnetar"},"image":{"@id":"https:\/\/magnetarmagnets.com\/cs\/#\/schema\/logo\/image\/"},"sameAs":["https:\/\/www.facebook.com\/fishingmagnets\/","https:\/\/www.instagram.com\/magnetar_magnets\/","https:\/\/www.linkedin.com\/company\/magnetarbv\/?originalSubdomain=nl","https:\/\/www.youtube.com\/c\/MagnetarVismagneet"]}]}},"_links":{"self":[{"href":"https:\/\/magnetarmagnets.com\/cs\/wp-json\/wp\/v2\/pages\/82824","targetHints":{"allow":["GET"]}}],"collection":[{"href":"https:\/\/magnetarmagnets.com\/cs\/wp-json\/wp\/v2\/pages"}],"about":[{"href":"https:\/\/magnetarmagnets.com\/cs\/wp-json\/wp\/v2\/types\/page"}],"author":[{"embeddable":true,"href":"https:\/\/magnetarmagnets.com\/cs\/wp-json\/wp\/v2\/users\/1"}],"replies":[{"embeddable":true,"href":"https:\/\/magnetarmagnets.com\/cs\/wp-json\/wp\/v2\/comments?post=82824"}],"version-history":[{"count":0,"href":"https:\/\/magnetarmagnets.com\/cs\/wp-json\/wp\/v2\/pages\/82824\/revisions"}],"wp:attachment":[{"href":"https:\/\/magnetarmagnets.com\/cs\/wp-json\/wp\/v2\/media?parent=82824"}],"curies":[{"name":"wp","href":"https:\/\/api.w.org\/{rel}","templated":true}]}}