{"id":82102,"date":"2014-04-08T08:07:37","date_gmt":"2014-04-08T06:07:37","guid":{"rendered":"https:\/\/magnetarmagnets.com\/zasady-vraceni-zbozi\/"},"modified":"2025-07-08T16:38:16","modified_gmt":"2025-07-08T14:38:16","slug":"zasady-vraceni-zbozi","status":"publish","type":"page","link":"https:\/\/magnetarmagnets.com\/cs\/zasady-vraceni-zbozi\/","title":{"rendered":"Z\u00e1sady vr\u00e1cen\u00ed zbo\u017e\u00ed"},"content":{"rendered":"\n<p>Objednali jste si produkt, ale nesplnil va\u0161e o\u010dek\u00e1v\u00e1n\u00ed? Nab\u00edz\u00edme mo\u017enost vr\u00e1tit produkty do 30 dn\u016f od jejich doru\u010den\u00ed, a to bez ud\u00e1n\u00ed d\u016fvodu. Jedinou d\u016fle\u017eitou podm\u00ednkou je, \u017ee produkt nesm\u00ed b\u00fdt pou\u017eit\u00fd.  <\/p>\n\n<p>Spole\u010dnost Magnetar v\u00e1s \u017e\u00e1d\u00e1, abyste ke vracen\u00e9mu zbo\u017e\u00ed p\u0159ilo\u017eili (kopii) potvrzen\u00ed objedn\u00e1vky. Pokud jsou v\u0161echny podm\u00ednky spln\u011bny, bude v\u00e1m cel\u00e1 \u010d\u00e1stka vr\u00e1cena zp\u011bt na \u00fa\u010det do 10 pracovn\u00edch dn\u016f. <\/p>\n\n<p><strong>&#8211;<\/strong><\/p>\n\n<p>&#8211;<\/p>\n\n<p><strong>Vr\u00e1cen\u00ed z Evropy je mo\u017en\u00e9 zaslat na n\u00e1sleduj\u00edc\u00ed adresu:<\/strong><\/p>\n\n<p>Active Ants<br\/>Magnetar Retouren,<br\/>Borchwerf 5,<br\/>4704 RG Roosendaal,<br\/>The Netherlands<\/p>\n\n<h2 class=\"wp-block-heading\"><strong>Pr\u00e1vo na odstoupen\u00ed od smlouvy<\/strong><\/h2>\n\n<p>M\u00e1te pr\u00e1vo odstoupit od n\u00e1kupu do 30 dn\u016f bez uveden\u00ed d\u016fvodu. Lh\u016fta pro odstoupen\u00ed kon\u010d\u00ed 14 dn\u00ed po dni, kdy jste obdr\u017eeli produkty. <\/p>\n\n<p>Sv\u00e9 pr\u00e1vo na odstoupen\u00ed od smlouvy m\u016f\u017eete uplatnit t\u00edm, \u017ee informujete spole\u010dnost Magnetar o sv\u00e9m rozhodnut\u00ed odstoupit od n\u00e1kupu. To lze prov\u00e9st e-mailem nebo prost\u0159ednictv\u00edm kontaktn\u00edho formul\u00e1\u0159e na na\u0161ich webov\u00fdch str\u00e1nk\u00e1ch. Je mo\u017en\u00e9 vyu\u017e\u00edt i standardn\u00ed formul\u00e1\u0159.  <\/p>\n\n<h2 class=\"wp-block-heading\"><strong>D\u016fsledky odstoupen\u00ed<\/strong><\/h2>\n\n<p>Po odstoupen\u00ed od n\u00e1kupu v\u00e1m spole\u010dnost Magnetar vr\u00e1t\u00ed v\u0161echny proveden\u00e9 platby, v\u010detn\u011b n\u00e1klad\u016f na doru\u010den\u00ed. Dodate\u010dn\u00e9 n\u00e1klady vznikl\u00e9 rozhodnut\u00edm vyu\u017e\u00edt jin\u00fd zp\u016fsob doru\u010den\u00ed ne\u017e n\u00e1\u0161 nejlevn\u011bj\u0161\u00ed standardn\u00ed zp\u016fsob v\u0161ak nebudou proplaceny. <\/p>\n\n<p>Tato n\u00e1hrada bude provedena nejpozd\u011bji do 10 dn\u016f po odstoupen\u00ed od n\u00e1kupu. Vr\u00e1cen\u00ed pen\u011bz prob\u011bhne stejn\u00fdm zp\u016fsobem platby, jak\u00fd byl pou\u017eit p\u0159i p\u016fvodn\u00edm n\u00e1kupu. Za tuto n\u00e1hradu nebudou \u00fa\u010dtov\u00e1ny \u017e\u00e1dn\u00e9 poplatky. Spole\u010dnost Magnetar si vyhrazuje pr\u00e1vo zadr\u017eet vr\u00e1cen\u00ed pen\u011bz, dokud neobdr\u017e\u00ed vr\u00e1cen\u00e9 zbo\u017e\u00ed, nebo dokud neprok\u00e1\u017eete, \u017ee jste zbo\u017e\u00ed odeslali zp\u011bt.   <\/p>\n\n<p>Po odstoupen\u00ed je t\u0159eba produkty doru\u010dit zp\u011bt k n\u00e1m bez zbyte\u010dn\u00e9ho odkladu, nejpozd\u011bji v\u0161ak do 30 dn\u016f od n\u00e1kupu. Podm\u00ednka je spln\u011bna, pokud zbo\u017e\u00ed ode\u0161lete do 30 dn\u016f. <\/p>\n\n<p>N\u00e1klady na vr\u00e1cen\u00ed zbo\u017e\u00ed hrad\u00edte sami. Jak\u00e1koli p\u0159\u00edpadn\u00e1 ztr\u00e1ta hodnoty zbo\u017e\u00ed v\u00e1m m\u016f\u017ee b\u00fdt \u00fa\u010dtov\u00e1na, pokud je tato ztr\u00e1ta zp\u016fsobena nakl\u00e1d\u00e1n\u00edm se zbo\u017e\u00edm nad r\u00e1mec nezbytn\u00fd pro zji\u0161t\u011bn\u00ed jeho vlastnost\u00ed a funk\u010dnosti. <a id=\"_msocom_1\"><\/a><\/p>\n\n<h2 class=\"wp-block-heading\"><strong>Specifick\u00e9 podm\u00ednky<\/strong><\/h2>\n\n<p>V p\u0159\u00edpad\u011b, \u017ee byl n\u00e1kup financov\u00e1n \u00fav\u011brem a tento \u00fav\u011br n\u00e1sledn\u011b zru\u0161\u00edte, nejste ji\u017e v\u00e1z\u00e1ni k uzav\u0159en\u00e9 smlouv\u011b. To plat\u00ed, pokud v\u00e1m \u00fav\u011br poskytl Magnetar nebo pokud \u00fav\u011brov\u00fd poskytovatel spolupracuje s Magnetarem za \u00fa\u010delem financov\u00e1n\u00ed n\u00e1kupu. <\/p>\n\n<p>Pokud do\u0161lo ke z\u00fa\u010dtov\u00e1n\u00ed n\u00e1kupu p\u0159ed odstoupen\u00edm od smlouvy, automaticky doch\u00e1z\u00ed k odstoupen\u00ed od smlouvy i z na\u0161\u00ed strany.<\/p>\n\n<p>M\u00e1te-li jak\u00e9koli dal\u0161\u00ed dotazy ohledn\u011b vr\u00e1cen\u00ed produkt\u016f, kontaktujte n\u00e1s prost\u0159ednictv\u00edm na\u0161eho <strong><a href=\"https:\/\/magnetarmagnets.com\/contact\/\" target=\"_blank\" rel=\"noreferrer noopener nofollow\">kontaktn\u00edho formul\u00e1\u0159e<\/a><\/strong>.<\/p>\n\n<hr class=\"wp-block-separator has-alpha-channel-opacity\"\/>\n","protected":false},"excerpt":{"rendered":"<p>Objednali jste si produkt, ale nesplnil va\u0161e o\u010dek\u00e1v\u00e1n\u00ed? Nab\u00edz\u00edme mo\u017enost vr\u00e1tit produkty do 30 dn\u016f od jejich doru\u010den\u00ed, a to bez ud\u00e1n\u00ed d\u016fvodu. Jedinou d\u016fle\u017eitou podm\u00ednkou je, \u017ee produkt nesm\u00ed b\u00fdt pou\u017eit\u00fd. Spole\u010dnost Magnetar v\u00e1s \u017e\u00e1d\u00e1, abyste ke vracen\u00e9mu zbo\u017e\u00ed p\u0159ilo\u017eili (kopii) potvrzen\u00ed objedn\u00e1vky. Pokud jsou v\u0161echny podm\u00ednky spln\u011bny, bude v\u00e1m cel\u00e1 \u010d\u00e1stka vr\u00e1cena zp\u011bt [&hellip;]<\/p>\n","protected":false},"author":1,"featured_media":0,"parent":0,"menu_order":0,"comment_status":"open","ping_status":"open","template":"","meta":{"_acf_changed":false,"inline_featured_image":false,"footnotes":""},"class_list":["post-82102","page","type-page","status-publish","hentry"],"acf":[],"yoast_head":"<!-- This site is optimized with the Yoast SEO plugin v27.4 - https:\/\/yoast.com\/product\/yoast-seo-wordpress\/ -->\n<title>Z\u00e1sady vr\u00e1cen\u00ed zbo\u017e\u00ed - Magnet fishing with a Magnetar fishing magnet<\/title>\n<meta name=\"robots\" content=\"noindex, nofollow\" \/>\n<meta property=\"og:locale\" content=\"cs_CZ\" \/>\n<meta property=\"og:type\" content=\"article\" \/>\n<meta property=\"og:title\" content=\"Z\u00e1sady vr\u00e1cen\u00ed zbo\u017e\u00ed - Magnet fishing with a Magnetar fishing magnet\" \/>\n<meta property=\"og:description\" content=\"Objednali jste si produkt, ale nesplnil va\u0161e o\u010dek\u00e1v\u00e1n\u00ed? Nab\u00edz\u00edme mo\u017enost vr\u00e1tit produkty do 30 dn\u016f od jejich doru\u010den\u00ed, a to bez ud\u00e1n\u00ed d\u016fvodu. Jedinou d\u016fle\u017eitou podm\u00ednkou je, \u017ee produkt nesm\u00ed b\u00fdt pou\u017eit\u00fd. Spole\u010dnost Magnetar v\u00e1s \u017e\u00e1d\u00e1, abyste ke vracen\u00e9mu zbo\u017e\u00ed p\u0159ilo\u017eili (kopii) potvrzen\u00ed objedn\u00e1vky. Pokud jsou v\u0161echny podm\u00ednky spln\u011bny, bude v\u00e1m cel\u00e1 \u010d\u00e1stka vr\u00e1cena zp\u011bt [&hellip;]\" \/>\n<meta property=\"og:url\" content=\"https:\/\/magnetarmagnets.com\/cs\/zasady-vraceni-zbozi\/\" \/>\n<meta property=\"og:site_name\" content=\"Magnet fishing with a Magnetar fishing magnet\" \/>\n<meta property=\"article:publisher\" content=\"https:\/\/www.facebook.com\/fishingmagnets\/\" \/>\n<meta property=\"article:modified_time\" content=\"2025-07-08T14:38:16+00:00\" \/>\n<meta property=\"og:image\" content=\"https:\/\/magnetarmagnets.com\/wp-content\/uploads\/2025\/05\/Logo-03_PNG-Black-scaled.png\" \/>\n\t<meta property=\"og:image:width\" content=\"2560\" \/>\n\t<meta property=\"og:image:height\" content=\"1658\" \/>\n\t<meta property=\"og:image:type\" content=\"image\/png\" \/>\n<meta name=\"twitter:card\" content=\"summary_large_image\" \/>\n<meta name=\"twitter:label1\" content=\"Odhadovan\u00e1 doba \u010dten\u00ed\" \/>\n\t<meta name=\"twitter:data1\" content=\"3 minuty\" \/>\n<script type=\"application\/ld+json\" class=\"yoast-schema-graph\">{\"@context\":\"https:\\\/\\\/schema.org\",\"@graph\":[{\"@type\":\"WebPage\",\"@id\":\"https:\\\/\\\/magnetarmagnets.com\\\/cs\\\/zasady-vraceni-zbozi\\\/\",\"url\":\"https:\\\/\\\/magnetarmagnets.com\\\/cs\\\/zasady-vraceni-zbozi\\\/\",\"name\":\"Z\u00e1sady vr\u00e1cen\u00ed zbo\u017e\u00ed - Magnet fishing with a Magnetar fishing magnet\",\"isPartOf\":{\"@id\":\"https:\\\/\\\/magnetarmagnets.com\\\/cs\\\/#website\"},\"datePublished\":\"2014-04-08T06:07:37+00:00\",\"dateModified\":\"2025-07-08T14:38:16+00:00\",\"breadcrumb\":{\"@id\":\"https:\\\/\\\/magnetarmagnets.com\\\/cs\\\/zasady-vraceni-zbozi\\\/#breadcrumb\"},\"inLanguage\":\"cs\",\"potentialAction\":[{\"@type\":\"ReadAction\",\"target\":[\"https:\\\/\\\/magnetarmagnets.com\\\/cs\\\/zasady-vraceni-zbozi\\\/\"]}]},{\"@type\":\"BreadcrumbList\",\"@id\":\"https:\\\/\\\/magnetarmagnets.com\\\/cs\\\/zasady-vraceni-zbozi\\\/#breadcrumb\",\"itemListElement\":[{\"@type\":\"ListItem\",\"position\":1,\"name\":\"Home\",\"item\":\"https:\\\/\\\/magnetarmagnets.com\\\/cs\\\/\"},{\"@type\":\"ListItem\",\"position\":2,\"name\":\"Z\u00e1sady vr\u00e1cen\u00ed zbo\u017e\u00ed\"}]},{\"@type\":\"WebSite\",\"@id\":\"https:\\\/\\\/magnetarmagnets.com\\\/cs\\\/#website\",\"url\":\"https:\\\/\\\/magnetarmagnets.com\\\/cs\\\/\",\"name\":\"Magnet fishing with a Magnetar fishing magnet\",\"description\":\"Siln\u00e9 magnety na magnet fishing\",\"publisher\":{\"@id\":\"https:\\\/\\\/magnetarmagnets.com\\\/cs\\\/#organization\"},\"potentialAction\":[{\"@type\":\"SearchAction\",\"target\":{\"@type\":\"EntryPoint\",\"urlTemplate\":\"https:\\\/\\\/magnetarmagnets.com\\\/cs\\\/?s={search_term_string}\"},\"query-input\":{\"@type\":\"PropertyValueSpecification\",\"valueRequired\":true,\"valueName\":\"search_term_string\"}}],\"inLanguage\":\"cs\"},{\"@type\":\"Organization\",\"@id\":\"https:\\\/\\\/magnetarmagnets.com\\\/cs\\\/#organization\",\"name\":\"Magnetar\",\"url\":\"https:\\\/\\\/magnetarmagnets.com\\\/cs\\\/\",\"logo\":{\"@type\":\"ImageObject\",\"inLanguage\":\"cs\",\"@id\":\"https:\\\/\\\/magnetarmagnets.com\\\/cs\\\/#\\\/schema\\\/logo\\\/image\\\/\",\"url\":\"https:\\\/\\\/magnetarmagnets.com\\\/wp-content\\\/uploads\\\/2025\\\/05\\\/Logo-03_PNG-Black-scaled.png\",\"contentUrl\":\"https:\\\/\\\/magnetarmagnets.com\\\/wp-content\\\/uploads\\\/2025\\\/05\\\/Logo-03_PNG-Black-scaled.png\",\"width\":2560,\"height\":1658,\"caption\":\"Magnetar\"},\"image\":{\"@id\":\"https:\\\/\\\/magnetarmagnets.com\\\/cs\\\/#\\\/schema\\\/logo\\\/image\\\/\"},\"sameAs\":[\"https:\\\/\\\/www.facebook.com\\\/fishingmagnets\\\/\",\"https:\\\/\\\/www.instagram.com\\\/magnetar_magnets\\\/\",\"https:\\\/\\\/www.linkedin.com\\\/company\\\/magnetarbv\\\/?originalSubdomain=nl\",\"https:\\\/\\\/www.youtube.com\\\/c\\\/MagnetarVismagneet\"]}]}<\/script>\n<!-- \/ Yoast SEO plugin. -->","yoast_head_json":{"title":"Z\u00e1sady vr\u00e1cen\u00ed zbo\u017e\u00ed - Magnet fishing with a Magnetar fishing magnet","robots":{"index":"noindex","follow":"nofollow"},"og_locale":"cs_CZ","og_type":"article","og_title":"Z\u00e1sady vr\u00e1cen\u00ed zbo\u017e\u00ed - Magnet fishing with a Magnetar fishing magnet","og_description":"Objednali jste si produkt, ale nesplnil va\u0161e o\u010dek\u00e1v\u00e1n\u00ed? Nab\u00edz\u00edme mo\u017enost vr\u00e1tit produkty do 30 dn\u016f od jejich doru\u010den\u00ed, a to bez ud\u00e1n\u00ed d\u016fvodu. Jedinou d\u016fle\u017eitou podm\u00ednkou je, \u017ee produkt nesm\u00ed b\u00fdt pou\u017eit\u00fd. Spole\u010dnost Magnetar v\u00e1s \u017e\u00e1d\u00e1, abyste ke vracen\u00e9mu zbo\u017e\u00ed p\u0159ilo\u017eili (kopii) potvrzen\u00ed objedn\u00e1vky. Pokud jsou v\u0161echny podm\u00ednky spln\u011bny, bude v\u00e1m cel\u00e1 \u010d\u00e1stka vr\u00e1cena zp\u011bt [&hellip;]","og_url":"https:\/\/magnetarmagnets.com\/cs\/zasady-vraceni-zbozi\/","og_site_name":"Magnet fishing with a Magnetar fishing magnet","article_publisher":"https:\/\/www.facebook.com\/fishingmagnets\/","article_modified_time":"2025-07-08T14:38:16+00:00","og_image":[{"width":2560,"height":1658,"url":"https:\/\/magnetarmagnets.com\/wp-content\/uploads\/2025\/05\/Logo-03_PNG-Black-scaled.png","type":"image\/png"}],"twitter_card":"summary_large_image","twitter_misc":{"Odhadovan\u00e1 doba \u010dten\u00ed":"3 minuty"},"schema":{"@context":"https:\/\/schema.org","@graph":[{"@type":"WebPage","@id":"https:\/\/magnetarmagnets.com\/cs\/zasady-vraceni-zbozi\/","url":"https:\/\/magnetarmagnets.com\/cs\/zasady-vraceni-zbozi\/","name":"Z\u00e1sady vr\u00e1cen\u00ed zbo\u017e\u00ed - Magnet fishing with a Magnetar fishing magnet","isPartOf":{"@id":"https:\/\/magnetarmagnets.com\/cs\/#website"},"datePublished":"2014-04-08T06:07:37+00:00","dateModified":"2025-07-08T14:38:16+00:00","breadcrumb":{"@id":"https:\/\/magnetarmagnets.com\/cs\/zasady-vraceni-zbozi\/#breadcrumb"},"inLanguage":"cs","potentialAction":[{"@type":"ReadAction","target":["https:\/\/magnetarmagnets.com\/cs\/zasady-vraceni-zbozi\/"]}]},{"@type":"BreadcrumbList","@id":"https:\/\/magnetarmagnets.com\/cs\/zasady-vraceni-zbozi\/#breadcrumb","itemListElement":[{"@type":"ListItem","position":1,"name":"Home","item":"https:\/\/magnetarmagnets.com\/cs\/"},{"@type":"ListItem","position":2,"name":"Z\u00e1sady vr\u00e1cen\u00ed zbo\u017e\u00ed"}]},{"@type":"WebSite","@id":"https:\/\/magnetarmagnets.com\/cs\/#website","url":"https:\/\/magnetarmagnets.com\/cs\/","name":"Magnet fishing with a Magnetar fishing magnet","description":"Siln\u00e9 magnety na magnet fishing","publisher":{"@id":"https:\/\/magnetarmagnets.com\/cs\/#organization"},"potentialAction":[{"@type":"SearchAction","target":{"@type":"EntryPoint","urlTemplate":"https:\/\/magnetarmagnets.com\/cs\/?s={search_term_string}"},"query-input":{"@type":"PropertyValueSpecification","valueRequired":true,"valueName":"search_term_string"}}],"inLanguage":"cs"},{"@type":"Organization","@id":"https:\/\/magnetarmagnets.com\/cs\/#organization","name":"Magnetar","url":"https:\/\/magnetarmagnets.com\/cs\/","logo":{"@type":"ImageObject","inLanguage":"cs","@id":"https:\/\/magnetarmagnets.com\/cs\/#\/schema\/logo\/image\/","url":"https:\/\/magnetarmagnets.com\/wp-content\/uploads\/2025\/05\/Logo-03_PNG-Black-scaled.png","contentUrl":"https:\/\/magnetarmagnets.com\/wp-content\/uploads\/2025\/05\/Logo-03_PNG-Black-scaled.png","width":2560,"height":1658,"caption":"Magnetar"},"image":{"@id":"https:\/\/magnetarmagnets.com\/cs\/#\/schema\/logo\/image\/"},"sameAs":["https:\/\/www.facebook.com\/fishingmagnets\/","https:\/\/www.instagram.com\/magnetar_magnets\/","https:\/\/www.linkedin.com\/company\/magnetarbv\/?originalSubdomain=nl","https:\/\/www.youtube.com\/c\/MagnetarVismagneet"]}]}},"_links":{"self":[{"href":"https:\/\/magnetarmagnets.com\/cs\/wp-json\/wp\/v2\/pages\/82102","targetHints":{"allow":["GET"]}}],"collection":[{"href":"https:\/\/magnetarmagnets.com\/cs\/wp-json\/wp\/v2\/pages"}],"about":[{"href":"https:\/\/magnetarmagnets.com\/cs\/wp-json\/wp\/v2\/types\/page"}],"author":[{"embeddable":true,"href":"https:\/\/magnetarmagnets.com\/cs\/wp-json\/wp\/v2\/users\/1"}],"replies":[{"embeddable":true,"href":"https:\/\/magnetarmagnets.com\/cs\/wp-json\/wp\/v2\/comments?post=82102"}],"version-history":[{"count":0,"href":"https:\/\/magnetarmagnets.com\/cs\/wp-json\/wp\/v2\/pages\/82102\/revisions"}],"wp:attachment":[{"href":"https:\/\/magnetarmagnets.com\/cs\/wp-json\/wp\/v2\/media?parent=82102"}],"curies":[{"name":"wp","href":"https:\/\/api.w.org\/{rel}","templated":true}]}}