{"id":81539,"date":"2018-02-15T19:59:07","date_gmt":"2018-02-15T18:59:07","guid":{"rendered":"https:\/\/magnetarmagnets.com\/o-nas\/"},"modified":"2025-07-07T10:00:09","modified_gmt":"2025-07-07T08:00:09","slug":"o-nas","status":"publish","type":"page","link":"https:\/\/magnetarmagnets.com\/cs\/o-nas\/","title":{"rendered":"O n\u00e1s"},"content":{"rendered":"\n<p>Ji\u017e v\u00edce ne\u017e 10 let na\u0161e rodinn\u00e1 firma prod\u00e1v\u00e1 ryb\u00e1\u0159sk\u00e9 magnety lidem, kte\u0159\u00ed miluj\u00ed tuto z\u00e1libu stejn\u011b jako my. <\/p>\n<div class=\"wp-block-image\">\n<figure class=\"aligncenter size-large\"><img fetchpriority=\"high\" decoding=\"async\" width=\"1024\" height=\"576\" src=\"https:\/\/magnetarmagnets.com\/wp-content\/uploads\/2023\/10\/magnetar-team-1024x576.jpg\" alt=\"\" class=\"wp-image-58869\" srcset=\"https:\/\/magnetarmagnets.com\/wp-content\/uploads\/2023\/10\/magnetar-team-1024x576.jpg 1024w, https:\/\/magnetarmagnets.com\/wp-content\/uploads\/2023\/10\/magnetar-team-300x169.jpg 300w, https:\/\/magnetarmagnets.com\/wp-content\/uploads\/2023\/10\/magnetar-team-768x432.jpg 768w, https:\/\/magnetarmagnets.com\/wp-content\/uploads\/2023\/10\/magnetar-team-800x450.jpg 800w, https:\/\/magnetarmagnets.com\/wp-content\/uploads\/2023\/10\/magnetar-team.jpg 1280w\" sizes=\"(max-width: 1024px) 100vw, 1024px\" \/><\/figure>\n<\/div>\n<p>N\u00e1\u0161 zakladatel Reinout Volkers si zamiloval magnety na ryba\u0159en\u00ed ji\u017e ve sv\u00fdch 16 letech. B\u011bhem studia oboru Small Business &amp; Retail Management zalo\u017eil Magnetar v k\u016fln\u011b sv\u00fdch rodi\u010d\u016f se snem prom\u011bnit svou v\u00e1\u0161e\u0148 v profesi. Nab\u00edzen\u00edm nejlep\u0161\u00edch a nej\u00fa\u010dinn\u011bj\u0161\u00edch produkt\u016f pro lovce s magnety prodal jeho podnik v\u00edce ne\u017e 20 000 magnet\u016f ve v\u00edce ne\u017e 50 zem\u00edch sv\u011bta prost\u0159ednictv\u00edm m\u00edstn\u00edch prodejc\u016f. Magnetar je p\u0159edn\u00edm dodavatelem magnet\u016f na ryba\u0159en\u00ed v Evrop\u011b a nyn\u00ed zas\u00edl\u00e1 i do Severn\u00ed Ameriky!    <\/p>\n\n<p>V\u00edme, \u017ee doprava m\u016f\u017ee p\u0159in\u00e9st neo\u010dek\u00e1van\u00e9 n\u00e1klady. Nab\u00edz\u00edme dopravu zdarma do vybran\u00fdch zem\u00ed a 30denn\u00ed lh\u016ftu na vr\u00e1cen\u00ed zbo\u017e\u00ed pro v\u0161echny na\u0161e z\u00e1kazn\u00edky. A\u0165 u\u017e m\u00e1te ot\u00e1zku ohledn\u011b na\u0161ich produkt\u016f, slu\u017eeb nebo doru\u010den\u00ed, v\u017edy v\u00e1m r\u00e1di pom\u016f\u017eeme! Pro v\u00edce informac\u00ed nebo pokud se s n\u00e1mi chcete pod\u011blit o sv\u00e9 n\u00e1lezy, kontaktujte n\u00e1s na info@magnetarmagnets.com.   <\/p>\n\n<h2 class=\"wp-block-heading\">N\u00e1\u0161 t\u00fdm<\/h2>\n\n<p>Magnetar vznikl s c\u00edlem poskytovat v\u00e1\u0161niv\u00fdm magnetick\u00fdm ryb\u00e1\u0159\u016fm nejkvalitn\u011bj\u0161\u00ed ryb\u00e1\u0159sk\u00e9 magnety, p\u0159\u00edslu\u0161enstv\u00ed a slu\u017eby. Chceme, abyste s na\u0161imi produkty m\u011bli ten nejlep\u0161\u00ed z\u00e1\u017eitek, a proto jsme roky inovovali, navrhovali a vyr\u00e1b\u011bli v\u00fdkonn\u00e9, siln\u00e9 360\u00b0 neodymov\u00e9 magnety. Jsme v\u00e1\u0161niv\u00fd a oddan\u00fd t\u00fdm p\u011bti lid\u00ed, kte\u0159\u00ed miluj\u00ed magnet fishing \u2013 a douf\u00e1me, \u017ee Reinout a Anneliesin novorozenec Jurre tak\u00e9! T\u011b\u0161\u00edme se na zpr\u00e1vy od na\u0161ich z\u00e1kazn\u00edk\u016f o tom, co na\u0161li pomoc\u00ed magnet\u016f Magnetar.   <\/p>\n\n<div id=\"text-image-block_fedb3029ece0f6c67c2d7dd02c069fbd\" class=\"block text-image\">\n\t\t\n\n\t<section class=\"text_image align_left bgr_nobgr\" >\n\t\t<div class=\"container-fluid\">\n\t\t\t<div class=\"row\">\n\t\t\t\t<div class=\"col-md-6 col_content\">\n\t\t\t\t\t\t\t\t\t\t\t<div class=\"small_top_title\">\n\t\t\t\t\t\t\tMaurice\t\t\t\t\t\t<\/div>\n\t\t\t\t\t\t\t\t\t\t\t\t\t\t\t\t\t\t\t\t\t<div class=\"text\" style=\"color:#000000\">\n\t\t\t\t\t\t\t<p style=\"text-align: left\">Zkontroluji a zabal\u00edm va\u0161i objedn\u00e1vku. D\u00edky tomu obdr\u017e\u00edte p\u0159esn\u011b to, co jste si objednali \u2013 a to v\u010das. V z\u00e1kulis\u00ed jsem v\u017edy p\u0159ipraven pomoci z\u00e1kazn\u00edk\u016fm a d\u011bl\u00e1m to s velkou hrdost\u00ed! Uvid\u00edm brzy i va\u0161i objedn\u00e1vku?   <\/p>\n\t\t\t\t\t\t<\/div>\n\t\t\t\t\t\t\n\t\t\t\t\t\t\t\t\t\n\t\t\t\t<\/div>\n\t\t\t\t\t\t\t\t\t\t\t\t\t\t\t<div class=\"col-md-6 col_image image_not_bgr\" >\n\t\t\t\t\t\t\t<div class=\"text_image_wrap\">\t\t\t\t\t\t\n\t\t\t\t\t\t\t\t<img decoding=\"async\" src=\"https:\/\/magnetarmagnets.com\/wp-content\/uploads\/2023\/10\/magnetar-team-maurice.jpg\" alt=\"\" \/>\n\t\t\t\t\t\t\t<\/div>\n\t\t\t\t\t\t<\/div>\n\t\t\t\t\t\t\t\t\t\t\t\t<\/div>\n\t\t<\/div>\n\t<\/section>\n<\/div>\n<div id=\"text-image-block_5637daa6d931e28d4eaa17a4715d576b\" class=\"block text-image\">\n\t\t\n\n\t<section class=\"text_image align_right bgr_nobgr\" >\n\t\t<div class=\"container-fluid\">\n\t\t\t<div class=\"row\">\n\t\t\t\t<div class=\"col-md-6 col_content\">\n\t\t\t\t\t\t\t\t\t\t\t<div class=\"small_top_title\">\n\t\t\t\t\t\t\tDennis\t\t\t\t\t\t<\/div>\n\t\t\t\t\t\t\t\t\t\t\t\t\t\t\t\t\t\t\t\t\t<div class=\"text\" style=\"color:#000000\">\n\t\t\t\t\t\t\t<p style=\"text-align: left\">Magnetar prod\u00e1v\u00e1 produkty po cel\u00e9m sv\u011bt\u011b a j\u00e1 se konkr\u00e9tn\u011b zam\u011b\u0159uji na Spojen\u00e9 st\u00e1ty a Kanadu. M\u00e1te z\u00e1jem propagovat Magnetar jako profesion\u00e1l v USA? Kontaktujte m\u011b a probereme mo\u017enosti! Napi\u0161te mi na e-mail: <a href=\"mailto:dennis@magnetarmagnets.com\" target=\"_new\">dennis@magnetarmagnets.com<\/a>.  <\/p>\n\t\t\t\t\t\t<\/div>\n\t\t\t\t\t\t\n\t\t\t\t\t\t\t\t\t\n\t\t\t\t<\/div>\n\t\t\t\t\t\t\t\t\t\t\t\t\t\t\t<div class=\"col-md-6 col_image image_not_bgr\" >\n\t\t\t\t\t\t\t<div class=\"text_image_wrap\">\t\t\t\t\t\t\n\t\t\t\t\t\t\t\t<img decoding=\"async\" src=\"https:\/\/magnetarmagnets.com\/wp-content\/uploads\/2023\/10\/magnetar-team-dennis.jpg\" alt=\"\" \/>\n\t\t\t\t\t\t\t<\/div>\n\t\t\t\t\t\t<\/div>\n\t\t\t\t\t\t\t\t\t\t\t\t<\/div>\n\t\t<\/div>\n\t<\/section>\n<\/div>\n<div id=\"text-image-block_7a053fd721432d1a334147d4c98bf52d\" class=\"block text-image\">\n\t\t\n\n\t<section class=\"text_image align_left bgr_nobgr\" >\n\t\t<div class=\"container-fluid\">\n\t\t\t<div class=\"row\">\n\t\t\t\t<div class=\"col-md-6 col_content\">\n\t\t\t\t\t\t\t\t\t\t\t<div class=\"small_top_title\">\n\t\t\t\t\t\t\tAnnelies\t\t\t\t\t\t<\/div>\n\t\t\t\t\t\t\t\t\t\t\t\t\t\t\t\t\t\t\t\t\t<div class=\"text\" style=\"color:#000000\">\n\t\t\t\t\t\t\t<p>U\u017e n\u011bkolik let p\u016fsob\u00edm v r\u00e1mci Magnetar. Pokud v\u00e1m doraz\u00ed informa\u010dn\u00ed e-mail nebo uvid\u00edte zaj\u00edmav\u00fd p\u0159\u00edsp\u011bvek na soci\u00e1ln\u00edch s\u00edt\u00edch \u2013 jsem t\u00edm, kdo za t\u00edm stoj\u00ed. Ulovili jste sami n\u011bjak\u00fd zaj\u00edmav\u00fd poklad? Dejte mi v\u011bd\u011bt a napi\u0161te na <a href=\"mailto:info@magnetar.com\" target=\"_new\">info@magnetarmagnets.com<\/a>.   <\/p>\n\t\t\t\t\t\t<\/div>\n\t\t\t\t\t\t\n\t\t\t\t\t\t\t\t\t\n\t\t\t\t<\/div>\n\t\t\t\t\t\t\t\t\t\t\t\t\t\t\t<div class=\"col-md-6 col_image image_not_bgr\" >\n\t\t\t\t\t\t\t<div class=\"text_image_wrap\">\t\t\t\t\t\t\n\t\t\t\t\t\t\t\t<img decoding=\"async\" src=\"https:\/\/magnetarmagnets.com\/wp-content\/uploads\/2023\/10\/magnetar-team-annelies.jpg\" alt=\"\" \/>\n\t\t\t\t\t\t\t<\/div>\n\t\t\t\t\t\t<\/div>\n\t\t\t\t\t\t\t\t\t\t\t\t<\/div>\n\t\t<\/div>\n\t<\/section>\n<\/div>\n<div id=\"text-image-block_a7bd44652d90e98c492752caaddf427a\" class=\"block text-image\">\n\t\t\n\n\t<section class=\"text_image align_right bgr_nobgr\" >\n\t\t<div class=\"container-fluid\">\n\t\t\t<div class=\"row\">\n\t\t\t\t<div class=\"col-md-6 col_content\">\n\t\t\t\t\t\t\t\t\t\t\t<div class=\"small_top_title\">\n\t\t\t\t\t\t\tReinout\t\t\t\t\t\t<\/div>\n\t\t\t\t\t\t\t\t\t\t\t\t\t\t\t\t\t\t\t\t\t<div class=\"text\" style=\"color:#000000\">\n\t\t\t\t\t\t\t<p>S hrdost\u00ed jsem p\u0159ed n\u011bkolika lety zalo\u017eil Magnetar. Dodnes se ka\u017ed\u00e9 r\u00e1no s radost\u00ed probouz\u00edm, abych v\u00e1m mohl nab\u00eddnout ty nejlep\u0161\u00ed ryb\u00e1\u0159sk\u00e9 magnety a p\u0159\u00edslu\u0161enstv\u00ed. M\u00e1m v\u00e1\u0161e\u0148 pro hobby zvan\u00e9 magnet fishing \u2013 a tak\u00e9 pro v\u0161echny na\u0161e z\u00e1kazn\u00edky! M\u00e1te pro m\u011b ot\u00e1zku nebo z\u00e1jem o spolupr\u00e1ci? Po\u0161lete mi e-mail na <a href=\"reinout@magnetarmagnets.com\" target=\"_new\">reinout@magnetarmagnets.com<\/a>.    <\/p>\n\t\t\t\t\t\t<\/div>\n\t\t\t\t\t\t\n\t\t\t\t\t\t\t\t\t\n\t\t\t\t<\/div>\n\t\t\t\t\t\t\t\t\t\t\t\t\t\t\t<div class=\"col-md-6 col_image image_not_bgr\" >\n\t\t\t\t\t\t\t<div class=\"text_image_wrap\">\t\t\t\t\t\t\n\t\t\t\t\t\t\t\t<img decoding=\"async\" src=\"https:\/\/magnetarmagnets.com\/wp-content\/uploads\/2023\/10\/magnetar-team-reinout.jpg\" alt=\"\" \/>\n\t\t\t\t\t\t\t<\/div>\n\t\t\t\t\t\t<\/div>\n\t\t\t\t\t\t\t\t\t\t\t\t<\/div>\n\t\t<\/div>\n\t<\/section>\n<\/div>\n<p><\/p>\n\n<p>M\u00e1te dotazy ohledn\u011b magnetick\u00e9ho ryba\u0159en\u00ed nebo va\u0161\u00ed objedn\u00e1vky? N\u00e1\u0161 kolega Peter je zde, aby v\u00e1m pomohl! Napi\u0161te n\u00e1m na <a href=\"mailto:info@magnetarmagnets.com\">info@magnetarmagnets.com<\/a> a on v\u00e1m co nejd\u0159\u00edve odpov\u00ed.  <\/p>\n\n<h2 class=\"wp-block-heading\">Na\u0161i z\u00e1kazn\u00edci<\/h2>\n\n<figure class=\"wp-block-pullquote\"><blockquote><p>Marc (36): \u201eNejd\u0159\u00edve jsem kupoval levn\u011bj\u0161\u00ed magnety jinde. Pozd\u011bji jsem si po\u0159\u00eddil magnet od Magnetaru\u2026 jak\u00fd rozd\u00edl! Tolik v\u00edce \u00falovk\u016f! Magnet jsem si u\u017e n\u011bkolikr\u00e1t vyd\u011blal zp\u011bt d\u00edky star\u00e9mu \u017eelezu a speci\u00e1ln\u00edm n\u00e1lez\u016fm. \u00da\u017easn\u00e1 kvalita!\u201c    <\/p><\/blockquote><\/figure>\n\n<figure class=\"wp-block-pullquote\"><blockquote><p>Fred: \u201eSkv\u011bl\u00e9 produkty, rychl\u00e9 dod\u00e1n\u00ed a \u0161pi\u010dkov\u00fd servis! \u0158\u00edk\u00e1m to takhle: bez kvalitn\u00edho vybaven\u00ed nic neud\u011bl\u00e1te!\u201c<\/p><\/blockquote><\/figure>\n\n<figure class=\"wp-block-pullquote\"><blockquote><p>Gerard: \u201eSkv\u011bl\u00fd servis! Perfektn\u00ed pomoc a jasn\u00e9 vysv\u011btlen\u00ed! N\u011bkdo, kdo bere svou pr\u00e1ci\/hobby opravdu v\u00e1\u017en\u011b. Ur\u010dit\u011b se vr\u00e1t\u00edme!\u201c<\/p><\/blockquote><\/figure>\n","protected":false},"excerpt":{"rendered":"<p>Ji\u017e v\u00edce ne\u017e 10 let na\u0161e rodinn\u00e1 firma prod\u00e1v\u00e1 ryb\u00e1\u0159sk\u00e9 magnety lidem, kte\u0159\u00ed miluj\u00ed tuto z\u00e1libu stejn\u011b jako my. N\u00e1\u0161 zakladatel Reinout Volkers si zamiloval magnety na ryba\u0159en\u00ed ji\u017e ve sv\u00fdch 16 letech. B\u011bhem studia oboru Small Business &amp; Retail Management zalo\u017eil Magnetar v k\u016fln\u011b sv\u00fdch rodi\u010d\u016f se snem prom\u011bnit svou v\u00e1\u0161e\u0148 v profesi. Nab\u00edzen\u00edm [&hellip;]<\/p>\n","protected":false},"author":1,"featured_media":0,"parent":0,"menu_order":0,"comment_status":"open","ping_status":"open","template":"","meta":{"_acf_changed":false,"inline_featured_image":false,"footnotes":""},"class_list":["post-81539","page","type-page","status-publish","hentry"],"acf":[],"yoast_head":"<!-- This site is optimized with the Yoast SEO plugin v27.4 - https:\/\/yoast.com\/product\/yoast-seo-wordpress\/ -->\n<title>O n\u00e1s | Rodina Magnetar<\/title>\n<meta name=\"robots\" content=\"index, follow, max-snippet:-1, max-image-preview:large, max-video-preview:-1\" \/>\n<link rel=\"canonical\" href=\"https:\/\/magnetarmagnets.com\/cs\/o-nas\/\" \/>\n<meta property=\"og:locale\" content=\"cs_CZ\" \/>\n<meta property=\"og:type\" content=\"article\" \/>\n<meta property=\"og:title\" content=\"O n\u00e1s | Rodina Magnetar\" \/>\n<meta property=\"og:description\" content=\"Ji\u017e v\u00edce ne\u017e 10 let na\u0161e rodinn\u00e1 firma prod\u00e1v\u00e1 ryb\u00e1\u0159sk\u00e9 magnety lidem, kte\u0159\u00ed miluj\u00ed tuto z\u00e1libu stejn\u011b jako my. N\u00e1\u0161 zakladatel Reinout Volkers si zamiloval magnety na ryba\u0159en\u00ed ji\u017e ve sv\u00fdch 16 letech. B\u011bhem studia oboru Small Business &amp; Retail Management zalo\u017eil Magnetar v k\u016fln\u011b sv\u00fdch rodi\u010d\u016f se snem prom\u011bnit svou v\u00e1\u0161e\u0148 v profesi. Nab\u00edzen\u00edm [&hellip;]\" \/>\n<meta property=\"og:url\" content=\"https:\/\/magnetarmagnets.com\/cs\/o-nas\/\" \/>\n<meta property=\"og:site_name\" content=\"Magnet fishing with a Magnetar fishing magnet\" \/>\n<meta property=\"article:publisher\" content=\"https:\/\/www.facebook.com\/fishingmagnets\/\" \/>\n<meta property=\"article:modified_time\" content=\"2025-07-07T08:00:09+00:00\" \/>\n<meta property=\"og:image\" content=\"https:\/\/magnetarmagnets.com\/wp-content\/uploads\/2023\/10\/magnetar-team.jpg\" \/>\n\t<meta property=\"og:image:width\" content=\"1280\" \/>\n\t<meta property=\"og:image:height\" content=\"720\" \/>\n\t<meta property=\"og:image:type\" content=\"image\/jpeg\" \/>\n<meta name=\"twitter:card\" content=\"summary_large_image\" \/>\n<meta name=\"twitter:label1\" content=\"Odhadovan\u00e1 doba \u010dten\u00ed\" \/>\n\t<meta name=\"twitter:data1\" content=\"2 minuty\" \/>\n<script type=\"application\/ld+json\" class=\"yoast-schema-graph\">{\"@context\":\"https:\\\/\\\/schema.org\",\"@graph\":[{\"@type\":\"WebPage\",\"@id\":\"https:\\\/\\\/magnetarmagnets.com\\\/cs\\\/o-nas\\\/\",\"url\":\"https:\\\/\\\/magnetarmagnets.com\\\/cs\\\/o-nas\\\/\",\"name\":\"O n\u00e1s | Rodina Magnetar\",\"isPartOf\":{\"@id\":\"https:\\\/\\\/magnetarmagnets.com\\\/cs\\\/#website\"},\"primaryImageOfPage\":{\"@id\":\"https:\\\/\\\/magnetarmagnets.com\\\/cs\\\/o-nas\\\/#primaryimage\"},\"image\":{\"@id\":\"https:\\\/\\\/magnetarmagnets.com\\\/cs\\\/o-nas\\\/#primaryimage\"},\"thumbnailUrl\":\"https:\\\/\\\/magnetarmagnets.com\\\/wp-content\\\/uploads\\\/2023\\\/10\\\/magnetar-team-1024x576.jpg\",\"datePublished\":\"2018-02-15T18:59:07+00:00\",\"dateModified\":\"2025-07-07T08:00:09+00:00\",\"breadcrumb\":{\"@id\":\"https:\\\/\\\/magnetarmagnets.com\\\/cs\\\/o-nas\\\/#breadcrumb\"},\"inLanguage\":\"cs\",\"potentialAction\":[{\"@type\":\"ReadAction\",\"target\":[\"https:\\\/\\\/magnetarmagnets.com\\\/cs\\\/o-nas\\\/\"]}]},{\"@type\":\"ImageObject\",\"inLanguage\":\"cs\",\"@id\":\"https:\\\/\\\/magnetarmagnets.com\\\/cs\\\/o-nas\\\/#primaryimage\",\"url\":\"https:\\\/\\\/magnetarmagnets.com\\\/wp-content\\\/uploads\\\/2023\\\/10\\\/magnetar-team-1024x576.jpg\",\"contentUrl\":\"https:\\\/\\\/magnetarmagnets.com\\\/wp-content\\\/uploads\\\/2023\\\/10\\\/magnetar-team-1024x576.jpg\"},{\"@type\":\"BreadcrumbList\",\"@id\":\"https:\\\/\\\/magnetarmagnets.com\\\/cs\\\/o-nas\\\/#breadcrumb\",\"itemListElement\":[{\"@type\":\"ListItem\",\"position\":1,\"name\":\"Home\",\"item\":\"https:\\\/\\\/magnetarmagnets.com\\\/cs\\\/\"},{\"@type\":\"ListItem\",\"position\":2,\"name\":\"O n\u00e1s\"}]},{\"@type\":\"WebSite\",\"@id\":\"https:\\\/\\\/magnetarmagnets.com\\\/cs\\\/#website\",\"url\":\"https:\\\/\\\/magnetarmagnets.com\\\/cs\\\/\",\"name\":\"Magnet fishing with a Magnetar fishing magnet\",\"description\":\"Siln\u00e9 magnety na magnet fishing\",\"publisher\":{\"@id\":\"https:\\\/\\\/magnetarmagnets.com\\\/cs\\\/#organization\"},\"potentialAction\":[{\"@type\":\"SearchAction\",\"target\":{\"@type\":\"EntryPoint\",\"urlTemplate\":\"https:\\\/\\\/magnetarmagnets.com\\\/cs\\\/?s={search_term_string}\"},\"query-input\":{\"@type\":\"PropertyValueSpecification\",\"valueRequired\":true,\"valueName\":\"search_term_string\"}}],\"inLanguage\":\"cs\"},{\"@type\":\"Organization\",\"@id\":\"https:\\\/\\\/magnetarmagnets.com\\\/cs\\\/#organization\",\"name\":\"Magnetar\",\"url\":\"https:\\\/\\\/magnetarmagnets.com\\\/cs\\\/\",\"logo\":{\"@type\":\"ImageObject\",\"inLanguage\":\"cs\",\"@id\":\"https:\\\/\\\/magnetarmagnets.com\\\/cs\\\/#\\\/schema\\\/logo\\\/image\\\/\",\"url\":\"https:\\\/\\\/magnetarmagnets.com\\\/wp-content\\\/uploads\\\/2025\\\/05\\\/Logo-03_PNG-Black-scaled.png\",\"contentUrl\":\"https:\\\/\\\/magnetarmagnets.com\\\/wp-content\\\/uploads\\\/2025\\\/05\\\/Logo-03_PNG-Black-scaled.png\",\"width\":2560,\"height\":1658,\"caption\":\"Magnetar\"},\"image\":{\"@id\":\"https:\\\/\\\/magnetarmagnets.com\\\/cs\\\/#\\\/schema\\\/logo\\\/image\\\/\"},\"sameAs\":[\"https:\\\/\\\/www.facebook.com\\\/fishingmagnets\\\/\",\"https:\\\/\\\/www.instagram.com\\\/magnetar_magnets\\\/\",\"https:\\\/\\\/www.linkedin.com\\\/company\\\/magnetarbv\\\/?originalSubdomain=nl\",\"https:\\\/\\\/www.youtube.com\\\/c\\\/MagnetarVismagneet\"]}]}<\/script>\n<!-- \/ Yoast SEO plugin. -->","yoast_head_json":{"title":"O n\u00e1s | Rodina Magnetar","robots":{"index":"index","follow":"follow","max-snippet":"max-snippet:-1","max-image-preview":"max-image-preview:large","max-video-preview":"max-video-preview:-1"},"canonical":"https:\/\/magnetarmagnets.com\/cs\/o-nas\/","og_locale":"cs_CZ","og_type":"article","og_title":"O n\u00e1s | Rodina Magnetar","og_description":"Ji\u017e v\u00edce ne\u017e 10 let na\u0161e rodinn\u00e1 firma prod\u00e1v\u00e1 ryb\u00e1\u0159sk\u00e9 magnety lidem, kte\u0159\u00ed miluj\u00ed tuto z\u00e1libu stejn\u011b jako my. N\u00e1\u0161 zakladatel Reinout Volkers si zamiloval magnety na ryba\u0159en\u00ed ji\u017e ve sv\u00fdch 16 letech. B\u011bhem studia oboru Small Business &amp; Retail Management zalo\u017eil Magnetar v k\u016fln\u011b sv\u00fdch rodi\u010d\u016f se snem prom\u011bnit svou v\u00e1\u0161e\u0148 v profesi. Nab\u00edzen\u00edm [&hellip;]","og_url":"https:\/\/magnetarmagnets.com\/cs\/o-nas\/","og_site_name":"Magnet fishing with a Magnetar fishing magnet","article_publisher":"https:\/\/www.facebook.com\/fishingmagnets\/","article_modified_time":"2025-07-07T08:00:09+00:00","og_image":[{"width":1280,"height":720,"url":"https:\/\/magnetarmagnets.com\/wp-content\/uploads\/2023\/10\/magnetar-team.jpg","type":"image\/jpeg"}],"twitter_card":"summary_large_image","twitter_misc":{"Odhadovan\u00e1 doba \u010dten\u00ed":"2 minuty"},"schema":{"@context":"https:\/\/schema.org","@graph":[{"@type":"WebPage","@id":"https:\/\/magnetarmagnets.com\/cs\/o-nas\/","url":"https:\/\/magnetarmagnets.com\/cs\/o-nas\/","name":"O n\u00e1s | Rodina Magnetar","isPartOf":{"@id":"https:\/\/magnetarmagnets.com\/cs\/#website"},"primaryImageOfPage":{"@id":"https:\/\/magnetarmagnets.com\/cs\/o-nas\/#primaryimage"},"image":{"@id":"https:\/\/magnetarmagnets.com\/cs\/o-nas\/#primaryimage"},"thumbnailUrl":"https:\/\/magnetarmagnets.com\/wp-content\/uploads\/2023\/10\/magnetar-team-1024x576.jpg","datePublished":"2018-02-15T18:59:07+00:00","dateModified":"2025-07-07T08:00:09+00:00","breadcrumb":{"@id":"https:\/\/magnetarmagnets.com\/cs\/o-nas\/#breadcrumb"},"inLanguage":"cs","potentialAction":[{"@type":"ReadAction","target":["https:\/\/magnetarmagnets.com\/cs\/o-nas\/"]}]},{"@type":"ImageObject","inLanguage":"cs","@id":"https:\/\/magnetarmagnets.com\/cs\/o-nas\/#primaryimage","url":"https:\/\/magnetarmagnets.com\/wp-content\/uploads\/2023\/10\/magnetar-team-1024x576.jpg","contentUrl":"https:\/\/magnetarmagnets.com\/wp-content\/uploads\/2023\/10\/magnetar-team-1024x576.jpg"},{"@type":"BreadcrumbList","@id":"https:\/\/magnetarmagnets.com\/cs\/o-nas\/#breadcrumb","itemListElement":[{"@type":"ListItem","position":1,"name":"Home","item":"https:\/\/magnetarmagnets.com\/cs\/"},{"@type":"ListItem","position":2,"name":"O n\u00e1s"}]},{"@type":"WebSite","@id":"https:\/\/magnetarmagnets.com\/cs\/#website","url":"https:\/\/magnetarmagnets.com\/cs\/","name":"Magnet fishing with a Magnetar fishing magnet","description":"Siln\u00e9 magnety na magnet fishing","publisher":{"@id":"https:\/\/magnetarmagnets.com\/cs\/#organization"},"potentialAction":[{"@type":"SearchAction","target":{"@type":"EntryPoint","urlTemplate":"https:\/\/magnetarmagnets.com\/cs\/?s={search_term_string}"},"query-input":{"@type":"PropertyValueSpecification","valueRequired":true,"valueName":"search_term_string"}}],"inLanguage":"cs"},{"@type":"Organization","@id":"https:\/\/magnetarmagnets.com\/cs\/#organization","name":"Magnetar","url":"https:\/\/magnetarmagnets.com\/cs\/","logo":{"@type":"ImageObject","inLanguage":"cs","@id":"https:\/\/magnetarmagnets.com\/cs\/#\/schema\/logo\/image\/","url":"https:\/\/magnetarmagnets.com\/wp-content\/uploads\/2025\/05\/Logo-03_PNG-Black-scaled.png","contentUrl":"https:\/\/magnetarmagnets.com\/wp-content\/uploads\/2025\/05\/Logo-03_PNG-Black-scaled.png","width":2560,"height":1658,"caption":"Magnetar"},"image":{"@id":"https:\/\/magnetarmagnets.com\/cs\/#\/schema\/logo\/image\/"},"sameAs":["https:\/\/www.facebook.com\/fishingmagnets\/","https:\/\/www.instagram.com\/magnetar_magnets\/","https:\/\/www.linkedin.com\/company\/magnetarbv\/?originalSubdomain=nl","https:\/\/www.youtube.com\/c\/MagnetarVismagneet"]}]}},"_links":{"self":[{"href":"https:\/\/magnetarmagnets.com\/cs\/wp-json\/wp\/v2\/pages\/81539","targetHints":{"allow":["GET"]}}],"collection":[{"href":"https:\/\/magnetarmagnets.com\/cs\/wp-json\/wp\/v2\/pages"}],"about":[{"href":"https:\/\/magnetarmagnets.com\/cs\/wp-json\/wp\/v2\/types\/page"}],"author":[{"embeddable":true,"href":"https:\/\/magnetarmagnets.com\/cs\/wp-json\/wp\/v2\/users\/1"}],"replies":[{"embeddable":true,"href":"https:\/\/magnetarmagnets.com\/cs\/wp-json\/wp\/v2\/comments?post=81539"}],"version-history":[{"count":0,"href":"https:\/\/magnetarmagnets.com\/cs\/wp-json\/wp\/v2\/pages\/81539\/revisions"}],"wp:attachment":[{"href":"https:\/\/magnetarmagnets.com\/cs\/wp-json\/wp\/v2\/media?parent=81539"}],"curies":[{"name":"wp","href":"https:\/\/api.w.org\/{rel}","templated":true}]}}